{"id":4920,"date":"2021-11-18T16:09:47","date_gmt":"2021-12-23T08:58:58","guid":{"rendered":"https:\/\/www.estilguru.com\/producto\/sistema-evolux-linear-coatable\/"},"modified":"2021-12-23T08:59:08","modified_gmt":"2021-12-23T08:59:08","slug":"sistema-evolux-linear-coatable","status":"publish","type":"product","link":"https:\/\/www.estilguru.com\/pt-pt\/producto\/sistema-evolux-linear-coatable\/","title":{"rendered":"O Sistema Linear Evolux integra"},"content":{"rendered":"<div class=\"_3cRjW\" data-hook=\"content-wrapper\">\n<p>O sistema de integra\u00e7\u00e3o linear EVOLUX \u00e9 a solu\u00e7\u00e3o de drenagem integrada com prote\u00e7\u00e3o imperme\u00e1vel para bandejas de duche de constru\u00e7\u00e3o.<\/p>\n<p>Proporciona seguran\u00e7a, facilidade na instala\u00e7\u00e3o e cuida de todos os detalhes.<\/p>\n<p>Fabricado com os melhores materiais e acabamentos, contribui para o design e qualidade da bandeja de duche. Os sistemas de drenagem linear integrados e revestidos com calhas, oferecem-nos a possibilidade de realizar chuveiros de trabalho com formatos de pavimento diferentes dos tradicionais, com quase nenhuma articula\u00e7\u00e3o e aproveitando ao m\u00e1ximo o espa\u00e7o para a melhor evacua\u00e7\u00e3o.<\/p>\n<p>Podem ser colocados largos ou todo o comprimento com uma \u00fanica cascata, no meio do chuveiro com duas gotas e muitas outras posi\u00e7\u00f5es. S\u00e3o instalados ligados \u00e0 parede utilizando o acess\u00f3rio SIDE PROFILE.<\/p>\n<ul>\n<li>Bandejas de duche com altura m\u00ednima, mesmo ao n\u00edvel do solo.<\/li>\n<li>M\u00faltiplas op\u00e7\u00f5es de configura\u00e7\u00e3o para a \u00e1rea do chuveiro.<\/li>\n<li>6 medidas de calhas lineares e 2 formatos de drenagem pontual.<\/li>\n<\/ul>\n<\/div>\n","protected":false},"excerpt":{"rendered":"<p>O sistema de drenagem linear integrado EVOLUX LINEAL INTEGRA \u00e9 a melhor solu\u00e7\u00e3o de drenagem integrada com prote\u00e7\u00e3o imperme\u00e1vel para bandejas de duche incorporadas.<\/p>\n<p>Proporciona seguran\u00e7a, facilidade na instala\u00e7\u00e3o e cuida de todos os detalhes. Com a sua instala\u00e7\u00e3o teremos<\/p>\n<p>uma grande facilidade de instala\u00e7\u00e3o, um grande design integrado com a nossa casa de banho e uma contribui\u00e7\u00e3o extra de seguran\u00e7a.<\/p>\n","protected":false},"featured_media":9388,"template":"","meta":{"site-sidebar-layout":"default","site-content-layout":"default","ast-main-header-display":"","ast-hfb-above-header-display":"","ast-hfb-below-header-display":"","ast-hfb-mobile-header-display":"","site-post-title":"","ast-breadcrumbs-content":"","ast-featured-img":"","footer-sml-layout":"","theme-transparent-header-meta":"default","adv-header-id-meta":"","stick-header-meta":"","header-above-stick-meta":"","header-main-stick-meta":"","header-below-stick-meta":""},"product_brand":[],"product_cat":[133,135,110,109,108],"product_tag":[],"class_list":{"0":"post-4920","1":"product","2":"type-product","3":"status-publish","4":"has-post-thumbnail","6":"product_cat-calhas-duche","7":"product_cat-drenos-integrados","8":"product_cat-ralos-design","9":"product_cat-ralos-duche","10":"product_cat-sistemas-de-impermeabilizacao","12":"first","13":"instock","14":"shipping-taxable","15":"product-type-simple"},"yoast_head":"<!-- This site is optimized with the Yoast SEO plugin v27.1.1 - https:\/\/yoast.com\/product\/yoast-seo-wordpress\/ -->\n<title>O Sistema Linear Evolux integra - Estil Guru<\/title>\n<meta name=\"robots\" content=\"index, follow, max-snippet:-1, max-image-preview:large, max-video-preview:-1\" \/>\n<link rel=\"canonical\" href=\"https:\/\/www.estilguru.com\/pt-pt\/producto\/sistema-evolux-linear-coatable\/\" \/>\n<meta property=\"og:locale\" content=\"pt_PT\" \/>\n<meta property=\"og:type\" content=\"article\" \/>\n<meta property=\"og:title\" content=\"O Sistema Linear Evolux integra - Estil Guru\" \/>\n<meta property=\"og:description\" content=\"O sistema de drenagem linear integrado EVOLUX LINEAL INTEGRA \u00e9 a melhor solu\u00e7\u00e3o de drenagem integrada com prote\u00e7\u00e3o imperme\u00e1vel para bandejas de duche incorporadas. Proporciona seguran\u00e7a, facilidade na instala\u00e7\u00e3o e cuida de todos os detalhes. Com a sua instala\u00e7\u00e3o teremos uma grande facilidade de instala\u00e7\u00e3o, um grande design integrado com a nossa casa de banho e uma contribui\u00e7\u00e3o extra de seguran\u00e7a.\" \/>\n<meta property=\"og:url\" content=\"https:\/\/www.estilguru.com\/pt-pt\/producto\/sistema-evolux-linear-coatable\/\" \/>\n<meta property=\"og:site_name\" content=\"Estil Guru\" \/>\n<meta property=\"article:modified_time\" content=\"2021-12-23T08:59:08+00:00\" \/>\n<meta property=\"og:image\" content=\"https:\/\/www.estilguru.com\/wp-content\/uploads\/2022\/09\/DETALLE-INTEGRA-LINEAL_001-scaled-2.jpg\" \/>\n\t<meta property=\"og:image:width\" content=\"2000\" \/>\n\t<meta property=\"og:image:height\" content=\"2000\" \/>\n\t<meta property=\"og:image:type\" content=\"image\/jpeg\" \/>\n<meta name=\"twitter:card\" content=\"summary_large_image\" \/>\n<meta name=\"twitter:label1\" content=\"Tempo estimado de leitura\" \/>\n\t<meta name=\"twitter:data1\" content=\"1 minuto\" \/>\n<script type=\"application\/ld+json\" class=\"yoast-schema-graph\">{\"@context\":\"https:\/\/schema.org\",\"@graph\":[{\"@type\":\"WebPage\",\"@id\":\"https:\/\/www.estilguru.com\/pt-pt\/producto\/sistema-evolux-linear-coatable\/\",\"url\":\"https:\/\/www.estilguru.com\/pt-pt\/producto\/sistema-evolux-linear-coatable\/\",\"name\":\"O Sistema Linear Evolux integra - Estil Guru\",\"isPartOf\":{\"@id\":\"https:\/\/www.estilguru.com\/pt-pt\/#website\"},\"primaryImageOfPage\":{\"@id\":\"https:\/\/www.estilguru.com\/pt-pt\/producto\/sistema-evolux-linear-coatable\/#primaryimage\"},\"image\":{\"@id\":\"https:\/\/www.estilguru.com\/pt-pt\/producto\/sistema-evolux-linear-coatable\/#primaryimage\"},\"thumbnailUrl\":\"https:\/\/www.estilguru.com\/wp-content\/uploads\/2022\/09\/DETALLE-INTEGRA-LINEAL_001-scaled-2.jpg\",\"datePublished\":\"2021-12-23T08:58:58+00:00\",\"dateModified\":\"2021-12-23T08:59:08+00:00\",\"breadcrumb\":{\"@id\":\"https:\/\/www.estilguru.com\/pt-pt\/producto\/sistema-evolux-linear-coatable\/#breadcrumb\"},\"inLanguage\":\"pt-PT\",\"potentialAction\":[{\"@type\":\"ReadAction\",\"target\":[\"https:\/\/www.estilguru.com\/pt-pt\/producto\/sistema-evolux-linear-coatable\/\"]}]},{\"@type\":\"ImageObject\",\"inLanguage\":\"pt-PT\",\"@id\":\"https:\/\/www.estilguru.com\/pt-pt\/producto\/sistema-evolux-linear-coatable\/#primaryimage\",\"url\":\"https:\/\/www.estilguru.com\/wp-content\/uploads\/2022\/09\/DETALLE-INTEGRA-LINEAL_001-scaled-2.jpg\",\"contentUrl\":\"https:\/\/www.estilguru.com\/wp-content\/uploads\/2022\/09\/DETALLE-INTEGRA-LINEAL_001-scaled-2.jpg\",\"width\":2000,\"height\":2000},{\"@type\":\"BreadcrumbList\",\"@id\":\"https:\/\/www.estilguru.com\/pt-pt\/producto\/sistema-evolux-linear-coatable\/#breadcrumb\",\"itemListElement\":[{\"@type\":\"ListItem\",\"position\":1,\"name\":\"Home\",\"item\":\"https:\/\/www.estilguru.com\/pt-pt\/\"},{\"@type\":\"ListItem\",\"position\":2,\"name\":\"Produtos\",\"item\":\"https:\/\/www.estilguru.com\/pt-pt\/shop\/\"},{\"@type\":\"ListItem\",\"position\":3,\"name\":\"O Sistema Linear Evolux integra\"}]},{\"@type\":\"WebSite\",\"@id\":\"https:\/\/www.estilguru.com\/pt-pt\/#website\",\"url\":\"https:\/\/www.estilguru.com\/pt-pt\/\",\"name\":\"Estil Guru\",\"description\":\"Sistemas de ducha e impermeabilizaci\u00f3n\",\"publisher\":{\"@id\":\"https:\/\/www.estilguru.com\/pt-pt\/#organization\"},\"potentialAction\":[{\"@type\":\"SearchAction\",\"target\":{\"@type\":\"EntryPoint\",\"urlTemplate\":\"https:\/\/www.estilguru.com\/pt-pt\/?s={search_term_string}\"},\"query-input\":{\"@type\":\"PropertyValueSpecification\",\"valueRequired\":true,\"valueName\":\"search_term_string\"}}],\"inLanguage\":\"pt-PT\"},{\"@type\":\"Organization\",\"@id\":\"https:\/\/www.estilguru.com\/pt-pt\/#organization\",\"name\":\"Estil Guru\",\"url\":\"https:\/\/www.estilguru.com\/pt-pt\/\",\"logo\":{\"@type\":\"ImageObject\",\"inLanguage\":\"pt-PT\",\"@id\":\"https:\/\/www.estilguru.com\/pt-pt\/#\/schema\/logo\/image\/\",\"url\":\"https:\/\/www.estilguru.com\/wp-content\/uploads\/2022\/09\/LOGO-GURU-horizontal-centrado-01.png\",\"contentUrl\":\"https:\/\/www.estilguru.com\/wp-content\/uploads\/2022\/09\/LOGO-GURU-horizontal-centrado-01.png\",\"width\":2000,\"height\":663,\"caption\":\"Estil Guru\"},\"image\":{\"@id\":\"https:\/\/www.estilguru.com\/pt-pt\/#\/schema\/logo\/image\/\"}}]}<\/script>\n<!-- \/ Yoast SEO plugin. -->","yoast_head_json":{"title":"O Sistema Linear Evolux integra - Estil Guru","robots":{"index":"index","follow":"follow","max-snippet":"max-snippet:-1","max-image-preview":"max-image-preview:large","max-video-preview":"max-video-preview:-1"},"canonical":"https:\/\/www.estilguru.com\/pt-pt\/producto\/sistema-evolux-linear-coatable\/","og_locale":"pt_PT","og_type":"article","og_title":"O Sistema Linear Evolux integra - Estil Guru","og_description":"O sistema de drenagem linear integrado EVOLUX LINEAL INTEGRA \u00e9 a melhor solu\u00e7\u00e3o de drenagem integrada com prote\u00e7\u00e3o imperme\u00e1vel para bandejas de duche incorporadas. Proporciona seguran\u00e7a, facilidade na instala\u00e7\u00e3o e cuida de todos os detalhes. Com a sua instala\u00e7\u00e3o teremos uma grande facilidade de instala\u00e7\u00e3o, um grande design integrado com a nossa casa de banho e uma contribui\u00e7\u00e3o extra de seguran\u00e7a.","og_url":"https:\/\/www.estilguru.com\/pt-pt\/producto\/sistema-evolux-linear-coatable\/","og_site_name":"Estil Guru","article_modified_time":"2021-12-23T08:59:08+00:00","og_image":[{"width":2000,"height":2000,"url":"https:\/\/www.estilguru.com\/wp-content\/uploads\/2022\/09\/DETALLE-INTEGRA-LINEAL_001-scaled-2.jpg","type":"image\/jpeg"}],"twitter_card":"summary_large_image","twitter_misc":{"Tempo estimado de leitura":"1 minuto"},"schema":{"@context":"https:\/\/schema.org","@graph":[{"@type":"WebPage","@id":"https:\/\/www.estilguru.com\/pt-pt\/producto\/sistema-evolux-linear-coatable\/","url":"https:\/\/www.estilguru.com\/pt-pt\/producto\/sistema-evolux-linear-coatable\/","name":"O Sistema Linear Evolux integra - Estil Guru","isPartOf":{"@id":"https:\/\/www.estilguru.com\/pt-pt\/#website"},"primaryImageOfPage":{"@id":"https:\/\/www.estilguru.com\/pt-pt\/producto\/sistema-evolux-linear-coatable\/#primaryimage"},"image":{"@id":"https:\/\/www.estilguru.com\/pt-pt\/producto\/sistema-evolux-linear-coatable\/#primaryimage"},"thumbnailUrl":"https:\/\/www.estilguru.com\/wp-content\/uploads\/2022\/09\/DETALLE-INTEGRA-LINEAL_001-scaled-2.jpg","datePublished":"2021-12-23T08:58:58+00:00","dateModified":"2021-12-23T08:59:08+00:00","breadcrumb":{"@id":"https:\/\/www.estilguru.com\/pt-pt\/producto\/sistema-evolux-linear-coatable\/#breadcrumb"},"inLanguage":"pt-PT","potentialAction":[{"@type":"ReadAction","target":["https:\/\/www.estilguru.com\/pt-pt\/producto\/sistema-evolux-linear-coatable\/"]}]},{"@type":"ImageObject","inLanguage":"pt-PT","@id":"https:\/\/www.estilguru.com\/pt-pt\/producto\/sistema-evolux-linear-coatable\/#primaryimage","url":"https:\/\/www.estilguru.com\/wp-content\/uploads\/2022\/09\/DETALLE-INTEGRA-LINEAL_001-scaled-2.jpg","contentUrl":"https:\/\/www.estilguru.com\/wp-content\/uploads\/2022\/09\/DETALLE-INTEGRA-LINEAL_001-scaled-2.jpg","width":2000,"height":2000},{"@type":"BreadcrumbList","@id":"https:\/\/www.estilguru.com\/pt-pt\/producto\/sistema-evolux-linear-coatable\/#breadcrumb","itemListElement":[{"@type":"ListItem","position":1,"name":"Home","item":"https:\/\/www.estilguru.com\/pt-pt\/"},{"@type":"ListItem","position":2,"name":"Produtos","item":"https:\/\/www.estilguru.com\/pt-pt\/shop\/"},{"@type":"ListItem","position":3,"name":"O Sistema Linear Evolux integra"}]},{"@type":"WebSite","@id":"https:\/\/www.estilguru.com\/pt-pt\/#website","url":"https:\/\/www.estilguru.com\/pt-pt\/","name":"Estil Guru","description":"Sistemas de ducha e impermeabilizaci\u00f3n","publisher":{"@id":"https:\/\/www.estilguru.com\/pt-pt\/#organization"},"potentialAction":[{"@type":"SearchAction","target":{"@type":"EntryPoint","urlTemplate":"https:\/\/www.estilguru.com\/pt-pt\/?s={search_term_string}"},"query-input":{"@type":"PropertyValueSpecification","valueRequired":true,"valueName":"search_term_string"}}],"inLanguage":"pt-PT"},{"@type":"Organization","@id":"https:\/\/www.estilguru.com\/pt-pt\/#organization","name":"Estil Guru","url":"https:\/\/www.estilguru.com\/pt-pt\/","logo":{"@type":"ImageObject","inLanguage":"pt-PT","@id":"https:\/\/www.estilguru.com\/pt-pt\/#\/schema\/logo\/image\/","url":"https:\/\/www.estilguru.com\/wp-content\/uploads\/2022\/09\/LOGO-GURU-horizontal-centrado-01.png","contentUrl":"https:\/\/www.estilguru.com\/wp-content\/uploads\/2022\/09\/LOGO-GURU-horizontal-centrado-01.png","width":2000,"height":663,"caption":"Estil Guru"},"image":{"@id":"https:\/\/www.estilguru.com\/pt-pt\/#\/schema\/logo\/image\/"}}]}},"_links":{"self":[{"href":"https:\/\/www.estilguru.com\/pt-pt\/wp-json\/wp\/v2\/product\/4920","targetHints":{"allow":["GET"]}}],"collection":[{"href":"https:\/\/www.estilguru.com\/pt-pt\/wp-json\/wp\/v2\/product"}],"about":[{"href":"https:\/\/www.estilguru.com\/pt-pt\/wp-json\/wp\/v2\/types\/product"}],"version-history":[{"count":0,"href":"https:\/\/www.estilguru.com\/pt-pt\/wp-json\/wp\/v2\/product\/4920\/revisions"}],"wp:featuredmedia":[{"embeddable":true,"href":"https:\/\/www.estilguru.com\/pt-pt\/wp-json\/wp\/v2\/media\/9388"}],"wp:attachment":[{"href":"https:\/\/www.estilguru.com\/pt-pt\/wp-json\/wp\/v2\/media?parent=4920"}],"wp:term":[{"taxonomy":"product_brand","embeddable":true,"href":"https:\/\/www.estilguru.com\/pt-pt\/wp-json\/wp\/v2\/product_brand?post=4920"},{"taxonomy":"product_cat","embeddable":true,"href":"https:\/\/www.estilguru.com\/pt-pt\/wp-json\/wp\/v2\/product_cat?post=4920"},{"taxonomy":"product_tag","embeddable":true,"href":"https:\/\/www.estilguru.com\/pt-pt\/wp-json\/wp\/v2\/product_tag?post=4920"}],"curies":[{"name":"wp","href":"https:\/\/api.w.org\/{rel}","templated":true}]}}