{"id":4373,"date":"2021-11-19T07:47:06","date_gmt":"2021-12-02T12:08:38","guid":{"rendered":"https:\/\/www.estilguru.com\/producto\/g-flex\/"},"modified":"2022-05-26T09:59:14","modified_gmt":"2022-05-26T09:59:14","slug":"g-flex","status":"publish","type":"product","link":"https:\/\/www.estilguru.com\/pt-pt\/producto\/g-flex\/","title":{"rendered":"G-FLEX"},"content":{"rendered":"<p>G-FLEX \u00e9 uma folha desolidariza\u00e7\u00e3o \u00e0 prova de fratura imperme\u00e1vel que \u00e9 formada por uma membrana de polietileno ligada a uma folha de geotextil, deixando entre eles n\u00f3dulos de ar livre sob a forma de circunfer\u00eancias. Gra\u00e7as a isso, o resultado do revestimento de azulejos cer\u00e2micos e pedras naturais do exterior e do interior \u00e9 melhorado, destacando-se a efici\u00eancia quando instalada em suportes cr\u00edticos; fissurado, com muito movimento ou com poss\u00edveis tens\u00f5es de vapor devido \u00e0 humidade residual.<\/p>\n<p>A folha G-FLEX impermeabiliza qualquer superf\u00edcie, antiga ou nova, molhada ou seca e rachada ou sujeita a movimentos dimensionais. Isto acontece gra\u00e7as \u00e0 compensa\u00e7\u00e3o que esta folha de solidariza\u00e7\u00e3o produz por retra\u00e7\u00e3o higrom\u00e9trica e expans\u00e3o t\u00e9rmica. Tamb\u00e9m n\u00e3o tem problemas com as juntas, uma vez que n\u00e3o \u00e9 necess\u00e1rio respeitar as articula\u00e7\u00f5es dos suportes em grandes instala\u00e7\u00f5es.<\/p>\n<p>Um dos destaques da folha G-FLEX \u00e9 que reduz o tempo no local uma vez que a impermeabiliza\u00e7\u00e3o e a coloca\u00e7\u00e3o do revestimento est\u00e3o sem esperar, ou seja, a instala\u00e7\u00e3o \u00e9 imediatamente pass\u00edvel.<\/p>\n","protected":false},"excerpt":{"rendered":"<p>G-FLEX \u00e9 uma folha desolidariza\u00e7\u00e3o \u00e0 prova de fratura imperme\u00e1vel que \u00e9 formada por uma membrana de polietileno ligada a uma folha de geotextil, deixando entre eles n\u00f3dulos de ar livre sob a forma de circunfer\u00eancias. Gra\u00e7as a isso, o resultado do revestimento de azulejos cer\u00e2micos e pedras naturais do exterior e do interior \u00e9 melhorado, destacando-se a efici\u00eancia quando instalada em suportes cr\u00edticos; rachado, com muito movimento ou com poss\u00edveis tens\u00f5es de vapor devido \u00e0 humidade residual.<\/p>\n<p>&nbsp;<\/p>\n","protected":false},"featured_media":2354,"template":"","meta":{"site-sidebar-layout":"default","site-content-layout":"default","ast-main-header-display":"","ast-hfb-above-header-display":"","ast-hfb-below-header-display":"","ast-hfb-mobile-header-display":"","site-post-title":"","ast-breadcrumbs-content":"","ast-featured-img":"","footer-sml-layout":"","theme-transparent-header-meta":"default","adv-header-id-meta":"","stick-header-meta":"","header-above-stick-meta":"","header-main-stick-meta":"","header-below-stick-meta":""},"product_brand":[],"product_cat":[192,187,177,188,125,88,98,111,108,120,94,85],"product_tag":[],"class_list":{"0":"post-4373","1":"product","2":"type-product","3":"status-publish","4":"has-post-thumbnail","6":"product_cat-decoupling","7":"product_cat-desolidarisation","8":"product_cat-desolidarizacao","9":"product_cat-disaccoppiamento","10":"product_cat-prodotti-per-limpermeabilizzazione","11":"product_cat-products-for-waterproofing","12":"product_cat-produits-detancheite","13":"product_cat-produtos-para-impermeabilizar","14":"product_cat-sistemas-de-impermeabilizacao","15":"product_cat-sistemi-di-impermeabilizzazione","16":"product_cat-systemes-detancheite","17":"product_cat-waterproofing-systems","19":"first","20":"instock","21":"shipping-taxable","22":"product-type-simple"},"yoast_head":"<!-- This site is optimized with the Yoast SEO plugin v27.1.1 - https:\/\/yoast.com\/product\/yoast-seo-wordpress\/ -->\n<title>G-FLEX - Estil Guru<\/title>\n<meta name=\"robots\" content=\"index, follow, max-snippet:-1, max-image-preview:large, max-video-preview:-1\" \/>\n<link rel=\"canonical\" href=\"https:\/\/www.estilguru.com\/pt-pt\/folhas-impermeaveis\/tela-dessolidarizante-g-flex\/\" \/>\n<meta property=\"og:locale\" content=\"pt_PT\" \/>\n<meta property=\"og:type\" content=\"article\" \/>\n<meta property=\"og:title\" content=\"G-FLEX - Estil Guru\" \/>\n<meta property=\"og:description\" content=\"G-FLEX \u00e9 uma folha desolidariza\u00e7\u00e3o \u00e0 prova de fratura imperme\u00e1vel que \u00e9 formada por uma membrana de polietileno ligada a uma folha de geotextil, deixando entre eles n\u00f3dulos de ar livre sob a forma de circunfer\u00eancias. Gra\u00e7as a isso, o resultado do revestimento de azulejos cer\u00e2micos e pedras naturais do exterior e do interior \u00e9 melhorado, destacando-se a efici\u00eancia quando instalada em suportes cr\u00edticos; rachado, com muito movimento ou com poss\u00edveis tens\u00f5es de vapor devido \u00e0 humidade residual.  &nbsp;\" \/>\n<meta property=\"og:url\" content=\"https:\/\/www.estilguru.com\/pt-pt\/folhas-impermeaveis\/tela-dessolidarizante-g-flex\/\" \/>\n<meta property=\"og:site_name\" content=\"Estil Guru\" \/>\n<meta property=\"article:modified_time\" content=\"2022-05-26T09:59:14+00:00\" \/>\n<meta property=\"og:image\" content=\"https:\/\/www.estilguru.com\/wp-content\/uploads\/2021\/11\/rollo-lamina-desolidarizante-g-flex-scaled.jpg\" \/>\n\t<meta property=\"og:image:width\" content=\"2000\" \/>\n\t<meta property=\"og:image:height\" content=\"1330\" \/>\n\t<meta property=\"og:image:type\" content=\"image\/jpeg\" \/>\n<meta name=\"twitter:card\" content=\"summary_large_image\" \/>\n<meta name=\"twitter:label1\" content=\"Tempo estimado de leitura\" \/>\n\t<meta name=\"twitter:data1\" content=\"1 minuto\" \/>\n<script type=\"application\/ld+json\" class=\"yoast-schema-graph\">{\"@context\":\"https:\/\/schema.org\",\"@graph\":[{\"@type\":\"WebPage\",\"@id\":\"https:\/\/www.estilguru.com\/pt-pt\/producto\/g-flex\/\",\"url\":\"https:\/\/www.estilguru.com\/pt-pt\/folhas-impermeaveis\/tela-dessolidarizante-g-flex\/\",\"name\":\"G-FLEX - Estil Guru\",\"isPartOf\":{\"@id\":\"https:\/\/www.estilguru.com\/pt-pt\/#website\"},\"primaryImageOfPage\":{\"@id\":\"https:\/\/www.estilguru.com\/pt-pt\/folhas-impermeaveis\/tela-dessolidarizante-g-flex\/#primaryimage\"},\"image\":{\"@id\":\"https:\/\/www.estilguru.com\/pt-pt\/folhas-impermeaveis\/tela-dessolidarizante-g-flex\/#primaryimage\"},\"thumbnailUrl\":\"https:\/\/www.estilguru.com\/wp-content\/uploads\/2021\/11\/rollo-lamina-desolidarizante-g-flex-scaled.jpg\",\"datePublished\":\"2021-12-02T12:08:38+00:00\",\"dateModified\":\"2022-05-26T09:59:14+00:00\",\"breadcrumb\":{\"@id\":\"https:\/\/www.estilguru.com\/pt-pt\/folhas-impermeaveis\/tela-dessolidarizante-g-flex\/#breadcrumb\"},\"inLanguage\":\"pt-PT\",\"potentialAction\":[{\"@type\":\"ReadAction\",\"target\":[\"https:\/\/www.estilguru.com\/pt-pt\/folhas-impermeaveis\/tela-dessolidarizante-g-flex\/\"]}]},{\"@type\":\"ImageObject\",\"inLanguage\":\"pt-PT\",\"@id\":\"https:\/\/www.estilguru.com\/pt-pt\/folhas-impermeaveis\/tela-dessolidarizante-g-flex\/#primaryimage\",\"url\":\"https:\/\/www.estilguru.com\/wp-content\/uploads\/2021\/11\/rollo-lamina-desolidarizante-g-flex-scaled.jpg\",\"contentUrl\":\"https:\/\/www.estilguru.com\/wp-content\/uploads\/2021\/11\/rollo-lamina-desolidarizante-g-flex-scaled.jpg\",\"width\":2000,\"height\":1330,\"caption\":\"g-flex folha instalada no ch\u00e3o\"},{\"@type\":\"BreadcrumbList\",\"@id\":\"https:\/\/www.estilguru.com\/pt-pt\/folhas-impermeaveis\/tela-dessolidarizante-g-flex\/#breadcrumb\",\"itemListElement\":[{\"@type\":\"ListItem\",\"position\":1,\"name\":\"Home\",\"item\":\"https:\/\/www.estilguru.com\/pt-pt\/\"},{\"@type\":\"ListItem\",\"position\":2,\"name\":\"Produtos\",\"item\":\"https:\/\/www.estilguru.com\/pt-pt\/shop\/\"},{\"@type\":\"ListItem\",\"position\":3,\"name\":\"G-FLEX\"}]},{\"@type\":\"WebSite\",\"@id\":\"https:\/\/www.estilguru.com\/pt-pt\/#website\",\"url\":\"https:\/\/www.estilguru.com\/pt-pt\/\",\"name\":\"Estil Guru\",\"description\":\"Sistemas de ducha e impermeabilizaci\u00f3n\",\"publisher\":{\"@id\":\"https:\/\/www.estilguru.com\/pt-pt\/#organization\"},\"potentialAction\":[{\"@type\":\"SearchAction\",\"target\":{\"@type\":\"EntryPoint\",\"urlTemplate\":\"https:\/\/www.estilguru.com\/pt-pt\/?s={search_term_string}\"},\"query-input\":{\"@type\":\"PropertyValueSpecification\",\"valueRequired\":true,\"valueName\":\"search_term_string\"}}],\"inLanguage\":\"pt-PT\"},{\"@type\":\"Organization\",\"@id\":\"https:\/\/www.estilguru.com\/pt-pt\/#organization\",\"name\":\"Estil Guru\",\"url\":\"https:\/\/www.estilguru.com\/pt-pt\/\",\"logo\":{\"@type\":\"ImageObject\",\"inLanguage\":\"pt-PT\",\"@id\":\"https:\/\/www.estilguru.com\/pt-pt\/#\/schema\/logo\/image\/\",\"url\":\"https:\/\/www.estilguru.com\/wp-content\/uploads\/2022\/09\/LOGO-GURU-horizontal-centrado-01.png\",\"contentUrl\":\"https:\/\/www.estilguru.com\/wp-content\/uploads\/2022\/09\/LOGO-GURU-horizontal-centrado-01.png\",\"width\":2000,\"height\":663,\"caption\":\"Estil Guru\"},\"image\":{\"@id\":\"https:\/\/www.estilguru.com\/pt-pt\/#\/schema\/logo\/image\/\"}}]}<\/script>\n<!-- \/ Yoast SEO plugin. -->","yoast_head_json":{"title":"G-FLEX - Estil Guru","robots":{"index":"index","follow":"follow","max-snippet":"max-snippet:-1","max-image-preview":"max-image-preview:large","max-video-preview":"max-video-preview:-1"},"canonical":"https:\/\/www.estilguru.com\/pt-pt\/folhas-impermeaveis\/tela-dessolidarizante-g-flex\/","og_locale":"pt_PT","og_type":"article","og_title":"G-FLEX - Estil Guru","og_description":"G-FLEX \u00e9 uma folha desolidariza\u00e7\u00e3o \u00e0 prova de fratura imperme\u00e1vel que \u00e9 formada por uma membrana de polietileno ligada a uma folha de geotextil, deixando entre eles n\u00f3dulos de ar livre sob a forma de circunfer\u00eancias. Gra\u00e7as a isso, o resultado do revestimento de azulejos cer\u00e2micos e pedras naturais do exterior e do interior \u00e9 melhorado, destacando-se a efici\u00eancia quando instalada em suportes cr\u00edticos; rachado, com muito movimento ou com poss\u00edveis tens\u00f5es de vapor devido \u00e0 humidade residual.  &nbsp;","og_url":"https:\/\/www.estilguru.com\/pt-pt\/folhas-impermeaveis\/tela-dessolidarizante-g-flex\/","og_site_name":"Estil Guru","article_modified_time":"2022-05-26T09:59:14+00:00","og_image":[{"width":2000,"height":1330,"url":"https:\/\/www.estilguru.com\/wp-content\/uploads\/2021\/11\/rollo-lamina-desolidarizante-g-flex-scaled.jpg","type":"image\/jpeg"}],"twitter_card":"summary_large_image","twitter_misc":{"Tempo estimado de leitura":"1 minuto"},"schema":{"@context":"https:\/\/schema.org","@graph":[{"@type":"WebPage","@id":"https:\/\/www.estilguru.com\/pt-pt\/producto\/g-flex\/","url":"https:\/\/www.estilguru.com\/pt-pt\/folhas-impermeaveis\/tela-dessolidarizante-g-flex\/","name":"G-FLEX - Estil Guru","isPartOf":{"@id":"https:\/\/www.estilguru.com\/pt-pt\/#website"},"primaryImageOfPage":{"@id":"https:\/\/www.estilguru.com\/pt-pt\/folhas-impermeaveis\/tela-dessolidarizante-g-flex\/#primaryimage"},"image":{"@id":"https:\/\/www.estilguru.com\/pt-pt\/folhas-impermeaveis\/tela-dessolidarizante-g-flex\/#primaryimage"},"thumbnailUrl":"https:\/\/www.estilguru.com\/wp-content\/uploads\/2021\/11\/rollo-lamina-desolidarizante-g-flex-scaled.jpg","datePublished":"2021-12-02T12:08:38+00:00","dateModified":"2022-05-26T09:59:14+00:00","breadcrumb":{"@id":"https:\/\/www.estilguru.com\/pt-pt\/folhas-impermeaveis\/tela-dessolidarizante-g-flex\/#breadcrumb"},"inLanguage":"pt-PT","potentialAction":[{"@type":"ReadAction","target":["https:\/\/www.estilguru.com\/pt-pt\/folhas-impermeaveis\/tela-dessolidarizante-g-flex\/"]}]},{"@type":"ImageObject","inLanguage":"pt-PT","@id":"https:\/\/www.estilguru.com\/pt-pt\/folhas-impermeaveis\/tela-dessolidarizante-g-flex\/#primaryimage","url":"https:\/\/www.estilguru.com\/wp-content\/uploads\/2021\/11\/rollo-lamina-desolidarizante-g-flex-scaled.jpg","contentUrl":"https:\/\/www.estilguru.com\/wp-content\/uploads\/2021\/11\/rollo-lamina-desolidarizante-g-flex-scaled.jpg","width":2000,"height":1330,"caption":"g-flex folha instalada no ch\u00e3o"},{"@type":"BreadcrumbList","@id":"https:\/\/www.estilguru.com\/pt-pt\/folhas-impermeaveis\/tela-dessolidarizante-g-flex\/#breadcrumb","itemListElement":[{"@type":"ListItem","position":1,"name":"Home","item":"https:\/\/www.estilguru.com\/pt-pt\/"},{"@type":"ListItem","position":2,"name":"Produtos","item":"https:\/\/www.estilguru.com\/pt-pt\/shop\/"},{"@type":"ListItem","position":3,"name":"G-FLEX"}]},{"@type":"WebSite","@id":"https:\/\/www.estilguru.com\/pt-pt\/#website","url":"https:\/\/www.estilguru.com\/pt-pt\/","name":"Estil Guru","description":"Sistemas de ducha e impermeabilizaci\u00f3n","publisher":{"@id":"https:\/\/www.estilguru.com\/pt-pt\/#organization"},"potentialAction":[{"@type":"SearchAction","target":{"@type":"EntryPoint","urlTemplate":"https:\/\/www.estilguru.com\/pt-pt\/?s={search_term_string}"},"query-input":{"@type":"PropertyValueSpecification","valueRequired":true,"valueName":"search_term_string"}}],"inLanguage":"pt-PT"},{"@type":"Organization","@id":"https:\/\/www.estilguru.com\/pt-pt\/#organization","name":"Estil Guru","url":"https:\/\/www.estilguru.com\/pt-pt\/","logo":{"@type":"ImageObject","inLanguage":"pt-PT","@id":"https:\/\/www.estilguru.com\/pt-pt\/#\/schema\/logo\/image\/","url":"https:\/\/www.estilguru.com\/wp-content\/uploads\/2022\/09\/LOGO-GURU-horizontal-centrado-01.png","contentUrl":"https:\/\/www.estilguru.com\/wp-content\/uploads\/2022\/09\/LOGO-GURU-horizontal-centrado-01.png","width":2000,"height":663,"caption":"Estil Guru"},"image":{"@id":"https:\/\/www.estilguru.com\/pt-pt\/#\/schema\/logo\/image\/"}}]}},"_links":{"self":[{"href":"https:\/\/www.estilguru.com\/pt-pt\/wp-json\/wp\/v2\/product\/4373","targetHints":{"allow":["GET"]}}],"collection":[{"href":"https:\/\/www.estilguru.com\/pt-pt\/wp-json\/wp\/v2\/product"}],"about":[{"href":"https:\/\/www.estilguru.com\/pt-pt\/wp-json\/wp\/v2\/types\/product"}],"version-history":[{"count":0,"href":"https:\/\/www.estilguru.com\/pt-pt\/wp-json\/wp\/v2\/product\/4373\/revisions"}],"wp:featuredmedia":[{"embeddable":true,"href":"https:\/\/www.estilguru.com\/pt-pt\/wp-json\/wp\/v2\/media\/2354"}],"wp:attachment":[{"href":"https:\/\/www.estilguru.com\/pt-pt\/wp-json\/wp\/v2\/media?parent=4373"}],"wp:term":[{"taxonomy":"product_brand","embeddable":true,"href":"https:\/\/www.estilguru.com\/pt-pt\/wp-json\/wp\/v2\/product_brand?post=4373"},{"taxonomy":"product_cat","embeddable":true,"href":"https:\/\/www.estilguru.com\/pt-pt\/wp-json\/wp\/v2\/product_cat?post=4373"},{"taxonomy":"product_tag","embeddable":true,"href":"https:\/\/www.estilguru.com\/pt-pt\/wp-json\/wp\/v2\/product_tag?post=4373"}],"curies":[{"name":"wp","href":"https:\/\/api.w.org\/{rel}","templated":true}]}}