{"id":4347,"date":"2021-11-23T09:51:39","date_gmt":"2021-12-01T15:28:41","guid":{"rendered":"https:\/\/www.estilguru.com\/producto\/sistema-aikit-series-evo\/"},"modified":"2022-05-26T09:57:11","modified_gmt":"2022-05-26T09:57:11","slug":"sistema-aikit-series-evo","status":"publish","type":"product","link":"https:\/\/www.estilguru.com\/pt-pt\/producto\/sistema-aikit-series-evo\/","title":{"rendered":"Sistema Aikit s\u00e9rie Evo"},"content":{"rendered":"<p>A solu\u00e7\u00e3o de drenagem da S\u00e9rie Akit Evo incorpora impermeabiliza\u00e7\u00e3o ao dreno para realizar prote\u00e7\u00e3o imperme\u00e1vel das \u00e1reas expostas \u00e0 \u00e1gua e com evacua\u00e7\u00e3o no ch\u00e3o, tais como bandejas de duche, casas de banho adaptadas, chuveiros coletivos em vesti\u00e1rios, galerias e lavandarias ou lavandarias&#8230;<\/p>\n<p>\u00c9 constitu\u00edda por uma soma sif\u00f3nica de baixo perfil, uma pe\u00e7a de folha water-stop imperme\u00e1vel anexada e selada da f\u00e1brica a um adaptador especial para liga\u00e7\u00e3o ao dep\u00f3sito e por uma grade de a\u00e7o inoxid\u00e1vel com ta\u00e7a ABS.<\/p>\n<p><strong>Conte\u00fado do Kit<\/strong><\/p>\n<ul>\n<li>Grelha EVO<\/li>\n<li>Apanhadores de bolas<\/li>\n<li>FOLHA DE PARAGEM DE \u00c1GUA<\/li>\n<li>Tigela<\/li>\n<li>Adaptador<\/li>\n<li>Coroa ruber<\/li>\n<li>Sifonador Ruber<\/li>\n<li>Redutor 40\/50 mm<\/li>\n<\/ul>\n<p><strong>Acess\u00f3rios inclu\u00eddos no kit:<\/strong><\/p>\n<ul>\n<li>2 W-S DEX para maior seguran\u00e7a na impermeabiliza\u00e7\u00e3o das juntas.<\/li>\n<li>2 W-S TUB para impermeabiliza\u00e7\u00e3o total ao instalar o tubo de drenagem.<\/li>\n<li>1 Tampa de instala\u00e7\u00e3o para evitar fugas no sif\u00e3o RUBER.<\/li>\n<\/ul>\n<p>&nbsp;<\/p>\n","protected":false},"excerpt":{"rendered":"<p>A solu\u00e7\u00e3o de drenagem da S\u00e9rie Akit Evo incorpora impermeabiliza\u00e7\u00e3o ao dreno para realizar prote\u00e7\u00e3o imperme\u00e1vel das \u00e1reas expostas \u00e0 \u00e1gua e com evacua\u00e7\u00e3o no ch\u00e3o, tais como bandejas de duche, casas de banho adaptadas, chuveiros coletivos em vesti\u00e1rios, galerias e lavandarias ou lavandarias&#8230;<\/p>\n","protected":false},"featured_media":2674,"template":"","meta":{"site-sidebar-layout":"default","site-content-layout":"default","ast-main-header-display":"","ast-hfb-above-header-display":"","ast-hfb-below-header-display":"","ast-hfb-mobile-header-display":"","site-post-title":"","ast-breadcrumbs-content":"","ast-featured-img":"","footer-sml-layout":"","theme-transparent-header-meta":"default","adv-header-id-meta":"","stick-header-meta":"","header-above-stick-meta":"","header-main-stick-meta":"","header-below-stick-meta":""},"product_brand":[],"product_cat":[110,109,108,30],"product_tag":[],"class_list":{"0":"post-4347","1":"product","2":"type-product","3":"status-publish","4":"has-post-thumbnail","6":"product_cat-ralos-design","7":"product_cat-ralos-duche","8":"product_cat-sistemas-de-impermeabilizacao","9":"product_cat-productos","11":"first","12":"instock","13":"shipping-taxable","14":"purchasable","15":"product-type-variable"},"yoast_head":"<!-- This site is optimized with the Yoast SEO plugin v27.1.1 - https:\/\/yoast.com\/product\/yoast-seo-wordpress\/ -->\n<title>Sistema Aikit s\u00e9rie Evo - Estil Guru<\/title>\n<meta name=\"robots\" content=\"index, follow, max-snippet:-1, max-image-preview:large, max-video-preview:-1\" \/>\n<link rel=\"canonical\" href=\"https:\/\/www.estilguru.com\/pt-pt\/producto\/sistema-aikit-series-evo\/\" \/>\n<meta property=\"og:locale\" content=\"pt_PT\" \/>\n<meta property=\"og:type\" content=\"article\" \/>\n<meta property=\"og:title\" content=\"Sistema Aikit s\u00e9rie Evo - Estil Guru\" \/>\n<meta property=\"og:description\" content=\"A solu\u00e7\u00e3o de drenagem da S\u00e9rie Akit Evo incorpora impermeabiliza\u00e7\u00e3o ao dreno para realizar prote\u00e7\u00e3o imperme\u00e1vel das \u00e1reas expostas \u00e0 \u00e1gua e com evacua\u00e7\u00e3o no ch\u00e3o, tais como bandejas de duche, casas de banho adaptadas, chuveiros coletivos em vesti\u00e1rios, galerias e lavandarias ou lavandarias...\" \/>\n<meta property=\"og:url\" content=\"https:\/\/www.estilguru.com\/pt-pt\/producto\/sistema-aikit-series-evo\/\" \/>\n<meta property=\"og:site_name\" content=\"Estil Guru\" \/>\n<meta property=\"article:modified_time\" content=\"2022-05-26T09:57:11+00:00\" \/>\n<meta property=\"og:image\" content=\"https:\/\/www.estilguru.com\/wp-content\/uploads\/2021\/11\/EVO-scaled.jpg\" \/>\n\t<meta property=\"og:image:width\" content=\"2000\" \/>\n\t<meta property=\"og:image:height\" content=\"1126\" \/>\n\t<meta property=\"og:image:type\" content=\"image\/jpeg\" \/>\n<meta name=\"twitter:card\" content=\"summary_large_image\" \/>\n<meta name=\"twitter:label1\" content=\"Tempo estimado de leitura\" \/>\n\t<meta name=\"twitter:data1\" content=\"1 minuto\" \/>\n<script type=\"application\/ld+json\" class=\"yoast-schema-graph\">{\"@context\":\"https:\/\/schema.org\",\"@graph\":[{\"@type\":\"WebPage\",\"@id\":\"https:\/\/www.estilguru.com\/pt-pt\/producto\/sistema-aikit-series-evo\/\",\"url\":\"https:\/\/www.estilguru.com\/pt-pt\/producto\/sistema-aikit-series-evo\/\",\"name\":\"Sistema Aikit s\u00e9rie Evo - Estil Guru\",\"isPartOf\":{\"@id\":\"https:\/\/www.estilguru.com\/pt-pt\/#website\"},\"primaryImageOfPage\":{\"@id\":\"https:\/\/www.estilguru.com\/pt-pt\/producto\/sistema-aikit-series-evo\/#primaryimage\"},\"image\":{\"@id\":\"https:\/\/www.estilguru.com\/pt-pt\/producto\/sistema-aikit-series-evo\/#primaryimage\"},\"thumbnailUrl\":\"https:\/\/www.estilguru.com\/wp-content\/uploads\/2021\/11\/EVO-scaled.jpg\",\"datePublished\":\"2021-12-01T15:28:41+00:00\",\"dateModified\":\"2022-05-26T09:57:11+00:00\",\"breadcrumb\":{\"@id\":\"https:\/\/www.estilguru.com\/pt-pt\/producto\/sistema-aikit-series-evo\/#breadcrumb\"},\"inLanguage\":\"pt-PT\",\"potentialAction\":[{\"@type\":\"ReadAction\",\"target\":[\"https:\/\/www.estilguru.com\/pt-pt\/producto\/sistema-aikit-series-evo\/\"]}]},{\"@type\":\"ImageObject\",\"inLanguage\":\"pt-PT\",\"@id\":\"https:\/\/www.estilguru.com\/pt-pt\/producto\/sistema-aikit-series-evo\/#primaryimage\",\"url\":\"https:\/\/www.estilguru.com\/wp-content\/uploads\/2021\/11\/EVO-scaled.jpg\",\"contentUrl\":\"https:\/\/www.estilguru.com\/wp-content\/uploads\/2021\/11\/EVO-scaled.jpg\",\"width\":2000,\"height\":1126,\"caption\":\"s\u00e9rie aikit evo\"},{\"@type\":\"BreadcrumbList\",\"@id\":\"https:\/\/www.estilguru.com\/pt-pt\/producto\/sistema-aikit-series-evo\/#breadcrumb\",\"itemListElement\":[{\"@type\":\"ListItem\",\"position\":1,\"name\":\"Home\",\"item\":\"https:\/\/www.estilguru.com\/pt-pt\/\"},{\"@type\":\"ListItem\",\"position\":2,\"name\":\"Produtos\",\"item\":\"https:\/\/www.estilguru.com\/pt-pt\/shop\/\"},{\"@type\":\"ListItem\",\"position\":3,\"name\":\"Sistema Aikit s\u00e9rie Evo\"}]},{\"@type\":\"WebSite\",\"@id\":\"https:\/\/www.estilguru.com\/pt-pt\/#website\",\"url\":\"https:\/\/www.estilguru.com\/pt-pt\/\",\"name\":\"Estil Guru\",\"description\":\"Sistemas de ducha e impermeabilizaci\u00f3n\",\"publisher\":{\"@id\":\"https:\/\/www.estilguru.com\/pt-pt\/#organization\"},\"potentialAction\":[{\"@type\":\"SearchAction\",\"target\":{\"@type\":\"EntryPoint\",\"urlTemplate\":\"https:\/\/www.estilguru.com\/pt-pt\/?s={search_term_string}\"},\"query-input\":{\"@type\":\"PropertyValueSpecification\",\"valueRequired\":true,\"valueName\":\"search_term_string\"}}],\"inLanguage\":\"pt-PT\"},{\"@type\":\"Organization\",\"@id\":\"https:\/\/www.estilguru.com\/pt-pt\/#organization\",\"name\":\"Estil Guru\",\"url\":\"https:\/\/www.estilguru.com\/pt-pt\/\",\"logo\":{\"@type\":\"ImageObject\",\"inLanguage\":\"pt-PT\",\"@id\":\"https:\/\/www.estilguru.com\/pt-pt\/#\/schema\/logo\/image\/\",\"url\":\"https:\/\/www.estilguru.com\/wp-content\/uploads\/2022\/09\/LOGO-GURU-horizontal-centrado-01.png\",\"contentUrl\":\"https:\/\/www.estilguru.com\/wp-content\/uploads\/2022\/09\/LOGO-GURU-horizontal-centrado-01.png\",\"width\":2000,\"height\":663,\"caption\":\"Estil Guru\"},\"image\":{\"@id\":\"https:\/\/www.estilguru.com\/pt-pt\/#\/schema\/logo\/image\/\"}}]}<\/script>\n<!-- \/ Yoast SEO plugin. -->","yoast_head_json":{"title":"Sistema Aikit s\u00e9rie Evo - Estil Guru","robots":{"index":"index","follow":"follow","max-snippet":"max-snippet:-1","max-image-preview":"max-image-preview:large","max-video-preview":"max-video-preview:-1"},"canonical":"https:\/\/www.estilguru.com\/pt-pt\/producto\/sistema-aikit-series-evo\/","og_locale":"pt_PT","og_type":"article","og_title":"Sistema Aikit s\u00e9rie Evo - Estil Guru","og_description":"A solu\u00e7\u00e3o de drenagem da S\u00e9rie Akit Evo incorpora impermeabiliza\u00e7\u00e3o ao dreno para realizar prote\u00e7\u00e3o imperme\u00e1vel das \u00e1reas expostas \u00e0 \u00e1gua e com evacua\u00e7\u00e3o no ch\u00e3o, tais como bandejas de duche, casas de banho adaptadas, chuveiros coletivos em vesti\u00e1rios, galerias e lavandarias ou lavandarias...","og_url":"https:\/\/www.estilguru.com\/pt-pt\/producto\/sistema-aikit-series-evo\/","og_site_name":"Estil Guru","article_modified_time":"2022-05-26T09:57:11+00:00","og_image":[{"width":2000,"height":1126,"url":"https:\/\/www.estilguru.com\/wp-content\/uploads\/2021\/11\/EVO-scaled.jpg","type":"image\/jpeg"}],"twitter_card":"summary_large_image","twitter_misc":{"Tempo estimado de leitura":"1 minuto"},"schema":{"@context":"https:\/\/schema.org","@graph":[{"@type":"WebPage","@id":"https:\/\/www.estilguru.com\/pt-pt\/producto\/sistema-aikit-series-evo\/","url":"https:\/\/www.estilguru.com\/pt-pt\/producto\/sistema-aikit-series-evo\/","name":"Sistema Aikit s\u00e9rie Evo - Estil Guru","isPartOf":{"@id":"https:\/\/www.estilguru.com\/pt-pt\/#website"},"primaryImageOfPage":{"@id":"https:\/\/www.estilguru.com\/pt-pt\/producto\/sistema-aikit-series-evo\/#primaryimage"},"image":{"@id":"https:\/\/www.estilguru.com\/pt-pt\/producto\/sistema-aikit-series-evo\/#primaryimage"},"thumbnailUrl":"https:\/\/www.estilguru.com\/wp-content\/uploads\/2021\/11\/EVO-scaled.jpg","datePublished":"2021-12-01T15:28:41+00:00","dateModified":"2022-05-26T09:57:11+00:00","breadcrumb":{"@id":"https:\/\/www.estilguru.com\/pt-pt\/producto\/sistema-aikit-series-evo\/#breadcrumb"},"inLanguage":"pt-PT","potentialAction":[{"@type":"ReadAction","target":["https:\/\/www.estilguru.com\/pt-pt\/producto\/sistema-aikit-series-evo\/"]}]},{"@type":"ImageObject","inLanguage":"pt-PT","@id":"https:\/\/www.estilguru.com\/pt-pt\/producto\/sistema-aikit-series-evo\/#primaryimage","url":"https:\/\/www.estilguru.com\/wp-content\/uploads\/2021\/11\/EVO-scaled.jpg","contentUrl":"https:\/\/www.estilguru.com\/wp-content\/uploads\/2021\/11\/EVO-scaled.jpg","width":2000,"height":1126,"caption":"s\u00e9rie aikit evo"},{"@type":"BreadcrumbList","@id":"https:\/\/www.estilguru.com\/pt-pt\/producto\/sistema-aikit-series-evo\/#breadcrumb","itemListElement":[{"@type":"ListItem","position":1,"name":"Home","item":"https:\/\/www.estilguru.com\/pt-pt\/"},{"@type":"ListItem","position":2,"name":"Produtos","item":"https:\/\/www.estilguru.com\/pt-pt\/shop\/"},{"@type":"ListItem","position":3,"name":"Sistema Aikit s\u00e9rie Evo"}]},{"@type":"WebSite","@id":"https:\/\/www.estilguru.com\/pt-pt\/#website","url":"https:\/\/www.estilguru.com\/pt-pt\/","name":"Estil Guru","description":"Sistemas de ducha e impermeabilizaci\u00f3n","publisher":{"@id":"https:\/\/www.estilguru.com\/pt-pt\/#organization"},"potentialAction":[{"@type":"SearchAction","target":{"@type":"EntryPoint","urlTemplate":"https:\/\/www.estilguru.com\/pt-pt\/?s={search_term_string}"},"query-input":{"@type":"PropertyValueSpecification","valueRequired":true,"valueName":"search_term_string"}}],"inLanguage":"pt-PT"},{"@type":"Organization","@id":"https:\/\/www.estilguru.com\/pt-pt\/#organization","name":"Estil Guru","url":"https:\/\/www.estilguru.com\/pt-pt\/","logo":{"@type":"ImageObject","inLanguage":"pt-PT","@id":"https:\/\/www.estilguru.com\/pt-pt\/#\/schema\/logo\/image\/","url":"https:\/\/www.estilguru.com\/wp-content\/uploads\/2022\/09\/LOGO-GURU-horizontal-centrado-01.png","contentUrl":"https:\/\/www.estilguru.com\/wp-content\/uploads\/2022\/09\/LOGO-GURU-horizontal-centrado-01.png","width":2000,"height":663,"caption":"Estil Guru"},"image":{"@id":"https:\/\/www.estilguru.com\/pt-pt\/#\/schema\/logo\/image\/"}}]}},"_links":{"self":[{"href":"https:\/\/www.estilguru.com\/pt-pt\/wp-json\/wp\/v2\/product\/4347","targetHints":{"allow":["GET"]}}],"collection":[{"href":"https:\/\/www.estilguru.com\/pt-pt\/wp-json\/wp\/v2\/product"}],"about":[{"href":"https:\/\/www.estilguru.com\/pt-pt\/wp-json\/wp\/v2\/types\/product"}],"version-history":[{"count":0,"href":"https:\/\/www.estilguru.com\/pt-pt\/wp-json\/wp\/v2\/product\/4347\/revisions"}],"wp:featuredmedia":[{"embeddable":true,"href":"https:\/\/www.estilguru.com\/pt-pt\/wp-json\/wp\/v2\/media\/2674"}],"wp:attachment":[{"href":"https:\/\/www.estilguru.com\/pt-pt\/wp-json\/wp\/v2\/media?parent=4347"}],"wp:term":[{"taxonomy":"product_brand","embeddable":true,"href":"https:\/\/www.estilguru.com\/pt-pt\/wp-json\/wp\/v2\/product_brand?post=4347"},{"taxonomy":"product_cat","embeddable":true,"href":"https:\/\/www.estilguru.com\/pt-pt\/wp-json\/wp\/v2\/product_cat?post=4347"},{"taxonomy":"product_tag","embeddable":true,"href":"https:\/\/www.estilguru.com\/pt-pt\/wp-json\/wp\/v2\/product_tag?post=4347"}],"curies":[{"name":"wp","href":"https:\/\/api.w.org\/{rel}","templated":true}]}}