{"id":26817,"date":"2025-03-06T14:08:27","date_gmt":"2025-05-29T13:44:25","guid":{"rendered":"https:\/\/www.estilguru.com\/producto\/evolux-vinyl-shower-system-for-vinyl-floors\/"},"modified":"2025-05-29T13:45:29","modified_gmt":"2025-05-29T13:45:29","slug":"sistema-duche-vinilico-evolux","status":"publish","type":"product","link":"https:\/\/www.estilguru.com\/pt-pt\/producto\/sistema-duche-vinilico-evolux\/","title":{"rendered":"Evolux Vinyl: sistema de duche para pavimentos vin\u00edlicos"},"content":{"rendered":"<p data-start=\"464\" data-end=\"797\">O <strong data-start=\"467\" data-end=\"500\">sistema de duche em vinil Evolux<\/strong> foi concebido para garantir uma drenagem eficaz e segura dos <strong data-start=\"564\" data-end=\"613\">pavimentos de duche em vinil e<\/strong> das <strong data-start=\"564\" data-end=\"613\">zonas h\u00famidas<\/strong>. O seu inovador <strong data-start=\"628\" data-end=\"677\">sistema de fixa\u00e7\u00e3o estanque com m\u00e1stique MS<\/strong> assegura uma junta herm\u00e9tica, evitando fugas e garantindo a impermeabiliza\u00e7\u00e3o em ambientes de tr\u00e1fego intenso. <\/p>\n<p data-start=\"799\" data-end=\"1073\">Este sistema inclui <strong data-start=\"820\" data-end=\"864\">uma caleira e um aro com remate<\/strong>, facilitando a sua instala\u00e7\u00e3o em <strong data-start=\"896\" data-end=\"1002\">hospitais, laborat\u00f3rios, pavilh\u00f5es desportivos, balne\u00e1rios, salas limpas e qualquer espa\u00e7o t\u00e9cnico<\/strong> onde a higiene e a prote\u00e7\u00e3o contra a humidade sejam essenciais.<\/p>\n<p data-start=\"1075\" data-end=\"1377\" data-is-last-node=\"\" data-is-only-node=\"\">O seu design optimizado permite uma <strong data-start=\"1108\" data-end=\"1139\">instala\u00e7\u00e3o r\u00e1pida e segura<\/strong>, adaptando-se a projectos que requerem uma solu\u00e7\u00e3o de drenagem fi\u00e1vel sem comprometer a resist\u00eancia do pavimento vin\u00edlico. <strong data-start=\"1261\" data-end=\"1277\">O Evolux Vinyl<\/strong> \u00e9 a escolha perfeita para manter os espa\u00e7os secos, higi\u00e9nicos e funcionais em ambientes exigentes.<\/p>\n<p data-start=\"1075\" data-end=\"1377\" data-is-last-node=\"\" data-is-only-node=\"\">\n<strong>Carater\u00edsticas e dados t\u00e9cnicos<\/strong><\/p>\n<ul>\n<li data-start=\"1075\" data-end=\"1377\">Estrutura em a\u00e7o inoxid\u00e1vel<\/li>\n<li data-start=\"1075\" data-end=\"1377\">Estanquidade assegurada<\/li>\n<li data-start=\"1075\" data-end=\"1377\">Elevada capacidade de drenagem<\/li>\n<li data-start=\"1075\" data-end=\"1377\">Pin\u00e7a ajust\u00e1vel de 1 mm a 5 mm<\/li>\n<li data-start=\"1075\" data-end=\"1377\">Antivandalismo<\/li>\n<li data-start=\"1075\" data-end=\"1377\">A\u00e7o inoxid\u00e1vel<\/li>\n<li data-start=\"1075\" data-end=\"1377\">Inclui uma m\u00e1quina de cortar cabelo amov\u00edvel<\/li>\n<li data-start=\"1075\" data-end=\"1377\">Autolimpeza<\/li>\n<li data-start=\"1075\" data-end=\"1377\">Instala\u00e7\u00e3o f\u00e1cil<\/li>\n<\/ul>\n<p data-start=\"1075\" data-end=\"1377\" data-is-last-node=\"\" data-is-only-node=\"\">\n","protected":false},"excerpt":{"rendered":"<p>O <strong data-start=\"41\" data-end=\"74\">Sistema de Duche Vin\u00edlico Evolux<\/strong> \u00e9 a solu\u00e7\u00e3o ideal para <strong data-start=\"101\" data-end=\"150\">pavimentos vin\u00edlicos em duches e zonas h\u00famidas<\/strong>, garantindo <strong data-start=\"165\" data-end=\"208\" data-is-only-node=\"\">a m\u00e1xima estanquicidade e f\u00e1cil instala\u00e7\u00e3o<\/strong>. O seu design inovador com <strong data-start=\"234\" data-end=\"281\">sistema de fixa\u00e7\u00e3o estanque e mastique MS<\/strong> torna-o perfeito para hospitais, laborat\u00f3rios, balne\u00e1rios e ambientes exigentes. <\/p>\n","protected":false},"featured_media":23858,"template":"","meta":{"site-sidebar-layout":"default","site-content-layout":"default","ast-main-header-display":"","ast-hfb-above-header-display":"","ast-hfb-below-header-display":"","ast-hfb-mobile-header-display":"","site-post-title":"","ast-breadcrumbs-content":"","ast-featured-img":"","footer-sml-layout":"","theme-transparent-header-meta":"default","adv-header-id-meta":"","stick-header-meta":"","header-above-stick-meta":"","header-main-stick-meta":"","header-below-stick-meta":""},"product_brand":[],"product_cat":[109],"product_tag":[],"class_list":{"0":"post-26817","1":"product","2":"type-product","3":"status-publish","4":"has-post-thumbnail","6":"product_cat-ralos-duche","8":"first","9":"instock","10":"shipping-taxable","11":"product-type-simple"},"yoast_head":"<!-- This site is optimized with the Yoast SEO plugin v27.1.1 - https:\/\/yoast.com\/product\/yoast-seo-wordpress\/ -->\n<title>Evolux Vinyl: sistema de duche para pavimentos vin\u00edlicos - Estil Guru<\/title>\n<meta name=\"robots\" content=\"index, follow, max-snippet:-1, max-image-preview:large, max-video-preview:-1\" \/>\n<link rel=\"canonical\" href=\"https:\/\/www.estilguru.com\/pt-pt\/producto\/sistema-duche-vinilico-evolux\/\" \/>\n<meta property=\"og:locale\" content=\"pt_PT\" \/>\n<meta property=\"og:type\" content=\"article\" \/>\n<meta property=\"og:title\" content=\"Evolux Vinyl: sistema de duche para pavimentos vin\u00edlicos - Estil Guru\" \/>\n<meta property=\"og:description\" content=\"O Sistema de Duche Vin\u00edlico Evolux \u00e9 a solu\u00e7\u00e3o ideal para pavimentos vin\u00edlicos em duches e zonas h\u00famidas, garantindo a m\u00e1xima estanquicidade e f\u00e1cil instala\u00e7\u00e3o. O seu design inovador com sistema de fixa\u00e7\u00e3o estanque e mastique MS torna-o perfeito para hospitais, laborat\u00f3rios, balne\u00e1rios e ambientes exigentes.\" \/>\n<meta property=\"og:url\" content=\"https:\/\/www.estilguru.com\/pt-pt\/producto\/sistema-duche-vinilico-evolux\/\" \/>\n<meta property=\"og:site_name\" content=\"Estil Guru\" \/>\n<meta property=\"article:modified_time\" content=\"2025-05-29T13:45:29+00:00\" \/>\n<meta property=\"og:image\" content=\"https:\/\/www.estilguru.com\/wp-content\/uploads\/2025\/03\/EVOLUX-VINYL-BUENO-1.jpg\" \/>\n\t<meta property=\"og:image:width\" content=\"2105\" \/>\n\t<meta property=\"og:image:height\" content=\"1489\" \/>\n\t<meta property=\"og:image:type\" content=\"image\/jpeg\" \/>\n<meta name=\"twitter:card\" content=\"summary_large_image\" \/>\n<meta name=\"twitter:label1\" content=\"Tempo estimado de leitura\" \/>\n\t<meta name=\"twitter:data1\" content=\"1 minuto\" \/>\n<script type=\"application\/ld+json\" class=\"yoast-schema-graph\">{\"@context\":\"https:\/\/schema.org\",\"@graph\":[{\"@type\":\"WebPage\",\"@id\":\"https:\/\/www.estilguru.com\/pt-pt\/producto\/sistema-duche-vinilico-evolux\/\",\"url\":\"https:\/\/www.estilguru.com\/pt-pt\/producto\/sistema-duche-vinilico-evolux\/\",\"name\":\"Evolux Vinyl: sistema de duche para pavimentos vin\u00edlicos - Estil Guru\",\"isPartOf\":{\"@id\":\"https:\/\/www.estilguru.com\/pt-pt\/#website\"},\"primaryImageOfPage\":{\"@id\":\"https:\/\/www.estilguru.com\/pt-pt\/producto\/sistema-duche-vinilico-evolux\/#primaryimage\"},\"image\":{\"@id\":\"https:\/\/www.estilguru.com\/pt-pt\/producto\/sistema-duche-vinilico-evolux\/#primaryimage\"},\"thumbnailUrl\":\"https:\/\/www.estilguru.com\/wp-content\/uploads\/2025\/03\/EVOLUX-VINYL-BUENO-1.jpg\",\"datePublished\":\"2025-05-29T13:44:25+00:00\",\"dateModified\":\"2025-05-29T13:45:29+00:00\",\"breadcrumb\":{\"@id\":\"https:\/\/www.estilguru.com\/pt-pt\/producto\/sistema-duche-vinilico-evolux\/#breadcrumb\"},\"inLanguage\":\"pt-PT\",\"potentialAction\":[{\"@type\":\"ReadAction\",\"target\":[\"https:\/\/www.estilguru.com\/pt-pt\/producto\/sistema-duche-vinilico-evolux\/\"]}]},{\"@type\":\"ImageObject\",\"inLanguage\":\"pt-PT\",\"@id\":\"https:\/\/www.estilguru.com\/pt-pt\/producto\/sistema-duche-vinilico-evolux\/#primaryimage\",\"url\":\"https:\/\/www.estilguru.com\/wp-content\/uploads\/2025\/03\/EVOLUX-VINYL-BUENO-1.jpg\",\"contentUrl\":\"https:\/\/www.estilguru.com\/wp-content\/uploads\/2025\/03\/EVOLUX-VINYL-BUENO-1.jpg\",\"width\":2105,\"height\":1489,\"caption\":\"chuveiros para pavimentos vin\u00edlicos\"},{\"@type\":\"BreadcrumbList\",\"@id\":\"https:\/\/www.estilguru.com\/pt-pt\/producto\/sistema-duche-vinilico-evolux\/#breadcrumb\",\"itemListElement\":[{\"@type\":\"ListItem\",\"position\":1,\"name\":\"Home\",\"item\":\"https:\/\/www.estilguru.com\/pt-pt\/\"},{\"@type\":\"ListItem\",\"position\":2,\"name\":\"Produtos\",\"item\":\"https:\/\/www.estilguru.com\/pt-pt\/shop\/\"},{\"@type\":\"ListItem\",\"position\":3,\"name\":\"Evolux Vinyl: sistema de duche para pavimentos vin\u00edlicos\"}]},{\"@type\":\"WebSite\",\"@id\":\"https:\/\/www.estilguru.com\/pt-pt\/#website\",\"url\":\"https:\/\/www.estilguru.com\/pt-pt\/\",\"name\":\"Estil Guru\",\"description\":\"Sistemas de ducha e impermeabilizaci\u00f3n\",\"publisher\":{\"@id\":\"https:\/\/www.estilguru.com\/pt-pt\/#organization\"},\"potentialAction\":[{\"@type\":\"SearchAction\",\"target\":{\"@type\":\"EntryPoint\",\"urlTemplate\":\"https:\/\/www.estilguru.com\/pt-pt\/?s={search_term_string}\"},\"query-input\":{\"@type\":\"PropertyValueSpecification\",\"valueRequired\":true,\"valueName\":\"search_term_string\"}}],\"inLanguage\":\"pt-PT\"},{\"@type\":\"Organization\",\"@id\":\"https:\/\/www.estilguru.com\/pt-pt\/#organization\",\"name\":\"Estil Guru\",\"url\":\"https:\/\/www.estilguru.com\/pt-pt\/\",\"logo\":{\"@type\":\"ImageObject\",\"inLanguage\":\"pt-PT\",\"@id\":\"https:\/\/www.estilguru.com\/pt-pt\/#\/schema\/logo\/image\/\",\"url\":\"https:\/\/www.estilguru.com\/wp-content\/uploads\/2022\/09\/LOGO-GURU-horizontal-centrado-01.png\",\"contentUrl\":\"https:\/\/www.estilguru.com\/wp-content\/uploads\/2022\/09\/LOGO-GURU-horizontal-centrado-01.png\",\"width\":2000,\"height\":663,\"caption\":\"Estil Guru\"},\"image\":{\"@id\":\"https:\/\/www.estilguru.com\/pt-pt\/#\/schema\/logo\/image\/\"}}]}<\/script>\n<!-- \/ Yoast SEO plugin. -->","yoast_head_json":{"title":"Evolux Vinyl: sistema de duche para pavimentos vin\u00edlicos - Estil Guru","robots":{"index":"index","follow":"follow","max-snippet":"max-snippet:-1","max-image-preview":"max-image-preview:large","max-video-preview":"max-video-preview:-1"},"canonical":"https:\/\/www.estilguru.com\/pt-pt\/producto\/sistema-duche-vinilico-evolux\/","og_locale":"pt_PT","og_type":"article","og_title":"Evolux Vinyl: sistema de duche para pavimentos vin\u00edlicos - Estil Guru","og_description":"O Sistema de Duche Vin\u00edlico Evolux \u00e9 a solu\u00e7\u00e3o ideal para pavimentos vin\u00edlicos em duches e zonas h\u00famidas, garantindo a m\u00e1xima estanquicidade e f\u00e1cil instala\u00e7\u00e3o. O seu design inovador com sistema de fixa\u00e7\u00e3o estanque e mastique MS torna-o perfeito para hospitais, laborat\u00f3rios, balne\u00e1rios e ambientes exigentes.","og_url":"https:\/\/www.estilguru.com\/pt-pt\/producto\/sistema-duche-vinilico-evolux\/","og_site_name":"Estil Guru","article_modified_time":"2025-05-29T13:45:29+00:00","og_image":[{"width":2105,"height":1489,"url":"https:\/\/www.estilguru.com\/wp-content\/uploads\/2025\/03\/EVOLUX-VINYL-BUENO-1.jpg","type":"image\/jpeg"}],"twitter_card":"summary_large_image","twitter_misc":{"Tempo estimado de leitura":"1 minuto"},"schema":{"@context":"https:\/\/schema.org","@graph":[{"@type":"WebPage","@id":"https:\/\/www.estilguru.com\/pt-pt\/producto\/sistema-duche-vinilico-evolux\/","url":"https:\/\/www.estilguru.com\/pt-pt\/producto\/sistema-duche-vinilico-evolux\/","name":"Evolux Vinyl: sistema de duche para pavimentos vin\u00edlicos - Estil Guru","isPartOf":{"@id":"https:\/\/www.estilguru.com\/pt-pt\/#website"},"primaryImageOfPage":{"@id":"https:\/\/www.estilguru.com\/pt-pt\/producto\/sistema-duche-vinilico-evolux\/#primaryimage"},"image":{"@id":"https:\/\/www.estilguru.com\/pt-pt\/producto\/sistema-duche-vinilico-evolux\/#primaryimage"},"thumbnailUrl":"https:\/\/www.estilguru.com\/wp-content\/uploads\/2025\/03\/EVOLUX-VINYL-BUENO-1.jpg","datePublished":"2025-05-29T13:44:25+00:00","dateModified":"2025-05-29T13:45:29+00:00","breadcrumb":{"@id":"https:\/\/www.estilguru.com\/pt-pt\/producto\/sistema-duche-vinilico-evolux\/#breadcrumb"},"inLanguage":"pt-PT","potentialAction":[{"@type":"ReadAction","target":["https:\/\/www.estilguru.com\/pt-pt\/producto\/sistema-duche-vinilico-evolux\/"]}]},{"@type":"ImageObject","inLanguage":"pt-PT","@id":"https:\/\/www.estilguru.com\/pt-pt\/producto\/sistema-duche-vinilico-evolux\/#primaryimage","url":"https:\/\/www.estilguru.com\/wp-content\/uploads\/2025\/03\/EVOLUX-VINYL-BUENO-1.jpg","contentUrl":"https:\/\/www.estilguru.com\/wp-content\/uploads\/2025\/03\/EVOLUX-VINYL-BUENO-1.jpg","width":2105,"height":1489,"caption":"chuveiros para pavimentos vin\u00edlicos"},{"@type":"BreadcrumbList","@id":"https:\/\/www.estilguru.com\/pt-pt\/producto\/sistema-duche-vinilico-evolux\/#breadcrumb","itemListElement":[{"@type":"ListItem","position":1,"name":"Home","item":"https:\/\/www.estilguru.com\/pt-pt\/"},{"@type":"ListItem","position":2,"name":"Produtos","item":"https:\/\/www.estilguru.com\/pt-pt\/shop\/"},{"@type":"ListItem","position":3,"name":"Evolux Vinyl: sistema de duche para pavimentos vin\u00edlicos"}]},{"@type":"WebSite","@id":"https:\/\/www.estilguru.com\/pt-pt\/#website","url":"https:\/\/www.estilguru.com\/pt-pt\/","name":"Estil Guru","description":"Sistemas de ducha e impermeabilizaci\u00f3n","publisher":{"@id":"https:\/\/www.estilguru.com\/pt-pt\/#organization"},"potentialAction":[{"@type":"SearchAction","target":{"@type":"EntryPoint","urlTemplate":"https:\/\/www.estilguru.com\/pt-pt\/?s={search_term_string}"},"query-input":{"@type":"PropertyValueSpecification","valueRequired":true,"valueName":"search_term_string"}}],"inLanguage":"pt-PT"},{"@type":"Organization","@id":"https:\/\/www.estilguru.com\/pt-pt\/#organization","name":"Estil Guru","url":"https:\/\/www.estilguru.com\/pt-pt\/","logo":{"@type":"ImageObject","inLanguage":"pt-PT","@id":"https:\/\/www.estilguru.com\/pt-pt\/#\/schema\/logo\/image\/","url":"https:\/\/www.estilguru.com\/wp-content\/uploads\/2022\/09\/LOGO-GURU-horizontal-centrado-01.png","contentUrl":"https:\/\/www.estilguru.com\/wp-content\/uploads\/2022\/09\/LOGO-GURU-horizontal-centrado-01.png","width":2000,"height":663,"caption":"Estil Guru"},"image":{"@id":"https:\/\/www.estilguru.com\/pt-pt\/#\/schema\/logo\/image\/"}}]}},"_links":{"self":[{"href":"https:\/\/www.estilguru.com\/pt-pt\/wp-json\/wp\/v2\/product\/26817","targetHints":{"allow":["GET"]}}],"collection":[{"href":"https:\/\/www.estilguru.com\/pt-pt\/wp-json\/wp\/v2\/product"}],"about":[{"href":"https:\/\/www.estilguru.com\/pt-pt\/wp-json\/wp\/v2\/types\/product"}],"version-history":[{"count":0,"href":"https:\/\/www.estilguru.com\/pt-pt\/wp-json\/wp\/v2\/product\/26817\/revisions"}],"wp:featuredmedia":[{"embeddable":true,"href":"https:\/\/www.estilguru.com\/pt-pt\/wp-json\/wp\/v2\/media\/23858"}],"wp:attachment":[{"href":"https:\/\/www.estilguru.com\/pt-pt\/wp-json\/wp\/v2\/media?parent=26817"}],"wp:term":[{"taxonomy":"product_brand","embeddable":true,"href":"https:\/\/www.estilguru.com\/pt-pt\/wp-json\/wp\/v2\/product_brand?post=26817"},{"taxonomy":"product_cat","embeddable":true,"href":"https:\/\/www.estilguru.com\/pt-pt\/wp-json\/wp\/v2\/product_cat?post=26817"},{"taxonomy":"product_tag","embeddable":true,"href":"https:\/\/www.estilguru.com\/pt-pt\/wp-json\/wp\/v2\/product_tag?post=26817"}],"curies":[{"name":"wp","href":"https:\/\/api.w.org\/{rel}","templated":true}]}}