{"id":26814,"date":"2025-03-21T16:07:01","date_gmt":"2025-05-29T13:42:42","guid":{"rendered":"https:\/\/www.estilguru.com\/producto\/w-sink-prefabricated-stack\/"},"modified":"2025-07-30T11:17:16","modified_gmt":"2025-07-30T11:17:16","slug":"w-sink-prefabricated-stack","status":"publish","type":"product","link":"https:\/\/www.estilguru.com\/pt-pt\/producto\/w-sink-prefabricated-stack\/","title":{"rendered":"W-S Sink &#8211; Lavat\u00f3rio pr\u00e9-fabricado"},"content":{"rendered":"<div class=\"flex max-w-full flex-col flex-grow\">\n<div class=\"min-h-8 text-message relative flex w-full flex-col items-end gap-2 whitespace-normal break-words text-start [.text-message+&amp;]:mt-5\" dir=\"auto\" data-message-author-role=\"assistant\" data-message-id=\"044fe2be-2986-4701-b471-f2965c1d298b\" data-message-model-slug=\"gpt-4-5\">\n<div class=\"flex w-full flex-col gap-1 empty:hidden first:pt-[3px]\">\n<div class=\"markdown prose w-full break-words dark:prose-invert light\">\n<p data-start=\"0\" data-end=\"419\">O lava-loi\u00e7a pr\u00e9-fabricado W-S \u00e9 a solu\u00e7\u00e3o perfeita para cozinhas modernas e funcionais. Fabricado com os nossos pain\u00e9is imperme\u00e1veis exclusivos W-S Board, oferece a m\u00e1xima estanquicidade, resist\u00eancia e durabilidade. A sua base pr\u00e9-inclinada facilita uma drenagem eficaz, enquanto a sua superf\u00edcie interior permite o revestimento direto com cer\u00e2mica ou microcimento para uma integra\u00e7\u00e3o total no estilo da tua cozinha.<\/p>\n<p data-start=\"421\" data-end=\"680\">Gra\u00e7as ao seu interior espa\u00e7oso, o lava-loi\u00e7a W-S melhora o conforto de lavagem e simplifica a instala\u00e7\u00e3o da torneira diretamente na bancada. Al\u00e9m disso, possui um elegante transbordo em a\u00e7o inoxid\u00e1vel que d\u00e1 um toque sofisticado ao design.<\/p>\n<p data-start=\"682\" data-end=\"777\" data-is-last-node=\"\" data-is-only-node=\"\">O W-S Sink \u00e9 o lava-loi\u00e7a ideal para diferenciar e melhorar qualquer espa\u00e7o de cozinha ou lavandaria.<\/p>\n<\/div>\n<\/div>\n<\/div>\n<\/div>\n<div class=\"mb-2 flex gap-3 -ml-2\">\n<div class=\"flex items-center justify-start rounded-xl p-1\">\n<div>\n<div class=\"flex items-center\"><\/div>\n<\/div>\n<\/div>\n<\/div>\n<p><strong>CARACTER\u00cdSTICAS GERAIS<\/strong><\/p>\n<ul>\n<li>Pr\u00e9-fabricado e impermeabilizado<\/li>\n<li>Pronto para revestir<\/li>\n<li>Adaptabilidade e versatilidade na instala\u00e7\u00e3o<\/li>\n<\/ul>\n<p><strong>DADOS T\u00c9CNICOS<\/strong><\/p>\n<ul>\n<li>Dimens\u00f5es exteriores: 850 x 450 x 240 mm<\/li>\n<li>Inclina\u00e7\u00f5es internas de 1,5%.<\/li>\n<li>Duas camadas de W-S BOARD (interior e exterior).<\/li>\n<\/ul>\n","protected":false},"excerpt":{"rendered":"<p>O lava-loi\u00e7a pr\u00e9-fabricado W-S \u00e9 a solu\u00e7\u00e3o perfeita para cozinhas modernas e funcionais. Fabricado com os nossos pain\u00e9is imperme\u00e1veis exclusivos W-S Board, oferece a m\u00e1xima estanquicidade, resist\u00eancia e durabilidade.<\/p>\n","protected":false},"featured_media":24640,"template":"","meta":{"site-sidebar-layout":"default","site-content-layout":"default","ast-main-header-display":"","ast-hfb-above-header-display":"","ast-hfb-below-header-display":"","ast-hfb-mobile-header-display":"","site-post-title":"","ast-breadcrumbs-content":"","ast-featured-img":"","footer-sml-layout":"","theme-transparent-header-meta":"default","adv-header-id-meta":"","stick-header-meta":"","header-above-stick-meta":"","header-main-stick-meta":"","header-below-stick-meta":""},"product_brand":[],"product_cat":[108,274],"product_tag":[],"class_list":{"0":"post-26814","1":"product","2":"type-product","3":"status-publish","4":"has-post-thumbnail","6":"product_cat-sistemas-de-impermeabilizacao","7":"product_cat-construcao-a-seco","9":"first","10":"instock","11":"shipping-taxable","12":"product-type-simple"},"yoast_head":"<!-- This site is optimized with the Yoast SEO plugin v27.1.1 - https:\/\/yoast.com\/product\/yoast-seo-wordpress\/ -->\n<title>W-S Sink - Lavat\u00f3rio pr\u00e9-fabricado - Estil Guru<\/title>\n<meta name=\"robots\" content=\"index, follow, max-snippet:-1, max-image-preview:large, max-video-preview:-1\" \/>\n<link rel=\"canonical\" href=\"https:\/\/www.estilguru.com\/pt-pt\/producto\/w-sink-prefabricated-stack\/\" \/>\n<meta property=\"og:locale\" content=\"pt_PT\" \/>\n<meta property=\"og:type\" content=\"article\" \/>\n<meta property=\"og:title\" content=\"W-S Sink - Lavat\u00f3rio pr\u00e9-fabricado - Estil Guru\" \/>\n<meta property=\"og:description\" content=\"O lava-loi\u00e7a pr\u00e9-fabricado W-S \u00e9 a solu\u00e7\u00e3o perfeita para cozinhas modernas e funcionais. Fabricado com os nossos pain\u00e9is imperme\u00e1veis exclusivos W-S Board, oferece a m\u00e1xima estanquicidade, resist\u00eancia e durabilidade.\" \/>\n<meta property=\"og:url\" content=\"https:\/\/www.estilguru.com\/pt-pt\/producto\/w-sink-prefabricated-stack\/\" \/>\n<meta property=\"og:site_name\" content=\"Estil Guru\" \/>\n<meta property=\"article:modified_time\" content=\"2025-07-30T11:17:16+00:00\" \/>\n<meta property=\"og:image\" content=\"https:\/\/www.estilguru.com\/wp-content\/uploads\/2025\/03\/W-S-WASIN-SOPORTE.40-1.jpg\" \/>\n\t<meta property=\"og:image:width\" content=\"1800\" \/>\n\t<meta property=\"og:image:height\" content=\"1263\" \/>\n\t<meta property=\"og:image:type\" content=\"image\/jpeg\" \/>\n<meta name=\"twitter:card\" content=\"summary_large_image\" \/>\n<meta name=\"twitter:label1\" content=\"Tempo estimado de leitura\" \/>\n\t<meta name=\"twitter:data1\" content=\"1 minuto\" \/>\n<script type=\"application\/ld+json\" class=\"yoast-schema-graph\">{\"@context\":\"https:\/\/schema.org\",\"@graph\":[{\"@type\":\"WebPage\",\"@id\":\"https:\/\/www.estilguru.com\/pt-pt\/producto\/w-sink-prefabricated-stack\/\",\"url\":\"https:\/\/www.estilguru.com\/pt-pt\/producto\/w-sink-prefabricated-stack\/\",\"name\":\"W-S Sink - Lavat\u00f3rio pr\u00e9-fabricado - Estil Guru\",\"isPartOf\":{\"@id\":\"https:\/\/www.estilguru.com\/pt-pt\/#website\"},\"primaryImageOfPage\":{\"@id\":\"https:\/\/www.estilguru.com\/pt-pt\/producto\/w-sink-prefabricated-stack\/#primaryimage\"},\"image\":{\"@id\":\"https:\/\/www.estilguru.com\/pt-pt\/producto\/w-sink-prefabricated-stack\/#primaryimage\"},\"thumbnailUrl\":\"https:\/\/www.estilguru.com\/wp-content\/uploads\/2025\/03\/W-S-WASIN-SOPORTE.40-1.jpg\",\"datePublished\":\"2025-05-29T13:42:42+00:00\",\"dateModified\":\"2025-07-30T11:17:16+00:00\",\"breadcrumb\":{\"@id\":\"https:\/\/www.estilguru.com\/pt-pt\/producto\/w-sink-prefabricated-stack\/#breadcrumb\"},\"inLanguage\":\"pt-PT\",\"potentialAction\":[{\"@type\":\"ReadAction\",\"target\":[\"https:\/\/www.estilguru.com\/pt-pt\/producto\/w-sink-prefabricated-stack\/\"]}]},{\"@type\":\"ImageObject\",\"inLanguage\":\"pt-PT\",\"@id\":\"https:\/\/www.estilguru.com\/pt-pt\/producto\/w-sink-prefabricated-stack\/#primaryimage\",\"url\":\"https:\/\/www.estilguru.com\/wp-content\/uploads\/2025\/03\/W-S-WASIN-SOPORTE.40-1.jpg\",\"contentUrl\":\"https:\/\/www.estilguru.com\/wp-content\/uploads\/2025\/03\/W-S-WASIN-SOPORTE.40-1.jpg\",\"width\":1800,\"height\":1263,\"caption\":\"bateria \u00e0 prova de \u00e1gua\"},{\"@type\":\"BreadcrumbList\",\"@id\":\"https:\/\/www.estilguru.com\/pt-pt\/producto\/w-sink-prefabricated-stack\/#breadcrumb\",\"itemListElement\":[{\"@type\":\"ListItem\",\"position\":1,\"name\":\"Home\",\"item\":\"https:\/\/www.estilguru.com\/pt-pt\/\"},{\"@type\":\"ListItem\",\"position\":2,\"name\":\"Produtos\",\"item\":\"https:\/\/www.estilguru.com\/pt-pt\/shop\/\"},{\"@type\":\"ListItem\",\"position\":3,\"name\":\"W-S Sink &#8211; Lavat\u00f3rio pr\u00e9-fabricado\"}]},{\"@type\":\"WebSite\",\"@id\":\"https:\/\/www.estilguru.com\/pt-pt\/#website\",\"url\":\"https:\/\/www.estilguru.com\/pt-pt\/\",\"name\":\"Estil Guru\",\"description\":\"Sistemas de ducha e impermeabilizaci\u00f3n\",\"publisher\":{\"@id\":\"https:\/\/www.estilguru.com\/pt-pt\/#organization\"},\"potentialAction\":[{\"@type\":\"SearchAction\",\"target\":{\"@type\":\"EntryPoint\",\"urlTemplate\":\"https:\/\/www.estilguru.com\/pt-pt\/?s={search_term_string}\"},\"query-input\":{\"@type\":\"PropertyValueSpecification\",\"valueRequired\":true,\"valueName\":\"search_term_string\"}}],\"inLanguage\":\"pt-PT\"},{\"@type\":\"Organization\",\"@id\":\"https:\/\/www.estilguru.com\/pt-pt\/#organization\",\"name\":\"Estil Guru\",\"url\":\"https:\/\/www.estilguru.com\/pt-pt\/\",\"logo\":{\"@type\":\"ImageObject\",\"inLanguage\":\"pt-PT\",\"@id\":\"https:\/\/www.estilguru.com\/pt-pt\/#\/schema\/logo\/image\/\",\"url\":\"https:\/\/www.estilguru.com\/wp-content\/uploads\/2022\/09\/LOGO-GURU-horizontal-centrado-01.png\",\"contentUrl\":\"https:\/\/www.estilguru.com\/wp-content\/uploads\/2022\/09\/LOGO-GURU-horizontal-centrado-01.png\",\"width\":2000,\"height\":663,\"caption\":\"Estil Guru\"},\"image\":{\"@id\":\"https:\/\/www.estilguru.com\/pt-pt\/#\/schema\/logo\/image\/\"}}]}<\/script>\n<!-- \/ Yoast SEO plugin. -->","yoast_head_json":{"title":"W-S Sink - Lavat\u00f3rio pr\u00e9-fabricado - Estil Guru","robots":{"index":"index","follow":"follow","max-snippet":"max-snippet:-1","max-image-preview":"max-image-preview:large","max-video-preview":"max-video-preview:-1"},"canonical":"https:\/\/www.estilguru.com\/pt-pt\/producto\/w-sink-prefabricated-stack\/","og_locale":"pt_PT","og_type":"article","og_title":"W-S Sink - Lavat\u00f3rio pr\u00e9-fabricado - Estil Guru","og_description":"O lava-loi\u00e7a pr\u00e9-fabricado W-S \u00e9 a solu\u00e7\u00e3o perfeita para cozinhas modernas e funcionais. Fabricado com os nossos pain\u00e9is imperme\u00e1veis exclusivos W-S Board, oferece a m\u00e1xima estanquicidade, resist\u00eancia e durabilidade.","og_url":"https:\/\/www.estilguru.com\/pt-pt\/producto\/w-sink-prefabricated-stack\/","og_site_name":"Estil Guru","article_modified_time":"2025-07-30T11:17:16+00:00","og_image":[{"width":1800,"height":1263,"url":"https:\/\/www.estilguru.com\/wp-content\/uploads\/2025\/03\/W-S-WASIN-SOPORTE.40-1.jpg","type":"image\/jpeg"}],"twitter_card":"summary_large_image","twitter_misc":{"Tempo estimado de leitura":"1 minuto"},"schema":{"@context":"https:\/\/schema.org","@graph":[{"@type":"WebPage","@id":"https:\/\/www.estilguru.com\/pt-pt\/producto\/w-sink-prefabricated-stack\/","url":"https:\/\/www.estilguru.com\/pt-pt\/producto\/w-sink-prefabricated-stack\/","name":"W-S Sink - Lavat\u00f3rio pr\u00e9-fabricado - Estil Guru","isPartOf":{"@id":"https:\/\/www.estilguru.com\/pt-pt\/#website"},"primaryImageOfPage":{"@id":"https:\/\/www.estilguru.com\/pt-pt\/producto\/w-sink-prefabricated-stack\/#primaryimage"},"image":{"@id":"https:\/\/www.estilguru.com\/pt-pt\/producto\/w-sink-prefabricated-stack\/#primaryimage"},"thumbnailUrl":"https:\/\/www.estilguru.com\/wp-content\/uploads\/2025\/03\/W-S-WASIN-SOPORTE.40-1.jpg","datePublished":"2025-05-29T13:42:42+00:00","dateModified":"2025-07-30T11:17:16+00:00","breadcrumb":{"@id":"https:\/\/www.estilguru.com\/pt-pt\/producto\/w-sink-prefabricated-stack\/#breadcrumb"},"inLanguage":"pt-PT","potentialAction":[{"@type":"ReadAction","target":["https:\/\/www.estilguru.com\/pt-pt\/producto\/w-sink-prefabricated-stack\/"]}]},{"@type":"ImageObject","inLanguage":"pt-PT","@id":"https:\/\/www.estilguru.com\/pt-pt\/producto\/w-sink-prefabricated-stack\/#primaryimage","url":"https:\/\/www.estilguru.com\/wp-content\/uploads\/2025\/03\/W-S-WASIN-SOPORTE.40-1.jpg","contentUrl":"https:\/\/www.estilguru.com\/wp-content\/uploads\/2025\/03\/W-S-WASIN-SOPORTE.40-1.jpg","width":1800,"height":1263,"caption":"bateria \u00e0 prova de \u00e1gua"},{"@type":"BreadcrumbList","@id":"https:\/\/www.estilguru.com\/pt-pt\/producto\/w-sink-prefabricated-stack\/#breadcrumb","itemListElement":[{"@type":"ListItem","position":1,"name":"Home","item":"https:\/\/www.estilguru.com\/pt-pt\/"},{"@type":"ListItem","position":2,"name":"Produtos","item":"https:\/\/www.estilguru.com\/pt-pt\/shop\/"},{"@type":"ListItem","position":3,"name":"W-S Sink &#8211; Lavat\u00f3rio pr\u00e9-fabricado"}]},{"@type":"WebSite","@id":"https:\/\/www.estilguru.com\/pt-pt\/#website","url":"https:\/\/www.estilguru.com\/pt-pt\/","name":"Estil Guru","description":"Sistemas de ducha e impermeabilizaci\u00f3n","publisher":{"@id":"https:\/\/www.estilguru.com\/pt-pt\/#organization"},"potentialAction":[{"@type":"SearchAction","target":{"@type":"EntryPoint","urlTemplate":"https:\/\/www.estilguru.com\/pt-pt\/?s={search_term_string}"},"query-input":{"@type":"PropertyValueSpecification","valueRequired":true,"valueName":"search_term_string"}}],"inLanguage":"pt-PT"},{"@type":"Organization","@id":"https:\/\/www.estilguru.com\/pt-pt\/#organization","name":"Estil Guru","url":"https:\/\/www.estilguru.com\/pt-pt\/","logo":{"@type":"ImageObject","inLanguage":"pt-PT","@id":"https:\/\/www.estilguru.com\/pt-pt\/#\/schema\/logo\/image\/","url":"https:\/\/www.estilguru.com\/wp-content\/uploads\/2022\/09\/LOGO-GURU-horizontal-centrado-01.png","contentUrl":"https:\/\/www.estilguru.com\/wp-content\/uploads\/2022\/09\/LOGO-GURU-horizontal-centrado-01.png","width":2000,"height":663,"caption":"Estil Guru"},"image":{"@id":"https:\/\/www.estilguru.com\/pt-pt\/#\/schema\/logo\/image\/"}}]}},"_links":{"self":[{"href":"https:\/\/www.estilguru.com\/pt-pt\/wp-json\/wp\/v2\/product\/26814","targetHints":{"allow":["GET"]}}],"collection":[{"href":"https:\/\/www.estilguru.com\/pt-pt\/wp-json\/wp\/v2\/product"}],"about":[{"href":"https:\/\/www.estilguru.com\/pt-pt\/wp-json\/wp\/v2\/types\/product"}],"version-history":[{"count":0,"href":"https:\/\/www.estilguru.com\/pt-pt\/wp-json\/wp\/v2\/product\/26814\/revisions"}],"wp:featuredmedia":[{"embeddable":true,"href":"https:\/\/www.estilguru.com\/pt-pt\/wp-json\/wp\/v2\/media\/24640"}],"wp:attachment":[{"href":"https:\/\/www.estilguru.com\/pt-pt\/wp-json\/wp\/v2\/media?parent=26814"}],"wp:term":[{"taxonomy":"product_brand","embeddable":true,"href":"https:\/\/www.estilguru.com\/pt-pt\/wp-json\/wp\/v2\/product_brand?post=26814"},{"taxonomy":"product_cat","embeddable":true,"href":"https:\/\/www.estilguru.com\/pt-pt\/wp-json\/wp\/v2\/product_cat?post=26814"},{"taxonomy":"product_tag","embeddable":true,"href":"https:\/\/www.estilguru.com\/pt-pt\/wp-json\/wp\/v2\/product_tag?post=26814"}],"curies":[{"name":"wp","href":"https:\/\/api.w.org\/{rel}","templated":true}]}}