{"id":24055,"date":"2022-12-19T10:02:20","date_gmt":"2025-03-07T13:56:01","guid":{"rendered":"https:\/\/www.estilguru.com\/producto\/evo-feels-rose\/"},"modified":"2025-03-07T13:56:01","modified_gmt":"2025-03-07T13:56:01","slug":"evo-feels-rose","status":"publish","type":"product","link":"https:\/\/www.estilguru.com\/pt-pt\/producto\/evo-feels-rose\/","title":{"rendered":"Evo Feels Ros\u00e9"},"content":{"rendered":"<p>O nosso <strong>Evo Feels Ros\u00e9<\/strong> \u00e9 um ralo com impermeabiliza\u00e7\u00e3o para dar um toque de cor aos nossos duches. Este kit \u00e9 perfeito para a prote\u00e7\u00e3o imperme\u00e1vel de \u00e1reas expostas \u00e0 \u00e1gua, tais como vesti\u00e1rios, duches, casas de banho&#8230; <\/p>\n<p>Este kit \u00e9 composto por:<\/p>\n<ul>\n<li>Pel\u00edcula de impermeabiliza\u00e7\u00e3o Water-Stop selada para garantir a estanquidade total da instala\u00e7\u00e3o.<\/li>\n<li>Grelha texturada em cor verde menta e feita de a\u00e7o inoxid\u00e1vel. O tamanho da grelha \u00e9 de 10,8 x 10,8 cm. <\/li>\n<li>Limpa e remove facilmente a m\u00e1quina de cortar cabelo.<\/li>\n<li>Adaptador.<\/li>\n<li>Coroa em borracha e copo em ABS para garantir um ajuste perfeito.<\/li>\n<li>Sumidouro sif\u00f3nico Ruber de baixo perfil, com a possibilidade de instalar o sif\u00e3o com altura reduzida.<\/li>\n<li>Redutor de 40\/50 mm.<\/li>\n<\/ul>\n<p>Acess\u00f3rios inclu\u00eddos no kit:<\/p>\n<ul>\n<li>2 W-S DEX para maior seguran\u00e7a na impermeabiliza\u00e7\u00e3o das juntas.<\/li>\n<li>2 W-S TUB para impermeabiliza\u00e7\u00e3o total ao instalar o tubo de drenagem.<\/li>\n<li>1 Tampa de instala\u00e7\u00e3o para evitar fugas no sif\u00e3o RUBER.<\/li>\n<\/ul>\n","protected":false},"excerpt":{"rendered":"<p>O nosso <strong>Evo Feels Ros\u00e9<\/strong> \u00e9 um ralo com impermeabiliza\u00e7\u00e3o para dar um toque de cor aos nossos duches. Este kit \u00e9 perfeito para a prote\u00e7\u00e3o imperme\u00e1vel de \u00e1reas expostas \u00e0 \u00e1gua, tais como vesti\u00e1rios, duches, casas de banho&#8230; <\/p>\n","protected":false},"featured_media":11037,"template":"","meta":{"site-sidebar-layout":"default","site-content-layout":"default","ast-main-header-display":"","ast-hfb-above-header-display":"","ast-hfb-below-header-display":"","ast-hfb-mobile-header-display":"","site-post-title":"","ast-breadcrumbs-content":"","ast-featured-img":"","footer-sml-layout":"","theme-transparent-header-meta":"default","adv-header-id-meta":"","stick-header-meta":"","header-above-stick-meta":"","header-main-stick-meta":"","header-below-stick-meta":""},"product_brand":[],"product_cat":[135,110,109],"product_tag":[],"class_list":{"0":"post-24055","1":"product","2":"type-product","3":"status-publish","4":"has-post-thumbnail","6":"product_cat-drenos-integrados","7":"product_cat-ralos-design","8":"product_cat-ralos-duche","10":"first","11":"instock","12":"shipping-taxable","13":"product-type-simple"},"yoast_head":"<!-- This site is optimized with the Yoast SEO plugin v27.1.1 - https:\/\/yoast.com\/product\/yoast-seo-wordpress\/ -->\n<title>Evo Feels Ros\u00e9 - Estil Guru<\/title>\n<meta name=\"robots\" content=\"index, follow, max-snippet:-1, max-image-preview:large, max-video-preview:-1\" \/>\n<link rel=\"canonical\" href=\"https:\/\/www.estilguru.com\/pt-pt\/producto\/evo-feels-rose\/\" \/>\n<meta property=\"og:locale\" content=\"pt_PT\" \/>\n<meta property=\"og:type\" content=\"article\" \/>\n<meta property=\"og:title\" content=\"Evo Feels Ros\u00e9 - Estil Guru\" \/>\n<meta property=\"og:description\" content=\"O nosso Evo Feels Ros\u00e9 \u00e9 um ralo com impermeabiliza\u00e7\u00e3o para dar um toque de cor aos nossos duches. Este kit \u00e9 perfeito para a prote\u00e7\u00e3o imperme\u00e1vel de \u00e1reas expostas \u00e0 \u00e1gua, tais como vesti\u00e1rios, duches, casas de banho...\" \/>\n<meta property=\"og:url\" content=\"https:\/\/www.estilguru.com\/pt-pt\/producto\/evo-feels-rose\/\" \/>\n<meta property=\"og:site_name\" content=\"Estil Guru\" \/>\n<meta property=\"og:image\" content=\"https:\/\/www.estilguru.com\/wp-content\/uploads\/2022\/12\/EVO-TREND-ROSA-DEF.jpg\" \/>\n\t<meta property=\"og:image:width\" content=\"2000\" \/>\n\t<meta property=\"og:image:height\" content=\"1126\" \/>\n\t<meta property=\"og:image:type\" content=\"image\/jpeg\" \/>\n<meta name=\"twitter:card\" content=\"summary_large_image\" \/>\n<meta name=\"twitter:label1\" content=\"Tempo estimado de leitura\" \/>\n\t<meta name=\"twitter:data1\" content=\"1 minuto\" \/>\n<script type=\"application\/ld+json\" class=\"yoast-schema-graph\">{\"@context\":\"https:\/\/schema.org\",\"@graph\":[{\"@type\":\"WebPage\",\"@id\":\"https:\/\/www.estilguru.com\/pt-pt\/producto\/evo-feels-rose\/\",\"url\":\"https:\/\/www.estilguru.com\/pt-pt\/producto\/evo-feels-rose\/\",\"name\":\"Evo Feels Ros\u00e9 - Estil Guru\",\"isPartOf\":{\"@id\":\"https:\/\/www.estilguru.com\/pt-pt\/#website\"},\"primaryImageOfPage\":{\"@id\":\"https:\/\/www.estilguru.com\/pt-pt\/producto\/evo-feels-rose\/#primaryimage\"},\"image\":{\"@id\":\"https:\/\/www.estilguru.com\/pt-pt\/producto\/evo-feels-rose\/#primaryimage\"},\"thumbnailUrl\":\"https:\/\/www.estilguru.com\/wp-content\/uploads\/2022\/12\/EVO-TREND-ROSA-DEF.jpg\",\"datePublished\":\"2025-03-07T13:56:01+00:00\",\"breadcrumb\":{\"@id\":\"https:\/\/www.estilguru.com\/pt-pt\/producto\/evo-feels-rose\/#breadcrumb\"},\"inLanguage\":\"pt-PT\",\"potentialAction\":[{\"@type\":\"ReadAction\",\"target\":[\"https:\/\/www.estilguru.com\/pt-pt\/producto\/evo-feels-rose\/\"]}]},{\"@type\":\"ImageObject\",\"inLanguage\":\"pt-PT\",\"@id\":\"https:\/\/www.estilguru.com\/pt-pt\/producto\/evo-feels-rose\/#primaryimage\",\"url\":\"https:\/\/www.estilguru.com\/wp-content\/uploads\/2022\/12\/EVO-TREND-ROSA-DEF.jpg\",\"contentUrl\":\"https:\/\/www.estilguru.com\/wp-content\/uploads\/2022\/12\/EVO-TREND-ROSA-DEF.jpg\",\"width\":2000,\"height\":1126,\"caption\":\"EVO FEELS ROS\u00c9 PINK\"},{\"@type\":\"BreadcrumbList\",\"@id\":\"https:\/\/www.estilguru.com\/pt-pt\/producto\/evo-feels-rose\/#breadcrumb\",\"itemListElement\":[{\"@type\":\"ListItem\",\"position\":1,\"name\":\"Home\",\"item\":\"https:\/\/www.estilguru.com\/pt-pt\/\"},{\"@type\":\"ListItem\",\"position\":2,\"name\":\"Produtos\",\"item\":\"https:\/\/www.estilguru.com\/pt-pt\/shop\/\"},{\"@type\":\"ListItem\",\"position\":3,\"name\":\"Evo Feels Ros\u00e9\"}]},{\"@type\":\"WebSite\",\"@id\":\"https:\/\/www.estilguru.com\/pt-pt\/#website\",\"url\":\"https:\/\/www.estilguru.com\/pt-pt\/\",\"name\":\"Estil Guru\",\"description\":\"Sistemas de ducha e impermeabilizaci\u00f3n\",\"publisher\":{\"@id\":\"https:\/\/www.estilguru.com\/pt-pt\/#organization\"},\"potentialAction\":[{\"@type\":\"SearchAction\",\"target\":{\"@type\":\"EntryPoint\",\"urlTemplate\":\"https:\/\/www.estilguru.com\/pt-pt\/?s={search_term_string}\"},\"query-input\":{\"@type\":\"PropertyValueSpecification\",\"valueRequired\":true,\"valueName\":\"search_term_string\"}}],\"inLanguage\":\"pt-PT\"},{\"@type\":\"Organization\",\"@id\":\"https:\/\/www.estilguru.com\/pt-pt\/#organization\",\"name\":\"Estil Guru\",\"url\":\"https:\/\/www.estilguru.com\/pt-pt\/\",\"logo\":{\"@type\":\"ImageObject\",\"inLanguage\":\"pt-PT\",\"@id\":\"https:\/\/www.estilguru.com\/pt-pt\/#\/schema\/logo\/image\/\",\"url\":\"https:\/\/www.estilguru.com\/wp-content\/uploads\/2022\/09\/LOGO-GURU-horizontal-centrado-01.png\",\"contentUrl\":\"https:\/\/www.estilguru.com\/wp-content\/uploads\/2022\/09\/LOGO-GURU-horizontal-centrado-01.png\",\"width\":2000,\"height\":663,\"caption\":\"Estil Guru\"},\"image\":{\"@id\":\"https:\/\/www.estilguru.com\/pt-pt\/#\/schema\/logo\/image\/\"}}]}<\/script>\n<!-- \/ Yoast SEO plugin. -->","yoast_head_json":{"title":"Evo Feels Ros\u00e9 - Estil Guru","robots":{"index":"index","follow":"follow","max-snippet":"max-snippet:-1","max-image-preview":"max-image-preview:large","max-video-preview":"max-video-preview:-1"},"canonical":"https:\/\/www.estilguru.com\/pt-pt\/producto\/evo-feels-rose\/","og_locale":"pt_PT","og_type":"article","og_title":"Evo Feels Ros\u00e9 - Estil Guru","og_description":"O nosso Evo Feels Ros\u00e9 \u00e9 um ralo com impermeabiliza\u00e7\u00e3o para dar um toque de cor aos nossos duches. Este kit \u00e9 perfeito para a prote\u00e7\u00e3o imperme\u00e1vel de \u00e1reas expostas \u00e0 \u00e1gua, tais como vesti\u00e1rios, duches, casas de banho...","og_url":"https:\/\/www.estilguru.com\/pt-pt\/producto\/evo-feels-rose\/","og_site_name":"Estil Guru","og_image":[{"width":2000,"height":1126,"url":"https:\/\/www.estilguru.com\/wp-content\/uploads\/2022\/12\/EVO-TREND-ROSA-DEF.jpg","type":"image\/jpeg"}],"twitter_card":"summary_large_image","twitter_misc":{"Tempo estimado de leitura":"1 minuto"},"schema":{"@context":"https:\/\/schema.org","@graph":[{"@type":"WebPage","@id":"https:\/\/www.estilguru.com\/pt-pt\/producto\/evo-feels-rose\/","url":"https:\/\/www.estilguru.com\/pt-pt\/producto\/evo-feels-rose\/","name":"Evo Feels Ros\u00e9 - Estil Guru","isPartOf":{"@id":"https:\/\/www.estilguru.com\/pt-pt\/#website"},"primaryImageOfPage":{"@id":"https:\/\/www.estilguru.com\/pt-pt\/producto\/evo-feels-rose\/#primaryimage"},"image":{"@id":"https:\/\/www.estilguru.com\/pt-pt\/producto\/evo-feels-rose\/#primaryimage"},"thumbnailUrl":"https:\/\/www.estilguru.com\/wp-content\/uploads\/2022\/12\/EVO-TREND-ROSA-DEF.jpg","datePublished":"2025-03-07T13:56:01+00:00","breadcrumb":{"@id":"https:\/\/www.estilguru.com\/pt-pt\/producto\/evo-feels-rose\/#breadcrumb"},"inLanguage":"pt-PT","potentialAction":[{"@type":"ReadAction","target":["https:\/\/www.estilguru.com\/pt-pt\/producto\/evo-feels-rose\/"]}]},{"@type":"ImageObject","inLanguage":"pt-PT","@id":"https:\/\/www.estilguru.com\/pt-pt\/producto\/evo-feels-rose\/#primaryimage","url":"https:\/\/www.estilguru.com\/wp-content\/uploads\/2022\/12\/EVO-TREND-ROSA-DEF.jpg","contentUrl":"https:\/\/www.estilguru.com\/wp-content\/uploads\/2022\/12\/EVO-TREND-ROSA-DEF.jpg","width":2000,"height":1126,"caption":"EVO FEELS ROS\u00c9 PINK"},{"@type":"BreadcrumbList","@id":"https:\/\/www.estilguru.com\/pt-pt\/producto\/evo-feels-rose\/#breadcrumb","itemListElement":[{"@type":"ListItem","position":1,"name":"Home","item":"https:\/\/www.estilguru.com\/pt-pt\/"},{"@type":"ListItem","position":2,"name":"Produtos","item":"https:\/\/www.estilguru.com\/pt-pt\/shop\/"},{"@type":"ListItem","position":3,"name":"Evo Feels Ros\u00e9"}]},{"@type":"WebSite","@id":"https:\/\/www.estilguru.com\/pt-pt\/#website","url":"https:\/\/www.estilguru.com\/pt-pt\/","name":"Estil Guru","description":"Sistemas de ducha e impermeabilizaci\u00f3n","publisher":{"@id":"https:\/\/www.estilguru.com\/pt-pt\/#organization"},"potentialAction":[{"@type":"SearchAction","target":{"@type":"EntryPoint","urlTemplate":"https:\/\/www.estilguru.com\/pt-pt\/?s={search_term_string}"},"query-input":{"@type":"PropertyValueSpecification","valueRequired":true,"valueName":"search_term_string"}}],"inLanguage":"pt-PT"},{"@type":"Organization","@id":"https:\/\/www.estilguru.com\/pt-pt\/#organization","name":"Estil Guru","url":"https:\/\/www.estilguru.com\/pt-pt\/","logo":{"@type":"ImageObject","inLanguage":"pt-PT","@id":"https:\/\/www.estilguru.com\/pt-pt\/#\/schema\/logo\/image\/","url":"https:\/\/www.estilguru.com\/wp-content\/uploads\/2022\/09\/LOGO-GURU-horizontal-centrado-01.png","contentUrl":"https:\/\/www.estilguru.com\/wp-content\/uploads\/2022\/09\/LOGO-GURU-horizontal-centrado-01.png","width":2000,"height":663,"caption":"Estil Guru"},"image":{"@id":"https:\/\/www.estilguru.com\/pt-pt\/#\/schema\/logo\/image\/"}}]}},"_links":{"self":[{"href":"https:\/\/www.estilguru.com\/pt-pt\/wp-json\/wp\/v2\/product\/24055","targetHints":{"allow":["GET"]}}],"collection":[{"href":"https:\/\/www.estilguru.com\/pt-pt\/wp-json\/wp\/v2\/product"}],"about":[{"href":"https:\/\/www.estilguru.com\/pt-pt\/wp-json\/wp\/v2\/types\/product"}],"version-history":[{"count":0,"href":"https:\/\/www.estilguru.com\/pt-pt\/wp-json\/wp\/v2\/product\/24055\/revisions"}],"wp:featuredmedia":[{"embeddable":true,"href":"https:\/\/www.estilguru.com\/pt-pt\/wp-json\/wp\/v2\/media\/11037"}],"wp:attachment":[{"href":"https:\/\/www.estilguru.com\/pt-pt\/wp-json\/wp\/v2\/media?parent=24055"}],"wp:term":[{"taxonomy":"product_brand","embeddable":true,"href":"https:\/\/www.estilguru.com\/pt-pt\/wp-json\/wp\/v2\/product_brand?post=24055"},{"taxonomy":"product_cat","embeddable":true,"href":"https:\/\/www.estilguru.com\/pt-pt\/wp-json\/wp\/v2\/product_cat?post=24055"},{"taxonomy":"product_tag","embeddable":true,"href":"https:\/\/www.estilguru.com\/pt-pt\/wp-json\/wp\/v2\/product_tag?post=24055"}],"curies":[{"name":"wp","href":"https:\/\/api.w.org\/{rel}","templated":true}]}}