{"id":23717,"date":"2023-01-24T12:11:54","date_gmt":"2025-03-05T11:17:27","guid":{"rendered":"https:\/\/www.estilguru.com\/producto\/evolux-shelf-plus-triangle-dark\/"},"modified":"2025-03-05T11:17:27","modified_gmt":"2025-03-05T11:17:27","slug":"evolux-shelf-plus-triangle-dark","status":"publish","type":"product","link":"https:\/\/www.estilguru.com\/pt-pt\/producto\/evolux-shelf-plus-triangle-dark\/","title":{"rendered":"EVOLUX SHELF PLUS TRIANGLE DARK"},"content":{"rendered":"<p>A prateleira de duche triangular <strong>EVOLUX SHELF PLUS TRIANGLE DARK<\/strong> \u00e9 uma op\u00e7\u00e3o elegante e pr\u00e1tica para armazenar facilmente o gel de duche, o champ\u00f4, &#8230; Fabricada em a\u00e7o inoxid\u00e1vel de alta qualidade, esta prateleira \u00e9 resistente \u00e0 humidade e \u00e0 corros\u00e3o, o que a torna perfeita para ser utilizada em qualquer tipo de duche ou banheira.<\/p>\n<p>A sua instala\u00e7\u00e3o n\u00e3o requer colas que se podem deteriorar com o tempo, nem tamp\u00f5es que podem atravessar a impermeabiliza\u00e7\u00e3o; instala-se entre as juntas dos azulejos, obtendo assim a maior efic\u00e1cia poss\u00edvel. Este modelo \u00e9 capaz de suportar uma carga de 30 kg. <\/p>\n<p>Gra\u00e7as ao seu design triangular e ao acabamento em a\u00e7o inoxid\u00e1vel preto, esta prateleira combina perfeitamente com qualquer design moderno de casa de banho. Al\u00e9m disso, a sua forma triangular permite uma maior capacidade de arruma\u00e7\u00e3o, tornando-a uma excelente escolha para quem procura organizar os seus produtos de casa de banho de forma eficiente e bonita ao mesmo tempo. <\/p>\n<p>A instala\u00e7\u00e3o desta prateleira \u00e9 r\u00e1pida e f\u00e1cil. Al\u00e9m disso, o seu design minimalista e elegante torna-a ideal tanto para casas de banho novas como para renova\u00e7\u00f5es. <\/p>\n<p>A prateleira triangular de a\u00e7o inoxid\u00e1vel para duche em preto \u00e9 uma op\u00e7\u00e3o duradoura e elegante para arruma\u00e7\u00e3o na casa de banho, oferecendo uma grande capacidade de arruma\u00e7\u00e3o e integrando-se perfeitamente em qualquer design moderno de casa de banho.<\/p>\n<ul>\n<li><strong>Ref:<\/strong> IZ10301<\/li>\n<\/ul>\n","protected":false},"excerpt":{"rendered":"<p>A prateleira de duche triangular em a\u00e7o inoxid\u00e1vel <strong>EVOLUX SHELF PLUSTRIANGLE DARK<\/strong> \u00e9 uma op\u00e7\u00e3o inovadora e pr\u00e1tica para a arruma\u00e7\u00e3o da casa de banho. Fabricada em a\u00e7o inoxid\u00e1vel de alta qualidade, esta prateleira \u00e9 resistente \u00e0 humidade e \u00e0 corros\u00e3o, o que a torna perfeita para ser utilizada em qualquer tipo de duche ou banheira. <\/p>\n<ul>\n<li><strong>Ref:<\/strong> IZ10301<\/li>\n<\/ul>\n","protected":false},"featured_media":12518,"template":"","meta":{"site-sidebar-layout":"default","site-content-layout":"default","ast-main-header-display":"","ast-hfb-above-header-display":"","ast-hfb-below-header-display":"","ast-hfb-mobile-header-display":"","site-post-title":"","ast-breadcrumbs-content":"","ast-featured-img":"","footer-sml-layout":"","theme-transparent-header-meta":"default","adv-header-id-meta":"","stick-header-meta":"","header-above-stick-meta":"","header-main-stick-meta":"","header-below-stick-meta":""},"product_brand":[],"product_cat":[277,300,286,108],"product_tag":[],"class_list":{"0":"post-23717","1":"product","2":"type-product","3":"status-publish","4":"has-post-thumbnail","6":"product_cat-prateleiras-de-duche","7":"product_cat-prateleiras-de-duche-pretas","8":"product_cat-prateleiras-de-duche-triangulares","9":"product_cat-sistemas-de-impermeabilizacao","11":"first","12":"instock","13":"shipping-taxable","14":"product-type-simple"},"yoast_head":"<!-- This site is optimized with the Yoast SEO plugin v27.1.1 - https:\/\/yoast.com\/product\/yoast-seo-wordpress\/ -->\n<title>EVOLUX SHELF PLUS TRIANGLE DARK - Estil Guru<\/title>\n<meta name=\"robots\" content=\"index, follow, max-snippet:-1, max-image-preview:large, max-video-preview:-1\" \/>\n<link rel=\"canonical\" href=\"https:\/\/www.estilguru.com\/pt-pt\/producto\/evolux-shelf-plus-triangle-dark\/\" \/>\n<meta property=\"og:locale\" content=\"pt_PT\" \/>\n<meta property=\"og:type\" content=\"article\" \/>\n<meta property=\"og:title\" content=\"EVOLUX SHELF PLUS TRIANGLE DARK - Estil Guru\" \/>\n<meta property=\"og:description\" content=\"A prateleira de duche triangular em a\u00e7o inoxid\u00e1vel EVOLUX SHELF PLUSTRIANGLE DARK \u00e9 uma op\u00e7\u00e3o inovadora e pr\u00e1tica para a arruma\u00e7\u00e3o da casa de banho. Fabricada em a\u00e7o inoxid\u00e1vel de alta qualidade, esta prateleira \u00e9 resistente \u00e0 humidade e \u00e0 corros\u00e3o, o que a torna perfeita para ser utilizada em qualquer tipo de duche ou banheira.   Ref: IZ10301\" \/>\n<meta property=\"og:url\" content=\"https:\/\/www.estilguru.com\/pt-pt\/producto\/evolux-shelf-plus-triangle-dark\/\" \/>\n<meta property=\"og:site_name\" content=\"Estil Guru\" \/>\n<meta property=\"og:image\" content=\"https:\/\/www.estilguru.com\/wp-content\/uploads\/2023\/01\/EVOLUX-SHELF-PLUS-BLACK-TRIANG.png\" \/>\n\t<meta property=\"og:image:width\" content=\"2000\" \/>\n\t<meta property=\"og:image:height\" content=\"2000\" \/>\n\t<meta property=\"og:image:type\" content=\"image\/png\" \/>\n<meta name=\"twitter:card\" content=\"summary_large_image\" \/>\n<meta name=\"twitter:label1\" content=\"Tempo estimado de leitura\" \/>\n\t<meta name=\"twitter:data1\" content=\"1 minuto\" \/>\n<script type=\"application\/ld+json\" class=\"yoast-schema-graph\">{\"@context\":\"https:\/\/schema.org\",\"@graph\":[{\"@type\":\"WebPage\",\"@id\":\"https:\/\/www.estilguru.com\/pt-pt\/producto\/evolux-shelf-plus-triangle-dark\/\",\"url\":\"https:\/\/www.estilguru.com\/pt-pt\/producto\/evolux-shelf-plus-triangle-dark\/\",\"name\":\"EVOLUX SHELF PLUS TRIANGLE DARK - Estil Guru\",\"isPartOf\":{\"@id\":\"https:\/\/www.estilguru.com\/pt-pt\/#website\"},\"primaryImageOfPage\":{\"@id\":\"https:\/\/www.estilguru.com\/pt-pt\/producto\/evolux-shelf-plus-triangle-dark\/#primaryimage\"},\"image\":{\"@id\":\"https:\/\/www.estilguru.com\/pt-pt\/producto\/evolux-shelf-plus-triangle-dark\/#primaryimage\"},\"thumbnailUrl\":\"https:\/\/www.estilguru.com\/wp-content\/uploads\/2023\/01\/EVOLUX-SHELF-PLUS-BLACK-TRIANG.png\",\"datePublished\":\"2025-03-05T11:17:27+00:00\",\"breadcrumb\":{\"@id\":\"https:\/\/www.estilguru.com\/pt-pt\/producto\/evolux-shelf-plus-triangle-dark\/#breadcrumb\"},\"inLanguage\":\"pt-PT\",\"potentialAction\":[{\"@type\":\"ReadAction\",\"target\":[\"https:\/\/www.estilguru.com\/pt-pt\/producto\/evolux-shelf-plus-triangle-dark\/\"]}]},{\"@type\":\"ImageObject\",\"inLanguage\":\"pt-PT\",\"@id\":\"https:\/\/www.estilguru.com\/pt-pt\/producto\/evolux-shelf-plus-triangle-dark\/#primaryimage\",\"url\":\"https:\/\/www.estilguru.com\/wp-content\/uploads\/2023\/01\/EVOLUX-SHELF-PLUS-BLACK-TRIANG.png\",\"contentUrl\":\"https:\/\/www.estilguru.com\/wp-content\/uploads\/2023\/01\/EVOLUX-SHELF-PLUS-BLACK-TRIANG.png\",\"width\":2000,\"height\":2000},{\"@type\":\"BreadcrumbList\",\"@id\":\"https:\/\/www.estilguru.com\/pt-pt\/producto\/evolux-shelf-plus-triangle-dark\/#breadcrumb\",\"itemListElement\":[{\"@type\":\"ListItem\",\"position\":1,\"name\":\"Home\",\"item\":\"https:\/\/www.estilguru.com\/pt-pt\/\"},{\"@type\":\"ListItem\",\"position\":2,\"name\":\"Produtos\",\"item\":\"https:\/\/www.estilguru.com\/pt-pt\/shop\/\"},{\"@type\":\"ListItem\",\"position\":3,\"name\":\"EVOLUX SHELF PLUS TRIANGLE DARK\"}]},{\"@type\":\"WebSite\",\"@id\":\"https:\/\/www.estilguru.com\/pt-pt\/#website\",\"url\":\"https:\/\/www.estilguru.com\/pt-pt\/\",\"name\":\"Estil Guru\",\"description\":\"Sistemas de ducha e impermeabilizaci\u00f3n\",\"publisher\":{\"@id\":\"https:\/\/www.estilguru.com\/pt-pt\/#organization\"},\"potentialAction\":[{\"@type\":\"SearchAction\",\"target\":{\"@type\":\"EntryPoint\",\"urlTemplate\":\"https:\/\/www.estilguru.com\/pt-pt\/?s={search_term_string}\"},\"query-input\":{\"@type\":\"PropertyValueSpecification\",\"valueRequired\":true,\"valueName\":\"search_term_string\"}}],\"inLanguage\":\"pt-PT\"},{\"@type\":\"Organization\",\"@id\":\"https:\/\/www.estilguru.com\/pt-pt\/#organization\",\"name\":\"Estil Guru\",\"url\":\"https:\/\/www.estilguru.com\/pt-pt\/\",\"logo\":{\"@type\":\"ImageObject\",\"inLanguage\":\"pt-PT\",\"@id\":\"https:\/\/www.estilguru.com\/pt-pt\/#\/schema\/logo\/image\/\",\"url\":\"https:\/\/www.estilguru.com\/wp-content\/uploads\/2022\/09\/LOGO-GURU-horizontal-centrado-01.png\",\"contentUrl\":\"https:\/\/www.estilguru.com\/wp-content\/uploads\/2022\/09\/LOGO-GURU-horizontal-centrado-01.png\",\"width\":2000,\"height\":663,\"caption\":\"Estil Guru\"},\"image\":{\"@id\":\"https:\/\/www.estilguru.com\/pt-pt\/#\/schema\/logo\/image\/\"}}]}<\/script>\n<!-- \/ Yoast SEO plugin. -->","yoast_head_json":{"title":"EVOLUX SHELF PLUS TRIANGLE DARK - Estil Guru","robots":{"index":"index","follow":"follow","max-snippet":"max-snippet:-1","max-image-preview":"max-image-preview:large","max-video-preview":"max-video-preview:-1"},"canonical":"https:\/\/www.estilguru.com\/pt-pt\/producto\/evolux-shelf-plus-triangle-dark\/","og_locale":"pt_PT","og_type":"article","og_title":"EVOLUX SHELF PLUS TRIANGLE DARK - Estil Guru","og_description":"A prateleira de duche triangular em a\u00e7o inoxid\u00e1vel EVOLUX SHELF PLUSTRIANGLE DARK \u00e9 uma op\u00e7\u00e3o inovadora e pr\u00e1tica para a arruma\u00e7\u00e3o da casa de banho. Fabricada em a\u00e7o inoxid\u00e1vel de alta qualidade, esta prateleira \u00e9 resistente \u00e0 humidade e \u00e0 corros\u00e3o, o que a torna perfeita para ser utilizada em qualquer tipo de duche ou banheira.   Ref: IZ10301","og_url":"https:\/\/www.estilguru.com\/pt-pt\/producto\/evolux-shelf-plus-triangle-dark\/","og_site_name":"Estil Guru","og_image":[{"width":2000,"height":2000,"url":"https:\/\/www.estilguru.com\/wp-content\/uploads\/2023\/01\/EVOLUX-SHELF-PLUS-BLACK-TRIANG.png","type":"image\/png"}],"twitter_card":"summary_large_image","twitter_misc":{"Tempo estimado de leitura":"1 minuto"},"schema":{"@context":"https:\/\/schema.org","@graph":[{"@type":"WebPage","@id":"https:\/\/www.estilguru.com\/pt-pt\/producto\/evolux-shelf-plus-triangle-dark\/","url":"https:\/\/www.estilguru.com\/pt-pt\/producto\/evolux-shelf-plus-triangle-dark\/","name":"EVOLUX SHELF PLUS TRIANGLE DARK - Estil Guru","isPartOf":{"@id":"https:\/\/www.estilguru.com\/pt-pt\/#website"},"primaryImageOfPage":{"@id":"https:\/\/www.estilguru.com\/pt-pt\/producto\/evolux-shelf-plus-triangle-dark\/#primaryimage"},"image":{"@id":"https:\/\/www.estilguru.com\/pt-pt\/producto\/evolux-shelf-plus-triangle-dark\/#primaryimage"},"thumbnailUrl":"https:\/\/www.estilguru.com\/wp-content\/uploads\/2023\/01\/EVOLUX-SHELF-PLUS-BLACK-TRIANG.png","datePublished":"2025-03-05T11:17:27+00:00","breadcrumb":{"@id":"https:\/\/www.estilguru.com\/pt-pt\/producto\/evolux-shelf-plus-triangle-dark\/#breadcrumb"},"inLanguage":"pt-PT","potentialAction":[{"@type":"ReadAction","target":["https:\/\/www.estilguru.com\/pt-pt\/producto\/evolux-shelf-plus-triangle-dark\/"]}]},{"@type":"ImageObject","inLanguage":"pt-PT","@id":"https:\/\/www.estilguru.com\/pt-pt\/producto\/evolux-shelf-plus-triangle-dark\/#primaryimage","url":"https:\/\/www.estilguru.com\/wp-content\/uploads\/2023\/01\/EVOLUX-SHELF-PLUS-BLACK-TRIANG.png","contentUrl":"https:\/\/www.estilguru.com\/wp-content\/uploads\/2023\/01\/EVOLUX-SHELF-PLUS-BLACK-TRIANG.png","width":2000,"height":2000},{"@type":"BreadcrumbList","@id":"https:\/\/www.estilguru.com\/pt-pt\/producto\/evolux-shelf-plus-triangle-dark\/#breadcrumb","itemListElement":[{"@type":"ListItem","position":1,"name":"Home","item":"https:\/\/www.estilguru.com\/pt-pt\/"},{"@type":"ListItem","position":2,"name":"Produtos","item":"https:\/\/www.estilguru.com\/pt-pt\/shop\/"},{"@type":"ListItem","position":3,"name":"EVOLUX SHELF PLUS TRIANGLE DARK"}]},{"@type":"WebSite","@id":"https:\/\/www.estilguru.com\/pt-pt\/#website","url":"https:\/\/www.estilguru.com\/pt-pt\/","name":"Estil Guru","description":"Sistemas de ducha e impermeabilizaci\u00f3n","publisher":{"@id":"https:\/\/www.estilguru.com\/pt-pt\/#organization"},"potentialAction":[{"@type":"SearchAction","target":{"@type":"EntryPoint","urlTemplate":"https:\/\/www.estilguru.com\/pt-pt\/?s={search_term_string}"},"query-input":{"@type":"PropertyValueSpecification","valueRequired":true,"valueName":"search_term_string"}}],"inLanguage":"pt-PT"},{"@type":"Organization","@id":"https:\/\/www.estilguru.com\/pt-pt\/#organization","name":"Estil Guru","url":"https:\/\/www.estilguru.com\/pt-pt\/","logo":{"@type":"ImageObject","inLanguage":"pt-PT","@id":"https:\/\/www.estilguru.com\/pt-pt\/#\/schema\/logo\/image\/","url":"https:\/\/www.estilguru.com\/wp-content\/uploads\/2022\/09\/LOGO-GURU-horizontal-centrado-01.png","contentUrl":"https:\/\/www.estilguru.com\/wp-content\/uploads\/2022\/09\/LOGO-GURU-horizontal-centrado-01.png","width":2000,"height":663,"caption":"Estil Guru"},"image":{"@id":"https:\/\/www.estilguru.com\/pt-pt\/#\/schema\/logo\/image\/"}}]}},"_links":{"self":[{"href":"https:\/\/www.estilguru.com\/pt-pt\/wp-json\/wp\/v2\/product\/23717","targetHints":{"allow":["GET"]}}],"collection":[{"href":"https:\/\/www.estilguru.com\/pt-pt\/wp-json\/wp\/v2\/product"}],"about":[{"href":"https:\/\/www.estilguru.com\/pt-pt\/wp-json\/wp\/v2\/types\/product"}],"version-history":[{"count":0,"href":"https:\/\/www.estilguru.com\/pt-pt\/wp-json\/wp\/v2\/product\/23717\/revisions"}],"wp:featuredmedia":[{"embeddable":true,"href":"https:\/\/www.estilguru.com\/pt-pt\/wp-json\/wp\/v2\/media\/12518"}],"wp:attachment":[{"href":"https:\/\/www.estilguru.com\/pt-pt\/wp-json\/wp\/v2\/media?parent=23717"}],"wp:term":[{"taxonomy":"product_brand","embeddable":true,"href":"https:\/\/www.estilguru.com\/pt-pt\/wp-json\/wp\/v2\/product_brand?post=23717"},{"taxonomy":"product_cat","embeddable":true,"href":"https:\/\/www.estilguru.com\/pt-pt\/wp-json\/wp\/v2\/product_cat?post=23717"},{"taxonomy":"product_tag","embeddable":true,"href":"https:\/\/www.estilguru.com\/pt-pt\/wp-json\/wp\/v2\/product_tag?post=23717"}],"curies":[{"name":"wp","href":"https:\/\/api.w.org\/{rel}","templated":true}]}}