{"id":23703,"date":"2023-01-19T15:18:21","date_gmt":"2025-03-05T11:17:07","guid":{"rendered":"https:\/\/www.estilguru.com\/producto\/evolux-lineal-gold\/"},"modified":"2025-03-05T11:17:07","modified_gmt":"2025-03-05T11:17:07","slug":"evolux-lineal-gold","status":"publish","type":"product","link":"https:\/\/www.estilguru.com\/pt-pt\/producto\/evolux-lineal-gold\/","title":{"rendered":"Evolux linear Gold"},"content":{"rendered":"<p><b>Drenagem linear de ouro: Evolux Lineal Gold<\/b><\/p>\n<p>D\u00e1 um toque moderno ao teu chuveiro com o nosso ralo de chuveiro dourado.<\/p>\n<p>O nosso sistema Evolux destaca-se pela sua grande capacidade de evacua\u00e7\u00e3o gra\u00e7as ao sumidouro Ruber que incorpora. Tamb\u00e9m vale a pena destacar a qualidade dos materiais, sendo fabricados em a\u00e7o AISI 304. <\/p>\n<p>O sistema EVOLUX linear Gold \u00e9 uma das melhores solu\u00e7\u00f5es de drenagem integrada com prote\u00e7\u00e3o \u00e0 prova de \u00e1gua para bases de duche embutidas do mercado.<\/p>\n<ul>\n<li>Bandejas de duche com altura m\u00ednima, mesmo ao n\u00edvel do solo.<\/li>\n<li>M\u00faltiplas op\u00e7\u00f5es de configura\u00e7\u00e3o para a \u00e1rea do chuveiro.<\/li>\n<li>Designs totalmente personalizados<\/li>\n<li>Chuveiros abertos<\/li>\n<li>Impermeabiliza\u00e7\u00e3o assegurada.<\/li>\n<\/ul>\n","protected":false},"excerpt":{"rendered":"<p>D\u00e1 um toque moderno ao teu chuveiro com o nosso ralo de chuveiro dourado.<\/p>\n<p>O nosso sistema Evolux destaca-se pela sua grande capacidade de evacua\u00e7\u00e3o gra\u00e7as ao sumidouro Ruber que incorpora. Tamb\u00e9m vale a pena destacar a qualidade dos materiais, sendo fabricados em a\u00e7o AISI 304. <\/p>\n","protected":false},"featured_media":13039,"template":"","meta":{"site-sidebar-layout":"default","site-content-layout":"default","ast-main-header-display":"","ast-hfb-above-header-display":"","ast-hfb-below-header-display":"","ast-hfb-mobile-header-display":"","site-post-title":"","ast-breadcrumbs-content":"","ast-featured-img":"","footer-sml-layout":"","theme-transparent-header-meta":"default","adv-header-id-meta":"","stick-header-meta":"","header-above-stick-meta":"","header-main-stick-meta":"","header-below-stick-meta":""},"product_brand":[],"product_cat":[133,110,109],"product_tag":[],"class_list":{"0":"post-23703","1":"product","2":"type-product","3":"status-publish","4":"has-post-thumbnail","6":"product_cat-calhas-duche","7":"product_cat-ralos-design","8":"product_cat-ralos-duche","10":"first","11":"instock","12":"shipping-taxable","13":"product-type-simple"},"yoast_head":"<!-- This site is optimized with the Yoast SEO plugin v27.1.1 - https:\/\/yoast.com\/product\/yoast-seo-wordpress\/ -->\n<title>Evolux linear Gold - Estil Guru<\/title>\n<meta name=\"robots\" content=\"index, follow, max-snippet:-1, max-image-preview:large, max-video-preview:-1\" \/>\n<link rel=\"canonical\" href=\"https:\/\/www.estilguru.com\/pt-pt\/producto\/evolux-lineal-gold\/\" \/>\n<meta property=\"og:locale\" content=\"pt_PT\" \/>\n<meta property=\"og:type\" content=\"article\" \/>\n<meta property=\"og:title\" content=\"Evolux linear Gold - Estil Guru\" \/>\n<meta property=\"og:description\" content=\"D\u00e1 um toque moderno ao teu chuveiro com o nosso ralo de chuveiro dourado. O nosso sistema Evolux destaca-se pela sua grande capacidade de evacua\u00e7\u00e3o gra\u00e7as ao sumidouro Ruber que incorpora. Tamb\u00e9m vale a pena destacar a qualidade dos materiais, sendo fabricados em a\u00e7o AISI 304.\" \/>\n<meta property=\"og:url\" content=\"https:\/\/www.estilguru.com\/pt-pt\/producto\/evolux-lineal-gold\/\" \/>\n<meta property=\"og:site_name\" content=\"Estil Guru\" \/>\n<meta property=\"og:image\" content=\"https:\/\/www.estilguru.com\/wp-content\/uploads\/2023\/01\/EVOLUX-GOLD-1.jpg\" \/>\n\t<meta property=\"og:image:width\" content=\"1192\" \/>\n\t<meta property=\"og:image:height\" content=\"1192\" \/>\n\t<meta property=\"og:image:type\" content=\"image\/jpeg\" \/>\n<meta name=\"twitter:card\" content=\"summary_large_image\" \/>\n<meta name=\"twitter:label1\" content=\"Tempo estimado de leitura\" \/>\n\t<meta name=\"twitter:data1\" content=\"1 minuto\" \/>\n<script type=\"application\/ld+json\" class=\"yoast-schema-graph\">{\"@context\":\"https:\/\/schema.org\",\"@graph\":[{\"@type\":\"WebPage\",\"@id\":\"https:\/\/www.estilguru.com\/pt-pt\/producto\/evolux-lineal-gold\/\",\"url\":\"https:\/\/www.estilguru.com\/pt-pt\/producto\/evolux-lineal-gold\/\",\"name\":\"Evolux linear Gold - Estil Guru\",\"isPartOf\":{\"@id\":\"https:\/\/www.estilguru.com\/pt-pt\/#website\"},\"primaryImageOfPage\":{\"@id\":\"https:\/\/www.estilguru.com\/pt-pt\/producto\/evolux-lineal-gold\/#primaryimage\"},\"image\":{\"@id\":\"https:\/\/www.estilguru.com\/pt-pt\/producto\/evolux-lineal-gold\/#primaryimage\"},\"thumbnailUrl\":\"https:\/\/www.estilguru.com\/wp-content\/uploads\/2023\/01\/EVOLUX-GOLD-1.jpg\",\"datePublished\":\"2025-03-05T11:17:07+00:00\",\"breadcrumb\":{\"@id\":\"https:\/\/www.estilguru.com\/pt-pt\/producto\/evolux-lineal-gold\/#breadcrumb\"},\"inLanguage\":\"pt-PT\",\"potentialAction\":[{\"@type\":\"ReadAction\",\"target\":[\"https:\/\/www.estilguru.com\/pt-pt\/producto\/evolux-lineal-gold\/\"]}]},{\"@type\":\"ImageObject\",\"inLanguage\":\"pt-PT\",\"@id\":\"https:\/\/www.estilguru.com\/pt-pt\/producto\/evolux-lineal-gold\/#primaryimage\",\"url\":\"https:\/\/www.estilguru.com\/wp-content\/uploads\/2023\/01\/EVOLUX-GOLD-1.jpg\",\"contentUrl\":\"https:\/\/www.estilguru.com\/wp-content\/uploads\/2023\/01\/EVOLUX-GOLD-1.jpg\",\"width\":1192,\"height\":1192},{\"@type\":\"BreadcrumbList\",\"@id\":\"https:\/\/www.estilguru.com\/pt-pt\/producto\/evolux-lineal-gold\/#breadcrumb\",\"itemListElement\":[{\"@type\":\"ListItem\",\"position\":1,\"name\":\"Home\",\"item\":\"https:\/\/www.estilguru.com\/pt-pt\/\"},{\"@type\":\"ListItem\",\"position\":2,\"name\":\"Produtos\",\"item\":\"https:\/\/www.estilguru.com\/pt-pt\/shop\/\"},{\"@type\":\"ListItem\",\"position\":3,\"name\":\"Evolux linear Gold\"}]},{\"@type\":\"WebSite\",\"@id\":\"https:\/\/www.estilguru.com\/pt-pt\/#website\",\"url\":\"https:\/\/www.estilguru.com\/pt-pt\/\",\"name\":\"Estil Guru\",\"description\":\"Sistemas de ducha e impermeabilizaci\u00f3n\",\"publisher\":{\"@id\":\"https:\/\/www.estilguru.com\/pt-pt\/#organization\"},\"potentialAction\":[{\"@type\":\"SearchAction\",\"target\":{\"@type\":\"EntryPoint\",\"urlTemplate\":\"https:\/\/www.estilguru.com\/pt-pt\/?s={search_term_string}\"},\"query-input\":{\"@type\":\"PropertyValueSpecification\",\"valueRequired\":true,\"valueName\":\"search_term_string\"}}],\"inLanguage\":\"pt-PT\"},{\"@type\":\"Organization\",\"@id\":\"https:\/\/www.estilguru.com\/pt-pt\/#organization\",\"name\":\"Estil Guru\",\"url\":\"https:\/\/www.estilguru.com\/pt-pt\/\",\"logo\":{\"@type\":\"ImageObject\",\"inLanguage\":\"pt-PT\",\"@id\":\"https:\/\/www.estilguru.com\/pt-pt\/#\/schema\/logo\/image\/\",\"url\":\"https:\/\/www.estilguru.com\/wp-content\/uploads\/2022\/09\/LOGO-GURU-horizontal-centrado-01.png\",\"contentUrl\":\"https:\/\/www.estilguru.com\/wp-content\/uploads\/2022\/09\/LOGO-GURU-horizontal-centrado-01.png\",\"width\":2000,\"height\":663,\"caption\":\"Estil Guru\"},\"image\":{\"@id\":\"https:\/\/www.estilguru.com\/pt-pt\/#\/schema\/logo\/image\/\"}}]}<\/script>\n<!-- \/ Yoast SEO plugin. -->","yoast_head_json":{"title":"Evolux linear Gold - Estil Guru","robots":{"index":"index","follow":"follow","max-snippet":"max-snippet:-1","max-image-preview":"max-image-preview:large","max-video-preview":"max-video-preview:-1"},"canonical":"https:\/\/www.estilguru.com\/pt-pt\/producto\/evolux-lineal-gold\/","og_locale":"pt_PT","og_type":"article","og_title":"Evolux linear Gold - Estil Guru","og_description":"D\u00e1 um toque moderno ao teu chuveiro com o nosso ralo de chuveiro dourado. O nosso sistema Evolux destaca-se pela sua grande capacidade de evacua\u00e7\u00e3o gra\u00e7as ao sumidouro Ruber que incorpora. Tamb\u00e9m vale a pena destacar a qualidade dos materiais, sendo fabricados em a\u00e7o AISI 304.","og_url":"https:\/\/www.estilguru.com\/pt-pt\/producto\/evolux-lineal-gold\/","og_site_name":"Estil Guru","og_image":[{"width":1192,"height":1192,"url":"https:\/\/www.estilguru.com\/wp-content\/uploads\/2023\/01\/EVOLUX-GOLD-1.jpg","type":"image\/jpeg"}],"twitter_card":"summary_large_image","twitter_misc":{"Tempo estimado de leitura":"1 minuto"},"schema":{"@context":"https:\/\/schema.org","@graph":[{"@type":"WebPage","@id":"https:\/\/www.estilguru.com\/pt-pt\/producto\/evolux-lineal-gold\/","url":"https:\/\/www.estilguru.com\/pt-pt\/producto\/evolux-lineal-gold\/","name":"Evolux linear Gold - Estil Guru","isPartOf":{"@id":"https:\/\/www.estilguru.com\/pt-pt\/#website"},"primaryImageOfPage":{"@id":"https:\/\/www.estilguru.com\/pt-pt\/producto\/evolux-lineal-gold\/#primaryimage"},"image":{"@id":"https:\/\/www.estilguru.com\/pt-pt\/producto\/evolux-lineal-gold\/#primaryimage"},"thumbnailUrl":"https:\/\/www.estilguru.com\/wp-content\/uploads\/2023\/01\/EVOLUX-GOLD-1.jpg","datePublished":"2025-03-05T11:17:07+00:00","breadcrumb":{"@id":"https:\/\/www.estilguru.com\/pt-pt\/producto\/evolux-lineal-gold\/#breadcrumb"},"inLanguage":"pt-PT","potentialAction":[{"@type":"ReadAction","target":["https:\/\/www.estilguru.com\/pt-pt\/producto\/evolux-lineal-gold\/"]}]},{"@type":"ImageObject","inLanguage":"pt-PT","@id":"https:\/\/www.estilguru.com\/pt-pt\/producto\/evolux-lineal-gold\/#primaryimage","url":"https:\/\/www.estilguru.com\/wp-content\/uploads\/2023\/01\/EVOLUX-GOLD-1.jpg","contentUrl":"https:\/\/www.estilguru.com\/wp-content\/uploads\/2023\/01\/EVOLUX-GOLD-1.jpg","width":1192,"height":1192},{"@type":"BreadcrumbList","@id":"https:\/\/www.estilguru.com\/pt-pt\/producto\/evolux-lineal-gold\/#breadcrumb","itemListElement":[{"@type":"ListItem","position":1,"name":"Home","item":"https:\/\/www.estilguru.com\/pt-pt\/"},{"@type":"ListItem","position":2,"name":"Produtos","item":"https:\/\/www.estilguru.com\/pt-pt\/shop\/"},{"@type":"ListItem","position":3,"name":"Evolux linear Gold"}]},{"@type":"WebSite","@id":"https:\/\/www.estilguru.com\/pt-pt\/#website","url":"https:\/\/www.estilguru.com\/pt-pt\/","name":"Estil Guru","description":"Sistemas de ducha e impermeabilizaci\u00f3n","publisher":{"@id":"https:\/\/www.estilguru.com\/pt-pt\/#organization"},"potentialAction":[{"@type":"SearchAction","target":{"@type":"EntryPoint","urlTemplate":"https:\/\/www.estilguru.com\/pt-pt\/?s={search_term_string}"},"query-input":{"@type":"PropertyValueSpecification","valueRequired":true,"valueName":"search_term_string"}}],"inLanguage":"pt-PT"},{"@type":"Organization","@id":"https:\/\/www.estilguru.com\/pt-pt\/#organization","name":"Estil Guru","url":"https:\/\/www.estilguru.com\/pt-pt\/","logo":{"@type":"ImageObject","inLanguage":"pt-PT","@id":"https:\/\/www.estilguru.com\/pt-pt\/#\/schema\/logo\/image\/","url":"https:\/\/www.estilguru.com\/wp-content\/uploads\/2022\/09\/LOGO-GURU-horizontal-centrado-01.png","contentUrl":"https:\/\/www.estilguru.com\/wp-content\/uploads\/2022\/09\/LOGO-GURU-horizontal-centrado-01.png","width":2000,"height":663,"caption":"Estil Guru"},"image":{"@id":"https:\/\/www.estilguru.com\/pt-pt\/#\/schema\/logo\/image\/"}}]}},"_links":{"self":[{"href":"https:\/\/www.estilguru.com\/pt-pt\/wp-json\/wp\/v2\/product\/23703","targetHints":{"allow":["GET"]}}],"collection":[{"href":"https:\/\/www.estilguru.com\/pt-pt\/wp-json\/wp\/v2\/product"}],"about":[{"href":"https:\/\/www.estilguru.com\/pt-pt\/wp-json\/wp\/v2\/types\/product"}],"version-history":[{"count":0,"href":"https:\/\/www.estilguru.com\/pt-pt\/wp-json\/wp\/v2\/product\/23703\/revisions"}],"wp:featuredmedia":[{"embeddable":true,"href":"https:\/\/www.estilguru.com\/pt-pt\/wp-json\/wp\/v2\/media\/13039"}],"wp:attachment":[{"href":"https:\/\/www.estilguru.com\/pt-pt\/wp-json\/wp\/v2\/media?parent=23703"}],"wp:term":[{"taxonomy":"product_brand","embeddable":true,"href":"https:\/\/www.estilguru.com\/pt-pt\/wp-json\/wp\/v2\/product_brand?post=23703"},{"taxonomy":"product_cat","embeddable":true,"href":"https:\/\/www.estilguru.com\/pt-pt\/wp-json\/wp\/v2\/product_cat?post=23703"},{"taxonomy":"product_tag","embeddable":true,"href":"https:\/\/www.estilguru.com\/pt-pt\/wp-json\/wp\/v2\/product_tag?post=23703"}],"curies":[{"name":"wp","href":"https:\/\/api.w.org\/{rel}","templated":true}]}}