{"id":23561,"date":"2025-03-04T08:12:47","date_gmt":"2025-03-05T11:06:26","guid":{"rendered":"https:\/\/www.estilguru.com\/producto\/w-s-board\/"},"modified":"2025-03-05T11:06:26","modified_gmt":"2025-03-05T11:06:26","slug":"w-s-board","status":"publish","type":"product","link":"https:\/\/www.estilguru.com\/pt-pt\/producto\/w-s-board\/","title":{"rendered":"W-S Board &#8211; Painel de constru\u00e7\u00e3o a seco"},"content":{"rendered":"<article class=\"w-full text-token-text-primary focus-visible:outline-2 focus-visible:outline-offset-[-4px]\" dir=\"auto\" data-testid=\"conversation-turn-143\" data-scroll-anchor=\"true\">\n<div class=\"m-auto text-base py-[18px] px-6\">\n<div class=\"mx-auto flex flex-1 text-base gap-4 md:gap-5 lg:gap-6 md:max-w-3xl lg:max-w-[40rem] xl:max-w-[48rem]\">\n<div class=\"group\/conversation-turn relative flex w-full min-w-0 flex-col agent-turn @xs\/thread:px-0 @sm\/thread:px-1.5 @md\/thread:px-4\">\n<div class=\"flex-col gap-1 md:gap-3\">\n<div class=\"flex max-w-full flex-col flex-grow\">\n<div class=\"min-h-8 text-message relative flex w-full flex-col items-end gap-2 whitespace-normal break-words text-start [.text-message+&amp;]:mt-5\" dir=\"auto\" data-message-author-role=\"assistant\" data-message-id=\"2f17b03a-b055-4a6b-872f-21c36f15e931\" data-message-model-slug=\"gpt-4o\">\n<div class=\"flex w-full flex-col gap-1 empty:hidden first:pt-[3px]\">\n<div class=\"markdown prose w-full break-words dark:prose-invert light\">\n<p data-start=\"0\" data-end=\"318\"><strong data-start=\"3\" data-end=\"16\">W-S BOARD<\/strong> \u00e9 um painel imperme\u00e1vel para a constru\u00e7\u00e3o a seco, concebido para ser vers\u00e1til e f\u00e1cil de utilizar numa grande variedade de projectos. O seu design leve e f\u00e1cil de cortar permite uma adapta\u00e7\u00e3o precisa a uma variedade de cen\u00e1rios, desde a constru\u00e7\u00e3o residencial a aplica\u00e7\u00f5es industriais. <\/p>\n<p data-start=\"320\" data-end=\"594\">A sua composi\u00e7\u00e3o imperme\u00e1vel torna-o altamente resistente \u00e0 humidade, proporcionando uma prote\u00e7\u00e3o duradoura contra fugas e condensa\u00e7\u00e3o. Al\u00e9m disso, a sua superf\u00edcie lisa e homog\u00e9nea garante um acabamento impec\u00e1vel e uma excelente ader\u00eancia para a instala\u00e7\u00e3o de ladrilhos cer\u00e2micos. <\/p>\n<p data-start=\"596\" data-end=\"773\" data-is-last-node=\"\" data-is-only-node=\"\">Gra\u00e7as \u00e0 sua instala\u00e7\u00e3o a seco, acelera os tempos de constru\u00e7\u00e3o e optimiza os custos, tornando-se uma solu\u00e7\u00e3o eficiente e pr\u00e1tica para qualquer projeto de constru\u00e7\u00e3o.<\/p>\n<\/div>\n<\/div>\n<\/div>\n<\/div>\n<\/div>\n<div class=\"absolute\">\n<div class=\"flex items-center justify-center\"><\/div>\n<\/div>\n<\/div>\n<\/div>\n<\/div>\n<\/article>\n<p><strong>CARACTER\u00cdSTICAS T\u00c9CNICAS<\/strong><\/p>\n<ul>\n<li>Tamanhos dispon\u00edveis: 2600 x 625 mm<\/li>\n<li>Espessuras dispon\u00edveis: 10 &#8211; 12,5 &#8211; 20 &#8211; 30 &#8211; 40 &#8211; 50 mm<\/li>\n<li>Facilidade de corte<\/li>\n<li>\u00c0 prova de \u00e1gua<\/li>\n<li>Planicidade uniforme<\/li>\n<li>Ligeiro<\/li>\n<li>Reduz o tempo de instala\u00e7\u00e3o<\/li>\n<li>Ideal para duches de vapor<\/li>\n<\/ul>\n<p><strong>DADOS T\u00c9CNICOS<\/strong><\/p>\n<ul>\n<li>Resist\u00eancia \u00e0 compress\u00e3o: 400 KPA &#8211; 50 PSI<\/li>\n<li>&lt;  0,3 perms &#8211; ideal para duches de vapor<\/li>\n<\/ul>\n","protected":false},"excerpt":{"rendered":"<p><strong data-start=\"3\" data-end=\"16\">W-S BOARD<\/strong> \u00e9 um painel imperme\u00e1vel para a constru\u00e7\u00e3o a seco, concebido para ser vers\u00e1til e f\u00e1cil de utilizar numa grande variedade de projectos. O seu design leve e f\u00e1cil de cortar permite uma adapta\u00e7\u00e3o precisa a uma variedade de cen\u00e1rios, desde a constru\u00e7\u00e3o residencial a aplica\u00e7\u00f5es industriais. <\/p>\n","protected":false},"featured_media":11436,"template":"","meta":{"site-sidebar-layout":"default","site-content-layout":"default","ast-main-header-display":"","ast-hfb-above-header-display":"","ast-hfb-below-header-display":"","ast-hfb-mobile-header-display":"","site-post-title":"","ast-breadcrumbs-content":"","ast-featured-img":"","footer-sml-layout":"","theme-transparent-header-meta":"default","adv-header-id-meta":"","stick-header-meta":"","header-above-stick-meta":"","header-main-stick-meta":"","header-below-stick-meta":""},"product_brand":[],"product_cat":[108,274],"product_tag":[],"class_list":{"0":"post-23561","1":"product","2":"type-product","3":"status-publish","4":"has-post-thumbnail","6":"product_cat-sistemas-de-impermeabilizacao","7":"product_cat-construcao-a-seco","9":"first","10":"instock","11":"shipping-taxable","12":"product-type-simple"},"yoast_head":"<!-- This site is optimized with the Yoast SEO plugin v27.1.1 - https:\/\/yoast.com\/product\/yoast-seo-wordpress\/ -->\n<title>W-S Board - Painel de constru\u00e7\u00e3o a seco - Estil Guru<\/title>\n<meta name=\"robots\" content=\"index, nofollow, max-snippet:-1, max-image-preview:large, max-video-preview:-1\" \/>\n<link rel=\"canonical\" href=\"https:\/\/www.estilguru.com\/pt-pt\/producto\/w-s-board\/\" \/>\n<meta property=\"og:locale\" content=\"pt_PT\" \/>\n<meta property=\"og:type\" content=\"article\" \/>\n<meta property=\"og:title\" content=\"W-S Board - Painel de constru\u00e7\u00e3o a seco - Estil Guru\" \/>\n<meta property=\"og:description\" content=\"W-S BOARD \u00e9 um painel imperme\u00e1vel para a constru\u00e7\u00e3o a seco, concebido para ser vers\u00e1til e f\u00e1cil de utilizar numa grande variedade de projectos. O seu design leve e f\u00e1cil de cortar permite uma adapta\u00e7\u00e3o precisa a uma variedade de cen\u00e1rios, desde a constru\u00e7\u00e3o residencial a aplica\u00e7\u00f5es industriais.\" \/>\n<meta property=\"og:url\" content=\"https:\/\/www.estilguru.com\/pt-pt\/producto\/w-s-board\/\" \/>\n<meta property=\"og:site_name\" content=\"Estil Guru\" \/>\n<meta property=\"og:image\" content=\"https:\/\/www.estilguru.com\/wp-content\/uploads\/2022\/12\/w-s-backer-board-1-1.jpg\" \/>\n\t<meta property=\"og:image:width\" content=\"2000\" \/>\n\t<meta property=\"og:image:height\" content=\"2000\" \/>\n\t<meta property=\"og:image:type\" content=\"image\/jpeg\" \/>\n<meta name=\"twitter:card\" content=\"summary_large_image\" \/>\n<meta name=\"twitter:label1\" content=\"Tempo estimado de leitura\" \/>\n\t<meta name=\"twitter:data1\" content=\"1 minuto\" \/>\n<script type=\"application\/ld+json\" class=\"yoast-schema-graph\">{\"@context\":\"https:\/\/schema.org\",\"@graph\":[{\"@type\":\"WebPage\",\"@id\":\"https:\/\/www.estilguru.com\/pt-pt\/producto\/w-s-board\/\",\"url\":\"https:\/\/www.estilguru.com\/pt-pt\/producto\/w-s-board\/\",\"name\":\"W-S Board - Painel de constru\u00e7\u00e3o a seco - Estil Guru\",\"isPartOf\":{\"@id\":\"https:\/\/www.estilguru.com\/pt-pt\/#website\"},\"primaryImageOfPage\":{\"@id\":\"https:\/\/www.estilguru.com\/pt-pt\/producto\/w-s-board\/#primaryimage\"},\"image\":{\"@id\":\"https:\/\/www.estilguru.com\/pt-pt\/producto\/w-s-board\/#primaryimage\"},\"thumbnailUrl\":\"https:\/\/www.estilguru.com\/wp-content\/uploads\/2022\/12\/w-s-backer-board-1-1.jpg\",\"datePublished\":\"2025-03-05T11:06:26+00:00\",\"breadcrumb\":{\"@id\":\"https:\/\/www.estilguru.com\/pt-pt\/producto\/w-s-board\/#breadcrumb\"},\"inLanguage\":\"pt-PT\",\"potentialAction\":[{\"@type\":\"ReadAction\",\"target\":[\"https:\/\/www.estilguru.com\/pt-pt\/producto\/w-s-board\/\"]}]},{\"@type\":\"ImageObject\",\"inLanguage\":\"pt-PT\",\"@id\":\"https:\/\/www.estilguru.com\/pt-pt\/producto\/w-s-board\/#primaryimage\",\"url\":\"https:\/\/www.estilguru.com\/wp-content\/uploads\/2022\/12\/w-s-backer-board-1-1.jpg\",\"contentUrl\":\"https:\/\/www.estilguru.com\/wp-content\/uploads\/2022\/12\/w-s-backer-board-1-1.jpg\",\"width\":2000,\"height\":2000,\"caption\":\"Painel de constru\u00e7\u00e3o pr\u00e9-fabricado\"},{\"@type\":\"BreadcrumbList\",\"@id\":\"https:\/\/www.estilguru.com\/pt-pt\/producto\/w-s-board\/#breadcrumb\",\"itemListElement\":[{\"@type\":\"ListItem\",\"position\":1,\"name\":\"Home\",\"item\":\"https:\/\/www.estilguru.com\/pt-pt\/\"},{\"@type\":\"ListItem\",\"position\":2,\"name\":\"Produtos\",\"item\":\"https:\/\/www.estilguru.com\/pt-pt\/shop\/\"},{\"@type\":\"ListItem\",\"position\":3,\"name\":\"W-S Board &#8211; Painel de constru\u00e7\u00e3o a seco\"}]},{\"@type\":\"WebSite\",\"@id\":\"https:\/\/www.estilguru.com\/pt-pt\/#website\",\"url\":\"https:\/\/www.estilguru.com\/pt-pt\/\",\"name\":\"Estil Guru\",\"description\":\"Sistemas de ducha e impermeabilizaci\u00f3n\",\"publisher\":{\"@id\":\"https:\/\/www.estilguru.com\/pt-pt\/#organization\"},\"potentialAction\":[{\"@type\":\"SearchAction\",\"target\":{\"@type\":\"EntryPoint\",\"urlTemplate\":\"https:\/\/www.estilguru.com\/pt-pt\/?s={search_term_string}\"},\"query-input\":{\"@type\":\"PropertyValueSpecification\",\"valueRequired\":true,\"valueName\":\"search_term_string\"}}],\"inLanguage\":\"pt-PT\"},{\"@type\":\"Organization\",\"@id\":\"https:\/\/www.estilguru.com\/pt-pt\/#organization\",\"name\":\"Estil Guru\",\"url\":\"https:\/\/www.estilguru.com\/pt-pt\/\",\"logo\":{\"@type\":\"ImageObject\",\"inLanguage\":\"pt-PT\",\"@id\":\"https:\/\/www.estilguru.com\/pt-pt\/#\/schema\/logo\/image\/\",\"url\":\"https:\/\/www.estilguru.com\/wp-content\/uploads\/2022\/09\/LOGO-GURU-horizontal-centrado-01.png\",\"contentUrl\":\"https:\/\/www.estilguru.com\/wp-content\/uploads\/2022\/09\/LOGO-GURU-horizontal-centrado-01.png\",\"width\":2000,\"height\":663,\"caption\":\"Estil Guru\"},\"image\":{\"@id\":\"https:\/\/www.estilguru.com\/pt-pt\/#\/schema\/logo\/image\/\"}}]}<\/script>\n<!-- \/ Yoast SEO plugin. -->","yoast_head_json":{"title":"W-S Board - Painel de constru\u00e7\u00e3o a seco - Estil Guru","robots":{"index":"index","follow":"nofollow","max-snippet":"max-snippet:-1","max-image-preview":"max-image-preview:large","max-video-preview":"max-video-preview:-1"},"canonical":"https:\/\/www.estilguru.com\/pt-pt\/producto\/w-s-board\/","og_locale":"pt_PT","og_type":"article","og_title":"W-S Board - Painel de constru\u00e7\u00e3o a seco - Estil Guru","og_description":"W-S BOARD \u00e9 um painel imperme\u00e1vel para a constru\u00e7\u00e3o a seco, concebido para ser vers\u00e1til e f\u00e1cil de utilizar numa grande variedade de projectos. O seu design leve e f\u00e1cil de cortar permite uma adapta\u00e7\u00e3o precisa a uma variedade de cen\u00e1rios, desde a constru\u00e7\u00e3o residencial a aplica\u00e7\u00f5es industriais.","og_url":"https:\/\/www.estilguru.com\/pt-pt\/producto\/w-s-board\/","og_site_name":"Estil Guru","og_image":[{"width":2000,"height":2000,"url":"https:\/\/www.estilguru.com\/wp-content\/uploads\/2022\/12\/w-s-backer-board-1-1.jpg","type":"image\/jpeg"}],"twitter_card":"summary_large_image","twitter_misc":{"Tempo estimado de leitura":"1 minuto"},"schema":{"@context":"https:\/\/schema.org","@graph":[{"@type":"WebPage","@id":"https:\/\/www.estilguru.com\/pt-pt\/producto\/w-s-board\/","url":"https:\/\/www.estilguru.com\/pt-pt\/producto\/w-s-board\/","name":"W-S Board - Painel de constru\u00e7\u00e3o a seco - Estil Guru","isPartOf":{"@id":"https:\/\/www.estilguru.com\/pt-pt\/#website"},"primaryImageOfPage":{"@id":"https:\/\/www.estilguru.com\/pt-pt\/producto\/w-s-board\/#primaryimage"},"image":{"@id":"https:\/\/www.estilguru.com\/pt-pt\/producto\/w-s-board\/#primaryimage"},"thumbnailUrl":"https:\/\/www.estilguru.com\/wp-content\/uploads\/2022\/12\/w-s-backer-board-1-1.jpg","datePublished":"2025-03-05T11:06:26+00:00","breadcrumb":{"@id":"https:\/\/www.estilguru.com\/pt-pt\/producto\/w-s-board\/#breadcrumb"},"inLanguage":"pt-PT","potentialAction":[{"@type":"ReadAction","target":["https:\/\/www.estilguru.com\/pt-pt\/producto\/w-s-board\/"]}]},{"@type":"ImageObject","inLanguage":"pt-PT","@id":"https:\/\/www.estilguru.com\/pt-pt\/producto\/w-s-board\/#primaryimage","url":"https:\/\/www.estilguru.com\/wp-content\/uploads\/2022\/12\/w-s-backer-board-1-1.jpg","contentUrl":"https:\/\/www.estilguru.com\/wp-content\/uploads\/2022\/12\/w-s-backer-board-1-1.jpg","width":2000,"height":2000,"caption":"Painel de constru\u00e7\u00e3o pr\u00e9-fabricado"},{"@type":"BreadcrumbList","@id":"https:\/\/www.estilguru.com\/pt-pt\/producto\/w-s-board\/#breadcrumb","itemListElement":[{"@type":"ListItem","position":1,"name":"Home","item":"https:\/\/www.estilguru.com\/pt-pt\/"},{"@type":"ListItem","position":2,"name":"Produtos","item":"https:\/\/www.estilguru.com\/pt-pt\/shop\/"},{"@type":"ListItem","position":3,"name":"W-S Board &#8211; Painel de constru\u00e7\u00e3o a seco"}]},{"@type":"WebSite","@id":"https:\/\/www.estilguru.com\/pt-pt\/#website","url":"https:\/\/www.estilguru.com\/pt-pt\/","name":"Estil Guru","description":"Sistemas de ducha e impermeabilizaci\u00f3n","publisher":{"@id":"https:\/\/www.estilguru.com\/pt-pt\/#organization"},"potentialAction":[{"@type":"SearchAction","target":{"@type":"EntryPoint","urlTemplate":"https:\/\/www.estilguru.com\/pt-pt\/?s={search_term_string}"},"query-input":{"@type":"PropertyValueSpecification","valueRequired":true,"valueName":"search_term_string"}}],"inLanguage":"pt-PT"},{"@type":"Organization","@id":"https:\/\/www.estilguru.com\/pt-pt\/#organization","name":"Estil Guru","url":"https:\/\/www.estilguru.com\/pt-pt\/","logo":{"@type":"ImageObject","inLanguage":"pt-PT","@id":"https:\/\/www.estilguru.com\/pt-pt\/#\/schema\/logo\/image\/","url":"https:\/\/www.estilguru.com\/wp-content\/uploads\/2022\/09\/LOGO-GURU-horizontal-centrado-01.png","contentUrl":"https:\/\/www.estilguru.com\/wp-content\/uploads\/2022\/09\/LOGO-GURU-horizontal-centrado-01.png","width":2000,"height":663,"caption":"Estil Guru"},"image":{"@id":"https:\/\/www.estilguru.com\/pt-pt\/#\/schema\/logo\/image\/"}}]}},"_links":{"self":[{"href":"https:\/\/www.estilguru.com\/pt-pt\/wp-json\/wp\/v2\/product\/23561","targetHints":{"allow":["GET"]}}],"collection":[{"href":"https:\/\/www.estilguru.com\/pt-pt\/wp-json\/wp\/v2\/product"}],"about":[{"href":"https:\/\/www.estilguru.com\/pt-pt\/wp-json\/wp\/v2\/types\/product"}],"version-history":[{"count":0,"href":"https:\/\/www.estilguru.com\/pt-pt\/wp-json\/wp\/v2\/product\/23561\/revisions"}],"wp:featuredmedia":[{"embeddable":true,"href":"https:\/\/www.estilguru.com\/pt-pt\/wp-json\/wp\/v2\/media\/11436"}],"wp:attachment":[{"href":"https:\/\/www.estilguru.com\/pt-pt\/wp-json\/wp\/v2\/media?parent=23561"}],"wp:term":[{"taxonomy":"product_brand","embeddable":true,"href":"https:\/\/www.estilguru.com\/pt-pt\/wp-json\/wp\/v2\/product_brand?post=23561"},{"taxonomy":"product_cat","embeddable":true,"href":"https:\/\/www.estilguru.com\/pt-pt\/wp-json\/wp\/v2\/product_cat?post=23561"},{"taxonomy":"product_tag","embeddable":true,"href":"https:\/\/www.estilguru.com\/pt-pt\/wp-json\/wp\/v2\/product_tag?post=23561"}],"curies":[{"name":"wp","href":"https:\/\/api.w.org\/{rel}","templated":true}]}}