{"id":23558,"date":"2025-03-04T08:31:01","date_gmt":"2025-03-05T11:06:23","guid":{"rendered":"https:\/\/www.estilguru.com\/producto\/w-s-niche\/"},"modified":"2025-03-05T11:06:23","modified_gmt":"2025-03-05T11:06:23","slug":"w-s-niche","status":"publish","type":"product","link":"https:\/\/www.estilguru.com\/pt-pt\/producto\/w-s-niche\/","title":{"rendered":"W-S Niche &#8211; Nicho de banho pr\u00e9-fabricado"},"content":{"rendered":"<p>W-S NICHE \u00e9 um nicho de duche concebido para oferecer uma solu\u00e7\u00e3o pr\u00e1tica e duradoura em qualquer espa\u00e7o de duche. Fabricado com um n\u00facleo de espuma r\u00edgida XPS e revestido em ambos os lados com a tecnologia WATER-STOP, garantindo uma impermeabiliza\u00e7\u00e3o total. <\/p>\n<p>A sua base pr\u00e9-inclinada de 1,5% garante uma drenagem eficiente, enquanto as suas dimens\u00f5es internas correspondem ao tamanho padr\u00e3o dos ladrilhos cer\u00e2micos, eliminando a necessidade de recortes inest\u00e9ticos. Al\u00e9m disso, inclui uma prateleira interior de 25 mm regul\u00e1vel em altura de instala\u00e7\u00e3o para maximizar o espa\u00e7o \u00fatil. <\/p>\n<p><strong>CARACTER\u00cdSTICAS T\u00c9CNICAS<\/strong><\/p>\n<ul>\n<li>N\u00facleo de espuma r\u00edgida XPS<\/li>\n<li>Pr\u00e9-fabricado e impermeabilizado<\/li>\n<li>Totalmente revestido<\/li>\n<li>Posi\u00e7\u00e3o horizontal ou vertical<\/li>\n<li>Prateleira posicion\u00e1vel<\/li>\n<\/ul>\n<p><strong>DADOS T\u00c9CNICOS<\/strong><\/p>\n<ul>\n<li>Medidas interiores: 30 x 71 x 9 cm<\/li>\n<li>Prateleira interior de 25 mm<\/li>\n<li>Base pr\u00e9-inclinada: 1,5%.<\/li>\n<li>Estrutura estanque colada com poliuretano<\/li>\n<\/ul>\n","protected":false},"excerpt":{"rendered":"<p>W-S NICHE \u00e9 um nicho de duche concebido para oferecer uma solu\u00e7\u00e3o pr\u00e1tica e duradoura em qualquer espa\u00e7o de duche. Fabricado com um n\u00facleo de espuma r\u00edgida XPS e revestido em ambos os lados com a tecnologia WATER-STOP, garantindo uma impermeabiliza\u00e7\u00e3o total. <\/p>\n","protected":false},"featured_media":22848,"template":"","meta":{"site-sidebar-layout":"default","site-content-layout":"default","ast-main-header-display":"","ast-hfb-above-header-display":"","ast-hfb-below-header-display":"","ast-hfb-mobile-header-display":"","site-post-title":"","ast-breadcrumbs-content":"","ast-featured-img":"","footer-sml-layout":"","theme-transparent-header-meta":"default","adv-header-id-meta":"","stick-header-meta":"","header-above-stick-meta":"","header-main-stick-meta":"","header-below-stick-meta":""},"product_brand":[],"product_cat":[108,274],"product_tag":[],"class_list":{"0":"post-23558","1":"product","2":"type-product","3":"status-publish","4":"has-post-thumbnail","6":"product_cat-sistemas-de-impermeabilizacao","7":"product_cat-construcao-a-seco","9":"first","10":"instock","11":"shipping-taxable","12":"product-type-simple"},"yoast_head":"<!-- This site is optimized with the Yoast SEO plugin v27.1.1 - https:\/\/yoast.com\/product\/yoast-seo-wordpress\/ -->\n<title>W-S Niche - Nicho de banho pr\u00e9-fabricado - Estil Guru<\/title>\n<meta name=\"robots\" content=\"index, follow, max-snippet:-1, max-image-preview:large, max-video-preview:-1\" \/>\n<link rel=\"canonical\" href=\"https:\/\/www.estilguru.com\/pt-pt\/producto\/w-s-niche\/\" \/>\n<meta property=\"og:locale\" content=\"pt_PT\" \/>\n<meta property=\"og:type\" content=\"article\" \/>\n<meta property=\"og:title\" content=\"W-S Niche - Nicho de banho pr\u00e9-fabricado - Estil Guru\" \/>\n<meta property=\"og:description\" content=\"W-S NICHE \u00e9 um nicho de duche concebido para oferecer uma solu\u00e7\u00e3o pr\u00e1tica e duradoura em qualquer espa\u00e7o de duche. Fabricado com um n\u00facleo de espuma r\u00edgida XPS e revestido em ambos os lados com a tecnologia WATER-STOP, garantindo uma impermeabiliza\u00e7\u00e3o total.\" \/>\n<meta property=\"og:url\" content=\"https:\/\/www.estilguru.com\/pt-pt\/producto\/w-s-niche\/\" \/>\n<meta property=\"og:site_name\" content=\"Estil Guru\" \/>\n<meta property=\"og:image\" content=\"https:\/\/www.estilguru.com\/wp-content\/uploads\/2025\/03\/w-s-niche-render-01.105.jpg\" \/>\n\t<meta property=\"og:image:width\" content=\"2400\" \/>\n\t<meta property=\"og:image:height\" content=\"1699\" \/>\n\t<meta property=\"og:image:type\" content=\"image\/jpeg\" \/>\n<meta name=\"twitter:card\" content=\"summary_large_image\" \/>\n<meta name=\"twitter:label1\" content=\"Tempo estimado de leitura\" \/>\n\t<meta name=\"twitter:data1\" content=\"1 minuto\" \/>\n<script type=\"application\/ld+json\" class=\"yoast-schema-graph\">{\"@context\":\"https:\/\/schema.org\",\"@graph\":[{\"@type\":\"WebPage\",\"@id\":\"https:\/\/www.estilguru.com\/pt-pt\/producto\/w-s-niche\/\",\"url\":\"https:\/\/www.estilguru.com\/pt-pt\/producto\/w-s-niche\/\",\"name\":\"W-S Niche - Nicho de banho pr\u00e9-fabricado - Estil Guru\",\"isPartOf\":{\"@id\":\"https:\/\/www.estilguru.com\/pt-pt\/#website\"},\"primaryImageOfPage\":{\"@id\":\"https:\/\/www.estilguru.com\/pt-pt\/producto\/w-s-niche\/#primaryimage\"},\"image\":{\"@id\":\"https:\/\/www.estilguru.com\/pt-pt\/producto\/w-s-niche\/#primaryimage\"},\"thumbnailUrl\":\"https:\/\/www.estilguru.com\/wp-content\/uploads\/2025\/03\/w-s-niche-render-01.105.jpg\",\"datePublished\":\"2025-03-05T11:06:23+00:00\",\"breadcrumb\":{\"@id\":\"https:\/\/www.estilguru.com\/pt-pt\/producto\/w-s-niche\/#breadcrumb\"},\"inLanguage\":\"pt-PT\",\"potentialAction\":[{\"@type\":\"ReadAction\",\"target\":[\"https:\/\/www.estilguru.com\/pt-pt\/producto\/w-s-niche\/\"]}]},{\"@type\":\"ImageObject\",\"inLanguage\":\"pt-PT\",\"@id\":\"https:\/\/www.estilguru.com\/pt-pt\/producto\/w-s-niche\/#primaryimage\",\"url\":\"https:\/\/www.estilguru.com\/wp-content\/uploads\/2025\/03\/w-s-niche-render-01.105.jpg\",\"contentUrl\":\"https:\/\/www.estilguru.com\/wp-content\/uploads\/2025\/03\/w-s-niche-render-01.105.jpg\",\"width\":2400,\"height\":1699},{\"@type\":\"BreadcrumbList\",\"@id\":\"https:\/\/www.estilguru.com\/pt-pt\/producto\/w-s-niche\/#breadcrumb\",\"itemListElement\":[{\"@type\":\"ListItem\",\"position\":1,\"name\":\"Home\",\"item\":\"https:\/\/www.estilguru.com\/pt-pt\/\"},{\"@type\":\"ListItem\",\"position\":2,\"name\":\"Produtos\",\"item\":\"https:\/\/www.estilguru.com\/pt-pt\/shop\/\"},{\"@type\":\"ListItem\",\"position\":3,\"name\":\"W-S Niche &#8211; Nicho de banho pr\u00e9-fabricado\"}]},{\"@type\":\"WebSite\",\"@id\":\"https:\/\/www.estilguru.com\/pt-pt\/#website\",\"url\":\"https:\/\/www.estilguru.com\/pt-pt\/\",\"name\":\"Estil Guru\",\"description\":\"Sistemas de ducha e impermeabilizaci\u00f3n\",\"publisher\":{\"@id\":\"https:\/\/www.estilguru.com\/pt-pt\/#organization\"},\"potentialAction\":[{\"@type\":\"SearchAction\",\"target\":{\"@type\":\"EntryPoint\",\"urlTemplate\":\"https:\/\/www.estilguru.com\/pt-pt\/?s={search_term_string}\"},\"query-input\":{\"@type\":\"PropertyValueSpecification\",\"valueRequired\":true,\"valueName\":\"search_term_string\"}}],\"inLanguage\":\"pt-PT\"},{\"@type\":\"Organization\",\"@id\":\"https:\/\/www.estilguru.com\/pt-pt\/#organization\",\"name\":\"Estil Guru\",\"url\":\"https:\/\/www.estilguru.com\/pt-pt\/\",\"logo\":{\"@type\":\"ImageObject\",\"inLanguage\":\"pt-PT\",\"@id\":\"https:\/\/www.estilguru.com\/pt-pt\/#\/schema\/logo\/image\/\",\"url\":\"https:\/\/www.estilguru.com\/wp-content\/uploads\/2022\/09\/LOGO-GURU-horizontal-centrado-01.png\",\"contentUrl\":\"https:\/\/www.estilguru.com\/wp-content\/uploads\/2022\/09\/LOGO-GURU-horizontal-centrado-01.png\",\"width\":2000,\"height\":663,\"caption\":\"Estil Guru\"},\"image\":{\"@id\":\"https:\/\/www.estilguru.com\/pt-pt\/#\/schema\/logo\/image\/\"}}]}<\/script>\n<!-- \/ Yoast SEO plugin. -->","yoast_head_json":{"title":"W-S Niche - Nicho de banho pr\u00e9-fabricado - Estil Guru","robots":{"index":"index","follow":"follow","max-snippet":"max-snippet:-1","max-image-preview":"max-image-preview:large","max-video-preview":"max-video-preview:-1"},"canonical":"https:\/\/www.estilguru.com\/pt-pt\/producto\/w-s-niche\/","og_locale":"pt_PT","og_type":"article","og_title":"W-S Niche - Nicho de banho pr\u00e9-fabricado - Estil Guru","og_description":"W-S NICHE \u00e9 um nicho de duche concebido para oferecer uma solu\u00e7\u00e3o pr\u00e1tica e duradoura em qualquer espa\u00e7o de duche. Fabricado com um n\u00facleo de espuma r\u00edgida XPS e revestido em ambos os lados com a tecnologia WATER-STOP, garantindo uma impermeabiliza\u00e7\u00e3o total.","og_url":"https:\/\/www.estilguru.com\/pt-pt\/producto\/w-s-niche\/","og_site_name":"Estil Guru","og_image":[{"width":2400,"height":1699,"url":"https:\/\/www.estilguru.com\/wp-content\/uploads\/2025\/03\/w-s-niche-render-01.105.jpg","type":"image\/jpeg"}],"twitter_card":"summary_large_image","twitter_misc":{"Tempo estimado de leitura":"1 minuto"},"schema":{"@context":"https:\/\/schema.org","@graph":[{"@type":"WebPage","@id":"https:\/\/www.estilguru.com\/pt-pt\/producto\/w-s-niche\/","url":"https:\/\/www.estilguru.com\/pt-pt\/producto\/w-s-niche\/","name":"W-S Niche - Nicho de banho pr\u00e9-fabricado - Estil Guru","isPartOf":{"@id":"https:\/\/www.estilguru.com\/pt-pt\/#website"},"primaryImageOfPage":{"@id":"https:\/\/www.estilguru.com\/pt-pt\/producto\/w-s-niche\/#primaryimage"},"image":{"@id":"https:\/\/www.estilguru.com\/pt-pt\/producto\/w-s-niche\/#primaryimage"},"thumbnailUrl":"https:\/\/www.estilguru.com\/wp-content\/uploads\/2025\/03\/w-s-niche-render-01.105.jpg","datePublished":"2025-03-05T11:06:23+00:00","breadcrumb":{"@id":"https:\/\/www.estilguru.com\/pt-pt\/producto\/w-s-niche\/#breadcrumb"},"inLanguage":"pt-PT","potentialAction":[{"@type":"ReadAction","target":["https:\/\/www.estilguru.com\/pt-pt\/producto\/w-s-niche\/"]}]},{"@type":"ImageObject","inLanguage":"pt-PT","@id":"https:\/\/www.estilguru.com\/pt-pt\/producto\/w-s-niche\/#primaryimage","url":"https:\/\/www.estilguru.com\/wp-content\/uploads\/2025\/03\/w-s-niche-render-01.105.jpg","contentUrl":"https:\/\/www.estilguru.com\/wp-content\/uploads\/2025\/03\/w-s-niche-render-01.105.jpg","width":2400,"height":1699},{"@type":"BreadcrumbList","@id":"https:\/\/www.estilguru.com\/pt-pt\/producto\/w-s-niche\/#breadcrumb","itemListElement":[{"@type":"ListItem","position":1,"name":"Home","item":"https:\/\/www.estilguru.com\/pt-pt\/"},{"@type":"ListItem","position":2,"name":"Produtos","item":"https:\/\/www.estilguru.com\/pt-pt\/shop\/"},{"@type":"ListItem","position":3,"name":"W-S Niche &#8211; Nicho de banho pr\u00e9-fabricado"}]},{"@type":"WebSite","@id":"https:\/\/www.estilguru.com\/pt-pt\/#website","url":"https:\/\/www.estilguru.com\/pt-pt\/","name":"Estil Guru","description":"Sistemas de ducha e impermeabilizaci\u00f3n","publisher":{"@id":"https:\/\/www.estilguru.com\/pt-pt\/#organization"},"potentialAction":[{"@type":"SearchAction","target":{"@type":"EntryPoint","urlTemplate":"https:\/\/www.estilguru.com\/pt-pt\/?s={search_term_string}"},"query-input":{"@type":"PropertyValueSpecification","valueRequired":true,"valueName":"search_term_string"}}],"inLanguage":"pt-PT"},{"@type":"Organization","@id":"https:\/\/www.estilguru.com\/pt-pt\/#organization","name":"Estil Guru","url":"https:\/\/www.estilguru.com\/pt-pt\/","logo":{"@type":"ImageObject","inLanguage":"pt-PT","@id":"https:\/\/www.estilguru.com\/pt-pt\/#\/schema\/logo\/image\/","url":"https:\/\/www.estilguru.com\/wp-content\/uploads\/2022\/09\/LOGO-GURU-horizontal-centrado-01.png","contentUrl":"https:\/\/www.estilguru.com\/wp-content\/uploads\/2022\/09\/LOGO-GURU-horizontal-centrado-01.png","width":2000,"height":663,"caption":"Estil Guru"},"image":{"@id":"https:\/\/www.estilguru.com\/pt-pt\/#\/schema\/logo\/image\/"}}]}},"_links":{"self":[{"href":"https:\/\/www.estilguru.com\/pt-pt\/wp-json\/wp\/v2\/product\/23558","targetHints":{"allow":["GET"]}}],"collection":[{"href":"https:\/\/www.estilguru.com\/pt-pt\/wp-json\/wp\/v2\/product"}],"about":[{"href":"https:\/\/www.estilguru.com\/pt-pt\/wp-json\/wp\/v2\/types\/product"}],"version-history":[{"count":0,"href":"https:\/\/www.estilguru.com\/pt-pt\/wp-json\/wp\/v2\/product\/23558\/revisions"}],"wp:featuredmedia":[{"embeddable":true,"href":"https:\/\/www.estilguru.com\/pt-pt\/wp-json\/wp\/v2\/media\/22848"}],"wp:attachment":[{"href":"https:\/\/www.estilguru.com\/pt-pt\/wp-json\/wp\/v2\/media?parent=23558"}],"wp:term":[{"taxonomy":"product_brand","embeddable":true,"href":"https:\/\/www.estilguru.com\/pt-pt\/wp-json\/wp\/v2\/product_brand?post=23558"},{"taxonomy":"product_cat","embeddable":true,"href":"https:\/\/www.estilguru.com\/pt-pt\/wp-json\/wp\/v2\/product_cat?post=23558"},{"taxonomy":"product_tag","embeddable":true,"href":"https:\/\/www.estilguru.com\/pt-pt\/wp-json\/wp\/v2\/product_tag?post=23558"}],"curies":[{"name":"wp","href":"https:\/\/api.w.org\/{rel}","templated":true}]}}