{"id":23552,"date":"2025-03-04T08:12:23","date_gmt":"2025-03-05T11:06:12","guid":{"rendered":"https:\/\/www.estilguru.com\/producto\/w-s-basin-lavabo-prefabricado\/"},"modified":"2025-03-05T11:06:12","modified_gmt":"2025-03-05T11:06:12","slug":"w-s-basin-lavabo-prefabricado","status":"publish","type":"product","link":"https:\/\/www.estilguru.com\/pt-pt\/producto\/w-s-basin-lavabo-prefabricado\/","title":{"rendered":"W-S Basin &#8211; Lavat\u00f3rio pr\u00e9-fabricado"},"content":{"rendered":"<p>O W-S BASINK \u00e9 um lavat\u00f3rio pr\u00e9-fabricado, criado para ser a carater\u00edstica distintiva em qualquer casa de banho. Os pain\u00e9is W-S BOARD e a nossa grelha EVOLUX INTEGRA juntam-se para criar um lavat\u00f3rio totalmente revestido e totalmente impermeabilizado. <\/p>\n<p>O W-S BASINK tem uma \u00e1rea de recorte de 10 cm, o que lhe confere uma grande versatilidade em termos de torneiras, uma vez que pode ser instalado no pr\u00f3prio lavat\u00f3rio ou na parede, ajustando-o ao tamanho desejado. Um elemento \u00fanico que permite diferentes instala\u00e7\u00f5es: suspensa, de tr\u00eas paredes, de canto ou sobre suportes<br \/>\n, todas elas op\u00e7\u00f5es elegantes e criativas. <\/p>\n<p><strong>CARACTER\u00cdSTICAS T\u00c9CNICAS<\/strong><\/p>\n<ul>\n<li>Pr\u00e9-fabricado e impermeabilizado<\/li>\n<li>Recorte<\/li>\n<li>Coatable<\/li>\n<li>Adaptabilidade \u00e0 instala\u00e7\u00e3o<\/li>\n<li>Duas op\u00e7\u00f5es de torneira: de parede ou integrada<\/li>\n<li>Sistema de nivelamento para uma instala\u00e7\u00e3o f\u00e1cil<\/li>\n<\/ul>\n<p><strong>DADOS T\u00c9CNICOS<\/strong><\/p>\n<ul>\n<li>Dimens\u00f5es: 1000 x 555 x 106 mm<\/li>\n<li>Suporta uma carga de 180 kg<\/li>\n<li>Taxa de descarga at\u00e9 47 L\/min<\/li>\n<li>Sif\u00e3o amov\u00edvel<\/li>\n<li>Duas op\u00e7\u00f5es de sif\u00e3o: hidr\u00e1ulico e seco.<\/li>\n<li>Sa\u00edda vertical \u00d850 mm<\/li>\n<li>Liga\u00e7\u00e3o com vedante de press\u00e3o<\/li>\n<li>Ajuste vertical<\/li>\n<\/ul>\n","protected":false},"excerpt":{"rendered":"<p>O W-S BASINK \u00e9 um lavat\u00f3rio pr\u00e9-fabricado, criado para ser a carater\u00edstica distintiva em qualquer casa de banho. Os pain\u00e9is W-S BOARD e a nossa grelha EVOLUX INTEGRA juntam-se para criar um lavat\u00f3rio totalmente revestido e totalmente impermeabilizado. <\/p>\n","protected":false},"featured_media":22786,"template":"","meta":{"site-sidebar-layout":"default","site-content-layout":"default","ast-main-header-display":"","ast-hfb-above-header-display":"","ast-hfb-below-header-display":"","ast-hfb-mobile-header-display":"","site-post-title":"","ast-breadcrumbs-content":"","ast-featured-img":"","footer-sml-layout":"","theme-transparent-header-meta":"default","adv-header-id-meta":"","stick-header-meta":"","header-above-stick-meta":"","header-main-stick-meta":"","header-below-stick-meta":""},"product_brand":[],"product_cat":[108,274],"product_tag":[],"class_list":{"0":"post-23552","1":"product","2":"type-product","3":"status-publish","4":"has-post-thumbnail","6":"product_cat-sistemas-de-impermeabilizacao","7":"product_cat-construcao-a-seco","9":"first","10":"instock","11":"shipping-taxable","12":"product-type-simple"},"yoast_head":"<!-- This site is optimized with the Yoast SEO plugin v27.1.1 - https:\/\/yoast.com\/product\/yoast-seo-wordpress\/ -->\n<title>W-S Basin - Lavat\u00f3rio pr\u00e9-fabricado - Estil Guru<\/title>\n<meta name=\"robots\" content=\"index, follow, max-snippet:-1, max-image-preview:large, max-video-preview:-1\" \/>\n<link rel=\"canonical\" href=\"https:\/\/www.estilguru.com\/pt-pt\/producto\/w-s-basin-lavabo-prefabricado\/\" \/>\n<meta property=\"og:locale\" content=\"pt_PT\" \/>\n<meta property=\"og:type\" content=\"article\" \/>\n<meta property=\"og:title\" content=\"W-S Basin - Lavat\u00f3rio pr\u00e9-fabricado - Estil Guru\" \/>\n<meta property=\"og:description\" content=\"O W-S BASINK \u00e9 um lavat\u00f3rio pr\u00e9-fabricado, criado para ser a carater\u00edstica distintiva em qualquer casa de banho. Os pain\u00e9is W-S BOARD e a nossa grelha EVOLUX INTEGRA juntam-se para criar um lavat\u00f3rio totalmente revestido e totalmente impermeabilizado.\" \/>\n<meta property=\"og:url\" content=\"https:\/\/www.estilguru.com\/pt-pt\/producto\/w-s-basin-lavabo-prefabricado\/\" \/>\n<meta property=\"og:site_name\" content=\"Estil Guru\" \/>\n<meta property=\"og:image\" content=\"https:\/\/www.estilguru.com\/wp-content\/uploads\/2025\/03\/lavabo-ACABADO-BOARD-CORTAR.jpg\" \/>\n\t<meta property=\"og:image:width\" content=\"1800\" \/>\n\t<meta property=\"og:image:height\" content=\"1151\" \/>\n\t<meta property=\"og:image:type\" content=\"image\/jpeg\" \/>\n<meta name=\"twitter:card\" content=\"summary_large_image\" \/>\n<meta name=\"twitter:label1\" content=\"Tempo estimado de leitura\" \/>\n\t<meta name=\"twitter:data1\" content=\"1 minuto\" \/>\n<script type=\"application\/ld+json\" class=\"yoast-schema-graph\">{\"@context\":\"https:\/\/schema.org\",\"@graph\":[{\"@type\":\"WebPage\",\"@id\":\"https:\/\/www.estilguru.com\/pt-pt\/producto\/w-s-basin-lavabo-prefabricado\/\",\"url\":\"https:\/\/www.estilguru.com\/pt-pt\/producto\/w-s-basin-lavabo-prefabricado\/\",\"name\":\"W-S Basin - Lavat\u00f3rio pr\u00e9-fabricado - Estil Guru\",\"isPartOf\":{\"@id\":\"https:\/\/www.estilguru.com\/pt-pt\/#website\"},\"primaryImageOfPage\":{\"@id\":\"https:\/\/www.estilguru.com\/pt-pt\/producto\/w-s-basin-lavabo-prefabricado\/#primaryimage\"},\"image\":{\"@id\":\"https:\/\/www.estilguru.com\/pt-pt\/producto\/w-s-basin-lavabo-prefabricado\/#primaryimage\"},\"thumbnailUrl\":\"https:\/\/www.estilguru.com\/wp-content\/uploads\/2025\/03\/lavabo-ACABADO-BOARD-CORTAR.jpg\",\"datePublished\":\"2025-03-05T11:06:12+00:00\",\"breadcrumb\":{\"@id\":\"https:\/\/www.estilguru.com\/pt-pt\/producto\/w-s-basin-lavabo-prefabricado\/#breadcrumb\"},\"inLanguage\":\"pt-PT\",\"potentialAction\":[{\"@type\":\"ReadAction\",\"target\":[\"https:\/\/www.estilguru.com\/pt-pt\/producto\/w-s-basin-lavabo-prefabricado\/\"]}]},{\"@type\":\"ImageObject\",\"inLanguage\":\"pt-PT\",\"@id\":\"https:\/\/www.estilguru.com\/pt-pt\/producto\/w-s-basin-lavabo-prefabricado\/#primaryimage\",\"url\":\"https:\/\/www.estilguru.com\/wp-content\/uploads\/2025\/03\/lavabo-ACABADO-BOARD-CORTAR.jpg\",\"contentUrl\":\"https:\/\/www.estilguru.com\/wp-content\/uploads\/2025\/03\/lavabo-ACABADO-BOARD-CORTAR.jpg\",\"width\":1800,\"height\":1151},{\"@type\":\"BreadcrumbList\",\"@id\":\"https:\/\/www.estilguru.com\/pt-pt\/producto\/w-s-basin-lavabo-prefabricado\/#breadcrumb\",\"itemListElement\":[{\"@type\":\"ListItem\",\"position\":1,\"name\":\"Home\",\"item\":\"https:\/\/www.estilguru.com\/pt-pt\/\"},{\"@type\":\"ListItem\",\"position\":2,\"name\":\"Produtos\",\"item\":\"https:\/\/www.estilguru.com\/pt-pt\/shop\/\"},{\"@type\":\"ListItem\",\"position\":3,\"name\":\"W-S Basin &#8211; Lavat\u00f3rio pr\u00e9-fabricado\"}]},{\"@type\":\"WebSite\",\"@id\":\"https:\/\/www.estilguru.com\/pt-pt\/#website\",\"url\":\"https:\/\/www.estilguru.com\/pt-pt\/\",\"name\":\"Estil Guru\",\"description\":\"Sistemas de ducha e impermeabilizaci\u00f3n\",\"publisher\":{\"@id\":\"https:\/\/www.estilguru.com\/pt-pt\/#organization\"},\"potentialAction\":[{\"@type\":\"SearchAction\",\"target\":{\"@type\":\"EntryPoint\",\"urlTemplate\":\"https:\/\/www.estilguru.com\/pt-pt\/?s={search_term_string}\"},\"query-input\":{\"@type\":\"PropertyValueSpecification\",\"valueRequired\":true,\"valueName\":\"search_term_string\"}}],\"inLanguage\":\"pt-PT\"},{\"@type\":\"Organization\",\"@id\":\"https:\/\/www.estilguru.com\/pt-pt\/#organization\",\"name\":\"Estil Guru\",\"url\":\"https:\/\/www.estilguru.com\/pt-pt\/\",\"logo\":{\"@type\":\"ImageObject\",\"inLanguage\":\"pt-PT\",\"@id\":\"https:\/\/www.estilguru.com\/pt-pt\/#\/schema\/logo\/image\/\",\"url\":\"https:\/\/www.estilguru.com\/wp-content\/uploads\/2022\/09\/LOGO-GURU-horizontal-centrado-01.png\",\"contentUrl\":\"https:\/\/www.estilguru.com\/wp-content\/uploads\/2022\/09\/LOGO-GURU-horizontal-centrado-01.png\",\"width\":2000,\"height\":663,\"caption\":\"Estil Guru\"},\"image\":{\"@id\":\"https:\/\/www.estilguru.com\/pt-pt\/#\/schema\/logo\/image\/\"}}]}<\/script>\n<!-- \/ Yoast SEO plugin. -->","yoast_head_json":{"title":"W-S Basin - Lavat\u00f3rio pr\u00e9-fabricado - Estil Guru","robots":{"index":"index","follow":"follow","max-snippet":"max-snippet:-1","max-image-preview":"max-image-preview:large","max-video-preview":"max-video-preview:-1"},"canonical":"https:\/\/www.estilguru.com\/pt-pt\/producto\/w-s-basin-lavabo-prefabricado\/","og_locale":"pt_PT","og_type":"article","og_title":"W-S Basin - Lavat\u00f3rio pr\u00e9-fabricado - Estil Guru","og_description":"O W-S BASINK \u00e9 um lavat\u00f3rio pr\u00e9-fabricado, criado para ser a carater\u00edstica distintiva em qualquer casa de banho. Os pain\u00e9is W-S BOARD e a nossa grelha EVOLUX INTEGRA juntam-se para criar um lavat\u00f3rio totalmente revestido e totalmente impermeabilizado.","og_url":"https:\/\/www.estilguru.com\/pt-pt\/producto\/w-s-basin-lavabo-prefabricado\/","og_site_name":"Estil Guru","og_image":[{"width":1800,"height":1151,"url":"https:\/\/www.estilguru.com\/wp-content\/uploads\/2025\/03\/lavabo-ACABADO-BOARD-CORTAR.jpg","type":"image\/jpeg"}],"twitter_card":"summary_large_image","twitter_misc":{"Tempo estimado de leitura":"1 minuto"},"schema":{"@context":"https:\/\/schema.org","@graph":[{"@type":"WebPage","@id":"https:\/\/www.estilguru.com\/pt-pt\/producto\/w-s-basin-lavabo-prefabricado\/","url":"https:\/\/www.estilguru.com\/pt-pt\/producto\/w-s-basin-lavabo-prefabricado\/","name":"W-S Basin - Lavat\u00f3rio pr\u00e9-fabricado - Estil Guru","isPartOf":{"@id":"https:\/\/www.estilguru.com\/pt-pt\/#website"},"primaryImageOfPage":{"@id":"https:\/\/www.estilguru.com\/pt-pt\/producto\/w-s-basin-lavabo-prefabricado\/#primaryimage"},"image":{"@id":"https:\/\/www.estilguru.com\/pt-pt\/producto\/w-s-basin-lavabo-prefabricado\/#primaryimage"},"thumbnailUrl":"https:\/\/www.estilguru.com\/wp-content\/uploads\/2025\/03\/lavabo-ACABADO-BOARD-CORTAR.jpg","datePublished":"2025-03-05T11:06:12+00:00","breadcrumb":{"@id":"https:\/\/www.estilguru.com\/pt-pt\/producto\/w-s-basin-lavabo-prefabricado\/#breadcrumb"},"inLanguage":"pt-PT","potentialAction":[{"@type":"ReadAction","target":["https:\/\/www.estilguru.com\/pt-pt\/producto\/w-s-basin-lavabo-prefabricado\/"]}]},{"@type":"ImageObject","inLanguage":"pt-PT","@id":"https:\/\/www.estilguru.com\/pt-pt\/producto\/w-s-basin-lavabo-prefabricado\/#primaryimage","url":"https:\/\/www.estilguru.com\/wp-content\/uploads\/2025\/03\/lavabo-ACABADO-BOARD-CORTAR.jpg","contentUrl":"https:\/\/www.estilguru.com\/wp-content\/uploads\/2025\/03\/lavabo-ACABADO-BOARD-CORTAR.jpg","width":1800,"height":1151},{"@type":"BreadcrumbList","@id":"https:\/\/www.estilguru.com\/pt-pt\/producto\/w-s-basin-lavabo-prefabricado\/#breadcrumb","itemListElement":[{"@type":"ListItem","position":1,"name":"Home","item":"https:\/\/www.estilguru.com\/pt-pt\/"},{"@type":"ListItem","position":2,"name":"Produtos","item":"https:\/\/www.estilguru.com\/pt-pt\/shop\/"},{"@type":"ListItem","position":3,"name":"W-S Basin &#8211; Lavat\u00f3rio pr\u00e9-fabricado"}]},{"@type":"WebSite","@id":"https:\/\/www.estilguru.com\/pt-pt\/#website","url":"https:\/\/www.estilguru.com\/pt-pt\/","name":"Estil Guru","description":"Sistemas de ducha e impermeabilizaci\u00f3n","publisher":{"@id":"https:\/\/www.estilguru.com\/pt-pt\/#organization"},"potentialAction":[{"@type":"SearchAction","target":{"@type":"EntryPoint","urlTemplate":"https:\/\/www.estilguru.com\/pt-pt\/?s={search_term_string}"},"query-input":{"@type":"PropertyValueSpecification","valueRequired":true,"valueName":"search_term_string"}}],"inLanguage":"pt-PT"},{"@type":"Organization","@id":"https:\/\/www.estilguru.com\/pt-pt\/#organization","name":"Estil Guru","url":"https:\/\/www.estilguru.com\/pt-pt\/","logo":{"@type":"ImageObject","inLanguage":"pt-PT","@id":"https:\/\/www.estilguru.com\/pt-pt\/#\/schema\/logo\/image\/","url":"https:\/\/www.estilguru.com\/wp-content\/uploads\/2022\/09\/LOGO-GURU-horizontal-centrado-01.png","contentUrl":"https:\/\/www.estilguru.com\/wp-content\/uploads\/2022\/09\/LOGO-GURU-horizontal-centrado-01.png","width":2000,"height":663,"caption":"Estil Guru"},"image":{"@id":"https:\/\/www.estilguru.com\/pt-pt\/#\/schema\/logo\/image\/"}}]}},"_links":{"self":[{"href":"https:\/\/www.estilguru.com\/pt-pt\/wp-json\/wp\/v2\/product\/23552","targetHints":{"allow":["GET"]}}],"collection":[{"href":"https:\/\/www.estilguru.com\/pt-pt\/wp-json\/wp\/v2\/product"}],"about":[{"href":"https:\/\/www.estilguru.com\/pt-pt\/wp-json\/wp\/v2\/types\/product"}],"version-history":[{"count":0,"href":"https:\/\/www.estilguru.com\/pt-pt\/wp-json\/wp\/v2\/product\/23552\/revisions"}],"wp:featuredmedia":[{"embeddable":true,"href":"https:\/\/www.estilguru.com\/pt-pt\/wp-json\/wp\/v2\/media\/22786"}],"wp:attachment":[{"href":"https:\/\/www.estilguru.com\/pt-pt\/wp-json\/wp\/v2\/media?parent=23552"}],"wp:term":[{"taxonomy":"product_brand","embeddable":true,"href":"https:\/\/www.estilguru.com\/pt-pt\/wp-json\/wp\/v2\/product_brand?post=23552"},{"taxonomy":"product_cat","embeddable":true,"href":"https:\/\/www.estilguru.com\/pt-pt\/wp-json\/wp\/v2\/product_cat?post=23552"},{"taxonomy":"product_tag","embeddable":true,"href":"https:\/\/www.estilguru.com\/pt-pt\/wp-json\/wp\/v2\/product_tag?post=23552"}],"curies":[{"name":"wp","href":"https:\/\/api.w.org\/{rel}","templated":true}]}}