{"id":23523,"date":"2025-03-04T08:37:47","date_gmt":"2025-03-05T11:02:10","guid":{"rendered":"https:\/\/www.estilguru.com\/producto\/w-s-sink-fregadero-prefabricado\/"},"modified":"2025-09-02T08:00:03","modified_gmt":"2025-09-02T08:00:03","slug":"superkit-kit-criacao-e-impermeabilizacao-de-chuveiros-de-obra","status":"publish","type":"product","link":"https:\/\/www.estilguru.com\/pt-pt\/producto\/superkit-kit-criacao-e-impermeabilizacao-de-chuveiros-de-obra\/","title":{"rendered":"Superkit &#8211; Base de duche invis\u00edvel para chuveiros de encastrar"},"content":{"rendered":"<article class=\"w-full text-token-text-primary focus-visible:outline-2 focus-visible:outline-offset-[-4px]\" dir=\"auto\" data-testid=\"conversation-turn-215\" data-scroll-anchor=\"true\">\n<div class=\"text-base my-auto mx-auto py-[18px] px-6\">\n<div class=\"mx-auto flex flex-1 text-base gap-4 md:gap-5 lg:gap-6 md:max-w-3xl lg:max-w-[40rem] xl:max-w-[48rem]\">\n<div class=\"group\/conversation-turn relative flex w-full min-w-0 flex-col agent-turn @xs\/thread:px-0 @sm\/thread:px-1.5 @md\/thread:px-4\">\n<div class=\"flex-col gap-1 md:gap-3\">\n<div class=\"flex max-w-full flex-col flex-grow\">\n<div class=\"min-h-8 text-message relative flex w-full flex-col items-end gap-2 whitespace-normal break-words text-start [.text-message+&amp;]:mt-5\" dir=\"auto\" data-message-author-role=\"assistant\" data-message-id=\"a6b45a96-ff3b-4d3e-9d35-7c06645256e1\" data-message-model-slug=\"gpt-4-5\">\n<div class=\"flex w-full flex-col gap-1 empty:hidden first:pt-[3px]\">\n<div class=\"markdown prose w-full break-words dark:prose-invert light\">\n<p data-start=\"216\" data-end=\"287\"><strong data-start=\"216\" data-end=\"287\">Superkit: a base de duche invis\u00edvel, vers\u00e1til e f\u00e1cil de instalar<\/strong><\/p>\n<p data-start=\"289\" data-end=\"634\"><strong data-start=\"289\" data-end=\"301\">O Superkit<\/strong> \u00e9 um sistema integral que transforma qualquer duche embutido numa solu\u00e7\u00e3o moderna, pr\u00e1tica e visualmente cont\u00ednua. Gra\u00e7as ao seu design paviment\u00e1vel, a <strong data-start=\"458\" data-end=\"495\">base de duche invis\u00edvel Superkit<\/strong> fica completamente integrada sob o revestimento cer\u00e2mico, oferecendo uma est\u00e9tica limpa e elegante, sem cortes ou desn\u00edveis visuais. <\/p>\n<p data-start=\"636\" data-end=\"1002\">Este sistema inclui tudo o que \u00e9 necess\u00e1rio para uma instala\u00e7\u00e3o r\u00e1pida e segura (exceto a cer\u00e2mica e o cimento). A base de duche pr\u00e9-fabricada incorpora uma inclina\u00e7\u00e3o de 2% que garante uma drenagem eficiente da \u00e1gua, enquanto a sua superf\u00edcie \u00e9 facilmente recort\u00e1vel para se adaptar a qualquer espa\u00e7o, mesmo em renova\u00e7\u00f5es complexas ou casas de banho com formas irregulares. <\/p>\n<p data-start=\"1004\" data-end=\"1214\">Compat\u00edvel com a grelha <strong data-start=\"1027\" data-end=\"1051\">REVOLUX (recortada)<\/strong> ou <strong data-start=\"1054\" data-end=\"1087\">EVOLUX INTEGRA (paviment\u00e1vel)<\/strong>, o sistema adapta-se \u00e0s suas prefer\u00eancias est\u00e9ticas, permitindo uma instala\u00e7\u00e3o completamente invis\u00edvel com o modelo INTEGRA.<\/p>\n<p data-start=\"1216\" data-end=\"1278\"><strong data-start=\"1216\" data-end=\"1278\">Porqu\u00ea escolher o Superkit como a tua base de duche invis\u00edvel?<\/strong><\/p>\n<ul data-start=\"1280\" data-end=\"1841\">\n<li data-start=\"1280\" data-end=\"1427\">\n<p data-start=\"1282\" data-end=\"1427\"><strong data-start=\"1282\" data-end=\"1318\">Design invis\u00edvel e paviment\u00e1vel:<\/strong> O tabuleiro desaparece debaixo do ch\u00e3o, criando uma superf\u00edcie cont\u00ednua ao mesmo n\u00edvel do ch\u00e3o da casa de banho.<\/p>\n<\/li>\n<li data-start=\"1428\" data-end=\"1540\">\n<p data-start=\"1430\" data-end=\"1540\"><strong data-start=\"1430\" data-end=\"1464\">Instala\u00e7\u00e3o simples e r\u00e1pida:<\/strong> sistema intuitivo e adapt\u00e1vel, mesmo em estaleiros de constru\u00e7\u00e3o com medidas personalizadas.<\/p>\n<\/li>\n<li data-start=\"1541\" data-end=\"1633\">\n<p data-start=\"1543\" data-end=\"1633\"><strong data-start=\"1543\" data-end=\"1565\">Drenagem eficiente:<\/strong> Drenagem de grande caudal (49 L\/min) com sistema de \u00faltima gera\u00e7\u00e3o.<\/p>\n<\/li>\n<li data-start=\"1634\" data-end=\"1758\">\n<p data-start=\"1636\" data-end=\"1758\"><strong data-start=\"1636\" data-end=\"1678\">M\u00e1xima acessibilidade e f\u00e1cil limpeza:<\/strong> Ideal para criar espa\u00e7os sem barreiras, com uma est\u00e9tica minimalista e moderna.<\/p>\n<\/li>\n<li data-start=\"1759\" data-end=\"1841\">\n<p data-start=\"1761\" data-end=\"1841\"><strong data-start=\"1761\" data-end=\"1791\">Versatilidade de design:<\/strong> Personaliza o acabamento com a tua cer\u00e2mica preferida.<\/p>\n<\/li>\n<\/ul>\n<p data-start=\"1843\" data-end=\"1870\"><strong data-start=\"1843\" data-end=\"1870\">Conte\u00fado do Superkit:<\/strong><\/p>\n<ul data-start=\"1872\" data-end=\"2160\">\n<li data-start=\"1872\" data-end=\"1961\">\n<p data-start=\"1874\" data-end=\"1961\">Base de duche pr\u00e9-fabricada revestida com poliuretano de alta densidade, com inclina\u00e7\u00e3o incorporada.<\/p>\n<\/li>\n<li data-start=\"1962\" data-end=\"2009\">\n<p data-start=\"1964\" data-end=\"2009\">Membrana de impermeabiliza\u00e7\u00e3o com fixa\u00e7\u00e3o na parede.<\/p>\n<\/li>\n<li data-start=\"2010\" data-end=\"2087\">\n<p data-start=\"2012\" data-end=\"2087\">Sistema de drenagem avan\u00e7ado com op\u00e7\u00e3o de grelha REVOLUX ou EVOLUX INTEGRA.<\/p>\n<\/li>\n<li data-start=\"2088\" data-end=\"2160\">\n<p data-start=\"2090\" data-end=\"2160\">Acess\u00f3rios para facilitar a instala\u00e7\u00e3o e garantir a estanquidade.<\/p>\n<\/li>\n<\/ul>\n<p data-start=\"2162\" data-end=\"2191\"><strong data-start=\"2162\" data-end=\"2191\">Carater\u00edsticas t\u00e9cnicas:<\/strong><\/p>\n<ul data-start=\"2193\" data-end=\"2370\">\n<li data-start=\"2193\" data-end=\"2232\">\n<p data-start=\"2195\" data-end=\"2232\">Inclina\u00e7\u00e3o homog\u00e9nea de 2% integrada.<\/p>\n<\/li>\n<li data-start=\"2233\" data-end=\"2266\">\n<p data-start=\"2235\" data-end=\"2266\">Taxa de descarga: 49 L\/min.<\/p>\n<\/li>\n<li data-start=\"2267\" data-end=\"2318\">\n<p data-start=\"2269\" data-end=\"2318\">Placa cort\u00e1vel com cortador, totalmente adapt\u00e1vel.<\/p>\n<\/li>\n<li data-start=\"2319\" data-end=\"2370\">\n<p data-start=\"2321\" data-end=\"2370\">Superf\u00edcie paviment\u00e1vel para acabamentos invis\u00edveis.<\/p>\n<\/li>\n<\/ul>\n<p data-start=\"2372\" data-end=\"2550\">Com o <strong data-start=\"2376\" data-end=\"2388\">Superkit<\/strong>, instalar uma <strong data-start=\"2402\" data-end=\"2430\">base de duche invis\u00edvel<\/strong> no local \u00e9 mais f\u00e1cil, mais r\u00e1pido e mais seguro do que nunca. Uma solu\u00e7\u00e3o profissional com uma est\u00e9tica irrepreens\u00edvel e um desempenho garantido. <\/p>\n<\/div>\n<\/div>\n<\/div>\n<\/div>\n<\/div>\n<\/div>\n<\/div>\n<\/div>\n<\/article>\n","protected":false},"excerpt":{"rendered":"<p><strong>Superkit<\/strong> \u00e9 uma base de duche invis\u00edvel pr\u00e9-fabricada, com op\u00e7\u00e3o paviment\u00e1vel (Grelha Integra) ou facilmente recort\u00e1vel (Grelha Revolux), que garante uma instala\u00e7\u00e3o r\u00e1pida, uma drenagem eficaz e um acabamento elegante e cont\u00ednuo ao mesmo n\u00edvel do pavimento da casa de banho.<\/p>\n","protected":false},"featured_media":24254,"template":"","meta":{"site-sidebar-layout":"default","site-content-layout":"default","ast-main-header-display":"","ast-hfb-above-header-display":"","ast-hfb-below-header-display":"","ast-hfb-mobile-header-display":"","site-post-title":"","ast-breadcrumbs-content":"","ast-featured-img":"","footer-sml-layout":"","theme-transparent-header-meta":"default","adv-header-id-meta":"","stick-header-meta":"","header-above-stick-meta":"","header-main-stick-meta":"","header-below-stick-meta":""},"product_brand":[],"product_cat":[109,108,274],"product_tag":[],"class_list":{"0":"post-23523","1":"product","2":"type-product","3":"status-publish","4":"has-post-thumbnail","6":"product_cat-ralos-duche","7":"product_cat-sistemas-de-impermeabilizacao","8":"product_cat-construcao-a-seco","10":"first","11":"instock","12":"shipping-taxable","13":"product-type-simple"},"yoast_head":"<!-- This site is optimized with the Yoast SEO plugin v27.1.1 - https:\/\/yoast.com\/product\/yoast-seo-wordpress\/ -->\n<title>Superkit - Base de duche invis\u00edvel para chuveiros de encastrar - Estil Guru<\/title>\n<meta name=\"robots\" content=\"index, follow, max-snippet:-1, max-image-preview:large, max-video-preview:-1\" \/>\n<link rel=\"canonical\" href=\"https:\/\/www.estilguru.com\/pt-pt\/producto\/superkit-kit-criacao-e-impermeabilizacao-de-chuveiros-de-obra\/\" \/>\n<meta property=\"og:locale\" content=\"pt_PT\" \/>\n<meta property=\"og:type\" content=\"article\" \/>\n<meta property=\"og:title\" content=\"Superkit - Base de duche invis\u00edvel para chuveiros de encastrar - Estil Guru\" \/>\n<meta property=\"og:description\" content=\"Superkit \u00e9 uma base de duche invis\u00edvel pr\u00e9-fabricada, com op\u00e7\u00e3o paviment\u00e1vel (Grelha Integra) ou facilmente recort\u00e1vel (Grelha Revolux), que garante uma instala\u00e7\u00e3o r\u00e1pida, uma drenagem eficaz e um acabamento elegante e cont\u00ednuo ao mesmo n\u00edvel do pavimento da casa de banho.\" \/>\n<meta property=\"og:url\" content=\"https:\/\/www.estilguru.com\/pt-pt\/producto\/superkit-kit-criacao-e-impermeabilizacao-de-chuveiros-de-obra\/\" \/>\n<meta property=\"og:site_name\" content=\"Estil Guru\" \/>\n<meta property=\"article:modified_time\" content=\"2025-09-02T08:00:03+00:00\" \/>\n<meta property=\"og:image\" content=\"https:\/\/www.estilguru.com\/wp-content\/uploads\/2025\/03\/Captura-de-pantalla-2025-02-18-125415.jpg\" \/>\n\t<meta property=\"og:image:width\" content=\"1175\" \/>\n\t<meta property=\"og:image:height\" content=\"659\" \/>\n\t<meta property=\"og:image:type\" content=\"image\/jpeg\" \/>\n<meta name=\"twitter:card\" content=\"summary_large_image\" \/>\n<meta name=\"twitter:label1\" content=\"Tempo estimado de leitura\" \/>\n\t<meta name=\"twitter:data1\" content=\"2 minutos\" \/>\n<script type=\"application\/ld+json\" class=\"yoast-schema-graph\">{\"@context\":\"https:\/\/schema.org\",\"@graph\":[{\"@type\":\"WebPage\",\"@id\":\"https:\/\/www.estilguru.com\/pt-pt\/producto\/superkit-kit-criacao-e-impermeabilizacao-de-chuveiros-de-obra\/\",\"url\":\"https:\/\/www.estilguru.com\/pt-pt\/producto\/superkit-kit-criacao-e-impermeabilizacao-de-chuveiros-de-obra\/\",\"name\":\"Superkit - Base de duche invis\u00edvel para chuveiros de encastrar - Estil Guru\",\"isPartOf\":{\"@id\":\"https:\/\/www.estilguru.com\/pt-pt\/#website\"},\"primaryImageOfPage\":{\"@id\":\"https:\/\/www.estilguru.com\/pt-pt\/producto\/superkit-kit-criacao-e-impermeabilizacao-de-chuveiros-de-obra\/#primaryimage\"},\"image\":{\"@id\":\"https:\/\/www.estilguru.com\/pt-pt\/producto\/superkit-kit-criacao-e-impermeabilizacao-de-chuveiros-de-obra\/#primaryimage\"},\"thumbnailUrl\":\"https:\/\/www.estilguru.com\/wp-content\/uploads\/2025\/03\/Captura-de-pantalla-2025-02-18-125415.jpg\",\"datePublished\":\"2025-03-05T11:02:10+00:00\",\"dateModified\":\"2025-09-02T08:00:03+00:00\",\"breadcrumb\":{\"@id\":\"https:\/\/www.estilguru.com\/pt-pt\/producto\/superkit-kit-criacao-e-impermeabilizacao-de-chuveiros-de-obra\/#breadcrumb\"},\"inLanguage\":\"pt-PT\",\"potentialAction\":[{\"@type\":\"ReadAction\",\"target\":[\"https:\/\/www.estilguru.com\/pt-pt\/producto\/superkit-kit-criacao-e-impermeabilizacao-de-chuveiros-de-obra\/\"]}]},{\"@type\":\"ImageObject\",\"inLanguage\":\"pt-PT\",\"@id\":\"https:\/\/www.estilguru.com\/pt-pt\/producto\/superkit-kit-criacao-e-impermeabilizacao-de-chuveiros-de-obra\/#primaryimage\",\"url\":\"https:\/\/www.estilguru.com\/wp-content\/uploads\/2025\/03\/Captura-de-pantalla-2025-02-18-125415.jpg\",\"contentUrl\":\"https:\/\/www.estilguru.com\/wp-content\/uploads\/2025\/03\/Captura-de-pantalla-2025-02-18-125415.jpg\",\"width\":1175,\"height\":659},{\"@type\":\"BreadcrumbList\",\"@id\":\"https:\/\/www.estilguru.com\/pt-pt\/producto\/superkit-kit-criacao-e-impermeabilizacao-de-chuveiros-de-obra\/#breadcrumb\",\"itemListElement\":[{\"@type\":\"ListItem\",\"position\":1,\"name\":\"Home\",\"item\":\"https:\/\/www.estilguru.com\/pt-pt\/\"},{\"@type\":\"ListItem\",\"position\":2,\"name\":\"Produtos\",\"item\":\"https:\/\/www.estilguru.com\/pt-pt\/shop\/\"},{\"@type\":\"ListItem\",\"position\":3,\"name\":\"Superkit &#8211; Base de duche invis\u00edvel para chuveiros de encastrar\"}]},{\"@type\":\"WebSite\",\"@id\":\"https:\/\/www.estilguru.com\/pt-pt\/#website\",\"url\":\"https:\/\/www.estilguru.com\/pt-pt\/\",\"name\":\"Estil Guru\",\"description\":\"Sistemas de ducha e impermeabilizaci\u00f3n\",\"publisher\":{\"@id\":\"https:\/\/www.estilguru.com\/pt-pt\/#organization\"},\"potentialAction\":[{\"@type\":\"SearchAction\",\"target\":{\"@type\":\"EntryPoint\",\"urlTemplate\":\"https:\/\/www.estilguru.com\/pt-pt\/?s={search_term_string}\"},\"query-input\":{\"@type\":\"PropertyValueSpecification\",\"valueRequired\":true,\"valueName\":\"search_term_string\"}}],\"inLanguage\":\"pt-PT\"},{\"@type\":\"Organization\",\"@id\":\"https:\/\/www.estilguru.com\/pt-pt\/#organization\",\"name\":\"Estil Guru\",\"url\":\"https:\/\/www.estilguru.com\/pt-pt\/\",\"logo\":{\"@type\":\"ImageObject\",\"inLanguage\":\"pt-PT\",\"@id\":\"https:\/\/www.estilguru.com\/pt-pt\/#\/schema\/logo\/image\/\",\"url\":\"https:\/\/www.estilguru.com\/wp-content\/uploads\/2022\/09\/LOGO-GURU-horizontal-centrado-01.png\",\"contentUrl\":\"https:\/\/www.estilguru.com\/wp-content\/uploads\/2022\/09\/LOGO-GURU-horizontal-centrado-01.png\",\"width\":2000,\"height\":663,\"caption\":\"Estil Guru\"},\"image\":{\"@id\":\"https:\/\/www.estilguru.com\/pt-pt\/#\/schema\/logo\/image\/\"}}]}<\/script>\n<!-- \/ Yoast SEO plugin. -->","yoast_head_json":{"title":"Superkit - Base de duche invis\u00edvel para chuveiros de encastrar - Estil Guru","robots":{"index":"index","follow":"follow","max-snippet":"max-snippet:-1","max-image-preview":"max-image-preview:large","max-video-preview":"max-video-preview:-1"},"canonical":"https:\/\/www.estilguru.com\/pt-pt\/producto\/superkit-kit-criacao-e-impermeabilizacao-de-chuveiros-de-obra\/","og_locale":"pt_PT","og_type":"article","og_title":"Superkit - Base de duche invis\u00edvel para chuveiros de encastrar - Estil Guru","og_description":"Superkit \u00e9 uma base de duche invis\u00edvel pr\u00e9-fabricada, com op\u00e7\u00e3o paviment\u00e1vel (Grelha Integra) ou facilmente recort\u00e1vel (Grelha Revolux), que garante uma instala\u00e7\u00e3o r\u00e1pida, uma drenagem eficaz e um acabamento elegante e cont\u00ednuo ao mesmo n\u00edvel do pavimento da casa de banho.","og_url":"https:\/\/www.estilguru.com\/pt-pt\/producto\/superkit-kit-criacao-e-impermeabilizacao-de-chuveiros-de-obra\/","og_site_name":"Estil Guru","article_modified_time":"2025-09-02T08:00:03+00:00","og_image":[{"width":1175,"height":659,"url":"https:\/\/www.estilguru.com\/wp-content\/uploads\/2025\/03\/Captura-de-pantalla-2025-02-18-125415.jpg","type":"image\/jpeg"}],"twitter_card":"summary_large_image","twitter_misc":{"Tempo estimado de leitura":"2 minutos"},"schema":{"@context":"https:\/\/schema.org","@graph":[{"@type":"WebPage","@id":"https:\/\/www.estilguru.com\/pt-pt\/producto\/superkit-kit-criacao-e-impermeabilizacao-de-chuveiros-de-obra\/","url":"https:\/\/www.estilguru.com\/pt-pt\/producto\/superkit-kit-criacao-e-impermeabilizacao-de-chuveiros-de-obra\/","name":"Superkit - Base de duche invis\u00edvel para chuveiros de encastrar - Estil Guru","isPartOf":{"@id":"https:\/\/www.estilguru.com\/pt-pt\/#website"},"primaryImageOfPage":{"@id":"https:\/\/www.estilguru.com\/pt-pt\/producto\/superkit-kit-criacao-e-impermeabilizacao-de-chuveiros-de-obra\/#primaryimage"},"image":{"@id":"https:\/\/www.estilguru.com\/pt-pt\/producto\/superkit-kit-criacao-e-impermeabilizacao-de-chuveiros-de-obra\/#primaryimage"},"thumbnailUrl":"https:\/\/www.estilguru.com\/wp-content\/uploads\/2025\/03\/Captura-de-pantalla-2025-02-18-125415.jpg","datePublished":"2025-03-05T11:02:10+00:00","dateModified":"2025-09-02T08:00:03+00:00","breadcrumb":{"@id":"https:\/\/www.estilguru.com\/pt-pt\/producto\/superkit-kit-criacao-e-impermeabilizacao-de-chuveiros-de-obra\/#breadcrumb"},"inLanguage":"pt-PT","potentialAction":[{"@type":"ReadAction","target":["https:\/\/www.estilguru.com\/pt-pt\/producto\/superkit-kit-criacao-e-impermeabilizacao-de-chuveiros-de-obra\/"]}]},{"@type":"ImageObject","inLanguage":"pt-PT","@id":"https:\/\/www.estilguru.com\/pt-pt\/producto\/superkit-kit-criacao-e-impermeabilizacao-de-chuveiros-de-obra\/#primaryimage","url":"https:\/\/www.estilguru.com\/wp-content\/uploads\/2025\/03\/Captura-de-pantalla-2025-02-18-125415.jpg","contentUrl":"https:\/\/www.estilguru.com\/wp-content\/uploads\/2025\/03\/Captura-de-pantalla-2025-02-18-125415.jpg","width":1175,"height":659},{"@type":"BreadcrumbList","@id":"https:\/\/www.estilguru.com\/pt-pt\/producto\/superkit-kit-criacao-e-impermeabilizacao-de-chuveiros-de-obra\/#breadcrumb","itemListElement":[{"@type":"ListItem","position":1,"name":"Home","item":"https:\/\/www.estilguru.com\/pt-pt\/"},{"@type":"ListItem","position":2,"name":"Produtos","item":"https:\/\/www.estilguru.com\/pt-pt\/shop\/"},{"@type":"ListItem","position":3,"name":"Superkit &#8211; Base de duche invis\u00edvel para chuveiros de encastrar"}]},{"@type":"WebSite","@id":"https:\/\/www.estilguru.com\/pt-pt\/#website","url":"https:\/\/www.estilguru.com\/pt-pt\/","name":"Estil Guru","description":"Sistemas de ducha e impermeabilizaci\u00f3n","publisher":{"@id":"https:\/\/www.estilguru.com\/pt-pt\/#organization"},"potentialAction":[{"@type":"SearchAction","target":{"@type":"EntryPoint","urlTemplate":"https:\/\/www.estilguru.com\/pt-pt\/?s={search_term_string}"},"query-input":{"@type":"PropertyValueSpecification","valueRequired":true,"valueName":"search_term_string"}}],"inLanguage":"pt-PT"},{"@type":"Organization","@id":"https:\/\/www.estilguru.com\/pt-pt\/#organization","name":"Estil Guru","url":"https:\/\/www.estilguru.com\/pt-pt\/","logo":{"@type":"ImageObject","inLanguage":"pt-PT","@id":"https:\/\/www.estilguru.com\/pt-pt\/#\/schema\/logo\/image\/","url":"https:\/\/www.estilguru.com\/wp-content\/uploads\/2022\/09\/LOGO-GURU-horizontal-centrado-01.png","contentUrl":"https:\/\/www.estilguru.com\/wp-content\/uploads\/2022\/09\/LOGO-GURU-horizontal-centrado-01.png","width":2000,"height":663,"caption":"Estil Guru"},"image":{"@id":"https:\/\/www.estilguru.com\/pt-pt\/#\/schema\/logo\/image\/"}}]}},"_links":{"self":[{"href":"https:\/\/www.estilguru.com\/pt-pt\/wp-json\/wp\/v2\/product\/23523","targetHints":{"allow":["GET"]}}],"collection":[{"href":"https:\/\/www.estilguru.com\/pt-pt\/wp-json\/wp\/v2\/product"}],"about":[{"href":"https:\/\/www.estilguru.com\/pt-pt\/wp-json\/wp\/v2\/types\/product"}],"version-history":[{"count":0,"href":"https:\/\/www.estilguru.com\/pt-pt\/wp-json\/wp\/v2\/product\/23523\/revisions"}],"wp:featuredmedia":[{"embeddable":true,"href":"https:\/\/www.estilguru.com\/pt-pt\/wp-json\/wp\/v2\/media\/24254"}],"wp:attachment":[{"href":"https:\/\/www.estilguru.com\/pt-pt\/wp-json\/wp\/v2\/media?parent=23523"}],"wp:term":[{"taxonomy":"product_brand","embeddable":true,"href":"https:\/\/www.estilguru.com\/pt-pt\/wp-json\/wp\/v2\/product_brand?post=23523"},{"taxonomy":"product_cat","embeddable":true,"href":"https:\/\/www.estilguru.com\/pt-pt\/wp-json\/wp\/v2\/product_cat?post=23523"},{"taxonomy":"product_tag","embeddable":true,"href":"https:\/\/www.estilguru.com\/pt-pt\/wp-json\/wp\/v2\/product_tag?post=23523"}],"curies":[{"name":"wp","href":"https:\/\/api.w.org\/{rel}","templated":true}]}}