{"id":3652,"date":"2021-11-26T09:57:39","date_gmt":"2021-11-26T09:57:39","guid":{"rendered":"https:\/\/www.estilguru.com\/politica-de-cookies\/"},"modified":"2021-12-10T09:50:47","modified_gmt":"2021-12-10T09:50:47","slug":"politica-de-cookies","status":"publish","type":"page","link":"https:\/\/www.estilguru.com\/pt-pt\/politica-de-cookies\/","title":{"rendered":"Pol\u00edtica de Cookies"},"content":{"rendered":"<p class=\"font_8\">Pol\u00edtica de cookies:<\/p>\n<p class=\"font_8\">De acordo com o disposto no artigo 22.\u00ba da Lei n.\u00ba 34\/2002, de 11 de julho, os Servi\u00e7os da Sociedade de Informa\u00e7\u00e3o e Com\u00e9rcio Eletr\u00f3nico (LSSI-CE) em vigor, a ESTIL GURU, S.L.U. vem cumprir as suas obriga\u00e7\u00f5es de informar sobre os cookies que utiliza e os seus prop\u00f3sitos.<\/p>\n<p class=\"font_8\">Os cookies permitem que um website, entre outras coisas, armazene e recupere informa\u00e7\u00f5es sobre os h\u00e1bitos de navega\u00e7\u00e3o de um Utilizador ou dos seus equipamentos e, dependendo da informa\u00e7\u00e3o que cont\u00e9m e da forma como utilizam os seus equipamentos, podem ser utilizados para reconhecer o Utilizador.<\/p>\n<p class=\"font_8\">Os cookies s\u00e3o essenciais para o funcionamento da internet, proporcionando in\u00fameras vantagens na presta\u00e7\u00e3o de servi\u00e7os interativos, facilitando a navega\u00e7\u00e3o do Utilizador e a usabilidade do nosso website.<\/p>\n<p class=\"font_8\">Este website utiliza os seguintes cookies pr\u00f3prios e de terceiros para as finalidades descritas abaixo, inspirando o Utilizador an\u00f3nimo e o seu dispositivo, fornecendo o nome, apelido e IP do Utilizador.<\/p>\n<ul class=\"font_8\">\n<li>\n<p class=\"font_8\">COOKIES DE AN\u00c1LISE PR\u00d3PRIA, Sess\u00e3o e AN\u00c1LISE Persistente Que permitem \u00e0 ESTIL GURU, S.L.U. a an\u00e1lise ligada \u00e0 navega\u00e7\u00e3o realizada pelo Utilizador de forma a acompanhar a utiliza\u00e7\u00e3o do website, bem como a fazer estat\u00edsticas dos conte\u00fados mais visitados, n\u00famero de visitantes, etc.<\/p>\n<\/li>\n<li>\n<p class=\"font_8\">COOKIES DE PERSONALIZA\u00c7\u00c3O que permitem ao Utilizador uma navega\u00e7\u00e3o personalizada atrav\u00e9s do website, de acordo com o seu idioma.<\/p>\n<\/li>\n<\/ul>\n<p class=\"font_8\">Para utilizar este website n\u00e3o \u00e9 necess\u00e1rio instalar cookies. Pode definir o seu navegador para aceitar, rejeitar ou notificar quando um cookie estiver hospedado no seu computador. Cada navegador \u00e9 diferente, por isso, no caso de querer configurar o seu navegador para bloque\u00e1-los, fornecemos os seguintes links entre os quais pode encontrar o correspondente ao seu navegador:<\/p>\n<p class=\"font_8\"><span class=\"wixGuard\">\u200b<\/span><\/p>\n<ul class=\"font_8\">\n<li>\n<p class=\"font_8\"><a>MOZILLA FIREFOX<\/a><\/p>\n<\/li>\n<li>\n<p class=\"font_8\"><a>GOOGLE CHROME<\/a><\/p>\n<\/li>\n<li>\n<p class=\"font_8\"><a>INTERNET EXPLORER<\/a><\/p>\n<\/li>\n<li>\n<p class=\"font_8\"><a>SAFARI<\/a><\/p>\n<\/li>\n<li>\n<p class=\"font_8\"><a>OPERA<\/a><\/p>\n<\/li>\n<\/ul>\n<p class=\"font_8\">ESTIL GURU, S.L. informa o Utilizador que este site utiliza o <a>Google Analytics,<\/a>armazena cookies para poder compilar estat\u00edsticas sobre o tr\u00e1fego e volume de visitas a este website. Ao utilizar este website, o Utilizador est\u00e1 a concordar com o processamento das suas informa\u00e7\u00f5es pela Google. Portanto, o exerc\u00edcio de qualquer direito, neste sentido, o Utilizador deve faz\u00ea-lo comunicando diretamente com a Google.<\/p>\n<p class=\"font_8\">Os cookies do Google Analytics s\u00e3o armazenados em servidores localizados nos Estados Unidos. A Google compromete-se a n\u00e3o partilhar essas informa\u00e7\u00f5es com terceiros, exceto nos casos em que seja necess\u00e1rio para o funcionamento do sistema ou quando exigido por lei para faz\u00ea-lo.<\/p>\n<p class=\"font_8\">De acordo com o Google, n\u00e3o guarda o seu endere\u00e7o IP.<\/p>\n<p class=\"font_8\">Google Inc. \u00e9 uma empresa aderente ao &#8220;Privacy Shield&#8221; que garante que todos os dados transferidos ser\u00e3o tratados com um n\u00edvel de prote\u00e7\u00e3o de acordo com as regulamenta\u00e7\u00f5es europeias. O Utilizador pode consultar informa\u00e7\u00f5es detalhadas a este respeito atrav\u00e9s do seguinte link: <a>https:\/\/support.google.com\/analytics\/answer\/6004245<\/a>.<\/p>\n<p class=\"font_8\">Se o Utilizador desejar, pode utilizar o Add-on do Navegador Opt-Out do Google Analytics, atrav\u00e9s de cujas instru\u00e7\u00f5es os cookies anal\u00edticos desse servi\u00e7o podem ser rejeitados em todos os navegadores. O Utilizador pode consultar mais informa\u00e7\u00f5es sobre o mesmo no seguinte link: <a>https:\/\/tools.google.com\/dlpage\/gaoptout<\/a>.<\/p>\n","protected":false},"excerpt":{"rendered":"<p>Pol\u00edtica de cookies: De acordo com o disposto no artigo 22.\u00ba da Lei n.\u00ba 34\/2002, de 11 de julho, os Servi\u00e7os da Sociedade de Informa\u00e7\u00e3o e Com\u00e9rcio Eletr\u00f3nico (LSSI-CE) em vigor, a ESTIL GURU, S.L.U. vem cumprir as suas obriga\u00e7\u00f5es de informar sobre os cookies que utiliza e os seus prop\u00f3sitos. Os cookies permitem que &hellip;<\/p>\n<p class=\"read-more\"> <a class=\"\" href=\"https:\/\/www.estilguru.com\/pt-pt\/politica-de-cookies\/\"> <span class=\"screen-reader-text\">Pol\u00edtica de Cookies<\/span> Read More &raquo;<\/a><\/p>\n","protected":false},"author":1,"featured_media":0,"parent":0,"menu_order":0,"comment_status":"closed","ping_status":"closed","template":"","meta":{"site-sidebar-layout":"no-sidebar","site-content-layout":"default","ast-main-header-display":"disabled","ast-hfb-above-header-display":"","ast-hfb-below-header-display":"","ast-hfb-mobile-header-display":"","site-post-title":"","ast-breadcrumbs-content":"","ast-featured-img":"disabled","footer-sml-layout":"","theme-transparent-header-meta":"default","adv-header-id-meta":"","stick-header-meta":"","header-above-stick-meta":"","header-main-stick-meta":"","header-below-stick-meta":"","footnotes":""},"class_list":["post-3652","page","type-page","status-publish","hentry"],"yoast_head":"<!-- This site is optimized with the Yoast SEO plugin v27.1.1 - https:\/\/yoast.com\/product\/yoast-seo-wordpress\/ -->\n<title>Pol\u00edtica de Cookies - Estil Guru<\/title>\n<meta name=\"robots\" content=\"noindex, follow\" \/>\n<meta property=\"og:locale\" content=\"pt_PT\" \/>\n<meta property=\"og:type\" content=\"article\" \/>\n<meta property=\"og:title\" content=\"Pol\u00edtica de Cookies - Estil Guru\" \/>\n<meta property=\"og:description\" content=\"Pol\u00edtica de cookies: De acordo com o disposto no artigo 22.\u00ba da Lei n.\u00ba 34\/2002, de 11 de julho, os Servi\u00e7os da Sociedade de Informa\u00e7\u00e3o e Com\u00e9rcio Eletr\u00f3nico (LSSI-CE) em vigor, a ESTIL GURU, S.L.U. vem cumprir as suas obriga\u00e7\u00f5es de informar sobre os cookies que utiliza e os seus prop\u00f3sitos. Os cookies permitem que &hellip; Pol\u00edtica de Cookies Read More &raquo;\" \/>\n<meta property=\"og:url\" content=\"https:\/\/www.estilguru.com\/pt-pt\/politica-de-cookies\/\" \/>\n<meta property=\"og:site_name\" content=\"Estil Guru\" \/>\n<meta property=\"article:modified_time\" content=\"2021-12-10T09:50:47+00:00\" \/>\n<meta name=\"twitter:card\" content=\"summary_large_image\" \/>\n<meta name=\"twitter:label1\" content=\"Tempo estimado de leitura\" \/>\n\t<meta name=\"twitter:data1\" content=\"3 minutos\" \/>\n<script type=\"application\/ld+json\" class=\"yoast-schema-graph\">{\"@context\":\"https:\/\/schema.org\",\"@graph\":[{\"@type\":\"WebPage\",\"@id\":\"https:\/\/www.estilguru.com\/pt-pt\/politica-de-cookies\/\",\"url\":\"https:\/\/www.estilguru.com\/pt-pt\/politica-de-cookies\/\",\"name\":\"Pol\u00edtica de Cookies - Estil Guru\",\"isPartOf\":{\"@id\":\"https:\/\/www.estilguru.com\/pt-pt\/#website\"},\"datePublished\":\"2021-11-26T09:57:39+00:00\",\"dateModified\":\"2021-12-10T09:50:47+00:00\",\"breadcrumb\":{\"@id\":\"https:\/\/www.estilguru.com\/pt-pt\/politica-de-cookies\/#breadcrumb\"},\"inLanguage\":\"pt-PT\",\"potentialAction\":[{\"@type\":\"ReadAction\",\"target\":[\"https:\/\/www.estilguru.com\/pt-pt\/politica-de-cookies\/\"]}]},{\"@type\":\"BreadcrumbList\",\"@id\":\"https:\/\/www.estilguru.com\/pt-pt\/politica-de-cookies\/#breadcrumb\",\"itemListElement\":[{\"@type\":\"ListItem\",\"position\":1,\"name\":\"Home\",\"item\":\"https:\/\/www.estilguru.com\/pt-pt\/\"},{\"@type\":\"ListItem\",\"position\":2,\"name\":\"Pol\u00edtica de Cookies\"}]},{\"@type\":\"WebSite\",\"@id\":\"https:\/\/www.estilguru.com\/pt-pt\/#website\",\"url\":\"https:\/\/www.estilguru.com\/pt-pt\/\",\"name\":\"Estil Guru\",\"description\":\"Sistemas de ducha e impermeabilizaci\u00f3n\",\"publisher\":{\"@id\":\"https:\/\/www.estilguru.com\/pt-pt\/#organization\"},\"potentialAction\":[{\"@type\":\"SearchAction\",\"target\":{\"@type\":\"EntryPoint\",\"urlTemplate\":\"https:\/\/www.estilguru.com\/pt-pt\/?s={search_term_string}\"},\"query-input\":{\"@type\":\"PropertyValueSpecification\",\"valueRequired\":true,\"valueName\":\"search_term_string\"}}],\"inLanguage\":\"pt-PT\"},{\"@type\":\"Organization\",\"@id\":\"https:\/\/www.estilguru.com\/pt-pt\/#organization\",\"name\":\"Estil Guru\",\"url\":\"https:\/\/www.estilguru.com\/pt-pt\/\",\"logo\":{\"@type\":\"ImageObject\",\"inLanguage\":\"pt-PT\",\"@id\":\"https:\/\/www.estilguru.com\/pt-pt\/#\/schema\/logo\/image\/\",\"url\":\"https:\/\/www.estilguru.com\/wp-content\/uploads\/2022\/09\/LOGO-GURU-horizontal-centrado-01.png\",\"contentUrl\":\"https:\/\/www.estilguru.com\/wp-content\/uploads\/2022\/09\/LOGO-GURU-horizontal-centrado-01.png\",\"width\":2000,\"height\":663,\"caption\":\"Estil Guru\"},\"image\":{\"@id\":\"https:\/\/www.estilguru.com\/pt-pt\/#\/schema\/logo\/image\/\"}}]}<\/script>\n<!-- \/ Yoast SEO plugin. -->","yoast_head_json":{"title":"Pol\u00edtica de Cookies - Estil Guru","robots":{"index":"noindex","follow":"follow"},"og_locale":"pt_PT","og_type":"article","og_title":"Pol\u00edtica de Cookies - Estil Guru","og_description":"Pol\u00edtica de cookies: De acordo com o disposto no artigo 22.\u00ba da Lei n.\u00ba 34\/2002, de 11 de julho, os Servi\u00e7os da Sociedade de Informa\u00e7\u00e3o e Com\u00e9rcio Eletr\u00f3nico (LSSI-CE) em vigor, a ESTIL GURU, S.L.U. vem cumprir as suas obriga\u00e7\u00f5es de informar sobre os cookies que utiliza e os seus prop\u00f3sitos. Os cookies permitem que &hellip; Pol\u00edtica de Cookies Read More &raquo;","og_url":"https:\/\/www.estilguru.com\/pt-pt\/politica-de-cookies\/","og_site_name":"Estil Guru","article_modified_time":"2021-12-10T09:50:47+00:00","twitter_card":"summary_large_image","twitter_misc":{"Tempo estimado de leitura":"3 minutos"},"schema":{"@context":"https:\/\/schema.org","@graph":[{"@type":"WebPage","@id":"https:\/\/www.estilguru.com\/pt-pt\/politica-de-cookies\/","url":"https:\/\/www.estilguru.com\/pt-pt\/politica-de-cookies\/","name":"Pol\u00edtica de Cookies - Estil Guru","isPartOf":{"@id":"https:\/\/www.estilguru.com\/pt-pt\/#website"},"datePublished":"2021-11-26T09:57:39+00:00","dateModified":"2021-12-10T09:50:47+00:00","breadcrumb":{"@id":"https:\/\/www.estilguru.com\/pt-pt\/politica-de-cookies\/#breadcrumb"},"inLanguage":"pt-PT","potentialAction":[{"@type":"ReadAction","target":["https:\/\/www.estilguru.com\/pt-pt\/politica-de-cookies\/"]}]},{"@type":"BreadcrumbList","@id":"https:\/\/www.estilguru.com\/pt-pt\/politica-de-cookies\/#breadcrumb","itemListElement":[{"@type":"ListItem","position":1,"name":"Home","item":"https:\/\/www.estilguru.com\/pt-pt\/"},{"@type":"ListItem","position":2,"name":"Pol\u00edtica de Cookies"}]},{"@type":"WebSite","@id":"https:\/\/www.estilguru.com\/pt-pt\/#website","url":"https:\/\/www.estilguru.com\/pt-pt\/","name":"Estil Guru","description":"Sistemas de ducha e impermeabilizaci\u00f3n","publisher":{"@id":"https:\/\/www.estilguru.com\/pt-pt\/#organization"},"potentialAction":[{"@type":"SearchAction","target":{"@type":"EntryPoint","urlTemplate":"https:\/\/www.estilguru.com\/pt-pt\/?s={search_term_string}"},"query-input":{"@type":"PropertyValueSpecification","valueRequired":true,"valueName":"search_term_string"}}],"inLanguage":"pt-PT"},{"@type":"Organization","@id":"https:\/\/www.estilguru.com\/pt-pt\/#organization","name":"Estil Guru","url":"https:\/\/www.estilguru.com\/pt-pt\/","logo":{"@type":"ImageObject","inLanguage":"pt-PT","@id":"https:\/\/www.estilguru.com\/pt-pt\/#\/schema\/logo\/image\/","url":"https:\/\/www.estilguru.com\/wp-content\/uploads\/2022\/09\/LOGO-GURU-horizontal-centrado-01.png","contentUrl":"https:\/\/www.estilguru.com\/wp-content\/uploads\/2022\/09\/LOGO-GURU-horizontal-centrado-01.png","width":2000,"height":663,"caption":"Estil Guru"},"image":{"@id":"https:\/\/www.estilguru.com\/pt-pt\/#\/schema\/logo\/image\/"}}]}},"_links":{"self":[{"href":"https:\/\/www.estilguru.com\/pt-pt\/wp-json\/wp\/v2\/pages\/3652","targetHints":{"allow":["GET"]}}],"collection":[{"href":"https:\/\/www.estilguru.com\/pt-pt\/wp-json\/wp\/v2\/pages"}],"about":[{"href":"https:\/\/www.estilguru.com\/pt-pt\/wp-json\/wp\/v2\/types\/page"}],"author":[{"embeddable":true,"href":"https:\/\/www.estilguru.com\/pt-pt\/wp-json\/wp\/v2\/users\/1"}],"replies":[{"embeddable":true,"href":"https:\/\/www.estilguru.com\/pt-pt\/wp-json\/wp\/v2\/comments?post=3652"}],"version-history":[{"count":0,"href":"https:\/\/www.estilguru.com\/pt-pt\/wp-json\/wp\/v2\/pages\/3652\/revisions"}],"wp:attachment":[{"href":"https:\/\/www.estilguru.com\/pt-pt\/wp-json\/wp\/v2\/media?parent=3652"}],"curies":[{"name":"wp","href":"https:\/\/api.w.org\/{rel}","templated":true}]}}