{"id":3458,"date":"2021-11-26T09:56:59","date_gmt":"2021-11-26T09:56:59","guid":{"rendered":"https:\/\/www.estilguru.com\/area-tecnica\/cype\/"},"modified":"2025-06-05T09:40:57","modified_gmt":"2025-06-05T09:40:57","slug":"cype-engenheiros","status":"publish","type":"page","link":"https:\/\/www.estilguru.com\/pt-pt\/area-tecnica\/cype-engenheiros\/","title":{"rendered":"CYPE"},"content":{"rendered":"\t\t<div data-elementor-type=\"wp-page\" data-elementor-id=\"3458\" class=\"elementor elementor-3458 elementor-295\" data-elementor-settings=\"{&quot;ha_cmc_init_switcher&quot;:&quot;no&quot;}\" data-elementor-post-type=\"page\">\n\t\t\t\t\t\t<section class=\"elementor-section elementor-top-section elementor-element elementor-element-d841194 elementor-section-boxed elementor-section-height-default elementor-section-height-default\" data-id=\"d841194\" data-element_type=\"section\" data-e-type=\"section\" data-settings=\"{&quot;background_background&quot;:&quot;classic&quot;,&quot;_ha_eqh_enable&quot;:false}\">\n\t\t\t\t\t\t<div class=\"elementor-container elementor-column-gap-default\">\n\t\t\t\t\t<div class=\"elementor-column elementor-col-100 elementor-top-column elementor-element elementor-element-2d539be\" data-id=\"2d539be\" data-element_type=\"column\" data-e-type=\"column\">\n\t\t\t<div class=\"elementor-widget-wrap elementor-element-populated\">\n\t\t\t\t\t\t<div class=\"elementor-element elementor-element-750586b elementor-widget elementor-widget-heading\" data-id=\"750586b\" data-element_type=\"widget\" data-e-type=\"widget\" data-widget_type=\"heading.default\">\n\t\t\t\t<div class=\"elementor-widget-container\">\n\t\t\t\t\t<h1 class=\"elementor-heading-title elementor-size-default\">Gerador de Pre\u00e7os cype<\/h1>\t\t\t\t<\/div>\n\t\t\t\t<\/div>\n\t\t\t\t\t<\/div>\n\t\t<\/div>\n\t\t\t\t\t<\/div>\n\t\t<\/section>\n\t\t\t\t<section class=\"elementor-section elementor-top-section elementor-element elementor-element-b9ee701 elementor-section-boxed elementor-section-height-default elementor-section-height-default\" data-id=\"b9ee701\" data-element_type=\"section\" data-e-type=\"section\" data-settings=\"{&quot;_ha_eqh_enable&quot;:false}\">\n\t\t\t\t\t\t<div class=\"elementor-container elementor-column-gap-default\">\n\t\t\t\t\t<div class=\"elementor-column elementor-col-50 elementor-top-column elementor-element elementor-element-51b34bd\" data-id=\"51b34bd\" data-element_type=\"column\" data-e-type=\"column\">\n\t\t\t<div class=\"elementor-widget-wrap elementor-element-populated\">\n\t\t\t\t\t\t<div class=\"elementor-element elementor-element-b15c012 elementor-widget elementor-widget-text-editor\" data-id=\"b15c012\" data-element_type=\"widget\" data-e-type=\"widget\" data-widget_type=\"text-editor.default\">\n\t\t\t\t<div class=\"elementor-widget-container\">\n\t\t\t\t\t\t\t\t\t<p class=\"font_8\">Gra\u00e7as ao gerador de pre\u00e7os da Cype, arquitetos e gestores de projetos podem obter pre\u00e7os para materiais de constru\u00e7\u00e3o para executar previs\u00f5es de custos. Estas previs\u00f5es s\u00e3o \u00fateis para constru\u00e7\u00e3o nova, espa\u00e7os urbanos e reabilita\u00e7\u00e3o.<\/p>\n<p class=\"font_8\">Estil Guru est\u00e1 presente no cat\u00e1logo Cype INgenieros atrav\u00e9s desta liga\u00e7\u00e3o:<\/p>\n<p class=\"font_8\"><a href=\"http:\/\/estil-guru.generadordeprecios.info\/\">http:\/\/estil-guru.generadordeprecios.info\/<\/a><\/p>\n<p class=\"font_8\">Download:  <\/p>\n<p class=\"font_8\"><a href=\"https:\/\/mega.nz\/#!52h0jYyJ!TINW5ks__w7N-UJmHd7kFFyC1qCuDsQhMbkStm5koaA\">https:\/\/mega.nz\/#!52h0jYyJ!TINW5ks__w7N-UJmHd7kFFyC1qCuDsQhMbkStm5koaA<\/a><\/p>\n\t\t\t\t\t\t\t\t<\/div>\n\t\t\t\t<\/div>\n\t\t\t\t\t<\/div>\n\t\t<\/div>\n\t\t\t\t<div class=\"elementor-column elementor-col-50 elementor-top-column elementor-element elementor-element-11d1020\" data-id=\"11d1020\" data-element_type=\"column\" data-e-type=\"column\">\n\t\t\t<div class=\"elementor-widget-wrap elementor-element-populated\">\n\t\t\t\t\t\t<div class=\"elementor-element elementor-element-5a60800 elementor-widget elementor-widget-image\" data-id=\"5a60800\" data-element_type=\"widget\" data-e-type=\"widget\" data-widget_type=\"image.default\">\n\t\t\t\t<div class=\"elementor-widget-container\">\n\t\t\t\t\t\t\t\t\t\t\t\t\t\t\t\t<a href=\"http:\/\/estil-guru.generadordeprecios.info\/\">\n\t\t\t\t\t\t\t<img fetchpriority=\"high\" decoding=\"async\" width=\"369\" height=\"340\" src=\"https:\/\/www.estilguru.com\/wp-content\/uploads\/2022\/01\/logo_cype.png\" class=\"attachment-large size-large wp-image-5373\" alt=\"generador de precio Cype\" srcset=\"https:\/\/www.estilguru.com\/wp-content\/uploads\/2022\/01\/logo_cype.png 369w, https:\/\/www.estilguru.com\/wp-content\/uploads\/2022\/01\/logo_cype-300x276.png 300w\" sizes=\"(max-width: 369px) 100vw, 369px\" \/>\t\t\t\t\t\t\t\t<\/a>\n\t\t\t\t\t\t\t\t\t\t\t\t\t\t\t<\/div>\n\t\t\t\t<\/div>\n\t\t\t\t\t<\/div>\n\t\t<\/div>\n\t\t\t\t\t<\/div>\n\t\t<\/section>\n\t\t\t\t<\/div>\n\t\t","protected":false},"excerpt":{"rendered":"<p>Gerador de Pre\u00e7os cype Gra\u00e7as ao gerador de pre\u00e7os da Cype, arquitetos e gestores de projetos podem obter pre\u00e7os para materiais de constru\u00e7\u00e3o para executar previs\u00f5es de custos. Estas previs\u00f5es s\u00e3o \u00fateis para constru\u00e7\u00e3o nova, espa\u00e7os urbanos e reabilita\u00e7\u00e3o. Estil Guru est\u00e1 presente no cat\u00e1logo Cype INgenieros atrav\u00e9s desta liga\u00e7\u00e3o: http:\/\/estil-guru.generadordeprecios.info\/ Download: https:\/\/mega.nz\/#!52h0jYyJ!TINW5ks__w7N-UJmHd7kFFyC1qCuDsQhMbkStm5koaA<\/p>\n","protected":false},"author":1,"featured_media":0,"parent":3438,"menu_order":0,"comment_status":"closed","ping_status":"closed","template":"","meta":{"site-sidebar-layout":"no-sidebar","site-content-layout":"page-builder","ast-main-header-display":"","ast-hfb-above-header-display":"","ast-hfb-below-header-display":"","ast-hfb-mobile-header-display":"","site-post-title":"disabled","ast-breadcrumbs-content":"","ast-featured-img":"disabled","footer-sml-layout":"","theme-transparent-header-meta":"default","adv-header-id-meta":"","stick-header-meta":"","header-above-stick-meta":"","header-main-stick-meta":"","header-below-stick-meta":"","footnotes":""},"class_list":["post-3458","page","type-page","status-publish","hentry"],"yoast_head":"<!-- This site is optimized with the Yoast SEO plugin v27.1.1 - https:\/\/yoast.com\/product\/yoast-seo-wordpress\/ -->\n<title>CYPE - Estil Guru<\/title>\n<meta name=\"robots\" content=\"index, follow, max-snippet:-1, max-image-preview:large, max-video-preview:-1\" \/>\n<link rel=\"canonical\" href=\"https:\/\/www.estilguru.com\/pt-pt\/area-tecnica\/cype-engenheiros\/\" \/>\n<meta property=\"og:locale\" content=\"pt_PT\" \/>\n<meta property=\"og:type\" content=\"article\" \/>\n<meta property=\"og:title\" content=\"CYPE - Estil Guru\" \/>\n<meta property=\"og:description\" content=\"Gerador de Pre\u00e7os cype Gra\u00e7as ao gerador de pre\u00e7os da Cype, arquitetos e gestores de projetos podem obter pre\u00e7os para materiais de constru\u00e7\u00e3o para executar previs\u00f5es de custos. Estas previs\u00f5es s\u00e3o \u00fateis para constru\u00e7\u00e3o nova, espa\u00e7os urbanos e reabilita\u00e7\u00e3o. Estil Guru est\u00e1 presente no cat\u00e1logo Cype INgenieros atrav\u00e9s desta liga\u00e7\u00e3o: http:\/\/estil-guru.generadordeprecios.info\/ Download: https:\/\/mega.nz\/#!52h0jYyJ!TINW5ks__w7N-UJmHd7kFFyC1qCuDsQhMbkStm5koaA\" \/>\n<meta property=\"og:url\" content=\"https:\/\/www.estilguru.com\/pt-pt\/area-tecnica\/cype-engenheiros\/\" \/>\n<meta property=\"og:site_name\" content=\"Estil Guru\" \/>\n<meta property=\"article:modified_time\" content=\"2025-06-05T09:40:57+00:00\" \/>\n<meta property=\"og:image\" content=\"https:\/\/www.estilguru.com\/wp-content\/uploads\/2022\/01\/logo_cype.png\" \/>\n\t<meta property=\"og:image:width\" content=\"369\" \/>\n\t<meta property=\"og:image:height\" content=\"340\" \/>\n\t<meta property=\"og:image:type\" content=\"image\/png\" \/>\n<meta name=\"twitter:card\" content=\"summary_large_image\" \/>\n<script type=\"application\/ld+json\" class=\"yoast-schema-graph\">{\"@context\":\"https:\/\/schema.org\",\"@graph\":[{\"@type\":\"WebPage\",\"@id\":\"https:\/\/www.estilguru.com\/pt-pt\/area-tecnica\/cype-engenheiros\/\",\"url\":\"https:\/\/www.estilguru.com\/pt-pt\/area-tecnica\/cype-engenheiros\/\",\"name\":\"CYPE - Estil Guru\",\"isPartOf\":{\"@id\":\"https:\/\/www.estilguru.com\/pt-pt\/#website\"},\"primaryImageOfPage\":{\"@id\":\"https:\/\/www.estilguru.com\/pt-pt\/area-tecnica\/cype-engenheiros\/#primaryimage\"},\"image\":{\"@id\":\"https:\/\/www.estilguru.com\/pt-pt\/area-tecnica\/cype-engenheiros\/#primaryimage\"},\"thumbnailUrl\":\"https:\/\/www.estilguru.com\/wp-content\/uploads\/2022\/01\/logo_cype.png\",\"datePublished\":\"2021-11-26T09:56:59+00:00\",\"dateModified\":\"2025-06-05T09:40:57+00:00\",\"breadcrumb\":{\"@id\":\"https:\/\/www.estilguru.com\/pt-pt\/area-tecnica\/cype-engenheiros\/#breadcrumb\"},\"inLanguage\":\"pt-PT\",\"potentialAction\":[{\"@type\":\"ReadAction\",\"target\":[\"https:\/\/www.estilguru.com\/pt-pt\/area-tecnica\/cype-engenheiros\/\"]}]},{\"@type\":\"ImageObject\",\"inLanguage\":\"pt-PT\",\"@id\":\"https:\/\/www.estilguru.com\/pt-pt\/area-tecnica\/cype-engenheiros\/#primaryimage\",\"url\":\"https:\/\/www.estilguru.com\/wp-content\/uploads\/2022\/01\/logo_cype.png\",\"contentUrl\":\"https:\/\/www.estilguru.com\/wp-content\/uploads\/2022\/01\/logo_cype.png\"},{\"@type\":\"BreadcrumbList\",\"@id\":\"https:\/\/www.estilguru.com\/pt-pt\/area-tecnica\/cype-engenheiros\/#breadcrumb\",\"itemListElement\":[{\"@type\":\"ListItem\",\"position\":1,\"name\":\"Home\",\"item\":\"https:\/\/www.estilguru.com\/pt-pt\/\"},{\"@type\":\"ListItem\",\"position\":2,\"name\":\"\u00c1rea t\u00e9cnica\",\"item\":\"https:\/\/www.estilguru.com\/pt-pt\/area-tecnica\/\"},{\"@type\":\"ListItem\",\"position\":3,\"name\":\"CYPE\"}]},{\"@type\":\"WebSite\",\"@id\":\"https:\/\/www.estilguru.com\/pt-pt\/#website\",\"url\":\"https:\/\/www.estilguru.com\/pt-pt\/\",\"name\":\"Estil Guru\",\"description\":\"Sistemas de ducha e impermeabilizaci\u00f3n\",\"publisher\":{\"@id\":\"https:\/\/www.estilguru.com\/pt-pt\/#organization\"},\"potentialAction\":[{\"@type\":\"SearchAction\",\"target\":{\"@type\":\"EntryPoint\",\"urlTemplate\":\"https:\/\/www.estilguru.com\/pt-pt\/?s={search_term_string}\"},\"query-input\":{\"@type\":\"PropertyValueSpecification\",\"valueRequired\":true,\"valueName\":\"search_term_string\"}}],\"inLanguage\":\"pt-PT\"},{\"@type\":\"Organization\",\"@id\":\"https:\/\/www.estilguru.com\/pt-pt\/#organization\",\"name\":\"Estil Guru\",\"url\":\"https:\/\/www.estilguru.com\/pt-pt\/\",\"logo\":{\"@type\":\"ImageObject\",\"inLanguage\":\"pt-PT\",\"@id\":\"https:\/\/www.estilguru.com\/pt-pt\/#\/schema\/logo\/image\/\",\"url\":\"https:\/\/www.estilguru.com\/wp-content\/uploads\/2022\/09\/LOGO-GURU-horizontal-centrado-01.png\",\"contentUrl\":\"https:\/\/www.estilguru.com\/wp-content\/uploads\/2022\/09\/LOGO-GURU-horizontal-centrado-01.png\",\"width\":2000,\"height\":663,\"caption\":\"Estil Guru\"},\"image\":{\"@id\":\"https:\/\/www.estilguru.com\/pt-pt\/#\/schema\/logo\/image\/\"}}]}<\/script>\n<!-- \/ Yoast SEO plugin. -->","yoast_head_json":{"title":"CYPE - Estil Guru","robots":{"index":"index","follow":"follow","max-snippet":"max-snippet:-1","max-image-preview":"max-image-preview:large","max-video-preview":"max-video-preview:-1"},"canonical":"https:\/\/www.estilguru.com\/pt-pt\/area-tecnica\/cype-engenheiros\/","og_locale":"pt_PT","og_type":"article","og_title":"CYPE - Estil Guru","og_description":"Gerador de Pre\u00e7os cype Gra\u00e7as ao gerador de pre\u00e7os da Cype, arquitetos e gestores de projetos podem obter pre\u00e7os para materiais de constru\u00e7\u00e3o para executar previs\u00f5es de custos. Estas previs\u00f5es s\u00e3o \u00fateis para constru\u00e7\u00e3o nova, espa\u00e7os urbanos e reabilita\u00e7\u00e3o. Estil Guru est\u00e1 presente no cat\u00e1logo Cype INgenieros atrav\u00e9s desta liga\u00e7\u00e3o: http:\/\/estil-guru.generadordeprecios.info\/ Download: https:\/\/mega.nz\/#!52h0jYyJ!TINW5ks__w7N-UJmHd7kFFyC1qCuDsQhMbkStm5koaA","og_url":"https:\/\/www.estilguru.com\/pt-pt\/area-tecnica\/cype-engenheiros\/","og_site_name":"Estil Guru","article_modified_time":"2025-06-05T09:40:57+00:00","og_image":[{"width":369,"height":340,"url":"https:\/\/www.estilguru.com\/wp-content\/uploads\/2022\/01\/logo_cype.png","type":"image\/png"}],"twitter_card":"summary_large_image","schema":{"@context":"https:\/\/schema.org","@graph":[{"@type":"WebPage","@id":"https:\/\/www.estilguru.com\/pt-pt\/area-tecnica\/cype-engenheiros\/","url":"https:\/\/www.estilguru.com\/pt-pt\/area-tecnica\/cype-engenheiros\/","name":"CYPE - Estil Guru","isPartOf":{"@id":"https:\/\/www.estilguru.com\/pt-pt\/#website"},"primaryImageOfPage":{"@id":"https:\/\/www.estilguru.com\/pt-pt\/area-tecnica\/cype-engenheiros\/#primaryimage"},"image":{"@id":"https:\/\/www.estilguru.com\/pt-pt\/area-tecnica\/cype-engenheiros\/#primaryimage"},"thumbnailUrl":"https:\/\/www.estilguru.com\/wp-content\/uploads\/2022\/01\/logo_cype.png","datePublished":"2021-11-26T09:56:59+00:00","dateModified":"2025-06-05T09:40:57+00:00","breadcrumb":{"@id":"https:\/\/www.estilguru.com\/pt-pt\/area-tecnica\/cype-engenheiros\/#breadcrumb"},"inLanguage":"pt-PT","potentialAction":[{"@type":"ReadAction","target":["https:\/\/www.estilguru.com\/pt-pt\/area-tecnica\/cype-engenheiros\/"]}]},{"@type":"ImageObject","inLanguage":"pt-PT","@id":"https:\/\/www.estilguru.com\/pt-pt\/area-tecnica\/cype-engenheiros\/#primaryimage","url":"https:\/\/www.estilguru.com\/wp-content\/uploads\/2022\/01\/logo_cype.png","contentUrl":"https:\/\/www.estilguru.com\/wp-content\/uploads\/2022\/01\/logo_cype.png"},{"@type":"BreadcrumbList","@id":"https:\/\/www.estilguru.com\/pt-pt\/area-tecnica\/cype-engenheiros\/#breadcrumb","itemListElement":[{"@type":"ListItem","position":1,"name":"Home","item":"https:\/\/www.estilguru.com\/pt-pt\/"},{"@type":"ListItem","position":2,"name":"\u00c1rea t\u00e9cnica","item":"https:\/\/www.estilguru.com\/pt-pt\/area-tecnica\/"},{"@type":"ListItem","position":3,"name":"CYPE"}]},{"@type":"WebSite","@id":"https:\/\/www.estilguru.com\/pt-pt\/#website","url":"https:\/\/www.estilguru.com\/pt-pt\/","name":"Estil Guru","description":"Sistemas de ducha e impermeabilizaci\u00f3n","publisher":{"@id":"https:\/\/www.estilguru.com\/pt-pt\/#organization"},"potentialAction":[{"@type":"SearchAction","target":{"@type":"EntryPoint","urlTemplate":"https:\/\/www.estilguru.com\/pt-pt\/?s={search_term_string}"},"query-input":{"@type":"PropertyValueSpecification","valueRequired":true,"valueName":"search_term_string"}}],"inLanguage":"pt-PT"},{"@type":"Organization","@id":"https:\/\/www.estilguru.com\/pt-pt\/#organization","name":"Estil Guru","url":"https:\/\/www.estilguru.com\/pt-pt\/","logo":{"@type":"ImageObject","inLanguage":"pt-PT","@id":"https:\/\/www.estilguru.com\/pt-pt\/#\/schema\/logo\/image\/","url":"https:\/\/www.estilguru.com\/wp-content\/uploads\/2022\/09\/LOGO-GURU-horizontal-centrado-01.png","contentUrl":"https:\/\/www.estilguru.com\/wp-content\/uploads\/2022\/09\/LOGO-GURU-horizontal-centrado-01.png","width":2000,"height":663,"caption":"Estil Guru"},"image":{"@id":"https:\/\/www.estilguru.com\/pt-pt\/#\/schema\/logo\/image\/"}}]}},"_links":{"self":[{"href":"https:\/\/www.estilguru.com\/pt-pt\/wp-json\/wp\/v2\/pages\/3458","targetHints":{"allow":["GET"]}}],"collection":[{"href":"https:\/\/www.estilguru.com\/pt-pt\/wp-json\/wp\/v2\/pages"}],"about":[{"href":"https:\/\/www.estilguru.com\/pt-pt\/wp-json\/wp\/v2\/types\/page"}],"author":[{"embeddable":true,"href":"https:\/\/www.estilguru.com\/pt-pt\/wp-json\/wp\/v2\/users\/1"}],"replies":[{"embeddable":true,"href":"https:\/\/www.estilguru.com\/pt-pt\/wp-json\/wp\/v2\/comments?post=3458"}],"version-history":[{"count":0,"href":"https:\/\/www.estilguru.com\/pt-pt\/wp-json\/wp\/v2\/pages\/3458\/revisions"}],"up":[{"embeddable":true,"href":"https:\/\/www.estilguru.com\/pt-pt\/wp-json\/wp\/v2\/pages\/3438"}],"wp:attachment":[{"href":"https:\/\/www.estilguru.com\/pt-pt\/wp-json\/wp\/v2\/media?parent=3458"}],"curies":[{"name":"wp","href":"https:\/\/api.w.org\/{rel}","templated":true}]}}