{"id":3363,"date":"2021-11-26T08:58:41","date_gmt":"2021-11-26T08:58:41","guid":{"rendered":"https:\/\/www.estilguru.com\/lencois-impermeaveis\/w-s-air\/"},"modified":"2022-02-23T14:58:03","modified_gmt":"2022-02-23T14:58:03","slug":"w-s-ar","status":"publish","type":"page","link":"https:\/\/www.estilguru.com\/pt-pt\/folhas-impermeaveis\/w-s-ar\/","title":{"rendered":"W-S AIR"},"content":{"rendered":"\t\t<div data-elementor-type=\"wp-page\" data-elementor-id=\"3363\" class=\"elementor elementor-3363 elementor-267\" data-elementor-settings=\"{&quot;ha_cmc_init_switcher&quot;:&quot;no&quot;}\" data-elementor-post-type=\"page\">\n\t\t\t\t\t\t<section class=\"elementor-section elementor-top-section elementor-element elementor-element-9d31a9d elementor-section-full_width elementor-section-height-default elementor-section-height-default\" data-id=\"9d31a9d\" data-element_type=\"section\" data-e-type=\"section\" data-settings=\"{&quot;background_background&quot;:&quot;classic&quot;,&quot;_ha_eqh_enable&quot;:false}\">\n\t\t\t\t\t\t<div class=\"elementor-container elementor-column-gap-default\">\n\t\t\t\t\t<div class=\"elementor-column elementor-col-100 elementor-top-column elementor-element elementor-element-e48478e\" data-id=\"e48478e\" data-element_type=\"column\" data-e-type=\"column\">\n\t\t\t<div class=\"elementor-widget-wrap\">\n\t\t\t\t\t\t\t<\/div>\n\t\t<\/div>\n\t\t\t\t\t<\/div>\n\t\t<\/section>\n\t\t\t\t<section class=\"elementor-section elementor-top-section elementor-element elementor-element-ba01668 elementor-section-boxed elementor-section-height-default elementor-section-height-default\" data-id=\"ba01668\" data-element_type=\"section\" data-e-type=\"section\" data-settings=\"{&quot;_ha_eqh_enable&quot;:false}\">\n\t\t\t\t\t\t<div class=\"elementor-container elementor-column-gap-default\">\n\t\t\t\t\t<div class=\"elementor-column elementor-col-100 elementor-top-column elementor-element elementor-element-da94de2\" data-id=\"da94de2\" data-element_type=\"column\" data-e-type=\"column\">\n\t\t\t<div class=\"elementor-widget-wrap elementor-element-populated\">\n\t\t\t\t\t\t<div class=\"elementor-element elementor-element-bdd01ed premium-header-inline premium-lq__none premium-box-lq__none elementor-widget elementor-widget-premium-addon-dual-header\" data-id=\"bdd01ed\" data-element_type=\"widget\" data-e-type=\"widget\" data-widget_type=\"premium-addon-dual-header.default\">\n\t\t\t\t\t\n\t\t<div class=\"elementor-widget-container\">\n\t\t\t\t\t<h1 class=\"premium-dual-header-first-header \"><span class=\"premium-dual-header-first-span\">Tela imperme\u00e1vel para telhados  <\/span><span class=\"premium-dual-header-second-header \">W-S AIR<\/span><\/h1> \t\t\t\t<\/div>\n\n\t\t\t\t\t\t<\/div>\n\t\t\t\t<div class=\"elementor-element elementor-element-fd6deda elementor-widget elementor-widget-text-editor\" data-id=\"fd6deda\" data-element_type=\"widget\" data-e-type=\"widget\" data-widget_type=\"text-editor.default\">\n\t\t\t\t<div class=\"elementor-widget-container\">\n\t\t\t\t\t\t\t\t\t<p>A nossa tela imperme\u00e1vel para telhados W-S AIR foi especialmente concebida para o controlo do vapor em coberturas inclinadas e fachadas ventiladas. \u00c9 instalada sob a prote\u00e7\u00e3o e sobre a estrutura portante, apoiando as vigas no tabuleiro (laje de bet\u00e3o, madeiras, pain\u00e9is\u2026) ou diretamente sobre o isolamento t\u00e9rmico.<\/p><p>A tela imperme\u00e1vel transpir\u00e1vel para telhados destaca-se por ser resistente, leve e por ter uma instala\u00e7\u00e3o muito simples. Recomenda-se o seu uso em coberturas com inclina\u00e7\u00e3o superior a 6% (de acordo com a norma em 13859-1) como impermeabiliza\u00e7\u00e3o transpir\u00e1vel e barreira para correntes de ar, melhorando a efic\u00e1cia do isolamento t\u00e9rmico e evitando infiltra\u00e7\u00f5es de p\u00f3 e insetos.<\/p>\t\t\t\t\t\t\t\t<\/div>\n\t\t\t\t<\/div>\n\t\t\t\t\t<\/div>\n\t\t<\/div>\n\t\t\t\t\t<\/div>\n\t\t<\/section>\n\t\t\t\t<section class=\"elementor-section elementor-top-section elementor-element elementor-element-bbee450 elementor-section-full_width elementor-section-height-default elementor-section-height-default\" data-id=\"bbee450\" data-element_type=\"section\" data-e-type=\"section\" data-settings=\"{&quot;background_background&quot;:&quot;classic&quot;,&quot;_ha_eqh_enable&quot;:false}\">\n\t\t\t\t\t\t<div class=\"elementor-container elementor-column-gap-default\">\n\t\t\t\t\t<div class=\"elementor-column elementor-col-50 elementor-top-column elementor-element elementor-element-65f105d elementor-invisible\" data-id=\"65f105d\" data-element_type=\"column\" data-e-type=\"column\" data-settings=\"{&quot;animation&quot;:&quot;fadeInLeft&quot;}\">\n\t\t\t<div class=\"elementor-widget-wrap elementor-element-populated\">\n\t\t\t\t\t\t<div class=\"elementor-element elementor-element-6fbdbf6 elementor-widget elementor-widget-heading\" data-id=\"6fbdbf6\" data-element_type=\"widget\" data-e-type=\"widget\" data-widget_type=\"heading.default\">\n\t\t\t\t<div class=\"elementor-widget-container\">\n\t\t\t\t\t<h2 class=\"elementor-heading-title elementor-size-default\">Tela imperme\u00e1vel transpir\u00e1vel para telhados<\/h2>\t\t\t\t<\/div>\n\t\t\t\t<\/div>\n\t\t\t\t<div class=\"elementor-element elementor-element-532c529 elementor-widget elementor-widget-text-editor\" data-id=\"532c529\" data-element_type=\"widget\" data-e-type=\"widget\" data-widget_type=\"text-editor.default\">\n\t\t\t\t<div class=\"elementor-widget-container\">\n\t\t\t\t\t\t\t\t\t<p>A W-S AIR \u00e9 uma tela imperme\u00e1vel transpir\u00e1vel para telhados, uma vez que \u00e9 imperme\u00e1vel \u00e0 \u00e1gua, mas perme\u00e1vel ao vapor de \u00e1gua. \u00c9 uma excelente prote\u00e7\u00e3o contra a \u00e1gua que possa entrar devido a:<\/p><p>\u2013 Tempo adverso, como chuva com ventos fortes ou penetra\u00e7\u00e3o de neve pulverulenta.<\/p><p>\u2013 Acumula\u00e7\u00e3o de musgo, plantas, folhas, etc\u2026 nas telhas, cantos interiores e caleiras.<\/p><p>\u2013 Execu\u00e7\u00e3o inadequada da cobertura, como ventila\u00e7\u00e3o elevada, uso excessivo de argamassa, pendente insuficiente ou a instala\u00e7\u00e3o deficiente de juntas ou pontos cr\u00edticos.<\/p><p>\u2013 Quebra ou deslocamento de partes da cobertura. Por exemplo, a tela imperme\u00e1vel transpir\u00e1vel para telhados W-S AIR revela-se \u00fatil contra as pisadas de animais ou as da manuten\u00e7\u00e3o, vento, neve\u2026<\/p>\t\t\t\t\t\t\t\t<\/div>\n\t\t\t\t<\/div>\n\t\t\t\t<div class=\"elementor-element elementor-element-c793b5f elementor-align-center elementor-widget elementor-widget-button\" data-id=\"c793b5f\" data-element_type=\"widget\" data-e-type=\"widget\" data-widget_type=\"button.default\">\n\t\t\t\t<div class=\"elementor-widget-container\">\n\t\t\t\t\t\t\t\t\t<div class=\"elementor-button-wrapper\">\n\t\t\t\t\t<a class=\"elementor-button elementor-button-link elementor-size-sm\" href=\"#\">\n\t\t\t\t\t\t<span class=\"elementor-button-content-wrapper\">\n\t\t\t\t\t\t\t\t\t<span class=\"elementor-button-text\">Clique aqui<\/span>\n\t\t\t\t\t<\/span>\n\t\t\t\t\t<\/a>\n\t\t\t\t<\/div>\n\t\t\t\t\t\t\t\t<\/div>\n\t\t\t\t<\/div>\n\t\t\t\t\t<\/div>\n\t\t<\/div>\n\t\t\t\t<div class=\"elementor-column elementor-col-50 elementor-top-column elementor-element elementor-element-285a237 elementor-invisible\" data-id=\"285a237\" data-element_type=\"column\" data-e-type=\"column\" data-settings=\"{&quot;background_background&quot;:&quot;classic&quot;,&quot;animation&quot;:&quot;fadeInRight&quot;}\">\n\t\t\t<div class=\"elementor-widget-wrap\">\n\t\t\t\t\t\t\t<\/div>\n\t\t<\/div>\n\t\t\t\t\t<\/div>\n\t\t<\/section>\n\t\t\t\t<section class=\"elementor-section elementor-top-section elementor-element elementor-element-896f93e elementor-section-boxed elementor-section-height-default elementor-section-height-default\" data-id=\"896f93e\" data-element_type=\"section\" data-e-type=\"section\" data-settings=\"{&quot;background_background&quot;:&quot;classic&quot;,&quot;_ha_eqh_enable&quot;:false}\">\n\t\t\t\t\t\t<div class=\"elementor-container elementor-column-gap-narrow\">\n\t\t\t\t\t<div class=\"elementor-column elementor-col-100 elementor-top-column elementor-element elementor-element-0799137 elementor-invisible\" data-id=\"0799137\" data-element_type=\"column\" data-e-type=\"column\" data-settings=\"{&quot;animation&quot;:&quot;fadeInLeft&quot;}\">\n\t\t\t<div class=\"elementor-widget-wrap elementor-element-populated\">\n\t\t\t\t\t\t<div class=\"elementor-element elementor-element-8c85a2a elementor-widget elementor-widget-heading\" data-id=\"8c85a2a\" data-element_type=\"widget\" data-e-type=\"widget\" data-widget_type=\"heading.default\">\n\t\t\t\t<div class=\"elementor-widget-container\">\n\t\t\t\t\t<h2 class=\"elementor-heading-title elementor-size-default\">TELA POLIPROPILENO<\/h2>\t\t\t\t<\/div>\n\t\t\t\t<\/div>\n\t\t\t\t<div class=\"elementor-element elementor-element-19f1537 elementor-widget elementor-widget-text-editor\" data-id=\"19f1537\" data-element_type=\"widget\" data-e-type=\"widget\" data-widget_type=\"text-editor.default\">\n\t\t\t\t<div class=\"elementor-widget-container\">\n\t\t\t\t\t\t\t\t\t<p>A tela de polipropileno W-S AIR \u00e9 uma tela imperme\u00e1vel e difusora de vapor para a impermeabiliza\u00e7\u00e3o em coberturas inclinadas ou em vertical em muros e fachadas ventiladas. Geocomposto formado por tr\u00eas camadas; no centro, uma membrana microporosa de pel\u00edcula de pl\u00e1stico de polipropileno (PP) e, em cada um dos dois lados exteriores, uma camada de n\u00e3o-tecido tamb\u00e9m de polipropileno.<\/p><p>Em combina\u00e7\u00e3o com o isolamento t\u00e9rmico e barreiras de vapor, a tela WATER STOP AIR forma um sistema altamente eficaz que ajuda a satisfazer as exig\u00eancias do CTE em mat\u00e9ria de salubridade e redu\u00e7\u00e3o de consumo energ\u00e9tico. Protege a estrutura e o isolamento t\u00e9rmico dos efeitos da humidade. Ajuda a manter um ambiente interior mais limpo e saud\u00e1vel. Complementa o isolamento t\u00e9rmico, evitando perdas de calor por convec\u00e7\u00e3o e condensa\u00e7\u00f5es intersticiais.<\/p><p>A WATER STOP AIR permite manter um ambiente confort\u00e1vel e reduzir o consumo de energia.<\/p><ul><li>WATER STOP AIR 130: Apresenta-se num formato de rolo de 1,50\u00d750 m.<\/li><li>WATER STOP AIR 130 ADH: Incorpora uma membrana adesiva de dupla face para facilitar as uni\u00f5es entre telas. Apresenta-se num formato de rolo de 1,50\u00d750 m.<\/li><\/ul>\t\t\t\t\t\t\t\t<\/div>\n\t\t\t\t<\/div>\n\t\t\t\t\t<\/div>\n\t\t<\/div>\n\t\t\t\t\t<\/div>\n\t\t<\/section>\n\t\t\t\t<section class=\"elementor-section elementor-top-section elementor-element elementor-element-93ab1ac elementor-section-full_width elementor-section-height-default elementor-section-height-default\" data-id=\"93ab1ac\" data-element_type=\"section\" data-e-type=\"section\" data-settings=\"{&quot;background_background&quot;:&quot;classic&quot;,&quot;_ha_eqh_enable&quot;:false}\">\n\t\t\t\t\t\t<div class=\"elementor-container elementor-column-gap-default\">\n\t\t\t\t\t<div class=\"elementor-column elementor-col-100 elementor-top-column elementor-element elementor-element-c121d65\" data-id=\"c121d65\" data-element_type=\"column\" data-e-type=\"column\">\n\t\t\t<div class=\"elementor-widget-wrap\">\n\t\t\t\t\t\t\t<\/div>\n\t\t<\/div>\n\t\t\t\t\t<\/div>\n\t\t<\/section>\n\t\t\t\t<section class=\"elementor-section elementor-top-section elementor-element elementor-element-ef10ad3 elementor-section-boxed elementor-section-height-default elementor-section-height-default\" data-id=\"ef10ad3\" data-element_type=\"section\" data-e-type=\"section\" data-settings=\"{&quot;_ha_eqh_enable&quot;:false}\">\n\t\t\t\t\t\t<div class=\"elementor-container elementor-column-gap-default\">\n\t\t\t\t\t<div class=\"elementor-column elementor-col-100 elementor-top-column elementor-element elementor-element-48b6064\" data-id=\"48b6064\" data-element_type=\"column\" data-e-type=\"column\">\n\t\t\t<div class=\"elementor-widget-wrap elementor-element-populated\">\n\t\t\t\t\t\t<div class=\"elementor-element elementor-element-baf211c premium-header-inline premium-lq__none premium-box-lq__none elementor-widget elementor-widget-premium-addon-dual-header\" data-id=\"baf211c\" data-element_type=\"widget\" data-e-type=\"widget\" data-widget_type=\"premium-addon-dual-header.default\">\n\t\t\t\t\t\n\t\t<div class=\"elementor-widget-container\">\n\t\t\t\t\t<h2 class=\"premium-dual-header-first-header \"><span class=\"premium-dual-header-first-span\">COMPRAR TELA IMPERME\u00c1VEL TRANSPIR\u00c1VEL PARA TELHADOS  <\/span><span class=\"premium-dual-header-second-header \">W-S AIR<\/span><\/h2> \t\t\t\t<\/div>\n\n\t\t\t\t\t\t<\/div>\n\t\t\t\t<div class=\"elementor-element elementor-element-96cccd0 elementor-widget elementor-widget-text-editor\" data-id=\"96cccd0\" data-element_type=\"widget\" data-e-type=\"widget\" data-widget_type=\"text-editor.default\">\n\t\t\t\t<div class=\"elementor-widget-container\">\n\t\t\t\t\t\t\t\t\t<p>Na Estil Guru somos fornecedores de telas de impermeabiliza\u00e7\u00e3o transpir\u00e1veis para telhados h\u00e1 mais de 10 anos, cumprindo todos os padr\u00f5es para garantir sempre a efic\u00e1cia e as funcionalidades que oferece a nossa W-S AIR. Se procura uma tela imperme\u00e1vel transpir\u00e1vel para telhados, n\u00e3o hesite em contactar-nos.<\/p><p><strong>\u00a0<\/strong><\/p>\t\t\t\t\t\t\t\t<\/div>\n\t\t\t\t<\/div>\n\t\t\t\t<div class=\"elementor-element elementor-element-3bf8646 elementor-align-center elementor-widget elementor-widget-button\" data-id=\"3bf8646\" data-element_type=\"widget\" data-e-type=\"widget\" data-widget_type=\"button.default\">\n\t\t\t\t<div class=\"elementor-widget-container\">\n\t\t\t\t\t\t\t\t\t<div class=\"elementor-button-wrapper\">\n\t\t\t\t\t<a class=\"elementor-button elementor-button-link elementor-size-sm elementor-animation-shrink\" href=\"https:\/\/www.estilguru.com\/pt-pt\/contacto\/\">\n\t\t\t\t\t\t<span class=\"elementor-button-content-wrapper\">\n\t\t\t\t\t\t\t\t\t<span class=\"elementor-button-text\">Contacto<\/span>\n\t\t\t\t\t<\/span>\n\t\t\t\t\t<\/a>\n\t\t\t\t<\/div>\n\t\t\t\t\t\t\t\t<\/div>\n\t\t\t\t<\/div>\n\t\t\t\t\t<\/div>\n\t\t<\/div>\n\t\t\t\t\t<\/div>\n\t\t<\/section>\n\t\t\t\t<\/div>\n\t\t","protected":false},"excerpt":{"rendered":"<p>Tela imperme\u00e1vel para telhados W-S AIR A nossa tela imperme\u00e1vel para telhados W-S AIR foi especialmente concebida para o controlo do vapor em coberturas inclinadas e fachadas ventiladas. \u00c9 instalada sob a prote\u00e7\u00e3o e sobre a estrutura portante, apoiando as vigas no tabuleiro (laje de bet\u00e3o, madeiras, pain\u00e9is\u2026) ou diretamente sobre o isolamento t\u00e9rmico. A &hellip;<\/p>\n<p class=\"read-more\"> <a class=\"\" href=\"https:\/\/www.estilguru.com\/pt-pt\/folhas-impermeaveis\/w-s-ar\/\"> <span class=\"screen-reader-text\">W-S AIR<\/span> Read More &raquo;<\/a><\/p>\n","protected":false},"author":1,"featured_media":0,"parent":3348,"menu_order":0,"comment_status":"closed","ping_status":"closed","template":"","meta":{"site-sidebar-layout":"no-sidebar","site-content-layout":"page-builder","ast-main-header-display":"disabled","ast-hfb-above-header-display":"","ast-hfb-below-header-display":"","ast-hfb-mobile-header-display":"","site-post-title":"disabled","ast-breadcrumbs-content":"","ast-featured-img":"disabled","footer-sml-layout":"","theme-transparent-header-meta":"default","adv-header-id-meta":"","stick-header-meta":"","header-above-stick-meta":"","header-main-stick-meta":"","header-below-stick-meta":"","footnotes":""},"class_list":["post-3363","page","type-page","status-publish","hentry"],"yoast_head":"<!-- This site is optimized with the Yoast SEO plugin v27.1.1 - https:\/\/yoast.com\/product\/yoast-seo-wordpress\/ -->\n<title>W-S AIR - Estil Guru<\/title>\n<meta name=\"description\" content=\"A chapa de cobertura imperme\u00e1vel W-S AIR \u00e9 uma das melhores solu\u00e7\u00f5es para impermeabilizar telhados com e sem inclina\u00e7\u00e3o.\" \/>\n<meta name=\"robots\" content=\"index, follow, max-snippet:-1, max-image-preview:large, max-video-preview:-1\" \/>\n<link rel=\"canonical\" href=\"https:\/\/www.estilguru.com\/pt-pt\/folhas-impermeaveis\/w-s-ar\/\" \/>\n<meta property=\"og:locale\" content=\"pt_PT\" \/>\n<meta property=\"og:type\" content=\"article\" \/>\n<meta property=\"og:title\" content=\"W-S AIR - Estil Guru\" \/>\n<meta property=\"og:description\" content=\"A chapa de cobertura imperme\u00e1vel W-S AIR \u00e9 uma das melhores solu\u00e7\u00f5es para impermeabilizar telhados com e sem inclina\u00e7\u00e3o.\" \/>\n<meta property=\"og:url\" content=\"https:\/\/www.estilguru.com\/pt-pt\/folhas-impermeaveis\/w-s-ar\/\" \/>\n<meta property=\"og:site_name\" content=\"Estil Guru\" \/>\n<meta property=\"article:modified_time\" content=\"2022-02-23T14:58:03+00:00\" \/>\n<meta name=\"twitter:card\" content=\"summary_large_image\" \/>\n<meta name=\"twitter:label1\" content=\"Tempo estimado de leitura\" \/>\n\t<meta name=\"twitter:data1\" content=\"3 minutos\" \/>\n<script type=\"application\/ld+json\" class=\"yoast-schema-graph\">{\"@context\":\"https:\/\/schema.org\",\"@graph\":[{\"@type\":\"WebPage\",\"@id\":\"https:\/\/www.estilguru.com\/pt-pt\/folhas-impermeaveis\/w-s-ar\/\",\"url\":\"https:\/\/www.estilguru.com\/pt-pt\/folhas-impermeaveis\/w-s-ar\/\",\"name\":\"W-S AIR - Estil Guru\",\"isPartOf\":{\"@id\":\"https:\/\/www.estilguru.com\/pt-pt\/#website\"},\"datePublished\":\"2021-11-26T08:58:41+00:00\",\"dateModified\":\"2022-02-23T14:58:03+00:00\",\"description\":\"A chapa de cobertura imperme\u00e1vel W-S AIR \u00e9 uma das melhores solu\u00e7\u00f5es para impermeabilizar telhados com e sem inclina\u00e7\u00e3o.\",\"breadcrumb\":{\"@id\":\"https:\/\/www.estilguru.com\/pt-pt\/folhas-impermeaveis\/w-s-ar\/#breadcrumb\"},\"inLanguage\":\"pt-PT\",\"potentialAction\":[{\"@type\":\"ReadAction\",\"target\":[\"https:\/\/www.estilguru.com\/pt-pt\/folhas-impermeaveis\/w-s-ar\/\"]}]},{\"@type\":\"BreadcrumbList\",\"@id\":\"https:\/\/www.estilguru.com\/pt-pt\/folhas-impermeaveis\/w-s-ar\/#breadcrumb\",\"itemListElement\":[{\"@type\":\"ListItem\",\"position\":1,\"name\":\"Home\",\"item\":\"https:\/\/www.estilguru.com\/pt-pt\/\"},{\"@type\":\"ListItem\",\"position\":2,\"name\":\"Tela de prote\u00e7\u00e3o imperme\u00e1vel\",\"item\":\"https:\/\/www.estilguru.com\/pt-pt\/folhas-impermeaveis\/\"},{\"@type\":\"ListItem\",\"position\":3,\"name\":\"W-S AIR\"}]},{\"@type\":\"WebSite\",\"@id\":\"https:\/\/www.estilguru.com\/pt-pt\/#website\",\"url\":\"https:\/\/www.estilguru.com\/pt-pt\/\",\"name\":\"Estil Guru\",\"description\":\"Sistemas de ducha e impermeabilizaci\u00f3n\",\"publisher\":{\"@id\":\"https:\/\/www.estilguru.com\/pt-pt\/#organization\"},\"potentialAction\":[{\"@type\":\"SearchAction\",\"target\":{\"@type\":\"EntryPoint\",\"urlTemplate\":\"https:\/\/www.estilguru.com\/pt-pt\/?s={search_term_string}\"},\"query-input\":{\"@type\":\"PropertyValueSpecification\",\"valueRequired\":true,\"valueName\":\"search_term_string\"}}],\"inLanguage\":\"pt-PT\"},{\"@type\":\"Organization\",\"@id\":\"https:\/\/www.estilguru.com\/pt-pt\/#organization\",\"name\":\"Estil Guru\",\"url\":\"https:\/\/www.estilguru.com\/pt-pt\/\",\"logo\":{\"@type\":\"ImageObject\",\"inLanguage\":\"pt-PT\",\"@id\":\"https:\/\/www.estilguru.com\/pt-pt\/#\/schema\/logo\/image\/\",\"url\":\"https:\/\/www.estilguru.com\/wp-content\/uploads\/2022\/09\/LOGO-GURU-horizontal-centrado-01.png\",\"contentUrl\":\"https:\/\/www.estilguru.com\/wp-content\/uploads\/2022\/09\/LOGO-GURU-horizontal-centrado-01.png\",\"width\":2000,\"height\":663,\"caption\":\"Estil Guru\"},\"image\":{\"@id\":\"https:\/\/www.estilguru.com\/pt-pt\/#\/schema\/logo\/image\/\"}}]}<\/script>\n<!-- \/ Yoast SEO plugin. -->","yoast_head_json":{"title":"W-S AIR - Estil Guru","description":"A chapa de cobertura imperme\u00e1vel W-S AIR \u00e9 uma das melhores solu\u00e7\u00f5es para impermeabilizar telhados com e sem inclina\u00e7\u00e3o.","robots":{"index":"index","follow":"follow","max-snippet":"max-snippet:-1","max-image-preview":"max-image-preview:large","max-video-preview":"max-video-preview:-1"},"canonical":"https:\/\/www.estilguru.com\/pt-pt\/folhas-impermeaveis\/w-s-ar\/","og_locale":"pt_PT","og_type":"article","og_title":"W-S AIR - Estil Guru","og_description":"A chapa de cobertura imperme\u00e1vel W-S AIR \u00e9 uma das melhores solu\u00e7\u00f5es para impermeabilizar telhados com e sem inclina\u00e7\u00e3o.","og_url":"https:\/\/www.estilguru.com\/pt-pt\/folhas-impermeaveis\/w-s-ar\/","og_site_name":"Estil Guru","article_modified_time":"2022-02-23T14:58:03+00:00","twitter_card":"summary_large_image","twitter_misc":{"Tempo estimado de leitura":"3 minutos"},"schema":{"@context":"https:\/\/schema.org","@graph":[{"@type":"WebPage","@id":"https:\/\/www.estilguru.com\/pt-pt\/folhas-impermeaveis\/w-s-ar\/","url":"https:\/\/www.estilguru.com\/pt-pt\/folhas-impermeaveis\/w-s-ar\/","name":"W-S AIR - Estil Guru","isPartOf":{"@id":"https:\/\/www.estilguru.com\/pt-pt\/#website"},"datePublished":"2021-11-26T08:58:41+00:00","dateModified":"2022-02-23T14:58:03+00:00","description":"A chapa de cobertura imperme\u00e1vel W-S AIR \u00e9 uma das melhores solu\u00e7\u00f5es para impermeabilizar telhados com e sem inclina\u00e7\u00e3o.","breadcrumb":{"@id":"https:\/\/www.estilguru.com\/pt-pt\/folhas-impermeaveis\/w-s-ar\/#breadcrumb"},"inLanguage":"pt-PT","potentialAction":[{"@type":"ReadAction","target":["https:\/\/www.estilguru.com\/pt-pt\/folhas-impermeaveis\/w-s-ar\/"]}]},{"@type":"BreadcrumbList","@id":"https:\/\/www.estilguru.com\/pt-pt\/folhas-impermeaveis\/w-s-ar\/#breadcrumb","itemListElement":[{"@type":"ListItem","position":1,"name":"Home","item":"https:\/\/www.estilguru.com\/pt-pt\/"},{"@type":"ListItem","position":2,"name":"Tela de prote\u00e7\u00e3o imperme\u00e1vel","item":"https:\/\/www.estilguru.com\/pt-pt\/folhas-impermeaveis\/"},{"@type":"ListItem","position":3,"name":"W-S AIR"}]},{"@type":"WebSite","@id":"https:\/\/www.estilguru.com\/pt-pt\/#website","url":"https:\/\/www.estilguru.com\/pt-pt\/","name":"Estil Guru","description":"Sistemas de ducha e impermeabilizaci\u00f3n","publisher":{"@id":"https:\/\/www.estilguru.com\/pt-pt\/#organization"},"potentialAction":[{"@type":"SearchAction","target":{"@type":"EntryPoint","urlTemplate":"https:\/\/www.estilguru.com\/pt-pt\/?s={search_term_string}"},"query-input":{"@type":"PropertyValueSpecification","valueRequired":true,"valueName":"search_term_string"}}],"inLanguage":"pt-PT"},{"@type":"Organization","@id":"https:\/\/www.estilguru.com\/pt-pt\/#organization","name":"Estil Guru","url":"https:\/\/www.estilguru.com\/pt-pt\/","logo":{"@type":"ImageObject","inLanguage":"pt-PT","@id":"https:\/\/www.estilguru.com\/pt-pt\/#\/schema\/logo\/image\/","url":"https:\/\/www.estilguru.com\/wp-content\/uploads\/2022\/09\/LOGO-GURU-horizontal-centrado-01.png","contentUrl":"https:\/\/www.estilguru.com\/wp-content\/uploads\/2022\/09\/LOGO-GURU-horizontal-centrado-01.png","width":2000,"height":663,"caption":"Estil Guru"},"image":{"@id":"https:\/\/www.estilguru.com\/pt-pt\/#\/schema\/logo\/image\/"}}]}},"_links":{"self":[{"href":"https:\/\/www.estilguru.com\/pt-pt\/wp-json\/wp\/v2\/pages\/3363","targetHints":{"allow":["GET"]}}],"collection":[{"href":"https:\/\/www.estilguru.com\/pt-pt\/wp-json\/wp\/v2\/pages"}],"about":[{"href":"https:\/\/www.estilguru.com\/pt-pt\/wp-json\/wp\/v2\/types\/page"}],"author":[{"embeddable":true,"href":"https:\/\/www.estilguru.com\/pt-pt\/wp-json\/wp\/v2\/users\/1"}],"replies":[{"embeddable":true,"href":"https:\/\/www.estilguru.com\/pt-pt\/wp-json\/wp\/v2\/comments?post=3363"}],"version-history":[{"count":0,"href":"https:\/\/www.estilguru.com\/pt-pt\/wp-json\/wp\/v2\/pages\/3363\/revisions"}],"up":[{"embeddable":true,"href":"https:\/\/www.estilguru.com\/pt-pt\/wp-json\/wp\/v2\/pages\/3348"}],"wp:attachment":[{"href":"https:\/\/www.estilguru.com\/pt-pt\/wp-json\/wp\/v2\/media?parent=3363"}],"curies":[{"name":"wp","href":"https:\/\/api.w.org\/{rel}","templated":true}]}}