{"id":23587,"date":"2025-03-05T11:09:07","date_gmt":"2025-03-05T11:09:07","guid":{"rendered":"https:\/\/www.estilguru.com\/dap\/"},"modified":"2025-03-05T11:09:12","modified_gmt":"2025-03-05T11:09:12","slug":"dap","status":"publish","type":"page","link":"https:\/\/www.estilguru.com\/pt-pt\/dap\/","title":{"rendered":"DAP"},"content":{"rendered":"\t\t<div data-elementor-type=\"wp-page\" data-elementor-id=\"23587\" class=\"elementor elementor-23587 elementor-19566\" data-elementor-settings=\"{&quot;ha_cmc_init_switcher&quot;:&quot;no&quot;}\" data-elementor-post-type=\"page\">\n\t\t\t\t<div class=\"elementor-element elementor-element-088fd8f e-flex e-con-boxed e-con e-parent\" data-id=\"088fd8f\" data-element_type=\"container\" data-e-type=\"container\" data-settings=\"{&quot;background_background&quot;:&quot;classic&quot;,&quot;_ha_eqh_enable&quot;:false}\">\n\t\t\t\t\t<div class=\"e-con-inner\">\n\t\t\t\t<div class=\"elementor-element elementor-element-f43d455 elementor-widget elementor-widget-image\" data-id=\"f43d455\" data-element_type=\"widget\" data-e-type=\"widget\" data-widget_type=\"image.default\">\n\t\t\t\t<div class=\"elementor-widget-container\">\n\t\t\t\t\t\t\t\t\t\t\t\t\t\t\t<img decoding=\"async\" src=\"https:\/\/www.estilguru.com\/wp-content\/uploads\/2024\/04\/BANNER-DAP.jpg\" title=\"BANNER DAP\" alt=\"BANNER DAP\" loading=\"lazy\" \/>\t\t\t\t\t\t\t\t\t\t\t\t\t\t\t<\/div>\n\t\t\t\t<\/div>\n\t\t\t\t\t<\/div>\n\t\t\t\t<\/div>\n\t\t<div class=\"elementor-element elementor-element-5444c9c e-flex e-con-boxed e-con e-parent\" data-id=\"5444c9c\" data-element_type=\"container\" data-e-type=\"container\" data-settings=\"{&quot;_ha_eqh_enable&quot;:false}\">\n\t\t\t\t\t<div class=\"e-con-inner\">\n\t\t\t\t<div class=\"elementor-element elementor-element-33f41b1 elementor-widget elementor-widget-heading\" data-id=\"33f41b1\" data-element_type=\"widget\" data-e-type=\"widget\" data-widget_type=\"heading.default\">\n\t\t\t\t<div class=\"elementor-widget-container\">\n\t\t\t\t\t<h2 class=\"elementor-heading-title elementor-size-default\">Estil Guru passa o DAP com distin\u00e7\u00e3o!<\/h2>\t\t\t\t<\/div>\n\t\t\t\t<\/div>\n\t\t\t\t\t<\/div>\n\t\t\t\t<\/div>\n\t\t<div class=\"elementor-element elementor-element-18cfeca e-flex e-con-boxed e-con e-parent\" data-id=\"18cfeca\" data-element_type=\"container\" data-e-type=\"container\" data-settings=\"{&quot;_ha_eqh_enable&quot;:false}\">\n\t\t\t\t\t<div class=\"e-con-inner\">\n\t\t\t\t<div class=\"elementor-element elementor-element-c720761 elementor-widget elementor-widget-text-editor\" data-id=\"c720761\" data-element_type=\"widget\" data-e-type=\"widget\" data-widget_type=\"text-editor.default\">\n\t\t\t\t<div class=\"elementor-widget-container\">\n\t\t\t\t\t\t\t\t\t<p>Na Estil Guru, temos o orgulho de te informar que obtivemos o WTP atrav\u00e9s de uma avalia\u00e7\u00e3o objetiva que demonstra o impacto ambiental do nosso produto WATER-STOP.<\/p>\n<p><strong>A DAP: Mais do que uma certifica\u00e7\u00e3o, um compromisso ambiental<\/strong><\/p>\n<p>A Declara\u00e7\u00e3o Ambiental de Produto \u00e9 uma an\u00e1lise rigorosa que avalia o impacto ambiental de um produto ao longo do seu ciclo de vida. Na Estil Guru, n\u00e3o s\u00f3 procuramos a excel\u00eancia no desempenho, mas tamb\u00e9m na transpar\u00eancia. Ao obter e partilhar a EPD, demonstramos o nosso empenho em avaliar corretamente o impacto ambiental dos nossos produtos <br \/>.  <\/p>\n<p><strong>Pontos-chave analisados no DAP:<\/strong><\/p>\n<p>1. Extra\u00e7\u00e3o de mat\u00e9rias-primas: A nossa membrana de impermeabiliza\u00e7\u00e3o WATER-STOP \u00e9 fabricada com mat\u00e9rias-primas selecionadas de forma respons\u00e1vel, minimizando o impacto na biodiversidade.<br \/>2. Processo de produ\u00e7\u00e3o: Utilizamos tecnologias avan\u00e7adas e energeticamente eficientes, eliminando as emiss\u00f5es e optimizando todas as fases de fabrico.<br \/>3. Embalagem sustent\u00e1vel: Esfor\u00e7amo-nos por utilizar materiais de embalagem recicl\u00e1veis e minimalistas, contribuindo para a redu\u00e7\u00e3o de res\u00edduos.<br \/>4. Vida \u00fatil do produto: A composi\u00e7\u00e3o da nossa pel\u00edcula de impermeabiliza\u00e7\u00e3o WATER-STOP n\u00e3o s\u00f3 garante um desempenho duradouro, como tamb\u00e9m reduz a necessidade de substitui\u00e7\u00e3o, minimizando assim a produ\u00e7\u00e3o de res\u00edduos.<br \/>5. Fim de vida: Facilitamos a reciclagem dos nossos produtos, concebendo-os com materiais que podem ser eficientemente separados e processados no fim da sua vida \u00fatil.<\/p>\n\t\t\t\t\t\t\t\t<\/div>\n\t\t\t\t<\/div>\n\t\t\t\t\t<\/div>\n\t\t\t\t<\/div>\n\t\t<div class=\"elementor-element elementor-element-fb83f76 e-flex e-con-boxed e-con e-parent\" data-id=\"fb83f76\" data-element_type=\"container\" data-e-type=\"container\" data-settings=\"{&quot;_ha_eqh_enable&quot;:false}\">\n\t\t\t\t\t<div class=\"e-con-inner\">\n\t\t<div class=\"elementor-element elementor-element-5750e24 e-con-full e-flex e-con e-parent\" data-id=\"5750e24\" data-element_type=\"container\" data-e-type=\"container\" data-settings=\"{&quot;_ha_eqh_enable&quot;:false}\">\n\t\t\t\t<div class=\"elementor-element elementor-element-e59c6a0 elementor-widget elementor-widget-image\" data-id=\"e59c6a0\" data-element_type=\"widget\" data-e-type=\"widget\" data-widget_type=\"image.default\">\n\t\t\t\t<div class=\"elementor-widget-container\">\n\t\t\t\t\t\t\t\t\t\t\t\t\t\t\t<img fetchpriority=\"high\" decoding=\"async\" width=\"500\" height=\"500\" src=\"https:\/\/www.estilguru.com\/wp-content\/uploads\/2024\/04\/01.png\" class=\"attachment-large size-large wp-image-19585\" alt=\"\" srcset=\"https:\/\/www.estilguru.com\/wp-content\/uploads\/2024\/04\/01.png 500w, https:\/\/www.estilguru.com\/wp-content\/uploads\/2024\/04\/01-300x300.png 300w, https:\/\/www.estilguru.com\/wp-content\/uploads\/2024\/04\/01-150x150.png 150w, https:\/\/www.estilguru.com\/wp-content\/uploads\/2024\/04\/01-100x100.png 100w\" sizes=\"(max-width: 500px) 100vw, 500px\" \/>\t\t\t\t\t\t\t\t\t\t\t\t\t\t\t<\/div>\n\t\t\t\t<\/div>\n\t\t\t\t<\/div>\n\t\t<div class=\"elementor-element elementor-element-b9bd0e3 e-con-full e-flex e-con e-parent\" data-id=\"b9bd0e3\" data-element_type=\"container\" data-e-type=\"container\" data-settings=\"{&quot;_ha_eqh_enable&quot;:false}\">\n\t\t\t\t<div class=\"elementor-element elementor-element-0fa2c9d elementor-widget elementor-widget-image\" data-id=\"0fa2c9d\" data-element_type=\"widget\" data-e-type=\"widget\" data-widget_type=\"image.default\">\n\t\t\t\t<div class=\"elementor-widget-container\">\n\t\t\t\t\t\t\t\t\t\t\t\t\t\t\t<img decoding=\"async\" width=\"500\" height=\"500\" src=\"https:\/\/www.estilguru.com\/wp-content\/uploads\/2024\/04\/04.png\" class=\"attachment-large size-large wp-image-19603\" alt=\"\" srcset=\"https:\/\/www.estilguru.com\/wp-content\/uploads\/2024\/04\/04.png 500w, https:\/\/www.estilguru.com\/wp-content\/uploads\/2024\/04\/04-300x300.png 300w, https:\/\/www.estilguru.com\/wp-content\/uploads\/2024\/04\/04-150x150.png 150w, https:\/\/www.estilguru.com\/wp-content\/uploads\/2024\/04\/04-100x100.png 100w\" sizes=\"(max-width: 500px) 100vw, 500px\" \/>\t\t\t\t\t\t\t\t\t\t\t\t\t\t\t<\/div>\n\t\t\t\t<\/div>\n\t\t\t\t<\/div>\n\t\t<div class=\"elementor-element elementor-element-8ae2be4 e-con-full e-flex e-con e-parent\" data-id=\"8ae2be4\" data-element_type=\"container\" data-e-type=\"container\" data-settings=\"{&quot;_ha_eqh_enable&quot;:false}\">\n\t\t\t\t<div class=\"elementor-element elementor-element-9e3a5de elementor-widget elementor-widget-image\" data-id=\"9e3a5de\" data-element_type=\"widget\" data-e-type=\"widget\" data-widget_type=\"image.default\">\n\t\t\t\t<div class=\"elementor-widget-container\">\n\t\t\t\t\t\t\t\t\t\t\t\t\t\t\t<img decoding=\"async\" width=\"500\" height=\"500\" src=\"https:\/\/www.estilguru.com\/wp-content\/uploads\/2024\/04\/05.png\" class=\"attachment-large size-large wp-image-19609\" alt=\"\" srcset=\"https:\/\/www.estilguru.com\/wp-content\/uploads\/2024\/04\/05.png 500w, https:\/\/www.estilguru.com\/wp-content\/uploads\/2024\/04\/05-300x300.png 300w, https:\/\/www.estilguru.com\/wp-content\/uploads\/2024\/04\/05-150x150.png 150w, https:\/\/www.estilguru.com\/wp-content\/uploads\/2024\/04\/05-100x100.png 100w\" sizes=\"(max-width: 500px) 100vw, 500px\" \/>\t\t\t\t\t\t\t\t\t\t\t\t\t\t\t<\/div>\n\t\t\t\t<\/div>\n\t\t\t\t<\/div>\n\t\t<div class=\"elementor-element elementor-element-30eff5d e-con-full e-flex e-con e-parent\" data-id=\"30eff5d\" data-element_type=\"container\" data-e-type=\"container\" data-settings=\"{&quot;_ha_eqh_enable&quot;:false}\">\n\t\t\t\t<div class=\"elementor-element elementor-element-516ff6a elementor-widget elementor-widget-image\" data-id=\"516ff6a\" data-element_type=\"widget\" data-e-type=\"widget\" data-widget_type=\"image.default\">\n\t\t\t\t<div class=\"elementor-widget-container\">\n\t\t\t\t\t\t\t\t\t\t\t\t\t\t\t<img loading=\"lazy\" decoding=\"async\" width=\"500\" height=\"500\" src=\"https:\/\/www.estilguru.com\/wp-content\/uploads\/2024\/04\/02.png\" class=\"attachment-large size-large wp-image-19591\" alt=\"\" srcset=\"https:\/\/www.estilguru.com\/wp-content\/uploads\/2024\/04\/02.png 500w, https:\/\/www.estilguru.com\/wp-content\/uploads\/2024\/04\/02-300x300.png 300w, https:\/\/www.estilguru.com\/wp-content\/uploads\/2024\/04\/02-150x150.png 150w, https:\/\/www.estilguru.com\/wp-content\/uploads\/2024\/04\/02-100x100.png 100w\" sizes=\"(max-width: 500px) 100vw, 500px\" \/>\t\t\t\t\t\t\t\t\t\t\t\t\t\t\t<\/div>\n\t\t\t\t<\/div>\n\t\t\t\t<\/div>\n\t\t<div class=\"elementor-element elementor-element-3bf3b50 e-con-full e-flex e-con e-parent\" data-id=\"3bf3b50\" data-element_type=\"container\" data-e-type=\"container\" data-settings=\"{&quot;_ha_eqh_enable&quot;:false}\">\n\t\t\t\t<div class=\"elementor-element elementor-element-7e1ef08 elementor-widget elementor-widget-image\" data-id=\"7e1ef08\" data-element_type=\"widget\" data-e-type=\"widget\" data-widget_type=\"image.default\">\n\t\t\t\t<div class=\"elementor-widget-container\">\n\t\t\t\t\t\t\t\t\t\t\t\t\t\t\t<img loading=\"lazy\" decoding=\"async\" width=\"500\" height=\"500\" src=\"https:\/\/www.estilguru.com\/wp-content\/uploads\/2024\/04\/03.png\" class=\"attachment-large size-large wp-image-19597\" alt=\"\" srcset=\"https:\/\/www.estilguru.com\/wp-content\/uploads\/2024\/04\/03.png 500w, https:\/\/www.estilguru.com\/wp-content\/uploads\/2024\/04\/03-300x300.png 300w, https:\/\/www.estilguru.com\/wp-content\/uploads\/2024\/04\/03-150x150.png 150w, https:\/\/www.estilguru.com\/wp-content\/uploads\/2024\/04\/03-100x100.png 100w\" sizes=\"(max-width: 500px) 100vw, 500px\" \/>\t\t\t\t\t\t\t\t\t\t\t\t\t\t\t<\/div>\n\t\t\t\t<\/div>\n\t\t\t\t<\/div>\n\t\t\t\t\t<\/div>\n\t\t\t\t<\/div>\n\t\t<div class=\"elementor-element elementor-element-be662e8 e-flex e-con-boxed e-con e-parent\" data-id=\"be662e8\" data-element_type=\"container\" data-e-type=\"container\" data-settings=\"{&quot;_ha_eqh_enable&quot;:false}\">\n\t\t\t\t\t<div class=\"e-con-inner\">\n\t\t\t\t<div class=\"elementor-element elementor-element-598a07b elementor-widget elementor-widget-text-editor\" data-id=\"598a07b\" data-element_type=\"widget\" data-e-type=\"widget\" data-widget_type=\"text-editor.default\">\n\t\t\t\t<div class=\"elementor-widget-container\">\n\t\t\t\t\t\t\t\t\t<p><strong>WATER-STOP: Desempenho inigual\u00e1vel, sustentabilidade garantida<\/strong><\/p>\n<p><span style=\"font-size: 13px; text-align: var(--text-align); color: var(--ast-global-color-3);\">&#8220;Utiliza\u00e7\u00f5es vers\u00e1teis: Quer se trate de duches, terra\u00e7os, decks ou piscinas, Water-Stop \u00e9 a melhor escolha para a impermeabiliza\u00e7\u00e3o.  <\/span>A sua f\u00f3rmula avan\u00e7ada garante uma barreira resistente \u00e0 \u00e1gua, protegendo todos os cantos do teu espa\u00e7o de forma eficaz e duradoura.<\/p>\n<p>&#8220;DAP: Sucesso Ambiental Certificado: A tela de impermeabiliza\u00e7\u00e3o WATER-STOP n\u00e3o s\u00f3 oferece uma solu\u00e7\u00e3o inigual\u00e1vel para as tuas necessidades de impermeabiliza\u00e7\u00e3o, como tamb\u00e9m apoia o exerc\u00edcio da responsabilidade ambiental. Todos os aspectos do seu ciclo de vida foram cuidadosamente analisados, desde a extra\u00e7\u00e3o das mat\u00e9rias-primas at\u00e9 ao seu fim de vida, garantindo um impacto ambiental e uma sustentabilidade optimizados <br \/>. <\/p>\n<p>&#8220;Excede todos os pontos da EPD: O WATER-STOP destaca-se por exceder cada um dos pontos cr\u00edticos avaliados na Declara\u00e7\u00e3o Ambiental de Produto. Desde a sele\u00e7\u00e3o respons\u00e1vel de mat\u00e9rias-primas at\u00e9 processos de produ\u00e7\u00e3o eficientes e embalagens sustent\u00e1veis, todos os aspectos reflectem o nosso compromisso com a excel\u00eancia ambiental. <\/p>\n<p>&#8220;Sustentabilidade extra: o WATER-STOP da Estil Guru destaca-se por ter at\u00e9 menos 60% de pl\u00e1stico do que os seus concorrentes, demonstrando o nosso compromisso com a redu\u00e7\u00e3o dos res\u00edduos de pl\u00e1stico sem perder desempenho na prote\u00e7\u00e3o que oferece. Al\u00e9m disso, gra\u00e7as ao seu prazo de validade alargado, eliminamos a necessidade de renova\u00e7\u00e3o do produto. <\/p>\n<p><strong>Aplica\u00e7\u00f5es espec\u00edficas:<\/strong><\/p>\n<p>Chuveiros: O WATER-STOP cria uma barreira impenetr\u00e1vel nos chuveiros, evitando fugas e protegendo as estruturas subjacentes dos danos causados pela \u00e1gua.<\/p>\n<p>Terra\u00e7os: Transforma o teu terra\u00e7o num espa\u00e7o imperme\u00e1vel com WATER-STOP, proporcionando uma camada protetora duradoura contra os elementos.<\/p>\n<p>3. Telhados: Os telhados s\u00e3o protegidos contra fugas e humidade gra\u00e7as \u00e0 tecnologia avan\u00e7ada do WATER-STOP, minimizando os custos de repara\u00e7\u00e3o da humidade e os riscos estruturais.<\/p>\n<p>4. Piscinas: A pel\u00edcula de impermeabiliza\u00e7\u00e3o WATER-STOP \u00e9 a escolha ideal para manter a tua piscina em perfeitas condi\u00e7\u00f5es, resistindo \u00e0 \u00e1gua e preservando a estrutura envolvente.<\/p>\n<p><strong>Estil Guru: Prote\u00e7\u00e3o, Inova\u00e7\u00e3o e Compromisso Ambiental<\/strong><\/p>\n<p>Ao escolher WATER-STOP, n\u00e3o s\u00f3 garante uma solu\u00e7\u00e3o de impermeabiliza\u00e7\u00e3o superior para os seus espa\u00e7os mais preciosos, como tamb\u00e9m contribui ativamente para a preserva\u00e7\u00e3o do ambiente. WATER-STOP \u00e9 a solu\u00e7\u00e3o de impermeabiliza\u00e7\u00e3o mais sustent\u00e1vel, agora verificada pela DAP. Junta-te a n\u00f3s no caminho da sustentabilidade, onde a excel\u00eancia do desempenho se alia \u00e0 responsabilidade ambiental.  <\/p>\n\t\t\t\t\t\t\t\t<\/div>\n\t\t\t\t<\/div>\n\t\t\t\t\t<\/div>\n\t\t\t\t<\/div>\n\t\t\t\t<section class=\"elementor-section elementor-top-section elementor-element elementor-element-171fb50a elementor-section-full_width elementor-section-height-default elementor-section-height-default\" data-id=\"171fb50a\" data-element_type=\"section\" data-e-type=\"section\" data-settings=\"{&quot;background_background&quot;:&quot;classic&quot;,&quot;_ha_eqh_enable&quot;:false}\">\n\t\t\t\t\t\t\t<div class=\"elementor-background-overlay\"><\/div>\n\t\t\t\t\t\t\t<div class=\"elementor-container elementor-column-gap-default\">\n\t\t\t\t\t<div class=\"elementor-column elementor-col-100 elementor-top-column elementor-element elementor-element-4e23c1ca\" data-id=\"4e23c1ca\" data-element_type=\"column\" data-e-type=\"column\">\n\t\t\t<div class=\"elementor-widget-wrap elementor-element-populated\">\n\t\t\t\t\t\t<div class=\"elementor-element elementor-element-4213110 elementor-align-center elementor-widget elementor-widget-button\" data-id=\"4213110\" data-element_type=\"widget\" data-e-type=\"widget\" data-widget_type=\"button.default\">\n\t\t\t\t<div class=\"elementor-widget-container\">\n\t\t\t\t\t\t\t\t\t<div class=\"elementor-button-wrapper\">\n\t\t\t\t\t<a class=\"elementor-button elementor-button-link elementor-size-xl\" href=\"https:\/\/www.estilguru.com\/wp-content\/uploads\/2024\/04\/EPD-Waterproofing-sheet-membrane-_-Water-Stop-and-Primo.pdf\">\n\t\t\t\t\t\t<span class=\"elementor-button-content-wrapper\">\n\t\t\t\t\t\t\t\t\t<span class=\"elementor-button-text\">Descarrega o DAP<\/span>\n\t\t\t\t\t<\/span>\n\t\t\t\t\t<\/a>\n\t\t\t\t<\/div>\n\t\t\t\t\t\t\t\t<\/div>\n\t\t\t\t<\/div>\n\t\t\t\t\t<\/div>\n\t\t<\/div>\n\t\t\t\t\t<\/div>\n\t\t<\/section>\n\t\t\t\t<\/div>\n\t\t","protected":false},"excerpt":{"rendered":"<p>Estil Guru passa o DAP com distin\u00e7\u00e3o! Na Estil Guru, temos o orgulho de te informar que obtivemos o WTP atrav\u00e9s de uma avalia\u00e7\u00e3o objetiva que demonstra o impacto ambiental do nosso produto WATER-STOP. A DAP: Mais do que uma certifica\u00e7\u00e3o, um compromisso ambiental A Declara\u00e7\u00e3o Ambiental de Produto \u00e9 uma an\u00e1lise rigorosa que avalia &hellip;<\/p>\n<p class=\"read-more\"> <a class=\"\" href=\"https:\/\/www.estilguru.com\/pt-pt\/dap\/\"> <span class=\"screen-reader-text\">DAP<\/span> Read More &raquo;<\/a><\/p>\n","protected":false},"author":1,"featured_media":0,"parent":0,"menu_order":0,"comment_status":"closed","ping_status":"closed","template":"","meta":{"site-sidebar-layout":"no-sidebar","site-content-layout":"page-builder","ast-main-header-display":"","ast-hfb-above-header-display":"","ast-hfb-below-header-display":"","ast-hfb-mobile-header-display":"","site-post-title":"disabled","ast-breadcrumbs-content":"","ast-featured-img":"disabled","footer-sml-layout":"","theme-transparent-header-meta":"","adv-header-id-meta":"","stick-header-meta":"","header-above-stick-meta":"","header-main-stick-meta":"","header-below-stick-meta":"","footnotes":""},"class_list":["post-23587","page","type-page","status-publish","hentry"],"yoast_head":"<!-- This site is optimized with the Yoast SEO plugin v27.1.1 - https:\/\/yoast.com\/product\/yoast-seo-wordpress\/ -->\n<title>DAP - Estil Guru<\/title>\n<meta name=\"robots\" content=\"index, follow, max-snippet:-1, max-image-preview:large, max-video-preview:-1\" \/>\n<link rel=\"canonical\" href=\"https:\/\/www.estilguru.com\/pt-pt\/dap\/\" \/>\n<meta property=\"og:locale\" content=\"pt_PT\" \/>\n<meta property=\"og:type\" content=\"article\" \/>\n<meta property=\"og:title\" content=\"DAP - Estil Guru\" \/>\n<meta property=\"og:description\" content=\"Estil Guru passa o DAP com distin\u00e7\u00e3o! Na Estil Guru, temos o orgulho de te informar que obtivemos o WTP atrav\u00e9s de uma avalia\u00e7\u00e3o objetiva que demonstra o impacto ambiental do nosso produto WATER-STOP. A DAP: Mais do que uma certifica\u00e7\u00e3o, um compromisso ambiental A Declara\u00e7\u00e3o Ambiental de Produto \u00e9 uma an\u00e1lise rigorosa que avalia &hellip; DAP Read More &raquo;\" \/>\n<meta property=\"og:url\" content=\"https:\/\/www.estilguru.com\/pt-pt\/dap\/\" \/>\n<meta property=\"og:site_name\" content=\"Estil Guru\" \/>\n<meta property=\"article:modified_time\" content=\"2025-03-05T11:09:12+00:00\" \/>\n<meta property=\"og:image\" content=\"https:\/\/www.estilguru.com\/wp-content\/uploads\/2024\/04\/BANNER-DAP.jpg\" \/>\n<meta name=\"twitter:card\" content=\"summary_large_image\" \/>\n<meta name=\"twitter:label1\" content=\"Tempo estimado de leitura\" \/>\n\t<meta name=\"twitter:data1\" content=\"3 minutos\" \/>\n<script type=\"application\/ld+json\" class=\"yoast-schema-graph\">{\"@context\":\"https:\/\/schema.org\",\"@graph\":[{\"@type\":\"WebPage\",\"@id\":\"https:\/\/www.estilguru.com\/pt-pt\/dap\/\",\"url\":\"https:\/\/www.estilguru.com\/pt-pt\/dap\/\",\"name\":\"DAP - Estil Guru\",\"isPartOf\":{\"@id\":\"https:\/\/www.estilguru.com\/pt-pt\/#website\"},\"primaryImageOfPage\":{\"@id\":\"https:\/\/www.estilguru.com\/pt-pt\/dap\/#primaryimage\"},\"image\":{\"@id\":\"https:\/\/www.estilguru.com\/pt-pt\/dap\/#primaryimage\"},\"thumbnailUrl\":\"https:\/\/www.estilguru.com\/wp-content\/uploads\/2024\/04\/BANNER-DAP.jpg\",\"datePublished\":\"2025-03-05T11:09:07+00:00\",\"dateModified\":\"2025-03-05T11:09:12+00:00\",\"breadcrumb\":{\"@id\":\"https:\/\/www.estilguru.com\/pt-pt\/dap\/#breadcrumb\"},\"inLanguage\":\"pt-PT\",\"potentialAction\":[{\"@type\":\"ReadAction\",\"target\":[\"https:\/\/www.estilguru.com\/pt-pt\/dap\/\"]}]},{\"@type\":\"ImageObject\",\"inLanguage\":\"pt-PT\",\"@id\":\"https:\/\/www.estilguru.com\/pt-pt\/dap\/#primaryimage\",\"url\":\"https:\/\/www.estilguru.com\/wp-content\/uploads\/2024\/04\/BANNER-DAP.jpg\",\"contentUrl\":\"https:\/\/www.estilguru.com\/wp-content\/uploads\/2024\/04\/BANNER-DAP.jpg\"},{\"@type\":\"BreadcrumbList\",\"@id\":\"https:\/\/www.estilguru.com\/pt-pt\/dap\/#breadcrumb\",\"itemListElement\":[{\"@type\":\"ListItem\",\"position\":1,\"name\":\"Home\",\"item\":\"https:\/\/www.estilguru.com\/pt-pt\/\"},{\"@type\":\"ListItem\",\"position\":2,\"name\":\"DAP\"}]},{\"@type\":\"WebSite\",\"@id\":\"https:\/\/www.estilguru.com\/pt-pt\/#website\",\"url\":\"https:\/\/www.estilguru.com\/pt-pt\/\",\"name\":\"Estil Guru\",\"description\":\"Sistemas de ducha e impermeabilizaci\u00f3n\",\"publisher\":{\"@id\":\"https:\/\/www.estilguru.com\/pt-pt\/#organization\"},\"potentialAction\":[{\"@type\":\"SearchAction\",\"target\":{\"@type\":\"EntryPoint\",\"urlTemplate\":\"https:\/\/www.estilguru.com\/pt-pt\/?s={search_term_string}\"},\"query-input\":{\"@type\":\"PropertyValueSpecification\",\"valueRequired\":true,\"valueName\":\"search_term_string\"}}],\"inLanguage\":\"pt-PT\"},{\"@type\":\"Organization\",\"@id\":\"https:\/\/www.estilguru.com\/pt-pt\/#organization\",\"name\":\"Estil Guru\",\"url\":\"https:\/\/www.estilguru.com\/pt-pt\/\",\"logo\":{\"@type\":\"ImageObject\",\"inLanguage\":\"pt-PT\",\"@id\":\"https:\/\/www.estilguru.com\/pt-pt\/#\/schema\/logo\/image\/\",\"url\":\"https:\/\/www.estilguru.com\/wp-content\/uploads\/2022\/09\/LOGO-GURU-horizontal-centrado-01.png\",\"contentUrl\":\"https:\/\/www.estilguru.com\/wp-content\/uploads\/2022\/09\/LOGO-GURU-horizontal-centrado-01.png\",\"width\":2000,\"height\":663,\"caption\":\"Estil Guru\"},\"image\":{\"@id\":\"https:\/\/www.estilguru.com\/pt-pt\/#\/schema\/logo\/image\/\"}}]}<\/script>\n<!-- \/ Yoast SEO plugin. -->","yoast_head_json":{"title":"DAP - Estil Guru","robots":{"index":"index","follow":"follow","max-snippet":"max-snippet:-1","max-image-preview":"max-image-preview:large","max-video-preview":"max-video-preview:-1"},"canonical":"https:\/\/www.estilguru.com\/pt-pt\/dap\/","og_locale":"pt_PT","og_type":"article","og_title":"DAP - Estil Guru","og_description":"Estil Guru passa o DAP com distin\u00e7\u00e3o! Na Estil Guru, temos o orgulho de te informar que obtivemos o WTP atrav\u00e9s de uma avalia\u00e7\u00e3o objetiva que demonstra o impacto ambiental do nosso produto WATER-STOP. A DAP: Mais do que uma certifica\u00e7\u00e3o, um compromisso ambiental A Declara\u00e7\u00e3o Ambiental de Produto \u00e9 uma an\u00e1lise rigorosa que avalia &hellip; DAP Read More &raquo;","og_url":"https:\/\/www.estilguru.com\/pt-pt\/dap\/","og_site_name":"Estil Guru","article_modified_time":"2025-03-05T11:09:12+00:00","og_image":[{"url":"https:\/\/www.estilguru.com\/wp-content\/uploads\/2024\/04\/BANNER-DAP.jpg","type":"","width":"","height":""}],"twitter_card":"summary_large_image","twitter_misc":{"Tempo estimado de leitura":"3 minutos"},"schema":{"@context":"https:\/\/schema.org","@graph":[{"@type":"WebPage","@id":"https:\/\/www.estilguru.com\/pt-pt\/dap\/","url":"https:\/\/www.estilguru.com\/pt-pt\/dap\/","name":"DAP - Estil Guru","isPartOf":{"@id":"https:\/\/www.estilguru.com\/pt-pt\/#website"},"primaryImageOfPage":{"@id":"https:\/\/www.estilguru.com\/pt-pt\/dap\/#primaryimage"},"image":{"@id":"https:\/\/www.estilguru.com\/pt-pt\/dap\/#primaryimage"},"thumbnailUrl":"https:\/\/www.estilguru.com\/wp-content\/uploads\/2024\/04\/BANNER-DAP.jpg","datePublished":"2025-03-05T11:09:07+00:00","dateModified":"2025-03-05T11:09:12+00:00","breadcrumb":{"@id":"https:\/\/www.estilguru.com\/pt-pt\/dap\/#breadcrumb"},"inLanguage":"pt-PT","potentialAction":[{"@type":"ReadAction","target":["https:\/\/www.estilguru.com\/pt-pt\/dap\/"]}]},{"@type":"ImageObject","inLanguage":"pt-PT","@id":"https:\/\/www.estilguru.com\/pt-pt\/dap\/#primaryimage","url":"https:\/\/www.estilguru.com\/wp-content\/uploads\/2024\/04\/BANNER-DAP.jpg","contentUrl":"https:\/\/www.estilguru.com\/wp-content\/uploads\/2024\/04\/BANNER-DAP.jpg"},{"@type":"BreadcrumbList","@id":"https:\/\/www.estilguru.com\/pt-pt\/dap\/#breadcrumb","itemListElement":[{"@type":"ListItem","position":1,"name":"Home","item":"https:\/\/www.estilguru.com\/pt-pt\/"},{"@type":"ListItem","position":2,"name":"DAP"}]},{"@type":"WebSite","@id":"https:\/\/www.estilguru.com\/pt-pt\/#website","url":"https:\/\/www.estilguru.com\/pt-pt\/","name":"Estil Guru","description":"Sistemas de ducha e impermeabilizaci\u00f3n","publisher":{"@id":"https:\/\/www.estilguru.com\/pt-pt\/#organization"},"potentialAction":[{"@type":"SearchAction","target":{"@type":"EntryPoint","urlTemplate":"https:\/\/www.estilguru.com\/pt-pt\/?s={search_term_string}"},"query-input":{"@type":"PropertyValueSpecification","valueRequired":true,"valueName":"search_term_string"}}],"inLanguage":"pt-PT"},{"@type":"Organization","@id":"https:\/\/www.estilguru.com\/pt-pt\/#organization","name":"Estil Guru","url":"https:\/\/www.estilguru.com\/pt-pt\/","logo":{"@type":"ImageObject","inLanguage":"pt-PT","@id":"https:\/\/www.estilguru.com\/pt-pt\/#\/schema\/logo\/image\/","url":"https:\/\/www.estilguru.com\/wp-content\/uploads\/2022\/09\/LOGO-GURU-horizontal-centrado-01.png","contentUrl":"https:\/\/www.estilguru.com\/wp-content\/uploads\/2022\/09\/LOGO-GURU-horizontal-centrado-01.png","width":2000,"height":663,"caption":"Estil Guru"},"image":{"@id":"https:\/\/www.estilguru.com\/pt-pt\/#\/schema\/logo\/image\/"}}]}},"_links":{"self":[{"href":"https:\/\/www.estilguru.com\/pt-pt\/wp-json\/wp\/v2\/pages\/23587","targetHints":{"allow":["GET"]}}],"collection":[{"href":"https:\/\/www.estilguru.com\/pt-pt\/wp-json\/wp\/v2\/pages"}],"about":[{"href":"https:\/\/www.estilguru.com\/pt-pt\/wp-json\/wp\/v2\/types\/page"}],"author":[{"embeddable":true,"href":"https:\/\/www.estilguru.com\/pt-pt\/wp-json\/wp\/v2\/users\/1"}],"replies":[{"embeddable":true,"href":"https:\/\/www.estilguru.com\/pt-pt\/wp-json\/wp\/v2\/comments?post=23587"}],"version-history":[{"count":0,"href":"https:\/\/www.estilguru.com\/pt-pt\/wp-json\/wp\/v2\/pages\/23587\/revisions"}],"wp:attachment":[{"href":"https:\/\/www.estilguru.com\/pt-pt\/wp-json\/wp\/v2\/media?parent=23587"}],"curies":[{"name":"wp","href":"https:\/\/api.w.org\/{rel}","templated":true}]}}