{"id":4426,"date":"2021-11-19T07:47:06","date_gmt":"2021-12-02T12:16:00","guid":{"rendered":"https:\/\/www.estilguru.com\/producto\/g-flex\/"},"modified":"2022-05-26T10:14:35","modified_gmt":"2022-05-26T10:14:35","slug":"g-flex","status":"publish","type":"product","link":"https:\/\/www.estilguru.com\/it\/producto\/g-flex\/","title":{"rendered":"G-FLEX"},"content":{"rendered":"<p>G-FLEX \u00e8 un telo disaccoppiante impermeabile, antifrattura, formato da una membrana in polietilene unita ad un telo geotessile, lasciando tra loro dei noduli d&#8217;aria liberi a forma di cerchio. Grazie a ci\u00f2 si migliora il risultato del rivestimento di piastrelle ceramiche e pietre naturali esterno ed interno, evidenziandone l&#8217;efficienza quando posato su supporti critici; fessurati, con molto movimento o con possibili tensioni di vapore dovute all&#8217;umidit\u00e0 residua.<\/p>\n<p>La lastra G-FLEX impermeabilizza qualsiasi superficie, vecchia o nuova, bagnata o asciutta e fessurata o soggetta a movimenti dimensionali. Ci\u00f2 avviene grazie alla compensazione che questo adesivo produce per ritiro igrometrico e dilatazione termica. Inoltre non ha problemi con gli incastri, in quanto non \u00e8 necessario rispettare gli incastri dei supporti nelle grandi installazioni.<\/p>\n<p>Uno dei punti forti della lastra G-FLEX \u00e8 che riduce i tempi di costruzione poich\u00e9 l&#8217;impermeabilizzazione e la posa del rivestimento sono senza indugio, ovvero la posa \u00e8 immediatamente percorribile.<\/p>\n","protected":false},"excerpt":{"rendered":"<p>G-FLEX \u00e8 un telo disaccoppiante impermeabile, antifrattura, formato da una membrana in polietilene unita ad un telo geotessile, lasciando tra loro dei noduli d&#8217;aria liberi a forma di cerchio. Grazie a ci\u00f2 si migliora il risultato del rivestimento di piastrelle ceramiche e pietre naturali esterno ed interno, evidenziandone l&#8217;efficienza quando posato su supporti critici; fessurati, con molto movimento o con possibili tensioni di vapore dovute all&#8217;umidit\u00e0 residua.<\/p>\n<p>&nbsp;<\/p>\n","protected":false},"featured_media":2353,"template":"","meta":{"site-sidebar-layout":"default","site-content-layout":"default","ast-main-header-display":"","ast-hfb-above-header-display":"","ast-hfb-below-header-display":"","ast-hfb-mobile-header-display":"","site-post-title":"","ast-breadcrumbs-content":"","ast-featured-img":"","footer-sml-layout":"","theme-transparent-header-meta":"default","adv-header-id-meta":"","stick-header-meta":"","header-above-stick-meta":"","header-main-stick-meta":"","header-below-stick-meta":""},"product_brand":[],"product_cat":[192,187,177,188,125,88,98,111,108,120,94,85],"product_tag":[],"class_list":{"0":"post-4426","1":"product","2":"type-product","3":"status-publish","4":"has-post-thumbnail","6":"product_cat-decoupling","7":"product_cat-desolidarisation","8":"product_cat-desolidarizacao","9":"product_cat-disaccoppiamento","10":"product_cat-prodotti-per-limpermeabilizzazione","11":"product_cat-products-for-waterproofing","12":"product_cat-produits-detancheite","13":"product_cat-produtos-para-impermeabilizar","14":"product_cat-sistemas-de-impermeabilizacao","15":"product_cat-sistemi-di-impermeabilizzazione","16":"product_cat-systemes-detancheite","17":"product_cat-waterproofing-systems","19":"first","20":"instock","21":"shipping-taxable","22":"product-type-simple"},"yoast_head":"<!-- This site is optimized with the Yoast SEO plugin v27.1.1 - https:\/\/yoast.com\/product\/yoast-seo-wordpress\/ -->\n<title>G-FLEX - Estil Guru<\/title>\n<meta name=\"robots\" content=\"index, follow, max-snippet:-1, max-image-preview:large, max-video-preview:-1\" \/>\n<link rel=\"canonical\" href=\"https:\/\/www.estilguru.com\/it\/producto\/g-flex\/\" \/>\n<meta property=\"og:locale\" content=\"it_IT\" \/>\n<meta property=\"og:type\" content=\"article\" \/>\n<meta property=\"og:title\" content=\"G-FLEX - Estil Guru\" \/>\n<meta property=\"og:description\" content=\"G-FLEX \u00e8 un telo disaccoppiante impermeabile, antifrattura, formato da una membrana in polietilene unita ad un telo geotessile, lasciando tra loro dei noduli d&#039;aria liberi a forma di cerchio. Grazie a ci\u00f2 si migliora il risultato del rivestimento di piastrelle ceramiche e pietre naturali esterno ed interno, evidenziandone l&#039;efficienza quando posato su supporti critici; fessurati, con molto movimento o con possibili tensioni di vapore dovute all&#039;umidit\u00e0 residua.  &nbsp;\" \/>\n<meta property=\"og:url\" content=\"https:\/\/www.estilguru.com\/it\/producto\/g-flex\/\" \/>\n<meta property=\"og:site_name\" content=\"Estil Guru\" \/>\n<meta property=\"article:modified_time\" content=\"2022-05-26T10:14:35+00:00\" \/>\n<meta property=\"og:image\" content=\"https:\/\/www.estilguru.com\/wp-content\/uploads\/2021\/11\/rollo-lamina-desolidarizante-g-flex-scaled.jpg\" \/>\n\t<meta property=\"og:image:width\" content=\"2000\" \/>\n\t<meta property=\"og:image:height\" content=\"1330\" \/>\n\t<meta property=\"og:image:type\" content=\"image\/jpeg\" \/>\n<meta name=\"twitter:card\" content=\"summary_large_image\" \/>\n<meta name=\"twitter:label1\" content=\"Tempo di lettura stimato\" \/>\n\t<meta name=\"twitter:data1\" content=\"1 minuto\" \/>\n<script type=\"application\/ld+json\" class=\"yoast-schema-graph\">{\"@context\":\"https:\/\/schema.org\",\"@graph\":[{\"@type\":\"WebPage\",\"@id\":\"https:\/\/www.estilguru.com\/it\/producto\/g-flex\/\",\"url\":\"https:\/\/www.estilguru.com\/it\/producto\/g-flex\/\",\"name\":\"G-FLEX - Estil Guru\",\"isPartOf\":{\"@id\":\"https:\/\/www.estilguru.com\/it\/#website\"},\"primaryImageOfPage\":{\"@id\":\"https:\/\/www.estilguru.com\/it\/producto\/g-flex\/#primaryimage\"},\"image\":{\"@id\":\"https:\/\/www.estilguru.com\/it\/producto\/g-flex\/#primaryimage\"},\"thumbnailUrl\":\"https:\/\/www.estilguru.com\/wp-content\/uploads\/2021\/11\/rollo-lamina-desolidarizante-g-flex-scaled.jpg\",\"datePublished\":\"2021-12-02T12:16:00+00:00\",\"dateModified\":\"2022-05-26T10:14:35+00:00\",\"breadcrumb\":{\"@id\":\"https:\/\/www.estilguru.com\/it\/producto\/g-flex\/#breadcrumb\"},\"inLanguage\":\"it-IT\",\"potentialAction\":[{\"@type\":\"ReadAction\",\"target\":[\"https:\/\/www.estilguru.com\/it\/producto\/g-flex\/\"]}]},{\"@type\":\"ImageObject\",\"inLanguage\":\"it-IT\",\"@id\":\"https:\/\/www.estilguru.com\/it\/producto\/g-flex\/#primaryimage\",\"url\":\"https:\/\/www.estilguru.com\/wp-content\/uploads\/2021\/11\/rollo-lamina-desolidarizante-g-flex-scaled.jpg\",\"contentUrl\":\"https:\/\/www.estilguru.com\/wp-content\/uploads\/2021\/11\/rollo-lamina-desolidarizante-g-flex-scaled.jpg\",\"width\":2000,\"height\":1330,\"caption\":\"lastra g-flex installata a pavimento\"},{\"@type\":\"BreadcrumbList\",\"@id\":\"https:\/\/www.estilguru.com\/it\/producto\/g-flex\/#breadcrumb\",\"itemListElement\":[{\"@type\":\"ListItem\",\"position\":1,\"name\":\"Home\",\"item\":\"https:\/\/www.estilguru.com\/it\/\"},{\"@type\":\"ListItem\",\"position\":2,\"name\":\"Prodotti\",\"item\":\"https:\/\/www.estilguru.com\/it\/shop\/\"},{\"@type\":\"ListItem\",\"position\":3,\"name\":\"G-FLEX\"}]},{\"@type\":\"WebSite\",\"@id\":\"https:\/\/www.estilguru.com\/it\/#website\",\"url\":\"https:\/\/www.estilguru.com\/it\/\",\"name\":\"Estil Guru\",\"description\":\"Sistemas de ducha e impermeabilizaci\u00f3n\",\"publisher\":{\"@id\":\"https:\/\/www.estilguru.com\/it\/#organization\"},\"potentialAction\":[{\"@type\":\"SearchAction\",\"target\":{\"@type\":\"EntryPoint\",\"urlTemplate\":\"https:\/\/www.estilguru.com\/it\/?s={search_term_string}\"},\"query-input\":{\"@type\":\"PropertyValueSpecification\",\"valueRequired\":true,\"valueName\":\"search_term_string\"}}],\"inLanguage\":\"it-IT\"},{\"@type\":\"Organization\",\"@id\":\"https:\/\/www.estilguru.com\/it\/#organization\",\"name\":\"Estil Guru\",\"url\":\"https:\/\/www.estilguru.com\/it\/\",\"logo\":{\"@type\":\"ImageObject\",\"inLanguage\":\"it-IT\",\"@id\":\"https:\/\/www.estilguru.com\/it\/#\/schema\/logo\/image\/\",\"url\":\"https:\/\/www.estilguru.com\/wp-content\/uploads\/2022\/09\/LOGO-GURU-horizontal-centrado-01.png\",\"contentUrl\":\"https:\/\/www.estilguru.com\/wp-content\/uploads\/2022\/09\/LOGO-GURU-horizontal-centrado-01.png\",\"width\":2000,\"height\":663,\"caption\":\"Estil Guru\"},\"image\":{\"@id\":\"https:\/\/www.estilguru.com\/it\/#\/schema\/logo\/image\/\"}}]}<\/script>\n<!-- \/ Yoast SEO plugin. -->","yoast_head_json":{"title":"G-FLEX - Estil Guru","robots":{"index":"index","follow":"follow","max-snippet":"max-snippet:-1","max-image-preview":"max-image-preview:large","max-video-preview":"max-video-preview:-1"},"canonical":"https:\/\/www.estilguru.com\/it\/producto\/g-flex\/","og_locale":"it_IT","og_type":"article","og_title":"G-FLEX - Estil Guru","og_description":"G-FLEX \u00e8 un telo disaccoppiante impermeabile, antifrattura, formato da una membrana in polietilene unita ad un telo geotessile, lasciando tra loro dei noduli d'aria liberi a forma di cerchio. Grazie a ci\u00f2 si migliora il risultato del rivestimento di piastrelle ceramiche e pietre naturali esterno ed interno, evidenziandone l'efficienza quando posato su supporti critici; fessurati, con molto movimento o con possibili tensioni di vapore dovute all'umidit\u00e0 residua.  &nbsp;","og_url":"https:\/\/www.estilguru.com\/it\/producto\/g-flex\/","og_site_name":"Estil Guru","article_modified_time":"2022-05-26T10:14:35+00:00","og_image":[{"width":2000,"height":1330,"url":"https:\/\/www.estilguru.com\/wp-content\/uploads\/2021\/11\/rollo-lamina-desolidarizante-g-flex-scaled.jpg","type":"image\/jpeg"}],"twitter_card":"summary_large_image","twitter_misc":{"Tempo di lettura stimato":"1 minuto"},"schema":{"@context":"https:\/\/schema.org","@graph":[{"@type":"WebPage","@id":"https:\/\/www.estilguru.com\/it\/producto\/g-flex\/","url":"https:\/\/www.estilguru.com\/it\/producto\/g-flex\/","name":"G-FLEX - Estil Guru","isPartOf":{"@id":"https:\/\/www.estilguru.com\/it\/#website"},"primaryImageOfPage":{"@id":"https:\/\/www.estilguru.com\/it\/producto\/g-flex\/#primaryimage"},"image":{"@id":"https:\/\/www.estilguru.com\/it\/producto\/g-flex\/#primaryimage"},"thumbnailUrl":"https:\/\/www.estilguru.com\/wp-content\/uploads\/2021\/11\/rollo-lamina-desolidarizante-g-flex-scaled.jpg","datePublished":"2021-12-02T12:16:00+00:00","dateModified":"2022-05-26T10:14:35+00:00","breadcrumb":{"@id":"https:\/\/www.estilguru.com\/it\/producto\/g-flex\/#breadcrumb"},"inLanguage":"it-IT","potentialAction":[{"@type":"ReadAction","target":["https:\/\/www.estilguru.com\/it\/producto\/g-flex\/"]}]},{"@type":"ImageObject","inLanguage":"it-IT","@id":"https:\/\/www.estilguru.com\/it\/producto\/g-flex\/#primaryimage","url":"https:\/\/www.estilguru.com\/wp-content\/uploads\/2021\/11\/rollo-lamina-desolidarizante-g-flex-scaled.jpg","contentUrl":"https:\/\/www.estilguru.com\/wp-content\/uploads\/2021\/11\/rollo-lamina-desolidarizante-g-flex-scaled.jpg","width":2000,"height":1330,"caption":"lastra g-flex installata a pavimento"},{"@type":"BreadcrumbList","@id":"https:\/\/www.estilguru.com\/it\/producto\/g-flex\/#breadcrumb","itemListElement":[{"@type":"ListItem","position":1,"name":"Home","item":"https:\/\/www.estilguru.com\/it\/"},{"@type":"ListItem","position":2,"name":"Prodotti","item":"https:\/\/www.estilguru.com\/it\/shop\/"},{"@type":"ListItem","position":3,"name":"G-FLEX"}]},{"@type":"WebSite","@id":"https:\/\/www.estilguru.com\/it\/#website","url":"https:\/\/www.estilguru.com\/it\/","name":"Estil Guru","description":"Sistemas de ducha e impermeabilizaci\u00f3n","publisher":{"@id":"https:\/\/www.estilguru.com\/it\/#organization"},"potentialAction":[{"@type":"SearchAction","target":{"@type":"EntryPoint","urlTemplate":"https:\/\/www.estilguru.com\/it\/?s={search_term_string}"},"query-input":{"@type":"PropertyValueSpecification","valueRequired":true,"valueName":"search_term_string"}}],"inLanguage":"it-IT"},{"@type":"Organization","@id":"https:\/\/www.estilguru.com\/it\/#organization","name":"Estil Guru","url":"https:\/\/www.estilguru.com\/it\/","logo":{"@type":"ImageObject","inLanguage":"it-IT","@id":"https:\/\/www.estilguru.com\/it\/#\/schema\/logo\/image\/","url":"https:\/\/www.estilguru.com\/wp-content\/uploads\/2022\/09\/LOGO-GURU-horizontal-centrado-01.png","contentUrl":"https:\/\/www.estilguru.com\/wp-content\/uploads\/2022\/09\/LOGO-GURU-horizontal-centrado-01.png","width":2000,"height":663,"caption":"Estil Guru"},"image":{"@id":"https:\/\/www.estilguru.com\/it\/#\/schema\/logo\/image\/"}}]}},"_links":{"self":[{"href":"https:\/\/www.estilguru.com\/it\/wp-json\/wp\/v2\/product\/4426","targetHints":{"allow":["GET"]}}],"collection":[{"href":"https:\/\/www.estilguru.com\/it\/wp-json\/wp\/v2\/product"}],"about":[{"href":"https:\/\/www.estilguru.com\/it\/wp-json\/wp\/v2\/types\/product"}],"version-history":[{"count":0,"href":"https:\/\/www.estilguru.com\/it\/wp-json\/wp\/v2\/product\/4426\/revisions"}],"wp:featuredmedia":[{"embeddable":true,"href":"https:\/\/www.estilguru.com\/it\/wp-json\/wp\/v2\/media\/2353"}],"wp:attachment":[{"href":"https:\/\/www.estilguru.com\/it\/wp-json\/wp\/v2\/media?parent=4426"}],"wp:term":[{"taxonomy":"product_brand","embeddable":true,"href":"https:\/\/www.estilguru.com\/it\/wp-json\/wp\/v2\/product_brand?post=4426"},{"taxonomy":"product_cat","embeddable":true,"href":"https:\/\/www.estilguru.com\/it\/wp-json\/wp\/v2\/product_cat?post=4426"},{"taxonomy":"product_tag","embeddable":true,"href":"https:\/\/www.estilguru.com\/it\/wp-json\/wp\/v2\/product_tag?post=4426"}],"curies":[{"name":"wp","href":"https:\/\/api.w.org\/{rel}","templated":true}]}}