{"id":4392,"date":"2021-11-19T07:33:06","date_gmt":"2021-12-02T12:08:42","guid":{"rendered":"https:\/\/www.estilguru.com\/producto\/blocco-dellacqua\/"},"modified":"2022-05-26T10:20:38","modified_gmt":"2022-05-26T10:20:38","slug":"blocco-dellacqua","status":"publish","type":"product","link":"https:\/\/www.estilguru.com\/it\/producto\/blocco-dellacqua\/","title":{"rendered":"WATER-STOP"},"content":{"rendered":"<p>Il telo impermeabilizzante <b>WATER-STOP<\/b> \u00e8 un geotessile impermeabile, elastico, con un&#8217;ottima aderenza alle superfici e con uno spessore molto ridotto grazie al suo innovativo processo di estrusione multistrato. \u00c8 perfetto per l&#8217;impermeabilizzazione di esterni, interni, terrazzi, coperture pedonabili e non, docce, piscine&#8230;<\/p>\n<p>Questa lastra risponde ad un concetto innovativo di impermeabilizzazione, in quanto <b>pu\u00f2 essere posata sotto il pavimento ea parete<\/b> grazie alle sue facce fibrose integrate nel manto impermeabile.<\/p>\n<p>Bisogna inoltre sottolineare che \u00e8 la soluzione impermeabile pi\u00f9 vantaggiosa quando si parla di risanamento impermeabilizzante, poich\u00e9 con i teli impermeabilizzanti WATER-STOP \u00e8 possibile posare sulla pavimentazione attuale e poi posare la nuova ceramica senza superare l&#8217;altezza degli imbocchi al abitazioni.<\/p>\n<p>Le sue principali caratteristiche includono: Flessibilit\u00e0, facilit\u00e0 di installazione senza bisogno di personale o macchinari specializzati, durata nel tempo (poich\u00e9 la sua durata \u00e8 illimitata fintanto che non \u00e8 esposto al sole, non si verificano fattori esterni incontrollabili e vengono seguite le nostre condizioni di installazione) e un si ottiene un&#8217;altezza di installazione minima rispetto ai tradizionali prodotti impermeabilizzanti.<\/p>\n","protected":false},"excerpt":{"rendered":"<p>Il telo impermeabilizzante <b>WATER-STOP<\/b> \u00e8 un geotessile impermeabile, elastico, con un&#8217;ottima aderenza alle superfici e con uno spessore molto ridotto grazie al suo innovativo processo di estrusione multistrato. \u00c8 perfetto per l&#8217;impermeabilizzazione di esterni, interni, terrazzi, coperture pedonabili e non, docce, piscine&#8230;<\/p>\n","protected":false},"featured_media":21805,"template":"","meta":{"site-sidebar-layout":"default","site-content-layout":"default","ast-main-header-display":"","ast-hfb-above-header-display":"","ast-hfb-below-header-display":"","ast-hfb-mobile-header-display":"","site-post-title":"","ast-breadcrumbs-content":"","ast-featured-img":"","footer-sml-layout":"","theme-transparent-header-meta":"default","adv-header-id-meta":"","stick-header-meta":"","header-above-stick-meta":"","header-main-stick-meta":"","header-below-stick-meta":""},"product_brand":[],"product_cat":[125,120],"product_tag":[180],"class_list":{"0":"post-4392","1":"product","2":"type-product","3":"status-publish","4":"has-post-thumbnail","6":"product_cat-prodotti-per-limpermeabilizzazione","7":"product_cat-sistemi-di-impermeabilizzazione","8":"product_tag-foglio-impermeabile","10":"first","11":"instock","12":"shipping-taxable","13":"product-type-simple"},"yoast_head":"<!-- This site is optimized with the Yoast SEO plugin v27.1.1 - https:\/\/yoast.com\/product\/yoast-seo-wordpress\/ -->\n<title>WATER-STOP - Estil Guru<\/title>\n<meta name=\"robots\" content=\"index, follow, max-snippet:-1, max-image-preview:large, max-video-preview:-1\" \/>\n<link rel=\"canonical\" href=\"https:\/\/www.estilguru.com\/it\/producto\/blocco-dellacqua\/\" \/>\n<meta property=\"og:locale\" content=\"it_IT\" \/>\n<meta property=\"og:type\" content=\"article\" \/>\n<meta property=\"og:title\" content=\"WATER-STOP - Estil Guru\" \/>\n<meta property=\"og:description\" content=\"Il telo impermeabilizzante WATER-STOP \u00e8 un geotessile impermeabile, elastico, con un&#039;ottima aderenza alle superfici e con uno spessore molto ridotto grazie al suo innovativo processo di estrusione multistrato. \u00c8 perfetto per l&#039;impermeabilizzazione di esterni, interni, terrazzi, coperture pedonabili e non, docce, piscine...\" \/>\n<meta property=\"og:url\" content=\"https:\/\/www.estilguru.com\/it\/producto\/blocco-dellacqua\/\" \/>\n<meta property=\"og:site_name\" content=\"Estil Guru\" \/>\n<meta property=\"article:modified_time\" content=\"2022-05-26T10:20:38+00:00\" \/>\n<meta property=\"og:image\" content=\"https:\/\/www.estilguru.com\/wp-content\/uploads\/2023\/04\/Rollo-impermeabilizante-Water-Stop-1.jpg\" \/>\n\t<meta property=\"og:image:width\" content=\"1800\" \/>\n\t<meta property=\"og:image:height\" content=\"1800\" \/>\n\t<meta property=\"og:image:type\" content=\"image\/jpeg\" \/>\n<meta name=\"twitter:card\" content=\"summary_large_image\" \/>\n<meta name=\"twitter:label1\" content=\"Tempo di lettura stimato\" \/>\n\t<meta name=\"twitter:data1\" content=\"1 minuto\" \/>\n<script type=\"application\/ld+json\" class=\"yoast-schema-graph\">{\"@context\":\"https:\/\/schema.org\",\"@graph\":[{\"@type\":\"WebPage\",\"@id\":\"https:\/\/www.estilguru.com\/it\/producto\/blocco-dellacqua\/\",\"url\":\"https:\/\/www.estilguru.com\/it\/producto\/blocco-dellacqua\/\",\"name\":\"WATER-STOP - Estil Guru\",\"isPartOf\":{\"@id\":\"https:\/\/www.estilguru.com\/it\/#website\"},\"primaryImageOfPage\":{\"@id\":\"https:\/\/www.estilguru.com\/it\/producto\/blocco-dellacqua\/#primaryimage\"},\"image\":{\"@id\":\"https:\/\/www.estilguru.com\/it\/producto\/blocco-dellacqua\/#primaryimage\"},\"thumbnailUrl\":\"https:\/\/www.estilguru.com\/wp-content\/uploads\/2025\/01\/ROLLO-1X30-SIN-FONDO-1.jpg\",\"datePublished\":\"2021-12-02T12:08:42+00:00\",\"dateModified\":\"2022-05-26T10:20:38+00:00\",\"breadcrumb\":{\"@id\":\"https:\/\/www.estilguru.com\/it\/producto\/blocco-dellacqua\/#breadcrumb\"},\"inLanguage\":\"it-IT\",\"potentialAction\":[{\"@type\":\"ReadAction\",\"target\":[\"https:\/\/www.estilguru.com\/it\/producto\/blocco-dellacqua\/\"]}]},{\"@type\":\"ImageObject\",\"inLanguage\":\"it-IT\",\"@id\":\"https:\/\/www.estilguru.com\/it\/producto\/blocco-dellacqua\/#primaryimage\",\"url\":\"https:\/\/www.estilguru.com\/wp-content\/uploads\/2025\/01\/ROLLO-1X30-SIN-FONDO-1.jpg\",\"contentUrl\":\"https:\/\/www.estilguru.com\/wp-content\/uploads\/2025\/01\/ROLLO-1X30-SIN-FONDO-1.jpg\",\"width\":1600,\"height\":1509},{\"@type\":\"BreadcrumbList\",\"@id\":\"https:\/\/www.estilguru.com\/it\/producto\/blocco-dellacqua\/#breadcrumb\",\"itemListElement\":[{\"@type\":\"ListItem\",\"position\":1,\"name\":\"Home\",\"item\":\"https:\/\/www.estilguru.com\/it\/\"},{\"@type\":\"ListItem\",\"position\":2,\"name\":\"Prodotti\",\"item\":\"https:\/\/www.estilguru.com\/it\/shop\/\"},{\"@type\":\"ListItem\",\"position\":3,\"name\":\"WATER-STOP\"}]},{\"@type\":\"WebSite\",\"@id\":\"https:\/\/www.estilguru.com\/it\/#website\",\"url\":\"https:\/\/www.estilguru.com\/it\/\",\"name\":\"Estil Guru\",\"description\":\"Sistemas de ducha e impermeabilizaci\u00f3n\",\"publisher\":{\"@id\":\"https:\/\/www.estilguru.com\/it\/#organization\"},\"potentialAction\":[{\"@type\":\"SearchAction\",\"target\":{\"@type\":\"EntryPoint\",\"urlTemplate\":\"https:\/\/www.estilguru.com\/it\/?s={search_term_string}\"},\"query-input\":{\"@type\":\"PropertyValueSpecification\",\"valueRequired\":true,\"valueName\":\"search_term_string\"}}],\"inLanguage\":\"it-IT\"},{\"@type\":\"Organization\",\"@id\":\"https:\/\/www.estilguru.com\/it\/#organization\",\"name\":\"Estil Guru\",\"url\":\"https:\/\/www.estilguru.com\/it\/\",\"logo\":{\"@type\":\"ImageObject\",\"inLanguage\":\"it-IT\",\"@id\":\"https:\/\/www.estilguru.com\/it\/#\/schema\/logo\/image\/\",\"url\":\"https:\/\/www.estilguru.com\/wp-content\/uploads\/2022\/09\/LOGO-GURU-horizontal-centrado-01.png\",\"contentUrl\":\"https:\/\/www.estilguru.com\/wp-content\/uploads\/2022\/09\/LOGO-GURU-horizontal-centrado-01.png\",\"width\":2000,\"height\":663,\"caption\":\"Estil Guru\"},\"image\":{\"@id\":\"https:\/\/www.estilguru.com\/it\/#\/schema\/logo\/image\/\"}}]}<\/script>\n<!-- \/ Yoast SEO plugin. -->","yoast_head_json":{"title":"WATER-STOP - Estil Guru","robots":{"index":"index","follow":"follow","max-snippet":"max-snippet:-1","max-image-preview":"max-image-preview:large","max-video-preview":"max-video-preview:-1"},"canonical":"https:\/\/www.estilguru.com\/it\/producto\/blocco-dellacqua\/","og_locale":"it_IT","og_type":"article","og_title":"WATER-STOP - Estil Guru","og_description":"Il telo impermeabilizzante WATER-STOP \u00e8 un geotessile impermeabile, elastico, con un'ottima aderenza alle superfici e con uno spessore molto ridotto grazie al suo innovativo processo di estrusione multistrato. \u00c8 perfetto per l'impermeabilizzazione di esterni, interni, terrazzi, coperture pedonabili e non, docce, piscine...","og_url":"https:\/\/www.estilguru.com\/it\/producto\/blocco-dellacqua\/","og_site_name":"Estil Guru","article_modified_time":"2022-05-26T10:20:38+00:00","og_image":[{"width":1800,"height":1800,"url":"https:\/\/www.estilguru.com\/wp-content\/uploads\/2023\/04\/Rollo-impermeabilizante-Water-Stop-1.jpg","type":"image\/jpeg"}],"twitter_card":"summary_large_image","twitter_misc":{"Tempo di lettura stimato":"1 minuto"},"schema":{"@context":"https:\/\/schema.org","@graph":[{"@type":"WebPage","@id":"https:\/\/www.estilguru.com\/it\/producto\/blocco-dellacqua\/","url":"https:\/\/www.estilguru.com\/it\/producto\/blocco-dellacqua\/","name":"WATER-STOP - Estil Guru","isPartOf":{"@id":"https:\/\/www.estilguru.com\/it\/#website"},"primaryImageOfPage":{"@id":"https:\/\/www.estilguru.com\/it\/producto\/blocco-dellacqua\/#primaryimage"},"image":{"@id":"https:\/\/www.estilguru.com\/it\/producto\/blocco-dellacqua\/#primaryimage"},"thumbnailUrl":"https:\/\/www.estilguru.com\/wp-content\/uploads\/2025\/01\/ROLLO-1X30-SIN-FONDO-1.jpg","datePublished":"2021-12-02T12:08:42+00:00","dateModified":"2022-05-26T10:20:38+00:00","breadcrumb":{"@id":"https:\/\/www.estilguru.com\/it\/producto\/blocco-dellacqua\/#breadcrumb"},"inLanguage":"it-IT","potentialAction":[{"@type":"ReadAction","target":["https:\/\/www.estilguru.com\/it\/producto\/blocco-dellacqua\/"]}]},{"@type":"ImageObject","inLanguage":"it-IT","@id":"https:\/\/www.estilguru.com\/it\/producto\/blocco-dellacqua\/#primaryimage","url":"https:\/\/www.estilguru.com\/wp-content\/uploads\/2025\/01\/ROLLO-1X30-SIN-FONDO-1.jpg","contentUrl":"https:\/\/www.estilguru.com\/wp-content\/uploads\/2025\/01\/ROLLO-1X30-SIN-FONDO-1.jpg","width":1600,"height":1509},{"@type":"BreadcrumbList","@id":"https:\/\/www.estilguru.com\/it\/producto\/blocco-dellacqua\/#breadcrumb","itemListElement":[{"@type":"ListItem","position":1,"name":"Home","item":"https:\/\/www.estilguru.com\/it\/"},{"@type":"ListItem","position":2,"name":"Prodotti","item":"https:\/\/www.estilguru.com\/it\/shop\/"},{"@type":"ListItem","position":3,"name":"WATER-STOP"}]},{"@type":"WebSite","@id":"https:\/\/www.estilguru.com\/it\/#website","url":"https:\/\/www.estilguru.com\/it\/","name":"Estil Guru","description":"Sistemas de ducha e impermeabilizaci\u00f3n","publisher":{"@id":"https:\/\/www.estilguru.com\/it\/#organization"},"potentialAction":[{"@type":"SearchAction","target":{"@type":"EntryPoint","urlTemplate":"https:\/\/www.estilguru.com\/it\/?s={search_term_string}"},"query-input":{"@type":"PropertyValueSpecification","valueRequired":true,"valueName":"search_term_string"}}],"inLanguage":"it-IT"},{"@type":"Organization","@id":"https:\/\/www.estilguru.com\/it\/#organization","name":"Estil Guru","url":"https:\/\/www.estilguru.com\/it\/","logo":{"@type":"ImageObject","inLanguage":"it-IT","@id":"https:\/\/www.estilguru.com\/it\/#\/schema\/logo\/image\/","url":"https:\/\/www.estilguru.com\/wp-content\/uploads\/2022\/09\/LOGO-GURU-horizontal-centrado-01.png","contentUrl":"https:\/\/www.estilguru.com\/wp-content\/uploads\/2022\/09\/LOGO-GURU-horizontal-centrado-01.png","width":2000,"height":663,"caption":"Estil Guru"},"image":{"@id":"https:\/\/www.estilguru.com\/it\/#\/schema\/logo\/image\/"}}]}},"_links":{"self":[{"href":"https:\/\/www.estilguru.com\/it\/wp-json\/wp\/v2\/product\/4392","targetHints":{"allow":["GET"]}}],"collection":[{"href":"https:\/\/www.estilguru.com\/it\/wp-json\/wp\/v2\/product"}],"about":[{"href":"https:\/\/www.estilguru.com\/it\/wp-json\/wp\/v2\/types\/product"}],"version-history":[{"count":0,"href":"https:\/\/www.estilguru.com\/it\/wp-json\/wp\/v2\/product\/4392\/revisions"}],"wp:featuredmedia":[{"embeddable":true,"href":"https:\/\/www.estilguru.com\/it\/wp-json\/wp\/v2\/media\/21805"}],"wp:attachment":[{"href":"https:\/\/www.estilguru.com\/it\/wp-json\/wp\/v2\/media?parent=4392"}],"wp:term":[{"taxonomy":"product_brand","embeddable":true,"href":"https:\/\/www.estilguru.com\/it\/wp-json\/wp\/v2\/product_brand?post=4392"},{"taxonomy":"product_cat","embeddable":true,"href":"https:\/\/www.estilguru.com\/it\/wp-json\/wp\/v2\/product_cat?post=4392"},{"taxonomy":"product_tag","embeddable":true,"href":"https:\/\/www.estilguru.com\/it\/wp-json\/wp\/v2\/product_tag?post=4392"}],"curies":[{"name":"wp","href":"https:\/\/api.w.org\/{rel}","templated":true}]}}