{"id":4159,"date":"2021-11-30T11:20:12","date_gmt":"2021-12-01T07:50:58","guid":{"rendered":"https:\/\/www.estilguru.com\/producto\/sistema-evolx-lineare-stampato\/"},"modified":"2022-05-26T10:09:35","modified_gmt":"2022-05-26T10:09:35","slug":"sistema-evolx-lineare-stampato","status":"publish","type":"product","link":"https:\/\/www.estilguru.com\/it\/producto\/sistema-evolx-lineare-stampato\/","title":{"rendered":"Sistema di stampa lineare Evolux"},"content":{"rendered":"\t\t<div data-elementor-type=\"product-post\" data-elementor-id=\"4159\" class=\"elementor elementor-4159 elementor-4057\" data-elementor-settings=\"{&quot;ha_cmc_init_switcher&quot;:&quot;no&quot;}\" data-elementor-post-type=\"product\">\n\t\t\t\t\t\t<section class=\"elementor-section elementor-top-section elementor-element elementor-element-4b00a183 elementor-section-boxed elementor-section-height-default elementor-section-height-default\" data-id=\"4b00a183\" data-element_type=\"section\" data-e-type=\"section\" data-settings=\"{&quot;_ha_eqh_enable&quot;:false}\">\n\t\t\t\t\t\t<div class=\"elementor-container elementor-column-gap-default\">\n\t\t\t\t\t<div class=\"elementor-column elementor-col-100 elementor-top-column elementor-element elementor-element-507e8636\" data-id=\"507e8636\" data-element_type=\"column\" data-e-type=\"column\">\n\t\t\t<div class=\"elementor-widget-wrap elementor-element-populated\">\n\t\t\t\t\t\t<div class=\"elementor-element elementor-element-2a4bc9ac elementor-widget elementor-widget-text-editor\" data-id=\"2a4bc9ac\" data-element_type=\"widget\" data-e-type=\"widget\" data-widget_type=\"text-editor.default\">\n\t\t\t\t<div class=\"elementor-widget-container\">\n\t\t\t\t\t\t\t\t\t<p><b>Desag\u00fce lineal de ducha impreso personalizado.<\/b><\/p><p>Personaliza tus propios dise\u00f1os impresos en tus canaletas o rejillas y consigue un desag\u00fce lineal totalmente personalizado.<\/p>\n<p>Aporta seguridad, facilidad en la instalaci\u00f3n y cuida hasta el \u00faltimo detalle.<\/p>\n<p>Fabricado con los mejores materiales y acabados, contribuye al dise\u00f1o y calidad del plato de ducha de obra, utilizando siempre el acero inoxidable c\u00f3mo principal valedor.<\/p>\n<p>El sistema EVOLUX lineal impreso personalizado. es una de las mejores soluciones de drenaje integrada con protecci\u00f3n impermeable para platos de ducha de obra del mercado.<\/p>\n<ul>\n<li>Platos de ducha con altura m\u00ednima, incluso a ras de suelo.<\/li>\n<li>M\u00faltiples opciones de configuraci\u00f3n para el \u00e1rea de la ducha.<\/li>\n<li>Dise\u00f1os totalmente personalizados<\/li>\n<li>Duchas abiertas<\/li>\n<li>Impermeabilizaci\u00f3n asegurada.<\/li>\n<\/ul>\t\t\t\t\t\t\t\t<\/div>\n\t\t\t\t<\/div>\n\t\t\t\t\t<\/div>\n\t\t<\/div>\n\t\t\t\t\t<\/div>\n\t\t<\/section>\n\t\t\t\t<\/div>\n\t\t","protected":false},"excerpt":{"rendered":"<p>Il preferito dagli utenti. Preferito dagli installatori.<\/p>\n<p>Fornisce sicurezza, facilit\u00e0 di installazione e si prende cura di ogni minimo dettaglio.<\/p>\n<p>Realizzato con i migliori materiali e finiture, contribuisce al design e alla qualit\u00e0 del piatto doccia da incasso.<\/p>\n","protected":false},"featured_media":2973,"template":"","meta":{"site-sidebar-layout":"default","site-content-layout":"default","ast-main-header-display":"","ast-hfb-above-header-display":"","ast-hfb-below-header-display":"","ast-hfb-mobile-header-display":"","site-post-title":"","ast-breadcrumbs-content":"","ast-featured-img":"","footer-sml-layout":"","theme-transparent-header-meta":"default","adv-header-id-meta":"","stick-header-meta":"","header-above-stick-meta":"","header-main-stick-meta":"","header-below-stick-meta":""},"product_brand":[],"product_cat":[123,124,122,120,30],"product_tag":[],"class_list":{"0":"post-4159","1":"product","2":"type-product","3":"status-publish","4":"has-post-thumbnail","6":"product_cat-grondaie-per-doccia","7":"product_cat-scarichi-di-design","8":"product_cat-scarichi-doccia","9":"product_cat-sistemi-di-impermeabilizzazione","10":"product_cat-productos","12":"first","13":"instock","14":"shipping-taxable","15":"product-type-simple"},"yoast_head":"<!-- This site is optimized with the Yoast SEO plugin v27.1.1 - https:\/\/yoast.com\/product\/yoast-seo-wordpress\/ -->\n<title>Sistema di stampa lineare Evolux - Estil Guru<\/title>\n<meta name=\"robots\" content=\"index, follow, max-snippet:-1, max-image-preview:large, max-video-preview:-1\" \/>\n<link rel=\"canonical\" href=\"https:\/\/www.estilguru.com\/it\/producto\/sistema-evolx-lineare-stampato\/\" \/>\n<meta property=\"og:locale\" content=\"it_IT\" \/>\n<meta property=\"og:type\" content=\"article\" \/>\n<meta property=\"og:title\" content=\"Sistema di stampa lineare Evolux - Estil Guru\" \/>\n<meta property=\"og:description\" content=\"Il preferito dagli utenti. Preferito dagli installatori.  Fornisce sicurezza, facilit\u00e0 di installazione e si prende cura di ogni minimo dettaglio.  Realizzato con i migliori materiali e finiture, contribuisce al design e alla qualit\u00e0 del piatto doccia da incasso.\" \/>\n<meta property=\"og:url\" content=\"https:\/\/www.estilguru.com\/it\/producto\/sistema-evolx-lineare-stampato\/\" \/>\n<meta property=\"og:site_name\" content=\"Estil Guru\" \/>\n<meta property=\"article:modified_time\" content=\"2022-05-26T10:09:35+00:00\" \/>\n<meta property=\"og:image\" content=\"https:\/\/www.estilguru.com\/wp-content\/uploads\/2021\/11\/IMPRESA-LINEAL-scaled.jpg\" \/>\n\t<meta property=\"og:image:width\" content=\"2000\" \/>\n\t<meta property=\"og:image:height\" content=\"1124\" \/>\n\t<meta property=\"og:image:type\" content=\"image\/jpeg\" \/>\n<meta name=\"twitter:card\" content=\"summary_large_image\" \/>\n<script type=\"application\/ld+json\" class=\"yoast-schema-graph\">{\"@context\":\"https:\/\/schema.org\",\"@graph\":[{\"@type\":\"WebPage\",\"@id\":\"https:\/\/www.estilguru.com\/it\/producto\/sistema-evolx-lineare-stampato\/\",\"url\":\"https:\/\/www.estilguru.com\/it\/producto\/sistema-evolx-lineare-stampato\/\",\"name\":\"Sistema di stampa lineare Evolux - Estil Guru\",\"isPartOf\":{\"@id\":\"https:\/\/www.estilguru.com\/it\/#website\"},\"primaryImageOfPage\":{\"@id\":\"https:\/\/www.estilguru.com\/it\/producto\/sistema-evolx-lineare-stampato\/#primaryimage\"},\"image\":{\"@id\":\"https:\/\/www.estilguru.com\/it\/producto\/sistema-evolx-lineare-stampato\/#primaryimage\"},\"thumbnailUrl\":\"https:\/\/www.estilguru.com\/wp-content\/uploads\/2021\/11\/IMPRESA-LINEAL-scaled.jpg\",\"datePublished\":\"2021-12-01T07:50:58+00:00\",\"dateModified\":\"2022-05-26T10:09:35+00:00\",\"breadcrumb\":{\"@id\":\"https:\/\/www.estilguru.com\/it\/producto\/sistema-evolx-lineare-stampato\/#breadcrumb\"},\"inLanguage\":\"it-IT\",\"potentialAction\":[{\"@type\":\"ReadAction\",\"target\":[\"https:\/\/www.estilguru.com\/it\/producto\/sistema-evolx-lineare-stampato\/\"]}]},{\"@type\":\"ImageObject\",\"inLanguage\":\"it-IT\",\"@id\":\"https:\/\/www.estilguru.com\/it\/producto\/sistema-evolx-lineare-stampato\/#primaryimage\",\"url\":\"https:\/\/www.estilguru.com\/wp-content\/uploads\/2021\/11\/IMPRESA-LINEAL-scaled.jpg\",\"contentUrl\":\"https:\/\/www.estilguru.com\/wp-content\/uploads\/2021\/11\/IMPRESA-LINEAL-scaled.jpg\",\"width\":2000,\"height\":1124,\"caption\":\"scarico lineare stampato\"},{\"@type\":\"BreadcrumbList\",\"@id\":\"https:\/\/www.estilguru.com\/it\/producto\/sistema-evolx-lineare-stampato\/#breadcrumb\",\"itemListElement\":[{\"@type\":\"ListItem\",\"position\":1,\"name\":\"Home\",\"item\":\"https:\/\/www.estilguru.com\/it\/\"},{\"@type\":\"ListItem\",\"position\":2,\"name\":\"Prodotti\",\"item\":\"https:\/\/www.estilguru.com\/it\/shop\/\"},{\"@type\":\"ListItem\",\"position\":3,\"name\":\"Sistema di stampa lineare Evolux\"}]},{\"@type\":\"WebSite\",\"@id\":\"https:\/\/www.estilguru.com\/it\/#website\",\"url\":\"https:\/\/www.estilguru.com\/it\/\",\"name\":\"Estil Guru\",\"description\":\"Sistemas de ducha e impermeabilizaci\u00f3n\",\"publisher\":{\"@id\":\"https:\/\/www.estilguru.com\/it\/#organization\"},\"potentialAction\":[{\"@type\":\"SearchAction\",\"target\":{\"@type\":\"EntryPoint\",\"urlTemplate\":\"https:\/\/www.estilguru.com\/it\/?s={search_term_string}\"},\"query-input\":{\"@type\":\"PropertyValueSpecification\",\"valueRequired\":true,\"valueName\":\"search_term_string\"}}],\"inLanguage\":\"it-IT\"},{\"@type\":\"Organization\",\"@id\":\"https:\/\/www.estilguru.com\/it\/#organization\",\"name\":\"Estil Guru\",\"url\":\"https:\/\/www.estilguru.com\/it\/\",\"logo\":{\"@type\":\"ImageObject\",\"inLanguage\":\"it-IT\",\"@id\":\"https:\/\/www.estilguru.com\/it\/#\/schema\/logo\/image\/\",\"url\":\"https:\/\/www.estilguru.com\/wp-content\/uploads\/2022\/09\/LOGO-GURU-horizontal-centrado-01.png\",\"contentUrl\":\"https:\/\/www.estilguru.com\/wp-content\/uploads\/2022\/09\/LOGO-GURU-horizontal-centrado-01.png\",\"width\":2000,\"height\":663,\"caption\":\"Estil Guru\"},\"image\":{\"@id\":\"https:\/\/www.estilguru.com\/it\/#\/schema\/logo\/image\/\"}}]}<\/script>\n<!-- \/ Yoast SEO plugin. -->","yoast_head_json":{"title":"Sistema di stampa lineare Evolux - Estil Guru","robots":{"index":"index","follow":"follow","max-snippet":"max-snippet:-1","max-image-preview":"max-image-preview:large","max-video-preview":"max-video-preview:-1"},"canonical":"https:\/\/www.estilguru.com\/it\/producto\/sistema-evolx-lineare-stampato\/","og_locale":"it_IT","og_type":"article","og_title":"Sistema di stampa lineare Evolux - Estil Guru","og_description":"Il preferito dagli utenti. Preferito dagli installatori.  Fornisce sicurezza, facilit\u00e0 di installazione e si prende cura di ogni minimo dettaglio.  Realizzato con i migliori materiali e finiture, contribuisce al design e alla qualit\u00e0 del piatto doccia da incasso.","og_url":"https:\/\/www.estilguru.com\/it\/producto\/sistema-evolx-lineare-stampato\/","og_site_name":"Estil Guru","article_modified_time":"2022-05-26T10:09:35+00:00","og_image":[{"width":2000,"height":1124,"url":"https:\/\/www.estilguru.com\/wp-content\/uploads\/2021\/11\/IMPRESA-LINEAL-scaled.jpg","type":"image\/jpeg"}],"twitter_card":"summary_large_image","schema":{"@context":"https:\/\/schema.org","@graph":[{"@type":"WebPage","@id":"https:\/\/www.estilguru.com\/it\/producto\/sistema-evolx-lineare-stampato\/","url":"https:\/\/www.estilguru.com\/it\/producto\/sistema-evolx-lineare-stampato\/","name":"Sistema di stampa lineare Evolux - Estil Guru","isPartOf":{"@id":"https:\/\/www.estilguru.com\/it\/#website"},"primaryImageOfPage":{"@id":"https:\/\/www.estilguru.com\/it\/producto\/sistema-evolx-lineare-stampato\/#primaryimage"},"image":{"@id":"https:\/\/www.estilguru.com\/it\/producto\/sistema-evolx-lineare-stampato\/#primaryimage"},"thumbnailUrl":"https:\/\/www.estilguru.com\/wp-content\/uploads\/2021\/11\/IMPRESA-LINEAL-scaled.jpg","datePublished":"2021-12-01T07:50:58+00:00","dateModified":"2022-05-26T10:09:35+00:00","breadcrumb":{"@id":"https:\/\/www.estilguru.com\/it\/producto\/sistema-evolx-lineare-stampato\/#breadcrumb"},"inLanguage":"it-IT","potentialAction":[{"@type":"ReadAction","target":["https:\/\/www.estilguru.com\/it\/producto\/sistema-evolx-lineare-stampato\/"]}]},{"@type":"ImageObject","inLanguage":"it-IT","@id":"https:\/\/www.estilguru.com\/it\/producto\/sistema-evolx-lineare-stampato\/#primaryimage","url":"https:\/\/www.estilguru.com\/wp-content\/uploads\/2021\/11\/IMPRESA-LINEAL-scaled.jpg","contentUrl":"https:\/\/www.estilguru.com\/wp-content\/uploads\/2021\/11\/IMPRESA-LINEAL-scaled.jpg","width":2000,"height":1124,"caption":"scarico lineare stampato"},{"@type":"BreadcrumbList","@id":"https:\/\/www.estilguru.com\/it\/producto\/sistema-evolx-lineare-stampato\/#breadcrumb","itemListElement":[{"@type":"ListItem","position":1,"name":"Home","item":"https:\/\/www.estilguru.com\/it\/"},{"@type":"ListItem","position":2,"name":"Prodotti","item":"https:\/\/www.estilguru.com\/it\/shop\/"},{"@type":"ListItem","position":3,"name":"Sistema di stampa lineare Evolux"}]},{"@type":"WebSite","@id":"https:\/\/www.estilguru.com\/it\/#website","url":"https:\/\/www.estilguru.com\/it\/","name":"Estil Guru","description":"Sistemas de ducha e impermeabilizaci\u00f3n","publisher":{"@id":"https:\/\/www.estilguru.com\/it\/#organization"},"potentialAction":[{"@type":"SearchAction","target":{"@type":"EntryPoint","urlTemplate":"https:\/\/www.estilguru.com\/it\/?s={search_term_string}"},"query-input":{"@type":"PropertyValueSpecification","valueRequired":true,"valueName":"search_term_string"}}],"inLanguage":"it-IT"},{"@type":"Organization","@id":"https:\/\/www.estilguru.com\/it\/#organization","name":"Estil Guru","url":"https:\/\/www.estilguru.com\/it\/","logo":{"@type":"ImageObject","inLanguage":"it-IT","@id":"https:\/\/www.estilguru.com\/it\/#\/schema\/logo\/image\/","url":"https:\/\/www.estilguru.com\/wp-content\/uploads\/2022\/09\/LOGO-GURU-horizontal-centrado-01.png","contentUrl":"https:\/\/www.estilguru.com\/wp-content\/uploads\/2022\/09\/LOGO-GURU-horizontal-centrado-01.png","width":2000,"height":663,"caption":"Estil Guru"},"image":{"@id":"https:\/\/www.estilguru.com\/it\/#\/schema\/logo\/image\/"}}]}},"_links":{"self":[{"href":"https:\/\/www.estilguru.com\/it\/wp-json\/wp\/v2\/product\/4159","targetHints":{"allow":["GET"]}}],"collection":[{"href":"https:\/\/www.estilguru.com\/it\/wp-json\/wp\/v2\/product"}],"about":[{"href":"https:\/\/www.estilguru.com\/it\/wp-json\/wp\/v2\/types\/product"}],"version-history":[{"count":0,"href":"https:\/\/www.estilguru.com\/it\/wp-json\/wp\/v2\/product\/4159\/revisions"}],"wp:featuredmedia":[{"embeddable":true,"href":"https:\/\/www.estilguru.com\/it\/wp-json\/wp\/v2\/media\/2973"}],"wp:attachment":[{"href":"https:\/\/www.estilguru.com\/it\/wp-json\/wp\/v2\/media?parent=4159"}],"wp:term":[{"taxonomy":"product_brand","embeddable":true,"href":"https:\/\/www.estilguru.com\/it\/wp-json\/wp\/v2\/product_brand?post=4159"},{"taxonomy":"product_cat","embeddable":true,"href":"https:\/\/www.estilguru.com\/it\/wp-json\/wp\/v2\/product_cat?post=4159"},{"taxonomy":"product_tag","embeddable":true,"href":"https:\/\/www.estilguru.com\/it\/wp-json\/wp\/v2\/product_tag?post=4159"}],"curies":[{"name":"wp","href":"https:\/\/api.w.org\/{rel}","templated":true}]}}