{"id":24034,"date":"2023-01-11T14:53:37","date_gmt":"2025-03-07T13:54:55","guid":{"rendered":"https:\/\/www.estilguru.com\/producto\/w-s-kit-terraza-plus\/"},"modified":"2025-03-07T13:54:55","modified_gmt":"2025-03-07T13:54:55","slug":"w-s-kit-terraza-plus","status":"publish","type":"product","link":"https:\/\/www.estilguru.com\/it\/producto\/w-s-kit-terraza-plus\/","title":{"rendered":"Kit W-S Terrace Plus"},"content":{"rendered":"<p>Il W-S Kit Terraza Plus \u00e8 realizzato con materiali che superano tutti gli standard di qualit\u00e0 europei, rendendolo resistente alla corrosione, alle intemperie e agli sbalzi di temperatura. Ne \u00e8 un chiaro esempio la sua griglia, realizzata in acciaio AISI 304. <\/p>\n<p>Inoltre, ogni sua parte soddisfa i pi\u00f9 alti requisiti di qualit\u00e0 ed \u00e8 garantita dagli standard europei. L&#8217;efficienza in termini di drenaggio e la facilit\u00e0 di installazione su terrazze e balconi sono alcuni dei suoi migliori punti di forza. Un altro dei suoi punti di forza \u00e8 la versatilit\u00e0, in quanto pu\u00f2 essere scelto con uscita verticale o orizzontale a seconda del punto di contatto con il terreno.  <\/p>\n<p>Questo scarico per terrazze \u00e8 perfettamente compatibile con la pellicola Water-Stop e garantisce l&#8217;impermeabilizzazione di qualsiasi terrazza, balcone o tetto.<\/p>\n<p><strong>Contenuto del kit<\/strong><\/p>\n<ul class=\"font_8\">\n<li>\n<p class=\"font_8\">Griglia AISI 304<\/p>\n<\/li>\n<li>\n<p class=\"font_8\">Filtro depilatore<\/p>\n<\/li>\n<li>\n<p class=\"font_8\">Collare \/ Coppa<\/p>\n<\/li>\n<li>\n<p class=\"font_8\">O-ring<\/p>\n<\/li>\n<li>\n<p class=\"font_8\">Sifone idraulico e sifone meccanico<\/p>\n<\/li>\n<li>\n<p class=\"font_8\">Piedino premistoffa<\/p>\n<\/li>\n<li>\n<p class=\"font_8\">Coperchio di installazione<\/p>\n<\/li>\n<li>\n<p class=\"font_8\">Corpo del pozzetto (a scelta con uscita verticale o orizzontale)<\/p>\n<\/li>\n<li>\n<p class=\"font_8\">Manicotto di connessione 50 (solo per uscita orizzontale)<\/p>\n<\/li>\n<\/ul>\n","protected":false},"excerpt":{"rendered":"<p>Il W-S Kit Terrace Plus \u00e8 realizzato con materiali resistenti alla corrosione, agli agenti atmosferici e agli sbalzi di temperatura. Inoltre, tutti i suoi componenti soddisfano i pi\u00f9 alti requisiti di qualit\u00e0 e sono garantiti dagli standard europei. <\/p>\n","protected":false},"featured_media":31718,"template":"","meta":{"site-sidebar-layout":"default","site-content-layout":"default","ast-main-header-display":"","ast-hfb-above-header-display":"","ast-hfb-below-header-display":"","ast-hfb-mobile-header-display":"","site-post-title":"","ast-breadcrumbs-content":"","ast-featured-img":"","footer-sml-layout":"","theme-transparent-header-meta":"default","adv-header-id-meta":"","stick-header-meta":"","header-above-stick-meta":"","header-main-stick-meta":"","header-below-stick-meta":""},"product_brand":[],"product_cat":[308,120],"product_tag":[],"class_list":{"0":"post-24034","1":"product","2":"type-product","3":"status-publish","4":"has-post-thumbnail","6":"product_cat-scarichi-per-terrazze","7":"product_cat-sistemi-di-impermeabilizzazione","9":"first","10":"instock","11":"shipping-taxable","12":"product-type-simple"},"yoast_head":"<!-- This site is optimized with the Yoast SEO plugin v27.1.1 - https:\/\/yoast.com\/product\/yoast-seo-wordpress\/ -->\n<title>Kit W-S Terrace Plus - Estil Guru<\/title>\n<meta name=\"robots\" content=\"index, follow, max-snippet:-1, max-image-preview:large, max-video-preview:-1\" \/>\n<link rel=\"canonical\" href=\"https:\/\/www.estilguru.com\/it\/producto\/w-s-kit-terraza-plus\/\" \/>\n<meta property=\"og:locale\" content=\"it_IT\" \/>\n<meta property=\"og:type\" content=\"article\" \/>\n<meta property=\"og:title\" content=\"Kit W-S Terrace Plus - Estil Guru\" \/>\n<meta property=\"og:description\" content=\"Il W-S Kit Terrace Plus \u00e8 realizzato con materiali resistenti alla corrosione, agli agenti atmosferici e agli sbalzi di temperatura. Inoltre, tutti i suoi componenti soddisfano i pi\u00f9 alti requisiti di qualit\u00e0 e sono garantiti dagli standard europei.\" \/>\n<meta property=\"og:url\" content=\"https:\/\/www.estilguru.com\/it\/producto\/w-s-kit-terraza-plus\/\" \/>\n<meta property=\"og:site_name\" content=\"Estil Guru\" \/>\n<meta property=\"og:image\" content=\"https:\/\/www.estilguru.com\/wp-content\/uploads\/2021\/11\/terraza-plus-horizontal-scaled.jpg\" \/>\n\t<meta property=\"og:image:width\" content=\"2000\" \/>\n\t<meta property=\"og:image:height\" content=\"1464\" \/>\n\t<meta property=\"og:image:type\" content=\"image\/jpeg\" \/>\n<meta name=\"twitter:card\" content=\"summary_large_image\" \/>\n<meta name=\"twitter:label1\" content=\"Tempo di lettura stimato\" \/>\n\t<meta name=\"twitter:data1\" content=\"1 minuto\" \/>\n<script type=\"application\/ld+json\" class=\"yoast-schema-graph\">{\"@context\":\"https:\/\/schema.org\",\"@graph\":[{\"@type\":\"WebPage\",\"@id\":\"https:\/\/www.estilguru.com\/it\/producto\/w-s-kit-terraza-plus\/\",\"url\":\"https:\/\/www.estilguru.com\/it\/producto\/w-s-kit-terraza-plus\/\",\"name\":\"Kit W-S Terrace Plus - Estil Guru\",\"isPartOf\":{\"@id\":\"https:\/\/www.estilguru.com\/it\/#website\"},\"primaryImageOfPage\":{\"@id\":\"https:\/\/www.estilguru.com\/it\/producto\/w-s-kit-terraza-plus\/#primaryimage\"},\"image\":{\"@id\":\"https:\/\/www.estilguru.com\/it\/producto\/w-s-kit-terraza-plus\/#primaryimage\"},\"thumbnailUrl\":\"https:\/\/www.estilguru.com\/wp-content\/uploads\/2023\/01\/terraza-plus-horizontal-1.jpg\",\"datePublished\":\"2025-03-07T13:54:55+00:00\",\"breadcrumb\":{\"@id\":\"https:\/\/www.estilguru.com\/it\/producto\/w-s-kit-terraza-plus\/#breadcrumb\"},\"inLanguage\":\"it-IT\",\"potentialAction\":[{\"@type\":\"ReadAction\",\"target\":[\"https:\/\/www.estilguru.com\/it\/producto\/w-s-kit-terraza-plus\/\"]}]},{\"@type\":\"ImageObject\",\"inLanguage\":\"it-IT\",\"@id\":\"https:\/\/www.estilguru.com\/it\/producto\/w-s-kit-terraza-plus\/#primaryimage\",\"url\":\"https:\/\/www.estilguru.com\/wp-content\/uploads\/2023\/01\/terraza-plus-horizontal-1.jpg\",\"contentUrl\":\"https:\/\/www.estilguru.com\/wp-content\/uploads\/2023\/01\/terraza-plus-horizontal-1.jpg\",\"width\":1512,\"height\":1107,\"caption\":\"desag\u00fce para terraza\"},{\"@type\":\"BreadcrumbList\",\"@id\":\"https:\/\/www.estilguru.com\/it\/producto\/w-s-kit-terraza-plus\/#breadcrumb\",\"itemListElement\":[{\"@type\":\"ListItem\",\"position\":1,\"name\":\"Home\",\"item\":\"https:\/\/www.estilguru.com\/it\/\"},{\"@type\":\"ListItem\",\"position\":2,\"name\":\"Prodotti\",\"item\":\"https:\/\/www.estilguru.com\/it\/shop\/\"},{\"@type\":\"ListItem\",\"position\":3,\"name\":\"Kit W-S Terrace Plus\"}]},{\"@type\":\"WebSite\",\"@id\":\"https:\/\/www.estilguru.com\/it\/#website\",\"url\":\"https:\/\/www.estilguru.com\/it\/\",\"name\":\"Estil Guru\",\"description\":\"Sistemas de ducha e impermeabilizaci\u00f3n\",\"publisher\":{\"@id\":\"https:\/\/www.estilguru.com\/it\/#organization\"},\"potentialAction\":[{\"@type\":\"SearchAction\",\"target\":{\"@type\":\"EntryPoint\",\"urlTemplate\":\"https:\/\/www.estilguru.com\/it\/?s={search_term_string}\"},\"query-input\":{\"@type\":\"PropertyValueSpecification\",\"valueRequired\":true,\"valueName\":\"search_term_string\"}}],\"inLanguage\":\"it-IT\"},{\"@type\":\"Organization\",\"@id\":\"https:\/\/www.estilguru.com\/it\/#organization\",\"name\":\"Estil Guru\",\"url\":\"https:\/\/www.estilguru.com\/it\/\",\"logo\":{\"@type\":\"ImageObject\",\"inLanguage\":\"it-IT\",\"@id\":\"https:\/\/www.estilguru.com\/it\/#\/schema\/logo\/image\/\",\"url\":\"https:\/\/www.estilguru.com\/wp-content\/uploads\/2022\/09\/LOGO-GURU-horizontal-centrado-01.png\",\"contentUrl\":\"https:\/\/www.estilguru.com\/wp-content\/uploads\/2022\/09\/LOGO-GURU-horizontal-centrado-01.png\",\"width\":2000,\"height\":663,\"caption\":\"Estil Guru\"},\"image\":{\"@id\":\"https:\/\/www.estilguru.com\/it\/#\/schema\/logo\/image\/\"}}]}<\/script>\n<!-- \/ Yoast SEO plugin. -->","yoast_head_json":{"title":"Kit W-S Terrace Plus - Estil Guru","robots":{"index":"index","follow":"follow","max-snippet":"max-snippet:-1","max-image-preview":"max-image-preview:large","max-video-preview":"max-video-preview:-1"},"canonical":"https:\/\/www.estilguru.com\/it\/producto\/w-s-kit-terraza-plus\/","og_locale":"it_IT","og_type":"article","og_title":"Kit W-S Terrace Plus - Estil Guru","og_description":"Il W-S Kit Terrace Plus \u00e8 realizzato con materiali resistenti alla corrosione, agli agenti atmosferici e agli sbalzi di temperatura. Inoltre, tutti i suoi componenti soddisfano i pi\u00f9 alti requisiti di qualit\u00e0 e sono garantiti dagli standard europei.","og_url":"https:\/\/www.estilguru.com\/it\/producto\/w-s-kit-terraza-plus\/","og_site_name":"Estil Guru","og_image":[{"width":2000,"height":1464,"url":"https:\/\/www.estilguru.com\/wp-content\/uploads\/2021\/11\/terraza-plus-horizontal-scaled.jpg","type":"image\/jpeg"}],"twitter_card":"summary_large_image","twitter_misc":{"Tempo di lettura stimato":"1 minuto"},"schema":{"@context":"https:\/\/schema.org","@graph":[{"@type":"WebPage","@id":"https:\/\/www.estilguru.com\/it\/producto\/w-s-kit-terraza-plus\/","url":"https:\/\/www.estilguru.com\/it\/producto\/w-s-kit-terraza-plus\/","name":"Kit W-S Terrace Plus - Estil Guru","isPartOf":{"@id":"https:\/\/www.estilguru.com\/it\/#website"},"primaryImageOfPage":{"@id":"https:\/\/www.estilguru.com\/it\/producto\/w-s-kit-terraza-plus\/#primaryimage"},"image":{"@id":"https:\/\/www.estilguru.com\/it\/producto\/w-s-kit-terraza-plus\/#primaryimage"},"thumbnailUrl":"https:\/\/www.estilguru.com\/wp-content\/uploads\/2023\/01\/terraza-plus-horizontal-1.jpg","datePublished":"2025-03-07T13:54:55+00:00","breadcrumb":{"@id":"https:\/\/www.estilguru.com\/it\/producto\/w-s-kit-terraza-plus\/#breadcrumb"},"inLanguage":"it-IT","potentialAction":[{"@type":"ReadAction","target":["https:\/\/www.estilguru.com\/it\/producto\/w-s-kit-terraza-plus\/"]}]},{"@type":"ImageObject","inLanguage":"it-IT","@id":"https:\/\/www.estilguru.com\/it\/producto\/w-s-kit-terraza-plus\/#primaryimage","url":"https:\/\/www.estilguru.com\/wp-content\/uploads\/2023\/01\/terraza-plus-horizontal-1.jpg","contentUrl":"https:\/\/www.estilguru.com\/wp-content\/uploads\/2023\/01\/terraza-plus-horizontal-1.jpg","width":1512,"height":1107,"caption":"desag\u00fce para terraza"},{"@type":"BreadcrumbList","@id":"https:\/\/www.estilguru.com\/it\/producto\/w-s-kit-terraza-plus\/#breadcrumb","itemListElement":[{"@type":"ListItem","position":1,"name":"Home","item":"https:\/\/www.estilguru.com\/it\/"},{"@type":"ListItem","position":2,"name":"Prodotti","item":"https:\/\/www.estilguru.com\/it\/shop\/"},{"@type":"ListItem","position":3,"name":"Kit W-S Terrace Plus"}]},{"@type":"WebSite","@id":"https:\/\/www.estilguru.com\/it\/#website","url":"https:\/\/www.estilguru.com\/it\/","name":"Estil Guru","description":"Sistemas de ducha e impermeabilizaci\u00f3n","publisher":{"@id":"https:\/\/www.estilguru.com\/it\/#organization"},"potentialAction":[{"@type":"SearchAction","target":{"@type":"EntryPoint","urlTemplate":"https:\/\/www.estilguru.com\/it\/?s={search_term_string}"},"query-input":{"@type":"PropertyValueSpecification","valueRequired":true,"valueName":"search_term_string"}}],"inLanguage":"it-IT"},{"@type":"Organization","@id":"https:\/\/www.estilguru.com\/it\/#organization","name":"Estil Guru","url":"https:\/\/www.estilguru.com\/it\/","logo":{"@type":"ImageObject","inLanguage":"it-IT","@id":"https:\/\/www.estilguru.com\/it\/#\/schema\/logo\/image\/","url":"https:\/\/www.estilguru.com\/wp-content\/uploads\/2022\/09\/LOGO-GURU-horizontal-centrado-01.png","contentUrl":"https:\/\/www.estilguru.com\/wp-content\/uploads\/2022\/09\/LOGO-GURU-horizontal-centrado-01.png","width":2000,"height":663,"caption":"Estil Guru"},"image":{"@id":"https:\/\/www.estilguru.com\/it\/#\/schema\/logo\/image\/"}}]}},"_links":{"self":[{"href":"https:\/\/www.estilguru.com\/it\/wp-json\/wp\/v2\/product\/24034","targetHints":{"allow":["GET"]}}],"collection":[{"href":"https:\/\/www.estilguru.com\/it\/wp-json\/wp\/v2\/product"}],"about":[{"href":"https:\/\/www.estilguru.com\/it\/wp-json\/wp\/v2\/types\/product"}],"version-history":[{"count":0,"href":"https:\/\/www.estilguru.com\/it\/wp-json\/wp\/v2\/product\/24034\/revisions"}],"wp:featuredmedia":[{"embeddable":true,"href":"https:\/\/www.estilguru.com\/it\/wp-json\/wp\/v2\/media\/31718"}],"wp:attachment":[{"href":"https:\/\/www.estilguru.com\/it\/wp-json\/wp\/v2\/media?parent=24034"}],"wp:term":[{"taxonomy":"product_brand","embeddable":true,"href":"https:\/\/www.estilguru.com\/it\/wp-json\/wp\/v2\/product_brand?post=24034"},{"taxonomy":"product_cat","embeddable":true,"href":"https:\/\/www.estilguru.com\/it\/wp-json\/wp\/v2\/product_cat?post=24034"},{"taxonomy":"product_tag","embeddable":true,"href":"https:\/\/www.estilguru.com\/it\/wp-json\/wp\/v2\/product_tag?post=24034"}],"curies":[{"name":"wp","href":"https:\/\/api.w.org\/{rel}","templated":true}]}}