{"id":23648,"date":"2023-01-24T14:47:51","date_gmt":"2025-03-05T11:12:18","guid":{"rendered":"https:\/\/www.estilguru.com\/producto\/evolux-shelf-plus-trapezoid-inox\/"},"modified":"2025-03-05T11:12:18","modified_gmt":"2025-03-05T11:12:18","slug":"evolux-shelf-plus-trapezoid-inox","status":"publish","type":"product","link":"https:\/\/www.estilguru.com\/it\/producto\/evolux-shelf-plus-trapezoid-inox\/","title":{"rendered":"Evolux Scaffale Plus Trapezoidale Inox"},"content":{"rendered":"<p>La mensola per doccia trapezoidale <strong>EVOLUX SHELF PLUS TRAPEZOID INOX<\/strong> \u00e8 un&#8217;opzione elegante e pratica per riporre facilmente bagnoschiuma, shampoo, &#8230; Realizzata in acciaio inossidabile di alta qualit\u00e0, questa mensola \u00e8 resistente all&#8217;umidit\u00e0 e alla corrosione, rendendola perfetta per l&#8217;uso in qualsiasi tipo di doccia o vasca da bagno.<\/p>\n<p>La sua installazione non richiede adesivi che possono deteriorarsi nel tempo, n\u00e9 tasselli che possono attraversare l&#8217;impermeabilizzazione; viene installato tra le fughe delle piastrelle, ottenendo cos\u00ec la massima efficienza possibile. Questo modello \u00e8 in grado di sostenere un carico di 30 kg. <\/p>\n<p>Grazie al suo design trapezoidale e alla finitura in acciaio inox leggermente satinato, questa mensola si integra perfettamente in qualsiasi bagno dal design moderno. Inoltre, la sua forma trapezoidale consente una maggiore capacit\u00e0 di stoccaggio, rendendola una scelta eccellente per chi vuole organizzare i prodotti del bagno in modo efficiente e allo stesso tempo bello. <\/p>\n<p>L&#8217;installazione di questa mensola \u00e8 facile e veloce. Inoltre, il suo design minimalista ed elegante la rende ideale sia per i nuovi bagni che per le ristrutturazioni. <\/p>\n<p>La mensola trapezoidale in acciaio inox leggermente satinato \u00e8 un&#8217;opzione durevole ed elegante per il bagno, che offre un&#8217;ampia capacit\u00e0 di stoccaggio e si integra perfettamente in qualsiasi design moderno del bagno.<\/p>\n<ul>\n<li><strong>Rif.:<\/strong> IZ10305<\/li>\n<\/ul>\n","protected":false},"excerpt":{"rendered":"<p>La mensola per doccia trapezoidale in acciaio inox <strong>EVOLUX SHELF PLUS TRAPEZOID INOX<\/strong> \u00e8 un&#8217;opzione innovativa e pratica per il bagno. Realizzato in acciaio inox di alta qualit\u00e0, questo scaffale \u00e8 resistente all&#8217;umidit\u00e0 e alla corrosione, ed \u00e8 quindi perfetto per essere utilizzato in qualsiasi doccia o vasca da bagno. <\/p>\n<ul>\n<li><strong>Rif.:<\/strong> IZ10305<\/li>\n<\/ul>\n","protected":false},"featured_media":12605,"template":"","meta":{"site-sidebar-layout":"default","site-content-layout":"default","ast-main-header-display":"","ast-hfb-above-header-display":"","ast-hfb-below-header-display":"","ast-hfb-mobile-header-display":"","site-post-title":"","ast-breadcrumbs-content":"","ast-featured-img":"","footer-sml-layout":"","theme-transparent-header-meta":"default","adv-header-id-meta":"","stick-header-meta":"","header-above-stick-meta":"","header-main-stick-meta":"","header-below-stick-meta":""},"product_brand":[],"product_cat":[292,288,290,120],"product_tag":[],"class_list":{"0":"post-23648","1":"product","2":"type-product","3":"status-publish","4":"has-post-thumbnail","6":"product_cat-mensole-doccia-trapezoidali","7":"product_cat-piani-doccia","8":"product_cat-piani-doccia-satinati","9":"product_cat-sistemi-di-impermeabilizzazione","11":"first","12":"instock","13":"shipping-taxable","14":"product-type-simple"},"yoast_head":"<!-- This site is optimized with the Yoast SEO plugin v27.1.1 - https:\/\/yoast.com\/product\/yoast-seo-wordpress\/ -->\n<title>Evolux Scaffale Plus Trapezoidale Inox - Estil Guru<\/title>\n<meta name=\"robots\" content=\"index, follow, max-snippet:-1, max-image-preview:large, max-video-preview:-1\" \/>\n<link rel=\"canonical\" href=\"https:\/\/www.estilguru.com\/it\/producto\/evolux-shelf-plus-trapezoid-inox\/\" \/>\n<meta property=\"og:locale\" content=\"it_IT\" \/>\n<meta property=\"og:type\" content=\"article\" \/>\n<meta property=\"og:title\" content=\"Evolux Scaffale Plus Trapezoidale Inox - Estil Guru\" \/>\n<meta property=\"og:description\" content=\"La mensola per doccia trapezoidale in acciaio inox EVOLUX SHELF PLUS TRAPEZOID INOX \u00e8 un&#039;opzione innovativa e pratica per il bagno. Realizzato in acciaio inox di alta qualit\u00e0, questo scaffale \u00e8 resistente all&#039;umidit\u00e0 e alla corrosione, ed \u00e8 quindi perfetto per essere utilizzato in qualsiasi doccia o vasca da bagno.   Rif.: IZ10305\" \/>\n<meta property=\"og:url\" content=\"https:\/\/www.estilguru.com\/it\/producto\/evolux-shelf-plus-trapezoid-inox\/\" \/>\n<meta property=\"og:site_name\" content=\"Estil Guru\" \/>\n<meta property=\"og:image\" content=\"https:\/\/www.estilguru.com\/wp-content\/uploads\/2023\/01\/EVOLUX-SHELF-PLUS-BRUSHED-TRAP.png\" \/>\n\t<meta property=\"og:image:width\" content=\"2000\" \/>\n\t<meta property=\"og:image:height\" content=\"2000\" \/>\n\t<meta property=\"og:image:type\" content=\"image\/png\" \/>\n<meta name=\"twitter:card\" content=\"summary_large_image\" \/>\n<meta name=\"twitter:label1\" content=\"Tempo di lettura stimato\" \/>\n\t<meta name=\"twitter:data1\" content=\"1 minuto\" \/>\n<script type=\"application\/ld+json\" class=\"yoast-schema-graph\">{\"@context\":\"https:\/\/schema.org\",\"@graph\":[{\"@type\":\"WebPage\",\"@id\":\"https:\/\/www.estilguru.com\/it\/producto\/evolux-shelf-plus-trapezoid-inox\/\",\"url\":\"https:\/\/www.estilguru.com\/it\/producto\/evolux-shelf-plus-trapezoid-inox\/\",\"name\":\"Evolux Scaffale Plus Trapezoidale Inox - Estil Guru\",\"isPartOf\":{\"@id\":\"https:\/\/www.estilguru.com\/it\/#website\"},\"primaryImageOfPage\":{\"@id\":\"https:\/\/www.estilguru.com\/it\/producto\/evolux-shelf-plus-trapezoid-inox\/#primaryimage\"},\"image\":{\"@id\":\"https:\/\/www.estilguru.com\/it\/producto\/evolux-shelf-plus-trapezoid-inox\/#primaryimage\"},\"thumbnailUrl\":\"https:\/\/www.estilguru.com\/wp-content\/uploads\/2023\/01\/EVOLUX-SHELF-PLUS-BRUSHED-TRAP.png\",\"datePublished\":\"2025-03-05T11:12:18+00:00\",\"breadcrumb\":{\"@id\":\"https:\/\/www.estilguru.com\/it\/producto\/evolux-shelf-plus-trapezoid-inox\/#breadcrumb\"},\"inLanguage\":\"it-IT\",\"potentialAction\":[{\"@type\":\"ReadAction\",\"target\":[\"https:\/\/www.estilguru.com\/it\/producto\/evolux-shelf-plus-trapezoid-inox\/\"]}]},{\"@type\":\"ImageObject\",\"inLanguage\":\"it-IT\",\"@id\":\"https:\/\/www.estilguru.com\/it\/producto\/evolux-shelf-plus-trapezoid-inox\/#primaryimage\",\"url\":\"https:\/\/www.estilguru.com\/wp-content\/uploads\/2023\/01\/EVOLUX-SHELF-PLUS-BRUSHED-TRAP.png\",\"contentUrl\":\"https:\/\/www.estilguru.com\/wp-content\/uploads\/2023\/01\/EVOLUX-SHELF-PLUS-BRUSHED-TRAP.png\",\"width\":2000,\"height\":2000},{\"@type\":\"BreadcrumbList\",\"@id\":\"https:\/\/www.estilguru.com\/it\/producto\/evolux-shelf-plus-trapezoid-inox\/#breadcrumb\",\"itemListElement\":[{\"@type\":\"ListItem\",\"position\":1,\"name\":\"Home\",\"item\":\"https:\/\/www.estilguru.com\/it\/\"},{\"@type\":\"ListItem\",\"position\":2,\"name\":\"Prodotti\",\"item\":\"https:\/\/www.estilguru.com\/it\/shop\/\"},{\"@type\":\"ListItem\",\"position\":3,\"name\":\"Evolux Scaffale Plus Trapezoidale Inox\"}]},{\"@type\":\"WebSite\",\"@id\":\"https:\/\/www.estilguru.com\/it\/#website\",\"url\":\"https:\/\/www.estilguru.com\/it\/\",\"name\":\"Estil Guru\",\"description\":\"Sistemas de ducha e impermeabilizaci\u00f3n\",\"publisher\":{\"@id\":\"https:\/\/www.estilguru.com\/it\/#organization\"},\"potentialAction\":[{\"@type\":\"SearchAction\",\"target\":{\"@type\":\"EntryPoint\",\"urlTemplate\":\"https:\/\/www.estilguru.com\/it\/?s={search_term_string}\"},\"query-input\":{\"@type\":\"PropertyValueSpecification\",\"valueRequired\":true,\"valueName\":\"search_term_string\"}}],\"inLanguage\":\"it-IT\"},{\"@type\":\"Organization\",\"@id\":\"https:\/\/www.estilguru.com\/it\/#organization\",\"name\":\"Estil Guru\",\"url\":\"https:\/\/www.estilguru.com\/it\/\",\"logo\":{\"@type\":\"ImageObject\",\"inLanguage\":\"it-IT\",\"@id\":\"https:\/\/www.estilguru.com\/it\/#\/schema\/logo\/image\/\",\"url\":\"https:\/\/www.estilguru.com\/wp-content\/uploads\/2022\/09\/LOGO-GURU-horizontal-centrado-01.png\",\"contentUrl\":\"https:\/\/www.estilguru.com\/wp-content\/uploads\/2022\/09\/LOGO-GURU-horizontal-centrado-01.png\",\"width\":2000,\"height\":663,\"caption\":\"Estil Guru\"},\"image\":{\"@id\":\"https:\/\/www.estilguru.com\/it\/#\/schema\/logo\/image\/\"}}]}<\/script>\n<!-- \/ Yoast SEO plugin. -->","yoast_head_json":{"title":"Evolux Scaffale Plus Trapezoidale Inox - Estil Guru","robots":{"index":"index","follow":"follow","max-snippet":"max-snippet:-1","max-image-preview":"max-image-preview:large","max-video-preview":"max-video-preview:-1"},"canonical":"https:\/\/www.estilguru.com\/it\/producto\/evolux-shelf-plus-trapezoid-inox\/","og_locale":"it_IT","og_type":"article","og_title":"Evolux Scaffale Plus Trapezoidale Inox - Estil Guru","og_description":"La mensola per doccia trapezoidale in acciaio inox EVOLUX SHELF PLUS TRAPEZOID INOX \u00e8 un'opzione innovativa e pratica per il bagno. Realizzato in acciaio inox di alta qualit\u00e0, questo scaffale \u00e8 resistente all'umidit\u00e0 e alla corrosione, ed \u00e8 quindi perfetto per essere utilizzato in qualsiasi doccia o vasca da bagno.   Rif.: IZ10305","og_url":"https:\/\/www.estilguru.com\/it\/producto\/evolux-shelf-plus-trapezoid-inox\/","og_site_name":"Estil Guru","og_image":[{"width":2000,"height":2000,"url":"https:\/\/www.estilguru.com\/wp-content\/uploads\/2023\/01\/EVOLUX-SHELF-PLUS-BRUSHED-TRAP.png","type":"image\/png"}],"twitter_card":"summary_large_image","twitter_misc":{"Tempo di lettura stimato":"1 minuto"},"schema":{"@context":"https:\/\/schema.org","@graph":[{"@type":"WebPage","@id":"https:\/\/www.estilguru.com\/it\/producto\/evolux-shelf-plus-trapezoid-inox\/","url":"https:\/\/www.estilguru.com\/it\/producto\/evolux-shelf-plus-trapezoid-inox\/","name":"Evolux Scaffale Plus Trapezoidale Inox - Estil Guru","isPartOf":{"@id":"https:\/\/www.estilguru.com\/it\/#website"},"primaryImageOfPage":{"@id":"https:\/\/www.estilguru.com\/it\/producto\/evolux-shelf-plus-trapezoid-inox\/#primaryimage"},"image":{"@id":"https:\/\/www.estilguru.com\/it\/producto\/evolux-shelf-plus-trapezoid-inox\/#primaryimage"},"thumbnailUrl":"https:\/\/www.estilguru.com\/wp-content\/uploads\/2023\/01\/EVOLUX-SHELF-PLUS-BRUSHED-TRAP.png","datePublished":"2025-03-05T11:12:18+00:00","breadcrumb":{"@id":"https:\/\/www.estilguru.com\/it\/producto\/evolux-shelf-plus-trapezoid-inox\/#breadcrumb"},"inLanguage":"it-IT","potentialAction":[{"@type":"ReadAction","target":["https:\/\/www.estilguru.com\/it\/producto\/evolux-shelf-plus-trapezoid-inox\/"]}]},{"@type":"ImageObject","inLanguage":"it-IT","@id":"https:\/\/www.estilguru.com\/it\/producto\/evolux-shelf-plus-trapezoid-inox\/#primaryimage","url":"https:\/\/www.estilguru.com\/wp-content\/uploads\/2023\/01\/EVOLUX-SHELF-PLUS-BRUSHED-TRAP.png","contentUrl":"https:\/\/www.estilguru.com\/wp-content\/uploads\/2023\/01\/EVOLUX-SHELF-PLUS-BRUSHED-TRAP.png","width":2000,"height":2000},{"@type":"BreadcrumbList","@id":"https:\/\/www.estilguru.com\/it\/producto\/evolux-shelf-plus-trapezoid-inox\/#breadcrumb","itemListElement":[{"@type":"ListItem","position":1,"name":"Home","item":"https:\/\/www.estilguru.com\/it\/"},{"@type":"ListItem","position":2,"name":"Prodotti","item":"https:\/\/www.estilguru.com\/it\/shop\/"},{"@type":"ListItem","position":3,"name":"Evolux Scaffale Plus Trapezoidale Inox"}]},{"@type":"WebSite","@id":"https:\/\/www.estilguru.com\/it\/#website","url":"https:\/\/www.estilguru.com\/it\/","name":"Estil Guru","description":"Sistemas de ducha e impermeabilizaci\u00f3n","publisher":{"@id":"https:\/\/www.estilguru.com\/it\/#organization"},"potentialAction":[{"@type":"SearchAction","target":{"@type":"EntryPoint","urlTemplate":"https:\/\/www.estilguru.com\/it\/?s={search_term_string}"},"query-input":{"@type":"PropertyValueSpecification","valueRequired":true,"valueName":"search_term_string"}}],"inLanguage":"it-IT"},{"@type":"Organization","@id":"https:\/\/www.estilguru.com\/it\/#organization","name":"Estil Guru","url":"https:\/\/www.estilguru.com\/it\/","logo":{"@type":"ImageObject","inLanguage":"it-IT","@id":"https:\/\/www.estilguru.com\/it\/#\/schema\/logo\/image\/","url":"https:\/\/www.estilguru.com\/wp-content\/uploads\/2022\/09\/LOGO-GURU-horizontal-centrado-01.png","contentUrl":"https:\/\/www.estilguru.com\/wp-content\/uploads\/2022\/09\/LOGO-GURU-horizontal-centrado-01.png","width":2000,"height":663,"caption":"Estil Guru"},"image":{"@id":"https:\/\/www.estilguru.com\/it\/#\/schema\/logo\/image\/"}}]}},"_links":{"self":[{"href":"https:\/\/www.estilguru.com\/it\/wp-json\/wp\/v2\/product\/23648","targetHints":{"allow":["GET"]}}],"collection":[{"href":"https:\/\/www.estilguru.com\/it\/wp-json\/wp\/v2\/product"}],"about":[{"href":"https:\/\/www.estilguru.com\/it\/wp-json\/wp\/v2\/types\/product"}],"version-history":[{"count":0,"href":"https:\/\/www.estilguru.com\/it\/wp-json\/wp\/v2\/product\/23648\/revisions"}],"wp:featuredmedia":[{"embeddable":true,"href":"https:\/\/www.estilguru.com\/it\/wp-json\/wp\/v2\/media\/12605"}],"wp:attachment":[{"href":"https:\/\/www.estilguru.com\/it\/wp-json\/wp\/v2\/media?parent=23648"}],"wp:term":[{"taxonomy":"product_brand","embeddable":true,"href":"https:\/\/www.estilguru.com\/it\/wp-json\/wp\/v2\/product_brand?post=23648"},{"taxonomy":"product_cat","embeddable":true,"href":"https:\/\/www.estilguru.com\/it\/wp-json\/wp\/v2\/product_cat?post=23648"},{"taxonomy":"product_tag","embeddable":true,"href":"https:\/\/www.estilguru.com\/it\/wp-json\/wp\/v2\/product_tag?post=23648"}],"curies":[{"name":"wp","href":"https:\/\/api.w.org\/{rel}","templated":true}]}}