{"id":23532,"date":"2025-01-21T08:31:22","date_gmt":"2025-03-05T11:05:46","guid":{"rendered":"https:\/\/www.estilguru.com\/producto\/evolux-shelf-plus-trapezoid-nickel\/"},"modified":"2025-03-05T11:05:46","modified_gmt":"2025-03-05T11:05:46","slug":"evolux-shelf-plus-trapezoid-nickel","status":"publish","type":"product","link":"https:\/\/www.estilguru.com\/it\/producto\/evolux-shelf-plus-trapezoid-nickel\/","title":{"rendered":"MENSOLA EVOLUX PLUS TRAPEZOIDALE NICHEL"},"content":{"rendered":"<p>La mensola per doccia <strong>trapezoidale<\/strong> asimmetrica <strong>EVOLUX SHELF PLUS TRAPEZOID NICKEL<\/strong> \u00e8 un&#8217;opzione elegante e pratica per posizionare facilmente bagnoschiuma, shampoo, &#8230; Realizzata in acciaio inox di alta qualit\u00e0, questa mensola \u00e8 resistente all&#8217;umidit\u00e0 e alla corrosione, rendendola perfetta per l&#8217;uso in qualsiasi tipo di doccia o vasca da bagno.<\/p>\n<p>La sua installazione non richiede adesivi che possono deteriorarsi nel tempo, n\u00e9 tasselli che possono attraversare l&#8217;impermeabilizzazione; viene installato tra le fughe delle piastrelle, ottenendo cos\u00ec la massima efficienza possibile. Questo modello \u00e8 in grado di sostenere un carico di 30 kg. <\/p>\n<p>Grazie al suo design trapezoidale e alla finitura bianca, questa mensola si integra perfettamente in qualsiasi bagno dal design moderno. Inoltre, la sua forma trapezoidale consente una maggiore capacit\u00e0 di stoccaggio, rendendola una scelta eccellente per chi vuole organizzare i prodotti del bagno in modo efficiente e allo stesso tempo bello. <\/p>\n<p>L&#8217;installazione di questa mensola \u00e8 facile e veloce. Inoltre, il suo design minimalista ed elegante la rende ideale sia per i nuovi bagni che per le ristrutturazioni. <\/p>\n<p>La mensola per doccia asimmetrica trapezoidale in acciaio inox di colore bianco \u00e8 un&#8217;opzione durevole ed elegante per riporre gli oggetti in bagno, che offre un&#8217;ampia capacit\u00e0 di contenimento e si integra perfettamente in qualsiasi bagno dal design moderno.<\/p>\n<ul>\n<li><strong>Rif.:<\/strong> IZU0312<\/li>\n<\/ul>\n","protected":false},"excerpt":{"rendered":"<p>La mensola rettangolare per doccia <strong>EVOLUX SHELF PLUS TRAPEZOID NICKEL<\/strong> \u00e8 un&#8217;opzione elegante e pratica per riporre facilmente bagnoschiuma, shampoo, &#8230; Realizzata in acciaio inossidabile di alta qualit\u00e0, questa mensola \u00e8 resistente all&#8217;umidit\u00e0 e alla corrosione e si adatta perfettamente a qualsiasi tipo di doccia o vasca da bagno.<\/p>\n<ul>\n<li><strong>Rif.:<\/strong> IZU0312<\/li>\n<\/ul>\n","protected":false},"featured_media":22131,"template":"","meta":{"site-sidebar-layout":"default","site-content-layout":"default","ast-main-header-display":"","ast-hfb-above-header-display":"","ast-hfb-below-header-display":"","ast-hfb-mobile-header-display":"","site-post-title":"","ast-breadcrumbs-content":"","ast-featured-img":"","footer-sml-layout":"","theme-transparent-header-meta":"default","adv-header-id-meta":"","stick-header-meta":"","header-above-stick-meta":"","header-main-stick-meta":"","header-below-stick-meta":""},"product_brand":[],"product_cat":[292,288,290],"product_tag":[],"class_list":{"0":"post-23532","1":"product","2":"type-product","3":"status-publish","4":"has-post-thumbnail","6":"product_cat-mensole-doccia-trapezoidali","7":"product_cat-piani-doccia","8":"product_cat-piani-doccia-satinati","10":"first","11":"instock","12":"shipping-taxable","13":"product-type-simple"},"yoast_head":"<!-- This site is optimized with the Yoast SEO plugin v27.1.1 - https:\/\/yoast.com\/product\/yoast-seo-wordpress\/ -->\n<title>MENSOLA EVOLUX PLUS TRAPEZOIDALE NICHEL - Estil Guru<\/title>\n<meta name=\"robots\" content=\"index, follow, max-snippet:-1, max-image-preview:large, max-video-preview:-1\" \/>\n<link rel=\"canonical\" href=\"https:\/\/www.estilguru.com\/it\/producto\/evolux-shelf-plus-trapezoid-nickel\/\" \/>\n<meta property=\"og:locale\" content=\"it_IT\" \/>\n<meta property=\"og:type\" content=\"article\" \/>\n<meta property=\"og:title\" content=\"MENSOLA EVOLUX PLUS TRAPEZOIDALE NICHEL - Estil Guru\" \/>\n<meta property=\"og:description\" content=\"La mensola rettangolare per doccia EVOLUX SHELF PLUS TRAPEZOID NICKEL \u00e8 un&#039;opzione elegante e pratica per riporre facilmente bagnoschiuma, shampoo, ... Realizzata in acciaio inossidabile di alta qualit\u00e0, questa mensola \u00e8 resistente all&#039;umidit\u00e0 e alla corrosione e si adatta perfettamente a qualsiasi tipo di doccia o vasca da bagno.  Rif.: IZU0312\" \/>\n<meta property=\"og:url\" content=\"https:\/\/www.estilguru.com\/it\/producto\/evolux-shelf-plus-trapezoid-nickel\/\" \/>\n<meta property=\"og:site_name\" content=\"Estil Guru\" \/>\n<meta property=\"og:image\" content=\"https:\/\/www.estilguru.com\/wp-content\/uploads\/2025\/01\/EVOLUX-SHELF-TRAPECIO-PLUS.png\" \/>\n\t<meta property=\"og:image:width\" content=\"2000\" \/>\n\t<meta property=\"og:image:height\" content=\"2000\" \/>\n\t<meta property=\"og:image:type\" content=\"image\/png\" \/>\n<meta name=\"twitter:card\" content=\"summary_large_image\" \/>\n<meta name=\"twitter:label1\" content=\"Tempo di lettura stimato\" \/>\n\t<meta name=\"twitter:data1\" content=\"1 minuto\" \/>\n<script type=\"application\/ld+json\" class=\"yoast-schema-graph\">{\"@context\":\"https:\/\/schema.org\",\"@graph\":[{\"@type\":\"WebPage\",\"@id\":\"https:\/\/www.estilguru.com\/it\/producto\/evolux-shelf-plus-trapezoid-nickel\/\",\"url\":\"https:\/\/www.estilguru.com\/it\/producto\/evolux-shelf-plus-trapezoid-nickel\/\",\"name\":\"MENSOLA EVOLUX PLUS TRAPEZOIDALE NICHEL - Estil Guru\",\"isPartOf\":{\"@id\":\"https:\/\/www.estilguru.com\/it\/#website\"},\"primaryImageOfPage\":{\"@id\":\"https:\/\/www.estilguru.com\/it\/producto\/evolux-shelf-plus-trapezoid-nickel\/#primaryimage\"},\"image\":{\"@id\":\"https:\/\/www.estilguru.com\/it\/producto\/evolux-shelf-plus-trapezoid-nickel\/#primaryimage\"},\"thumbnailUrl\":\"https:\/\/www.estilguru.com\/wp-content\/uploads\/2025\/01\/EVOLUX-SHELF-TRAPECIO-PLUS.png\",\"datePublished\":\"2025-03-05T11:05:46+00:00\",\"breadcrumb\":{\"@id\":\"https:\/\/www.estilguru.com\/it\/producto\/evolux-shelf-plus-trapezoid-nickel\/#breadcrumb\"},\"inLanguage\":\"it-IT\",\"potentialAction\":[{\"@type\":\"ReadAction\",\"target\":[\"https:\/\/www.estilguru.com\/it\/producto\/evolux-shelf-plus-trapezoid-nickel\/\"]}]},{\"@type\":\"ImageObject\",\"inLanguage\":\"it-IT\",\"@id\":\"https:\/\/www.estilguru.com\/it\/producto\/evolux-shelf-plus-trapezoid-nickel\/#primaryimage\",\"url\":\"https:\/\/www.estilguru.com\/wp-content\/uploads\/2025\/01\/EVOLUX-SHELF-TRAPECIO-PLUS.png\",\"contentUrl\":\"https:\/\/www.estilguru.com\/wp-content\/uploads\/2025\/01\/EVOLUX-SHELF-TRAPECIO-PLUS.png\",\"width\":2000,\"height\":2000},{\"@type\":\"BreadcrumbList\",\"@id\":\"https:\/\/www.estilguru.com\/it\/producto\/evolux-shelf-plus-trapezoid-nickel\/#breadcrumb\",\"itemListElement\":[{\"@type\":\"ListItem\",\"position\":1,\"name\":\"Home\",\"item\":\"https:\/\/www.estilguru.com\/it\/\"},{\"@type\":\"ListItem\",\"position\":2,\"name\":\"Prodotti\",\"item\":\"https:\/\/www.estilguru.com\/it\/shop\/\"},{\"@type\":\"ListItem\",\"position\":3,\"name\":\"MENSOLA EVOLUX PLUS TRAPEZOIDALE NICHEL\"}]},{\"@type\":\"WebSite\",\"@id\":\"https:\/\/www.estilguru.com\/it\/#website\",\"url\":\"https:\/\/www.estilguru.com\/it\/\",\"name\":\"Estil Guru\",\"description\":\"Sistemas de ducha e impermeabilizaci\u00f3n\",\"publisher\":{\"@id\":\"https:\/\/www.estilguru.com\/it\/#organization\"},\"potentialAction\":[{\"@type\":\"SearchAction\",\"target\":{\"@type\":\"EntryPoint\",\"urlTemplate\":\"https:\/\/www.estilguru.com\/it\/?s={search_term_string}\"},\"query-input\":{\"@type\":\"PropertyValueSpecification\",\"valueRequired\":true,\"valueName\":\"search_term_string\"}}],\"inLanguage\":\"it-IT\"},{\"@type\":\"Organization\",\"@id\":\"https:\/\/www.estilguru.com\/it\/#organization\",\"name\":\"Estil Guru\",\"url\":\"https:\/\/www.estilguru.com\/it\/\",\"logo\":{\"@type\":\"ImageObject\",\"inLanguage\":\"it-IT\",\"@id\":\"https:\/\/www.estilguru.com\/it\/#\/schema\/logo\/image\/\",\"url\":\"https:\/\/www.estilguru.com\/wp-content\/uploads\/2022\/09\/LOGO-GURU-horizontal-centrado-01.png\",\"contentUrl\":\"https:\/\/www.estilguru.com\/wp-content\/uploads\/2022\/09\/LOGO-GURU-horizontal-centrado-01.png\",\"width\":2000,\"height\":663,\"caption\":\"Estil Guru\"},\"image\":{\"@id\":\"https:\/\/www.estilguru.com\/it\/#\/schema\/logo\/image\/\"}}]}<\/script>\n<!-- \/ Yoast SEO plugin. -->","yoast_head_json":{"title":"MENSOLA EVOLUX PLUS TRAPEZOIDALE NICHEL - Estil Guru","robots":{"index":"index","follow":"follow","max-snippet":"max-snippet:-1","max-image-preview":"max-image-preview:large","max-video-preview":"max-video-preview:-1"},"canonical":"https:\/\/www.estilguru.com\/it\/producto\/evolux-shelf-plus-trapezoid-nickel\/","og_locale":"it_IT","og_type":"article","og_title":"MENSOLA EVOLUX PLUS TRAPEZOIDALE NICHEL - Estil Guru","og_description":"La mensola rettangolare per doccia EVOLUX SHELF PLUS TRAPEZOID NICKEL \u00e8 un'opzione elegante e pratica per riporre facilmente bagnoschiuma, shampoo, ... Realizzata in acciaio inossidabile di alta qualit\u00e0, questa mensola \u00e8 resistente all'umidit\u00e0 e alla corrosione e si adatta perfettamente a qualsiasi tipo di doccia o vasca da bagno.  Rif.: IZU0312","og_url":"https:\/\/www.estilguru.com\/it\/producto\/evolux-shelf-plus-trapezoid-nickel\/","og_site_name":"Estil Guru","og_image":[{"width":2000,"height":2000,"url":"https:\/\/www.estilguru.com\/wp-content\/uploads\/2025\/01\/EVOLUX-SHELF-TRAPECIO-PLUS.png","type":"image\/png"}],"twitter_card":"summary_large_image","twitter_misc":{"Tempo di lettura stimato":"1 minuto"},"schema":{"@context":"https:\/\/schema.org","@graph":[{"@type":"WebPage","@id":"https:\/\/www.estilguru.com\/it\/producto\/evolux-shelf-plus-trapezoid-nickel\/","url":"https:\/\/www.estilguru.com\/it\/producto\/evolux-shelf-plus-trapezoid-nickel\/","name":"MENSOLA EVOLUX PLUS TRAPEZOIDALE NICHEL - Estil Guru","isPartOf":{"@id":"https:\/\/www.estilguru.com\/it\/#website"},"primaryImageOfPage":{"@id":"https:\/\/www.estilguru.com\/it\/producto\/evolux-shelf-plus-trapezoid-nickel\/#primaryimage"},"image":{"@id":"https:\/\/www.estilguru.com\/it\/producto\/evolux-shelf-plus-trapezoid-nickel\/#primaryimage"},"thumbnailUrl":"https:\/\/www.estilguru.com\/wp-content\/uploads\/2025\/01\/EVOLUX-SHELF-TRAPECIO-PLUS.png","datePublished":"2025-03-05T11:05:46+00:00","breadcrumb":{"@id":"https:\/\/www.estilguru.com\/it\/producto\/evolux-shelf-plus-trapezoid-nickel\/#breadcrumb"},"inLanguage":"it-IT","potentialAction":[{"@type":"ReadAction","target":["https:\/\/www.estilguru.com\/it\/producto\/evolux-shelf-plus-trapezoid-nickel\/"]}]},{"@type":"ImageObject","inLanguage":"it-IT","@id":"https:\/\/www.estilguru.com\/it\/producto\/evolux-shelf-plus-trapezoid-nickel\/#primaryimage","url":"https:\/\/www.estilguru.com\/wp-content\/uploads\/2025\/01\/EVOLUX-SHELF-TRAPECIO-PLUS.png","contentUrl":"https:\/\/www.estilguru.com\/wp-content\/uploads\/2025\/01\/EVOLUX-SHELF-TRAPECIO-PLUS.png","width":2000,"height":2000},{"@type":"BreadcrumbList","@id":"https:\/\/www.estilguru.com\/it\/producto\/evolux-shelf-plus-trapezoid-nickel\/#breadcrumb","itemListElement":[{"@type":"ListItem","position":1,"name":"Home","item":"https:\/\/www.estilguru.com\/it\/"},{"@type":"ListItem","position":2,"name":"Prodotti","item":"https:\/\/www.estilguru.com\/it\/shop\/"},{"@type":"ListItem","position":3,"name":"MENSOLA EVOLUX PLUS TRAPEZOIDALE NICHEL"}]},{"@type":"WebSite","@id":"https:\/\/www.estilguru.com\/it\/#website","url":"https:\/\/www.estilguru.com\/it\/","name":"Estil Guru","description":"Sistemas de ducha e impermeabilizaci\u00f3n","publisher":{"@id":"https:\/\/www.estilguru.com\/it\/#organization"},"potentialAction":[{"@type":"SearchAction","target":{"@type":"EntryPoint","urlTemplate":"https:\/\/www.estilguru.com\/it\/?s={search_term_string}"},"query-input":{"@type":"PropertyValueSpecification","valueRequired":true,"valueName":"search_term_string"}}],"inLanguage":"it-IT"},{"@type":"Organization","@id":"https:\/\/www.estilguru.com\/it\/#organization","name":"Estil Guru","url":"https:\/\/www.estilguru.com\/it\/","logo":{"@type":"ImageObject","inLanguage":"it-IT","@id":"https:\/\/www.estilguru.com\/it\/#\/schema\/logo\/image\/","url":"https:\/\/www.estilguru.com\/wp-content\/uploads\/2022\/09\/LOGO-GURU-horizontal-centrado-01.png","contentUrl":"https:\/\/www.estilguru.com\/wp-content\/uploads\/2022\/09\/LOGO-GURU-horizontal-centrado-01.png","width":2000,"height":663,"caption":"Estil Guru"},"image":{"@id":"https:\/\/www.estilguru.com\/it\/#\/schema\/logo\/image\/"}}]}},"_links":{"self":[{"href":"https:\/\/www.estilguru.com\/it\/wp-json\/wp\/v2\/product\/23532","targetHints":{"allow":["GET"]}}],"collection":[{"href":"https:\/\/www.estilguru.com\/it\/wp-json\/wp\/v2\/product"}],"about":[{"href":"https:\/\/www.estilguru.com\/it\/wp-json\/wp\/v2\/types\/product"}],"version-history":[{"count":0,"href":"https:\/\/www.estilguru.com\/it\/wp-json\/wp\/v2\/product\/23532\/revisions"}],"wp:featuredmedia":[{"embeddable":true,"href":"https:\/\/www.estilguru.com\/it\/wp-json\/wp\/v2\/media\/22131"}],"wp:attachment":[{"href":"https:\/\/www.estilguru.com\/it\/wp-json\/wp\/v2\/media?parent=23532"}],"wp:term":[{"taxonomy":"product_brand","embeddable":true,"href":"https:\/\/www.estilguru.com\/it\/wp-json\/wp\/v2\/product_brand?post=23532"},{"taxonomy":"product_cat","embeddable":true,"href":"https:\/\/www.estilguru.com\/it\/wp-json\/wp\/v2\/product_cat?post=23532"},{"taxonomy":"product_tag","embeddable":true,"href":"https:\/\/www.estilguru.com\/it\/wp-json\/wp\/v2\/product_tag?post=23532"}],"curies":[{"name":"wp","href":"https:\/\/api.w.org\/{rel}","templated":true}]}}