{"id":3366,"date":"2021-11-26T08:58:44","date_gmt":"2021-11-26T08:58:44","guid":{"rendered":"https:\/\/www.estilguru.com\/ws-air\/"},"modified":"2022-03-11T14:55:14","modified_gmt":"2022-03-11T14:55:14","slug":"ws-air","status":"publish","type":"page","link":"https:\/\/www.estilguru.com\/it\/lenzuola-impermeabili\/ws-air\/","title":{"rendered":"WS AIR"},"content":{"rendered":"\t\t<div data-elementor-type=\"wp-page\" data-elementor-id=\"3366\" class=\"elementor elementor-3366 elementor-267\" data-elementor-settings=\"{&quot;ha_cmc_init_switcher&quot;:&quot;no&quot;}\" data-elementor-post-type=\"page\">\n\t\t\t\t\t\t<section class=\"elementor-section elementor-top-section elementor-element elementor-element-9d31a9d elementor-section-full_width elementor-section-height-default elementor-section-height-default\" data-id=\"9d31a9d\" data-element_type=\"section\" data-e-type=\"section\" data-settings=\"{&quot;background_background&quot;:&quot;classic&quot;,&quot;_ha_eqh_enable&quot;:false}\">\n\t\t\t\t\t\t<div class=\"elementor-container elementor-column-gap-default\">\n\t\t\t\t\t<div class=\"elementor-column elementor-col-100 elementor-top-column elementor-element elementor-element-e48478e\" data-id=\"e48478e\" data-element_type=\"column\" data-e-type=\"column\">\n\t\t\t<div class=\"elementor-widget-wrap\">\n\t\t\t\t\t\t\t<\/div>\n\t\t<\/div>\n\t\t\t\t\t<\/div>\n\t\t<\/section>\n\t\t\t\t<section class=\"elementor-section elementor-top-section elementor-element elementor-element-ba01668 elementor-section-boxed elementor-section-height-default elementor-section-height-default\" data-id=\"ba01668\" data-element_type=\"section\" data-e-type=\"section\" data-settings=\"{&quot;_ha_eqh_enable&quot;:false}\">\n\t\t\t\t\t\t<div class=\"elementor-container elementor-column-gap-default\">\n\t\t\t\t\t<div class=\"elementor-column elementor-col-100 elementor-top-column elementor-element elementor-element-da94de2\" data-id=\"da94de2\" data-element_type=\"column\" data-e-type=\"column\">\n\t\t\t<div class=\"elementor-widget-wrap elementor-element-populated\">\n\t\t\t\t\t\t<div class=\"elementor-element elementor-element-bdd01ed premium-header-inline premium-lq__none premium-box-lq__none elementor-widget elementor-widget-premium-addon-dual-header\" data-id=\"bdd01ed\" data-element_type=\"widget\" data-e-type=\"widget\" data-widget_type=\"premium-addon-dual-header.default\">\n\t\t\t\t\t\n\t\t<div class=\"elementor-widget-container\">\n\t\t\t\t\t<h1 class=\"premium-dual-header-first-header \"><span class=\"premium-dual-header-first-span\">Telo impermeabile per tetto <\/span><span class=\"premium-dual-header-second-header \">WS AIR<\/span><\/h1> \t\t\t\t<\/div>\n\n\t\t\t\t\t\t<\/div>\n\t\t\t\t<div class=\"elementor-element elementor-element-fd6deda elementor-widget elementor-widget-text-editor\" data-id=\"fd6deda\" data-element_type=\"widget\" data-e-type=\"widget\" data-widget_type=\"text-editor.default\">\n\t\t\t\t<div class=\"elementor-widget-container\">\n\t\t\t\t\t\t\t\t\t<p>Il nostro telo impermeabile per coperture WS AIR \u00e8 appositamente studiato per il controllo del vapore su tetti inclinati e facciate ventilate da installare sotto la protezione e sulla struttura portante, sostenendo le travi sull&#8217;impalcato (lastra in cemento, legno, pannelli&#8230;) o direttamente sull&#8217;isolamento termico.<\/p>\n<p>Il telo impermeabile traspirante per tetti si distingue per essere resistente, leggero e per avere una posa molto semplice. Se ne consiglia l&#8217;utilizzo su tetti con pendenza superiore al 6% (secondo la norma EN 13859-1) come impermeabilizzante traspirante e barriera alle correnti d&#8217;aria, migliorando l&#8217;efficienza dell&#8217;isolamento termico e prevenendo l&#8217;infiltrazione di polvere e insetti.<\/p>\n<p style=\"font-size: 16px; line-height: 2em; text-align: justify;\">\n\t\t\t\t\t\t\t\t<\/div>\n\t\t\t\t<\/div>\n\t\t\t\t\t<\/div>\n\t\t<\/div>\n\t\t\t\t\t<\/div>\n\t\t<\/section>\n\t\t\t\t<section class=\"elementor-section elementor-top-section elementor-element elementor-element-bbee450 elementor-section-full_width elementor-section-height-default elementor-section-height-default\" data-id=\"bbee450\" data-element_type=\"section\" data-e-type=\"section\" data-settings=\"{&quot;background_background&quot;:&quot;classic&quot;,&quot;_ha_eqh_enable&quot;:false}\">\n\t\t\t\t\t\t<div class=\"elementor-container elementor-column-gap-default\">\n\t\t\t\t\t<div class=\"elementor-column elementor-col-50 elementor-top-column elementor-element elementor-element-65f105d elementor-invisible\" data-id=\"65f105d\" data-element_type=\"column\" data-e-type=\"column\" data-settings=\"{&quot;animation&quot;:&quot;fadeInLeft&quot;}\">\n\t\t\t<div class=\"elementor-widget-wrap elementor-element-populated\">\n\t\t\t\t\t\t<div class=\"elementor-element elementor-element-6fbdbf6 elementor-widget elementor-widget-heading\" data-id=\"6fbdbf6\" data-element_type=\"widget\" data-e-type=\"widget\" data-widget_type=\"heading.default\">\n\t\t\t\t<div class=\"elementor-widget-container\">\n\t\t\t\t\t<h2 class=\"elementor-heading-title elementor-size-default\">Telo da tetto impermeabile traspirante<\/h2>\t\t\t\t<\/div>\n\t\t\t\t<\/div>\n\t\t\t\t<div class=\"elementor-element elementor-element-532c529 elementor-widget elementor-widget-text-editor\" data-id=\"532c529\" data-element_type=\"widget\" data-e-type=\"widget\" data-widget_type=\"text-editor.default\">\n\t\t\t\t<div class=\"elementor-widget-container\">\n\t\t\t\t\t\t\t\t\t<p>WS AIR \u00e8 un telo impermeabile traspirante per coperture in quanto impermeabile all&#8217;acqua ma permeabile al vapore acqueo. \u00c8 un&#8217;ottima protezione contro l&#8217;acqua che pu\u00f2 entrare a causa di:<\/p>\n<p>&#8211; Tempo inclemente come pioggia con forte vento o penetrazione di neve farinosa.<\/p>\n<p>&#8211; L&#8217;accumulo nelle piastrelle, valli e grondaie di muschi, piante, foglie &#8230;<\/p>\n<p>&#8211; Inadeguata esecuzione della copertura come elevata ventilazione, uso eccessivo di malta, pendenza insufficiente o cattiva installazione di punti critici o incontri.<\/p>\n<p>&#8211; La rottura o lo spostamento di parti del manto dovuto, ad esempio, al telo impermeabile traspirante per tetti WS AIR sarebbe utile contro i passi di animali o per manutenzione, vento, neve&#8230;<\/p><\/p>\n\t\t\t\t\t\t\t\t<\/div>\n\t\t\t\t<\/div>\n\t\t\t\t<div class=\"elementor-element elementor-element-c793b5f elementor-align-center elementor-widget elementor-widget-button\" data-id=\"c793b5f\" data-element_type=\"widget\" data-e-type=\"widget\" data-widget_type=\"button.default\">\n\t\t\t\t<div class=\"elementor-widget-container\">\n\t\t\t\t\t\t\t\t\t<div class=\"elementor-button-wrapper\">\n\t\t\t\t\t<a class=\"elementor-button elementor-button-link elementor-size-sm\" href=\"#\">\n\t\t\t\t\t\t<span class=\"elementor-button-content-wrapper\">\n\t\t\t\t\t\t\t\t\t<span class=\"elementor-button-text\">Clicca qui<\/span>\n\t\t\t\t\t<\/span>\n\t\t\t\t\t<\/a>\n\t\t\t\t<\/div>\n\t\t\t\t\t\t\t\t<\/div>\n\t\t\t\t<\/div>\n\t\t\t\t\t<\/div>\n\t\t<\/div>\n\t\t\t\t<div class=\"elementor-column elementor-col-50 elementor-top-column elementor-element elementor-element-285a237 elementor-invisible\" data-id=\"285a237\" data-element_type=\"column\" data-e-type=\"column\" data-settings=\"{&quot;background_background&quot;:&quot;classic&quot;,&quot;animation&quot;:&quot;fadeInRight&quot;}\">\n\t\t\t<div class=\"elementor-widget-wrap\">\n\t\t\t\t\t\t\t<\/div>\n\t\t<\/div>\n\t\t\t\t\t<\/div>\n\t\t<\/section>\n\t\t\t\t<section class=\"elementor-section elementor-top-section elementor-element elementor-element-896f93e elementor-section-boxed elementor-section-height-default elementor-section-height-default\" data-id=\"896f93e\" data-element_type=\"section\" data-e-type=\"section\" data-settings=\"{&quot;background_background&quot;:&quot;classic&quot;,&quot;_ha_eqh_enable&quot;:false}\">\n\t\t\t\t\t\t<div class=\"elementor-container elementor-column-gap-narrow\">\n\t\t\t\t\t<div class=\"elementor-column elementor-col-100 elementor-top-column elementor-element elementor-element-0799137 elementor-invisible\" data-id=\"0799137\" data-element_type=\"column\" data-e-type=\"column\" data-settings=\"{&quot;animation&quot;:&quot;fadeInLeft&quot;}\">\n\t\t\t<div class=\"elementor-widget-wrap elementor-element-populated\">\n\t\t\t\t\t\t<div class=\"elementor-element elementor-element-8c85a2a elementor-widget elementor-widget-heading\" data-id=\"8c85a2a\" data-element_type=\"widget\" data-e-type=\"widget\" data-widget_type=\"heading.default\">\n\t\t\t\t<div class=\"elementor-widget-container\">\n\t\t\t\t\t<h2 class=\"elementor-heading-title elementor-size-default\">FOGLIO IN POLIPROPILENE<\/h2>\t\t\t\t<\/div>\n\t\t\t\t<\/div>\n\t\t\t\t<div class=\"elementor-element elementor-element-19f1537 elementor-widget elementor-widget-text-editor\" data-id=\"19f1537\" data-element_type=\"widget\" data-e-type=\"widget\" data-widget_type=\"text-editor.default\">\n\t\t\t\t<div class=\"elementor-widget-container\">\n\t\t\t\t\t\t\t\t\t<p>La lastra in polipropilene WS AIR \u00e8 una lastra impermeabile e diffusore di vapore per l&#8217;impermeabilizzazione di tetti inclinati o in verticale su pareti e facciate ventilate. Geocomposito formato da tre strati; al centro una membrana microporosa in film plastico di polipropilene (PP) e su ciascuna delle due facce esterne uno strato di tessuto non tessuto anch&#8217;esso in polipropilene.<\/p>\n<p class=\"font_8\">In combinazione con l&#8217;isolamento termico e le barriere al vapore, la lastra WATER STOP AIR costituisce un sistema altamente efficace che contribuisce a soddisfare le esigenze del CTE in termini di salute e riduzione dei consumi energetici. Protegge la struttura e l&#8217;isolamento termico dagli effetti dell&#8217;umidit\u00e0. Aiuta a mantenere un ambiente interno pi\u00f9 pulito e sano. Completa l&#8217;isolamento termico evitando dispersioni di calore per convezione e condensa interstiziale.<\/p>\n<p class=\"font_8\">WATER STOP AIR ci permette di mantenere un ambiente confortevole e di ridurre i consumi energetici.<\/p>\n<ul class=\"font_8\">\n<li>\n<p class=\"font_8\">WATER STOP AIR 130: Si presenta in rotolo da 1,50&#215;50 m.<\/p>\n<\/li>\n<li>\n<p class=\"font_8\">WATER STOP AIR 130 ADH: Questa lastra incorpora una striscia biadesiva per facilitare le giunzioni tra di loro. \u00c8 disponibile in un formato rotolo 1,50&#215;50 m.<\/p>\n<\/li>\n<\/ul>\n\t\t\t\t\t\t\t\t<\/div>\n\t\t\t\t<\/div>\n\t\t\t\t\t<\/div>\n\t\t<\/div>\n\t\t\t\t\t<\/div>\n\t\t<\/section>\n\t\t\t\t<section class=\"elementor-section elementor-top-section elementor-element elementor-element-93ab1ac elementor-section-full_width elementor-section-height-default elementor-section-height-default\" data-id=\"93ab1ac\" data-element_type=\"section\" data-e-type=\"section\" data-settings=\"{&quot;background_background&quot;:&quot;classic&quot;,&quot;_ha_eqh_enable&quot;:false}\">\n\t\t\t\t\t\t<div class=\"elementor-container elementor-column-gap-default\">\n\t\t\t\t\t<div class=\"elementor-column elementor-col-100 elementor-top-column elementor-element elementor-element-c121d65\" data-id=\"c121d65\" data-element_type=\"column\" data-e-type=\"column\">\n\t\t\t<div class=\"elementor-widget-wrap\">\n\t\t\t\t\t\t\t<\/div>\n\t\t<\/div>\n\t\t\t\t\t<\/div>\n\t\t<\/section>\n\t\t\t\t<section class=\"elementor-section elementor-top-section elementor-element elementor-element-ef10ad3 elementor-section-boxed elementor-section-height-default elementor-section-height-default\" data-id=\"ef10ad3\" data-element_type=\"section\" data-e-type=\"section\" data-settings=\"{&quot;_ha_eqh_enable&quot;:false}\">\n\t\t\t\t\t\t<div class=\"elementor-container elementor-column-gap-default\">\n\t\t\t\t\t<div class=\"elementor-column elementor-col-100 elementor-top-column elementor-element elementor-element-48b6064\" data-id=\"48b6064\" data-element_type=\"column\" data-e-type=\"column\">\n\t\t\t<div class=\"elementor-widget-wrap elementor-element-populated\">\n\t\t\t\t\t\t<div class=\"elementor-element elementor-element-baf211c premium-header-inline premium-lq__none premium-box-lq__none elementor-widget elementor-widget-premium-addon-dual-header\" data-id=\"baf211c\" data-element_type=\"widget\" data-e-type=\"widget\" data-widget_type=\"premium-addon-dual-header.default\">\n\t\t\t\t\t\n\t\t<div class=\"elementor-widget-container\">\n\t\t\t\t\t<h2 class=\"premium-dual-header-first-header \"><span class=\"premium-dual-header-first-span\">ACQUISTA IL FOGLIO IMPERMEABILE TRASPIRANTE PER TETTI <\/span><span class=\"premium-dual-header-second-header \">WS AIR<\/span><\/h2> \t\t\t\t<\/div>\n\n\t\t\t\t\t\t<\/div>\n\t\t\t\t<div class=\"elementor-element elementor-element-96cccd0 elementor-widget elementor-widget-text-editor\" data-id=\"96cccd0\" data-element_type=\"widget\" data-e-type=\"widget\" data-widget_type=\"text-editor.default\">\n\t\t\t\t<div class=\"elementor-widget-container\">\n\t\t\t\t\t\t\t\t\t<p>In Estil Guru siamo fornitori di teli impermeabili traspiranti per tetti da pi\u00f9 di 10 anni, rispettando tutti gli standard per garantire sempre l&#8217;efficienza e le funzionalit\u00e0 offerte dal nostro WS AIR. Se stai cercando di acquistare un telo impermeabile traspirante per tetti, non esitare a contattarci.<\/p>\n\t\t\t\t\t\t\t\t<\/div>\n\t\t\t\t<\/div>\n\t\t\t\t<div class=\"elementor-element elementor-element-3bf8646 elementor-align-center elementor-widget elementor-widget-button\" data-id=\"3bf8646\" data-element_type=\"widget\" data-e-type=\"widget\" data-widget_type=\"button.default\">\n\t\t\t\t<div class=\"elementor-widget-container\">\n\t\t\t\t\t\t\t\t\t<div class=\"elementor-button-wrapper\">\n\t\t\t\t\t<a class=\"elementor-button elementor-button-link elementor-size-sm elementor-animation-shrink\" href=\"http:\/\/www.estilguru.com\/contacto\/\">\n\t\t\t\t\t\t<span class=\"elementor-button-content-wrapper\">\n\t\t\t\t\t\t\t\t\t<span class=\"elementor-button-text\">Contatto<\/span>\n\t\t\t\t\t<\/span>\n\t\t\t\t\t<\/a>\n\t\t\t\t<\/div>\n\t\t\t\t\t\t\t\t<\/div>\n\t\t\t\t<\/div>\n\t\t\t\t\t<\/div>\n\t\t<\/div>\n\t\t\t\t\t<\/div>\n\t\t<\/section>\n\t\t\t\t<\/div>\n\t\t","protected":false},"excerpt":{"rendered":"<p>Telo impermeabile per tetto WS AIR Il nostro telo impermeabile per coperture WS AIR \u00e8 appositamente studiato per il controllo del vapore su tetti inclinati e facciate ventilate da installare sotto la protezione e sulla struttura portante, sostenendo le travi sull&#8217;impalcato (lastra in cemento, legno, pannelli&#8230;) o direttamente sull&#8217;isolamento termico. Il telo impermeabile traspirante per &hellip;<\/p>\n<p class=\"read-more\"> <a class=\"\" href=\"https:\/\/www.estilguru.com\/it\/lenzuola-impermeabili\/ws-air\/\"> <span class=\"screen-reader-text\">WS AIR<\/span> Leggi altro &raquo;<\/a><\/p>\n","protected":false},"author":1,"featured_media":0,"parent":3400,"menu_order":0,"comment_status":"closed","ping_status":"closed","template":"","meta":{"site-sidebar-layout":"no-sidebar","site-content-layout":"page-builder","ast-main-header-display":"disabled","ast-hfb-above-header-display":"","ast-hfb-below-header-display":"","ast-hfb-mobile-header-display":"","site-post-title":"disabled","ast-breadcrumbs-content":"","ast-featured-img":"disabled","footer-sml-layout":"","theme-transparent-header-meta":"default","adv-header-id-meta":"","stick-header-meta":"","header-above-stick-meta":"","header-main-stick-meta":"","header-below-stick-meta":"","footnotes":""},"class_list":["post-3366","page","type-page","status-publish","hentry"],"yoast_head":"<!-- This site is optimized with the Yoast SEO plugin v27.1.1 - https:\/\/yoast.com\/product\/yoast-seo-wordpress\/ -->\n<title>WS AIR - Estil Guru<\/title>\n<meta name=\"description\" content=\"Il telo impermeabile per coperture WS AIR \u00e8 una delle migliori soluzioni per l&#039;impermeabilizzazione di tetti con e senza pendenze.\" \/>\n<meta name=\"robots\" content=\"index, follow, max-snippet:-1, max-image-preview:large, max-video-preview:-1\" \/>\n<link rel=\"canonical\" href=\"https:\/\/www.estilguru.com\/it\/lenzuola-impermeabili\/ws-air\/\" \/>\n<meta property=\"og:locale\" content=\"it_IT\" \/>\n<meta property=\"og:type\" content=\"article\" \/>\n<meta property=\"og:title\" content=\"WS AIR - Estil Guru\" \/>\n<meta property=\"og:description\" content=\"Il telo impermeabile per coperture WS AIR \u00e8 una delle migliori soluzioni per l&#039;impermeabilizzazione di tetti con e senza pendenze.\" \/>\n<meta property=\"og:url\" content=\"https:\/\/www.estilguru.com\/it\/lenzuola-impermeabili\/ws-air\/\" \/>\n<meta property=\"og:site_name\" content=\"Estil Guru\" \/>\n<meta property=\"article:modified_time\" content=\"2022-03-11T14:55:14+00:00\" \/>\n<meta name=\"twitter:card\" content=\"summary_large_image\" \/>\n<meta name=\"twitter:label1\" content=\"Tempo di lettura stimato\" \/>\n\t<meta name=\"twitter:data1\" content=\"2 minuti\" \/>\n<script type=\"application\/ld+json\" class=\"yoast-schema-graph\">{\"@context\":\"https:\/\/schema.org\",\"@graph\":[{\"@type\":\"WebPage\",\"@id\":\"https:\/\/www.estilguru.com\/it\/lenzuola-impermeabili\/ws-air\/\",\"url\":\"https:\/\/www.estilguru.com\/it\/lenzuola-impermeabili\/ws-air\/\",\"name\":\"WS AIR - Estil Guru\",\"isPartOf\":{\"@id\":\"https:\/\/www.estilguru.com\/it\/#website\"},\"datePublished\":\"2021-11-26T08:58:44+00:00\",\"dateModified\":\"2022-03-11T14:55:14+00:00\",\"description\":\"Il telo impermeabile per coperture WS AIR \u00e8 una delle migliori soluzioni per l'impermeabilizzazione di tetti con e senza pendenze.\",\"breadcrumb\":{\"@id\":\"https:\/\/www.estilguru.com\/it\/lenzuola-impermeabili\/ws-air\/#breadcrumb\"},\"inLanguage\":\"it-IT\",\"potentialAction\":[{\"@type\":\"ReadAction\",\"target\":[\"https:\/\/www.estilguru.com\/it\/lenzuola-impermeabili\/ws-air\/\"]}]},{\"@type\":\"BreadcrumbList\",\"@id\":\"https:\/\/www.estilguru.com\/it\/lenzuola-impermeabili\/ws-air\/#breadcrumb\",\"itemListElement\":[{\"@type\":\"ListItem\",\"position\":1,\"name\":\"Home\",\"item\":\"https:\/\/www.estilguru.com\/it\/\"},{\"@type\":\"ListItem\",\"position\":2,\"name\":\"Fogli impermeabili\",\"item\":\"https:\/\/www.estilguru.com\/it\/lenzuola-impermeabili\/\"},{\"@type\":\"ListItem\",\"position\":3,\"name\":\"WS AIR\"}]},{\"@type\":\"WebSite\",\"@id\":\"https:\/\/www.estilguru.com\/it\/#website\",\"url\":\"https:\/\/www.estilguru.com\/it\/\",\"name\":\"Estil Guru\",\"description\":\"Sistemas de ducha e impermeabilizaci\u00f3n\",\"publisher\":{\"@id\":\"https:\/\/www.estilguru.com\/it\/#organization\"},\"potentialAction\":[{\"@type\":\"SearchAction\",\"target\":{\"@type\":\"EntryPoint\",\"urlTemplate\":\"https:\/\/www.estilguru.com\/it\/?s={search_term_string}\"},\"query-input\":{\"@type\":\"PropertyValueSpecification\",\"valueRequired\":true,\"valueName\":\"search_term_string\"}}],\"inLanguage\":\"it-IT\"},{\"@type\":\"Organization\",\"@id\":\"https:\/\/www.estilguru.com\/it\/#organization\",\"name\":\"Estil Guru\",\"url\":\"https:\/\/www.estilguru.com\/it\/\",\"logo\":{\"@type\":\"ImageObject\",\"inLanguage\":\"it-IT\",\"@id\":\"https:\/\/www.estilguru.com\/it\/#\/schema\/logo\/image\/\",\"url\":\"https:\/\/www.estilguru.com\/wp-content\/uploads\/2022\/09\/LOGO-GURU-horizontal-centrado-01.png\",\"contentUrl\":\"https:\/\/www.estilguru.com\/wp-content\/uploads\/2022\/09\/LOGO-GURU-horizontal-centrado-01.png\",\"width\":2000,\"height\":663,\"caption\":\"Estil Guru\"},\"image\":{\"@id\":\"https:\/\/www.estilguru.com\/it\/#\/schema\/logo\/image\/\"}}]}<\/script>\n<!-- \/ Yoast SEO plugin. -->","yoast_head_json":{"title":"WS AIR - Estil Guru","description":"Il telo impermeabile per coperture WS AIR \u00e8 una delle migliori soluzioni per l'impermeabilizzazione di tetti con e senza pendenze.","robots":{"index":"index","follow":"follow","max-snippet":"max-snippet:-1","max-image-preview":"max-image-preview:large","max-video-preview":"max-video-preview:-1"},"canonical":"https:\/\/www.estilguru.com\/it\/lenzuola-impermeabili\/ws-air\/","og_locale":"it_IT","og_type":"article","og_title":"WS AIR - Estil Guru","og_description":"Il telo impermeabile per coperture WS AIR \u00e8 una delle migliori soluzioni per l'impermeabilizzazione di tetti con e senza pendenze.","og_url":"https:\/\/www.estilguru.com\/it\/lenzuola-impermeabili\/ws-air\/","og_site_name":"Estil Guru","article_modified_time":"2022-03-11T14:55:14+00:00","twitter_card":"summary_large_image","twitter_misc":{"Tempo di lettura stimato":"2 minuti"},"schema":{"@context":"https:\/\/schema.org","@graph":[{"@type":"WebPage","@id":"https:\/\/www.estilguru.com\/it\/lenzuola-impermeabili\/ws-air\/","url":"https:\/\/www.estilguru.com\/it\/lenzuola-impermeabili\/ws-air\/","name":"WS AIR - Estil Guru","isPartOf":{"@id":"https:\/\/www.estilguru.com\/it\/#website"},"datePublished":"2021-11-26T08:58:44+00:00","dateModified":"2022-03-11T14:55:14+00:00","description":"Il telo impermeabile per coperture WS AIR \u00e8 una delle migliori soluzioni per l'impermeabilizzazione di tetti con e senza pendenze.","breadcrumb":{"@id":"https:\/\/www.estilguru.com\/it\/lenzuola-impermeabili\/ws-air\/#breadcrumb"},"inLanguage":"it-IT","potentialAction":[{"@type":"ReadAction","target":["https:\/\/www.estilguru.com\/it\/lenzuola-impermeabili\/ws-air\/"]}]},{"@type":"BreadcrumbList","@id":"https:\/\/www.estilguru.com\/it\/lenzuola-impermeabili\/ws-air\/#breadcrumb","itemListElement":[{"@type":"ListItem","position":1,"name":"Home","item":"https:\/\/www.estilguru.com\/it\/"},{"@type":"ListItem","position":2,"name":"Fogli impermeabili","item":"https:\/\/www.estilguru.com\/it\/lenzuola-impermeabili\/"},{"@type":"ListItem","position":3,"name":"WS AIR"}]},{"@type":"WebSite","@id":"https:\/\/www.estilguru.com\/it\/#website","url":"https:\/\/www.estilguru.com\/it\/","name":"Estil Guru","description":"Sistemas de ducha e impermeabilizaci\u00f3n","publisher":{"@id":"https:\/\/www.estilguru.com\/it\/#organization"},"potentialAction":[{"@type":"SearchAction","target":{"@type":"EntryPoint","urlTemplate":"https:\/\/www.estilguru.com\/it\/?s={search_term_string}"},"query-input":{"@type":"PropertyValueSpecification","valueRequired":true,"valueName":"search_term_string"}}],"inLanguage":"it-IT"},{"@type":"Organization","@id":"https:\/\/www.estilguru.com\/it\/#organization","name":"Estil Guru","url":"https:\/\/www.estilguru.com\/it\/","logo":{"@type":"ImageObject","inLanguage":"it-IT","@id":"https:\/\/www.estilguru.com\/it\/#\/schema\/logo\/image\/","url":"https:\/\/www.estilguru.com\/wp-content\/uploads\/2022\/09\/LOGO-GURU-horizontal-centrado-01.png","contentUrl":"https:\/\/www.estilguru.com\/wp-content\/uploads\/2022\/09\/LOGO-GURU-horizontal-centrado-01.png","width":2000,"height":663,"caption":"Estil Guru"},"image":{"@id":"https:\/\/www.estilguru.com\/it\/#\/schema\/logo\/image\/"}}]}},"_links":{"self":[{"href":"https:\/\/www.estilguru.com\/it\/wp-json\/wp\/v2\/pages\/3366","targetHints":{"allow":["GET"]}}],"collection":[{"href":"https:\/\/www.estilguru.com\/it\/wp-json\/wp\/v2\/pages"}],"about":[{"href":"https:\/\/www.estilguru.com\/it\/wp-json\/wp\/v2\/types\/page"}],"author":[{"embeddable":true,"href":"https:\/\/www.estilguru.com\/it\/wp-json\/wp\/v2\/users\/1"}],"replies":[{"embeddable":true,"href":"https:\/\/www.estilguru.com\/it\/wp-json\/wp\/v2\/comments?post=3366"}],"version-history":[{"count":0,"href":"https:\/\/www.estilguru.com\/it\/wp-json\/wp\/v2\/pages\/3366\/revisions"}],"up":[{"embeddable":true,"href":"https:\/\/www.estilguru.com\/it\/wp-json\/wp\/v2\/pages\/3400"}],"wp:attachment":[{"href":"https:\/\/www.estilguru.com\/it\/wp-json\/wp\/v2\/media?parent=3366"}],"curies":[{"name":"wp","href":"https:\/\/api.w.org\/{rel}","templated":true}]}}