{"id":4855,"date":"2021-11-18T15:03:40","date_gmt":"2021-12-16T07:58:34","guid":{"rendered":"https:\/\/www.estilguru.com\/producto\/evox-linear-stainless-2-system\/"},"modified":"2021-12-30T11:48:10","modified_gmt":"2021-12-30T11:48:10","slug":"evox-linear-stainless-2-system","status":"publish","type":"product","link":"https:\/\/www.estilguru.com\/fr\/producto\/evox-linear-stainless-2-system\/","title":{"rendered":"Syst\u00e8me Inox Lin\u00e9aire Evolux"},"content":{"rendered":"<p>Le syst\u00e8me lin\u00e9aire en inox Evolux est la solution id\u00e9ale pour l&rsquo;\u00e9vacuation avec une protection \u00e9tanche pour les receveurs de douche encastrables.<\/p>\n<p>Il offre s\u00e9curit\u00e9, facilit\u00e9 d&rsquo;installation et prend soin de chaque d\u00e9tail.<\/p>\n<p>Fabriqu\u00e9 avec les meilleurs mat\u00e9riaux et finitions, il contribue au design et \u00e0 la qualit\u00e9 du receveur de douche encastrable.<\/p>\n<p>Les syst\u00e8mes lin\u00e9aires avec goutti\u00e8res nous offrent la possibilit\u00e9 de r\u00e9aliser des douches de travail avec des formats de rev\u00eatement diff\u00e9rents des traditionnels, sans pratiquement aucun joint et en optimisant l&rsquo;espace pour la meilleure \u00e9vacuation.<\/p>\n<p>Ils peuvent \u00eatre plac\u00e9s en largeur ou en longueur avec une seule goutte d&rsquo;eau, au milieu de la douche avec deux gouttes et bien d&rsquo;autres positions. Ils s&rsquo;installent contre le mur \u00e0 l&rsquo;aide de l&rsquo;accessoire SIDE PROFILE.<\/p>\n","protected":false},"excerpt":{"rendered":"<p>Le syst\u00e8me EVOLUX est la solution d&rsquo;\u00e9vacuation int\u00e9gr\u00e9e avec protection \u00e9tanche pour les receveurs de douche encastrables.<\/p>\n<p>Il offre s\u00e9curit\u00e9, facilit\u00e9 d&rsquo;installation et prend soin de chaque d\u00e9tail.<\/p>\n<p>Fabriqu\u00e9 avec les meilleurs mat\u00e9riaux et finitions, il contribue au design et \u00e0 la qualit\u00e9 du receveur de douche encastrable.<\/p>\n","protected":false},"featured_media":13013,"template":"","meta":{"site-sidebar-layout":"default","site-content-layout":"default","ast-main-header-display":"","ast-hfb-above-header-display":"","ast-hfb-below-header-display":"","ast-hfb-mobile-header-display":"","site-post-title":"","ast-breadcrumbs-content":"","ast-featured-img":"","footer-sml-layout":"","theme-transparent-header-meta":"default","adv-header-id-meta":"","stick-header-meta":"","header-above-stick-meta":"","header-main-stick-meta":"","header-below-stick-meta":""},"product_brand":[],"product_cat":[96,95,97,94],"product_tag":[],"class_list":{"0":"post-4855","1":"product","2":"type-product","3":"status-publish","4":"has-post-thumbnail","6":"product_cat-caniveaux-douche","7":"product_cat-siphons-de-sol-de-douche","8":"product_cat-siphons-design","9":"product_cat-systemes-detancheite","11":"first","12":"instock","13":"shipping-taxable","14":"product-type-simple"},"yoast_head":"<!-- This site is optimized with the Yoast SEO plugin v27.1.1 - https:\/\/yoast.com\/product\/yoast-seo-wordpress\/ -->\n<title>Syst\u00e8me Inox Lin\u00e9aire Evolux - Estil Guru<\/title>\n<meta name=\"robots\" content=\"index, follow, max-snippet:-1, max-image-preview:large, max-video-preview:-1\" \/>\n<link rel=\"canonical\" href=\"https:\/\/www.estilguru.com\/fr\/producto\/evox-linear-stainless-2-system\/\" \/>\n<meta property=\"og:locale\" content=\"fr_FR\" \/>\n<meta property=\"og:type\" content=\"article\" \/>\n<meta property=\"og:title\" content=\"Syst\u00e8me Inox Lin\u00e9aire Evolux - Estil Guru\" \/>\n<meta property=\"og:description\" content=\"Le syst\u00e8me EVOLUX est la solution d&#039;\u00e9vacuation int\u00e9gr\u00e9e avec protection \u00e9tanche pour les receveurs de douche encastrables. Il offre s\u00e9curit\u00e9, facilit\u00e9 d&#039;installation et prend soin de chaque d\u00e9tail. Fabriqu\u00e9 avec les meilleurs mat\u00e9riaux et finitions, il contribue au design et \u00e0 la qualit\u00e9 du receveur de douche encastrable.\" \/>\n<meta property=\"og:url\" content=\"https:\/\/www.estilguru.com\/fr\/producto\/evox-linear-stainless-2-system\/\" \/>\n<meta property=\"og:site_name\" content=\"Estil Guru\" \/>\n<meta property=\"article:modified_time\" content=\"2021-12-30T11:48:10+00:00\" \/>\n<meta property=\"og:image\" content=\"https:\/\/www.estilguru.com\/wp-content\/uploads\/2023\/01\/DETALLE-EVOLUX-LINEAL-PLUS_001.jpg\" \/>\n\t<meta property=\"og:image:width\" content=\"2000\" \/>\n\t<meta property=\"og:image:height\" content=\"2000\" \/>\n\t<meta property=\"og:image:type\" content=\"image\/jpeg\" \/>\n<meta name=\"twitter:card\" content=\"summary_large_image\" \/>\n<meta name=\"twitter:label1\" content=\"Dur\u00e9e de lecture estim\u00e9e\" \/>\n\t<meta name=\"twitter:data1\" content=\"1 minute\" \/>\n<script type=\"application\/ld+json\" class=\"yoast-schema-graph\">{\"@context\":\"https:\/\/schema.org\",\"@graph\":[{\"@type\":\"WebPage\",\"@id\":\"https:\/\/www.estilguru.com\/fr\/producto\/evox-linear-stainless-2-system\/\",\"url\":\"https:\/\/www.estilguru.com\/fr\/producto\/evox-linear-stainless-2-system\/\",\"name\":\"Syst\u00e8me Inox Lin\u00e9aire Evolux - Estil Guru\",\"isPartOf\":{\"@id\":\"https:\/\/www.estilguru.com\/fr\/#website\"},\"primaryImageOfPage\":{\"@id\":\"https:\/\/www.estilguru.com\/fr\/producto\/evox-linear-stainless-2-system\/#primaryimage\"},\"image\":{\"@id\":\"https:\/\/www.estilguru.com\/fr\/producto\/evox-linear-stainless-2-system\/#primaryimage\"},\"thumbnailUrl\":\"https:\/\/www.estilguru.com\/wp-content\/uploads\/2023\/01\/DETALLE-EVOLUX-LINEAL-PLUS_001.jpg\",\"datePublished\":\"2021-12-16T07:58:34+00:00\",\"dateModified\":\"2021-12-30T11:48:10+00:00\",\"breadcrumb\":{\"@id\":\"https:\/\/www.estilguru.com\/fr\/producto\/evox-linear-stainless-2-system\/#breadcrumb\"},\"inLanguage\":\"fr-FR\",\"potentialAction\":[{\"@type\":\"ReadAction\",\"target\":[\"https:\/\/www.estilguru.com\/fr\/producto\/evox-linear-stainless-2-system\/\"]}]},{\"@type\":\"ImageObject\",\"inLanguage\":\"fr-FR\",\"@id\":\"https:\/\/www.estilguru.com\/fr\/producto\/evox-linear-stainless-2-system\/#primaryimage\",\"url\":\"https:\/\/www.estilguru.com\/wp-content\/uploads\/2023\/01\/DETALLE-EVOLUX-LINEAL-PLUS_001.jpg\",\"contentUrl\":\"https:\/\/www.estilguru.com\/wp-content\/uploads\/2023\/01\/DETALLE-EVOLUX-LINEAL-PLUS_001.jpg\",\"width\":2000,\"height\":2000},{\"@type\":\"BreadcrumbList\",\"@id\":\"https:\/\/www.estilguru.com\/fr\/producto\/evox-linear-stainless-2-system\/#breadcrumb\",\"itemListElement\":[{\"@type\":\"ListItem\",\"position\":1,\"name\":\"Home\",\"item\":\"https:\/\/www.estilguru.com\/fr\/\"},{\"@type\":\"ListItem\",\"position\":2,\"name\":\"Produits\",\"item\":\"https:\/\/www.estilguru.com\/fr\/shop\/\"},{\"@type\":\"ListItem\",\"position\":3,\"name\":\"Syst\u00e8me Inox Lin\u00e9aire Evolux\"}]},{\"@type\":\"WebSite\",\"@id\":\"https:\/\/www.estilguru.com\/fr\/#website\",\"url\":\"https:\/\/www.estilguru.com\/fr\/\",\"name\":\"Estil Guru\",\"description\":\"Sistemas de ducha e impermeabilizaci\u00f3n\",\"publisher\":{\"@id\":\"https:\/\/www.estilguru.com\/fr\/#organization\"},\"potentialAction\":[{\"@type\":\"SearchAction\",\"target\":{\"@type\":\"EntryPoint\",\"urlTemplate\":\"https:\/\/www.estilguru.com\/fr\/?s={search_term_string}\"},\"query-input\":{\"@type\":\"PropertyValueSpecification\",\"valueRequired\":true,\"valueName\":\"search_term_string\"}}],\"inLanguage\":\"fr-FR\"},{\"@type\":\"Organization\",\"@id\":\"https:\/\/www.estilguru.com\/fr\/#organization\",\"name\":\"Estil Guru\",\"url\":\"https:\/\/www.estilguru.com\/fr\/\",\"logo\":{\"@type\":\"ImageObject\",\"inLanguage\":\"fr-FR\",\"@id\":\"https:\/\/www.estilguru.com\/fr\/#\/schema\/logo\/image\/\",\"url\":\"https:\/\/www.estilguru.com\/wp-content\/uploads\/2022\/09\/LOGO-GURU-horizontal-centrado-01.png\",\"contentUrl\":\"https:\/\/www.estilguru.com\/wp-content\/uploads\/2022\/09\/LOGO-GURU-horizontal-centrado-01.png\",\"width\":2000,\"height\":663,\"caption\":\"Estil Guru\"},\"image\":{\"@id\":\"https:\/\/www.estilguru.com\/fr\/#\/schema\/logo\/image\/\"}}]}<\/script>\n<!-- \/ Yoast SEO plugin. -->","yoast_head_json":{"title":"Syst\u00e8me Inox Lin\u00e9aire Evolux - Estil Guru","robots":{"index":"index","follow":"follow","max-snippet":"max-snippet:-1","max-image-preview":"max-image-preview:large","max-video-preview":"max-video-preview:-1"},"canonical":"https:\/\/www.estilguru.com\/fr\/producto\/evox-linear-stainless-2-system\/","og_locale":"fr_FR","og_type":"article","og_title":"Syst\u00e8me Inox Lin\u00e9aire Evolux - Estil Guru","og_description":"Le syst\u00e8me EVOLUX est la solution d'\u00e9vacuation int\u00e9gr\u00e9e avec protection \u00e9tanche pour les receveurs de douche encastrables. Il offre s\u00e9curit\u00e9, facilit\u00e9 d'installation et prend soin de chaque d\u00e9tail. Fabriqu\u00e9 avec les meilleurs mat\u00e9riaux et finitions, il contribue au design et \u00e0 la qualit\u00e9 du receveur de douche encastrable.","og_url":"https:\/\/www.estilguru.com\/fr\/producto\/evox-linear-stainless-2-system\/","og_site_name":"Estil Guru","article_modified_time":"2021-12-30T11:48:10+00:00","og_image":[{"width":2000,"height":2000,"url":"https:\/\/www.estilguru.com\/wp-content\/uploads\/2023\/01\/DETALLE-EVOLUX-LINEAL-PLUS_001.jpg","type":"image\/jpeg"}],"twitter_card":"summary_large_image","twitter_misc":{"Dur\u00e9e de lecture estim\u00e9e":"1 minute"},"schema":{"@context":"https:\/\/schema.org","@graph":[{"@type":"WebPage","@id":"https:\/\/www.estilguru.com\/fr\/producto\/evox-linear-stainless-2-system\/","url":"https:\/\/www.estilguru.com\/fr\/producto\/evox-linear-stainless-2-system\/","name":"Syst\u00e8me Inox Lin\u00e9aire Evolux - Estil Guru","isPartOf":{"@id":"https:\/\/www.estilguru.com\/fr\/#website"},"primaryImageOfPage":{"@id":"https:\/\/www.estilguru.com\/fr\/producto\/evox-linear-stainless-2-system\/#primaryimage"},"image":{"@id":"https:\/\/www.estilguru.com\/fr\/producto\/evox-linear-stainless-2-system\/#primaryimage"},"thumbnailUrl":"https:\/\/www.estilguru.com\/wp-content\/uploads\/2023\/01\/DETALLE-EVOLUX-LINEAL-PLUS_001.jpg","datePublished":"2021-12-16T07:58:34+00:00","dateModified":"2021-12-30T11:48:10+00:00","breadcrumb":{"@id":"https:\/\/www.estilguru.com\/fr\/producto\/evox-linear-stainless-2-system\/#breadcrumb"},"inLanguage":"fr-FR","potentialAction":[{"@type":"ReadAction","target":["https:\/\/www.estilguru.com\/fr\/producto\/evox-linear-stainless-2-system\/"]}]},{"@type":"ImageObject","inLanguage":"fr-FR","@id":"https:\/\/www.estilguru.com\/fr\/producto\/evox-linear-stainless-2-system\/#primaryimage","url":"https:\/\/www.estilguru.com\/wp-content\/uploads\/2023\/01\/DETALLE-EVOLUX-LINEAL-PLUS_001.jpg","contentUrl":"https:\/\/www.estilguru.com\/wp-content\/uploads\/2023\/01\/DETALLE-EVOLUX-LINEAL-PLUS_001.jpg","width":2000,"height":2000},{"@type":"BreadcrumbList","@id":"https:\/\/www.estilguru.com\/fr\/producto\/evox-linear-stainless-2-system\/#breadcrumb","itemListElement":[{"@type":"ListItem","position":1,"name":"Home","item":"https:\/\/www.estilguru.com\/fr\/"},{"@type":"ListItem","position":2,"name":"Produits","item":"https:\/\/www.estilguru.com\/fr\/shop\/"},{"@type":"ListItem","position":3,"name":"Syst\u00e8me Inox Lin\u00e9aire Evolux"}]},{"@type":"WebSite","@id":"https:\/\/www.estilguru.com\/fr\/#website","url":"https:\/\/www.estilguru.com\/fr\/","name":"Estil Guru","description":"Sistemas de ducha e impermeabilizaci\u00f3n","publisher":{"@id":"https:\/\/www.estilguru.com\/fr\/#organization"},"potentialAction":[{"@type":"SearchAction","target":{"@type":"EntryPoint","urlTemplate":"https:\/\/www.estilguru.com\/fr\/?s={search_term_string}"},"query-input":{"@type":"PropertyValueSpecification","valueRequired":true,"valueName":"search_term_string"}}],"inLanguage":"fr-FR"},{"@type":"Organization","@id":"https:\/\/www.estilguru.com\/fr\/#organization","name":"Estil Guru","url":"https:\/\/www.estilguru.com\/fr\/","logo":{"@type":"ImageObject","inLanguage":"fr-FR","@id":"https:\/\/www.estilguru.com\/fr\/#\/schema\/logo\/image\/","url":"https:\/\/www.estilguru.com\/wp-content\/uploads\/2022\/09\/LOGO-GURU-horizontal-centrado-01.png","contentUrl":"https:\/\/www.estilguru.com\/wp-content\/uploads\/2022\/09\/LOGO-GURU-horizontal-centrado-01.png","width":2000,"height":663,"caption":"Estil Guru"},"image":{"@id":"https:\/\/www.estilguru.com\/fr\/#\/schema\/logo\/image\/"}}]}},"_links":{"self":[{"href":"https:\/\/www.estilguru.com\/fr\/wp-json\/wp\/v2\/product\/4855","targetHints":{"allow":["GET"]}}],"collection":[{"href":"https:\/\/www.estilguru.com\/fr\/wp-json\/wp\/v2\/product"}],"about":[{"href":"https:\/\/www.estilguru.com\/fr\/wp-json\/wp\/v2\/types\/product"}],"version-history":[{"count":0,"href":"https:\/\/www.estilguru.com\/fr\/wp-json\/wp\/v2\/product\/4855\/revisions"}],"wp:featuredmedia":[{"embeddable":true,"href":"https:\/\/www.estilguru.com\/fr\/wp-json\/wp\/v2\/media\/13013"}],"wp:attachment":[{"href":"https:\/\/www.estilguru.com\/fr\/wp-json\/wp\/v2\/media?parent=4855"}],"wp:term":[{"taxonomy":"product_brand","embeddable":true,"href":"https:\/\/www.estilguru.com\/fr\/wp-json\/wp\/v2\/product_brand?post=4855"},{"taxonomy":"product_cat","embeddable":true,"href":"https:\/\/www.estilguru.com\/fr\/wp-json\/wp\/v2\/product_cat?post=4855"},{"taxonomy":"product_tag","embeddable":true,"href":"https:\/\/www.estilguru.com\/fr\/wp-json\/wp\/v2\/product_tag?post=4855"}],"curies":[{"name":"wp","href":"https:\/\/api.w.org\/{rel}","templated":true}]}}