{"id":4430,"date":"2021-11-19T06:50:06","date_gmt":"2021-12-02T12:16:01","guid":{"rendered":"https:\/\/www.estilguru.com\/producto\/point-devolution-rectangulaire-couleur-systeme\/"},"modified":"2022-05-26T09:48:11","modified_gmt":"2022-05-26T09:48:11","slug":"point-devolution-rectangulaire-couleur-systeme","status":"publish","type":"product","link":"https:\/\/www.estilguru.com\/fr\/producto\/point-devolution-rectangulaire-couleur-systeme\/","title":{"rendered":"Syst\u00e8me point-rectangulaire Evolux Dark"},"content":{"rendered":"<p>Syst\u00e8me de drainage de douche Point avec la <strong>grille de douche noire<\/strong> .<\/p>\n<p>L&rsquo;un des pr\u00e9f\u00e9r\u00e9s des utilisateurs et des installateurs.<\/p>\n<p>Il offre une s\u00e9curit\u00e9 dans l&rsquo;\u00e9tanch\u00e9it\u00e9, une facilit\u00e9 d&rsquo;installation et un design exclusif avec sa grille de douche noire.<\/p>\n<p>Fabriqu\u00e9 avec les meilleurs mat\u00e9riaux et finitions, il contribue au design et \u00e0 la qualit\u00e9 du receveur de douche encastrable.<\/p>\n<p>Le syst\u00e8me ponctuel noir EVOLUX est un caniveau de douche noir, \u00e9tant la solution de drainage int\u00e9gr\u00e9e avec protection \u00e9tanche pour les receveurs de douche encastr\u00e9s.<\/p>\n<ul>\n<li>Receveurs de douche d&rsquo;une hauteur minimale, m\u00eame au niveau du sol.<\/li>\n<li>Plusieurs options de configuration pour la zone de douche.<\/li>\n<li>Fabriqu\u00e9 en acier inoxydable AISI 304<\/li>\n<li>Etanch\u00e9it\u00e9 garantie de votre douche.<\/li>\n<\/ul>\n","protected":false},"excerpt":{"rendered":"<p>Syst\u00e8me de drainage de douche Point avec la <strong>grille de douche noire<\/strong> .<\/p>\n<p>L&rsquo;un des pr\u00e9f\u00e9r\u00e9s des utilisateurs et des installateurs.<\/p>\n<p>Il offre une s\u00e9curit\u00e9 dans l&rsquo;\u00e9tanch\u00e9it\u00e9, une facilit\u00e9 d&rsquo;installation et un design exclusif avec sa grille de douche noire.<\/p>\n<p>Fabriqu\u00e9 avec les meilleurs mat\u00e9riaux et finitions, il contribue au design et \u00e0 la qualit\u00e9 du receveur de douche encastrable.<\/p>\n","protected":false},"featured_media":3060,"template":"","meta":{"site-sidebar-layout":"default","site-content-layout":"default","ast-main-header-display":"","ast-hfb-above-header-display":"","ast-hfb-below-header-display":"","ast-hfb-mobile-header-display":"","site-post-title":"","ast-breadcrumbs-content":"","ast-featured-img":"","footer-sml-layout":"","theme-transparent-header-meta":"default","adv-header-id-meta":"","stick-header-meta":"","header-above-stick-meta":"","header-main-stick-meta":"","header-below-stick-meta":""},"product_brand":[],"product_cat":[95,97,94,30],"product_tag":[],"class_list":{"0":"post-4430","1":"product","2":"type-product","3":"status-publish","4":"has-post-thumbnail","6":"product_cat-siphons-de-sol-de-douche","7":"product_cat-siphons-design","8":"product_cat-systemes-detancheite","9":"product_cat-productos","11":"first","12":"instock","13":"shipping-taxable","14":"purchasable","15":"product-type-variable"},"yoast_head":"<!-- This site is optimized with the Yoast SEO plugin v27.1.1 - https:\/\/yoast.com\/product\/yoast-seo-wordpress\/ -->\n<title>Syst\u00e8me point-rectangulaire Evolux Dark - Estil Guru<\/title>\n<meta name=\"robots\" content=\"index, follow, max-snippet:-1, max-image-preview:large, max-video-preview:-1\" \/>\n<link rel=\"canonical\" href=\"https:\/\/www.estilguru.com\/fr\/producto\/point-devolution-rectangulaire-couleur-systeme\/\" \/>\n<meta property=\"og:locale\" content=\"fr_FR\" \/>\n<meta property=\"og:type\" content=\"article\" \/>\n<meta property=\"og:title\" content=\"Syst\u00e8me point-rectangulaire Evolux Dark - Estil Guru\" \/>\n<meta property=\"og:description\" content=\"Syst\u00e8me de drainage de douche Point avec la grille de douche noire .  L&#039;un des pr\u00e9f\u00e9r\u00e9s des utilisateurs et des installateurs.  Il offre une s\u00e9curit\u00e9 dans l&#039;\u00e9tanch\u00e9it\u00e9, une facilit\u00e9 d&#039;installation et un design exclusif avec sa grille de douche noire.  Fabriqu\u00e9 avec les meilleurs mat\u00e9riaux et finitions, il contribue au design et \u00e0 la qualit\u00e9 du receveur de douche encastrable.\" \/>\n<meta property=\"og:url\" content=\"https:\/\/www.estilguru.com\/fr\/producto\/point-devolution-rectangulaire-couleur-systeme\/\" \/>\n<meta property=\"og:site_name\" content=\"Estil Guru\" \/>\n<meta property=\"article:modified_time\" content=\"2022-05-26T09:48:11+00:00\" \/>\n<meta property=\"og:image\" content=\"https:\/\/www.estilguru.com\/wp-content\/uploads\/2021\/11\/PLUS-DARK-15-scaled.jpg\" \/>\n\t<meta property=\"og:image:width\" content=\"2000\" \/>\n\t<meta property=\"og:image:height\" content=\"1284\" \/>\n\t<meta property=\"og:image:type\" content=\"image\/jpeg\" \/>\n<meta name=\"twitter:card\" content=\"summary_large_image\" \/>\n<meta name=\"twitter:label1\" content=\"Dur\u00e9e de lecture estim\u00e9e\" \/>\n\t<meta name=\"twitter:data1\" content=\"1 minute\" \/>\n<script type=\"application\/ld+json\" class=\"yoast-schema-graph\">{\"@context\":\"https:\/\/schema.org\",\"@graph\":[{\"@type\":\"WebPage\",\"@id\":\"https:\/\/www.estilguru.com\/fr\/producto\/point-devolution-rectangulaire-couleur-systeme\/\",\"url\":\"https:\/\/www.estilguru.com\/fr\/producto\/point-devolution-rectangulaire-couleur-systeme\/\",\"name\":\"Syst\u00e8me point-rectangulaire Evolux Dark - Estil Guru\",\"isPartOf\":{\"@id\":\"https:\/\/www.estilguru.com\/fr\/#website\"},\"primaryImageOfPage\":{\"@id\":\"https:\/\/www.estilguru.com\/fr\/producto\/point-devolution-rectangulaire-couleur-systeme\/#primaryimage\"},\"image\":{\"@id\":\"https:\/\/www.estilguru.com\/fr\/producto\/point-devolution-rectangulaire-couleur-systeme\/#primaryimage\"},\"thumbnailUrl\":\"https:\/\/www.estilguru.com\/wp-content\/uploads\/2021\/11\/PLUS-DARK-15-scaled.jpg\",\"datePublished\":\"2021-12-02T12:16:01+00:00\",\"dateModified\":\"2022-05-26T09:48:11+00:00\",\"breadcrumb\":{\"@id\":\"https:\/\/www.estilguru.com\/fr\/producto\/point-devolution-rectangulaire-couleur-systeme\/#breadcrumb\"},\"inLanguage\":\"fr-FR\",\"potentialAction\":[{\"@type\":\"ReadAction\",\"target\":[\"https:\/\/www.estilguru.com\/fr\/producto\/point-devolution-rectangulaire-couleur-systeme\/\"]}]},{\"@type\":\"ImageObject\",\"inLanguage\":\"fr-FR\",\"@id\":\"https:\/\/www.estilguru.com\/fr\/producto\/point-devolution-rectangulaire-couleur-systeme\/#primaryimage\",\"url\":\"https:\/\/www.estilguru.com\/wp-content\/uploads\/2021\/11\/PLUS-DARK-15-scaled.jpg\",\"contentUrl\":\"https:\/\/www.estilguru.com\/wp-content\/uploads\/2021\/11\/PLUS-DARK-15-scaled.jpg\",\"width\":2000,\"height\":1284},{\"@type\":\"BreadcrumbList\",\"@id\":\"https:\/\/www.estilguru.com\/fr\/producto\/point-devolution-rectangulaire-couleur-systeme\/#breadcrumb\",\"itemListElement\":[{\"@type\":\"ListItem\",\"position\":1,\"name\":\"Home\",\"item\":\"https:\/\/www.estilguru.com\/fr\/\"},{\"@type\":\"ListItem\",\"position\":2,\"name\":\"Produits\",\"item\":\"https:\/\/www.estilguru.com\/fr\/shop\/\"},{\"@type\":\"ListItem\",\"position\":3,\"name\":\"Syst\u00e8me point-rectangulaire Evolux Dark\"}]},{\"@type\":\"WebSite\",\"@id\":\"https:\/\/www.estilguru.com\/fr\/#website\",\"url\":\"https:\/\/www.estilguru.com\/fr\/\",\"name\":\"Estil Guru\",\"description\":\"Sistemas de ducha e impermeabilizaci\u00f3n\",\"publisher\":{\"@id\":\"https:\/\/www.estilguru.com\/fr\/#organization\"},\"potentialAction\":[{\"@type\":\"SearchAction\",\"target\":{\"@type\":\"EntryPoint\",\"urlTemplate\":\"https:\/\/www.estilguru.com\/fr\/?s={search_term_string}\"},\"query-input\":{\"@type\":\"PropertyValueSpecification\",\"valueRequired\":true,\"valueName\":\"search_term_string\"}}],\"inLanguage\":\"fr-FR\"},{\"@type\":\"Organization\",\"@id\":\"https:\/\/www.estilguru.com\/fr\/#organization\",\"name\":\"Estil Guru\",\"url\":\"https:\/\/www.estilguru.com\/fr\/\",\"logo\":{\"@type\":\"ImageObject\",\"inLanguage\":\"fr-FR\",\"@id\":\"https:\/\/www.estilguru.com\/fr\/#\/schema\/logo\/image\/\",\"url\":\"https:\/\/www.estilguru.com\/wp-content\/uploads\/2022\/09\/LOGO-GURU-horizontal-centrado-01.png\",\"contentUrl\":\"https:\/\/www.estilguru.com\/wp-content\/uploads\/2022\/09\/LOGO-GURU-horizontal-centrado-01.png\",\"width\":2000,\"height\":663,\"caption\":\"Estil Guru\"},\"image\":{\"@id\":\"https:\/\/www.estilguru.com\/fr\/#\/schema\/logo\/image\/\"}}]}<\/script>\n<!-- \/ Yoast SEO plugin. -->","yoast_head_json":{"title":"Syst\u00e8me point-rectangulaire Evolux Dark - Estil Guru","robots":{"index":"index","follow":"follow","max-snippet":"max-snippet:-1","max-image-preview":"max-image-preview:large","max-video-preview":"max-video-preview:-1"},"canonical":"https:\/\/www.estilguru.com\/fr\/producto\/point-devolution-rectangulaire-couleur-systeme\/","og_locale":"fr_FR","og_type":"article","og_title":"Syst\u00e8me point-rectangulaire Evolux Dark - Estil Guru","og_description":"Syst\u00e8me de drainage de douche Point avec la grille de douche noire .  L'un des pr\u00e9f\u00e9r\u00e9s des utilisateurs et des installateurs.  Il offre une s\u00e9curit\u00e9 dans l'\u00e9tanch\u00e9it\u00e9, une facilit\u00e9 d'installation et un design exclusif avec sa grille de douche noire.  Fabriqu\u00e9 avec les meilleurs mat\u00e9riaux et finitions, il contribue au design et \u00e0 la qualit\u00e9 du receveur de douche encastrable.","og_url":"https:\/\/www.estilguru.com\/fr\/producto\/point-devolution-rectangulaire-couleur-systeme\/","og_site_name":"Estil Guru","article_modified_time":"2022-05-26T09:48:11+00:00","og_image":[{"width":2000,"height":1284,"url":"https:\/\/www.estilguru.com\/wp-content\/uploads\/2021\/11\/PLUS-DARK-15-scaled.jpg","type":"image\/jpeg"}],"twitter_card":"summary_large_image","twitter_misc":{"Dur\u00e9e de lecture estim\u00e9e":"1 minute"},"schema":{"@context":"https:\/\/schema.org","@graph":[{"@type":"WebPage","@id":"https:\/\/www.estilguru.com\/fr\/producto\/point-devolution-rectangulaire-couleur-systeme\/","url":"https:\/\/www.estilguru.com\/fr\/producto\/point-devolution-rectangulaire-couleur-systeme\/","name":"Syst\u00e8me point-rectangulaire Evolux Dark - Estil Guru","isPartOf":{"@id":"https:\/\/www.estilguru.com\/fr\/#website"},"primaryImageOfPage":{"@id":"https:\/\/www.estilguru.com\/fr\/producto\/point-devolution-rectangulaire-couleur-systeme\/#primaryimage"},"image":{"@id":"https:\/\/www.estilguru.com\/fr\/producto\/point-devolution-rectangulaire-couleur-systeme\/#primaryimage"},"thumbnailUrl":"https:\/\/www.estilguru.com\/wp-content\/uploads\/2021\/11\/PLUS-DARK-15-scaled.jpg","datePublished":"2021-12-02T12:16:01+00:00","dateModified":"2022-05-26T09:48:11+00:00","breadcrumb":{"@id":"https:\/\/www.estilguru.com\/fr\/producto\/point-devolution-rectangulaire-couleur-systeme\/#breadcrumb"},"inLanguage":"fr-FR","potentialAction":[{"@type":"ReadAction","target":["https:\/\/www.estilguru.com\/fr\/producto\/point-devolution-rectangulaire-couleur-systeme\/"]}]},{"@type":"ImageObject","inLanguage":"fr-FR","@id":"https:\/\/www.estilguru.com\/fr\/producto\/point-devolution-rectangulaire-couleur-systeme\/#primaryimage","url":"https:\/\/www.estilguru.com\/wp-content\/uploads\/2021\/11\/PLUS-DARK-15-scaled.jpg","contentUrl":"https:\/\/www.estilguru.com\/wp-content\/uploads\/2021\/11\/PLUS-DARK-15-scaled.jpg","width":2000,"height":1284},{"@type":"BreadcrumbList","@id":"https:\/\/www.estilguru.com\/fr\/producto\/point-devolution-rectangulaire-couleur-systeme\/#breadcrumb","itemListElement":[{"@type":"ListItem","position":1,"name":"Home","item":"https:\/\/www.estilguru.com\/fr\/"},{"@type":"ListItem","position":2,"name":"Produits","item":"https:\/\/www.estilguru.com\/fr\/shop\/"},{"@type":"ListItem","position":3,"name":"Syst\u00e8me point-rectangulaire Evolux Dark"}]},{"@type":"WebSite","@id":"https:\/\/www.estilguru.com\/fr\/#website","url":"https:\/\/www.estilguru.com\/fr\/","name":"Estil Guru","description":"Sistemas de ducha e impermeabilizaci\u00f3n","publisher":{"@id":"https:\/\/www.estilguru.com\/fr\/#organization"},"potentialAction":[{"@type":"SearchAction","target":{"@type":"EntryPoint","urlTemplate":"https:\/\/www.estilguru.com\/fr\/?s={search_term_string}"},"query-input":{"@type":"PropertyValueSpecification","valueRequired":true,"valueName":"search_term_string"}}],"inLanguage":"fr-FR"},{"@type":"Organization","@id":"https:\/\/www.estilguru.com\/fr\/#organization","name":"Estil Guru","url":"https:\/\/www.estilguru.com\/fr\/","logo":{"@type":"ImageObject","inLanguage":"fr-FR","@id":"https:\/\/www.estilguru.com\/fr\/#\/schema\/logo\/image\/","url":"https:\/\/www.estilguru.com\/wp-content\/uploads\/2022\/09\/LOGO-GURU-horizontal-centrado-01.png","contentUrl":"https:\/\/www.estilguru.com\/wp-content\/uploads\/2022\/09\/LOGO-GURU-horizontal-centrado-01.png","width":2000,"height":663,"caption":"Estil Guru"},"image":{"@id":"https:\/\/www.estilguru.com\/fr\/#\/schema\/logo\/image\/"}}]}},"_links":{"self":[{"href":"https:\/\/www.estilguru.com\/fr\/wp-json\/wp\/v2\/product\/4430","targetHints":{"allow":["GET"]}}],"collection":[{"href":"https:\/\/www.estilguru.com\/fr\/wp-json\/wp\/v2\/product"}],"about":[{"href":"https:\/\/www.estilguru.com\/fr\/wp-json\/wp\/v2\/types\/product"}],"version-history":[{"count":0,"href":"https:\/\/www.estilguru.com\/fr\/wp-json\/wp\/v2\/product\/4430\/revisions"}],"wp:featuredmedia":[{"embeddable":true,"href":"https:\/\/www.estilguru.com\/fr\/wp-json\/wp\/v2\/media\/3060"}],"wp:attachment":[{"href":"https:\/\/www.estilguru.com\/fr\/wp-json\/wp\/v2\/media?parent=4430"}],"wp:term":[{"taxonomy":"product_brand","embeddable":true,"href":"https:\/\/www.estilguru.com\/fr\/wp-json\/wp\/v2\/product_brand?post=4430"},{"taxonomy":"product_cat","embeddable":true,"href":"https:\/\/www.estilguru.com\/fr\/wp-json\/wp\/v2\/product_cat?post=4430"},{"taxonomy":"product_tag","embeddable":true,"href":"https:\/\/www.estilguru.com\/fr\/wp-json\/wp\/v2\/product_tag?post=4430"}],"curies":[{"name":"wp","href":"https:\/\/api.w.org\/{rel}","templated":true}]}}