{"id":4420,"date":"2021-11-19T07:33:06","date_gmt":"2021-12-02T12:15:58","guid":{"rendered":"https:\/\/www.estilguru.com\/producto\/arret-de-leau\/"},"modified":"2022-05-26T09:44:11","modified_gmt":"2022-05-26T09:44:11","slug":"arret-de-leau","status":"publish","type":"product","link":"https:\/\/www.estilguru.com\/fr\/producto\/arret-de-leau\/","title":{"rendered":"WATER-STOP"},"content":{"rendered":"<p>La feuille d&rsquo;\u00e9tanch\u00e9it\u00e9 <b>WATER-STOP<\/b> est une feuille g\u00e9otextile imperm\u00e9able et \u00e9lastique, avec une tr\u00e8s bonne adh\u00e9rence aux surfaces et avec une tr\u00e8s faible \u00e9paisseur gr\u00e2ce \u00e0 son proc\u00e9d\u00e9 d&rsquo;extrusion multicouche innovant. Il est parfait pour l&rsquo;imperm\u00e9abilisation des ext\u00e9rieurs, des int\u00e9rieurs, des terrasses, des toits pi\u00e9tonniers et non pi\u00e9tonniers, des douches, des piscines&#8230;<\/p>\n<p>Cette feuille r\u00e9pond \u00e0 un concept innovant en mati\u00e8re d&rsquo;imperm\u00e9abilisation, puisqu&rsquo;elle <b>peut \u00eatre install\u00e9e sous le rev\u00eatement de sol et sur les murs<\/b> gr\u00e2ce \u00e0 ses faces fibreuses int\u00e9gr\u00e9es \u00e0 la membrane d&rsquo;\u00e9tanch\u00e9it\u00e9.<\/p>\n<p>Nous devons \u00e9galement souligner qu&rsquo;il s&rsquo;agit de la solution d&rsquo;\u00e9tanch\u00e9it\u00e9 la plus avantageuse lorsque l&rsquo;on parle de r\u00e9novation d&rsquo;\u00e9tanch\u00e9it\u00e9, car avec les feuilles d&rsquo;\u00e9tanch\u00e9it\u00e9 WATER-STOP, il est possible d&rsquo;installer sur le trottoir actuel et de placer ensuite la nouvelle c\u00e9ramique sans d\u00e9passer la hauteur des entr\u00e9es de la habitations.<\/p>\n<p>Ses principales caract\u00e9ristiques sont les suivantes\u00a0: flexibilit\u00e9, installation facile sans avoir besoin de personnel ou de machines sp\u00e9cialis\u00e9es, durabilit\u00e9 (puisque sa durabilit\u00e9 est illimit\u00e9e tant qu&rsquo;il n&rsquo;est pas expos\u00e9 au soleil, aucun facteur externe incontr\u00f4lable ne se produit et nos conditions d&rsquo;installation sont respect\u00e9es) et un la hauteur d&rsquo;installation minimale est atteinte par rapport aux produits d&rsquo;\u00e9tanch\u00e9it\u00e9 traditionnels.<\/p>\n","protected":false},"excerpt":{"rendered":"<p>La feuille d&rsquo;\u00e9tanch\u00e9it\u00e9 <b>WATER-STOP<\/b> est une feuille g\u00e9otextile imperm\u00e9able et \u00e9lastique, avec une tr\u00e8s bonne adh\u00e9rence aux surfaces et avec une tr\u00e8s faible \u00e9paisseur gr\u00e2ce \u00e0 son proc\u00e9d\u00e9 d&rsquo;extrusion multicouche innovant. Il est parfait pour l&rsquo;imperm\u00e9abilisation des ext\u00e9rieurs, des int\u00e9rieurs, des terrasses, des toits pi\u00e9tonniers et non pi\u00e9tonniers, des douches, des piscines&#8230;<\/p>\n","protected":false},"featured_media":21804,"template":"","meta":{"site-sidebar-layout":"default","site-content-layout":"default","ast-main-header-display":"","ast-hfb-above-header-display":"","ast-hfb-below-header-display":"","ast-hfb-mobile-header-display":"","site-post-title":"","ast-breadcrumbs-content":"","ast-featured-img":"","footer-sml-layout":"","theme-transparent-header-meta":"default","adv-header-id-meta":"","stick-header-meta":"","header-above-stick-meta":"","header-main-stick-meta":"","header-below-stick-meta":""},"product_brand":[],"product_cat":[98,94],"product_tag":[179],"class_list":{"0":"post-4420","1":"product","2":"type-product","3":"status-publish","4":"has-post-thumbnail","6":"product_cat-produits-detancheite","7":"product_cat-systemes-detancheite","8":"product_tag-feuille-impermeable","10":"first","11":"instock","12":"shipping-taxable","13":"product-type-simple"},"yoast_head":"<!-- This site is optimized with the Yoast SEO plugin v27.1.1 - https:\/\/yoast.com\/product\/yoast-seo-wordpress\/ -->\n<title>WATER-STOP - Estil Guru<\/title>\n<meta name=\"robots\" content=\"index, follow, max-snippet:-1, max-image-preview:large, max-video-preview:-1\" \/>\n<link rel=\"canonical\" href=\"https:\/\/www.estilguru.com\/fr\/feuilles-impermeables\/natte-detancheite-water-stop\/\" \/>\n<meta property=\"og:locale\" content=\"fr_FR\" \/>\n<meta property=\"og:type\" content=\"article\" \/>\n<meta property=\"og:title\" content=\"WATER-STOP - Estil Guru\" \/>\n<meta property=\"og:description\" content=\"La feuille d&#039;\u00e9tanch\u00e9it\u00e9 WATER-STOP est une feuille g\u00e9otextile imperm\u00e9able et \u00e9lastique, avec une tr\u00e8s bonne adh\u00e9rence aux surfaces et avec une tr\u00e8s faible \u00e9paisseur gr\u00e2ce \u00e0 son proc\u00e9d\u00e9 d&#039;extrusion multicouche innovant. Il est parfait pour l&#039;imperm\u00e9abilisation des ext\u00e9rieurs, des int\u00e9rieurs, des terrasses, des toits pi\u00e9tonniers et non pi\u00e9tonniers, des douches, des piscines...\" \/>\n<meta property=\"og:url\" content=\"https:\/\/www.estilguru.com\/fr\/feuilles-impermeables\/natte-detancheite-water-stop\/\" \/>\n<meta property=\"og:site_name\" content=\"Estil Guru\" \/>\n<meta property=\"article:modified_time\" content=\"2022-05-26T09:44:11+00:00\" \/>\n<meta property=\"og:image\" content=\"https:\/\/www.estilguru.com\/wp-content\/uploads\/2023\/04\/Rollo-impermeabilizante-Water-Stop-1.jpg\" \/>\n\t<meta property=\"og:image:width\" content=\"1800\" \/>\n\t<meta property=\"og:image:height\" content=\"1800\" \/>\n\t<meta property=\"og:image:type\" content=\"image\/jpeg\" \/>\n<meta name=\"twitter:card\" content=\"summary_large_image\" \/>\n<meta name=\"twitter:label1\" content=\"Dur\u00e9e de lecture estim\u00e9e\" \/>\n\t<meta name=\"twitter:data1\" content=\"1 minute\" \/>\n<script type=\"application\/ld+json\" class=\"yoast-schema-graph\">{\"@context\":\"https:\/\/schema.org\",\"@graph\":[{\"@type\":\"WebPage\",\"@id\":\"https:\/\/www.estilguru.com\/fr\/producto\/arret-de-leau\/\",\"url\":\"https:\/\/www.estilguru.com\/fr\/feuilles-impermeables\/natte-detancheite-water-stop\/\",\"name\":\"WATER-STOP - Estil Guru\",\"isPartOf\":{\"@id\":\"https:\/\/www.estilguru.com\/fr\/#website\"},\"primaryImageOfPage\":{\"@id\":\"https:\/\/www.estilguru.com\/fr\/feuilles-impermeables\/natte-detancheite-water-stop\/#primaryimage\"},\"image\":{\"@id\":\"https:\/\/www.estilguru.com\/fr\/feuilles-impermeables\/natte-detancheite-water-stop\/#primaryimage\"},\"thumbnailUrl\":\"https:\/\/www.estilguru.com\/wp-content\/uploads\/2025\/01\/ROLLO-1X30-SIN-FONDO-1.jpg\",\"datePublished\":\"2021-12-02T12:15:58+00:00\",\"dateModified\":\"2022-05-26T09:44:11+00:00\",\"breadcrumb\":{\"@id\":\"https:\/\/www.estilguru.com\/fr\/feuilles-impermeables\/natte-detancheite-water-stop\/#breadcrumb\"},\"inLanguage\":\"fr-FR\",\"potentialAction\":[{\"@type\":\"ReadAction\",\"target\":[\"https:\/\/www.estilguru.com\/fr\/feuilles-impermeables\/natte-detancheite-water-stop\/\"]}]},{\"@type\":\"ImageObject\",\"inLanguage\":\"fr-FR\",\"@id\":\"https:\/\/www.estilguru.com\/fr\/feuilles-impermeables\/natte-detancheite-water-stop\/#primaryimage\",\"url\":\"https:\/\/www.estilguru.com\/wp-content\/uploads\/2025\/01\/ROLLO-1X30-SIN-FONDO-1.jpg\",\"contentUrl\":\"https:\/\/www.estilguru.com\/wp-content\/uploads\/2025\/01\/ROLLO-1X30-SIN-FONDO-1.jpg\",\"width\":1600,\"height\":1509},{\"@type\":\"BreadcrumbList\",\"@id\":\"https:\/\/www.estilguru.com\/fr\/feuilles-impermeables\/natte-detancheite-water-stop\/#breadcrumb\",\"itemListElement\":[{\"@type\":\"ListItem\",\"position\":1,\"name\":\"Home\",\"item\":\"https:\/\/www.estilguru.com\/fr\/\"},{\"@type\":\"ListItem\",\"position\":2,\"name\":\"Produits\",\"item\":\"https:\/\/www.estilguru.com\/fr\/shop\/\"},{\"@type\":\"ListItem\",\"position\":3,\"name\":\"WATER-STOP\"}]},{\"@type\":\"WebSite\",\"@id\":\"https:\/\/www.estilguru.com\/fr\/#website\",\"url\":\"https:\/\/www.estilguru.com\/fr\/\",\"name\":\"Estil Guru\",\"description\":\"Sistemas de ducha e impermeabilizaci\u00f3n\",\"publisher\":{\"@id\":\"https:\/\/www.estilguru.com\/fr\/#organization\"},\"potentialAction\":[{\"@type\":\"SearchAction\",\"target\":{\"@type\":\"EntryPoint\",\"urlTemplate\":\"https:\/\/www.estilguru.com\/fr\/?s={search_term_string}\"},\"query-input\":{\"@type\":\"PropertyValueSpecification\",\"valueRequired\":true,\"valueName\":\"search_term_string\"}}],\"inLanguage\":\"fr-FR\"},{\"@type\":\"Organization\",\"@id\":\"https:\/\/www.estilguru.com\/fr\/#organization\",\"name\":\"Estil Guru\",\"url\":\"https:\/\/www.estilguru.com\/fr\/\",\"logo\":{\"@type\":\"ImageObject\",\"inLanguage\":\"fr-FR\",\"@id\":\"https:\/\/www.estilguru.com\/fr\/#\/schema\/logo\/image\/\",\"url\":\"https:\/\/www.estilguru.com\/wp-content\/uploads\/2022\/09\/LOGO-GURU-horizontal-centrado-01.png\",\"contentUrl\":\"https:\/\/www.estilguru.com\/wp-content\/uploads\/2022\/09\/LOGO-GURU-horizontal-centrado-01.png\",\"width\":2000,\"height\":663,\"caption\":\"Estil Guru\"},\"image\":{\"@id\":\"https:\/\/www.estilguru.com\/fr\/#\/schema\/logo\/image\/\"}}]}<\/script>\n<!-- \/ Yoast SEO plugin. -->","yoast_head_json":{"title":"WATER-STOP - Estil Guru","robots":{"index":"index","follow":"follow","max-snippet":"max-snippet:-1","max-image-preview":"max-image-preview:large","max-video-preview":"max-video-preview:-1"},"canonical":"https:\/\/www.estilguru.com\/fr\/feuilles-impermeables\/natte-detancheite-water-stop\/","og_locale":"fr_FR","og_type":"article","og_title":"WATER-STOP - Estil Guru","og_description":"La feuille d'\u00e9tanch\u00e9it\u00e9 WATER-STOP est une feuille g\u00e9otextile imperm\u00e9able et \u00e9lastique, avec une tr\u00e8s bonne adh\u00e9rence aux surfaces et avec une tr\u00e8s faible \u00e9paisseur gr\u00e2ce \u00e0 son proc\u00e9d\u00e9 d'extrusion multicouche innovant. Il est parfait pour l'imperm\u00e9abilisation des ext\u00e9rieurs, des int\u00e9rieurs, des terrasses, des toits pi\u00e9tonniers et non pi\u00e9tonniers, des douches, des piscines...","og_url":"https:\/\/www.estilguru.com\/fr\/feuilles-impermeables\/natte-detancheite-water-stop\/","og_site_name":"Estil Guru","article_modified_time":"2022-05-26T09:44:11+00:00","og_image":[{"width":1800,"height":1800,"url":"https:\/\/www.estilguru.com\/wp-content\/uploads\/2023\/04\/Rollo-impermeabilizante-Water-Stop-1.jpg","type":"image\/jpeg"}],"twitter_card":"summary_large_image","twitter_misc":{"Dur\u00e9e de lecture estim\u00e9e":"1 minute"},"schema":{"@context":"https:\/\/schema.org","@graph":[{"@type":"WebPage","@id":"https:\/\/www.estilguru.com\/fr\/producto\/arret-de-leau\/","url":"https:\/\/www.estilguru.com\/fr\/feuilles-impermeables\/natte-detancheite-water-stop\/","name":"WATER-STOP - Estil Guru","isPartOf":{"@id":"https:\/\/www.estilguru.com\/fr\/#website"},"primaryImageOfPage":{"@id":"https:\/\/www.estilguru.com\/fr\/feuilles-impermeables\/natte-detancheite-water-stop\/#primaryimage"},"image":{"@id":"https:\/\/www.estilguru.com\/fr\/feuilles-impermeables\/natte-detancheite-water-stop\/#primaryimage"},"thumbnailUrl":"https:\/\/www.estilguru.com\/wp-content\/uploads\/2025\/01\/ROLLO-1X30-SIN-FONDO-1.jpg","datePublished":"2021-12-02T12:15:58+00:00","dateModified":"2022-05-26T09:44:11+00:00","breadcrumb":{"@id":"https:\/\/www.estilguru.com\/fr\/feuilles-impermeables\/natte-detancheite-water-stop\/#breadcrumb"},"inLanguage":"fr-FR","potentialAction":[{"@type":"ReadAction","target":["https:\/\/www.estilguru.com\/fr\/feuilles-impermeables\/natte-detancheite-water-stop\/"]}]},{"@type":"ImageObject","inLanguage":"fr-FR","@id":"https:\/\/www.estilguru.com\/fr\/feuilles-impermeables\/natte-detancheite-water-stop\/#primaryimage","url":"https:\/\/www.estilguru.com\/wp-content\/uploads\/2025\/01\/ROLLO-1X30-SIN-FONDO-1.jpg","contentUrl":"https:\/\/www.estilguru.com\/wp-content\/uploads\/2025\/01\/ROLLO-1X30-SIN-FONDO-1.jpg","width":1600,"height":1509},{"@type":"BreadcrumbList","@id":"https:\/\/www.estilguru.com\/fr\/feuilles-impermeables\/natte-detancheite-water-stop\/#breadcrumb","itemListElement":[{"@type":"ListItem","position":1,"name":"Home","item":"https:\/\/www.estilguru.com\/fr\/"},{"@type":"ListItem","position":2,"name":"Produits","item":"https:\/\/www.estilguru.com\/fr\/shop\/"},{"@type":"ListItem","position":3,"name":"WATER-STOP"}]},{"@type":"WebSite","@id":"https:\/\/www.estilguru.com\/fr\/#website","url":"https:\/\/www.estilguru.com\/fr\/","name":"Estil Guru","description":"Sistemas de ducha e impermeabilizaci\u00f3n","publisher":{"@id":"https:\/\/www.estilguru.com\/fr\/#organization"},"potentialAction":[{"@type":"SearchAction","target":{"@type":"EntryPoint","urlTemplate":"https:\/\/www.estilguru.com\/fr\/?s={search_term_string}"},"query-input":{"@type":"PropertyValueSpecification","valueRequired":true,"valueName":"search_term_string"}}],"inLanguage":"fr-FR"},{"@type":"Organization","@id":"https:\/\/www.estilguru.com\/fr\/#organization","name":"Estil Guru","url":"https:\/\/www.estilguru.com\/fr\/","logo":{"@type":"ImageObject","inLanguage":"fr-FR","@id":"https:\/\/www.estilguru.com\/fr\/#\/schema\/logo\/image\/","url":"https:\/\/www.estilguru.com\/wp-content\/uploads\/2022\/09\/LOGO-GURU-horizontal-centrado-01.png","contentUrl":"https:\/\/www.estilguru.com\/wp-content\/uploads\/2022\/09\/LOGO-GURU-horizontal-centrado-01.png","width":2000,"height":663,"caption":"Estil Guru"},"image":{"@id":"https:\/\/www.estilguru.com\/fr\/#\/schema\/logo\/image\/"}}]}},"_links":{"self":[{"href":"https:\/\/www.estilguru.com\/fr\/wp-json\/wp\/v2\/product\/4420","targetHints":{"allow":["GET"]}}],"collection":[{"href":"https:\/\/www.estilguru.com\/fr\/wp-json\/wp\/v2\/product"}],"about":[{"href":"https:\/\/www.estilguru.com\/fr\/wp-json\/wp\/v2\/types\/product"}],"version-history":[{"count":0,"href":"https:\/\/www.estilguru.com\/fr\/wp-json\/wp\/v2\/product\/4420\/revisions"}],"wp:featuredmedia":[{"embeddable":true,"href":"https:\/\/www.estilguru.com\/fr\/wp-json\/wp\/v2\/media\/21804"}],"wp:attachment":[{"href":"https:\/\/www.estilguru.com\/fr\/wp-json\/wp\/v2\/media?parent=4420"}],"wp:term":[{"taxonomy":"product_brand","embeddable":true,"href":"https:\/\/www.estilguru.com\/fr\/wp-json\/wp\/v2\/product_brand?post=4420"},{"taxonomy":"product_cat","embeddable":true,"href":"https:\/\/www.estilguru.com\/fr\/wp-json\/wp\/v2\/product_cat?post=4420"},{"taxonomy":"product_tag","embeddable":true,"href":"https:\/\/www.estilguru.com\/fr\/wp-json\/wp\/v2\/product_tag?post=4420"}],"curies":[{"name":"wp","href":"https:\/\/api.w.org\/{rel}","templated":true}]}}