{"id":4418,"date":"2021-11-19T07:47:06","date_gmt":"2021-12-02T12:15:58","guid":{"rendered":"https:\/\/www.estilguru.com\/producto\/g-flex\/"},"modified":"2022-05-26T09:42:14","modified_gmt":"2022-05-26T09:42:14","slug":"g-flex","status":"publish","type":"product","link":"https:\/\/www.estilguru.com\/fr\/producto\/g-flex\/","title":{"rendered":"G-FLEX"},"content":{"rendered":"<p>G-FLEX est une feuille de d\u00e9couplage \u00e9tanche et anti-fracture qui est form\u00e9e d&rsquo;une membrane en poly\u00e9thyl\u00e8ne reli\u00e9e \u00e0 une feuille g\u00e9otextile, laissant entre elles des nodules d&rsquo;air libre en forme de cercles. Gr\u00e2ce \u00e0 cela, le r\u00e9sultat du rev\u00eatement des carreaux de c\u00e9ramique et de la pierre naturelle \u00e0 l&rsquo;ext\u00e9rieur et \u00e0 l&rsquo;int\u00e9rieur est am\u00e9lior\u00e9, mettant en \u00e9vidence l&rsquo;efficacit\u00e9 lorsqu&rsquo;il est install\u00e9 sur des substrats critiques; fissur\u00e9s, avec beaucoup de mouvement ou avec d&rsquo;\u00e9ventuelles contraintes de vapeur dues \u00e0 l&rsquo;humidit\u00e9 r\u00e9siduelle.<\/p>\n<p>La feuille G-FLEX imperm\u00e9abilise toute surface, qu&rsquo;elle soit ancienne ou nouvelle, humide ou s\u00e8che et fissur\u00e9e ou sujette \u00e0 des mouvements dimensionnels. Cela se produit gr\u00e2ce \u00e0 la compensation que cette feuille de liaison produit par retrait hygrom\u00e9trique et dilatation thermique. Il n&rsquo;a pas non plus de probl\u00e8mes avec les joints, car il n&rsquo;est pas n\u00e9cessaire de respecter les joints des supports dans les grandes installations.<\/p>\n<p>L&rsquo;un des points forts de la feuille G-FLEX est qu&rsquo;elle r\u00e9duit les temps de construction puisque l&rsquo;imperm\u00e9abilisation et la pose du rev\u00eatement se font sans d\u00e9lai, c&rsquo;est-\u00e0-dire que l&rsquo;installation est imm\u00e9diatement praticable.<\/p>\n","protected":false},"excerpt":{"rendered":"<p>G-FLEX est une feuille de d\u00e9solidarisation \u00e9tanche anti-fracture compos\u00e9e d&rsquo;une membrane en poly\u00e9thyl\u00e8ne fix\u00e9e \u00e0 une feuille g\u00e9otextile, laissant entre elles des nodules d&rsquo;air libres en forme de circonf\u00e9rences. Gr\u00e2ce \u00e0 cela, le r\u00e9sultat des carreaux de c\u00e9ramique ext\u00e9rieurs et int\u00e9rieurs et des rev\u00eatements en pierre naturelle est am\u00e9lior\u00e9, mettant en \u00e9vidence l&rsquo;efficacit\u00e9 lorsqu&rsquo;ils sont install\u00e9s sur des supports critiques\u00a0; fissur\u00e9, avec beaucoup de mouvement ou avec d&rsquo;\u00e9ventuelles tensions de vapeur dues \u00e0 l&rsquo;humidit\u00e9 r\u00e9siduelle.<\/p>\n<p>&nbsp;<\/p>\n","protected":false},"featured_media":2352,"template":"","meta":{"site-sidebar-layout":"default","site-content-layout":"default","ast-main-header-display":"","ast-hfb-above-header-display":"","ast-hfb-below-header-display":"","ast-hfb-mobile-header-display":"","site-post-title":"","ast-breadcrumbs-content":"","ast-featured-img":"","footer-sml-layout":"","theme-transparent-header-meta":"default","adv-header-id-meta":"","stick-header-meta":"","header-above-stick-meta":"","header-main-stick-meta":"","header-below-stick-meta":""},"product_brand":[],"product_cat":[192,187,177,188,125,88,98,111,108,120,94,85],"product_tag":[],"class_list":{"0":"post-4418","1":"product","2":"type-product","3":"status-publish","4":"has-post-thumbnail","6":"product_cat-decoupling","7":"product_cat-desolidarisation","8":"product_cat-desolidarizacao","9":"product_cat-disaccoppiamento","10":"product_cat-prodotti-per-limpermeabilizzazione","11":"product_cat-products-for-waterproofing","12":"product_cat-produits-detancheite","13":"product_cat-produtos-para-impermeabilizar","14":"product_cat-sistemas-de-impermeabilizacao","15":"product_cat-sistemi-di-impermeabilizzazione","16":"product_cat-systemes-detancheite","17":"product_cat-waterproofing-systems","19":"first","20":"instock","21":"shipping-taxable","22":"product-type-simple"},"yoast_head":"<!-- This site is optimized with the Yoast SEO plugin v27.1.1 - https:\/\/yoast.com\/product\/yoast-seo-wordpress\/ -->\n<title>G-FLEX - Estil Guru<\/title>\n<meta name=\"robots\" content=\"index, follow, max-snippet:-1, max-image-preview:large, max-video-preview:-1\" \/>\n<link rel=\"canonical\" href=\"https:\/\/www.estilguru.com\/fr\/feuilles-impermeables\/lamina-uncoupling-g-flex\/\" \/>\n<meta property=\"og:locale\" content=\"fr_FR\" \/>\n<meta property=\"og:type\" content=\"article\" \/>\n<meta property=\"og:title\" content=\"G-FLEX - Estil Guru\" \/>\n<meta property=\"og:description\" content=\"G-FLEX est une feuille de d\u00e9solidarisation \u00e9tanche anti-fracture compos\u00e9e d&#039;une membrane en poly\u00e9thyl\u00e8ne fix\u00e9e \u00e0 une feuille g\u00e9otextile, laissant entre elles des nodules d&#039;air libres en forme de circonf\u00e9rences. Gr\u00e2ce \u00e0 cela, le r\u00e9sultat des carreaux de c\u00e9ramique ext\u00e9rieurs et int\u00e9rieurs et des rev\u00eatements en pierre naturelle est am\u00e9lior\u00e9, mettant en \u00e9vidence l&#039;efficacit\u00e9 lorsqu&#039;ils sont install\u00e9s sur des supports critiques\u00a0; fissur\u00e9, avec beaucoup de mouvement ou avec d&#039;\u00e9ventuelles tensions de vapeur dues \u00e0 l&#039;humidit\u00e9 r\u00e9siduelle.  &nbsp;\" \/>\n<meta property=\"og:url\" content=\"https:\/\/www.estilguru.com\/fr\/feuilles-impermeables\/lamina-uncoupling-g-flex\/\" \/>\n<meta property=\"og:site_name\" content=\"Estil Guru\" \/>\n<meta property=\"article:modified_time\" content=\"2022-05-26T09:42:14+00:00\" \/>\n<meta property=\"og:image\" content=\"https:\/\/www.estilguru.com\/wp-content\/uploads\/2021\/11\/rollo-lamina-desolidarizante-g-flex-scaled.jpg\" \/>\n\t<meta property=\"og:image:width\" content=\"2000\" \/>\n\t<meta property=\"og:image:height\" content=\"1330\" \/>\n\t<meta property=\"og:image:type\" content=\"image\/jpeg\" \/>\n<meta name=\"twitter:card\" content=\"summary_large_image\" \/>\n<meta name=\"twitter:label1\" content=\"Dur\u00e9e de lecture estim\u00e9e\" \/>\n\t<meta name=\"twitter:data1\" content=\"1 minute\" \/>\n<script type=\"application\/ld+json\" class=\"yoast-schema-graph\">{\"@context\":\"https:\/\/schema.org\",\"@graph\":[{\"@type\":\"WebPage\",\"@id\":\"https:\/\/www.estilguru.com\/fr\/producto\/g-flex\/\",\"url\":\"https:\/\/www.estilguru.com\/fr\/feuilles-impermeables\/lamina-uncoupling-g-flex\/\",\"name\":\"G-FLEX - Estil Guru\",\"isPartOf\":{\"@id\":\"https:\/\/www.estilguru.com\/fr\/#website\"},\"primaryImageOfPage\":{\"@id\":\"https:\/\/www.estilguru.com\/fr\/feuilles-impermeables\/lamina-uncoupling-g-flex\/#primaryimage\"},\"image\":{\"@id\":\"https:\/\/www.estilguru.com\/fr\/feuilles-impermeables\/lamina-uncoupling-g-flex\/#primaryimage\"},\"thumbnailUrl\":\"https:\/\/www.estilguru.com\/wp-content\/uploads\/2021\/11\/rollo-lamina-desolidarizante-g-flex-scaled.jpg\",\"datePublished\":\"2021-12-02T12:15:58+00:00\",\"dateModified\":\"2022-05-26T09:42:14+00:00\",\"breadcrumb\":{\"@id\":\"https:\/\/www.estilguru.com\/fr\/feuilles-impermeables\/lamina-uncoupling-g-flex\/#breadcrumb\"},\"inLanguage\":\"fr-FR\",\"potentialAction\":[{\"@type\":\"ReadAction\",\"target\":[\"https:\/\/www.estilguru.com\/fr\/feuilles-impermeables\/lamina-uncoupling-g-flex\/\"]}]},{\"@type\":\"ImageObject\",\"inLanguage\":\"fr-FR\",\"@id\":\"https:\/\/www.estilguru.com\/fr\/feuilles-impermeables\/lamina-uncoupling-g-flex\/#primaryimage\",\"url\":\"https:\/\/www.estilguru.com\/wp-content\/uploads\/2021\/11\/rollo-lamina-desolidarizante-g-flex-scaled.jpg\",\"contentUrl\":\"https:\/\/www.estilguru.com\/wp-content\/uploads\/2021\/11\/rollo-lamina-desolidarizante-g-flex-scaled.jpg\",\"width\":2000,\"height\":1330,\"caption\":\"feuille g-flex install\u00e9e au sol\"},{\"@type\":\"BreadcrumbList\",\"@id\":\"https:\/\/www.estilguru.com\/fr\/feuilles-impermeables\/lamina-uncoupling-g-flex\/#breadcrumb\",\"itemListElement\":[{\"@type\":\"ListItem\",\"position\":1,\"name\":\"Home\",\"item\":\"https:\/\/www.estilguru.com\/fr\/\"},{\"@type\":\"ListItem\",\"position\":2,\"name\":\"Produits\",\"item\":\"https:\/\/www.estilguru.com\/fr\/shop\/\"},{\"@type\":\"ListItem\",\"position\":3,\"name\":\"G-FLEX\"}]},{\"@type\":\"WebSite\",\"@id\":\"https:\/\/www.estilguru.com\/fr\/#website\",\"url\":\"https:\/\/www.estilguru.com\/fr\/\",\"name\":\"Estil Guru\",\"description\":\"Sistemas de ducha e impermeabilizaci\u00f3n\",\"publisher\":{\"@id\":\"https:\/\/www.estilguru.com\/fr\/#organization\"},\"potentialAction\":[{\"@type\":\"SearchAction\",\"target\":{\"@type\":\"EntryPoint\",\"urlTemplate\":\"https:\/\/www.estilguru.com\/fr\/?s={search_term_string}\"},\"query-input\":{\"@type\":\"PropertyValueSpecification\",\"valueRequired\":true,\"valueName\":\"search_term_string\"}}],\"inLanguage\":\"fr-FR\"},{\"@type\":\"Organization\",\"@id\":\"https:\/\/www.estilguru.com\/fr\/#organization\",\"name\":\"Estil Guru\",\"url\":\"https:\/\/www.estilguru.com\/fr\/\",\"logo\":{\"@type\":\"ImageObject\",\"inLanguage\":\"fr-FR\",\"@id\":\"https:\/\/www.estilguru.com\/fr\/#\/schema\/logo\/image\/\",\"url\":\"https:\/\/www.estilguru.com\/wp-content\/uploads\/2022\/09\/LOGO-GURU-horizontal-centrado-01.png\",\"contentUrl\":\"https:\/\/www.estilguru.com\/wp-content\/uploads\/2022\/09\/LOGO-GURU-horizontal-centrado-01.png\",\"width\":2000,\"height\":663,\"caption\":\"Estil Guru\"},\"image\":{\"@id\":\"https:\/\/www.estilguru.com\/fr\/#\/schema\/logo\/image\/\"}}]}<\/script>\n<!-- \/ Yoast SEO plugin. -->","yoast_head_json":{"title":"G-FLEX - Estil Guru","robots":{"index":"index","follow":"follow","max-snippet":"max-snippet:-1","max-image-preview":"max-image-preview:large","max-video-preview":"max-video-preview:-1"},"canonical":"https:\/\/www.estilguru.com\/fr\/feuilles-impermeables\/lamina-uncoupling-g-flex\/","og_locale":"fr_FR","og_type":"article","og_title":"G-FLEX - Estil Guru","og_description":"G-FLEX est une feuille de d\u00e9solidarisation \u00e9tanche anti-fracture compos\u00e9e d'une membrane en poly\u00e9thyl\u00e8ne fix\u00e9e \u00e0 une feuille g\u00e9otextile, laissant entre elles des nodules d'air libres en forme de circonf\u00e9rences. Gr\u00e2ce \u00e0 cela, le r\u00e9sultat des carreaux de c\u00e9ramique ext\u00e9rieurs et int\u00e9rieurs et des rev\u00eatements en pierre naturelle est am\u00e9lior\u00e9, mettant en \u00e9vidence l'efficacit\u00e9 lorsqu'ils sont install\u00e9s sur des supports critiques\u00a0; fissur\u00e9, avec beaucoup de mouvement ou avec d'\u00e9ventuelles tensions de vapeur dues \u00e0 l'humidit\u00e9 r\u00e9siduelle.  &nbsp;","og_url":"https:\/\/www.estilguru.com\/fr\/feuilles-impermeables\/lamina-uncoupling-g-flex\/","og_site_name":"Estil Guru","article_modified_time":"2022-05-26T09:42:14+00:00","og_image":[{"width":2000,"height":1330,"url":"https:\/\/www.estilguru.com\/wp-content\/uploads\/2021\/11\/rollo-lamina-desolidarizante-g-flex-scaled.jpg","type":"image\/jpeg"}],"twitter_card":"summary_large_image","twitter_misc":{"Dur\u00e9e de lecture estim\u00e9e":"1 minute"},"schema":{"@context":"https:\/\/schema.org","@graph":[{"@type":"WebPage","@id":"https:\/\/www.estilguru.com\/fr\/producto\/g-flex\/","url":"https:\/\/www.estilguru.com\/fr\/feuilles-impermeables\/lamina-uncoupling-g-flex\/","name":"G-FLEX - Estil Guru","isPartOf":{"@id":"https:\/\/www.estilguru.com\/fr\/#website"},"primaryImageOfPage":{"@id":"https:\/\/www.estilguru.com\/fr\/feuilles-impermeables\/lamina-uncoupling-g-flex\/#primaryimage"},"image":{"@id":"https:\/\/www.estilguru.com\/fr\/feuilles-impermeables\/lamina-uncoupling-g-flex\/#primaryimage"},"thumbnailUrl":"https:\/\/www.estilguru.com\/wp-content\/uploads\/2021\/11\/rollo-lamina-desolidarizante-g-flex-scaled.jpg","datePublished":"2021-12-02T12:15:58+00:00","dateModified":"2022-05-26T09:42:14+00:00","breadcrumb":{"@id":"https:\/\/www.estilguru.com\/fr\/feuilles-impermeables\/lamina-uncoupling-g-flex\/#breadcrumb"},"inLanguage":"fr-FR","potentialAction":[{"@type":"ReadAction","target":["https:\/\/www.estilguru.com\/fr\/feuilles-impermeables\/lamina-uncoupling-g-flex\/"]}]},{"@type":"ImageObject","inLanguage":"fr-FR","@id":"https:\/\/www.estilguru.com\/fr\/feuilles-impermeables\/lamina-uncoupling-g-flex\/#primaryimage","url":"https:\/\/www.estilguru.com\/wp-content\/uploads\/2021\/11\/rollo-lamina-desolidarizante-g-flex-scaled.jpg","contentUrl":"https:\/\/www.estilguru.com\/wp-content\/uploads\/2021\/11\/rollo-lamina-desolidarizante-g-flex-scaled.jpg","width":2000,"height":1330,"caption":"feuille g-flex install\u00e9e au sol"},{"@type":"BreadcrumbList","@id":"https:\/\/www.estilguru.com\/fr\/feuilles-impermeables\/lamina-uncoupling-g-flex\/#breadcrumb","itemListElement":[{"@type":"ListItem","position":1,"name":"Home","item":"https:\/\/www.estilguru.com\/fr\/"},{"@type":"ListItem","position":2,"name":"Produits","item":"https:\/\/www.estilguru.com\/fr\/shop\/"},{"@type":"ListItem","position":3,"name":"G-FLEX"}]},{"@type":"WebSite","@id":"https:\/\/www.estilguru.com\/fr\/#website","url":"https:\/\/www.estilguru.com\/fr\/","name":"Estil Guru","description":"Sistemas de ducha e impermeabilizaci\u00f3n","publisher":{"@id":"https:\/\/www.estilguru.com\/fr\/#organization"},"potentialAction":[{"@type":"SearchAction","target":{"@type":"EntryPoint","urlTemplate":"https:\/\/www.estilguru.com\/fr\/?s={search_term_string}"},"query-input":{"@type":"PropertyValueSpecification","valueRequired":true,"valueName":"search_term_string"}}],"inLanguage":"fr-FR"},{"@type":"Organization","@id":"https:\/\/www.estilguru.com\/fr\/#organization","name":"Estil Guru","url":"https:\/\/www.estilguru.com\/fr\/","logo":{"@type":"ImageObject","inLanguage":"fr-FR","@id":"https:\/\/www.estilguru.com\/fr\/#\/schema\/logo\/image\/","url":"https:\/\/www.estilguru.com\/wp-content\/uploads\/2022\/09\/LOGO-GURU-horizontal-centrado-01.png","contentUrl":"https:\/\/www.estilguru.com\/wp-content\/uploads\/2022\/09\/LOGO-GURU-horizontal-centrado-01.png","width":2000,"height":663,"caption":"Estil Guru"},"image":{"@id":"https:\/\/www.estilguru.com\/fr\/#\/schema\/logo\/image\/"}}]}},"_links":{"self":[{"href":"https:\/\/www.estilguru.com\/fr\/wp-json\/wp\/v2\/product\/4418","targetHints":{"allow":["GET"]}}],"collection":[{"href":"https:\/\/www.estilguru.com\/fr\/wp-json\/wp\/v2\/product"}],"about":[{"href":"https:\/\/www.estilguru.com\/fr\/wp-json\/wp\/v2\/types\/product"}],"version-history":[{"count":0,"href":"https:\/\/www.estilguru.com\/fr\/wp-json\/wp\/v2\/product\/4418\/revisions"}],"wp:featuredmedia":[{"embeddable":true,"href":"https:\/\/www.estilguru.com\/fr\/wp-json\/wp\/v2\/media\/2352"}],"wp:attachment":[{"href":"https:\/\/www.estilguru.com\/fr\/wp-json\/wp\/v2\/media?parent=4418"}],"wp:term":[{"taxonomy":"product_brand","embeddable":true,"href":"https:\/\/www.estilguru.com\/fr\/wp-json\/wp\/v2\/product_brand?post=4418"},{"taxonomy":"product_cat","embeddable":true,"href":"https:\/\/www.estilguru.com\/fr\/wp-json\/wp\/v2\/product_cat?post=4418"},{"taxonomy":"product_tag","embeddable":true,"href":"https:\/\/www.estilguru.com\/fr\/wp-json\/wp\/v2\/product_tag?post=4418"}],"curies":[{"name":"wp","href":"https:\/\/api.w.org\/{rel}","templated":true}]}}