{"id":4394,"date":"2021-11-19T07:57:22","date_gmt":"2021-12-02T12:08:42","guid":{"rendered":"https:\/\/www.estilguru.com\/producto\/bande-de-securite\/"},"modified":"2022-05-26T09:41:35","modified_gmt":"2022-05-26T09:41:35","slug":"bande-de-securite","status":"publish","type":"product","link":"https:\/\/www.estilguru.com\/fr\/producto\/bande-de-securite\/","title":{"rendered":"Safeband"},"content":{"rendered":"<section class=\"has_eae_slider elementor-section elementor-top-section elementor-element elementor-element-ae74557 elementor-section-boxed elementor-section-height-default elementor-section-height-default\" data-id=\"ae74557\" data-element_type=\"section\">\n<div class=\"elementor-container elementor-column-gap-default\">\n<div class=\"has_eae_slider elementor-column elementor-col-100 elementor-top-column elementor-element elementor-element-1b37b82\" data-id=\"1b37b82\" data-element_type=\"column\">\n<div class=\"elementor-widget-wrap elementor-element-populated\">\n<div class=\"elementor-element elementor-element-a954d29 elementor-widget elementor-widget-text-editor\" data-id=\"a954d29\" data-element_type=\"widget\" data-widget_type=\"text-editor.default\">\n<div class=\"elementor-widget-container\">\n<p>SafeBand est une bande anti-fuite multiaxiale flexible pour assurer l&rsquo;\u00e9tanch\u00e9it\u00e9 des joints avec les murs et les sols lors de l&rsquo;installation de receveurs de douche, baignoires et autres appareils sanitaires. C&rsquo;est un compl\u00e9ment parfait pour l&rsquo;installation de receveurs de douche et de baignoires pr\u00e9fabriqu\u00e9es.<\/p>\n<p>Sa conception exclusive brevet\u00e9e par ESTIL GURU assure une fixation solide ainsi qu&rsquo;une double barri\u00e8re aux fuites entre le WC, le sol et les murs environnants.<\/p>\n<p><b>SafeBand r\u00e9pond aux exigences de la norme DIN 18534 et a \u00e9t\u00e9 test\u00e9 par l&rsquo;<\/b> <strong>institut de test ind\u00e9pendant Kiwa selon ETAG 022-2.<\/strong><\/p>\n<\/div>\n<\/div>\n<\/div>\n<\/div>\n<\/div>\n<\/section>\n<section class=\"has_eae_slider elementor-section elementor-top-section elementor-element elementor-element-f130b78 elementor-section-boxed elementor-section-height-default elementor-section-height-default\" data-id=\"f130b78\" data-element_type=\"section\">\n<div class=\"elementor-container elementor-column-gap-default\">\n<div class=\"has_eae_slider elementor-column elementor-col-100 elementor-top-column elementor-element elementor-element-260edfc\" data-id=\"260edfc\" data-element_type=\"column\">\n<div class=\"elementor-widget-wrap elementor-element-populated\">\n<div class=\"elementor-element elementor-element-f8cb6ec elementor-aspect-ratio-169 elementor-widget elementor-widget-video\" data-id=\"f8cb6ec\" data-element_type=\"widget\" data-settings=\"{\" data-widget_type=\"video.default\">\n<div class=\"elementor-widget-container\">\n<div class=\"elementor-wrapper elementor-fit-aspect-ratio elementor-open-inline\"><\/div>\n<\/div>\n<\/div>\n<\/div>\n<\/div>\n<\/div>\n<\/section>\n","protected":false},"excerpt":{"rendered":"<p>SafeBand est une bande anti-fuite multiaxiale flexible pour assurer l&rsquo;\u00e9tanch\u00e9it\u00e9 des joints avec les murs et les sols lors de l&rsquo;installation de receveurs de douche, baignoires et autres appareils sanitaires. C&rsquo;est un compl\u00e9ment parfait pour l&rsquo;installation de receveurs de douche et de baignoires pr\u00e9fabriqu\u00e9es.<\/p>\n<p>&nbsp;<\/p>\n","protected":false},"featured_media":13044,"template":"","meta":{"site-sidebar-layout":"default","site-content-layout":"default","ast-main-header-display":"","ast-hfb-above-header-display":"","ast-hfb-below-header-display":"","ast-hfb-mobile-header-display":"","site-post-title":"","ast-breadcrumbs-content":"","ast-featured-img":"","footer-sml-layout":"","theme-transparent-header-meta":"default","adv-header-id-meta":"","stick-header-meta":"","header-above-stick-meta":"","header-main-stick-meta":"","header-below-stick-meta":""},"product_brand":[],"product_cat":[125,88,98,111,108,120,94,85],"product_tag":[179,180,189,178],"class_list":{"0":"post-4394","1":"product","2":"type-product","3":"status-publish","4":"has-post-thumbnail","6":"product_cat-prodotti-per-limpermeabilizzazione","7":"product_cat-products-for-waterproofing","8":"product_cat-produits-detancheite","9":"product_cat-produtos-para-impermeabilizar","10":"product_cat-sistemas-de-impermeabilizacao","11":"product_cat-sistemi-di-impermeabilizzazione","12":"product_cat-systemes-detancheite","13":"product_cat-waterproofing-systems","14":"product_tag-feuille-impermeable","15":"product_tag-foglio-impermeabile","16":"product_tag-folha-impermeavel","17":"product_tag-waterproof-sheet","19":"first","20":"instock","21":"shipping-taxable","22":"product-type-simple"},"yoast_head":"<!-- This site is optimized with the Yoast SEO plugin v27.1.1 - https:\/\/yoast.com\/product\/yoast-seo-wordpress\/ -->\n<title>Safeband - Estil Guru<\/title>\n<meta name=\"robots\" content=\"index, follow, max-snippet:-1, max-image-preview:large, max-video-preview:-1\" \/>\n<link rel=\"canonical\" href=\"https:\/\/www.estilguru.com\/fr\/feuilles-impermeables\/bande-de-securite\/\" \/>\n<meta property=\"og:locale\" content=\"fr_FR\" \/>\n<meta property=\"og:type\" content=\"article\" \/>\n<meta property=\"og:title\" content=\"Safeband - Estil Guru\" \/>\n<meta property=\"og:description\" content=\"SafeBand est une bande anti-fuite multiaxiale flexible pour assurer l&#039;\u00e9tanch\u00e9it\u00e9 des joints avec les murs et les sols lors de l&#039;installation de receveurs de douche, baignoires et autres appareils sanitaires. C&#039;est un compl\u00e9ment parfait pour l&#039;installation de receveurs de douche et de baignoires pr\u00e9fabriqu\u00e9es.  &nbsp;\" \/>\n<meta property=\"og:url\" content=\"https:\/\/www.estilguru.com\/fr\/feuilles-impermeables\/bande-de-securite\/\" \/>\n<meta property=\"og:site_name\" content=\"Estil Guru\" \/>\n<meta property=\"article:modified_time\" content=\"2022-05-26T09:41:35+00:00\" \/>\n<meta property=\"og:image\" content=\"https:\/\/www.estilguru.com\/wp-content\/uploads\/2021\/11\/SAFEBAND-2.jpg\" \/>\n\t<meta property=\"og:image:width\" content=\"1399\" \/>\n\t<meta property=\"og:image:height\" content=\"860\" \/>\n\t<meta property=\"og:image:type\" content=\"image\/jpeg\" \/>\n<meta name=\"twitter:card\" content=\"summary_large_image\" \/>\n<meta name=\"twitter:label1\" content=\"Dur\u00e9e de lecture estim\u00e9e\" \/>\n\t<meta name=\"twitter:data1\" content=\"1 minute\" \/>\n<script type=\"application\/ld+json\" class=\"yoast-schema-graph\">{\"@context\":\"https:\/\/schema.org\",\"@graph\":[{\"@type\":\"WebPage\",\"@id\":\"https:\/\/www.estilguru.com\/fr\/producto\/bande-de-securite\/\",\"url\":\"https:\/\/www.estilguru.com\/fr\/feuilles-impermeables\/bande-de-securite\/\",\"name\":\"Safeband - Estil Guru\",\"isPartOf\":{\"@id\":\"https:\/\/www.estilguru.com\/fr\/#website\"},\"primaryImageOfPage\":{\"@id\":\"https:\/\/www.estilguru.com\/fr\/feuilles-impermeables\/bande-de-securite\/#primaryimage\"},\"image\":{\"@id\":\"https:\/\/www.estilguru.com\/fr\/feuilles-impermeables\/bande-de-securite\/#primaryimage\"},\"thumbnailUrl\":\"https:\/\/www.estilguru.com\/wp-content\/uploads\/2021\/11\/SAFEBAND-2.jpg\",\"datePublished\":\"2021-12-02T12:08:42+00:00\",\"dateModified\":\"2022-05-26T09:41:35+00:00\",\"breadcrumb\":{\"@id\":\"https:\/\/www.estilguru.com\/fr\/feuilles-impermeables\/bande-de-securite\/#breadcrumb\"},\"inLanguage\":\"fr-FR\",\"potentialAction\":[{\"@type\":\"ReadAction\",\"target\":[\"https:\/\/www.estilguru.com\/fr\/feuilles-impermeables\/bande-de-securite\/\"]}]},{\"@type\":\"ImageObject\",\"inLanguage\":\"fr-FR\",\"@id\":\"https:\/\/www.estilguru.com\/fr\/feuilles-impermeables\/bande-de-securite\/#primaryimage\",\"url\":\"https:\/\/www.estilguru.com\/wp-content\/uploads\/2021\/11\/SAFEBAND-2.jpg\",\"contentUrl\":\"https:\/\/www.estilguru.com\/wp-content\/uploads\/2021\/11\/SAFEBAND-2.jpg\",\"width\":1399,\"height\":860,\"caption\":\"safeband banda selladora para platos de ducha de resina\"},{\"@type\":\"BreadcrumbList\",\"@id\":\"https:\/\/www.estilguru.com\/fr\/feuilles-impermeables\/bande-de-securite\/#breadcrumb\",\"itemListElement\":[{\"@type\":\"ListItem\",\"position\":1,\"name\":\"Home\",\"item\":\"https:\/\/www.estilguru.com\/fr\/\"},{\"@type\":\"ListItem\",\"position\":2,\"name\":\"Produits\",\"item\":\"https:\/\/www.estilguru.com\/fr\/shop\/\"},{\"@type\":\"ListItem\",\"position\":3,\"name\":\"Safeband\"}]},{\"@type\":\"WebSite\",\"@id\":\"https:\/\/www.estilguru.com\/fr\/#website\",\"url\":\"https:\/\/www.estilguru.com\/fr\/\",\"name\":\"Estil Guru\",\"description\":\"Sistemas de ducha e impermeabilizaci\u00f3n\",\"publisher\":{\"@id\":\"https:\/\/www.estilguru.com\/fr\/#organization\"},\"potentialAction\":[{\"@type\":\"SearchAction\",\"target\":{\"@type\":\"EntryPoint\",\"urlTemplate\":\"https:\/\/www.estilguru.com\/fr\/?s={search_term_string}\"},\"query-input\":{\"@type\":\"PropertyValueSpecification\",\"valueRequired\":true,\"valueName\":\"search_term_string\"}}],\"inLanguage\":\"fr-FR\"},{\"@type\":\"Organization\",\"@id\":\"https:\/\/www.estilguru.com\/fr\/#organization\",\"name\":\"Estil Guru\",\"url\":\"https:\/\/www.estilguru.com\/fr\/\",\"logo\":{\"@type\":\"ImageObject\",\"inLanguage\":\"fr-FR\",\"@id\":\"https:\/\/www.estilguru.com\/fr\/#\/schema\/logo\/image\/\",\"url\":\"https:\/\/www.estilguru.com\/wp-content\/uploads\/2022\/09\/LOGO-GURU-horizontal-centrado-01.png\",\"contentUrl\":\"https:\/\/www.estilguru.com\/wp-content\/uploads\/2022\/09\/LOGO-GURU-horizontal-centrado-01.png\",\"width\":2000,\"height\":663,\"caption\":\"Estil Guru\"},\"image\":{\"@id\":\"https:\/\/www.estilguru.com\/fr\/#\/schema\/logo\/image\/\"}}]}<\/script>\n<!-- \/ Yoast SEO plugin. -->","yoast_head_json":{"title":"Safeband - Estil Guru","robots":{"index":"index","follow":"follow","max-snippet":"max-snippet:-1","max-image-preview":"max-image-preview:large","max-video-preview":"max-video-preview:-1"},"canonical":"https:\/\/www.estilguru.com\/fr\/feuilles-impermeables\/bande-de-securite\/","og_locale":"fr_FR","og_type":"article","og_title":"Safeband - Estil Guru","og_description":"SafeBand est une bande anti-fuite multiaxiale flexible pour assurer l'\u00e9tanch\u00e9it\u00e9 des joints avec les murs et les sols lors de l'installation de receveurs de douche, baignoires et autres appareils sanitaires. C'est un compl\u00e9ment parfait pour l'installation de receveurs de douche et de baignoires pr\u00e9fabriqu\u00e9es.  &nbsp;","og_url":"https:\/\/www.estilguru.com\/fr\/feuilles-impermeables\/bande-de-securite\/","og_site_name":"Estil Guru","article_modified_time":"2022-05-26T09:41:35+00:00","og_image":[{"width":1399,"height":860,"url":"https:\/\/www.estilguru.com\/wp-content\/uploads\/2021\/11\/SAFEBAND-2.jpg","type":"image\/jpeg"}],"twitter_card":"summary_large_image","twitter_misc":{"Dur\u00e9e de lecture estim\u00e9e":"1 minute"},"schema":{"@context":"https:\/\/schema.org","@graph":[{"@type":"WebPage","@id":"https:\/\/www.estilguru.com\/fr\/producto\/bande-de-securite\/","url":"https:\/\/www.estilguru.com\/fr\/feuilles-impermeables\/bande-de-securite\/","name":"Safeband - Estil Guru","isPartOf":{"@id":"https:\/\/www.estilguru.com\/fr\/#website"},"primaryImageOfPage":{"@id":"https:\/\/www.estilguru.com\/fr\/feuilles-impermeables\/bande-de-securite\/#primaryimage"},"image":{"@id":"https:\/\/www.estilguru.com\/fr\/feuilles-impermeables\/bande-de-securite\/#primaryimage"},"thumbnailUrl":"https:\/\/www.estilguru.com\/wp-content\/uploads\/2021\/11\/SAFEBAND-2.jpg","datePublished":"2021-12-02T12:08:42+00:00","dateModified":"2022-05-26T09:41:35+00:00","breadcrumb":{"@id":"https:\/\/www.estilguru.com\/fr\/feuilles-impermeables\/bande-de-securite\/#breadcrumb"},"inLanguage":"fr-FR","potentialAction":[{"@type":"ReadAction","target":["https:\/\/www.estilguru.com\/fr\/feuilles-impermeables\/bande-de-securite\/"]}]},{"@type":"ImageObject","inLanguage":"fr-FR","@id":"https:\/\/www.estilguru.com\/fr\/feuilles-impermeables\/bande-de-securite\/#primaryimage","url":"https:\/\/www.estilguru.com\/wp-content\/uploads\/2021\/11\/SAFEBAND-2.jpg","contentUrl":"https:\/\/www.estilguru.com\/wp-content\/uploads\/2021\/11\/SAFEBAND-2.jpg","width":1399,"height":860,"caption":"safeband banda selladora para platos de ducha de resina"},{"@type":"BreadcrumbList","@id":"https:\/\/www.estilguru.com\/fr\/feuilles-impermeables\/bande-de-securite\/#breadcrumb","itemListElement":[{"@type":"ListItem","position":1,"name":"Home","item":"https:\/\/www.estilguru.com\/fr\/"},{"@type":"ListItem","position":2,"name":"Produits","item":"https:\/\/www.estilguru.com\/fr\/shop\/"},{"@type":"ListItem","position":3,"name":"Safeband"}]},{"@type":"WebSite","@id":"https:\/\/www.estilguru.com\/fr\/#website","url":"https:\/\/www.estilguru.com\/fr\/","name":"Estil Guru","description":"Sistemas de ducha e impermeabilizaci\u00f3n","publisher":{"@id":"https:\/\/www.estilguru.com\/fr\/#organization"},"potentialAction":[{"@type":"SearchAction","target":{"@type":"EntryPoint","urlTemplate":"https:\/\/www.estilguru.com\/fr\/?s={search_term_string}"},"query-input":{"@type":"PropertyValueSpecification","valueRequired":true,"valueName":"search_term_string"}}],"inLanguage":"fr-FR"},{"@type":"Organization","@id":"https:\/\/www.estilguru.com\/fr\/#organization","name":"Estil Guru","url":"https:\/\/www.estilguru.com\/fr\/","logo":{"@type":"ImageObject","inLanguage":"fr-FR","@id":"https:\/\/www.estilguru.com\/fr\/#\/schema\/logo\/image\/","url":"https:\/\/www.estilguru.com\/wp-content\/uploads\/2022\/09\/LOGO-GURU-horizontal-centrado-01.png","contentUrl":"https:\/\/www.estilguru.com\/wp-content\/uploads\/2022\/09\/LOGO-GURU-horizontal-centrado-01.png","width":2000,"height":663,"caption":"Estil Guru"},"image":{"@id":"https:\/\/www.estilguru.com\/fr\/#\/schema\/logo\/image\/"}}]}},"_links":{"self":[{"href":"https:\/\/www.estilguru.com\/fr\/wp-json\/wp\/v2\/product\/4394","targetHints":{"allow":["GET"]}}],"collection":[{"href":"https:\/\/www.estilguru.com\/fr\/wp-json\/wp\/v2\/product"}],"about":[{"href":"https:\/\/www.estilguru.com\/fr\/wp-json\/wp\/v2\/types\/product"}],"version-history":[{"count":0,"href":"https:\/\/www.estilguru.com\/fr\/wp-json\/wp\/v2\/product\/4394\/revisions"}],"wp:featuredmedia":[{"embeddable":true,"href":"https:\/\/www.estilguru.com\/fr\/wp-json\/wp\/v2\/media\/13044"}],"wp:attachment":[{"href":"https:\/\/www.estilguru.com\/fr\/wp-json\/wp\/v2\/media?parent=4394"}],"wp:term":[{"taxonomy":"product_brand","embeddable":true,"href":"https:\/\/www.estilguru.com\/fr\/wp-json\/wp\/v2\/product_brand?post=4394"},{"taxonomy":"product_cat","embeddable":true,"href":"https:\/\/www.estilguru.com\/fr\/wp-json\/wp\/v2\/product_cat?post=4394"},{"taxonomy":"product_tag","embeddable":true,"href":"https:\/\/www.estilguru.com\/fr\/wp-json\/wp\/v2\/product_tag?post=4394"}],"curies":[{"name":"wp","href":"https:\/\/api.w.org\/{rel}","templated":true}]}}