{"id":4382,"date":"2021-11-19T07:39:17","date_gmt":"2021-12-02T12:08:41","guid":{"rendered":"https:\/\/www.estilguru.com\/producto\/eau-arret-air\/"},"modified":"2022-05-26T09:43:32","modified_gmt":"2022-05-26T09:43:32","slug":"eau-arret-air","status":"publish","type":"product","link":"https:\/\/www.estilguru.com\/fr\/producto\/eau-arret-air\/","title":{"rendered":"WS AIR"},"content":{"rendered":"<p>Notre feuille \u00e9tanche pour toitures WS AIR est sp\u00e9cialement con\u00e7ue pour le contr\u00f4le de la vapeur sur les toits en pente et les fa\u00e7ades ventil\u00e9es \u00e0 installer sous la protection et sur la structure porteuse, supportant les poutres sur le tablier (dalle b\u00e9ton, bois, panneaux&#8230;) ou directement sur l&rsquo;isolation thermique.<\/p>\n<p>La feuille imperm\u00e9able et respirante pour toitures se distingue par sa r\u00e9sistance, sa l\u00e9g\u00e8ret\u00e9 et sa facilit\u00e9 d&rsquo;installation. Il est recommand\u00e9 pour une utilisation sur les toits avec une pente sup\u00e9rieure \u00e0 6% (conform\u00e9ment \u00e0 la norme EN 13859-1) comme imperm\u00e9abilisant respirant et barri\u00e8re aux courants d&rsquo;air, am\u00e9liorant l&rsquo;efficacit\u00e9 de l&rsquo;isolation thermique et emp\u00eachant les fuites de poussi\u00e8re et d&rsquo;insectes.<\/p>\n","protected":false},"excerpt":{"rendered":"<p>Notre feuille \u00e9tanche pour toitures WS AIR est sp\u00e9cialement con\u00e7ue pour le contr\u00f4le de la vapeur sur les toits en pente et les fa\u00e7ades ventil\u00e9es \u00e0 installer sous la protection et sur la structure porteuse, supportant les poutres sur le tablier (dalle b\u00e9ton, bois, panneaux&#8230;) ou directement sur l&rsquo;isolation thermique.<\/p>\n<p>&nbsp;<\/p>\n","protected":false},"featured_media":2524,"template":"","meta":{"site-sidebar-layout":"default","site-content-layout":"default","ast-main-header-display":"","ast-hfb-above-header-display":"","ast-hfb-below-header-display":"","ast-hfb-mobile-header-display":"","site-post-title":"","ast-breadcrumbs-content":"","ast-featured-img":"","footer-sml-layout":"","theme-transparent-header-meta":"default","adv-header-id-meta":"","stick-header-meta":"","header-above-stick-meta":"","header-main-stick-meta":"","header-below-stick-meta":""},"product_brand":[],"product_cat":[125,98,111,108,120,94],"product_tag":[179,180,189],"class_list":{"0":"post-4382","1":"product","2":"type-product","3":"status-publish","4":"has-post-thumbnail","6":"product_cat-prodotti-per-limpermeabilizzazione","7":"product_cat-produits-detancheite","8":"product_cat-produtos-para-impermeabilizar","9":"product_cat-sistemas-de-impermeabilizacao","10":"product_cat-sistemi-di-impermeabilizzazione","11":"product_cat-systemes-detancheite","12":"product_tag-feuille-impermeable","13":"product_tag-foglio-impermeabile","14":"product_tag-folha-impermeavel","16":"first","17":"instock","18":"shipping-taxable","19":"product-type-simple"},"yoast_head":"<!-- This site is optimized with the Yoast SEO plugin v27.1.1 - https:\/\/yoast.com\/product\/yoast-seo-wordpress\/ -->\n<title>WS AIR - Estil Guru<\/title>\n<meta name=\"robots\" content=\"index, follow, max-snippet:-1, max-image-preview:large, max-video-preview:-1\" \/>\n<link rel=\"canonical\" href=\"https:\/\/www.estilguru.com\/fr\/feuilles-impermeables\/ws-air\/\" \/>\n<meta property=\"og:locale\" content=\"fr_FR\" \/>\n<meta property=\"og:type\" content=\"article\" \/>\n<meta property=\"og:title\" content=\"WS AIR - Estil Guru\" \/>\n<meta property=\"og:description\" content=\"Notre feuille \u00e9tanche pour toitures WS AIR est sp\u00e9cialement con\u00e7ue pour le contr\u00f4le de la vapeur sur les toits en pente et les fa\u00e7ades ventil\u00e9es \u00e0 installer sous la protection et sur la structure porteuse, supportant les poutres sur le tablier (dalle b\u00e9ton, bois, panneaux...) ou directement sur l&#039;isolation thermique.  &nbsp;\" \/>\n<meta property=\"og:url\" content=\"https:\/\/www.estilguru.com\/fr\/feuilles-impermeables\/ws-air\/\" \/>\n<meta property=\"og:site_name\" content=\"Estil Guru\" \/>\n<meta property=\"article:modified_time\" content=\"2022-05-26T09:43:32+00:00\" \/>\n<meta property=\"og:image\" content=\"https:\/\/www.estilguru.com\/wp-content\/uploads\/2021\/11\/water-stop-air-1-scaled.jpg\" \/>\n\t<meta property=\"og:image:width\" content=\"2000\" \/>\n\t<meta property=\"og:image:height\" content=\"1382\" \/>\n\t<meta property=\"og:image:type\" content=\"image\/jpeg\" \/>\n<meta name=\"twitter:card\" content=\"summary_large_image\" \/>\n<meta name=\"twitter:label1\" content=\"Dur\u00e9e de lecture estim\u00e9e\" \/>\n\t<meta name=\"twitter:data1\" content=\"1 minute\" \/>\n<script type=\"application\/ld+json\" class=\"yoast-schema-graph\">{\"@context\":\"https:\/\/schema.org\",\"@graph\":[{\"@type\":\"WebPage\",\"@id\":\"https:\/\/www.estilguru.com\/fr\/producto\/eau-arret-air\/\",\"url\":\"https:\/\/www.estilguru.com\/fr\/feuilles-impermeables\/ws-air\/\",\"name\":\"WS AIR - Estil Guru\",\"isPartOf\":{\"@id\":\"https:\/\/www.estilguru.com\/fr\/#website\"},\"primaryImageOfPage\":{\"@id\":\"https:\/\/www.estilguru.com\/fr\/feuilles-impermeables\/ws-air\/#primaryimage\"},\"image\":{\"@id\":\"https:\/\/www.estilguru.com\/fr\/feuilles-impermeables\/ws-air\/#primaryimage\"},\"thumbnailUrl\":\"https:\/\/www.estilguru.com\/wp-content\/uploads\/2021\/11\/water-stop-air-1-scaled.jpg\",\"datePublished\":\"2021-12-02T12:08:41+00:00\",\"dateModified\":\"2022-05-26T09:43:32+00:00\",\"breadcrumb\":{\"@id\":\"https:\/\/www.estilguru.com\/fr\/feuilles-impermeables\/ws-air\/#breadcrumb\"},\"inLanguage\":\"fr-FR\",\"potentialAction\":[{\"@type\":\"ReadAction\",\"target\":[\"https:\/\/www.estilguru.com\/fr\/feuilles-impermeables\/ws-air\/\"]}]},{\"@type\":\"ImageObject\",\"inLanguage\":\"fr-FR\",\"@id\":\"https:\/\/www.estilguru.com\/fr\/feuilles-impermeables\/ws-air\/#primaryimage\",\"url\":\"https:\/\/www.estilguru.com\/wp-content\/uploads\/2021\/11\/water-stop-air-1-scaled.jpg\",\"contentUrl\":\"https:\/\/www.estilguru.com\/wp-content\/uploads\/2021\/11\/water-stop-air-1-scaled.jpg\",\"width\":2000,\"height\":1382,\"caption\":\"Rouleau de feuille WS AIR imperm\u00e9able et respirante pour toitures\"},{\"@type\":\"BreadcrumbList\",\"@id\":\"https:\/\/www.estilguru.com\/fr\/feuilles-impermeables\/ws-air\/#breadcrumb\",\"itemListElement\":[{\"@type\":\"ListItem\",\"position\":1,\"name\":\"Home\",\"item\":\"https:\/\/www.estilguru.com\/fr\/\"},{\"@type\":\"ListItem\",\"position\":2,\"name\":\"Produits\",\"item\":\"https:\/\/www.estilguru.com\/fr\/shop\/\"},{\"@type\":\"ListItem\",\"position\":3,\"name\":\"WS AIR\"}]},{\"@type\":\"WebSite\",\"@id\":\"https:\/\/www.estilguru.com\/fr\/#website\",\"url\":\"https:\/\/www.estilguru.com\/fr\/\",\"name\":\"Estil Guru\",\"description\":\"Sistemas de ducha e impermeabilizaci\u00f3n\",\"publisher\":{\"@id\":\"https:\/\/www.estilguru.com\/fr\/#organization\"},\"potentialAction\":[{\"@type\":\"SearchAction\",\"target\":{\"@type\":\"EntryPoint\",\"urlTemplate\":\"https:\/\/www.estilguru.com\/fr\/?s={search_term_string}\"},\"query-input\":{\"@type\":\"PropertyValueSpecification\",\"valueRequired\":true,\"valueName\":\"search_term_string\"}}],\"inLanguage\":\"fr-FR\"},{\"@type\":\"Organization\",\"@id\":\"https:\/\/www.estilguru.com\/fr\/#organization\",\"name\":\"Estil Guru\",\"url\":\"https:\/\/www.estilguru.com\/fr\/\",\"logo\":{\"@type\":\"ImageObject\",\"inLanguage\":\"fr-FR\",\"@id\":\"https:\/\/www.estilguru.com\/fr\/#\/schema\/logo\/image\/\",\"url\":\"https:\/\/www.estilguru.com\/wp-content\/uploads\/2022\/09\/LOGO-GURU-horizontal-centrado-01.png\",\"contentUrl\":\"https:\/\/www.estilguru.com\/wp-content\/uploads\/2022\/09\/LOGO-GURU-horizontal-centrado-01.png\",\"width\":2000,\"height\":663,\"caption\":\"Estil Guru\"},\"image\":{\"@id\":\"https:\/\/www.estilguru.com\/fr\/#\/schema\/logo\/image\/\"}}]}<\/script>\n<!-- \/ Yoast SEO plugin. -->","yoast_head_json":{"title":"WS AIR - Estil Guru","robots":{"index":"index","follow":"follow","max-snippet":"max-snippet:-1","max-image-preview":"max-image-preview:large","max-video-preview":"max-video-preview:-1"},"canonical":"https:\/\/www.estilguru.com\/fr\/feuilles-impermeables\/ws-air\/","og_locale":"fr_FR","og_type":"article","og_title":"WS AIR - Estil Guru","og_description":"Notre feuille \u00e9tanche pour toitures WS AIR est sp\u00e9cialement con\u00e7ue pour le contr\u00f4le de la vapeur sur les toits en pente et les fa\u00e7ades ventil\u00e9es \u00e0 installer sous la protection et sur la structure porteuse, supportant les poutres sur le tablier (dalle b\u00e9ton, bois, panneaux...) ou directement sur l'isolation thermique.  &nbsp;","og_url":"https:\/\/www.estilguru.com\/fr\/feuilles-impermeables\/ws-air\/","og_site_name":"Estil Guru","article_modified_time":"2022-05-26T09:43:32+00:00","og_image":[{"width":2000,"height":1382,"url":"https:\/\/www.estilguru.com\/wp-content\/uploads\/2021\/11\/water-stop-air-1-scaled.jpg","type":"image\/jpeg"}],"twitter_card":"summary_large_image","twitter_misc":{"Dur\u00e9e de lecture estim\u00e9e":"1 minute"},"schema":{"@context":"https:\/\/schema.org","@graph":[{"@type":"WebPage","@id":"https:\/\/www.estilguru.com\/fr\/producto\/eau-arret-air\/","url":"https:\/\/www.estilguru.com\/fr\/feuilles-impermeables\/ws-air\/","name":"WS AIR - Estil Guru","isPartOf":{"@id":"https:\/\/www.estilguru.com\/fr\/#website"},"primaryImageOfPage":{"@id":"https:\/\/www.estilguru.com\/fr\/feuilles-impermeables\/ws-air\/#primaryimage"},"image":{"@id":"https:\/\/www.estilguru.com\/fr\/feuilles-impermeables\/ws-air\/#primaryimage"},"thumbnailUrl":"https:\/\/www.estilguru.com\/wp-content\/uploads\/2021\/11\/water-stop-air-1-scaled.jpg","datePublished":"2021-12-02T12:08:41+00:00","dateModified":"2022-05-26T09:43:32+00:00","breadcrumb":{"@id":"https:\/\/www.estilguru.com\/fr\/feuilles-impermeables\/ws-air\/#breadcrumb"},"inLanguage":"fr-FR","potentialAction":[{"@type":"ReadAction","target":["https:\/\/www.estilguru.com\/fr\/feuilles-impermeables\/ws-air\/"]}]},{"@type":"ImageObject","inLanguage":"fr-FR","@id":"https:\/\/www.estilguru.com\/fr\/feuilles-impermeables\/ws-air\/#primaryimage","url":"https:\/\/www.estilguru.com\/wp-content\/uploads\/2021\/11\/water-stop-air-1-scaled.jpg","contentUrl":"https:\/\/www.estilguru.com\/wp-content\/uploads\/2021\/11\/water-stop-air-1-scaled.jpg","width":2000,"height":1382,"caption":"Rouleau de feuille WS AIR imperm\u00e9able et respirante pour toitures"},{"@type":"BreadcrumbList","@id":"https:\/\/www.estilguru.com\/fr\/feuilles-impermeables\/ws-air\/#breadcrumb","itemListElement":[{"@type":"ListItem","position":1,"name":"Home","item":"https:\/\/www.estilguru.com\/fr\/"},{"@type":"ListItem","position":2,"name":"Produits","item":"https:\/\/www.estilguru.com\/fr\/shop\/"},{"@type":"ListItem","position":3,"name":"WS AIR"}]},{"@type":"WebSite","@id":"https:\/\/www.estilguru.com\/fr\/#website","url":"https:\/\/www.estilguru.com\/fr\/","name":"Estil Guru","description":"Sistemas de ducha e impermeabilizaci\u00f3n","publisher":{"@id":"https:\/\/www.estilguru.com\/fr\/#organization"},"potentialAction":[{"@type":"SearchAction","target":{"@type":"EntryPoint","urlTemplate":"https:\/\/www.estilguru.com\/fr\/?s={search_term_string}"},"query-input":{"@type":"PropertyValueSpecification","valueRequired":true,"valueName":"search_term_string"}}],"inLanguage":"fr-FR"},{"@type":"Organization","@id":"https:\/\/www.estilguru.com\/fr\/#organization","name":"Estil Guru","url":"https:\/\/www.estilguru.com\/fr\/","logo":{"@type":"ImageObject","inLanguage":"fr-FR","@id":"https:\/\/www.estilguru.com\/fr\/#\/schema\/logo\/image\/","url":"https:\/\/www.estilguru.com\/wp-content\/uploads\/2022\/09\/LOGO-GURU-horizontal-centrado-01.png","contentUrl":"https:\/\/www.estilguru.com\/wp-content\/uploads\/2022\/09\/LOGO-GURU-horizontal-centrado-01.png","width":2000,"height":663,"caption":"Estil Guru"},"image":{"@id":"https:\/\/www.estilguru.com\/fr\/#\/schema\/logo\/image\/"}}]}},"_links":{"self":[{"href":"https:\/\/www.estilguru.com\/fr\/wp-json\/wp\/v2\/product\/4382","targetHints":{"allow":["GET"]}}],"collection":[{"href":"https:\/\/www.estilguru.com\/fr\/wp-json\/wp\/v2\/product"}],"about":[{"href":"https:\/\/www.estilguru.com\/fr\/wp-json\/wp\/v2\/types\/product"}],"version-history":[{"count":0,"href":"https:\/\/www.estilguru.com\/fr\/wp-json\/wp\/v2\/product\/4382\/revisions"}],"wp:featuredmedia":[{"embeddable":true,"href":"https:\/\/www.estilguru.com\/fr\/wp-json\/wp\/v2\/media\/2524"}],"wp:attachment":[{"href":"https:\/\/www.estilguru.com\/fr\/wp-json\/wp\/v2\/media?parent=4382"}],"wp:term":[{"taxonomy":"product_brand","embeddable":true,"href":"https:\/\/www.estilguru.com\/fr\/wp-json\/wp\/v2\/product_brand?post=4382"},{"taxonomy":"product_cat","embeddable":true,"href":"https:\/\/www.estilguru.com\/fr\/wp-json\/wp\/v2\/product_cat?post=4382"},{"taxonomy":"product_tag","embeddable":true,"href":"https:\/\/www.estilguru.com\/fr\/wp-json\/wp\/v2\/product_tag?post=4382"}],"curies":[{"name":"wp","href":"https:\/\/api.w.org\/{rel}","templated":true}]}}