{"id":4332,"date":"2021-11-23T10:11:08","date_gmt":"2021-12-01T15:16:06","guid":{"rendered":"https:\/\/www.estilguru.com\/producto\/system-aikit-serie-plus-evo-colors\/"},"modified":"2022-05-26T09:39:52","modified_gmt":"2022-05-26T09:39:52","slug":"system-aikit-serie-plus-evo-colors","status":"publish","type":"product","link":"https:\/\/www.estilguru.com\/fr\/producto\/system-aikit-serie-plus-evo-colors\/","title":{"rendered":"Syst\u00e8me de couleurs Aikit Series Plus Evo"},"content":{"rendered":"<p>La solution d&rsquo;\u00e9vacuation Akit S\u00e9rie Plus Evo Colors int\u00e8gre une imperm\u00e9abilisation au drain pour r\u00e9aliser la protection \u00e9tanche des zones expos\u00e9es \u00e0 l&rsquo;eau et avec \u00e9vacuation au sol telles que les receveurs de douche encastrables, les salles de bain adapt\u00e9es, les douches collectives dans les vestiaires, les galeries et les locaux de blanchisseries ou de blanchisseries &#8230;<\/p>\n<p>Gr\u00e2ce \u00e0 sa palette de couleurs, il n&rsquo;a jamais \u00e9t\u00e9 aussi facile d&rsquo;unir design, efficacit\u00e9 et \u00e9l\u00e9gance dans un seul syst\u00e8me d&rsquo;\u00e9tanch\u00e9it\u00e9.<\/p>\n<p>Il se compose d&rsquo;un puisard de siphon \u00e0 profil bas, d&rsquo;un morceau de t\u00f4le \u00e9tanche WATER-STOP assembl\u00e9 et scell\u00e9 en usine \u00e0 un adaptateur sp\u00e9cial pour le raccordement au puisard et d&rsquo;une grille en acier inoxydable avec cuvette en ABS.<\/p>\n<p><strong>Contenu du kit<\/strong><\/p>\n<ul>\n<li>COULEURS Grille PLUS EVO<\/li>\n<li>S\u00e9lecteur de cheveux<\/li>\n<li>Feuille d&rsquo;arr\u00eat d&rsquo;eau<\/li>\n<li>bol<\/li>\n<li>Adaptateur<\/li>\n<li>Couronne en caoutchouc<\/li>\n<li>Siphon en caoutchouc<\/li>\n<li>R\u00e9ducteur 40\/50 mm<\/li>\n<\/ul>\n<p><strong>Accessoires inclus dans le kit :<\/strong><\/p>\n<ul>\n<li>2 WS DEX pour plus de s\u00e9curit\u00e9 dans l&rsquo;\u00e9tanch\u00e9it\u00e9 des joints.<\/li>\n<li>2 WS TUB pour une \u00e9tanch\u00e9it\u00e9 totale lors de l&rsquo;installation du tuyau d&rsquo;\u00e9vacuation.<\/li>\n<li>1 Couvercle d&rsquo;installation pour \u00e9viter les fuites dans le siphon RUBER.<\/li>\n<\/ul>\n<p>&nbsp;<\/p>\n","protected":false},"excerpt":{"rendered":"<p>La solution de drainage Akit S\u00e9rie Evo int\u00e8gre une imperm\u00e9abilisation au drain pour offrir une protection \u00e9tanche aux zones expos\u00e9es \u00e0 l&rsquo;eau et avec drainage au sol, telles que les receveurs de douche int\u00e9gr\u00e9s, les salles de bain adapt\u00e9es, les douches collectives dans les vestiaires, les galeries et les buanderies ou buanderies.. .<\/p>\n","protected":false},"featured_media":3164,"template":"","meta":{"site-sidebar-layout":"default","site-content-layout":"default","ast-main-header-display":"","ast-hfb-above-header-display":"","ast-hfb-below-header-display":"","ast-hfb-mobile-header-display":"","site-post-title":"","ast-breadcrumbs-content":"","ast-featured-img":"","footer-sml-layout":"","theme-transparent-header-meta":"default","adv-header-id-meta":"","stick-header-meta":"","header-above-stick-meta":"","header-main-stick-meta":"","header-below-stick-meta":""},"product_brand":[],"product_cat":[95,97,94,30],"product_tag":[],"class_list":{"0":"post-4332","1":"product","2":"type-product","3":"status-publish","4":"has-post-thumbnail","6":"product_cat-siphons-de-sol-de-douche","7":"product_cat-siphons-design","8":"product_cat-systemes-detancheite","9":"product_cat-productos","11":"first","12":"instock","13":"shipping-taxable","14":"purchasable","15":"product-type-variable"},"yoast_head":"<!-- This site is optimized with the Yoast SEO plugin v27.1.1 - https:\/\/yoast.com\/product\/yoast-seo-wordpress\/ -->\n<title>Syst\u00e8me de couleurs Aikit Series Plus Evo - Estil Guru<\/title>\n<meta name=\"robots\" content=\"index, follow, max-snippet:-1, max-image-preview:large, max-video-preview:-1\" \/>\n<link rel=\"canonical\" href=\"https:\/\/www.estilguru.com\/fr\/producto\/system-aikit-serie-plus-evo-colors\/\" \/>\n<meta property=\"og:locale\" content=\"fr_FR\" \/>\n<meta property=\"og:type\" content=\"article\" \/>\n<meta property=\"og:title\" content=\"Syst\u00e8me de couleurs Aikit Series Plus Evo - Estil Guru\" \/>\n<meta property=\"og:description\" content=\"La solution de drainage Akit S\u00e9rie Evo int\u00e8gre une imperm\u00e9abilisation au drain pour offrir une protection \u00e9tanche aux zones expos\u00e9es \u00e0 l&#039;eau et avec drainage au sol, telles que les receveurs de douche int\u00e9gr\u00e9s, les salles de bain adapt\u00e9es, les douches collectives dans les vestiaires, les galeries et les buanderies ou buanderies.. .\" \/>\n<meta property=\"og:url\" content=\"https:\/\/www.estilguru.com\/fr\/producto\/system-aikit-serie-plus-evo-colors\/\" \/>\n<meta property=\"og:site_name\" content=\"Estil Guru\" \/>\n<meta property=\"article:modified_time\" content=\"2022-05-26T09:39:52+00:00\" \/>\n<meta property=\"og:image\" content=\"https:\/\/www.estilguru.com\/wp-content\/uploads\/2021\/11\/ORO-1-scaled.jpg\" \/>\n\t<meta property=\"og:image:width\" content=\"2000\" \/>\n\t<meta property=\"og:image:height\" content=\"1126\" \/>\n\t<meta property=\"og:image:type\" content=\"image\/jpeg\" \/>\n<meta name=\"twitter:card\" content=\"summary_large_image\" \/>\n<meta name=\"twitter:label1\" content=\"Dur\u00e9e de lecture estim\u00e9e\" \/>\n\t<meta name=\"twitter:data1\" content=\"1 minute\" \/>\n<script type=\"application\/ld+json\" class=\"yoast-schema-graph\">{\"@context\":\"https:\/\/schema.org\",\"@graph\":[{\"@type\":\"WebPage\",\"@id\":\"https:\/\/www.estilguru.com\/fr\/producto\/system-aikit-serie-plus-evo-colors\/\",\"url\":\"https:\/\/www.estilguru.com\/fr\/producto\/system-aikit-serie-plus-evo-colors\/\",\"name\":\"Syst\u00e8me de couleurs Aikit Series Plus Evo - Estil Guru\",\"isPartOf\":{\"@id\":\"https:\/\/www.estilguru.com\/fr\/#website\"},\"primaryImageOfPage\":{\"@id\":\"https:\/\/www.estilguru.com\/fr\/producto\/system-aikit-serie-plus-evo-colors\/#primaryimage\"},\"image\":{\"@id\":\"https:\/\/www.estilguru.com\/fr\/producto\/system-aikit-serie-plus-evo-colors\/#primaryimage\"},\"thumbnailUrl\":\"https:\/\/www.estilguru.com\/wp-content\/uploads\/2021\/11\/ORO-1-scaled.jpg\",\"datePublished\":\"2021-12-01T15:16:06+00:00\",\"dateModified\":\"2022-05-26T09:39:52+00:00\",\"breadcrumb\":{\"@id\":\"https:\/\/www.estilguru.com\/fr\/producto\/system-aikit-serie-plus-evo-colors\/#breadcrumb\"},\"inLanguage\":\"fr-FR\",\"potentialAction\":[{\"@type\":\"ReadAction\",\"target\":[\"https:\/\/www.estilguru.com\/fr\/producto\/system-aikit-serie-plus-evo-colors\/\"]}]},{\"@type\":\"ImageObject\",\"inLanguage\":\"fr-FR\",\"@id\":\"https:\/\/www.estilguru.com\/fr\/producto\/system-aikit-serie-plus-evo-colors\/#primaryimage\",\"url\":\"https:\/\/www.estilguru.com\/wp-content\/uploads\/2021\/11\/ORO-1-scaled.jpg\",\"contentUrl\":\"https:\/\/www.estilguru.com\/wp-content\/uploads\/2021\/11\/ORO-1-scaled.jpg\",\"width\":2000,\"height\":1126,\"caption\":\"Aikit Serie plus evo couleurs or\"},{\"@type\":\"BreadcrumbList\",\"@id\":\"https:\/\/www.estilguru.com\/fr\/producto\/system-aikit-serie-plus-evo-colors\/#breadcrumb\",\"itemListElement\":[{\"@type\":\"ListItem\",\"position\":1,\"name\":\"Home\",\"item\":\"https:\/\/www.estilguru.com\/fr\/\"},{\"@type\":\"ListItem\",\"position\":2,\"name\":\"Produits\",\"item\":\"https:\/\/www.estilguru.com\/fr\/shop\/\"},{\"@type\":\"ListItem\",\"position\":3,\"name\":\"Syst\u00e8me de couleurs Aikit Series Plus Evo\"}]},{\"@type\":\"WebSite\",\"@id\":\"https:\/\/www.estilguru.com\/fr\/#website\",\"url\":\"https:\/\/www.estilguru.com\/fr\/\",\"name\":\"Estil Guru\",\"description\":\"Sistemas de ducha e impermeabilizaci\u00f3n\",\"publisher\":{\"@id\":\"https:\/\/www.estilguru.com\/fr\/#organization\"},\"potentialAction\":[{\"@type\":\"SearchAction\",\"target\":{\"@type\":\"EntryPoint\",\"urlTemplate\":\"https:\/\/www.estilguru.com\/fr\/?s={search_term_string}\"},\"query-input\":{\"@type\":\"PropertyValueSpecification\",\"valueRequired\":true,\"valueName\":\"search_term_string\"}}],\"inLanguage\":\"fr-FR\"},{\"@type\":\"Organization\",\"@id\":\"https:\/\/www.estilguru.com\/fr\/#organization\",\"name\":\"Estil Guru\",\"url\":\"https:\/\/www.estilguru.com\/fr\/\",\"logo\":{\"@type\":\"ImageObject\",\"inLanguage\":\"fr-FR\",\"@id\":\"https:\/\/www.estilguru.com\/fr\/#\/schema\/logo\/image\/\",\"url\":\"https:\/\/www.estilguru.com\/wp-content\/uploads\/2022\/09\/LOGO-GURU-horizontal-centrado-01.png\",\"contentUrl\":\"https:\/\/www.estilguru.com\/wp-content\/uploads\/2022\/09\/LOGO-GURU-horizontal-centrado-01.png\",\"width\":2000,\"height\":663,\"caption\":\"Estil Guru\"},\"image\":{\"@id\":\"https:\/\/www.estilguru.com\/fr\/#\/schema\/logo\/image\/\"}}]}<\/script>\n<!-- \/ Yoast SEO plugin. -->","yoast_head_json":{"title":"Syst\u00e8me de couleurs Aikit Series Plus Evo - Estil Guru","robots":{"index":"index","follow":"follow","max-snippet":"max-snippet:-1","max-image-preview":"max-image-preview:large","max-video-preview":"max-video-preview:-1"},"canonical":"https:\/\/www.estilguru.com\/fr\/producto\/system-aikit-serie-plus-evo-colors\/","og_locale":"fr_FR","og_type":"article","og_title":"Syst\u00e8me de couleurs Aikit Series Plus Evo - Estil Guru","og_description":"La solution de drainage Akit S\u00e9rie Evo int\u00e8gre une imperm\u00e9abilisation au drain pour offrir une protection \u00e9tanche aux zones expos\u00e9es \u00e0 l'eau et avec drainage au sol, telles que les receveurs de douche int\u00e9gr\u00e9s, les salles de bain adapt\u00e9es, les douches collectives dans les vestiaires, les galeries et les buanderies ou buanderies.. .","og_url":"https:\/\/www.estilguru.com\/fr\/producto\/system-aikit-serie-plus-evo-colors\/","og_site_name":"Estil Guru","article_modified_time":"2022-05-26T09:39:52+00:00","og_image":[{"width":2000,"height":1126,"url":"https:\/\/www.estilguru.com\/wp-content\/uploads\/2021\/11\/ORO-1-scaled.jpg","type":"image\/jpeg"}],"twitter_card":"summary_large_image","twitter_misc":{"Dur\u00e9e de lecture estim\u00e9e":"1 minute"},"schema":{"@context":"https:\/\/schema.org","@graph":[{"@type":"WebPage","@id":"https:\/\/www.estilguru.com\/fr\/producto\/system-aikit-serie-plus-evo-colors\/","url":"https:\/\/www.estilguru.com\/fr\/producto\/system-aikit-serie-plus-evo-colors\/","name":"Syst\u00e8me de couleurs Aikit Series Plus Evo - Estil Guru","isPartOf":{"@id":"https:\/\/www.estilguru.com\/fr\/#website"},"primaryImageOfPage":{"@id":"https:\/\/www.estilguru.com\/fr\/producto\/system-aikit-serie-plus-evo-colors\/#primaryimage"},"image":{"@id":"https:\/\/www.estilguru.com\/fr\/producto\/system-aikit-serie-plus-evo-colors\/#primaryimage"},"thumbnailUrl":"https:\/\/www.estilguru.com\/wp-content\/uploads\/2021\/11\/ORO-1-scaled.jpg","datePublished":"2021-12-01T15:16:06+00:00","dateModified":"2022-05-26T09:39:52+00:00","breadcrumb":{"@id":"https:\/\/www.estilguru.com\/fr\/producto\/system-aikit-serie-plus-evo-colors\/#breadcrumb"},"inLanguage":"fr-FR","potentialAction":[{"@type":"ReadAction","target":["https:\/\/www.estilguru.com\/fr\/producto\/system-aikit-serie-plus-evo-colors\/"]}]},{"@type":"ImageObject","inLanguage":"fr-FR","@id":"https:\/\/www.estilguru.com\/fr\/producto\/system-aikit-serie-plus-evo-colors\/#primaryimage","url":"https:\/\/www.estilguru.com\/wp-content\/uploads\/2021\/11\/ORO-1-scaled.jpg","contentUrl":"https:\/\/www.estilguru.com\/wp-content\/uploads\/2021\/11\/ORO-1-scaled.jpg","width":2000,"height":1126,"caption":"Aikit Serie plus evo couleurs or"},{"@type":"BreadcrumbList","@id":"https:\/\/www.estilguru.com\/fr\/producto\/system-aikit-serie-plus-evo-colors\/#breadcrumb","itemListElement":[{"@type":"ListItem","position":1,"name":"Home","item":"https:\/\/www.estilguru.com\/fr\/"},{"@type":"ListItem","position":2,"name":"Produits","item":"https:\/\/www.estilguru.com\/fr\/shop\/"},{"@type":"ListItem","position":3,"name":"Syst\u00e8me de couleurs Aikit Series Plus Evo"}]},{"@type":"WebSite","@id":"https:\/\/www.estilguru.com\/fr\/#website","url":"https:\/\/www.estilguru.com\/fr\/","name":"Estil Guru","description":"Sistemas de ducha e impermeabilizaci\u00f3n","publisher":{"@id":"https:\/\/www.estilguru.com\/fr\/#organization"},"potentialAction":[{"@type":"SearchAction","target":{"@type":"EntryPoint","urlTemplate":"https:\/\/www.estilguru.com\/fr\/?s={search_term_string}"},"query-input":{"@type":"PropertyValueSpecification","valueRequired":true,"valueName":"search_term_string"}}],"inLanguage":"fr-FR"},{"@type":"Organization","@id":"https:\/\/www.estilguru.com\/fr\/#organization","name":"Estil Guru","url":"https:\/\/www.estilguru.com\/fr\/","logo":{"@type":"ImageObject","inLanguage":"fr-FR","@id":"https:\/\/www.estilguru.com\/fr\/#\/schema\/logo\/image\/","url":"https:\/\/www.estilguru.com\/wp-content\/uploads\/2022\/09\/LOGO-GURU-horizontal-centrado-01.png","contentUrl":"https:\/\/www.estilguru.com\/wp-content\/uploads\/2022\/09\/LOGO-GURU-horizontal-centrado-01.png","width":2000,"height":663,"caption":"Estil Guru"},"image":{"@id":"https:\/\/www.estilguru.com\/fr\/#\/schema\/logo\/image\/"}}]}},"_links":{"self":[{"href":"https:\/\/www.estilguru.com\/fr\/wp-json\/wp\/v2\/product\/4332","targetHints":{"allow":["GET"]}}],"collection":[{"href":"https:\/\/www.estilguru.com\/fr\/wp-json\/wp\/v2\/product"}],"about":[{"href":"https:\/\/www.estilguru.com\/fr\/wp-json\/wp\/v2\/types\/product"}],"version-history":[{"count":0,"href":"https:\/\/www.estilguru.com\/fr\/wp-json\/wp\/v2\/product\/4332\/revisions"}],"wp:featuredmedia":[{"embeddable":true,"href":"https:\/\/www.estilguru.com\/fr\/wp-json\/wp\/v2\/media\/3164"}],"wp:attachment":[{"href":"https:\/\/www.estilguru.com\/fr\/wp-json\/wp\/v2\/media?parent=4332"}],"wp:term":[{"taxonomy":"product_brand","embeddable":true,"href":"https:\/\/www.estilguru.com\/fr\/wp-json\/wp\/v2\/product_brand?post=4332"},{"taxonomy":"product_cat","embeddable":true,"href":"https:\/\/www.estilguru.com\/fr\/wp-json\/wp\/v2\/product_cat?post=4332"},{"taxonomy":"product_tag","embeddable":true,"href":"https:\/\/www.estilguru.com\/fr\/wp-json\/wp\/v2\/product_tag?post=4332"}],"curies":[{"name":"wp","href":"https:\/\/api.w.org\/{rel}","templated":true}]}}