{"id":4315,"date":"2021-11-30T11:07:35","date_gmt":"2021-12-01T15:15:40","guid":{"rendered":"https:\/\/www.estilguru.com\/producto\/evolx-point-integra-2-system\/"},"modified":"2022-05-26T09:34:37","modified_gmt":"2022-05-26T09:34:37","slug":"evolx-point-integra-2-system","status":"publish","type":"product","link":"https:\/\/www.estilguru.com\/fr\/producto\/evolx-point-integra-2-system\/","title":{"rendered":"Syst\u00e8me Evolux Puntual Integra"},"content":{"rendered":"<div class=\"_3cRjW\" data-hook=\"content-wrapper\">\n<p>Le syst\u00e8me <strong>ponctuel EVOLUX integra<\/strong> est la solution d&rsquo;\u00e9vacuation int\u00e9gr\u00e9e avec protection \u00e9tanche pour receveurs de douche encastr\u00e9s.<\/p>\n<p>Il offre s\u00e9curit\u00e9, facilit\u00e9 d&rsquo;installation et prend soin de chaque d\u00e9tail de ce nouveau syst\u00e8me de douche lin\u00e9aire int\u00e9gr\u00e9.<\/p>\n<p>Fabriqu\u00e9 avec les meilleurs mat\u00e9riaux et finitions, il contribue au design et \u00e0 la qualit\u00e9 du receveur de douche encastrable. Les <strong>drains ponctuels int\u00e9gr\u00e9s et enrobables<\/strong> avec goutti\u00e8res nous offrent la possibilit\u00e9 de cr\u00e9er des douches encastr\u00e9es avec des formats de sol diff\u00e9rents des traditionnels, avec peu de joints et en profitant au maximum de l&rsquo;espace pour la meilleure \u00e9vacuation.<\/p>\n<p>Ils peuvent \u00eatre plac\u00e9s en largeur ou en longueur avec une seule goutte d&rsquo;eau, au milieu de la douche avec deux gouttes et bien d&rsquo;autres positions. Ils s&rsquo;installent contre le mur \u00e0 l&rsquo;aide de l&rsquo;accessoire SIDE PROFILE.<\/p>\n<ul>\n<li>Receveurs de douche d&rsquo;une hauteur minimale, m\u00eame au niveau du sol.<\/li>\n<li>Plusieurs options de configuration pour la zone de douche.<\/li>\n<li>Grille de douche carr\u00e9e enti\u00e8rement int\u00e9gr\u00e9e au rev\u00eatement de douche int\u00e9gr\u00e9.<\/li>\n<li>100% \u00e9tanche pour votre douche.<\/li>\n<\/ul>\n<\/div>\n","protected":false},"excerpt":{"rendered":"<p>Le syst\u00e8me <strong>ponctuel EVOLUX integra<\/strong> est la solution d&rsquo;\u00e9vacuation int\u00e9gr\u00e9e avec protection \u00e9tanche pour receveurs de douche encastr\u00e9s.<\/p>\n<p>Il offre s\u00e9curit\u00e9, facilit\u00e9 d&rsquo;installation et prend soin de chaque d\u00e9tail de ce nouveau syst\u00e8me de douche lin\u00e9aire int\u00e9gr\u00e9.<\/p>\n<p>Fabriqu\u00e9 avec les meilleurs mat\u00e9riaux et finitions, il contribue au design et \u00e0 la qualit\u00e9 du receveur de douche encastrable. Les <strong>drains lin\u00e9aires int\u00e9gr\u00e9s et enduits<\/strong> avec goutti\u00e8res nous offrent la possibilit\u00e9 de cr\u00e9er des douches encastr\u00e9es avec des formats de sol diff\u00e9rents des traditionnels, avec peu de joints et en profitant au maximum de l&rsquo;espace pour la meilleure \u00e9vacuation.<\/p>\n","protected":false},"featured_media":3024,"template":"","meta":{"site-sidebar-layout":"default","site-content-layout":"default","ast-main-header-display":"","ast-hfb-above-header-display":"","ast-hfb-below-header-display":"","ast-hfb-mobile-header-display":"","site-post-title":"","ast-breadcrumbs-content":"","ast-featured-img":"","footer-sml-layout":"","theme-transparent-header-meta":"default","adv-header-id-meta":"","stick-header-meta":"","header-above-stick-meta":"","header-main-stick-meta":"","header-below-stick-meta":""},"product_brand":[],"product_cat":[99,95,97,94,30],"product_tag":[],"class_list":{"0":"post-4315","1":"product","2":"type-product","3":"status-publish","4":"has-post-thumbnail","6":"product_cat-drains-integres","7":"product_cat-siphons-de-sol-de-douche","8":"product_cat-siphons-design","9":"product_cat-systemes-detancheite","10":"product_cat-productos","12":"first","13":"instock","14":"shipping-taxable","15":"product-type-simple"},"yoast_head":"<!-- This site is optimized with the Yoast SEO plugin v27.1.1 - https:\/\/yoast.com\/product\/yoast-seo-wordpress\/ -->\n<title>Syst\u00e8me Evolux Puntual Integra - Estil Guru<\/title>\n<meta name=\"robots\" content=\"index, follow, max-snippet:-1, max-image-preview:large, max-video-preview:-1\" \/>\n<link rel=\"canonical\" href=\"https:\/\/www.estilguru.com\/fr\/producto\/evolx-point-integra-2-system\/\" \/>\n<meta property=\"og:locale\" content=\"fr_FR\" \/>\n<meta property=\"og:type\" content=\"article\" \/>\n<meta property=\"og:title\" content=\"Syst\u00e8me Evolux Puntual Integra - Estil Guru\" \/>\n<meta property=\"og:description\" content=\"Le syst\u00e8me ponctuel EVOLUX integra est la solution d&#039;\u00e9vacuation int\u00e9gr\u00e9e avec protection \u00e9tanche pour receveurs de douche encastr\u00e9s.  Il offre s\u00e9curit\u00e9, facilit\u00e9 d&#039;installation et prend soin de chaque d\u00e9tail de ce nouveau syst\u00e8me de douche lin\u00e9aire int\u00e9gr\u00e9.  Fabriqu\u00e9 avec les meilleurs mat\u00e9riaux et finitions, il contribue au design et \u00e0 la qualit\u00e9 du receveur de douche encastrable. Les drains lin\u00e9aires int\u00e9gr\u00e9s et enduits avec goutti\u00e8res nous offrent la possibilit\u00e9 de cr\u00e9er des douches encastr\u00e9es avec des formats de sol diff\u00e9rents des traditionnels, avec peu de joints et en profitant au maximum de l&#039;espace pour la meilleure \u00e9vacuation.\" \/>\n<meta property=\"og:url\" content=\"https:\/\/www.estilguru.com\/fr\/producto\/evolx-point-integra-2-system\/\" \/>\n<meta property=\"og:site_name\" content=\"Estil Guru\" \/>\n<meta property=\"article:modified_time\" content=\"2022-05-26T09:34:37+00:00\" \/>\n<meta property=\"og:image\" content=\"https:\/\/www.estilguru.com\/wp-content\/uploads\/2021\/11\/INTEGRA-PUNTUAL-11-scaled.jpg\" \/>\n\t<meta property=\"og:image:width\" content=\"2000\" \/>\n\t<meta property=\"og:image:height\" content=\"1870\" \/>\n\t<meta property=\"og:image:type\" content=\"image\/jpeg\" \/>\n<meta name=\"twitter:card\" content=\"summary_large_image\" \/>\n<meta name=\"twitter:label1\" content=\"Dur\u00e9e de lecture estim\u00e9e\" \/>\n\t<meta name=\"twitter:data1\" content=\"1 minute\" \/>\n<script type=\"application\/ld+json\" class=\"yoast-schema-graph\">{\"@context\":\"https:\/\/schema.org\",\"@graph\":[{\"@type\":\"WebPage\",\"@id\":\"https:\/\/www.estilguru.com\/fr\/producto\/evolx-point-integra-2-system\/\",\"url\":\"https:\/\/www.estilguru.com\/fr\/producto\/evolx-point-integra-2-system\/\",\"name\":\"Syst\u00e8me Evolux Puntual Integra - Estil Guru\",\"isPartOf\":{\"@id\":\"https:\/\/www.estilguru.com\/fr\/#website\"},\"primaryImageOfPage\":{\"@id\":\"https:\/\/www.estilguru.com\/fr\/producto\/evolx-point-integra-2-system\/#primaryimage\"},\"image\":{\"@id\":\"https:\/\/www.estilguru.com\/fr\/producto\/evolx-point-integra-2-system\/#primaryimage\"},\"thumbnailUrl\":\"https:\/\/www.estilguru.com\/wp-content\/uploads\/2021\/11\/INTEGRA-PUNTUAL-11-scaled.jpg\",\"datePublished\":\"2021-12-01T15:15:40+00:00\",\"dateModified\":\"2022-05-26T09:34:37+00:00\",\"breadcrumb\":{\"@id\":\"https:\/\/www.estilguru.com\/fr\/producto\/evolx-point-integra-2-system\/#breadcrumb\"},\"inLanguage\":\"fr-FR\",\"potentialAction\":[{\"@type\":\"ReadAction\",\"target\":[\"https:\/\/www.estilguru.com\/fr\/producto\/evolx-point-integra-2-system\/\"]}]},{\"@type\":\"ImageObject\",\"inLanguage\":\"fr-FR\",\"@id\":\"https:\/\/www.estilguru.com\/fr\/producto\/evolx-point-integra-2-system\/#primaryimage\",\"url\":\"https:\/\/www.estilguru.com\/wp-content\/uploads\/2021\/11\/INTEGRA-PUNTUAL-11-scaled.jpg\",\"contentUrl\":\"https:\/\/www.estilguru.com\/wp-content\/uploads\/2021\/11\/INTEGRA-PUNTUAL-11-scaled.jpg\",\"width\":2000,\"height\":1870},{\"@type\":\"BreadcrumbList\",\"@id\":\"https:\/\/www.estilguru.com\/fr\/producto\/evolx-point-integra-2-system\/#breadcrumb\",\"itemListElement\":[{\"@type\":\"ListItem\",\"position\":1,\"name\":\"Home\",\"item\":\"https:\/\/www.estilguru.com\/fr\/\"},{\"@type\":\"ListItem\",\"position\":2,\"name\":\"Produits\",\"item\":\"https:\/\/www.estilguru.com\/fr\/shop\/\"},{\"@type\":\"ListItem\",\"position\":3,\"name\":\"Syst\u00e8me Evolux Puntual Integra\"}]},{\"@type\":\"WebSite\",\"@id\":\"https:\/\/www.estilguru.com\/fr\/#website\",\"url\":\"https:\/\/www.estilguru.com\/fr\/\",\"name\":\"Estil Guru\",\"description\":\"Sistemas de ducha e impermeabilizaci\u00f3n\",\"publisher\":{\"@id\":\"https:\/\/www.estilguru.com\/fr\/#organization\"},\"potentialAction\":[{\"@type\":\"SearchAction\",\"target\":{\"@type\":\"EntryPoint\",\"urlTemplate\":\"https:\/\/www.estilguru.com\/fr\/?s={search_term_string}\"},\"query-input\":{\"@type\":\"PropertyValueSpecification\",\"valueRequired\":true,\"valueName\":\"search_term_string\"}}],\"inLanguage\":\"fr-FR\"},{\"@type\":\"Organization\",\"@id\":\"https:\/\/www.estilguru.com\/fr\/#organization\",\"name\":\"Estil Guru\",\"url\":\"https:\/\/www.estilguru.com\/fr\/\",\"logo\":{\"@type\":\"ImageObject\",\"inLanguage\":\"fr-FR\",\"@id\":\"https:\/\/www.estilguru.com\/fr\/#\/schema\/logo\/image\/\",\"url\":\"https:\/\/www.estilguru.com\/wp-content\/uploads\/2022\/09\/LOGO-GURU-horizontal-centrado-01.png\",\"contentUrl\":\"https:\/\/www.estilguru.com\/wp-content\/uploads\/2022\/09\/LOGO-GURU-horizontal-centrado-01.png\",\"width\":2000,\"height\":663,\"caption\":\"Estil Guru\"},\"image\":{\"@id\":\"https:\/\/www.estilguru.com\/fr\/#\/schema\/logo\/image\/\"}}]}<\/script>\n<!-- \/ Yoast SEO plugin. -->","yoast_head_json":{"title":"Syst\u00e8me Evolux Puntual Integra - Estil Guru","robots":{"index":"index","follow":"follow","max-snippet":"max-snippet:-1","max-image-preview":"max-image-preview:large","max-video-preview":"max-video-preview:-1"},"canonical":"https:\/\/www.estilguru.com\/fr\/producto\/evolx-point-integra-2-system\/","og_locale":"fr_FR","og_type":"article","og_title":"Syst\u00e8me Evolux Puntual Integra - Estil Guru","og_description":"Le syst\u00e8me ponctuel EVOLUX integra est la solution d'\u00e9vacuation int\u00e9gr\u00e9e avec protection \u00e9tanche pour receveurs de douche encastr\u00e9s.  Il offre s\u00e9curit\u00e9, facilit\u00e9 d'installation et prend soin de chaque d\u00e9tail de ce nouveau syst\u00e8me de douche lin\u00e9aire int\u00e9gr\u00e9.  Fabriqu\u00e9 avec les meilleurs mat\u00e9riaux et finitions, il contribue au design et \u00e0 la qualit\u00e9 du receveur de douche encastrable. Les drains lin\u00e9aires int\u00e9gr\u00e9s et enduits avec goutti\u00e8res nous offrent la possibilit\u00e9 de cr\u00e9er des douches encastr\u00e9es avec des formats de sol diff\u00e9rents des traditionnels, avec peu de joints et en profitant au maximum de l'espace pour la meilleure \u00e9vacuation.","og_url":"https:\/\/www.estilguru.com\/fr\/producto\/evolx-point-integra-2-system\/","og_site_name":"Estil Guru","article_modified_time":"2022-05-26T09:34:37+00:00","og_image":[{"width":2000,"height":1870,"url":"https:\/\/www.estilguru.com\/wp-content\/uploads\/2021\/11\/INTEGRA-PUNTUAL-11-scaled.jpg","type":"image\/jpeg"}],"twitter_card":"summary_large_image","twitter_misc":{"Dur\u00e9e de lecture estim\u00e9e":"1 minute"},"schema":{"@context":"https:\/\/schema.org","@graph":[{"@type":"WebPage","@id":"https:\/\/www.estilguru.com\/fr\/producto\/evolx-point-integra-2-system\/","url":"https:\/\/www.estilguru.com\/fr\/producto\/evolx-point-integra-2-system\/","name":"Syst\u00e8me Evolux Puntual Integra - Estil Guru","isPartOf":{"@id":"https:\/\/www.estilguru.com\/fr\/#website"},"primaryImageOfPage":{"@id":"https:\/\/www.estilguru.com\/fr\/producto\/evolx-point-integra-2-system\/#primaryimage"},"image":{"@id":"https:\/\/www.estilguru.com\/fr\/producto\/evolx-point-integra-2-system\/#primaryimage"},"thumbnailUrl":"https:\/\/www.estilguru.com\/wp-content\/uploads\/2021\/11\/INTEGRA-PUNTUAL-11-scaled.jpg","datePublished":"2021-12-01T15:15:40+00:00","dateModified":"2022-05-26T09:34:37+00:00","breadcrumb":{"@id":"https:\/\/www.estilguru.com\/fr\/producto\/evolx-point-integra-2-system\/#breadcrumb"},"inLanguage":"fr-FR","potentialAction":[{"@type":"ReadAction","target":["https:\/\/www.estilguru.com\/fr\/producto\/evolx-point-integra-2-system\/"]}]},{"@type":"ImageObject","inLanguage":"fr-FR","@id":"https:\/\/www.estilguru.com\/fr\/producto\/evolx-point-integra-2-system\/#primaryimage","url":"https:\/\/www.estilguru.com\/wp-content\/uploads\/2021\/11\/INTEGRA-PUNTUAL-11-scaled.jpg","contentUrl":"https:\/\/www.estilguru.com\/wp-content\/uploads\/2021\/11\/INTEGRA-PUNTUAL-11-scaled.jpg","width":2000,"height":1870},{"@type":"BreadcrumbList","@id":"https:\/\/www.estilguru.com\/fr\/producto\/evolx-point-integra-2-system\/#breadcrumb","itemListElement":[{"@type":"ListItem","position":1,"name":"Home","item":"https:\/\/www.estilguru.com\/fr\/"},{"@type":"ListItem","position":2,"name":"Produits","item":"https:\/\/www.estilguru.com\/fr\/shop\/"},{"@type":"ListItem","position":3,"name":"Syst\u00e8me Evolux Puntual Integra"}]},{"@type":"WebSite","@id":"https:\/\/www.estilguru.com\/fr\/#website","url":"https:\/\/www.estilguru.com\/fr\/","name":"Estil Guru","description":"Sistemas de ducha e impermeabilizaci\u00f3n","publisher":{"@id":"https:\/\/www.estilguru.com\/fr\/#organization"},"potentialAction":[{"@type":"SearchAction","target":{"@type":"EntryPoint","urlTemplate":"https:\/\/www.estilguru.com\/fr\/?s={search_term_string}"},"query-input":{"@type":"PropertyValueSpecification","valueRequired":true,"valueName":"search_term_string"}}],"inLanguage":"fr-FR"},{"@type":"Organization","@id":"https:\/\/www.estilguru.com\/fr\/#organization","name":"Estil Guru","url":"https:\/\/www.estilguru.com\/fr\/","logo":{"@type":"ImageObject","inLanguage":"fr-FR","@id":"https:\/\/www.estilguru.com\/fr\/#\/schema\/logo\/image\/","url":"https:\/\/www.estilguru.com\/wp-content\/uploads\/2022\/09\/LOGO-GURU-horizontal-centrado-01.png","contentUrl":"https:\/\/www.estilguru.com\/wp-content\/uploads\/2022\/09\/LOGO-GURU-horizontal-centrado-01.png","width":2000,"height":663,"caption":"Estil Guru"},"image":{"@id":"https:\/\/www.estilguru.com\/fr\/#\/schema\/logo\/image\/"}}]}},"_links":{"self":[{"href":"https:\/\/www.estilguru.com\/fr\/wp-json\/wp\/v2\/product\/4315","targetHints":{"allow":["GET"]}}],"collection":[{"href":"https:\/\/www.estilguru.com\/fr\/wp-json\/wp\/v2\/product"}],"about":[{"href":"https:\/\/www.estilguru.com\/fr\/wp-json\/wp\/v2\/types\/product"}],"version-history":[{"count":0,"href":"https:\/\/www.estilguru.com\/fr\/wp-json\/wp\/v2\/product\/4315\/revisions"}],"wp:featuredmedia":[{"embeddable":true,"href":"https:\/\/www.estilguru.com\/fr\/wp-json\/wp\/v2\/media\/3024"}],"wp:attachment":[{"href":"https:\/\/www.estilguru.com\/fr\/wp-json\/wp\/v2\/media?parent=4315"}],"wp:term":[{"taxonomy":"product_brand","embeddable":true,"href":"https:\/\/www.estilguru.com\/fr\/wp-json\/wp\/v2\/product_brand?post=4315"},{"taxonomy":"product_cat","embeddable":true,"href":"https:\/\/www.estilguru.com\/fr\/wp-json\/wp\/v2\/product_cat?post=4315"},{"taxonomy":"product_tag","embeddable":true,"href":"https:\/\/www.estilguru.com\/fr\/wp-json\/wp\/v2\/product_tag?post=4315"}],"curies":[{"name":"wp","href":"https:\/\/api.w.org\/{rel}","templated":true}]}}