{"id":4182,"date":"2021-11-30T10:59:02","date_gmt":"2021-12-01T07:51:00","guid":{"rendered":"https:\/\/www.estilguru.com\/producto\/system-evolx-lineal-microcemento\/"},"modified":"2022-05-26T09:38:36","modified_gmt":"2022-05-26T09:38:36","slug":"system-evolx-lineal-microcemento","status":"publish","type":"product","link":"https:\/\/www.estilguru.com\/fr\/producto\/system-evolx-lineal-microcemento\/","title":{"rendered":"Syst\u00e8me de microciment lin\u00e9aire Evolux"},"content":{"rendered":"<p>Profitez d&rsquo;un <strong>drain lin\u00e9aire en microciment<\/strong> enti\u00e8rement int\u00e9gr\u00e9 dans votre salle de bain. Faites-le se fondre dans le sol et obtenez un effet uniforme jamais vu auparavant.<\/p>\n<p>Il offre s\u00e9curit\u00e9, facilit\u00e9 d&rsquo;installation et prend soin de chaque d\u00e9tail. les pi\u00e8ces du syst\u00e8me sont en acier inoxydable AISI 304.<\/p>\n<p>Fabriqu\u00e9 avec les meilleurs mat\u00e9riaux et finitions, il contribue \u00e0 un design standardis\u00e9 unique avec la base en microciment de la douche et la qualit\u00e9 du receveur de douche int\u00e9gr\u00e9 lui-m\u00eame.<\/p>\n<p>Le syst\u00e8me de microciment lin\u00e9aire EVOLUX est l&rsquo;une des meilleures solutions de drainage int\u00e9gr\u00e9 avec protection \u00e9tanche pour receveurs de douche encastr\u00e9s.<\/p>\n<ul>\n<li>Receveurs de douche d&rsquo;une hauteur minimale, m\u00eame au niveau du sol.<\/li>\n<li>Grande vari\u00e9t\u00e9 d&rsquo;options de configuration pour la taille et la surface de la douche.<\/li>\n<li>\u00c9tanch\u00e9it\u00e9 douche garantie.<\/li>\n<\/ul>\n","protected":false},"excerpt":{"rendered":"<p>Profitez d&rsquo;un <strong>drain lin\u00e9aire en microciment<\/strong> enti\u00e8rement int\u00e9gr\u00e9 dans votre salle de bain. Faites-le se fondre dans le sol et obtenez un effet uniforme jamais vu auparavant.<\/p>\n<p>Il offre s\u00e9curit\u00e9, facilit\u00e9 d&rsquo;installation et prend soin de chaque d\u00e9tail. les pi\u00e8ces du syst\u00e8me sont en acier inoxydable AISI 304.<\/p>\n<p>Fabriqu\u00e9 avec les meilleurs mat\u00e9riaux et finitions, il contribue au design et \u00e0 la qualit\u00e9 du receveur de douche encastrable.<\/p>\n","protected":false},"featured_media":12994,"template":"","meta":{"site-sidebar-layout":"default","site-content-layout":"default","ast-main-header-display":"","ast-hfb-above-header-display":"","ast-hfb-below-header-display":"","ast-hfb-mobile-header-display":"","site-post-title":"","ast-breadcrumbs-content":"","ast-featured-img":"","footer-sml-layout":"","theme-transparent-header-meta":"default","adv-header-id-meta":"","stick-header-meta":"","header-above-stick-meta":"","header-main-stick-meta":"","header-below-stick-meta":""},"product_brand":[],"product_cat":[96,99,95,97,94,30],"product_tag":[],"class_list":{"0":"post-4182","1":"product","2":"type-product","3":"status-publish","4":"has-post-thumbnail","6":"product_cat-caniveaux-douche","7":"product_cat-drains-integres","8":"product_cat-siphons-de-sol-de-douche","9":"product_cat-siphons-design","10":"product_cat-systemes-detancheite","11":"product_cat-productos","13":"first","14":"instock","15":"shipping-taxable","16":"product-type-simple"},"yoast_head":"<!-- This site is optimized with the Yoast SEO plugin v27.1.1 - https:\/\/yoast.com\/product\/yoast-seo-wordpress\/ -->\n<title>Syst\u00e8me de microciment lin\u00e9aire Evolux - Estil Guru<\/title>\n<meta name=\"robots\" content=\"index, follow, max-snippet:-1, max-image-preview:large, max-video-preview:-1\" \/>\n<link rel=\"canonical\" href=\"https:\/\/www.estilguru.com\/fr\/producto\/system-evolx-lineal-microcemento\/\" \/>\n<meta property=\"og:locale\" content=\"fr_FR\" \/>\n<meta property=\"og:type\" content=\"article\" \/>\n<meta property=\"og:title\" content=\"Syst\u00e8me de microciment lin\u00e9aire Evolux - Estil Guru\" \/>\n<meta property=\"og:description\" content=\"Profitez d&#039;un drain lin\u00e9aire en microciment enti\u00e8rement int\u00e9gr\u00e9 dans votre salle de bain. Faites-le se fondre dans le sol et obtenez un effet uniforme jamais vu auparavant.  Il offre s\u00e9curit\u00e9, facilit\u00e9 d&#039;installation et prend soin de chaque d\u00e9tail. les pi\u00e8ces du syst\u00e8me sont en acier inoxydable AISI 304.  Fabriqu\u00e9 avec les meilleurs mat\u00e9riaux et finitions, il contribue au design et \u00e0 la qualit\u00e9 du receveur de douche encastrable.\" \/>\n<meta property=\"og:url\" content=\"https:\/\/www.estilguru.com\/fr\/producto\/system-evolx-lineal-microcemento\/\" \/>\n<meta property=\"og:site_name\" content=\"Estil Guru\" \/>\n<meta property=\"article:modified_time\" content=\"2022-05-26T09:38:36+00:00\" \/>\n<meta property=\"og:image\" content=\"https:\/\/www.estilguru.com\/wp-content\/uploads\/2021\/11\/Evolux-Microcemento-1_FINAL.jpg\" \/>\n\t<meta property=\"og:image:width\" content=\"1920\" \/>\n\t<meta property=\"og:image:height\" content=\"1920\" \/>\n\t<meta property=\"og:image:type\" content=\"image\/jpeg\" \/>\n<meta name=\"twitter:card\" content=\"summary_large_image\" \/>\n<meta name=\"twitter:label1\" content=\"Dur\u00e9e de lecture estim\u00e9e\" \/>\n\t<meta name=\"twitter:data1\" content=\"1 minute\" \/>\n<script type=\"application\/ld+json\" class=\"yoast-schema-graph\">{\"@context\":\"https:\/\/schema.org\",\"@graph\":[{\"@type\":\"WebPage\",\"@id\":\"https:\/\/www.estilguru.com\/fr\/producto\/system-evolx-lineal-microcemento\/\",\"url\":\"https:\/\/www.estilguru.com\/fr\/producto\/system-evolx-lineal-microcemento\/\",\"name\":\"Syst\u00e8me de microciment lin\u00e9aire Evolux - Estil Guru\",\"isPartOf\":{\"@id\":\"https:\/\/www.estilguru.com\/fr\/#website\"},\"primaryImageOfPage\":{\"@id\":\"https:\/\/www.estilguru.com\/fr\/producto\/system-evolx-lineal-microcemento\/#primaryimage\"},\"image\":{\"@id\":\"https:\/\/www.estilguru.com\/fr\/producto\/system-evolx-lineal-microcemento\/#primaryimage\"},\"thumbnailUrl\":\"https:\/\/www.estilguru.com\/wp-content\/uploads\/2021\/11\/Evolux-Microcemento-1_FINAL.jpg\",\"datePublished\":\"2021-12-01T07:51:00+00:00\",\"dateModified\":\"2022-05-26T09:38:36+00:00\",\"breadcrumb\":{\"@id\":\"https:\/\/www.estilguru.com\/fr\/producto\/system-evolx-lineal-microcemento\/#breadcrumb\"},\"inLanguage\":\"fr-FR\",\"potentialAction\":[{\"@type\":\"ReadAction\",\"target\":[\"https:\/\/www.estilguru.com\/fr\/producto\/system-evolx-lineal-microcemento\/\"]}]},{\"@type\":\"ImageObject\",\"inLanguage\":\"fr-FR\",\"@id\":\"https:\/\/www.estilguru.com\/fr\/producto\/system-evolx-lineal-microcemento\/#primaryimage\",\"url\":\"https:\/\/www.estilguru.com\/wp-content\/uploads\/2021\/11\/Evolux-Microcemento-1_FINAL.jpg\",\"contentUrl\":\"https:\/\/www.estilguru.com\/wp-content\/uploads\/2021\/11\/Evolux-Microcemento-1_FINAL.jpg\",\"width\":1920,\"height\":1920,\"caption\":\"desag\u00fce de microcemento\"},{\"@type\":\"BreadcrumbList\",\"@id\":\"https:\/\/www.estilguru.com\/fr\/producto\/system-evolx-lineal-microcemento\/#breadcrumb\",\"itemListElement\":[{\"@type\":\"ListItem\",\"position\":1,\"name\":\"Home\",\"item\":\"https:\/\/www.estilguru.com\/fr\/\"},{\"@type\":\"ListItem\",\"position\":2,\"name\":\"Produits\",\"item\":\"https:\/\/www.estilguru.com\/fr\/shop\/\"},{\"@type\":\"ListItem\",\"position\":3,\"name\":\"Syst\u00e8me de microciment lin\u00e9aire Evolux\"}]},{\"@type\":\"WebSite\",\"@id\":\"https:\/\/www.estilguru.com\/fr\/#website\",\"url\":\"https:\/\/www.estilguru.com\/fr\/\",\"name\":\"Estil Guru\",\"description\":\"Sistemas de ducha e impermeabilizaci\u00f3n\",\"publisher\":{\"@id\":\"https:\/\/www.estilguru.com\/fr\/#organization\"},\"potentialAction\":[{\"@type\":\"SearchAction\",\"target\":{\"@type\":\"EntryPoint\",\"urlTemplate\":\"https:\/\/www.estilguru.com\/fr\/?s={search_term_string}\"},\"query-input\":{\"@type\":\"PropertyValueSpecification\",\"valueRequired\":true,\"valueName\":\"search_term_string\"}}],\"inLanguage\":\"fr-FR\"},{\"@type\":\"Organization\",\"@id\":\"https:\/\/www.estilguru.com\/fr\/#organization\",\"name\":\"Estil Guru\",\"url\":\"https:\/\/www.estilguru.com\/fr\/\",\"logo\":{\"@type\":\"ImageObject\",\"inLanguage\":\"fr-FR\",\"@id\":\"https:\/\/www.estilguru.com\/fr\/#\/schema\/logo\/image\/\",\"url\":\"https:\/\/www.estilguru.com\/wp-content\/uploads\/2022\/09\/LOGO-GURU-horizontal-centrado-01.png\",\"contentUrl\":\"https:\/\/www.estilguru.com\/wp-content\/uploads\/2022\/09\/LOGO-GURU-horizontal-centrado-01.png\",\"width\":2000,\"height\":663,\"caption\":\"Estil Guru\"},\"image\":{\"@id\":\"https:\/\/www.estilguru.com\/fr\/#\/schema\/logo\/image\/\"}}]}<\/script>\n<!-- \/ Yoast SEO plugin. -->","yoast_head_json":{"title":"Syst\u00e8me de microciment lin\u00e9aire Evolux - Estil Guru","robots":{"index":"index","follow":"follow","max-snippet":"max-snippet:-1","max-image-preview":"max-image-preview:large","max-video-preview":"max-video-preview:-1"},"canonical":"https:\/\/www.estilguru.com\/fr\/producto\/system-evolx-lineal-microcemento\/","og_locale":"fr_FR","og_type":"article","og_title":"Syst\u00e8me de microciment lin\u00e9aire Evolux - Estil Guru","og_description":"Profitez d'un drain lin\u00e9aire en microciment enti\u00e8rement int\u00e9gr\u00e9 dans votre salle de bain. Faites-le se fondre dans le sol et obtenez un effet uniforme jamais vu auparavant.  Il offre s\u00e9curit\u00e9, facilit\u00e9 d'installation et prend soin de chaque d\u00e9tail. les pi\u00e8ces du syst\u00e8me sont en acier inoxydable AISI 304.  Fabriqu\u00e9 avec les meilleurs mat\u00e9riaux et finitions, il contribue au design et \u00e0 la qualit\u00e9 du receveur de douche encastrable.","og_url":"https:\/\/www.estilguru.com\/fr\/producto\/system-evolx-lineal-microcemento\/","og_site_name":"Estil Guru","article_modified_time":"2022-05-26T09:38:36+00:00","og_image":[{"width":1920,"height":1920,"url":"https:\/\/www.estilguru.com\/wp-content\/uploads\/2021\/11\/Evolux-Microcemento-1_FINAL.jpg","type":"image\/jpeg"}],"twitter_card":"summary_large_image","twitter_misc":{"Dur\u00e9e de lecture estim\u00e9e":"1 minute"},"schema":{"@context":"https:\/\/schema.org","@graph":[{"@type":"WebPage","@id":"https:\/\/www.estilguru.com\/fr\/producto\/system-evolx-lineal-microcemento\/","url":"https:\/\/www.estilguru.com\/fr\/producto\/system-evolx-lineal-microcemento\/","name":"Syst\u00e8me de microciment lin\u00e9aire Evolux - Estil Guru","isPartOf":{"@id":"https:\/\/www.estilguru.com\/fr\/#website"},"primaryImageOfPage":{"@id":"https:\/\/www.estilguru.com\/fr\/producto\/system-evolx-lineal-microcemento\/#primaryimage"},"image":{"@id":"https:\/\/www.estilguru.com\/fr\/producto\/system-evolx-lineal-microcemento\/#primaryimage"},"thumbnailUrl":"https:\/\/www.estilguru.com\/wp-content\/uploads\/2021\/11\/Evolux-Microcemento-1_FINAL.jpg","datePublished":"2021-12-01T07:51:00+00:00","dateModified":"2022-05-26T09:38:36+00:00","breadcrumb":{"@id":"https:\/\/www.estilguru.com\/fr\/producto\/system-evolx-lineal-microcemento\/#breadcrumb"},"inLanguage":"fr-FR","potentialAction":[{"@type":"ReadAction","target":["https:\/\/www.estilguru.com\/fr\/producto\/system-evolx-lineal-microcemento\/"]}]},{"@type":"ImageObject","inLanguage":"fr-FR","@id":"https:\/\/www.estilguru.com\/fr\/producto\/system-evolx-lineal-microcemento\/#primaryimage","url":"https:\/\/www.estilguru.com\/wp-content\/uploads\/2021\/11\/Evolux-Microcemento-1_FINAL.jpg","contentUrl":"https:\/\/www.estilguru.com\/wp-content\/uploads\/2021\/11\/Evolux-Microcemento-1_FINAL.jpg","width":1920,"height":1920,"caption":"desag\u00fce de microcemento"},{"@type":"BreadcrumbList","@id":"https:\/\/www.estilguru.com\/fr\/producto\/system-evolx-lineal-microcemento\/#breadcrumb","itemListElement":[{"@type":"ListItem","position":1,"name":"Home","item":"https:\/\/www.estilguru.com\/fr\/"},{"@type":"ListItem","position":2,"name":"Produits","item":"https:\/\/www.estilguru.com\/fr\/shop\/"},{"@type":"ListItem","position":3,"name":"Syst\u00e8me de microciment lin\u00e9aire Evolux"}]},{"@type":"WebSite","@id":"https:\/\/www.estilguru.com\/fr\/#website","url":"https:\/\/www.estilguru.com\/fr\/","name":"Estil Guru","description":"Sistemas de ducha e impermeabilizaci\u00f3n","publisher":{"@id":"https:\/\/www.estilguru.com\/fr\/#organization"},"potentialAction":[{"@type":"SearchAction","target":{"@type":"EntryPoint","urlTemplate":"https:\/\/www.estilguru.com\/fr\/?s={search_term_string}"},"query-input":{"@type":"PropertyValueSpecification","valueRequired":true,"valueName":"search_term_string"}}],"inLanguage":"fr-FR"},{"@type":"Organization","@id":"https:\/\/www.estilguru.com\/fr\/#organization","name":"Estil Guru","url":"https:\/\/www.estilguru.com\/fr\/","logo":{"@type":"ImageObject","inLanguage":"fr-FR","@id":"https:\/\/www.estilguru.com\/fr\/#\/schema\/logo\/image\/","url":"https:\/\/www.estilguru.com\/wp-content\/uploads\/2022\/09\/LOGO-GURU-horizontal-centrado-01.png","contentUrl":"https:\/\/www.estilguru.com\/wp-content\/uploads\/2022\/09\/LOGO-GURU-horizontal-centrado-01.png","width":2000,"height":663,"caption":"Estil Guru"},"image":{"@id":"https:\/\/www.estilguru.com\/fr\/#\/schema\/logo\/image\/"}}]}},"_links":{"self":[{"href":"https:\/\/www.estilguru.com\/fr\/wp-json\/wp\/v2\/product\/4182","targetHints":{"allow":["GET"]}}],"collection":[{"href":"https:\/\/www.estilguru.com\/fr\/wp-json\/wp\/v2\/product"}],"about":[{"href":"https:\/\/www.estilguru.com\/fr\/wp-json\/wp\/v2\/types\/product"}],"version-history":[{"count":0,"href":"https:\/\/www.estilguru.com\/fr\/wp-json\/wp\/v2\/product\/4182\/revisions"}],"wp:featuredmedia":[{"embeddable":true,"href":"https:\/\/www.estilguru.com\/fr\/wp-json\/wp\/v2\/media\/12994"}],"wp:attachment":[{"href":"https:\/\/www.estilguru.com\/fr\/wp-json\/wp\/v2\/media?parent=4182"}],"wp:term":[{"taxonomy":"product_brand","embeddable":true,"href":"https:\/\/www.estilguru.com\/fr\/wp-json\/wp\/v2\/product_brand?post=4182"},{"taxonomy":"product_cat","embeddable":true,"href":"https:\/\/www.estilguru.com\/fr\/wp-json\/wp\/v2\/product_cat?post=4182"},{"taxonomy":"product_tag","embeddable":true,"href":"https:\/\/www.estilguru.com\/fr\/wp-json\/wp\/v2\/product_tag?post=4182"}],"curies":[{"name":"wp","href":"https:\/\/api.w.org\/{rel}","templated":true}]}}