{"id":4144,"date":"2021-11-30T11:20:12","date_gmt":"2021-12-01T07:50:55","guid":{"rendered":"https:\/\/www.estilguru.com\/producto\/system-evolx-linear-printed\/"},"modified":"2022-05-26T09:31:29","modified_gmt":"2022-05-26T09:31:29","slug":"system-evolx-linear-printed","status":"publish","type":"product","link":"https:\/\/www.estilguru.com\/fr\/producto\/system-evolx-linear-printed\/","title":{"rendered":"Syst\u00e8me d&rsquo;impression lin\u00e9aire Evolux"},"content":{"rendered":"\t\t<div data-elementor-type=\"product-post\" data-elementor-id=\"4144\" class=\"elementor elementor-4144 elementor-4057\" data-elementor-settings=\"{&quot;ha_cmc_init_switcher&quot;:&quot;no&quot;}\" data-elementor-post-type=\"product\">\n\t\t\t\t\t\t<section class=\"elementor-section elementor-top-section elementor-element elementor-element-4b00a183 elementor-section-boxed elementor-section-height-default elementor-section-height-default\" data-id=\"4b00a183\" data-element_type=\"section\" data-e-type=\"section\" data-settings=\"{&quot;_ha_eqh_enable&quot;:false}\">\n\t\t\t\t\t\t<div class=\"elementor-container elementor-column-gap-default\">\n\t\t\t\t\t<div class=\"elementor-column elementor-col-100 elementor-top-column elementor-element elementor-element-507e8636\" data-id=\"507e8636\" data-element_type=\"column\" data-e-type=\"column\">\n\t\t\t<div class=\"elementor-widget-wrap elementor-element-populated\">\n\t\t\t\t\t\t<div class=\"elementor-element elementor-element-2a4bc9ac elementor-widget elementor-widget-text-editor\" data-id=\"2a4bc9ac\" data-element_type=\"widget\" data-e-type=\"widget\" data-widget_type=\"text-editor.default\">\n\t\t\t\t<div class=\"elementor-widget-container\">\n\t\t\t\t\t\t\t\t\t<p><b>Caniveau de douche lin\u00e9aire imprim\u00e9 sur mesure.<\/b><\/p><p>Personnalisez vos propres motifs imprim\u00e9s sur vos goutti\u00e8res ou grilles et obtenez un drain lin\u00e9aire enti\u00e8rement personnalis\u00e9.<\/p>\n<p>Il offre s\u00e9curit\u00e9, facilit\u00e9 d&rsquo;installation et prend soin de chaque d\u00e9tail.<\/p>\n<p>Fabriqu\u00e9 avec les meilleurs mat\u00e9riaux et finitions, il contribue au design et \u00e0 la qualit\u00e9 du receveur de douche int\u00e9gr\u00e9, en utilisant toujours l&rsquo;acier inoxydable comme principal support.<\/p>\n<p>Le syst\u00e8me EVOLUX lin\u00e9aire imprim\u00e9 sur mesure. C&rsquo;est l&rsquo;une des meilleures solutions d&rsquo;\u00e9vacuation int\u00e9gr\u00e9e avec protection \u00e9tanche pour receveurs de douche encastrables du march\u00e9.<\/p>\n<ul>\n<li>Receveurs de douche d&rsquo;une hauteur minimale, m\u00eame au niveau du sol.<\/li>\n<li>Plusieurs options de configuration pour la zone de douche.<\/li>\n<li>Conceptions enti\u00e8rement personnalis\u00e9es<\/li>\n<li>douches ouvertes<\/li>\n<li>\u00c9tanch\u00e9it\u00e9 garantie.<\/li>\n<\/ul>\t\t\t\t\t\t\t\t<\/div>\n\t\t\t\t<\/div>\n\t\t\t\t\t<\/div>\n\t\t<\/div>\n\t\t\t\t\t<\/div>\n\t\t<\/section>\n\t\t\t\t<\/div>\n\t\t","protected":false},"excerpt":{"rendered":"<p>Drain de douche imprim\u00e9 personnalis\u00e9 lin\u00e9aire<\/p>\n<p>Il offre une \u00e9tanch\u00e9it\u00e9, une facilit\u00e9 d&rsquo;installation et prend soin de chaque d\u00e9tail.<\/p>\n<p>Fabriqu\u00e9 avec les meilleurs mat\u00e9riaux, il vous permet de personnaliser le design de votre grille de douche.<\/p>\n","protected":false},"featured_media":2972,"template":"","meta":{"site-sidebar-layout":"default","site-content-layout":"default","ast-main-header-display":"","ast-hfb-above-header-display":"","ast-hfb-below-header-display":"","ast-hfb-mobile-header-display":"","site-post-title":"","ast-breadcrumbs-content":"","ast-featured-img":"","footer-sml-layout":"","theme-transparent-header-meta":"default","adv-header-id-meta":"","stick-header-meta":"","header-above-stick-meta":"","header-main-stick-meta":"","header-below-stick-meta":""},"product_brand":[],"product_cat":[96,95,97,94,30],"product_tag":[],"class_list":{"0":"post-4144","1":"product","2":"type-product","3":"status-publish","4":"has-post-thumbnail","6":"product_cat-caniveaux-douche","7":"product_cat-siphons-de-sol-de-douche","8":"product_cat-siphons-design","9":"product_cat-systemes-detancheite","10":"product_cat-productos","12":"first","13":"instock","14":"shipping-taxable","15":"product-type-simple"},"yoast_head":"<!-- This site is optimized with the Yoast SEO plugin v27.1.1 - https:\/\/yoast.com\/product\/yoast-seo-wordpress\/ -->\n<title>Syst\u00e8me d&#039;impression lin\u00e9aire Evolux - Estil Guru<\/title>\n<meta name=\"robots\" content=\"index, follow, max-snippet:-1, max-image-preview:large, max-video-preview:-1\" \/>\n<link rel=\"canonical\" href=\"https:\/\/www.estilguru.com\/fr\/producto\/system-evolx-linear-printed\/\" \/>\n<meta property=\"og:locale\" content=\"fr_FR\" \/>\n<meta property=\"og:type\" content=\"article\" \/>\n<meta property=\"og:title\" content=\"Syst\u00e8me d&#039;impression lin\u00e9aire Evolux - Estil Guru\" \/>\n<meta property=\"og:description\" content=\"Drain de douche imprim\u00e9 personnalis\u00e9 lin\u00e9aire  Il offre une \u00e9tanch\u00e9it\u00e9, une facilit\u00e9 d&#039;installation et prend soin de chaque d\u00e9tail.  Fabriqu\u00e9 avec les meilleurs mat\u00e9riaux, il vous permet de personnaliser le design de votre grille de douche.\" \/>\n<meta property=\"og:url\" content=\"https:\/\/www.estilguru.com\/fr\/producto\/system-evolx-linear-printed\/\" \/>\n<meta property=\"og:site_name\" content=\"Estil Guru\" \/>\n<meta property=\"article:modified_time\" content=\"2022-05-26T09:31:29+00:00\" \/>\n<meta property=\"og:image\" content=\"https:\/\/www.estilguru.com\/wp-content\/uploads\/2021\/11\/IMPRESA-LINEAL-scaled.jpg\" \/>\n\t<meta property=\"og:image:width\" content=\"2000\" \/>\n\t<meta property=\"og:image:height\" content=\"1124\" \/>\n\t<meta property=\"og:image:type\" content=\"image\/jpeg\" \/>\n<meta name=\"twitter:card\" content=\"summary_large_image\" \/>\n<meta name=\"twitter:label1\" content=\"Dur\u00e9e de lecture estim\u00e9e\" \/>\n\t<meta name=\"twitter:data1\" content=\"1 minute\" \/>\n<script type=\"application\/ld+json\" class=\"yoast-schema-graph\">{\"@context\":\"https:\/\/schema.org\",\"@graph\":[{\"@type\":\"WebPage\",\"@id\":\"https:\/\/www.estilguru.com\/fr\/producto\/system-evolx-linear-printed\/\",\"url\":\"https:\/\/www.estilguru.com\/fr\/producto\/system-evolx-linear-printed\/\",\"name\":\"Syst\u00e8me d'impression lin\u00e9aire Evolux - Estil Guru\",\"isPartOf\":{\"@id\":\"https:\/\/www.estilguru.com\/fr\/#website\"},\"primaryImageOfPage\":{\"@id\":\"https:\/\/www.estilguru.com\/fr\/producto\/system-evolx-linear-printed\/#primaryimage\"},\"image\":{\"@id\":\"https:\/\/www.estilguru.com\/fr\/producto\/system-evolx-linear-printed\/#primaryimage\"},\"thumbnailUrl\":\"https:\/\/www.estilguru.com\/wp-content\/uploads\/2021\/11\/IMPRESA-LINEAL-scaled.jpg\",\"datePublished\":\"2021-12-01T07:50:55+00:00\",\"dateModified\":\"2022-05-26T09:31:29+00:00\",\"breadcrumb\":{\"@id\":\"https:\/\/www.estilguru.com\/fr\/producto\/system-evolx-linear-printed\/#breadcrumb\"},\"inLanguage\":\"fr-FR\",\"potentialAction\":[{\"@type\":\"ReadAction\",\"target\":[\"https:\/\/www.estilguru.com\/fr\/producto\/system-evolx-linear-printed\/\"]}]},{\"@type\":\"ImageObject\",\"inLanguage\":\"fr-FR\",\"@id\":\"https:\/\/www.estilguru.com\/fr\/producto\/system-evolx-linear-printed\/#primaryimage\",\"url\":\"https:\/\/www.estilguru.com\/wp-content\/uploads\/2021\/11\/IMPRESA-LINEAL-scaled.jpg\",\"contentUrl\":\"https:\/\/www.estilguru.com\/wp-content\/uploads\/2021\/11\/IMPRESA-LINEAL-scaled.jpg\",\"width\":2000,\"height\":1124,\"caption\":\"drain lin\u00e9aire imprim\u00e9\"},{\"@type\":\"BreadcrumbList\",\"@id\":\"https:\/\/www.estilguru.com\/fr\/producto\/system-evolx-linear-printed\/#breadcrumb\",\"itemListElement\":[{\"@type\":\"ListItem\",\"position\":1,\"name\":\"Home\",\"item\":\"https:\/\/www.estilguru.com\/fr\/\"},{\"@type\":\"ListItem\",\"position\":2,\"name\":\"Produits\",\"item\":\"https:\/\/www.estilguru.com\/fr\/shop\/\"},{\"@type\":\"ListItem\",\"position\":3,\"name\":\"Syst\u00e8me d&rsquo;impression lin\u00e9aire Evolux\"}]},{\"@type\":\"WebSite\",\"@id\":\"https:\/\/www.estilguru.com\/fr\/#website\",\"url\":\"https:\/\/www.estilguru.com\/fr\/\",\"name\":\"Estil Guru\",\"description\":\"Sistemas de ducha e impermeabilizaci\u00f3n\",\"publisher\":{\"@id\":\"https:\/\/www.estilguru.com\/fr\/#organization\"},\"potentialAction\":[{\"@type\":\"SearchAction\",\"target\":{\"@type\":\"EntryPoint\",\"urlTemplate\":\"https:\/\/www.estilguru.com\/fr\/?s={search_term_string}\"},\"query-input\":{\"@type\":\"PropertyValueSpecification\",\"valueRequired\":true,\"valueName\":\"search_term_string\"}}],\"inLanguage\":\"fr-FR\"},{\"@type\":\"Organization\",\"@id\":\"https:\/\/www.estilguru.com\/fr\/#organization\",\"name\":\"Estil Guru\",\"url\":\"https:\/\/www.estilguru.com\/fr\/\",\"logo\":{\"@type\":\"ImageObject\",\"inLanguage\":\"fr-FR\",\"@id\":\"https:\/\/www.estilguru.com\/fr\/#\/schema\/logo\/image\/\",\"url\":\"https:\/\/www.estilguru.com\/wp-content\/uploads\/2022\/09\/LOGO-GURU-horizontal-centrado-01.png\",\"contentUrl\":\"https:\/\/www.estilguru.com\/wp-content\/uploads\/2022\/09\/LOGO-GURU-horizontal-centrado-01.png\",\"width\":2000,\"height\":663,\"caption\":\"Estil Guru\"},\"image\":{\"@id\":\"https:\/\/www.estilguru.com\/fr\/#\/schema\/logo\/image\/\"}}]}<\/script>\n<!-- \/ Yoast SEO plugin. -->","yoast_head_json":{"title":"Syst\u00e8me d'impression lin\u00e9aire Evolux - Estil Guru","robots":{"index":"index","follow":"follow","max-snippet":"max-snippet:-1","max-image-preview":"max-image-preview:large","max-video-preview":"max-video-preview:-1"},"canonical":"https:\/\/www.estilguru.com\/fr\/producto\/system-evolx-linear-printed\/","og_locale":"fr_FR","og_type":"article","og_title":"Syst\u00e8me d'impression lin\u00e9aire Evolux - Estil Guru","og_description":"Drain de douche imprim\u00e9 personnalis\u00e9 lin\u00e9aire  Il offre une \u00e9tanch\u00e9it\u00e9, une facilit\u00e9 d'installation et prend soin de chaque d\u00e9tail.  Fabriqu\u00e9 avec les meilleurs mat\u00e9riaux, il vous permet de personnaliser le design de votre grille de douche.","og_url":"https:\/\/www.estilguru.com\/fr\/producto\/system-evolx-linear-printed\/","og_site_name":"Estil Guru","article_modified_time":"2022-05-26T09:31:29+00:00","og_image":[{"width":2000,"height":1124,"url":"https:\/\/www.estilguru.com\/wp-content\/uploads\/2021\/11\/IMPRESA-LINEAL-scaled.jpg","type":"image\/jpeg"}],"twitter_card":"summary_large_image","twitter_misc":{"Dur\u00e9e de lecture estim\u00e9e":"1 minute"},"schema":{"@context":"https:\/\/schema.org","@graph":[{"@type":"WebPage","@id":"https:\/\/www.estilguru.com\/fr\/producto\/system-evolx-linear-printed\/","url":"https:\/\/www.estilguru.com\/fr\/producto\/system-evolx-linear-printed\/","name":"Syst\u00e8me d'impression lin\u00e9aire Evolux - Estil Guru","isPartOf":{"@id":"https:\/\/www.estilguru.com\/fr\/#website"},"primaryImageOfPage":{"@id":"https:\/\/www.estilguru.com\/fr\/producto\/system-evolx-linear-printed\/#primaryimage"},"image":{"@id":"https:\/\/www.estilguru.com\/fr\/producto\/system-evolx-linear-printed\/#primaryimage"},"thumbnailUrl":"https:\/\/www.estilguru.com\/wp-content\/uploads\/2021\/11\/IMPRESA-LINEAL-scaled.jpg","datePublished":"2021-12-01T07:50:55+00:00","dateModified":"2022-05-26T09:31:29+00:00","breadcrumb":{"@id":"https:\/\/www.estilguru.com\/fr\/producto\/system-evolx-linear-printed\/#breadcrumb"},"inLanguage":"fr-FR","potentialAction":[{"@type":"ReadAction","target":["https:\/\/www.estilguru.com\/fr\/producto\/system-evolx-linear-printed\/"]}]},{"@type":"ImageObject","inLanguage":"fr-FR","@id":"https:\/\/www.estilguru.com\/fr\/producto\/system-evolx-linear-printed\/#primaryimage","url":"https:\/\/www.estilguru.com\/wp-content\/uploads\/2021\/11\/IMPRESA-LINEAL-scaled.jpg","contentUrl":"https:\/\/www.estilguru.com\/wp-content\/uploads\/2021\/11\/IMPRESA-LINEAL-scaled.jpg","width":2000,"height":1124,"caption":"drain lin\u00e9aire imprim\u00e9"},{"@type":"BreadcrumbList","@id":"https:\/\/www.estilguru.com\/fr\/producto\/system-evolx-linear-printed\/#breadcrumb","itemListElement":[{"@type":"ListItem","position":1,"name":"Home","item":"https:\/\/www.estilguru.com\/fr\/"},{"@type":"ListItem","position":2,"name":"Produits","item":"https:\/\/www.estilguru.com\/fr\/shop\/"},{"@type":"ListItem","position":3,"name":"Syst\u00e8me d&rsquo;impression lin\u00e9aire Evolux"}]},{"@type":"WebSite","@id":"https:\/\/www.estilguru.com\/fr\/#website","url":"https:\/\/www.estilguru.com\/fr\/","name":"Estil Guru","description":"Sistemas de ducha e impermeabilizaci\u00f3n","publisher":{"@id":"https:\/\/www.estilguru.com\/fr\/#organization"},"potentialAction":[{"@type":"SearchAction","target":{"@type":"EntryPoint","urlTemplate":"https:\/\/www.estilguru.com\/fr\/?s={search_term_string}"},"query-input":{"@type":"PropertyValueSpecification","valueRequired":true,"valueName":"search_term_string"}}],"inLanguage":"fr-FR"},{"@type":"Organization","@id":"https:\/\/www.estilguru.com\/fr\/#organization","name":"Estil Guru","url":"https:\/\/www.estilguru.com\/fr\/","logo":{"@type":"ImageObject","inLanguage":"fr-FR","@id":"https:\/\/www.estilguru.com\/fr\/#\/schema\/logo\/image\/","url":"https:\/\/www.estilguru.com\/wp-content\/uploads\/2022\/09\/LOGO-GURU-horizontal-centrado-01.png","contentUrl":"https:\/\/www.estilguru.com\/wp-content\/uploads\/2022\/09\/LOGO-GURU-horizontal-centrado-01.png","width":2000,"height":663,"caption":"Estil Guru"},"image":{"@id":"https:\/\/www.estilguru.com\/fr\/#\/schema\/logo\/image\/"}}]}},"_links":{"self":[{"href":"https:\/\/www.estilguru.com\/fr\/wp-json\/wp\/v2\/product\/4144","targetHints":{"allow":["GET"]}}],"collection":[{"href":"https:\/\/www.estilguru.com\/fr\/wp-json\/wp\/v2\/product"}],"about":[{"href":"https:\/\/www.estilguru.com\/fr\/wp-json\/wp\/v2\/types\/product"}],"version-history":[{"count":0,"href":"https:\/\/www.estilguru.com\/fr\/wp-json\/wp\/v2\/product\/4144\/revisions"}],"wp:featuredmedia":[{"embeddable":true,"href":"https:\/\/www.estilguru.com\/fr\/wp-json\/wp\/v2\/media\/2972"}],"wp:attachment":[{"href":"https:\/\/www.estilguru.com\/fr\/wp-json\/wp\/v2\/media?parent=4144"}],"wp:term":[{"taxonomy":"product_brand","embeddable":true,"href":"https:\/\/www.estilguru.com\/fr\/wp-json\/wp\/v2\/product_brand?post=4144"},{"taxonomy":"product_cat","embeddable":true,"href":"https:\/\/www.estilguru.com\/fr\/wp-json\/wp\/v2\/product_cat?post=4144"},{"taxonomy":"product_tag","embeddable":true,"href":"https:\/\/www.estilguru.com\/fr\/wp-json\/wp\/v2\/product_tag?post=4144"}],"curies":[{"name":"wp","href":"https:\/\/api.w.org\/{rel}","templated":true}]}}