{"id":26816,"date":"2025-03-06T14:08:27","date_gmt":"2025-05-29T13:43:30","guid":{"rendered":"https:\/\/www.estilguru.com\/producto\/evolux-vinyl-shower-system-for-vinyl-floors\/"},"modified":"2025-05-29T13:43:30","modified_gmt":"2025-05-29T13:43:30","slug":"evolux-vinyl-shower-system-for-vinyl-floors","status":"publish","type":"product","link":"https:\/\/www.estilguru.com\/fr\/producto\/evolux-vinyl-shower-system-for-vinyl-floors\/","title":{"rendered":"Evolux Vinyl : syst\u00e8me de douche pour sols en vinyle"},"content":{"rendered":"<p data-start=\"464\" data-end=\"797\">Le <strong data-start=\"467\" data-end=\"500\">syst\u00e8me de douche en vinyle Evolux<\/strong> a \u00e9t\u00e9 con\u00e7u pour assurer un drainage efficace et s\u00fbr des <strong data-start=\"564\" data-end=\"613\">sols de douche en vinyle et des zones humides<\/strong>. Son <strong data-start=\"628\" data-end=\"677\">syst\u00e8me<\/strong> innovant <strong data-start=\"628\" data-end=\"677\">de fixation \u00e9tanche \u00e0 l&rsquo;eau avec mastic MS<\/strong> assure un joint \u00e9tanche \u00e0 l&rsquo;air, \u00e9vitant les fuites et garantissant l&rsquo;imperm\u00e9abilit\u00e9 dans les environnements \u00e0 fort trafic. <\/p>\n<p data-start=\"799\" data-end=\"1073\">Ce syst\u00e8me comprend <strong data-start=\"820\" data-end=\"864\">une goutti\u00e8re et un cadre avec garniture<\/strong>, ce qui facilite son installation dans les <strong data-start=\"896\" data-end=\"1002\">h\u00f4pitaux, les laboratoires, les salles de sport, les vestiaires, les salles blanches et tout espace technique<\/strong> o\u00f9 l&rsquo;hygi\u00e8ne et la protection contre l&rsquo;humidit\u00e9 sont essentielles.<\/p>\n<p data-start=\"1075\" data-end=\"1377\" data-is-last-node=\"\" data-is-only-node=\"\">Sa conception optimis\u00e9e permet une <strong data-start=\"1108\" data-end=\"1139\">installation rapide et s\u00fbre<\/strong>, s&rsquo;adaptant aux projets qui n\u00e9cessitent une solution de drainage fiable sans compromettre la r\u00e9sistance du rev\u00eatement de sol en vinyle. <strong data-start=\"1261\" data-end=\"1277\">Evolux Vinyl<\/strong> est le choix parfait pour garder les espaces secs, hygi\u00e9niques et fonctionnels dans les environnements exigeants.<\/p>\n<p data-start=\"1075\" data-end=\"1377\" data-is-last-node=\"\" data-is-only-node=\"\">\n<strong>Caract\u00e9ristiques et donn\u00e9es techniques<\/strong><\/p>\n<ul>\n<li data-start=\"1075\" data-end=\"1377\">Structure en acier inoxydable<\/li>\n<li data-start=\"1075\" data-end=\"1377\">Etanch\u00e9it\u00e9 assur\u00e9e<\/li>\n<li data-start=\"1075\" data-end=\"1377\">Capacit\u00e9 de drainage \u00e9lev\u00e9e<\/li>\n<li data-start=\"1075\" data-end=\"1377\">Pince r\u00e9glable de 1 mm \u00e0 5 mm<\/li>\n<li data-start=\"1075\" data-end=\"1377\">Antivandalisme<\/li>\n<li data-start=\"1075\" data-end=\"1377\">Acier inoxydable<\/li>\n<li data-start=\"1075\" data-end=\"1377\">Tondeuse amovible incluse<\/li>\n<li data-start=\"1075\" data-end=\"1377\">Auto-nettoyage<\/li>\n<li data-start=\"1075\" data-end=\"1377\">Installation facile<\/li>\n<\/ul>\n<p data-start=\"1075\" data-end=\"1377\" data-is-last-node=\"\" data-is-only-node=\"\">\n","protected":false},"excerpt":{"rendered":"<p>Le <strong data-start=\"41\" data-end=\"74\">syst\u00e8me de douche en vinyle Evolux<\/strong> est la solution id\u00e9ale pour les <strong data-start=\"101\" data-end=\"150\">rev\u00eatements de sol en vinyle dans les douches et les zones humides<\/strong>, garantissant une <strong data-start=\"165\" data-end=\"208\" data-is-only-node=\"\">\u00e9tanch\u00e9it\u00e9 maximale et une installation facile<\/strong>. Sa conception innovante, avec <strong data-start=\"234\" data-end=\"281\">son syst\u00e8me de fixation \u00e9tanche et son mastic MS<\/strong>, le rend parfait pour les h\u00f4pitaux, les laboratoires, les vestiaires et les environnements exigeants. <\/p>\n","protected":false},"featured_media":23856,"template":"","meta":{"site-sidebar-layout":"default","site-content-layout":"default","ast-main-header-display":"","ast-hfb-above-header-display":"","ast-hfb-below-header-display":"","ast-hfb-mobile-header-display":"","site-post-title":"","ast-breadcrumbs-content":"","ast-featured-img":"","footer-sml-layout":"","theme-transparent-header-meta":"default","adv-header-id-meta":"","stick-header-meta":"","header-above-stick-meta":"","header-main-stick-meta":"","header-below-stick-meta":""},"product_brand":[],"product_cat":[95],"product_tag":[],"class_list":{"0":"post-26816","1":"product","2":"type-product","3":"status-publish","4":"has-post-thumbnail","6":"product_cat-siphons-de-sol-de-douche","8":"first","9":"instock","10":"shipping-taxable","11":"product-type-simple"},"yoast_head":"<!-- This site is optimized with the Yoast SEO plugin v27.1.1 - https:\/\/yoast.com\/product\/yoast-seo-wordpress\/ -->\n<title>Evolux Vinyl : syst\u00e8me de douche pour sols en vinyle - Estil Guru<\/title>\n<meta name=\"robots\" content=\"index, follow, max-snippet:-1, max-image-preview:large, max-video-preview:-1\" \/>\n<link rel=\"canonical\" href=\"https:\/\/www.estilguru.com\/fr\/producto\/evolux-vinyl-shower-system-for-vinyl-floors\/\" \/>\n<meta property=\"og:locale\" content=\"fr_FR\" \/>\n<meta property=\"og:type\" content=\"article\" \/>\n<meta property=\"og:title\" content=\"Evolux Vinyl : syst\u00e8me de douche pour sols en vinyle - Estil Guru\" \/>\n<meta property=\"og:description\" content=\"Le syst\u00e8me de douche en vinyle Evolux est la solution id\u00e9ale pour les rev\u00eatements de sol en vinyle dans les douches et les zones humides, garantissant une \u00e9tanch\u00e9it\u00e9 maximale et une installation facile. Sa conception innovante, avec son syst\u00e8me de fixation \u00e9tanche et son mastic MS, le rend parfait pour les h\u00f4pitaux, les laboratoires, les vestiaires et les environnements exigeants.\" \/>\n<meta property=\"og:url\" content=\"https:\/\/www.estilguru.com\/fr\/producto\/evolux-vinyl-shower-system-for-vinyl-floors\/\" \/>\n<meta property=\"og:site_name\" content=\"Estil Guru\" \/>\n<meta property=\"og:image\" content=\"https:\/\/www.estilguru.com\/wp-content\/uploads\/2025\/03\/EVOLUX-VINYL-BUENO-1.jpg\" \/>\n\t<meta property=\"og:image:width\" content=\"2105\" \/>\n\t<meta property=\"og:image:height\" content=\"1489\" \/>\n\t<meta property=\"og:image:type\" content=\"image\/jpeg\" \/>\n<meta name=\"twitter:card\" content=\"summary_large_image\" \/>\n<meta name=\"twitter:label1\" content=\"Dur\u00e9e de lecture estim\u00e9e\" \/>\n\t<meta name=\"twitter:data1\" content=\"1 minute\" \/>\n<script type=\"application\/ld+json\" class=\"yoast-schema-graph\">{\"@context\":\"https:\/\/schema.org\",\"@graph\":[{\"@type\":\"WebPage\",\"@id\":\"https:\/\/www.estilguru.com\/fr\/producto\/evolux-vinyl-shower-system-for-vinyl-floors\/\",\"url\":\"https:\/\/www.estilguru.com\/fr\/producto\/evolux-vinyl-shower-system-for-vinyl-floors\/\",\"name\":\"Evolux Vinyl : syst\u00e8me de douche pour sols en vinyle - Estil Guru\",\"isPartOf\":{\"@id\":\"https:\/\/www.estilguru.com\/fr\/#website\"},\"primaryImageOfPage\":{\"@id\":\"https:\/\/www.estilguru.com\/fr\/producto\/evolux-vinyl-shower-system-for-vinyl-floors\/#primaryimage\"},\"image\":{\"@id\":\"https:\/\/www.estilguru.com\/fr\/producto\/evolux-vinyl-shower-system-for-vinyl-floors\/#primaryimage\"},\"thumbnailUrl\":\"https:\/\/www.estilguru.com\/wp-content\/uploads\/2025\/03\/EVOLUX-VINYL-BUENO-1.jpg\",\"datePublished\":\"2025-05-29T13:43:30+00:00\",\"breadcrumb\":{\"@id\":\"https:\/\/www.estilguru.com\/fr\/producto\/evolux-vinyl-shower-system-for-vinyl-floors\/#breadcrumb\"},\"inLanguage\":\"fr-FR\",\"potentialAction\":[{\"@type\":\"ReadAction\",\"target\":[\"https:\/\/www.estilguru.com\/fr\/producto\/evolux-vinyl-shower-system-for-vinyl-floors\/\"]}]},{\"@type\":\"ImageObject\",\"inLanguage\":\"fr-FR\",\"@id\":\"https:\/\/www.estilguru.com\/fr\/producto\/evolux-vinyl-shower-system-for-vinyl-floors\/#primaryimage\",\"url\":\"https:\/\/www.estilguru.com\/wp-content\/uploads\/2025\/03\/EVOLUX-VINYL-BUENO-1.jpg\",\"contentUrl\":\"https:\/\/www.estilguru.com\/wp-content\/uploads\/2025\/03\/EVOLUX-VINYL-BUENO-1.jpg\",\"width\":2105,\"height\":1489,\"caption\":\"douches pour rev\u00eatements de sol en vinyle\"},{\"@type\":\"BreadcrumbList\",\"@id\":\"https:\/\/www.estilguru.com\/fr\/producto\/evolux-vinyl-shower-system-for-vinyl-floors\/#breadcrumb\",\"itemListElement\":[{\"@type\":\"ListItem\",\"position\":1,\"name\":\"Home\",\"item\":\"https:\/\/www.estilguru.com\/fr\/\"},{\"@type\":\"ListItem\",\"position\":2,\"name\":\"Produits\",\"item\":\"https:\/\/www.estilguru.com\/fr\/shop\/\"},{\"@type\":\"ListItem\",\"position\":3,\"name\":\"Evolux Vinyl : syst\u00e8me de douche pour sols en vinyle\"}]},{\"@type\":\"WebSite\",\"@id\":\"https:\/\/www.estilguru.com\/fr\/#website\",\"url\":\"https:\/\/www.estilguru.com\/fr\/\",\"name\":\"Estil Guru\",\"description\":\"Sistemas de ducha e impermeabilizaci\u00f3n\",\"publisher\":{\"@id\":\"https:\/\/www.estilguru.com\/fr\/#organization\"},\"potentialAction\":[{\"@type\":\"SearchAction\",\"target\":{\"@type\":\"EntryPoint\",\"urlTemplate\":\"https:\/\/www.estilguru.com\/fr\/?s={search_term_string}\"},\"query-input\":{\"@type\":\"PropertyValueSpecification\",\"valueRequired\":true,\"valueName\":\"search_term_string\"}}],\"inLanguage\":\"fr-FR\"},{\"@type\":\"Organization\",\"@id\":\"https:\/\/www.estilguru.com\/fr\/#organization\",\"name\":\"Estil Guru\",\"url\":\"https:\/\/www.estilguru.com\/fr\/\",\"logo\":{\"@type\":\"ImageObject\",\"inLanguage\":\"fr-FR\",\"@id\":\"https:\/\/www.estilguru.com\/fr\/#\/schema\/logo\/image\/\",\"url\":\"https:\/\/www.estilguru.com\/wp-content\/uploads\/2022\/09\/LOGO-GURU-horizontal-centrado-01.png\",\"contentUrl\":\"https:\/\/www.estilguru.com\/wp-content\/uploads\/2022\/09\/LOGO-GURU-horizontal-centrado-01.png\",\"width\":2000,\"height\":663,\"caption\":\"Estil Guru\"},\"image\":{\"@id\":\"https:\/\/www.estilguru.com\/fr\/#\/schema\/logo\/image\/\"}}]}<\/script>\n<!-- \/ Yoast SEO plugin. -->","yoast_head_json":{"title":"Evolux Vinyl : syst\u00e8me de douche pour sols en vinyle - Estil Guru","robots":{"index":"index","follow":"follow","max-snippet":"max-snippet:-1","max-image-preview":"max-image-preview:large","max-video-preview":"max-video-preview:-1"},"canonical":"https:\/\/www.estilguru.com\/fr\/producto\/evolux-vinyl-shower-system-for-vinyl-floors\/","og_locale":"fr_FR","og_type":"article","og_title":"Evolux Vinyl : syst\u00e8me de douche pour sols en vinyle - Estil Guru","og_description":"Le syst\u00e8me de douche en vinyle Evolux est la solution id\u00e9ale pour les rev\u00eatements de sol en vinyle dans les douches et les zones humides, garantissant une \u00e9tanch\u00e9it\u00e9 maximale et une installation facile. Sa conception innovante, avec son syst\u00e8me de fixation \u00e9tanche et son mastic MS, le rend parfait pour les h\u00f4pitaux, les laboratoires, les vestiaires et les environnements exigeants.","og_url":"https:\/\/www.estilguru.com\/fr\/producto\/evolux-vinyl-shower-system-for-vinyl-floors\/","og_site_name":"Estil Guru","og_image":[{"width":2105,"height":1489,"url":"https:\/\/www.estilguru.com\/wp-content\/uploads\/2025\/03\/EVOLUX-VINYL-BUENO-1.jpg","type":"image\/jpeg"}],"twitter_card":"summary_large_image","twitter_misc":{"Dur\u00e9e de lecture estim\u00e9e":"1 minute"},"schema":{"@context":"https:\/\/schema.org","@graph":[{"@type":"WebPage","@id":"https:\/\/www.estilguru.com\/fr\/producto\/evolux-vinyl-shower-system-for-vinyl-floors\/","url":"https:\/\/www.estilguru.com\/fr\/producto\/evolux-vinyl-shower-system-for-vinyl-floors\/","name":"Evolux Vinyl : syst\u00e8me de douche pour sols en vinyle - Estil Guru","isPartOf":{"@id":"https:\/\/www.estilguru.com\/fr\/#website"},"primaryImageOfPage":{"@id":"https:\/\/www.estilguru.com\/fr\/producto\/evolux-vinyl-shower-system-for-vinyl-floors\/#primaryimage"},"image":{"@id":"https:\/\/www.estilguru.com\/fr\/producto\/evolux-vinyl-shower-system-for-vinyl-floors\/#primaryimage"},"thumbnailUrl":"https:\/\/www.estilguru.com\/wp-content\/uploads\/2025\/03\/EVOLUX-VINYL-BUENO-1.jpg","datePublished":"2025-05-29T13:43:30+00:00","breadcrumb":{"@id":"https:\/\/www.estilguru.com\/fr\/producto\/evolux-vinyl-shower-system-for-vinyl-floors\/#breadcrumb"},"inLanguage":"fr-FR","potentialAction":[{"@type":"ReadAction","target":["https:\/\/www.estilguru.com\/fr\/producto\/evolux-vinyl-shower-system-for-vinyl-floors\/"]}]},{"@type":"ImageObject","inLanguage":"fr-FR","@id":"https:\/\/www.estilguru.com\/fr\/producto\/evolux-vinyl-shower-system-for-vinyl-floors\/#primaryimage","url":"https:\/\/www.estilguru.com\/wp-content\/uploads\/2025\/03\/EVOLUX-VINYL-BUENO-1.jpg","contentUrl":"https:\/\/www.estilguru.com\/wp-content\/uploads\/2025\/03\/EVOLUX-VINYL-BUENO-1.jpg","width":2105,"height":1489,"caption":"douches pour rev\u00eatements de sol en vinyle"},{"@type":"BreadcrumbList","@id":"https:\/\/www.estilguru.com\/fr\/producto\/evolux-vinyl-shower-system-for-vinyl-floors\/#breadcrumb","itemListElement":[{"@type":"ListItem","position":1,"name":"Home","item":"https:\/\/www.estilguru.com\/fr\/"},{"@type":"ListItem","position":2,"name":"Produits","item":"https:\/\/www.estilguru.com\/fr\/shop\/"},{"@type":"ListItem","position":3,"name":"Evolux Vinyl : syst\u00e8me de douche pour sols en vinyle"}]},{"@type":"WebSite","@id":"https:\/\/www.estilguru.com\/fr\/#website","url":"https:\/\/www.estilguru.com\/fr\/","name":"Estil Guru","description":"Sistemas de ducha e impermeabilizaci\u00f3n","publisher":{"@id":"https:\/\/www.estilguru.com\/fr\/#organization"},"potentialAction":[{"@type":"SearchAction","target":{"@type":"EntryPoint","urlTemplate":"https:\/\/www.estilguru.com\/fr\/?s={search_term_string}"},"query-input":{"@type":"PropertyValueSpecification","valueRequired":true,"valueName":"search_term_string"}}],"inLanguage":"fr-FR"},{"@type":"Organization","@id":"https:\/\/www.estilguru.com\/fr\/#organization","name":"Estil Guru","url":"https:\/\/www.estilguru.com\/fr\/","logo":{"@type":"ImageObject","inLanguage":"fr-FR","@id":"https:\/\/www.estilguru.com\/fr\/#\/schema\/logo\/image\/","url":"https:\/\/www.estilguru.com\/wp-content\/uploads\/2022\/09\/LOGO-GURU-horizontal-centrado-01.png","contentUrl":"https:\/\/www.estilguru.com\/wp-content\/uploads\/2022\/09\/LOGO-GURU-horizontal-centrado-01.png","width":2000,"height":663,"caption":"Estil Guru"},"image":{"@id":"https:\/\/www.estilguru.com\/fr\/#\/schema\/logo\/image\/"}}]}},"_links":{"self":[{"href":"https:\/\/www.estilguru.com\/fr\/wp-json\/wp\/v2\/product\/26816","targetHints":{"allow":["GET"]}}],"collection":[{"href":"https:\/\/www.estilguru.com\/fr\/wp-json\/wp\/v2\/product"}],"about":[{"href":"https:\/\/www.estilguru.com\/fr\/wp-json\/wp\/v2\/types\/product"}],"version-history":[{"count":0,"href":"https:\/\/www.estilguru.com\/fr\/wp-json\/wp\/v2\/product\/26816\/revisions"}],"wp:featuredmedia":[{"embeddable":true,"href":"https:\/\/www.estilguru.com\/fr\/wp-json\/wp\/v2\/media\/23856"}],"wp:attachment":[{"href":"https:\/\/www.estilguru.com\/fr\/wp-json\/wp\/v2\/media?parent=26816"}],"wp:term":[{"taxonomy":"product_brand","embeddable":true,"href":"https:\/\/www.estilguru.com\/fr\/wp-json\/wp\/v2\/product_brand?post=26816"},{"taxonomy":"product_cat","embeddable":true,"href":"https:\/\/www.estilguru.com\/fr\/wp-json\/wp\/v2\/product_cat?post=26816"},{"taxonomy":"product_tag","embeddable":true,"href":"https:\/\/www.estilguru.com\/fr\/wp-json\/wp\/v2\/product_tag?post=26816"}],"curies":[{"name":"wp","href":"https:\/\/api.w.org\/{rel}","templated":true}]}}