{"id":26810,"date":"2025-03-21T16:07:01","date_gmt":"2025-05-29T13:41:15","guid":{"rendered":"https:\/\/www.estilguru.com\/producto\/w-s-sink-prefabricated-stack\/"},"modified":"2025-07-30T11:16:44","modified_gmt":"2025-07-30T11:16:44","slug":"w-s-sink-prefabricated-stack","status":"publish","type":"product","link":"https:\/\/www.estilguru.com\/fr\/producto\/w-s-sink-prefabricated-stack\/","title":{"rendered":"W-S Sink &#8211; Bassin pr\u00e9fabriqu\u00e9"},"content":{"rendered":"<div class=\"flex max-w-full flex-col flex-grow\">\n<div class=\"min-h-8 text-message relative flex w-full flex-col items-end gap-2 whitespace-normal break-words text-start [.text-message+&amp;]:mt-5\" dir=\"auto\" data-message-author-role=\"assistant\" data-message-id=\"044fe2be-2986-4701-b471-f2965c1d298b\" data-message-model-slug=\"gpt-4-5\">\n<div class=\"flex w-full flex-col gap-1 empty:hidden first:pt-[3px]\">\n<div class=\"markdown prose w-full break-words dark:prose-invert light\">\n<p data-start=\"0\" data-end=\"419\">L&rsquo;\u00e9vier pr\u00e9fabriqu\u00e9 W-S est la solution parfaite pour les cuisines modernes et fonctionnelles. Fabriqu\u00e9 avec nos panneaux \u00e9tanches exclusifs W-S Board, il offre une \u00e9tanch\u00e9it\u00e9, une r\u00e9sistance et une durabilit\u00e9 maximales. Sa base pr\u00e9 inclin\u00e9e facilite un drainage efficace, tandis que sa surface int\u00e9rieure permet un carrelage direct avec de la c\u00e9ramique ou du microciment pour une int\u00e9gration totale au style de votre cuisine.<\/p>\n<p data-start=\"421\" data-end=\"680\">Gr\u00e2ce \u00e0 son int\u00e9rieur spacieux, l&rsquo;\u00e9vier W-S am\u00e9liore le confort de lavage et simplifie l&rsquo;installation du robinet directement sur le plan de travail. Il est \u00e9galement dot\u00e9 d&rsquo;un \u00e9l\u00e9gant trop-plein en acier inoxydable qui ajoute une touche sophistiqu\u00e9e \u00e0 son design.<\/p>\n<p data-start=\"682\" data-end=\"777\" data-is-last-node=\"\" data-is-only-node=\"\">W-S Sink est l&rsquo;\u00e9vier id\u00e9al pour diff\u00e9rencier et am\u00e9liorer toute cuisine ou espace de lavage.<\/p>\n<\/div>\n<\/div>\n<\/div>\n<\/div>\n<div class=\"mb-2 flex gap-3 -ml-2\">\n<div class=\"flex items-center justify-start rounded-xl p-1\">\n<div>\n<div class=\"flex items-center\"><\/div>\n<\/div>\n<\/div>\n<\/div>\n<p><strong>CARACT\u00c9RISTIQUES G\u00c9N\u00c9RALES<\/strong><\/p>\n<ul>\n<li>Pr\u00e9fabriqu\u00e9 et imperm\u00e9abilis\u00e9<\/li>\n<li>Pr\u00eat \u00e0 rev\u00eatir<\/li>\n<li>Adaptabilit\u00e9 et polyvalence de l&rsquo;installation<\/li>\n<\/ul>\n<p><strong>DONN\u00c9ES TECHNIQUES<\/strong><\/p>\n<ul>\n<li>Dimensions ext\u00e9rieures : 850 x 450 x 240 mm<\/li>\n<li>Pentes internes de 1,5 %.<\/li>\n<li>Deux couches de BOARD W-S (int\u00e9rieure et ext\u00e9rieure).<\/li>\n<\/ul>\n","protected":false},"excerpt":{"rendered":"<p>L&rsquo;\u00e9vier pr\u00e9fabriqu\u00e9 W-S est la solution parfaite pour les cuisines modernes et fonctionnelles. Fabriqu\u00e9 avec nos panneaux \u00e9tanches exclusifs W-S Board, il offre une \u00e9tanch\u00e9it\u00e9, une r\u00e9sistance et une durabilit\u00e9 maximales.<\/p>\n","protected":false},"featured_media":24637,"template":"","meta":{"site-sidebar-layout":"default","site-content-layout":"default","ast-main-header-display":"","ast-hfb-above-header-display":"","ast-hfb-below-header-display":"","ast-hfb-mobile-header-display":"","site-post-title":"","ast-breadcrumbs-content":"","ast-featured-img":"","footer-sml-layout":"","theme-transparent-header-meta":"default","adv-header-id-meta":"","stick-header-meta":"","header-above-stick-meta":"","header-main-stick-meta":"","header-below-stick-meta":""},"product_brand":[],"product_cat":[273,94],"product_tag":[],"class_list":{"0":"post-26810","1":"product","2":"type-product","3":"status-publish","4":"has-post-thumbnail","6":"product_cat-construction-seche","7":"product_cat-systemes-detancheite","9":"first","10":"instock","11":"shipping-taxable","12":"product-type-simple"},"yoast_head":"<!-- This site is optimized with the Yoast SEO plugin v27.1.1 - https:\/\/yoast.com\/product\/yoast-seo-wordpress\/ -->\n<title>W-S Sink - Bassin pr\u00e9fabriqu\u00e9 - Estil Guru<\/title>\n<meta name=\"robots\" content=\"index, follow, max-snippet:-1, max-image-preview:large, max-video-preview:-1\" \/>\n<link rel=\"canonical\" href=\"https:\/\/www.estilguru.com\/fr\/producto\/w-s-sink-prefabricated-stack\/\" \/>\n<meta property=\"og:locale\" content=\"fr_FR\" \/>\n<meta property=\"og:type\" content=\"article\" \/>\n<meta property=\"og:title\" content=\"W-S Sink - Bassin pr\u00e9fabriqu\u00e9 - Estil Guru\" \/>\n<meta property=\"og:description\" content=\"L&#039;\u00e9vier pr\u00e9fabriqu\u00e9 W-S est la solution parfaite pour les cuisines modernes et fonctionnelles. Fabriqu\u00e9 avec nos panneaux \u00e9tanches exclusifs W-S Board, il offre une \u00e9tanch\u00e9it\u00e9, une r\u00e9sistance et une durabilit\u00e9 maximales.\" \/>\n<meta property=\"og:url\" content=\"https:\/\/www.estilguru.com\/fr\/producto\/w-s-sink-prefabricated-stack\/\" \/>\n<meta property=\"og:site_name\" content=\"Estil Guru\" \/>\n<meta property=\"article:modified_time\" content=\"2025-07-30T11:16:44+00:00\" \/>\n<meta property=\"og:image\" content=\"https:\/\/www.estilguru.com\/wp-content\/uploads\/2025\/03\/W-S-WASIN-SOPORTE.40-1.jpg\" \/>\n\t<meta property=\"og:image:width\" content=\"1800\" \/>\n\t<meta property=\"og:image:height\" content=\"1263\" \/>\n\t<meta property=\"og:image:type\" content=\"image\/jpeg\" \/>\n<meta name=\"twitter:card\" content=\"summary_large_image\" \/>\n<meta name=\"twitter:label1\" content=\"Dur\u00e9e de lecture estim\u00e9e\" \/>\n\t<meta name=\"twitter:data1\" content=\"1 minute\" \/>\n<script type=\"application\/ld+json\" class=\"yoast-schema-graph\">{\"@context\":\"https:\/\/schema.org\",\"@graph\":[{\"@type\":\"WebPage\",\"@id\":\"https:\/\/www.estilguru.com\/fr\/producto\/w-s-sink-prefabricated-stack\/\",\"url\":\"https:\/\/www.estilguru.com\/fr\/producto\/w-s-sink-prefabricated-stack\/\",\"name\":\"W-S Sink - Bassin pr\u00e9fabriqu\u00e9 - Estil Guru\",\"isPartOf\":{\"@id\":\"https:\/\/www.estilguru.com\/fr\/#website\"},\"primaryImageOfPage\":{\"@id\":\"https:\/\/www.estilguru.com\/fr\/producto\/w-s-sink-prefabricated-stack\/#primaryimage\"},\"image\":{\"@id\":\"https:\/\/www.estilguru.com\/fr\/producto\/w-s-sink-prefabricated-stack\/#primaryimage\"},\"thumbnailUrl\":\"https:\/\/www.estilguru.com\/wp-content\/uploads\/2025\/03\/W-S-WASIN-SOPORTE.40-1.jpg\",\"datePublished\":\"2025-05-29T13:41:15+00:00\",\"dateModified\":\"2025-07-30T11:16:44+00:00\",\"breadcrumb\":{\"@id\":\"https:\/\/www.estilguru.com\/fr\/producto\/w-s-sink-prefabricated-stack\/#breadcrumb\"},\"inLanguage\":\"fr-FR\",\"potentialAction\":[{\"@type\":\"ReadAction\",\"target\":[\"https:\/\/www.estilguru.com\/fr\/producto\/w-s-sink-prefabricated-stack\/\"]}]},{\"@type\":\"ImageObject\",\"inLanguage\":\"fr-FR\",\"@id\":\"https:\/\/www.estilguru.com\/fr\/producto\/w-s-sink-prefabricated-stack\/#primaryimage\",\"url\":\"https:\/\/www.estilguru.com\/wp-content\/uploads\/2025\/03\/W-S-WASIN-SOPORTE.40-1.jpg\",\"contentUrl\":\"https:\/\/www.estilguru.com\/wp-content\/uploads\/2025\/03\/W-S-WASIN-SOPORTE.40-1.jpg\",\"width\":1800,\"height\":1263,\"caption\":\"batterie \u00e9tanche\"},{\"@type\":\"BreadcrumbList\",\"@id\":\"https:\/\/www.estilguru.com\/fr\/producto\/w-s-sink-prefabricated-stack\/#breadcrumb\",\"itemListElement\":[{\"@type\":\"ListItem\",\"position\":1,\"name\":\"Home\",\"item\":\"https:\/\/www.estilguru.com\/fr\/\"},{\"@type\":\"ListItem\",\"position\":2,\"name\":\"Produits\",\"item\":\"https:\/\/www.estilguru.com\/fr\/shop\/\"},{\"@type\":\"ListItem\",\"position\":3,\"name\":\"W-S Sink &#8211; Bassin pr\u00e9fabriqu\u00e9\"}]},{\"@type\":\"WebSite\",\"@id\":\"https:\/\/www.estilguru.com\/fr\/#website\",\"url\":\"https:\/\/www.estilguru.com\/fr\/\",\"name\":\"Estil Guru\",\"description\":\"Sistemas de ducha e impermeabilizaci\u00f3n\",\"publisher\":{\"@id\":\"https:\/\/www.estilguru.com\/fr\/#organization\"},\"potentialAction\":[{\"@type\":\"SearchAction\",\"target\":{\"@type\":\"EntryPoint\",\"urlTemplate\":\"https:\/\/www.estilguru.com\/fr\/?s={search_term_string}\"},\"query-input\":{\"@type\":\"PropertyValueSpecification\",\"valueRequired\":true,\"valueName\":\"search_term_string\"}}],\"inLanguage\":\"fr-FR\"},{\"@type\":\"Organization\",\"@id\":\"https:\/\/www.estilguru.com\/fr\/#organization\",\"name\":\"Estil Guru\",\"url\":\"https:\/\/www.estilguru.com\/fr\/\",\"logo\":{\"@type\":\"ImageObject\",\"inLanguage\":\"fr-FR\",\"@id\":\"https:\/\/www.estilguru.com\/fr\/#\/schema\/logo\/image\/\",\"url\":\"https:\/\/www.estilguru.com\/wp-content\/uploads\/2022\/09\/LOGO-GURU-horizontal-centrado-01.png\",\"contentUrl\":\"https:\/\/www.estilguru.com\/wp-content\/uploads\/2022\/09\/LOGO-GURU-horizontal-centrado-01.png\",\"width\":2000,\"height\":663,\"caption\":\"Estil Guru\"},\"image\":{\"@id\":\"https:\/\/www.estilguru.com\/fr\/#\/schema\/logo\/image\/\"}}]}<\/script>\n<!-- \/ Yoast SEO plugin. -->","yoast_head_json":{"title":"W-S Sink - Bassin pr\u00e9fabriqu\u00e9 - Estil Guru","robots":{"index":"index","follow":"follow","max-snippet":"max-snippet:-1","max-image-preview":"max-image-preview:large","max-video-preview":"max-video-preview:-1"},"canonical":"https:\/\/www.estilguru.com\/fr\/producto\/w-s-sink-prefabricated-stack\/","og_locale":"fr_FR","og_type":"article","og_title":"W-S Sink - Bassin pr\u00e9fabriqu\u00e9 - Estil Guru","og_description":"L'\u00e9vier pr\u00e9fabriqu\u00e9 W-S est la solution parfaite pour les cuisines modernes et fonctionnelles. Fabriqu\u00e9 avec nos panneaux \u00e9tanches exclusifs W-S Board, il offre une \u00e9tanch\u00e9it\u00e9, une r\u00e9sistance et une durabilit\u00e9 maximales.","og_url":"https:\/\/www.estilguru.com\/fr\/producto\/w-s-sink-prefabricated-stack\/","og_site_name":"Estil Guru","article_modified_time":"2025-07-30T11:16:44+00:00","og_image":[{"width":1800,"height":1263,"url":"https:\/\/www.estilguru.com\/wp-content\/uploads\/2025\/03\/W-S-WASIN-SOPORTE.40-1.jpg","type":"image\/jpeg"}],"twitter_card":"summary_large_image","twitter_misc":{"Dur\u00e9e de lecture estim\u00e9e":"1 minute"},"schema":{"@context":"https:\/\/schema.org","@graph":[{"@type":"WebPage","@id":"https:\/\/www.estilguru.com\/fr\/producto\/w-s-sink-prefabricated-stack\/","url":"https:\/\/www.estilguru.com\/fr\/producto\/w-s-sink-prefabricated-stack\/","name":"W-S Sink - Bassin pr\u00e9fabriqu\u00e9 - Estil Guru","isPartOf":{"@id":"https:\/\/www.estilguru.com\/fr\/#website"},"primaryImageOfPage":{"@id":"https:\/\/www.estilguru.com\/fr\/producto\/w-s-sink-prefabricated-stack\/#primaryimage"},"image":{"@id":"https:\/\/www.estilguru.com\/fr\/producto\/w-s-sink-prefabricated-stack\/#primaryimage"},"thumbnailUrl":"https:\/\/www.estilguru.com\/wp-content\/uploads\/2025\/03\/W-S-WASIN-SOPORTE.40-1.jpg","datePublished":"2025-05-29T13:41:15+00:00","dateModified":"2025-07-30T11:16:44+00:00","breadcrumb":{"@id":"https:\/\/www.estilguru.com\/fr\/producto\/w-s-sink-prefabricated-stack\/#breadcrumb"},"inLanguage":"fr-FR","potentialAction":[{"@type":"ReadAction","target":["https:\/\/www.estilguru.com\/fr\/producto\/w-s-sink-prefabricated-stack\/"]}]},{"@type":"ImageObject","inLanguage":"fr-FR","@id":"https:\/\/www.estilguru.com\/fr\/producto\/w-s-sink-prefabricated-stack\/#primaryimage","url":"https:\/\/www.estilguru.com\/wp-content\/uploads\/2025\/03\/W-S-WASIN-SOPORTE.40-1.jpg","contentUrl":"https:\/\/www.estilguru.com\/wp-content\/uploads\/2025\/03\/W-S-WASIN-SOPORTE.40-1.jpg","width":1800,"height":1263,"caption":"batterie \u00e9tanche"},{"@type":"BreadcrumbList","@id":"https:\/\/www.estilguru.com\/fr\/producto\/w-s-sink-prefabricated-stack\/#breadcrumb","itemListElement":[{"@type":"ListItem","position":1,"name":"Home","item":"https:\/\/www.estilguru.com\/fr\/"},{"@type":"ListItem","position":2,"name":"Produits","item":"https:\/\/www.estilguru.com\/fr\/shop\/"},{"@type":"ListItem","position":3,"name":"W-S Sink &#8211; Bassin pr\u00e9fabriqu\u00e9"}]},{"@type":"WebSite","@id":"https:\/\/www.estilguru.com\/fr\/#website","url":"https:\/\/www.estilguru.com\/fr\/","name":"Estil Guru","description":"Sistemas de ducha e impermeabilizaci\u00f3n","publisher":{"@id":"https:\/\/www.estilguru.com\/fr\/#organization"},"potentialAction":[{"@type":"SearchAction","target":{"@type":"EntryPoint","urlTemplate":"https:\/\/www.estilguru.com\/fr\/?s={search_term_string}"},"query-input":{"@type":"PropertyValueSpecification","valueRequired":true,"valueName":"search_term_string"}}],"inLanguage":"fr-FR"},{"@type":"Organization","@id":"https:\/\/www.estilguru.com\/fr\/#organization","name":"Estil Guru","url":"https:\/\/www.estilguru.com\/fr\/","logo":{"@type":"ImageObject","inLanguage":"fr-FR","@id":"https:\/\/www.estilguru.com\/fr\/#\/schema\/logo\/image\/","url":"https:\/\/www.estilguru.com\/wp-content\/uploads\/2022\/09\/LOGO-GURU-horizontal-centrado-01.png","contentUrl":"https:\/\/www.estilguru.com\/wp-content\/uploads\/2022\/09\/LOGO-GURU-horizontal-centrado-01.png","width":2000,"height":663,"caption":"Estil Guru"},"image":{"@id":"https:\/\/www.estilguru.com\/fr\/#\/schema\/logo\/image\/"}}]}},"_links":{"self":[{"href":"https:\/\/www.estilguru.com\/fr\/wp-json\/wp\/v2\/product\/26810","targetHints":{"allow":["GET"]}}],"collection":[{"href":"https:\/\/www.estilguru.com\/fr\/wp-json\/wp\/v2\/product"}],"about":[{"href":"https:\/\/www.estilguru.com\/fr\/wp-json\/wp\/v2\/types\/product"}],"version-history":[{"count":0,"href":"https:\/\/www.estilguru.com\/fr\/wp-json\/wp\/v2\/product\/26810\/revisions"}],"wp:featuredmedia":[{"embeddable":true,"href":"https:\/\/www.estilguru.com\/fr\/wp-json\/wp\/v2\/media\/24637"}],"wp:attachment":[{"href":"https:\/\/www.estilguru.com\/fr\/wp-json\/wp\/v2\/media?parent=26810"}],"wp:term":[{"taxonomy":"product_brand","embeddable":true,"href":"https:\/\/www.estilguru.com\/fr\/wp-json\/wp\/v2\/product_brand?post=26810"},{"taxonomy":"product_cat","embeddable":true,"href":"https:\/\/www.estilguru.com\/fr\/wp-json\/wp\/v2\/product_cat?post=26810"},{"taxonomy":"product_tag","embeddable":true,"href":"https:\/\/www.estilguru.com\/fr\/wp-json\/wp\/v2\/product_tag?post=26810"}],"curies":[{"name":"wp","href":"https:\/\/api.w.org\/{rel}","templated":true}]}}