{"id":24057,"date":"2022-12-19T10:02:20","date_gmt":"2025-03-07T13:56:05","guid":{"rendered":"https:\/\/www.estilguru.com\/producto\/evo-feels-rose\/"},"modified":"2025-03-07T13:56:05","modified_gmt":"2025-03-07T13:56:05","slug":"evo-feels-rose","status":"publish","type":"product","link":"https:\/\/www.estilguru.com\/fr\/producto\/evo-feels-rose\/","title":{"rendered":"Evo Feels Ros\u00e9"},"content":{"rendered":"<p>Notre <strong>Evo Feels Ros\u00e9<\/strong> est un drain avec imperm\u00e9abilisation pour donner une touche de couleur \u00e0 nos douches. Ce kit est parfait pour la protection \u00e9tanche des zones expos\u00e9es \u00e0 l&rsquo;eau telles que les vestiaires, les douches, les buanderies&#8230; <\/p>\n<p>Ce kit comprend<\/p>\n<ul>\n<li>Film d&rsquo;\u00e9tanch\u00e9it\u00e9 Water-Stop scell\u00e9 pour assurer l&rsquo;\u00e9tanch\u00e9it\u00e9 totale de l&rsquo;installation.<\/li>\n<li>Grille textur\u00e9e en acier inoxydable de couleur vert menthe. La taille de la grille est de 10,8 x 10,8 cm. <\/li>\n<li>La tondeuse est facile \u00e0 nettoyer et \u00e0 retirer.<\/li>\n<li>Adaptateur.<\/li>\n<li>Couronne en caoutchouc et coque en ABS pour assurer un ajustement sans faille.<\/li>\n<li>Siphon Ruber \u00e0 profil bas, avec la possibilit\u00e9 d&rsquo;installer le siphon \u00e0 une hauteur r\u00e9duite.<\/li>\n<li>R\u00e9ducteur 40\/50 mm.<\/li>\n<\/ul>\n<p>Accessoires inclus dans le kit :<\/p>\n<ul>\n<li>2 WS DEX pour plus de s\u00e9curit\u00e9 dans l&rsquo;\u00e9tanch\u00e9it\u00e9 des joints.<\/li>\n<li>2 WS TUB pour une \u00e9tanch\u00e9it\u00e9 totale lors de l&rsquo;installation du tuyau d&rsquo;\u00e9vacuation.<\/li>\n<li>1 Couvercle d&rsquo;installation pour \u00e9viter les fuites dans le siphon RUBER.<\/li>\n<\/ul>\n","protected":false},"excerpt":{"rendered":"<p>Notre <strong>Evo Feels Ros\u00e9<\/strong> est un drain avec imperm\u00e9abilisation pour donner une touche de couleur \u00e0 nos douches. Ce kit est parfait pour la protection \u00e9tanche des zones expos\u00e9es \u00e0 l&rsquo;eau telles que les vestiaires, les douches, les buanderies&#8230; <\/p>\n","protected":false},"featured_media":11035,"template":"","meta":{"site-sidebar-layout":"default","site-content-layout":"default","ast-main-header-display":"","ast-hfb-above-header-display":"","ast-hfb-below-header-display":"","ast-hfb-mobile-header-display":"","site-post-title":"","ast-breadcrumbs-content":"","ast-featured-img":"","footer-sml-layout":"","theme-transparent-header-meta":"default","adv-header-id-meta":"","stick-header-meta":"","header-above-stick-meta":"","header-main-stick-meta":"","header-below-stick-meta":""},"product_brand":[],"product_cat":[99,95,97],"product_tag":[],"class_list":{"0":"post-24057","1":"product","2":"type-product","3":"status-publish","4":"has-post-thumbnail","6":"product_cat-drains-integres","7":"product_cat-siphons-de-sol-de-douche","8":"product_cat-siphons-design","10":"first","11":"instock","12":"shipping-taxable","13":"product-type-simple"},"yoast_head":"<!-- This site is optimized with the Yoast SEO plugin v27.1.1 - https:\/\/yoast.com\/product\/yoast-seo-wordpress\/ -->\n<title>Evo Feels Ros\u00e9 - Estil Guru<\/title>\n<meta name=\"robots\" content=\"index, follow, max-snippet:-1, max-image-preview:large, max-video-preview:-1\" \/>\n<link rel=\"canonical\" href=\"https:\/\/www.estilguru.com\/fr\/producto\/evo-feels-rose\/\" \/>\n<meta property=\"og:locale\" content=\"fr_FR\" \/>\n<meta property=\"og:type\" content=\"article\" \/>\n<meta property=\"og:title\" content=\"Evo Feels Ros\u00e9 - Estil Guru\" \/>\n<meta property=\"og:description\" content=\"Notre Evo Feels Ros\u00e9 est un drain avec imperm\u00e9abilisation pour donner une touche de couleur \u00e0 nos douches. Ce kit est parfait pour la protection \u00e9tanche des zones expos\u00e9es \u00e0 l&#039;eau telles que les vestiaires, les douches, les buanderies...\" \/>\n<meta property=\"og:url\" content=\"https:\/\/www.estilguru.com\/fr\/producto\/evo-feels-rose\/\" \/>\n<meta property=\"og:site_name\" content=\"Estil Guru\" \/>\n<meta property=\"og:image\" content=\"https:\/\/www.estilguru.com\/wp-content\/uploads\/2022\/12\/EVO-TREND-ROSA-DEF.jpg\" \/>\n\t<meta property=\"og:image:width\" content=\"2000\" \/>\n\t<meta property=\"og:image:height\" content=\"1126\" \/>\n\t<meta property=\"og:image:type\" content=\"image\/jpeg\" \/>\n<meta name=\"twitter:card\" content=\"summary_large_image\" \/>\n<meta name=\"twitter:label1\" content=\"Dur\u00e9e de lecture estim\u00e9e\" \/>\n\t<meta name=\"twitter:data1\" content=\"1 minute\" \/>\n<script type=\"application\/ld+json\" class=\"yoast-schema-graph\">{\"@context\":\"https:\/\/schema.org\",\"@graph\":[{\"@type\":\"WebPage\",\"@id\":\"https:\/\/www.estilguru.com\/fr\/producto\/evo-feels-rose\/\",\"url\":\"https:\/\/www.estilguru.com\/fr\/producto\/evo-feels-rose\/\",\"name\":\"Evo Feels Ros\u00e9 - Estil Guru\",\"isPartOf\":{\"@id\":\"https:\/\/www.estilguru.com\/fr\/#website\"},\"primaryImageOfPage\":{\"@id\":\"https:\/\/www.estilguru.com\/fr\/producto\/evo-feels-rose\/#primaryimage\"},\"image\":{\"@id\":\"https:\/\/www.estilguru.com\/fr\/producto\/evo-feels-rose\/#primaryimage\"},\"thumbnailUrl\":\"https:\/\/www.estilguru.com\/wp-content\/uploads\/2022\/12\/EVO-TREND-ROSA-DEF.jpg\",\"datePublished\":\"2025-03-07T13:56:05+00:00\",\"breadcrumb\":{\"@id\":\"https:\/\/www.estilguru.com\/fr\/producto\/evo-feels-rose\/#breadcrumb\"},\"inLanguage\":\"fr-FR\",\"potentialAction\":[{\"@type\":\"ReadAction\",\"target\":[\"https:\/\/www.estilguru.com\/fr\/producto\/evo-feels-rose\/\"]}]},{\"@type\":\"ImageObject\",\"inLanguage\":\"fr-FR\",\"@id\":\"https:\/\/www.estilguru.com\/fr\/producto\/evo-feels-rose\/#primaryimage\",\"url\":\"https:\/\/www.estilguru.com\/wp-content\/uploads\/2022\/12\/EVO-TREND-ROSA-DEF.jpg\",\"contentUrl\":\"https:\/\/www.estilguru.com\/wp-content\/uploads\/2022\/12\/EVO-TREND-ROSA-DEF.jpg\",\"width\":2000,\"height\":1126,\"caption\":\"EVO FEELS ROS\u00c9 PINK\"},{\"@type\":\"BreadcrumbList\",\"@id\":\"https:\/\/www.estilguru.com\/fr\/producto\/evo-feels-rose\/#breadcrumb\",\"itemListElement\":[{\"@type\":\"ListItem\",\"position\":1,\"name\":\"Home\",\"item\":\"https:\/\/www.estilguru.com\/fr\/\"},{\"@type\":\"ListItem\",\"position\":2,\"name\":\"Produits\",\"item\":\"https:\/\/www.estilguru.com\/fr\/shop\/\"},{\"@type\":\"ListItem\",\"position\":3,\"name\":\"Evo Feels Ros\u00e9\"}]},{\"@type\":\"WebSite\",\"@id\":\"https:\/\/www.estilguru.com\/fr\/#website\",\"url\":\"https:\/\/www.estilguru.com\/fr\/\",\"name\":\"Estil Guru\",\"description\":\"Sistemas de ducha e impermeabilizaci\u00f3n\",\"publisher\":{\"@id\":\"https:\/\/www.estilguru.com\/fr\/#organization\"},\"potentialAction\":[{\"@type\":\"SearchAction\",\"target\":{\"@type\":\"EntryPoint\",\"urlTemplate\":\"https:\/\/www.estilguru.com\/fr\/?s={search_term_string}\"},\"query-input\":{\"@type\":\"PropertyValueSpecification\",\"valueRequired\":true,\"valueName\":\"search_term_string\"}}],\"inLanguage\":\"fr-FR\"},{\"@type\":\"Organization\",\"@id\":\"https:\/\/www.estilguru.com\/fr\/#organization\",\"name\":\"Estil Guru\",\"url\":\"https:\/\/www.estilguru.com\/fr\/\",\"logo\":{\"@type\":\"ImageObject\",\"inLanguage\":\"fr-FR\",\"@id\":\"https:\/\/www.estilguru.com\/fr\/#\/schema\/logo\/image\/\",\"url\":\"https:\/\/www.estilguru.com\/wp-content\/uploads\/2022\/09\/LOGO-GURU-horizontal-centrado-01.png\",\"contentUrl\":\"https:\/\/www.estilguru.com\/wp-content\/uploads\/2022\/09\/LOGO-GURU-horizontal-centrado-01.png\",\"width\":2000,\"height\":663,\"caption\":\"Estil Guru\"},\"image\":{\"@id\":\"https:\/\/www.estilguru.com\/fr\/#\/schema\/logo\/image\/\"}}]}<\/script>\n<!-- \/ Yoast SEO plugin. -->","yoast_head_json":{"title":"Evo Feels Ros\u00e9 - Estil Guru","robots":{"index":"index","follow":"follow","max-snippet":"max-snippet:-1","max-image-preview":"max-image-preview:large","max-video-preview":"max-video-preview:-1"},"canonical":"https:\/\/www.estilguru.com\/fr\/producto\/evo-feels-rose\/","og_locale":"fr_FR","og_type":"article","og_title":"Evo Feels Ros\u00e9 - Estil Guru","og_description":"Notre Evo Feels Ros\u00e9 est un drain avec imperm\u00e9abilisation pour donner une touche de couleur \u00e0 nos douches. Ce kit est parfait pour la protection \u00e9tanche des zones expos\u00e9es \u00e0 l'eau telles que les vestiaires, les douches, les buanderies...","og_url":"https:\/\/www.estilguru.com\/fr\/producto\/evo-feels-rose\/","og_site_name":"Estil Guru","og_image":[{"width":2000,"height":1126,"url":"https:\/\/www.estilguru.com\/wp-content\/uploads\/2022\/12\/EVO-TREND-ROSA-DEF.jpg","type":"image\/jpeg"}],"twitter_card":"summary_large_image","twitter_misc":{"Dur\u00e9e de lecture estim\u00e9e":"1 minute"},"schema":{"@context":"https:\/\/schema.org","@graph":[{"@type":"WebPage","@id":"https:\/\/www.estilguru.com\/fr\/producto\/evo-feels-rose\/","url":"https:\/\/www.estilguru.com\/fr\/producto\/evo-feels-rose\/","name":"Evo Feels Ros\u00e9 - Estil Guru","isPartOf":{"@id":"https:\/\/www.estilguru.com\/fr\/#website"},"primaryImageOfPage":{"@id":"https:\/\/www.estilguru.com\/fr\/producto\/evo-feels-rose\/#primaryimage"},"image":{"@id":"https:\/\/www.estilguru.com\/fr\/producto\/evo-feels-rose\/#primaryimage"},"thumbnailUrl":"https:\/\/www.estilguru.com\/wp-content\/uploads\/2022\/12\/EVO-TREND-ROSA-DEF.jpg","datePublished":"2025-03-07T13:56:05+00:00","breadcrumb":{"@id":"https:\/\/www.estilguru.com\/fr\/producto\/evo-feels-rose\/#breadcrumb"},"inLanguage":"fr-FR","potentialAction":[{"@type":"ReadAction","target":["https:\/\/www.estilguru.com\/fr\/producto\/evo-feels-rose\/"]}]},{"@type":"ImageObject","inLanguage":"fr-FR","@id":"https:\/\/www.estilguru.com\/fr\/producto\/evo-feels-rose\/#primaryimage","url":"https:\/\/www.estilguru.com\/wp-content\/uploads\/2022\/12\/EVO-TREND-ROSA-DEF.jpg","contentUrl":"https:\/\/www.estilguru.com\/wp-content\/uploads\/2022\/12\/EVO-TREND-ROSA-DEF.jpg","width":2000,"height":1126,"caption":"EVO FEELS ROS\u00c9 PINK"},{"@type":"BreadcrumbList","@id":"https:\/\/www.estilguru.com\/fr\/producto\/evo-feels-rose\/#breadcrumb","itemListElement":[{"@type":"ListItem","position":1,"name":"Home","item":"https:\/\/www.estilguru.com\/fr\/"},{"@type":"ListItem","position":2,"name":"Produits","item":"https:\/\/www.estilguru.com\/fr\/shop\/"},{"@type":"ListItem","position":3,"name":"Evo Feels Ros\u00e9"}]},{"@type":"WebSite","@id":"https:\/\/www.estilguru.com\/fr\/#website","url":"https:\/\/www.estilguru.com\/fr\/","name":"Estil Guru","description":"Sistemas de ducha e impermeabilizaci\u00f3n","publisher":{"@id":"https:\/\/www.estilguru.com\/fr\/#organization"},"potentialAction":[{"@type":"SearchAction","target":{"@type":"EntryPoint","urlTemplate":"https:\/\/www.estilguru.com\/fr\/?s={search_term_string}"},"query-input":{"@type":"PropertyValueSpecification","valueRequired":true,"valueName":"search_term_string"}}],"inLanguage":"fr-FR"},{"@type":"Organization","@id":"https:\/\/www.estilguru.com\/fr\/#organization","name":"Estil Guru","url":"https:\/\/www.estilguru.com\/fr\/","logo":{"@type":"ImageObject","inLanguage":"fr-FR","@id":"https:\/\/www.estilguru.com\/fr\/#\/schema\/logo\/image\/","url":"https:\/\/www.estilguru.com\/wp-content\/uploads\/2022\/09\/LOGO-GURU-horizontal-centrado-01.png","contentUrl":"https:\/\/www.estilguru.com\/wp-content\/uploads\/2022\/09\/LOGO-GURU-horizontal-centrado-01.png","width":2000,"height":663,"caption":"Estil Guru"},"image":{"@id":"https:\/\/www.estilguru.com\/fr\/#\/schema\/logo\/image\/"}}]}},"_links":{"self":[{"href":"https:\/\/www.estilguru.com\/fr\/wp-json\/wp\/v2\/product\/24057","targetHints":{"allow":["GET"]}}],"collection":[{"href":"https:\/\/www.estilguru.com\/fr\/wp-json\/wp\/v2\/product"}],"about":[{"href":"https:\/\/www.estilguru.com\/fr\/wp-json\/wp\/v2\/types\/product"}],"version-history":[{"count":0,"href":"https:\/\/www.estilguru.com\/fr\/wp-json\/wp\/v2\/product\/24057\/revisions"}],"wp:featuredmedia":[{"embeddable":true,"href":"https:\/\/www.estilguru.com\/fr\/wp-json\/wp\/v2\/media\/11035"}],"wp:attachment":[{"href":"https:\/\/www.estilguru.com\/fr\/wp-json\/wp\/v2\/media?parent=24057"}],"wp:term":[{"taxonomy":"product_brand","embeddable":true,"href":"https:\/\/www.estilguru.com\/fr\/wp-json\/wp\/v2\/product_brand?post=24057"},{"taxonomy":"product_cat","embeddable":true,"href":"https:\/\/www.estilguru.com\/fr\/wp-json\/wp\/v2\/product_cat?post=24057"},{"taxonomy":"product_tag","embeddable":true,"href":"https:\/\/www.estilguru.com\/fr\/wp-json\/wp\/v2\/product_tag?post=24057"}],"curies":[{"name":"wp","href":"https:\/\/api.w.org\/{rel}","templated":true}]}}