{"id":24032,"date":"2023-01-11T14:38:34","date_gmt":"2025-03-07T13:54:52","guid":{"rendered":"https:\/\/www.estilguru.com\/producto\/w-s-kit-terrazas\/"},"modified":"2025-03-07T13:54:52","modified_gmt":"2025-03-07T13:54:52","slug":"w-s-kit-terrazas","status":"publish","type":"product","link":"https:\/\/www.estilguru.com\/fr\/producto\/w-s-kit-terrazas\/","title":{"rendered":"Kit terrasse W-S"},"content":{"rendered":"<p>Le kit terrasse est une solution pour assurer l&rsquo;\u00e9tanch\u00e9it\u00e9 entre le drain habituel et les nouvelles techniques d&rsquo;\u00e9tanch\u00e9it\u00e9. La coupelle de drainage est thermocoll\u00e9e \u00e0 la feuille WATER-STOP, offrant ainsi la meilleure solution d&rsquo;\u00e9tanch\u00e9it\u00e9 \u00e0 un point critique de l&rsquo;\u00e9tanch\u00e9it\u00e9. Cette solution est test\u00e9e et garantie pendant 10 ans.  <\/p>\n<p>Il est compos\u00e9 d&rsquo;une coupelle en PVC de la sortie sp\u00e9cifi\u00e9e, d&rsquo;une feuille thermo-soud\u00e9e et d&rsquo;un corps de siphon avec une grille en PVC<br \/>\n.<\/p>\n<ul>\n<li>1 bac de vidange en PVC avec la sortie sp\u00e9cifi\u00e9e et avec<br \/>\nun morceau de feuille WATER-STOP 60 x 60 cm<br \/>\nincorpor\u00e9.<\/li>\n<li>1 Corps du siphon avec grille en PVC<\/li>\n<\/ul>\n","protected":false},"excerpt":{"rendered":"<p>Le kit terrasse est une solution pour assurer l&rsquo;\u00e9tanch\u00e9it\u00e9 entre le drain habituel et les nouvelles techniques d&rsquo;\u00e9tanch\u00e9it\u00e9. La coupelle de drainage est thermocoll\u00e9e \u00e0 la feuille WATER-STOP, offrant ainsi la meilleure solution d&rsquo;\u00e9tanch\u00e9it\u00e9 \u00e0 un point critique de l&rsquo;\u00e9tanch\u00e9it\u00e9. Cette solution est test\u00e9e et garantie pendant 10 ans.  <\/p>\n","protected":false},"featured_media":2540,"template":"","meta":{"site-sidebar-layout":"default","site-content-layout":"default","ast-main-header-display":"","ast-hfb-above-header-display":"","ast-hfb-below-header-display":"","ast-hfb-mobile-header-display":"","site-post-title":"","ast-breadcrumbs-content":"","ast-featured-img":"","footer-sml-layout":"","theme-transparent-header-meta":"default","adv-header-id-meta":"","stick-header-meta":"","header-above-stick-meta":"","header-main-stick-meta":"","header-below-stick-meta":""},"product_brand":[],"product_cat":[309,94],"product_tag":[],"class_list":{"0":"post-24032","1":"product","2":"type-product","3":"status-publish","4":"has-post-thumbnail","6":"product_cat-drains-de-terrasse","7":"product_cat-systemes-detancheite","9":"first","10":"instock","11":"shipping-taxable","12":"product-type-simple"},"yoast_head":"<!-- This site is optimized with the Yoast SEO plugin v27.1.1 - https:\/\/yoast.com\/product\/yoast-seo-wordpress\/ -->\n<title>Kit terrasse W-S - Estil Guru<\/title>\n<meta name=\"robots\" content=\"index, follow, max-snippet:-1, max-image-preview:large, max-video-preview:-1\" \/>\n<link rel=\"canonical\" href=\"https:\/\/www.estilguru.com\/fr\/producto\/w-s-kit-terrazas\/\" \/>\n<meta property=\"og:locale\" content=\"fr_FR\" \/>\n<meta property=\"og:type\" content=\"article\" \/>\n<meta property=\"og:title\" content=\"Kit terrasse W-S - Estil Guru\" \/>\n<meta property=\"og:description\" content=\"Le kit terrasse est une solution pour assurer l&#039;\u00e9tanch\u00e9it\u00e9 entre le drain habituel et les nouvelles techniques d&#039;\u00e9tanch\u00e9it\u00e9. La coupelle de drainage est thermocoll\u00e9e \u00e0 la feuille WATER-STOP, offrant ainsi la meilleure solution d&#039;\u00e9tanch\u00e9it\u00e9 \u00e0 un point critique de l&#039;\u00e9tanch\u00e9it\u00e9. Cette solution est test\u00e9e et garantie pendant 10 ans.\" \/>\n<meta property=\"og:url\" content=\"https:\/\/www.estilguru.com\/fr\/producto\/w-s-kit-terrazas\/\" \/>\n<meta property=\"og:site_name\" content=\"Estil Guru\" \/>\n<meta property=\"og:image\" content=\"https:\/\/www.estilguru.com\/wp-content\/uploads\/2021\/11\/W-S-TERRAZA-scaled.jpg\" \/>\n\t<meta property=\"og:image:width\" content=\"2000\" \/>\n\t<meta property=\"og:image:height\" content=\"1901\" \/>\n\t<meta property=\"og:image:type\" content=\"image\/jpeg\" \/>\n<meta name=\"twitter:card\" content=\"summary_large_image\" \/>\n<meta name=\"twitter:label1\" content=\"Dur\u00e9e de lecture estim\u00e9e\" \/>\n\t<meta name=\"twitter:data1\" content=\"1 minute\" \/>\n<script type=\"application\/ld+json\" class=\"yoast-schema-graph\">{\"@context\":\"https:\/\/schema.org\",\"@graph\":[{\"@type\":\"WebPage\",\"@id\":\"https:\/\/www.estilguru.com\/fr\/producto\/w-s-kit-terrazas\/\",\"url\":\"https:\/\/www.estilguru.com\/fr\/producto\/w-s-kit-terrazas\/\",\"name\":\"Kit terrasse W-S - Estil Guru\",\"isPartOf\":{\"@id\":\"https:\/\/www.estilguru.com\/fr\/#website\"},\"primaryImageOfPage\":{\"@id\":\"https:\/\/www.estilguru.com\/fr\/producto\/w-s-kit-terrazas\/#primaryimage\"},\"image\":{\"@id\":\"https:\/\/www.estilguru.com\/fr\/producto\/w-s-kit-terrazas\/#primaryimage\"},\"thumbnailUrl\":\"https:\/\/www.estilguru.com\/wp-content\/uploads\/2021\/11\/W-S-TERRAZA-scaled.jpg\",\"datePublished\":\"2025-03-07T13:54:52+00:00\",\"breadcrumb\":{\"@id\":\"https:\/\/www.estilguru.com\/fr\/producto\/w-s-kit-terrazas\/#breadcrumb\"},\"inLanguage\":\"fr-FR\",\"potentialAction\":[{\"@type\":\"ReadAction\",\"target\":[\"https:\/\/www.estilguru.com\/fr\/producto\/w-s-kit-terrazas\/\"]}]},{\"@type\":\"ImageObject\",\"inLanguage\":\"fr-FR\",\"@id\":\"https:\/\/www.estilguru.com\/fr\/producto\/w-s-kit-terrazas\/#primaryimage\",\"url\":\"https:\/\/www.estilguru.com\/wp-content\/uploads\/2021\/11\/W-S-TERRAZA-scaled.jpg\",\"contentUrl\":\"https:\/\/www.estilguru.com\/wp-content\/uploads\/2021\/11\/W-S-TERRAZA-scaled.jpg\",\"width\":2000,\"height\":1901,\"caption\":\"image de la terrasse de drainage W-S\"},{\"@type\":\"BreadcrumbList\",\"@id\":\"https:\/\/www.estilguru.com\/fr\/producto\/w-s-kit-terrazas\/#breadcrumb\",\"itemListElement\":[{\"@type\":\"ListItem\",\"position\":1,\"name\":\"Home\",\"item\":\"https:\/\/www.estilguru.com\/fr\/\"},{\"@type\":\"ListItem\",\"position\":2,\"name\":\"Produits\",\"item\":\"https:\/\/www.estilguru.com\/fr\/shop\/\"},{\"@type\":\"ListItem\",\"position\":3,\"name\":\"Kit terrasse W-S\"}]},{\"@type\":\"WebSite\",\"@id\":\"https:\/\/www.estilguru.com\/fr\/#website\",\"url\":\"https:\/\/www.estilguru.com\/fr\/\",\"name\":\"Estil Guru\",\"description\":\"Sistemas de ducha e impermeabilizaci\u00f3n\",\"publisher\":{\"@id\":\"https:\/\/www.estilguru.com\/fr\/#organization\"},\"potentialAction\":[{\"@type\":\"SearchAction\",\"target\":{\"@type\":\"EntryPoint\",\"urlTemplate\":\"https:\/\/www.estilguru.com\/fr\/?s={search_term_string}\"},\"query-input\":{\"@type\":\"PropertyValueSpecification\",\"valueRequired\":true,\"valueName\":\"search_term_string\"}}],\"inLanguage\":\"fr-FR\"},{\"@type\":\"Organization\",\"@id\":\"https:\/\/www.estilguru.com\/fr\/#organization\",\"name\":\"Estil Guru\",\"url\":\"https:\/\/www.estilguru.com\/fr\/\",\"logo\":{\"@type\":\"ImageObject\",\"inLanguage\":\"fr-FR\",\"@id\":\"https:\/\/www.estilguru.com\/fr\/#\/schema\/logo\/image\/\",\"url\":\"https:\/\/www.estilguru.com\/wp-content\/uploads\/2022\/09\/LOGO-GURU-horizontal-centrado-01.png\",\"contentUrl\":\"https:\/\/www.estilguru.com\/wp-content\/uploads\/2022\/09\/LOGO-GURU-horizontal-centrado-01.png\",\"width\":2000,\"height\":663,\"caption\":\"Estil Guru\"},\"image\":{\"@id\":\"https:\/\/www.estilguru.com\/fr\/#\/schema\/logo\/image\/\"}}]}<\/script>\n<!-- \/ Yoast SEO plugin. -->","yoast_head_json":{"title":"Kit terrasse W-S - Estil Guru","robots":{"index":"index","follow":"follow","max-snippet":"max-snippet:-1","max-image-preview":"max-image-preview:large","max-video-preview":"max-video-preview:-1"},"canonical":"https:\/\/www.estilguru.com\/fr\/producto\/w-s-kit-terrazas\/","og_locale":"fr_FR","og_type":"article","og_title":"Kit terrasse W-S - Estil Guru","og_description":"Le kit terrasse est une solution pour assurer l'\u00e9tanch\u00e9it\u00e9 entre le drain habituel et les nouvelles techniques d'\u00e9tanch\u00e9it\u00e9. La coupelle de drainage est thermocoll\u00e9e \u00e0 la feuille WATER-STOP, offrant ainsi la meilleure solution d'\u00e9tanch\u00e9it\u00e9 \u00e0 un point critique de l'\u00e9tanch\u00e9it\u00e9. Cette solution est test\u00e9e et garantie pendant 10 ans.","og_url":"https:\/\/www.estilguru.com\/fr\/producto\/w-s-kit-terrazas\/","og_site_name":"Estil Guru","og_image":[{"width":2000,"height":1901,"url":"https:\/\/www.estilguru.com\/wp-content\/uploads\/2021\/11\/W-S-TERRAZA-scaled.jpg","type":"image\/jpeg"}],"twitter_card":"summary_large_image","twitter_misc":{"Dur\u00e9e de lecture estim\u00e9e":"1 minute"},"schema":{"@context":"https:\/\/schema.org","@graph":[{"@type":"WebPage","@id":"https:\/\/www.estilguru.com\/fr\/producto\/w-s-kit-terrazas\/","url":"https:\/\/www.estilguru.com\/fr\/producto\/w-s-kit-terrazas\/","name":"Kit terrasse W-S - Estil Guru","isPartOf":{"@id":"https:\/\/www.estilguru.com\/fr\/#website"},"primaryImageOfPage":{"@id":"https:\/\/www.estilguru.com\/fr\/producto\/w-s-kit-terrazas\/#primaryimage"},"image":{"@id":"https:\/\/www.estilguru.com\/fr\/producto\/w-s-kit-terrazas\/#primaryimage"},"thumbnailUrl":"https:\/\/www.estilguru.com\/wp-content\/uploads\/2021\/11\/W-S-TERRAZA-scaled.jpg","datePublished":"2025-03-07T13:54:52+00:00","breadcrumb":{"@id":"https:\/\/www.estilguru.com\/fr\/producto\/w-s-kit-terrazas\/#breadcrumb"},"inLanguage":"fr-FR","potentialAction":[{"@type":"ReadAction","target":["https:\/\/www.estilguru.com\/fr\/producto\/w-s-kit-terrazas\/"]}]},{"@type":"ImageObject","inLanguage":"fr-FR","@id":"https:\/\/www.estilguru.com\/fr\/producto\/w-s-kit-terrazas\/#primaryimage","url":"https:\/\/www.estilguru.com\/wp-content\/uploads\/2021\/11\/W-S-TERRAZA-scaled.jpg","contentUrl":"https:\/\/www.estilguru.com\/wp-content\/uploads\/2021\/11\/W-S-TERRAZA-scaled.jpg","width":2000,"height":1901,"caption":"image de la terrasse de drainage W-S"},{"@type":"BreadcrumbList","@id":"https:\/\/www.estilguru.com\/fr\/producto\/w-s-kit-terrazas\/#breadcrumb","itemListElement":[{"@type":"ListItem","position":1,"name":"Home","item":"https:\/\/www.estilguru.com\/fr\/"},{"@type":"ListItem","position":2,"name":"Produits","item":"https:\/\/www.estilguru.com\/fr\/shop\/"},{"@type":"ListItem","position":3,"name":"Kit terrasse W-S"}]},{"@type":"WebSite","@id":"https:\/\/www.estilguru.com\/fr\/#website","url":"https:\/\/www.estilguru.com\/fr\/","name":"Estil Guru","description":"Sistemas de ducha e impermeabilizaci\u00f3n","publisher":{"@id":"https:\/\/www.estilguru.com\/fr\/#organization"},"potentialAction":[{"@type":"SearchAction","target":{"@type":"EntryPoint","urlTemplate":"https:\/\/www.estilguru.com\/fr\/?s={search_term_string}"},"query-input":{"@type":"PropertyValueSpecification","valueRequired":true,"valueName":"search_term_string"}}],"inLanguage":"fr-FR"},{"@type":"Organization","@id":"https:\/\/www.estilguru.com\/fr\/#organization","name":"Estil Guru","url":"https:\/\/www.estilguru.com\/fr\/","logo":{"@type":"ImageObject","inLanguage":"fr-FR","@id":"https:\/\/www.estilguru.com\/fr\/#\/schema\/logo\/image\/","url":"https:\/\/www.estilguru.com\/wp-content\/uploads\/2022\/09\/LOGO-GURU-horizontal-centrado-01.png","contentUrl":"https:\/\/www.estilguru.com\/wp-content\/uploads\/2022\/09\/LOGO-GURU-horizontal-centrado-01.png","width":2000,"height":663,"caption":"Estil Guru"},"image":{"@id":"https:\/\/www.estilguru.com\/fr\/#\/schema\/logo\/image\/"}}]}},"_links":{"self":[{"href":"https:\/\/www.estilguru.com\/fr\/wp-json\/wp\/v2\/product\/24032","targetHints":{"allow":["GET"]}}],"collection":[{"href":"https:\/\/www.estilguru.com\/fr\/wp-json\/wp\/v2\/product"}],"about":[{"href":"https:\/\/www.estilguru.com\/fr\/wp-json\/wp\/v2\/types\/product"}],"version-history":[{"count":0,"href":"https:\/\/www.estilguru.com\/fr\/wp-json\/wp\/v2\/product\/24032\/revisions"}],"wp:featuredmedia":[{"embeddable":true,"href":"https:\/\/www.estilguru.com\/fr\/wp-json\/wp\/v2\/media\/2540"}],"wp:attachment":[{"href":"https:\/\/www.estilguru.com\/fr\/wp-json\/wp\/v2\/media?parent=24032"}],"wp:term":[{"taxonomy":"product_brand","embeddable":true,"href":"https:\/\/www.estilguru.com\/fr\/wp-json\/wp\/v2\/product_brand?post=24032"},{"taxonomy":"product_cat","embeddable":true,"href":"https:\/\/www.estilguru.com\/fr\/wp-json\/wp\/v2\/product_cat?post=24032"},{"taxonomy":"product_tag","embeddable":true,"href":"https:\/\/www.estilguru.com\/fr\/wp-json\/wp\/v2\/product_tag?post=24032"}],"curies":[{"name":"wp","href":"https:\/\/api.w.org\/{rel}","templated":true}]}}