{"id":23644,"date":"2023-01-24T14:34:50","date_gmt":"2025-03-05T11:12:10","guid":{"rendered":"https:\/\/www.estilguru.com\/producto\/evolux-shelf-beat-trapezoid-dark\/"},"modified":"2025-03-05T11:12:10","modified_gmt":"2025-03-05T11:12:10","slug":"evolux-shelf-beat-trapezoid-dark","status":"publish","type":"product","link":"https:\/\/www.estilguru.com\/fr\/producto\/evolux-shelf-beat-trapezoid-dark\/","title":{"rendered":"Evolux Shelf Beat Trapezoid Dark"},"content":{"rendered":"<p>La tablette de douche trap\u00e9zo\u00efdale <strong>EVOLUX SHELF BEAT TRAPEZOID DARK<\/strong> est une option \u00e9l\u00e9gante et pratique pour ranger facilement le gel douche, le shampoing, &#8230; Fabriqu\u00e9e en acier inoxydable de haute qualit\u00e9, cette tablette est r\u00e9sistante \u00e0 l&rsquo;humidit\u00e9 et \u00e0 la corrosion, ce qui la rend parfaite pour une utilisation dans n&rsquo;importe quel type de douche ou de baignoire.<\/p>\n<p>Son installation ne n\u00e9cessite pas d&rsquo;adh\u00e9sifs qui peuvent se d\u00e9t\u00e9riorer avec le temps, ni de chevilles qui peuvent traverser l&rsquo;\u00e9tanch\u00e9it\u00e9 ; il est install\u00e9 entre les joints des carreaux, ce qui permet d&rsquo;obtenir la plus grande efficacit\u00e9 possible. Ce mod\u00e8le est capable de supporter une charge de 30 kg. <\/p>\n<p>Gr\u00e2ce \u00e0 son design trap\u00e9zo\u00efdal et \u00e0 sa finition en acier inoxydable noir, cette \u00e9tag\u00e8re s&rsquo;int\u00e8gre parfaitement dans toute salle de bains moderne. En outre, sa forme trap\u00e9zo\u00efdale permet une plus grande capacit\u00e9 de stockage, ce qui en fait un excellent choix pour ceux qui cherchent \u00e0 organiser leurs produits de salle de bains de mani\u00e8re efficace et esth\u00e9tique \u00e0 la fois. <\/p>\n<p>L&rsquo;installation de cette \u00e9tag\u00e8re est simple et rapide. En outre, son design minimaliste et \u00e9l\u00e9gant la rend id\u00e9ale pour les nouvelles salles de bains et les r\u00e9novations. <\/p>\n<p>L&rsquo;\u00e9tag\u00e8re de douche trap\u00e9zo\u00efdale en acier inoxydable de couleur noire est une option durable et \u00e9l\u00e9gante pour le rangement dans la salle de bains. Elle offre une grande capacit\u00e9 de stockage et s&rsquo;int\u00e8gre parfaitement dans toute salle de bains moderne.<\/p>\n<ul>\n<li><strong>R\u00e9f :<\/strong> IZ10001<\/li>\n<\/ul>\n","protected":false},"excerpt":{"rendered":"<p>L&rsquo;\u00e9tag\u00e8re de douche trap\u00e9zo\u00efdale en acier inoxydable <strong>EVOLUX SHELF BEAT TRAPEZOID DARK<\/strong> est une option innovante et pratique pour le rangement dans la salle de bains. Fabriqu\u00e9e en acier inoxydable de haute qualit\u00e9, cette \u00e9tag\u00e8re est r\u00e9sistante \u00e0 l&rsquo;humidit\u00e9 et \u00e0 la corrosion, ce qui la rend parfaite pour une utilisation dans tout type de douche et de baignoire. <\/p>\n<ul>\n<li><strong>R\u00e9f :<\/strong> IZ10001<\/li>\n<\/ul>\n","protected":false},"featured_media":12536,"template":"","meta":{"site-sidebar-layout":"default","site-content-layout":"default","ast-main-header-display":"","ast-hfb-above-header-display":"","ast-hfb-below-header-display":"","ast-hfb-mobile-header-display":"","site-post-title":"","ast-breadcrumbs-content":"","ast-featured-img":"","footer-sml-layout":"","theme-transparent-header-meta":"default","adv-header-id-meta":"","stick-header-meta":"","header-above-stick-meta":"","header-main-stick-meta":"","header-below-stick-meta":""},"product_brand":[],"product_cat":[94,276,304,278],"product_tag":[],"class_list":{"0":"post-23644","1":"product","2":"type-product","3":"status-publish","4":"has-post-thumbnail","6":"product_cat-systemes-detancheite","7":"product_cat-tablettes-de-douche","8":"product_cat-tablettes-de-douche-noires","9":"product_cat-tablettes-de-douche-trapezoidales","11":"first","12":"instock","13":"shipping-taxable","14":"product-type-simple"},"yoast_head":"<!-- This site is optimized with the Yoast SEO plugin v27.1.1 - https:\/\/yoast.com\/product\/yoast-seo-wordpress\/ -->\n<title>Evolux Shelf Beat Trapezoid Dark - Estil Guru<\/title>\n<meta name=\"robots\" content=\"index, follow, max-snippet:-1, max-image-preview:large, max-video-preview:-1\" \/>\n<link rel=\"canonical\" href=\"https:\/\/www.estilguru.com\/fr\/producto\/evolux-shelf-beat-trapezoid-dark\/\" \/>\n<meta property=\"og:locale\" content=\"fr_FR\" \/>\n<meta property=\"og:type\" content=\"article\" \/>\n<meta property=\"og:title\" content=\"Evolux Shelf Beat Trapezoid Dark - Estil Guru\" \/>\n<meta property=\"og:description\" content=\"L&#039;\u00e9tag\u00e8re de douche trap\u00e9zo\u00efdale en acier inoxydable EVOLUX SHELF BEAT TRAPEZOID DARK est une option innovante et pratique pour le rangement dans la salle de bains. Fabriqu\u00e9e en acier inoxydable de haute qualit\u00e9, cette \u00e9tag\u00e8re est r\u00e9sistante \u00e0 l&#039;humidit\u00e9 et \u00e0 la corrosion, ce qui la rend parfaite pour une utilisation dans tout type de douche et de baignoire.   R\u00e9f : IZ10001\" \/>\n<meta property=\"og:url\" content=\"https:\/\/www.estilguru.com\/fr\/producto\/evolux-shelf-beat-trapezoid-dark\/\" \/>\n<meta property=\"og:site_name\" content=\"Estil Guru\" \/>\n<meta property=\"og:image\" content=\"https:\/\/www.estilguru.com\/wp-content\/uploads\/2023\/01\/EVOLUX-SHELF-BEAT-BLACK-TRAP.png\" \/>\n\t<meta property=\"og:image:width\" content=\"2000\" \/>\n\t<meta property=\"og:image:height\" content=\"2000\" \/>\n\t<meta property=\"og:image:type\" content=\"image\/png\" \/>\n<meta name=\"twitter:card\" content=\"summary_large_image\" \/>\n<meta name=\"twitter:label1\" content=\"Dur\u00e9e de lecture estim\u00e9e\" \/>\n\t<meta name=\"twitter:data1\" content=\"1 minute\" \/>\n<script type=\"application\/ld+json\" class=\"yoast-schema-graph\">{\"@context\":\"https:\/\/schema.org\",\"@graph\":[{\"@type\":\"WebPage\",\"@id\":\"https:\/\/www.estilguru.com\/fr\/producto\/evolux-shelf-beat-trapezoid-dark\/\",\"url\":\"https:\/\/www.estilguru.com\/fr\/producto\/evolux-shelf-beat-trapezoid-dark\/\",\"name\":\"Evolux Shelf Beat Trapezoid Dark - Estil Guru\",\"isPartOf\":{\"@id\":\"https:\/\/www.estilguru.com\/fr\/#website\"},\"primaryImageOfPage\":{\"@id\":\"https:\/\/www.estilguru.com\/fr\/producto\/evolux-shelf-beat-trapezoid-dark\/#primaryimage\"},\"image\":{\"@id\":\"https:\/\/www.estilguru.com\/fr\/producto\/evolux-shelf-beat-trapezoid-dark\/#primaryimage\"},\"thumbnailUrl\":\"https:\/\/www.estilguru.com\/wp-content\/uploads\/2023\/01\/EVOLUX-SHELF-BEAT-BLACK-TRAP.png\",\"datePublished\":\"2025-03-05T11:12:10+00:00\",\"breadcrumb\":{\"@id\":\"https:\/\/www.estilguru.com\/fr\/producto\/evolux-shelf-beat-trapezoid-dark\/#breadcrumb\"},\"inLanguage\":\"fr-FR\",\"potentialAction\":[{\"@type\":\"ReadAction\",\"target\":[\"https:\/\/www.estilguru.com\/fr\/producto\/evolux-shelf-beat-trapezoid-dark\/\"]}]},{\"@type\":\"ImageObject\",\"inLanguage\":\"fr-FR\",\"@id\":\"https:\/\/www.estilguru.com\/fr\/producto\/evolux-shelf-beat-trapezoid-dark\/#primaryimage\",\"url\":\"https:\/\/www.estilguru.com\/wp-content\/uploads\/2023\/01\/EVOLUX-SHELF-BEAT-BLACK-TRAP.png\",\"contentUrl\":\"https:\/\/www.estilguru.com\/wp-content\/uploads\/2023\/01\/EVOLUX-SHELF-BEAT-BLACK-TRAP.png\",\"width\":2000,\"height\":2000},{\"@type\":\"BreadcrumbList\",\"@id\":\"https:\/\/www.estilguru.com\/fr\/producto\/evolux-shelf-beat-trapezoid-dark\/#breadcrumb\",\"itemListElement\":[{\"@type\":\"ListItem\",\"position\":1,\"name\":\"Home\",\"item\":\"https:\/\/www.estilguru.com\/fr\/\"},{\"@type\":\"ListItem\",\"position\":2,\"name\":\"Produits\",\"item\":\"https:\/\/www.estilguru.com\/fr\/shop\/\"},{\"@type\":\"ListItem\",\"position\":3,\"name\":\"Evolux Shelf Beat Trapezoid Dark\"}]},{\"@type\":\"WebSite\",\"@id\":\"https:\/\/www.estilguru.com\/fr\/#website\",\"url\":\"https:\/\/www.estilguru.com\/fr\/\",\"name\":\"Estil Guru\",\"description\":\"Sistemas de ducha e impermeabilizaci\u00f3n\",\"publisher\":{\"@id\":\"https:\/\/www.estilguru.com\/fr\/#organization\"},\"potentialAction\":[{\"@type\":\"SearchAction\",\"target\":{\"@type\":\"EntryPoint\",\"urlTemplate\":\"https:\/\/www.estilguru.com\/fr\/?s={search_term_string}\"},\"query-input\":{\"@type\":\"PropertyValueSpecification\",\"valueRequired\":true,\"valueName\":\"search_term_string\"}}],\"inLanguage\":\"fr-FR\"},{\"@type\":\"Organization\",\"@id\":\"https:\/\/www.estilguru.com\/fr\/#organization\",\"name\":\"Estil Guru\",\"url\":\"https:\/\/www.estilguru.com\/fr\/\",\"logo\":{\"@type\":\"ImageObject\",\"inLanguage\":\"fr-FR\",\"@id\":\"https:\/\/www.estilguru.com\/fr\/#\/schema\/logo\/image\/\",\"url\":\"https:\/\/www.estilguru.com\/wp-content\/uploads\/2022\/09\/LOGO-GURU-horizontal-centrado-01.png\",\"contentUrl\":\"https:\/\/www.estilguru.com\/wp-content\/uploads\/2022\/09\/LOGO-GURU-horizontal-centrado-01.png\",\"width\":2000,\"height\":663,\"caption\":\"Estil Guru\"},\"image\":{\"@id\":\"https:\/\/www.estilguru.com\/fr\/#\/schema\/logo\/image\/\"}}]}<\/script>\n<!-- \/ Yoast SEO plugin. -->","yoast_head_json":{"title":"Evolux Shelf Beat Trapezoid Dark - Estil Guru","robots":{"index":"index","follow":"follow","max-snippet":"max-snippet:-1","max-image-preview":"max-image-preview:large","max-video-preview":"max-video-preview:-1"},"canonical":"https:\/\/www.estilguru.com\/fr\/producto\/evolux-shelf-beat-trapezoid-dark\/","og_locale":"fr_FR","og_type":"article","og_title":"Evolux Shelf Beat Trapezoid Dark - Estil Guru","og_description":"L'\u00e9tag\u00e8re de douche trap\u00e9zo\u00efdale en acier inoxydable EVOLUX SHELF BEAT TRAPEZOID DARK est une option innovante et pratique pour le rangement dans la salle de bains. Fabriqu\u00e9e en acier inoxydable de haute qualit\u00e9, cette \u00e9tag\u00e8re est r\u00e9sistante \u00e0 l'humidit\u00e9 et \u00e0 la corrosion, ce qui la rend parfaite pour une utilisation dans tout type de douche et de baignoire.   R\u00e9f : IZ10001","og_url":"https:\/\/www.estilguru.com\/fr\/producto\/evolux-shelf-beat-trapezoid-dark\/","og_site_name":"Estil Guru","og_image":[{"width":2000,"height":2000,"url":"https:\/\/www.estilguru.com\/wp-content\/uploads\/2023\/01\/EVOLUX-SHELF-BEAT-BLACK-TRAP.png","type":"image\/png"}],"twitter_card":"summary_large_image","twitter_misc":{"Dur\u00e9e de lecture estim\u00e9e":"1 minute"},"schema":{"@context":"https:\/\/schema.org","@graph":[{"@type":"WebPage","@id":"https:\/\/www.estilguru.com\/fr\/producto\/evolux-shelf-beat-trapezoid-dark\/","url":"https:\/\/www.estilguru.com\/fr\/producto\/evolux-shelf-beat-trapezoid-dark\/","name":"Evolux Shelf Beat Trapezoid Dark - Estil Guru","isPartOf":{"@id":"https:\/\/www.estilguru.com\/fr\/#website"},"primaryImageOfPage":{"@id":"https:\/\/www.estilguru.com\/fr\/producto\/evolux-shelf-beat-trapezoid-dark\/#primaryimage"},"image":{"@id":"https:\/\/www.estilguru.com\/fr\/producto\/evolux-shelf-beat-trapezoid-dark\/#primaryimage"},"thumbnailUrl":"https:\/\/www.estilguru.com\/wp-content\/uploads\/2023\/01\/EVOLUX-SHELF-BEAT-BLACK-TRAP.png","datePublished":"2025-03-05T11:12:10+00:00","breadcrumb":{"@id":"https:\/\/www.estilguru.com\/fr\/producto\/evolux-shelf-beat-trapezoid-dark\/#breadcrumb"},"inLanguage":"fr-FR","potentialAction":[{"@type":"ReadAction","target":["https:\/\/www.estilguru.com\/fr\/producto\/evolux-shelf-beat-trapezoid-dark\/"]}]},{"@type":"ImageObject","inLanguage":"fr-FR","@id":"https:\/\/www.estilguru.com\/fr\/producto\/evolux-shelf-beat-trapezoid-dark\/#primaryimage","url":"https:\/\/www.estilguru.com\/wp-content\/uploads\/2023\/01\/EVOLUX-SHELF-BEAT-BLACK-TRAP.png","contentUrl":"https:\/\/www.estilguru.com\/wp-content\/uploads\/2023\/01\/EVOLUX-SHELF-BEAT-BLACK-TRAP.png","width":2000,"height":2000},{"@type":"BreadcrumbList","@id":"https:\/\/www.estilguru.com\/fr\/producto\/evolux-shelf-beat-trapezoid-dark\/#breadcrumb","itemListElement":[{"@type":"ListItem","position":1,"name":"Home","item":"https:\/\/www.estilguru.com\/fr\/"},{"@type":"ListItem","position":2,"name":"Produits","item":"https:\/\/www.estilguru.com\/fr\/shop\/"},{"@type":"ListItem","position":3,"name":"Evolux Shelf Beat Trapezoid Dark"}]},{"@type":"WebSite","@id":"https:\/\/www.estilguru.com\/fr\/#website","url":"https:\/\/www.estilguru.com\/fr\/","name":"Estil Guru","description":"Sistemas de ducha e impermeabilizaci\u00f3n","publisher":{"@id":"https:\/\/www.estilguru.com\/fr\/#organization"},"potentialAction":[{"@type":"SearchAction","target":{"@type":"EntryPoint","urlTemplate":"https:\/\/www.estilguru.com\/fr\/?s={search_term_string}"},"query-input":{"@type":"PropertyValueSpecification","valueRequired":true,"valueName":"search_term_string"}}],"inLanguage":"fr-FR"},{"@type":"Organization","@id":"https:\/\/www.estilguru.com\/fr\/#organization","name":"Estil Guru","url":"https:\/\/www.estilguru.com\/fr\/","logo":{"@type":"ImageObject","inLanguage":"fr-FR","@id":"https:\/\/www.estilguru.com\/fr\/#\/schema\/logo\/image\/","url":"https:\/\/www.estilguru.com\/wp-content\/uploads\/2022\/09\/LOGO-GURU-horizontal-centrado-01.png","contentUrl":"https:\/\/www.estilguru.com\/wp-content\/uploads\/2022\/09\/LOGO-GURU-horizontal-centrado-01.png","width":2000,"height":663,"caption":"Estil Guru"},"image":{"@id":"https:\/\/www.estilguru.com\/fr\/#\/schema\/logo\/image\/"}}]}},"_links":{"self":[{"href":"https:\/\/www.estilguru.com\/fr\/wp-json\/wp\/v2\/product\/23644","targetHints":{"allow":["GET"]}}],"collection":[{"href":"https:\/\/www.estilguru.com\/fr\/wp-json\/wp\/v2\/product"}],"about":[{"href":"https:\/\/www.estilguru.com\/fr\/wp-json\/wp\/v2\/types\/product"}],"version-history":[{"count":0,"href":"https:\/\/www.estilguru.com\/fr\/wp-json\/wp\/v2\/product\/23644\/revisions"}],"wp:featuredmedia":[{"embeddable":true,"href":"https:\/\/www.estilguru.com\/fr\/wp-json\/wp\/v2\/media\/12536"}],"wp:attachment":[{"href":"https:\/\/www.estilguru.com\/fr\/wp-json\/wp\/v2\/media?parent=23644"}],"wp:term":[{"taxonomy":"product_brand","embeddable":true,"href":"https:\/\/www.estilguru.com\/fr\/wp-json\/wp\/v2\/product_brand?post=23644"},{"taxonomy":"product_cat","embeddable":true,"href":"https:\/\/www.estilguru.com\/fr\/wp-json\/wp\/v2\/product_cat?post=23644"},{"taxonomy":"product_tag","embeddable":true,"href":"https:\/\/www.estilguru.com\/fr\/wp-json\/wp\/v2\/product_tag?post=23644"}],"curies":[{"name":"wp","href":"https:\/\/api.w.org\/{rel}","templated":true}]}}