{"id":23565,"date":"2025-03-04T08:12:47","date_gmt":"2025-03-05T11:06:31","guid":{"rendered":"https:\/\/www.estilguru.com\/producto\/w-s-board\/"},"modified":"2025-03-05T11:06:31","modified_gmt":"2025-03-05T11:06:31","slug":"w-s-board","status":"publish","type":"product","link":"https:\/\/www.estilguru.com\/fr\/producto\/w-s-board\/","title":{"rendered":"W-S Board &#8211; Panneau de construction \u00e0 sec"},"content":{"rendered":"<article class=\"w-full text-token-text-primary focus-visible:outline-2 focus-visible:outline-offset-[-4px]\" dir=\"auto\" data-testid=\"conversation-turn-143\" data-scroll-anchor=\"true\">\n<div class=\"m-auto text-base py-[18px] px-6\">\n<div class=\"mx-auto flex flex-1 text-base gap-4 md:gap-5 lg:gap-6 md:max-w-3xl lg:max-w-[40rem] xl:max-w-[48rem]\">\n<div class=\"group\/conversation-turn relative flex w-full min-w-0 flex-col agent-turn @xs\/thread:px-0 @sm\/thread:px-1.5 @md\/thread:px-4\">\n<div class=\"flex-col gap-1 md:gap-3\">\n<div class=\"flex max-w-full flex-col flex-grow\">\n<div class=\"min-h-8 text-message relative flex w-full flex-col items-end gap-2 whitespace-normal break-words text-start [.text-message+&amp;]:mt-5\" dir=\"auto\" data-message-author-role=\"assistant\" data-message-id=\"2f17b03a-b055-4a6b-872f-21c36f15e931\" data-message-model-slug=\"gpt-4o\">\n<div class=\"flex w-full flex-col gap-1 empty:hidden first:pt-[3px]\">\n<div class=\"markdown prose w-full break-words dark:prose-invert light\">\n<p data-start=\"0\" data-end=\"318\"><strong data-start=\"3\" data-end=\"16\">W-S BOARD<\/strong> est un panneau \u00e9tanche pour la construction de cloisons s\u00e8ches, con\u00e7u pour \u00eatre polyvalent et facile \u00e0 utiliser dans une grande vari\u00e9t\u00e9 de projets. Sa l\u00e9g\u00e8ret\u00e9 et sa facilit\u00e9 de d\u00e9coupe permettent une adaptation pr\u00e9cise \u00e0 une grande vari\u00e9t\u00e9 de sc\u00e9narios, de la construction r\u00e9sidentielle aux applications industrielles. <\/p>\n<p data-start=\"320\" data-end=\"594\">Sa composition imperm\u00e9able lui conf\u00e8re une grande r\u00e9sistance \u00e0 l&rsquo;humidit\u00e9, offrant une protection durable contre les fuites et la condensation. En outre, sa surface lisse et uniforme garantit une finition impeccable et une excellente adh\u00e9rence pour la pose de carreaux de c\u00e9ramique. <\/p>\n<p data-start=\"596\" data-end=\"773\" data-is-last-node=\"\" data-is-only-node=\"\">Gr\u00e2ce \u00e0 son installation \u00e0 sec, il acc\u00e9l\u00e8re les d\u00e9lais de construction et optimise les co\u00fbts, ce qui en fait une solution efficace et pratique pour tout projet de construction.<\/p>\n<\/div>\n<\/div>\n<\/div>\n<\/div>\n<\/div>\n<div class=\"absolute\">\n<div class=\"flex items-center justify-center\"><\/div>\n<\/div>\n<\/div>\n<\/div>\n<\/div>\n<\/article>\n<p><strong>CARACT\u00c9RISTIQUES TECHNIQUES<\/strong><\/p>\n<ul>\n<li>Dimensions disponibles : 2600 x 625 mm<\/li>\n<li>Epaisseurs disponibles : 10 &#8211; 12,5 &#8211; 20 &#8211; 30 &#8211; 40 &#8211; 50 mm<\/li>\n<li>Facilit\u00e9 de coupe<\/li>\n<li>Imperm\u00e9able \u00e0 l&rsquo;eau<\/li>\n<li>Plan\u00e9it\u00e9 uniforme<\/li>\n<li>L\u00e9ger<\/li>\n<li>R\u00e9duit le temps d&rsquo;installation<\/li>\n<li>Id\u00e9al pour les douches \u00e0 vapeur<\/li>\n<\/ul>\n<p><strong>DONN\u00c9ES TECHNIQUES<\/strong><\/p>\n<ul>\n<li>R\u00e9sistance \u00e0 la compression : 400 KPA &#8211; 50 PSI<\/li>\n<li>&lt;  0,3 perms &#8211; id\u00e9al pour les douches \u00e0 vapeur<\/li>\n<\/ul>\n","protected":false},"excerpt":{"rendered":"<p><strong data-start=\"3\" data-end=\"16\">W-S BOARD<\/strong> est un panneau \u00e9tanche pour la construction de cloisons s\u00e8ches, con\u00e7u pour \u00eatre polyvalent et facile \u00e0 utiliser dans une grande vari\u00e9t\u00e9 de projets. Sa l\u00e9g\u00e8ret\u00e9 et sa facilit\u00e9 de d\u00e9coupe permettent une adaptation pr\u00e9cise \u00e0 une grande vari\u00e9t\u00e9 de sc\u00e9narios, de la construction r\u00e9sidentielle aux applications industrielles. <\/p>\n","protected":false},"featured_media":11434,"template":"","meta":{"site-sidebar-layout":"default","site-content-layout":"default","ast-main-header-display":"","ast-hfb-above-header-display":"","ast-hfb-below-header-display":"","ast-hfb-mobile-header-display":"","site-post-title":"","ast-breadcrumbs-content":"","ast-featured-img":"","footer-sml-layout":"","theme-transparent-header-meta":"default","adv-header-id-meta":"","stick-header-meta":"","header-above-stick-meta":"","header-main-stick-meta":"","header-below-stick-meta":""},"product_brand":[],"product_cat":[273,94],"product_tag":[],"class_list":{"0":"post-23565","1":"product","2":"type-product","3":"status-publish","4":"has-post-thumbnail","6":"product_cat-construction-seche","7":"product_cat-systemes-detancheite","9":"first","10":"instock","11":"shipping-taxable","12":"product-type-simple"},"yoast_head":"<!-- This site is optimized with the Yoast SEO plugin v27.1.1 - https:\/\/yoast.com\/product\/yoast-seo-wordpress\/ -->\n<title>W-S Board - Panneau de construction \u00e0 sec - Estil Guru<\/title>\n<meta name=\"robots\" content=\"index, nofollow, max-snippet:-1, max-image-preview:large, max-video-preview:-1\" \/>\n<link rel=\"canonical\" href=\"https:\/\/www.estilguru.com\/fr\/producto\/w-s-board\/\" \/>\n<meta property=\"og:locale\" content=\"fr_FR\" \/>\n<meta property=\"og:type\" content=\"article\" \/>\n<meta property=\"og:title\" content=\"W-S Board - Panneau de construction \u00e0 sec - Estil Guru\" \/>\n<meta property=\"og:description\" content=\"W-S BOARD est un panneau \u00e9tanche pour la construction de cloisons s\u00e8ches, con\u00e7u pour \u00eatre polyvalent et facile \u00e0 utiliser dans une grande vari\u00e9t\u00e9 de projets. Sa l\u00e9g\u00e8ret\u00e9 et sa facilit\u00e9 de d\u00e9coupe permettent une adaptation pr\u00e9cise \u00e0 une grande vari\u00e9t\u00e9 de sc\u00e9narios, de la construction r\u00e9sidentielle aux applications industrielles.\" \/>\n<meta property=\"og:url\" content=\"https:\/\/www.estilguru.com\/fr\/producto\/w-s-board\/\" \/>\n<meta property=\"og:site_name\" content=\"Estil Guru\" \/>\n<meta property=\"og:image\" content=\"https:\/\/www.estilguru.com\/wp-content\/uploads\/2022\/12\/w-s-backer-board-1-1.jpg\" \/>\n\t<meta property=\"og:image:width\" content=\"2000\" \/>\n\t<meta property=\"og:image:height\" content=\"2000\" \/>\n\t<meta property=\"og:image:type\" content=\"image\/jpeg\" \/>\n<meta name=\"twitter:card\" content=\"summary_large_image\" \/>\n<meta name=\"twitter:label1\" content=\"Dur\u00e9e de lecture estim\u00e9e\" \/>\n\t<meta name=\"twitter:data1\" content=\"1 minute\" \/>\n<script type=\"application\/ld+json\" class=\"yoast-schema-graph\">{\"@context\":\"https:\/\/schema.org\",\"@graph\":[{\"@type\":\"WebPage\",\"@id\":\"https:\/\/www.estilguru.com\/fr\/producto\/w-s-board\/\",\"url\":\"https:\/\/www.estilguru.com\/fr\/producto\/w-s-board\/\",\"name\":\"W-S Board - Panneau de construction \u00e0 sec - Estil Guru\",\"isPartOf\":{\"@id\":\"https:\/\/www.estilguru.com\/fr\/#website\"},\"primaryImageOfPage\":{\"@id\":\"https:\/\/www.estilguru.com\/fr\/producto\/w-s-board\/#primaryimage\"},\"image\":{\"@id\":\"https:\/\/www.estilguru.com\/fr\/producto\/w-s-board\/#primaryimage\"},\"thumbnailUrl\":\"https:\/\/www.estilguru.com\/wp-content\/uploads\/2022\/12\/w-s-backer-board-1-1.jpg\",\"datePublished\":\"2025-03-05T11:06:31+00:00\",\"breadcrumb\":{\"@id\":\"https:\/\/www.estilguru.com\/fr\/producto\/w-s-board\/#breadcrumb\"},\"inLanguage\":\"fr-FR\",\"potentialAction\":[{\"@type\":\"ReadAction\",\"target\":[\"https:\/\/www.estilguru.com\/fr\/producto\/w-s-board\/\"]}]},{\"@type\":\"ImageObject\",\"inLanguage\":\"fr-FR\",\"@id\":\"https:\/\/www.estilguru.com\/fr\/producto\/w-s-board\/#primaryimage\",\"url\":\"https:\/\/www.estilguru.com\/wp-content\/uploads\/2022\/12\/w-s-backer-board-1-1.jpg\",\"contentUrl\":\"https:\/\/www.estilguru.com\/wp-content\/uploads\/2022\/12\/w-s-backer-board-1-1.jpg\",\"width\":2000,\"height\":2000,\"caption\":\"Panneau de construction pr\u00e9fabriqu\u00e9\"},{\"@type\":\"BreadcrumbList\",\"@id\":\"https:\/\/www.estilguru.com\/fr\/producto\/w-s-board\/#breadcrumb\",\"itemListElement\":[{\"@type\":\"ListItem\",\"position\":1,\"name\":\"Home\",\"item\":\"https:\/\/www.estilguru.com\/fr\/\"},{\"@type\":\"ListItem\",\"position\":2,\"name\":\"Produits\",\"item\":\"https:\/\/www.estilguru.com\/fr\/shop\/\"},{\"@type\":\"ListItem\",\"position\":3,\"name\":\"W-S Board &#8211; Panneau de construction \u00e0 sec\"}]},{\"@type\":\"WebSite\",\"@id\":\"https:\/\/www.estilguru.com\/fr\/#website\",\"url\":\"https:\/\/www.estilguru.com\/fr\/\",\"name\":\"Estil Guru\",\"description\":\"Sistemas de ducha e impermeabilizaci\u00f3n\",\"publisher\":{\"@id\":\"https:\/\/www.estilguru.com\/fr\/#organization\"},\"potentialAction\":[{\"@type\":\"SearchAction\",\"target\":{\"@type\":\"EntryPoint\",\"urlTemplate\":\"https:\/\/www.estilguru.com\/fr\/?s={search_term_string}\"},\"query-input\":{\"@type\":\"PropertyValueSpecification\",\"valueRequired\":true,\"valueName\":\"search_term_string\"}}],\"inLanguage\":\"fr-FR\"},{\"@type\":\"Organization\",\"@id\":\"https:\/\/www.estilguru.com\/fr\/#organization\",\"name\":\"Estil Guru\",\"url\":\"https:\/\/www.estilguru.com\/fr\/\",\"logo\":{\"@type\":\"ImageObject\",\"inLanguage\":\"fr-FR\",\"@id\":\"https:\/\/www.estilguru.com\/fr\/#\/schema\/logo\/image\/\",\"url\":\"https:\/\/www.estilguru.com\/wp-content\/uploads\/2022\/09\/LOGO-GURU-horizontal-centrado-01.png\",\"contentUrl\":\"https:\/\/www.estilguru.com\/wp-content\/uploads\/2022\/09\/LOGO-GURU-horizontal-centrado-01.png\",\"width\":2000,\"height\":663,\"caption\":\"Estil Guru\"},\"image\":{\"@id\":\"https:\/\/www.estilguru.com\/fr\/#\/schema\/logo\/image\/\"}}]}<\/script>\n<!-- \/ Yoast SEO plugin. -->","yoast_head_json":{"title":"W-S Board - Panneau de construction \u00e0 sec - Estil Guru","robots":{"index":"index","follow":"nofollow","max-snippet":"max-snippet:-1","max-image-preview":"max-image-preview:large","max-video-preview":"max-video-preview:-1"},"canonical":"https:\/\/www.estilguru.com\/fr\/producto\/w-s-board\/","og_locale":"fr_FR","og_type":"article","og_title":"W-S Board - Panneau de construction \u00e0 sec - Estil Guru","og_description":"W-S BOARD est un panneau \u00e9tanche pour la construction de cloisons s\u00e8ches, con\u00e7u pour \u00eatre polyvalent et facile \u00e0 utiliser dans une grande vari\u00e9t\u00e9 de projets. Sa l\u00e9g\u00e8ret\u00e9 et sa facilit\u00e9 de d\u00e9coupe permettent une adaptation pr\u00e9cise \u00e0 une grande vari\u00e9t\u00e9 de sc\u00e9narios, de la construction r\u00e9sidentielle aux applications industrielles.","og_url":"https:\/\/www.estilguru.com\/fr\/producto\/w-s-board\/","og_site_name":"Estil Guru","og_image":[{"width":2000,"height":2000,"url":"https:\/\/www.estilguru.com\/wp-content\/uploads\/2022\/12\/w-s-backer-board-1-1.jpg","type":"image\/jpeg"}],"twitter_card":"summary_large_image","twitter_misc":{"Dur\u00e9e de lecture estim\u00e9e":"1 minute"},"schema":{"@context":"https:\/\/schema.org","@graph":[{"@type":"WebPage","@id":"https:\/\/www.estilguru.com\/fr\/producto\/w-s-board\/","url":"https:\/\/www.estilguru.com\/fr\/producto\/w-s-board\/","name":"W-S Board - Panneau de construction \u00e0 sec - Estil Guru","isPartOf":{"@id":"https:\/\/www.estilguru.com\/fr\/#website"},"primaryImageOfPage":{"@id":"https:\/\/www.estilguru.com\/fr\/producto\/w-s-board\/#primaryimage"},"image":{"@id":"https:\/\/www.estilguru.com\/fr\/producto\/w-s-board\/#primaryimage"},"thumbnailUrl":"https:\/\/www.estilguru.com\/wp-content\/uploads\/2022\/12\/w-s-backer-board-1-1.jpg","datePublished":"2025-03-05T11:06:31+00:00","breadcrumb":{"@id":"https:\/\/www.estilguru.com\/fr\/producto\/w-s-board\/#breadcrumb"},"inLanguage":"fr-FR","potentialAction":[{"@type":"ReadAction","target":["https:\/\/www.estilguru.com\/fr\/producto\/w-s-board\/"]}]},{"@type":"ImageObject","inLanguage":"fr-FR","@id":"https:\/\/www.estilguru.com\/fr\/producto\/w-s-board\/#primaryimage","url":"https:\/\/www.estilguru.com\/wp-content\/uploads\/2022\/12\/w-s-backer-board-1-1.jpg","contentUrl":"https:\/\/www.estilguru.com\/wp-content\/uploads\/2022\/12\/w-s-backer-board-1-1.jpg","width":2000,"height":2000,"caption":"Panneau de construction pr\u00e9fabriqu\u00e9"},{"@type":"BreadcrumbList","@id":"https:\/\/www.estilguru.com\/fr\/producto\/w-s-board\/#breadcrumb","itemListElement":[{"@type":"ListItem","position":1,"name":"Home","item":"https:\/\/www.estilguru.com\/fr\/"},{"@type":"ListItem","position":2,"name":"Produits","item":"https:\/\/www.estilguru.com\/fr\/shop\/"},{"@type":"ListItem","position":3,"name":"W-S Board &#8211; Panneau de construction \u00e0 sec"}]},{"@type":"WebSite","@id":"https:\/\/www.estilguru.com\/fr\/#website","url":"https:\/\/www.estilguru.com\/fr\/","name":"Estil Guru","description":"Sistemas de ducha e impermeabilizaci\u00f3n","publisher":{"@id":"https:\/\/www.estilguru.com\/fr\/#organization"},"potentialAction":[{"@type":"SearchAction","target":{"@type":"EntryPoint","urlTemplate":"https:\/\/www.estilguru.com\/fr\/?s={search_term_string}"},"query-input":{"@type":"PropertyValueSpecification","valueRequired":true,"valueName":"search_term_string"}}],"inLanguage":"fr-FR"},{"@type":"Organization","@id":"https:\/\/www.estilguru.com\/fr\/#organization","name":"Estil Guru","url":"https:\/\/www.estilguru.com\/fr\/","logo":{"@type":"ImageObject","inLanguage":"fr-FR","@id":"https:\/\/www.estilguru.com\/fr\/#\/schema\/logo\/image\/","url":"https:\/\/www.estilguru.com\/wp-content\/uploads\/2022\/09\/LOGO-GURU-horizontal-centrado-01.png","contentUrl":"https:\/\/www.estilguru.com\/wp-content\/uploads\/2022\/09\/LOGO-GURU-horizontal-centrado-01.png","width":2000,"height":663,"caption":"Estil Guru"},"image":{"@id":"https:\/\/www.estilguru.com\/fr\/#\/schema\/logo\/image\/"}}]}},"_links":{"self":[{"href":"https:\/\/www.estilguru.com\/fr\/wp-json\/wp\/v2\/product\/23565","targetHints":{"allow":["GET"]}}],"collection":[{"href":"https:\/\/www.estilguru.com\/fr\/wp-json\/wp\/v2\/product"}],"about":[{"href":"https:\/\/www.estilguru.com\/fr\/wp-json\/wp\/v2\/types\/product"}],"version-history":[{"count":0,"href":"https:\/\/www.estilguru.com\/fr\/wp-json\/wp\/v2\/product\/23565\/revisions"}],"wp:featuredmedia":[{"embeddable":true,"href":"https:\/\/www.estilguru.com\/fr\/wp-json\/wp\/v2\/media\/11434"}],"wp:attachment":[{"href":"https:\/\/www.estilguru.com\/fr\/wp-json\/wp\/v2\/media?parent=23565"}],"wp:term":[{"taxonomy":"product_brand","embeddable":true,"href":"https:\/\/www.estilguru.com\/fr\/wp-json\/wp\/v2\/product_brand?post=23565"},{"taxonomy":"product_cat","embeddable":true,"href":"https:\/\/www.estilguru.com\/fr\/wp-json\/wp\/v2\/product_cat?post=23565"},{"taxonomy":"product_tag","embeddable":true,"href":"https:\/\/www.estilguru.com\/fr\/wp-json\/wp\/v2\/product_tag?post=23565"}],"curies":[{"name":"wp","href":"https:\/\/api.w.org\/{rel}","templated":true}]}}