{"id":23562,"date":"2025-03-04T08:31:01","date_gmt":"2025-03-05T11:06:27","guid":{"rendered":"https:\/\/www.estilguru.com\/producto\/w-s-niche\/"},"modified":"2025-03-05T11:06:27","modified_gmt":"2025-03-05T11:06:27","slug":"w-s-niche","status":"publish","type":"product","link":"https:\/\/www.estilguru.com\/fr\/producto\/w-s-niche\/","title":{"rendered":"W-S Niche &#8211; Niche de bain pr\u00e9fabriqu\u00e9e"},"content":{"rendered":"<p>W-S NICHE est une niche de douche con\u00e7ue pour offrir une solution pratique et durable dans tout espace de douche. Fabriqu\u00e9e avec un noyau rigide en mousse XPS et rev\u00eatue des deux c\u00f4t\u00e9s de la technologie WATER-STOP, garantissant une imperm\u00e9abilit\u00e9 totale. <\/p>\n<p>Sa base inclin\u00e9e de 1,5 % assure un drainage efficace, tandis que ses dimensions internes correspondent \u00e0 la taille standard des carreaux de c\u00e9ramique, \u00e9liminant ainsi le besoin de d\u00e9coupes inesth\u00e9tiques. En outre, il comprend une \u00e9tag\u00e8re interne de 25 mm r\u00e9glable en hauteur pour maximiser l&rsquo;espace utilisable. <\/p>\n<p><strong>CARACT\u00c9RISTIQUES TECHNIQUES<\/strong><\/p>\n<ul>\n<li>Noyau en mousse rigide XPS<\/li>\n<li>Pr\u00e9fabriqu\u00e9 et imperm\u00e9abilis\u00e9<\/li>\n<li>Enti\u00e8rement recouvrable<\/li>\n<li>Position horizontale ou verticale<\/li>\n<li>Etag\u00e8re positionnable<\/li>\n<\/ul>\n<p><strong>DONN\u00c9ES TECHNIQUES<\/strong><\/p>\n<ul>\n<li>Dimensions int\u00e9rieures : 30 x 71 x 9 cm<\/li>\n<li>Tablette int\u00e9rieure de 25 mm<\/li>\n<li>Base pr\u00e9-inclin\u00e9e : 1,5 %.<\/li>\n<li>Structure \u00e9tanche coll\u00e9e au polyur\u00e9thane<\/li>\n<\/ul>\n","protected":false},"excerpt":{"rendered":"<p>W-S NICHE est une niche de douche con\u00e7ue pour offrir une solution pratique et durable dans tout espace de douche. Fabriqu\u00e9e avec un noyau rigide en mousse XPS et rev\u00eatue des deux c\u00f4t\u00e9s de la technologie WATER-STOP, garantissant une imperm\u00e9abilit\u00e9 totale. <\/p>\n","protected":false},"featured_media":22846,"template":"","meta":{"site-sidebar-layout":"default","site-content-layout":"default","ast-main-header-display":"","ast-hfb-above-header-display":"","ast-hfb-below-header-display":"","ast-hfb-mobile-header-display":"","site-post-title":"","ast-breadcrumbs-content":"","ast-featured-img":"","footer-sml-layout":"","theme-transparent-header-meta":"default","adv-header-id-meta":"","stick-header-meta":"","header-above-stick-meta":"","header-main-stick-meta":"","header-below-stick-meta":""},"product_brand":[],"product_cat":[273,94],"product_tag":[],"class_list":{"0":"post-23562","1":"product","2":"type-product","3":"status-publish","4":"has-post-thumbnail","6":"product_cat-construction-seche","7":"product_cat-systemes-detancheite","9":"first","10":"instock","11":"shipping-taxable","12":"product-type-simple"},"yoast_head":"<!-- This site is optimized with the Yoast SEO plugin v27.1.1 - https:\/\/yoast.com\/product\/yoast-seo-wordpress\/ -->\n<title>W-S Niche - Niche de bain pr\u00e9fabriqu\u00e9e - Estil Guru<\/title>\n<meta name=\"robots\" content=\"index, follow, max-snippet:-1, max-image-preview:large, max-video-preview:-1\" \/>\n<link rel=\"canonical\" href=\"https:\/\/www.estilguru.com\/fr\/producto\/w-s-niche\/\" \/>\n<meta property=\"og:locale\" content=\"fr_FR\" \/>\n<meta property=\"og:type\" content=\"article\" \/>\n<meta property=\"og:title\" content=\"W-S Niche - Niche de bain pr\u00e9fabriqu\u00e9e - Estil Guru\" \/>\n<meta property=\"og:description\" content=\"W-S NICHE est une niche de douche con\u00e7ue pour offrir une solution pratique et durable dans tout espace de douche. Fabriqu\u00e9e avec un noyau rigide en mousse XPS et rev\u00eatue des deux c\u00f4t\u00e9s de la technologie WATER-STOP, garantissant une imperm\u00e9abilit\u00e9 totale.\" \/>\n<meta property=\"og:url\" content=\"https:\/\/www.estilguru.com\/fr\/producto\/w-s-niche\/\" \/>\n<meta property=\"og:site_name\" content=\"Estil Guru\" \/>\n<meta property=\"og:image\" content=\"https:\/\/www.estilguru.com\/wp-content\/uploads\/2025\/03\/w-s-niche-render-01.105.jpg\" \/>\n\t<meta property=\"og:image:width\" content=\"2400\" \/>\n\t<meta property=\"og:image:height\" content=\"1699\" \/>\n\t<meta property=\"og:image:type\" content=\"image\/jpeg\" \/>\n<meta name=\"twitter:card\" content=\"summary_large_image\" \/>\n<meta name=\"twitter:label1\" content=\"Dur\u00e9e de lecture estim\u00e9e\" \/>\n\t<meta name=\"twitter:data1\" content=\"1 minute\" \/>\n<script type=\"application\/ld+json\" class=\"yoast-schema-graph\">{\"@context\":\"https:\/\/schema.org\",\"@graph\":[{\"@type\":\"WebPage\",\"@id\":\"https:\/\/www.estilguru.com\/fr\/producto\/w-s-niche\/\",\"url\":\"https:\/\/www.estilguru.com\/fr\/producto\/w-s-niche\/\",\"name\":\"W-S Niche - Niche de bain pr\u00e9fabriqu\u00e9e - Estil Guru\",\"isPartOf\":{\"@id\":\"https:\/\/www.estilguru.com\/fr\/#website\"},\"primaryImageOfPage\":{\"@id\":\"https:\/\/www.estilguru.com\/fr\/producto\/w-s-niche\/#primaryimage\"},\"image\":{\"@id\":\"https:\/\/www.estilguru.com\/fr\/producto\/w-s-niche\/#primaryimage\"},\"thumbnailUrl\":\"https:\/\/www.estilguru.com\/wp-content\/uploads\/2025\/03\/w-s-niche-render-01.105.jpg\",\"datePublished\":\"2025-03-05T11:06:27+00:00\",\"breadcrumb\":{\"@id\":\"https:\/\/www.estilguru.com\/fr\/producto\/w-s-niche\/#breadcrumb\"},\"inLanguage\":\"fr-FR\",\"potentialAction\":[{\"@type\":\"ReadAction\",\"target\":[\"https:\/\/www.estilguru.com\/fr\/producto\/w-s-niche\/\"]}]},{\"@type\":\"ImageObject\",\"inLanguage\":\"fr-FR\",\"@id\":\"https:\/\/www.estilguru.com\/fr\/producto\/w-s-niche\/#primaryimage\",\"url\":\"https:\/\/www.estilguru.com\/wp-content\/uploads\/2025\/03\/w-s-niche-render-01.105.jpg\",\"contentUrl\":\"https:\/\/www.estilguru.com\/wp-content\/uploads\/2025\/03\/w-s-niche-render-01.105.jpg\",\"width\":2400,\"height\":1699},{\"@type\":\"BreadcrumbList\",\"@id\":\"https:\/\/www.estilguru.com\/fr\/producto\/w-s-niche\/#breadcrumb\",\"itemListElement\":[{\"@type\":\"ListItem\",\"position\":1,\"name\":\"Home\",\"item\":\"https:\/\/www.estilguru.com\/fr\/\"},{\"@type\":\"ListItem\",\"position\":2,\"name\":\"Produits\",\"item\":\"https:\/\/www.estilguru.com\/fr\/shop\/\"},{\"@type\":\"ListItem\",\"position\":3,\"name\":\"W-S Niche &#8211; Niche de bain pr\u00e9fabriqu\u00e9e\"}]},{\"@type\":\"WebSite\",\"@id\":\"https:\/\/www.estilguru.com\/fr\/#website\",\"url\":\"https:\/\/www.estilguru.com\/fr\/\",\"name\":\"Estil Guru\",\"description\":\"Sistemas de ducha e impermeabilizaci\u00f3n\",\"publisher\":{\"@id\":\"https:\/\/www.estilguru.com\/fr\/#organization\"},\"potentialAction\":[{\"@type\":\"SearchAction\",\"target\":{\"@type\":\"EntryPoint\",\"urlTemplate\":\"https:\/\/www.estilguru.com\/fr\/?s={search_term_string}\"},\"query-input\":{\"@type\":\"PropertyValueSpecification\",\"valueRequired\":true,\"valueName\":\"search_term_string\"}}],\"inLanguage\":\"fr-FR\"},{\"@type\":\"Organization\",\"@id\":\"https:\/\/www.estilguru.com\/fr\/#organization\",\"name\":\"Estil Guru\",\"url\":\"https:\/\/www.estilguru.com\/fr\/\",\"logo\":{\"@type\":\"ImageObject\",\"inLanguage\":\"fr-FR\",\"@id\":\"https:\/\/www.estilguru.com\/fr\/#\/schema\/logo\/image\/\",\"url\":\"https:\/\/www.estilguru.com\/wp-content\/uploads\/2022\/09\/LOGO-GURU-horizontal-centrado-01.png\",\"contentUrl\":\"https:\/\/www.estilguru.com\/wp-content\/uploads\/2022\/09\/LOGO-GURU-horizontal-centrado-01.png\",\"width\":2000,\"height\":663,\"caption\":\"Estil Guru\"},\"image\":{\"@id\":\"https:\/\/www.estilguru.com\/fr\/#\/schema\/logo\/image\/\"}}]}<\/script>\n<!-- \/ Yoast SEO plugin. -->","yoast_head_json":{"title":"W-S Niche - Niche de bain pr\u00e9fabriqu\u00e9e - Estil Guru","robots":{"index":"index","follow":"follow","max-snippet":"max-snippet:-1","max-image-preview":"max-image-preview:large","max-video-preview":"max-video-preview:-1"},"canonical":"https:\/\/www.estilguru.com\/fr\/producto\/w-s-niche\/","og_locale":"fr_FR","og_type":"article","og_title":"W-S Niche - Niche de bain pr\u00e9fabriqu\u00e9e - Estil Guru","og_description":"W-S NICHE est une niche de douche con\u00e7ue pour offrir une solution pratique et durable dans tout espace de douche. Fabriqu\u00e9e avec un noyau rigide en mousse XPS et rev\u00eatue des deux c\u00f4t\u00e9s de la technologie WATER-STOP, garantissant une imperm\u00e9abilit\u00e9 totale.","og_url":"https:\/\/www.estilguru.com\/fr\/producto\/w-s-niche\/","og_site_name":"Estil Guru","og_image":[{"width":2400,"height":1699,"url":"https:\/\/www.estilguru.com\/wp-content\/uploads\/2025\/03\/w-s-niche-render-01.105.jpg","type":"image\/jpeg"}],"twitter_card":"summary_large_image","twitter_misc":{"Dur\u00e9e de lecture estim\u00e9e":"1 minute"},"schema":{"@context":"https:\/\/schema.org","@graph":[{"@type":"WebPage","@id":"https:\/\/www.estilguru.com\/fr\/producto\/w-s-niche\/","url":"https:\/\/www.estilguru.com\/fr\/producto\/w-s-niche\/","name":"W-S Niche - Niche de bain pr\u00e9fabriqu\u00e9e - Estil Guru","isPartOf":{"@id":"https:\/\/www.estilguru.com\/fr\/#website"},"primaryImageOfPage":{"@id":"https:\/\/www.estilguru.com\/fr\/producto\/w-s-niche\/#primaryimage"},"image":{"@id":"https:\/\/www.estilguru.com\/fr\/producto\/w-s-niche\/#primaryimage"},"thumbnailUrl":"https:\/\/www.estilguru.com\/wp-content\/uploads\/2025\/03\/w-s-niche-render-01.105.jpg","datePublished":"2025-03-05T11:06:27+00:00","breadcrumb":{"@id":"https:\/\/www.estilguru.com\/fr\/producto\/w-s-niche\/#breadcrumb"},"inLanguage":"fr-FR","potentialAction":[{"@type":"ReadAction","target":["https:\/\/www.estilguru.com\/fr\/producto\/w-s-niche\/"]}]},{"@type":"ImageObject","inLanguage":"fr-FR","@id":"https:\/\/www.estilguru.com\/fr\/producto\/w-s-niche\/#primaryimage","url":"https:\/\/www.estilguru.com\/wp-content\/uploads\/2025\/03\/w-s-niche-render-01.105.jpg","contentUrl":"https:\/\/www.estilguru.com\/wp-content\/uploads\/2025\/03\/w-s-niche-render-01.105.jpg","width":2400,"height":1699},{"@type":"BreadcrumbList","@id":"https:\/\/www.estilguru.com\/fr\/producto\/w-s-niche\/#breadcrumb","itemListElement":[{"@type":"ListItem","position":1,"name":"Home","item":"https:\/\/www.estilguru.com\/fr\/"},{"@type":"ListItem","position":2,"name":"Produits","item":"https:\/\/www.estilguru.com\/fr\/shop\/"},{"@type":"ListItem","position":3,"name":"W-S Niche &#8211; Niche de bain pr\u00e9fabriqu\u00e9e"}]},{"@type":"WebSite","@id":"https:\/\/www.estilguru.com\/fr\/#website","url":"https:\/\/www.estilguru.com\/fr\/","name":"Estil Guru","description":"Sistemas de ducha e impermeabilizaci\u00f3n","publisher":{"@id":"https:\/\/www.estilguru.com\/fr\/#organization"},"potentialAction":[{"@type":"SearchAction","target":{"@type":"EntryPoint","urlTemplate":"https:\/\/www.estilguru.com\/fr\/?s={search_term_string}"},"query-input":{"@type":"PropertyValueSpecification","valueRequired":true,"valueName":"search_term_string"}}],"inLanguage":"fr-FR"},{"@type":"Organization","@id":"https:\/\/www.estilguru.com\/fr\/#organization","name":"Estil Guru","url":"https:\/\/www.estilguru.com\/fr\/","logo":{"@type":"ImageObject","inLanguage":"fr-FR","@id":"https:\/\/www.estilguru.com\/fr\/#\/schema\/logo\/image\/","url":"https:\/\/www.estilguru.com\/wp-content\/uploads\/2022\/09\/LOGO-GURU-horizontal-centrado-01.png","contentUrl":"https:\/\/www.estilguru.com\/wp-content\/uploads\/2022\/09\/LOGO-GURU-horizontal-centrado-01.png","width":2000,"height":663,"caption":"Estil Guru"},"image":{"@id":"https:\/\/www.estilguru.com\/fr\/#\/schema\/logo\/image\/"}}]}},"_links":{"self":[{"href":"https:\/\/www.estilguru.com\/fr\/wp-json\/wp\/v2\/product\/23562","targetHints":{"allow":["GET"]}}],"collection":[{"href":"https:\/\/www.estilguru.com\/fr\/wp-json\/wp\/v2\/product"}],"about":[{"href":"https:\/\/www.estilguru.com\/fr\/wp-json\/wp\/v2\/types\/product"}],"version-history":[{"count":0,"href":"https:\/\/www.estilguru.com\/fr\/wp-json\/wp\/v2\/product\/23562\/revisions"}],"wp:featuredmedia":[{"embeddable":true,"href":"https:\/\/www.estilguru.com\/fr\/wp-json\/wp\/v2\/media\/22846"}],"wp:attachment":[{"href":"https:\/\/www.estilguru.com\/fr\/wp-json\/wp\/v2\/media?parent=23562"}],"wp:term":[{"taxonomy":"product_brand","embeddable":true,"href":"https:\/\/www.estilguru.com\/fr\/wp-json\/wp\/v2\/product_brand?post=23562"},{"taxonomy":"product_cat","embeddable":true,"href":"https:\/\/www.estilguru.com\/fr\/wp-json\/wp\/v2\/product_cat?post=23562"},{"taxonomy":"product_tag","embeddable":true,"href":"https:\/\/www.estilguru.com\/fr\/wp-json\/wp\/v2\/product_tag?post=23562"}],"curies":[{"name":"wp","href":"https:\/\/api.w.org\/{rel}","templated":true}]}}