{"id":23522,"date":"2025-03-04T08:37:47","date_gmt":"2025-03-05T10:58:08","guid":{"rendered":"https:\/\/www.estilguru.com\/producto\/w-s-sink-fregadero-prefabricado\/"},"modified":"2025-09-01T11:31:34","modified_gmt":"2025-09-01T11:31:34","slug":"superkit-kit-creation-et-etancheite-des-douches-de-travail","status":"publish","type":"product","link":"https:\/\/www.estilguru.com\/fr\/producto\/superkit-kit-creation-et-etancheite-des-douches-de-travail\/","title":{"rendered":"Superkit &#8211; Receveur de douche invisible pour douches encastr\u00e9es"},"content":{"rendered":"<article class=\"w-full text-token-text-primary focus-visible:outline-2 focus-visible:outline-offset-[-4px]\" dir=\"auto\" data-testid=\"conversation-turn-215\" data-scroll-anchor=\"true\">\n<div class=\"text-base my-auto mx-auto py-[18px] px-6\">\n<div class=\"mx-auto flex flex-1 text-base gap-4 md:gap-5 lg:gap-6 md:max-w-3xl lg:max-w-[40rem] xl:max-w-[48rem]\">\n<div class=\"group\/conversation-turn relative flex w-full min-w-0 flex-col agent-turn @xs\/thread:px-0 @sm\/thread:px-1.5 @md\/thread:px-4\">\n<div class=\"flex-col gap-1 md:gap-3\">\n<div class=\"flex max-w-full flex-col flex-grow\">\n<div class=\"min-h-8 text-message relative flex w-full flex-col items-end gap-2 whitespace-normal break-words text-start [.text-message+&amp;]:mt-5\" dir=\"auto\" data-message-author-role=\"assistant\" data-message-id=\"a6b45a96-ff3b-4d3e-9d35-7c06645256e1\" data-message-model-slug=\"gpt-4-5\">\n<div class=\"flex w-full flex-col gap-1 empty:hidden first:pt-[3px]\">\n<div class=\"markdown prose w-full break-words dark:prose-invert light\">\n<p data-start=\"216\" data-end=\"287\"><strong data-start=\"216\" data-end=\"287\">Superkit : le receveur de douche invisible, polyvalent et facile \u00e0 installer<\/strong><\/p>\n<p data-start=\"289\" data-end=\"634\"><strong data-start=\"289\" data-end=\"301\">Superkit<\/strong> est un syst\u00e8me int\u00e9gral qui transforme toute douche encastr\u00e9e en une solution moderne, pratique et visuellement continue. Gr\u00e2ce \u00e0 sa conception pavable, le <strong data-start=\"458\" data-end=\"495\">receveur de douche invisible Superkit<\/strong> est compl\u00e8tement int\u00e9gr\u00e9 sous le carrelage c\u00e9ramique, offrant une esth\u00e9tique propre et \u00e9l\u00e9gante sans coupures ni in\u00e9galit\u00e9s visuelles. <\/p>\n<p data-start=\"636\" data-end=\"1002\">Ce syst\u00e8me comprend tout ce qui est n\u00e9cessaire pour une installation rapide et s\u00fbre (\u00e0 l&rsquo;exception de la c\u00e9ramique et du ciment). Le receveur de douche pr\u00e9fabriqu\u00e9 pr\u00e9sente une pente de 2 % qui garantit une \u00e9vacuation efficace de l&rsquo;eau, tandis que sa surface est facilement ajustable pour s&rsquo;adapter \u00e0 n&rsquo;importe quel espace, m\u00eame dans le cas de r\u00e9novations complexes ou de salles de bains aux formes irr\u00e9guli\u00e8res. <\/p>\n<p data-start=\"1004\" data-end=\"1214\">Compatible avec le caillebotis <strong data-start=\"1027\" data-end=\"1051\">REVOLUX (d\u00e9coup\u00e9)<\/strong> ou <strong data-start=\"1054\" data-end=\"1087\">EVOLUX INTEGRA (pav\u00e9<\/strong>), le syst\u00e8me s&rsquo;adapte \u00e0 vos pr\u00e9f\u00e9rences esth\u00e9tiques, permettant une installation totalement invisible avec le mod\u00e8le INTEGRA.<\/p>\n<p data-start=\"1216\" data-end=\"1278\"><strong data-start=\"1216\" data-end=\"1278\">Pourquoi choisir Superkit comme receveur de douche invisible ?<\/strong><\/p>\n<ul data-start=\"1280\" data-end=\"1841\">\n<li data-start=\"1280\" data-end=\"1427\">\n<p data-start=\"1282\" data-end=\"1427\"><strong data-start=\"1282\" data-end=\"1318\">Conception invisible et pavable :<\/strong> le bac dispara\u00eet sous le sol, cr\u00e9ant une surface continue au m\u00eame niveau que le sol de la salle de bains.<\/p>\n<\/li>\n<li data-start=\"1428\" data-end=\"1540\">\n<p data-start=\"1430\" data-end=\"1540\"><strong data-start=\"1430\" data-end=\"1464\">Installation simple et rapide :<\/strong> syst\u00e8me intuitif et adaptable, m\u00eame sur des chantiers aux dimensions personnalis\u00e9es.<\/p>\n<\/li>\n<li data-start=\"1541\" data-end=\"1633\">\n<p data-start=\"1543\" data-end=\"1633\"><strong data-start=\"1543\" data-end=\"1565\">Drainage efficace :<\/strong> Drainage \u00e0 haut d\u00e9bit (49 L\/min) avec un syst\u00e8me de pointe.<\/p>\n<\/li>\n<li data-start=\"1634\" data-end=\"1758\">\n<p data-start=\"1636\" data-end=\"1758\"><strong data-start=\"1636\" data-end=\"1678\">Accessibilit\u00e9 maximale et nettoyage facile :<\/strong> id\u00e9al pour cr\u00e9er des espaces sans obstacles, avec une esth\u00e9tique minimaliste et moderne.<\/p>\n<\/li>\n<li data-start=\"1759\" data-end=\"1841\">\n<p data-start=\"1761\" data-end=\"1841\"><strong data-start=\"1761\" data-end=\"1791\">Polyvalence du design :<\/strong> personnalisez la finition avec votre c\u00e9ramique pr\u00e9f\u00e9r\u00e9e.<\/p>\n<\/li>\n<\/ul>\n<p data-start=\"1843\" data-end=\"1870\"><strong data-start=\"1843\" data-end=\"1870\">Contenu du Superkit :<\/strong><\/p>\n<ul data-start=\"1872\" data-end=\"2160\">\n<li data-start=\"1872\" data-end=\"1961\">\n<p data-start=\"1874\" data-end=\"1961\">Receveur de douche pr\u00e9fabriqu\u00e9 recouvert de polyur\u00e9thane haute densit\u00e9, avec pente int\u00e9gr\u00e9e.<\/p>\n<\/li>\n<li data-start=\"1962\" data-end=\"2009\">\n<p data-start=\"1964\" data-end=\"2009\">Membrane d&rsquo;\u00e9tanch\u00e9it\u00e9 avec fixation murale.<\/p>\n<\/li>\n<li data-start=\"2010\" data-end=\"2087\">\n<p data-start=\"2012\" data-end=\"2087\">Syst\u00e8me de drainage avanc\u00e9 avec un choix de caillebotis REVOLUX ou EVOLUX INTEGRA.<\/p>\n<\/li>\n<li data-start=\"2088\" data-end=\"2160\">\n<p data-start=\"2090\" data-end=\"2160\">Accessoires pour faciliter l&rsquo;installation et assurer l&rsquo;\u00e9tanch\u00e9it\u00e9.<\/p>\n<\/li>\n<\/ul>\n<p data-start=\"2162\" data-end=\"2191\"><strong data-start=\"2162\" data-end=\"2191\">Caract\u00e9ristiques techniques :<\/strong><\/p>\n<ul data-start=\"2193\" data-end=\"2370\">\n<li data-start=\"2193\" data-end=\"2232\">\n<p data-start=\"2195\" data-end=\"2232\">Pente homog\u00e8ne de 2% int\u00e9gr\u00e9e.<\/p>\n<\/li>\n<li data-start=\"2233\" data-end=\"2266\">\n<p data-start=\"2235\" data-end=\"2266\">D\u00e9bit d&rsquo;\u00e9vacuation : 49 L\/min.<\/p>\n<\/li>\n<li data-start=\"2267\" data-end=\"2318\">\n<p data-start=\"2269\" data-end=\"2318\">Plaque d\u00e9coupable avec cutter, enti\u00e8rement adaptable.<\/p>\n<\/li>\n<li data-start=\"2319\" data-end=\"2370\">\n<p data-start=\"2321\" data-end=\"2370\">Surface pavable pour des finitions invisibles.<\/p>\n<\/li>\n<\/ul>\n<p data-start=\"2372\" data-end=\"2550\">Avec <strong data-start=\"2376\" data-end=\"2388\">Superkit<\/strong>, l&rsquo;installation d&rsquo;un <strong data-start=\"2402\" data-end=\"2430\">receveur de douche invisible<\/strong> sur site est plus facile, plus rapide et plus s\u00fbre que jamais. Une solution professionnelle \u00e0 l&rsquo;esth\u00e9tique irr\u00e9prochable et aux performances garanties. <\/p>\n<\/div>\n<\/div>\n<\/div>\n<\/div>\n<\/div>\n<\/div>\n<\/div>\n<\/div>\n<\/article>\n","protected":false},"excerpt":{"rendered":"<p><strong>Superkit<\/strong> est un receveur de douche invisible pr\u00e9fabriqu\u00e9, avec une option pavable (caillebotis Integra) ou facilement d\u00e9coupable (caillebotis Revolux), qui garantit une installation rapide, une \u00e9vacuation efficace et une finition \u00e9l\u00e9gante et continue au m\u00eame niveau que le sol de la salle de bains.<\/p>\n","protected":false},"featured_media":24252,"template":"","meta":{"site-sidebar-layout":"default","site-content-layout":"default","ast-main-header-display":"","ast-hfb-above-header-display":"","ast-hfb-below-header-display":"","ast-hfb-mobile-header-display":"","site-post-title":"","ast-breadcrumbs-content":"","ast-featured-img":"","footer-sml-layout":"","theme-transparent-header-meta":"default","adv-header-id-meta":"","stick-header-meta":"","header-above-stick-meta":"","header-main-stick-meta":"","header-below-stick-meta":""},"product_brand":[],"product_cat":[273,95,94],"product_tag":[],"class_list":{"0":"post-23522","1":"product","2":"type-product","3":"status-publish","4":"has-post-thumbnail","6":"product_cat-construction-seche","7":"product_cat-siphons-de-sol-de-douche","8":"product_cat-systemes-detancheite","10":"first","11":"instock","12":"shipping-taxable","13":"product-type-simple"},"yoast_head":"<!-- This site is optimized with the Yoast SEO plugin v27.1.1 - https:\/\/yoast.com\/product\/yoast-seo-wordpress\/ -->\n<title>Superkit - Receveur de douche invisible pour douches encastr\u00e9es - Estil Guru<\/title>\n<meta name=\"robots\" content=\"index, follow, max-snippet:-1, max-image-preview:large, max-video-preview:-1\" \/>\n<link rel=\"canonical\" href=\"https:\/\/www.estilguru.com\/fr\/producto\/superkit-kit-creation-et-etancheite-des-douches-de-travail\/\" \/>\n<meta property=\"og:locale\" content=\"fr_FR\" \/>\n<meta property=\"og:type\" content=\"article\" \/>\n<meta property=\"og:title\" content=\"Superkit - Receveur de douche invisible pour douches encastr\u00e9es - Estil Guru\" \/>\n<meta property=\"og:description\" content=\"Superkit est un receveur de douche invisible pr\u00e9fabriqu\u00e9, avec une option pavable (caillebotis Integra) ou facilement d\u00e9coupable (caillebotis Revolux), qui garantit une installation rapide, une \u00e9vacuation efficace et une finition \u00e9l\u00e9gante et continue au m\u00eame niveau que le sol de la salle de bains.\" \/>\n<meta property=\"og:url\" content=\"https:\/\/www.estilguru.com\/fr\/producto\/superkit-kit-creation-et-etancheite-des-douches-de-travail\/\" \/>\n<meta property=\"og:site_name\" content=\"Estil Guru\" \/>\n<meta property=\"article:modified_time\" content=\"2025-09-01T11:31:34+00:00\" \/>\n<meta property=\"og:image\" content=\"https:\/\/www.estilguru.com\/wp-content\/uploads\/2025\/03\/Captura-de-pantalla-2025-02-18-125415.jpg\" \/>\n\t<meta property=\"og:image:width\" content=\"1175\" \/>\n\t<meta property=\"og:image:height\" content=\"659\" \/>\n\t<meta property=\"og:image:type\" content=\"image\/jpeg\" \/>\n<meta name=\"twitter:card\" content=\"summary_large_image\" \/>\n<meta name=\"twitter:label1\" content=\"Dur\u00e9e de lecture estim\u00e9e\" \/>\n\t<meta name=\"twitter:data1\" content=\"2 minutes\" \/>\n<script type=\"application\/ld+json\" class=\"yoast-schema-graph\">{\"@context\":\"https:\/\/schema.org\",\"@graph\":[{\"@type\":\"WebPage\",\"@id\":\"https:\/\/www.estilguru.com\/fr\/producto\/superkit-kit-creation-et-etancheite-des-douches-de-travail\/\",\"url\":\"https:\/\/www.estilguru.com\/fr\/producto\/superkit-kit-creation-et-etancheite-des-douches-de-travail\/\",\"name\":\"Superkit - Receveur de douche invisible pour douches encastr\u00e9es - Estil Guru\",\"isPartOf\":{\"@id\":\"https:\/\/www.estilguru.com\/fr\/#website\"},\"primaryImageOfPage\":{\"@id\":\"https:\/\/www.estilguru.com\/fr\/producto\/superkit-kit-creation-et-etancheite-des-douches-de-travail\/#primaryimage\"},\"image\":{\"@id\":\"https:\/\/www.estilguru.com\/fr\/producto\/superkit-kit-creation-et-etancheite-des-douches-de-travail\/#primaryimage\"},\"thumbnailUrl\":\"https:\/\/www.estilguru.com\/wp-content\/uploads\/2025\/03\/Captura-de-pantalla-2025-02-18-125415.jpg\",\"datePublished\":\"2025-03-05T10:58:08+00:00\",\"dateModified\":\"2025-09-01T11:31:34+00:00\",\"breadcrumb\":{\"@id\":\"https:\/\/www.estilguru.com\/fr\/producto\/superkit-kit-creation-et-etancheite-des-douches-de-travail\/#breadcrumb\"},\"inLanguage\":\"fr-FR\",\"potentialAction\":[{\"@type\":\"ReadAction\",\"target\":[\"https:\/\/www.estilguru.com\/fr\/producto\/superkit-kit-creation-et-etancheite-des-douches-de-travail\/\"]}]},{\"@type\":\"ImageObject\",\"inLanguage\":\"fr-FR\",\"@id\":\"https:\/\/www.estilguru.com\/fr\/producto\/superkit-kit-creation-et-etancheite-des-douches-de-travail\/#primaryimage\",\"url\":\"https:\/\/www.estilguru.com\/wp-content\/uploads\/2025\/03\/Captura-de-pantalla-2025-02-18-125415.jpg\",\"contentUrl\":\"https:\/\/www.estilguru.com\/wp-content\/uploads\/2025\/03\/Captura-de-pantalla-2025-02-18-125415.jpg\",\"width\":1175,\"height\":659},{\"@type\":\"BreadcrumbList\",\"@id\":\"https:\/\/www.estilguru.com\/fr\/producto\/superkit-kit-creation-et-etancheite-des-douches-de-travail\/#breadcrumb\",\"itemListElement\":[{\"@type\":\"ListItem\",\"position\":1,\"name\":\"Home\",\"item\":\"https:\/\/www.estilguru.com\/fr\/\"},{\"@type\":\"ListItem\",\"position\":2,\"name\":\"Produits\",\"item\":\"https:\/\/www.estilguru.com\/fr\/shop\/\"},{\"@type\":\"ListItem\",\"position\":3,\"name\":\"Superkit &#8211; Receveur de douche invisible pour douches encastr\u00e9es\"}]},{\"@type\":\"WebSite\",\"@id\":\"https:\/\/www.estilguru.com\/fr\/#website\",\"url\":\"https:\/\/www.estilguru.com\/fr\/\",\"name\":\"Estil Guru\",\"description\":\"Sistemas de ducha e impermeabilizaci\u00f3n\",\"publisher\":{\"@id\":\"https:\/\/www.estilguru.com\/fr\/#organization\"},\"potentialAction\":[{\"@type\":\"SearchAction\",\"target\":{\"@type\":\"EntryPoint\",\"urlTemplate\":\"https:\/\/www.estilguru.com\/fr\/?s={search_term_string}\"},\"query-input\":{\"@type\":\"PropertyValueSpecification\",\"valueRequired\":true,\"valueName\":\"search_term_string\"}}],\"inLanguage\":\"fr-FR\"},{\"@type\":\"Organization\",\"@id\":\"https:\/\/www.estilguru.com\/fr\/#organization\",\"name\":\"Estil Guru\",\"url\":\"https:\/\/www.estilguru.com\/fr\/\",\"logo\":{\"@type\":\"ImageObject\",\"inLanguage\":\"fr-FR\",\"@id\":\"https:\/\/www.estilguru.com\/fr\/#\/schema\/logo\/image\/\",\"url\":\"https:\/\/www.estilguru.com\/wp-content\/uploads\/2022\/09\/LOGO-GURU-horizontal-centrado-01.png\",\"contentUrl\":\"https:\/\/www.estilguru.com\/wp-content\/uploads\/2022\/09\/LOGO-GURU-horizontal-centrado-01.png\",\"width\":2000,\"height\":663,\"caption\":\"Estil Guru\"},\"image\":{\"@id\":\"https:\/\/www.estilguru.com\/fr\/#\/schema\/logo\/image\/\"}}]}<\/script>\n<!-- \/ Yoast SEO plugin. -->","yoast_head_json":{"title":"Superkit - Receveur de douche invisible pour douches encastr\u00e9es - Estil Guru","robots":{"index":"index","follow":"follow","max-snippet":"max-snippet:-1","max-image-preview":"max-image-preview:large","max-video-preview":"max-video-preview:-1"},"canonical":"https:\/\/www.estilguru.com\/fr\/producto\/superkit-kit-creation-et-etancheite-des-douches-de-travail\/","og_locale":"fr_FR","og_type":"article","og_title":"Superkit - Receveur de douche invisible pour douches encastr\u00e9es - Estil Guru","og_description":"Superkit est un receveur de douche invisible pr\u00e9fabriqu\u00e9, avec une option pavable (caillebotis Integra) ou facilement d\u00e9coupable (caillebotis Revolux), qui garantit une installation rapide, une \u00e9vacuation efficace et une finition \u00e9l\u00e9gante et continue au m\u00eame niveau que le sol de la salle de bains.","og_url":"https:\/\/www.estilguru.com\/fr\/producto\/superkit-kit-creation-et-etancheite-des-douches-de-travail\/","og_site_name":"Estil Guru","article_modified_time":"2025-09-01T11:31:34+00:00","og_image":[{"width":1175,"height":659,"url":"https:\/\/www.estilguru.com\/wp-content\/uploads\/2025\/03\/Captura-de-pantalla-2025-02-18-125415.jpg","type":"image\/jpeg"}],"twitter_card":"summary_large_image","twitter_misc":{"Dur\u00e9e de lecture estim\u00e9e":"2 minutes"},"schema":{"@context":"https:\/\/schema.org","@graph":[{"@type":"WebPage","@id":"https:\/\/www.estilguru.com\/fr\/producto\/superkit-kit-creation-et-etancheite-des-douches-de-travail\/","url":"https:\/\/www.estilguru.com\/fr\/producto\/superkit-kit-creation-et-etancheite-des-douches-de-travail\/","name":"Superkit - Receveur de douche invisible pour douches encastr\u00e9es - Estil Guru","isPartOf":{"@id":"https:\/\/www.estilguru.com\/fr\/#website"},"primaryImageOfPage":{"@id":"https:\/\/www.estilguru.com\/fr\/producto\/superkit-kit-creation-et-etancheite-des-douches-de-travail\/#primaryimage"},"image":{"@id":"https:\/\/www.estilguru.com\/fr\/producto\/superkit-kit-creation-et-etancheite-des-douches-de-travail\/#primaryimage"},"thumbnailUrl":"https:\/\/www.estilguru.com\/wp-content\/uploads\/2025\/03\/Captura-de-pantalla-2025-02-18-125415.jpg","datePublished":"2025-03-05T10:58:08+00:00","dateModified":"2025-09-01T11:31:34+00:00","breadcrumb":{"@id":"https:\/\/www.estilguru.com\/fr\/producto\/superkit-kit-creation-et-etancheite-des-douches-de-travail\/#breadcrumb"},"inLanguage":"fr-FR","potentialAction":[{"@type":"ReadAction","target":["https:\/\/www.estilguru.com\/fr\/producto\/superkit-kit-creation-et-etancheite-des-douches-de-travail\/"]}]},{"@type":"ImageObject","inLanguage":"fr-FR","@id":"https:\/\/www.estilguru.com\/fr\/producto\/superkit-kit-creation-et-etancheite-des-douches-de-travail\/#primaryimage","url":"https:\/\/www.estilguru.com\/wp-content\/uploads\/2025\/03\/Captura-de-pantalla-2025-02-18-125415.jpg","contentUrl":"https:\/\/www.estilguru.com\/wp-content\/uploads\/2025\/03\/Captura-de-pantalla-2025-02-18-125415.jpg","width":1175,"height":659},{"@type":"BreadcrumbList","@id":"https:\/\/www.estilguru.com\/fr\/producto\/superkit-kit-creation-et-etancheite-des-douches-de-travail\/#breadcrumb","itemListElement":[{"@type":"ListItem","position":1,"name":"Home","item":"https:\/\/www.estilguru.com\/fr\/"},{"@type":"ListItem","position":2,"name":"Produits","item":"https:\/\/www.estilguru.com\/fr\/shop\/"},{"@type":"ListItem","position":3,"name":"Superkit &#8211; Receveur de douche invisible pour douches encastr\u00e9es"}]},{"@type":"WebSite","@id":"https:\/\/www.estilguru.com\/fr\/#website","url":"https:\/\/www.estilguru.com\/fr\/","name":"Estil Guru","description":"Sistemas de ducha e impermeabilizaci\u00f3n","publisher":{"@id":"https:\/\/www.estilguru.com\/fr\/#organization"},"potentialAction":[{"@type":"SearchAction","target":{"@type":"EntryPoint","urlTemplate":"https:\/\/www.estilguru.com\/fr\/?s={search_term_string}"},"query-input":{"@type":"PropertyValueSpecification","valueRequired":true,"valueName":"search_term_string"}}],"inLanguage":"fr-FR"},{"@type":"Organization","@id":"https:\/\/www.estilguru.com\/fr\/#organization","name":"Estil Guru","url":"https:\/\/www.estilguru.com\/fr\/","logo":{"@type":"ImageObject","inLanguage":"fr-FR","@id":"https:\/\/www.estilguru.com\/fr\/#\/schema\/logo\/image\/","url":"https:\/\/www.estilguru.com\/wp-content\/uploads\/2022\/09\/LOGO-GURU-horizontal-centrado-01.png","contentUrl":"https:\/\/www.estilguru.com\/wp-content\/uploads\/2022\/09\/LOGO-GURU-horizontal-centrado-01.png","width":2000,"height":663,"caption":"Estil Guru"},"image":{"@id":"https:\/\/www.estilguru.com\/fr\/#\/schema\/logo\/image\/"}}]}},"_links":{"self":[{"href":"https:\/\/www.estilguru.com\/fr\/wp-json\/wp\/v2\/product\/23522","targetHints":{"allow":["GET"]}}],"collection":[{"href":"https:\/\/www.estilguru.com\/fr\/wp-json\/wp\/v2\/product"}],"about":[{"href":"https:\/\/www.estilguru.com\/fr\/wp-json\/wp\/v2\/types\/product"}],"version-history":[{"count":0,"href":"https:\/\/www.estilguru.com\/fr\/wp-json\/wp\/v2\/product\/23522\/revisions"}],"wp:featuredmedia":[{"embeddable":true,"href":"https:\/\/www.estilguru.com\/fr\/wp-json\/wp\/v2\/media\/24252"}],"wp:attachment":[{"href":"https:\/\/www.estilguru.com\/fr\/wp-json\/wp\/v2\/media?parent=23522"}],"wp:term":[{"taxonomy":"product_brand","embeddable":true,"href":"https:\/\/www.estilguru.com\/fr\/wp-json\/wp\/v2\/product_brand?post=23522"},{"taxonomy":"product_cat","embeddable":true,"href":"https:\/\/www.estilguru.com\/fr\/wp-json\/wp\/v2\/product_cat?post=23522"},{"taxonomy":"product_tag","embeddable":true,"href":"https:\/\/www.estilguru.com\/fr\/wp-json\/wp\/v2\/product_tag?post=23522"}],"curies":[{"name":"wp","href":"https:\/\/api.w.org\/{rel}","templated":true}]}}