{"id":3632,"date":"2021-11-26T09:57:36","date_gmt":"2021-11-26T09:57:36","guid":{"rendered":"https:\/\/www.estilguru.com\/politique-de-cookies\/"},"modified":"2021-12-10T09:50:49","modified_gmt":"2021-12-10T09:50:49","slug":"politique-de-cookies","status":"publish","type":"page","link":"https:\/\/www.estilguru.com\/fr\/politique-de-cookies\/","title":{"rendered":"Politique de cookies"},"content":{"rendered":"<p class=\"font_8\">Politique de cookies :<\/p>\n<p class=\"font_8\">Conform\u00e9ment aux dispositions de l&rsquo;article 22.2 de la loi 34\/2002 du 11 juillet sur les services de la soci\u00e9t\u00e9 de l&rsquo;information et du commerce \u00e9lectronique (LSSI-CE) en vigueur, ESTIL GURU, SLU vient remplir ses obligations d&rsquo;information sur les cookies que vous utilisez et leurs finalit\u00e9s.<\/p>\n<p class=\"font_8\">Les cookies permettent, entre autres, \u00e0 une page Web de stocker et de r\u00e9cup\u00e9rer des informations sur les habitudes de navigation d&rsquo;un Utilisateur ou de son \u00e9quipement et, en fonction des informations qu&rsquo;elle contient et de la mani\u00e8re dont il utilise son \u00e9quipement, ils peuvent \u00eatre utilis\u00e9s pour reconna\u00eetre l&rsquo;utilisateur.<\/p>\n<p class=\"font_8\">Les cookies sont essentiels au fonctionnement d&rsquo;Internet, offrant d&rsquo;innombrables avantages dans la fourniture de services interactifs, facilitant la navigation de l&rsquo;utilisateur et la convivialit\u00e9 de notre site Web.<\/p>\n<p class=\"font_8\">Ce site Web utilise les cookies propres et tiers suivants aux fins d\u00e9crites ci-dessous, en s&rsquo;associant \u00e0 l&rsquo;utilisateur anonyme et \u00e0 son appareil, en fournissant le nom, le pr\u00e9nom et l&rsquo;adresse IP de l&rsquo;utilisateur.<\/p>\n<ul class=\"font_8\">\n<li>\n<p class=\"font_8\">COOKIES D&rsquo;ANALYSE propres, de session et persistants qui permettent \u00e0 ESTIL GURU, SLU l&rsquo;analyse li\u00e9e \u00e0 la navigation effectu\u00e9e par l&rsquo;utilisateur afin de suivre l&rsquo;utilisation du site Web ainsi que de faire des statistiques sur le contenu le plus visit\u00e9, le nombre de visiteurs, etc.<\/p>\n<\/li>\n<li>\n<p class=\"font_8\">COOKIES DE PERSONNALISATION qui permettent \u00e0 l&rsquo;Utilisateur une navigation personnalis\u00e9e sur le site, selon sa langue.<\/p>\n<\/li>\n<\/ul>\n<p class=\"font_8\">Pour utiliser ce site, l&rsquo;installation de cookies n&rsquo;est pas n\u00e9cessaire. Vous pouvez configurer votre navigateur pour qu&rsquo;il accepte, refuse ou vous avertisse lorsqu&rsquo;un cookie va \u00eatre d\u00e9pos\u00e9 sur votre ordinateur. Chaque navigateur est diff\u00e9rent, donc dans le cas o\u00f9 vous souhaiteriez configurer votre navigateur pour les bloquer, nous mettons \u00e0 votre disposition les liens suivants, parmi lesquels vous pourrez trouver celui correspondant \u00e0 votre navigateur :<\/p>\n<p class=\"font_8\"><span class=\"wixGuard\"><\/span><\/p>\n<ul class=\"font_8\">\n<li>\n<p class=\"font_8\"><a>MOZILLA FIREFOX<\/a><\/p>\n<\/li>\n<li>\n<p class=\"font_8\"><a>GOOGLE CHROME<\/a><\/p>\n<\/li>\n<li>\n<p class=\"font_8\"><a>INTERNET EXPLORER<\/a><\/p>\n<\/li>\n<li>\n<p class=\"font_8\"><a>SAFARI<\/a><\/p>\n<\/li>\n<li>\n<p class=\"font_8\"><a>OP\u00c9RA<\/a><\/p>\n<\/li>\n<\/ul>\n<p class=\"font_8\">ESTIL GURU, SL informe l&rsquo;utilisateur que ce site utilise <a>Google Analytics<\/a> , stocke des cookies pour pouvoir compiler des statistiques sur le trafic et le volume de visites sur ce site. En utilisant ce site Web, l&rsquo;utilisateur consent au traitement de ses informations par Google. Par cons\u00e9quent, l&rsquo;exercice de tout droit, en ce sens, l&rsquo;utilisateur doit le faire en communiquant directement avec Google.<\/p>\n<p class=\"font_8\">Les cookies de Google Analytics sont stock\u00e9s sur des serveurs situ\u00e9s aux \u00c9tats-Unis. Google s&rsquo;engage \u00e0 ne pas partager ces informations avec des tiers, sauf dans les cas o\u00f9 cela est n\u00e9cessaire au fonctionnement du syst\u00e8me ou lorsque la loi l&rsquo;y oblige.<\/p>\n<p class=\"font_8\">Selon Google, il n&rsquo;enregistre pas votre adresse IP.<\/p>\n<p class=\"font_8\">Google Inc. est une entreprise adh\u00e9r\u00e9e au \u00ab\u00a0Privacy Shield\u00a0\u00bb (Privacy Shield) qui garantit que toutes les donn\u00e9es transf\u00e9r\u00e9es seront trait\u00e9es avec un niveau de protection conforme \u00e0 la r\u00e9glementation europ\u00e9enne. L&rsquo;Utilisateur peut consulter des informations d\u00e9taill\u00e9es \u00e0 ce sujet via le lien suivant : <a>https:\/\/support.google.com\/analytics\/answer\/6004245<\/a> .<\/p>\n<p class=\"font_8\">Si l&rsquo;utilisateur le souhaite, il peut utiliser le module compl\u00e9mentaire de d\u00e9sactivation de Google Analytics pour les navigateurs, gr\u00e2ce auquel les cookies analytiques dudit service peuvent \u00eatre rejet\u00e9s dans tous les navigateurs. L&rsquo;Utilisateur peut consulter plus d&rsquo;informations \u00e0 ce sujet au lien suivant : <a>https:\/\/tools.google.com\/dlpage\/gaoptout<\/a> .<\/p>\n","protected":false},"excerpt":{"rendered":"<p>Politique de cookies : Conform\u00e9ment aux dispositions de l&rsquo;article 22.2 de la loi 34\/2002 du 11 juillet sur les services de la soci\u00e9t\u00e9 de l&rsquo;information et du commerce \u00e9lectronique (LSSI-CE) en vigueur, ESTIL GURU, SLU vient remplir ses obligations d&rsquo;information sur les cookies que vous utilisez et leurs finalit\u00e9s. Les cookies permettent, entre autres, \u00e0 &hellip;<\/p>\n<p class=\"read-more\"> <a class=\"\" href=\"https:\/\/www.estilguru.com\/fr\/politique-de-cookies\/\"> <span class=\"screen-reader-text\">Politique de cookies<\/span> Lire la suite\u00a0\u00bb<\/a><\/p>\n","protected":false},"author":1,"featured_media":0,"parent":0,"menu_order":0,"comment_status":"closed","ping_status":"closed","template":"","meta":{"site-sidebar-layout":"no-sidebar","site-content-layout":"default","ast-main-header-display":"disabled","ast-hfb-above-header-display":"","ast-hfb-below-header-display":"","ast-hfb-mobile-header-display":"","site-post-title":"","ast-breadcrumbs-content":"","ast-featured-img":"disabled","footer-sml-layout":"","theme-transparent-header-meta":"default","adv-header-id-meta":"","stick-header-meta":"","header-above-stick-meta":"","header-main-stick-meta":"","header-below-stick-meta":"","footnotes":""},"class_list":["post-3632","page","type-page","status-publish","hentry"],"yoast_head":"<!-- This site is optimized with the Yoast SEO plugin v27.1.1 - https:\/\/yoast.com\/product\/yoast-seo-wordpress\/ -->\n<title>Politique de cookies - Estil Guru<\/title>\n<meta name=\"robots\" content=\"noindex, follow\" \/>\n<meta property=\"og:locale\" content=\"fr_FR\" \/>\n<meta property=\"og:type\" content=\"article\" \/>\n<meta property=\"og:title\" content=\"Politique de cookies - Estil Guru\" \/>\n<meta property=\"og:description\" content=\"Politique de cookies : Conform\u00e9ment aux dispositions de l&rsquo;article 22.2 de la loi 34\/2002 du 11 juillet sur les services de la soci\u00e9t\u00e9 de l&rsquo;information et du commerce \u00e9lectronique (LSSI-CE) en vigueur, ESTIL GURU, SLU vient remplir ses obligations d&rsquo;information sur les cookies que vous utilisez et leurs finalit\u00e9s. Les cookies permettent, entre autres, \u00e0 &hellip; Politique de cookies Lire la suite\u00a0\u00bb\" \/>\n<meta property=\"og:url\" content=\"https:\/\/www.estilguru.com\/fr\/politique-de-cookies\/\" \/>\n<meta property=\"og:site_name\" content=\"Estil Guru\" \/>\n<meta property=\"article:modified_time\" content=\"2021-12-10T09:50:49+00:00\" \/>\n<meta name=\"twitter:card\" content=\"summary_large_image\" \/>\n<meta name=\"twitter:label1\" content=\"Dur\u00e9e de lecture estim\u00e9e\" \/>\n\t<meta name=\"twitter:data1\" content=\"3 minutes\" \/>\n<script type=\"application\/ld+json\" class=\"yoast-schema-graph\">{\"@context\":\"https:\/\/schema.org\",\"@graph\":[{\"@type\":\"WebPage\",\"@id\":\"https:\/\/www.estilguru.com\/fr\/politique-de-cookies\/\",\"url\":\"https:\/\/www.estilguru.com\/fr\/politique-de-cookies\/\",\"name\":\"Politique de cookies - Estil Guru\",\"isPartOf\":{\"@id\":\"https:\/\/www.estilguru.com\/fr\/#website\"},\"datePublished\":\"2021-11-26T09:57:36+00:00\",\"dateModified\":\"2021-12-10T09:50:49+00:00\",\"breadcrumb\":{\"@id\":\"https:\/\/www.estilguru.com\/fr\/politique-de-cookies\/#breadcrumb\"},\"inLanguage\":\"fr-FR\",\"potentialAction\":[{\"@type\":\"ReadAction\",\"target\":[\"https:\/\/www.estilguru.com\/fr\/politique-de-cookies\/\"]}]},{\"@type\":\"BreadcrumbList\",\"@id\":\"https:\/\/www.estilguru.com\/fr\/politique-de-cookies\/#breadcrumb\",\"itemListElement\":[{\"@type\":\"ListItem\",\"position\":1,\"name\":\"Home\",\"item\":\"https:\/\/www.estilguru.com\/fr\/\"},{\"@type\":\"ListItem\",\"position\":2,\"name\":\"Politique de cookies\"}]},{\"@type\":\"WebSite\",\"@id\":\"https:\/\/www.estilguru.com\/fr\/#website\",\"url\":\"https:\/\/www.estilguru.com\/fr\/\",\"name\":\"Estil Guru\",\"description\":\"Sistemas de ducha e impermeabilizaci\u00f3n\",\"publisher\":{\"@id\":\"https:\/\/www.estilguru.com\/fr\/#organization\"},\"potentialAction\":[{\"@type\":\"SearchAction\",\"target\":{\"@type\":\"EntryPoint\",\"urlTemplate\":\"https:\/\/www.estilguru.com\/fr\/?s={search_term_string}\"},\"query-input\":{\"@type\":\"PropertyValueSpecification\",\"valueRequired\":true,\"valueName\":\"search_term_string\"}}],\"inLanguage\":\"fr-FR\"},{\"@type\":\"Organization\",\"@id\":\"https:\/\/www.estilguru.com\/fr\/#organization\",\"name\":\"Estil Guru\",\"url\":\"https:\/\/www.estilguru.com\/fr\/\",\"logo\":{\"@type\":\"ImageObject\",\"inLanguage\":\"fr-FR\",\"@id\":\"https:\/\/www.estilguru.com\/fr\/#\/schema\/logo\/image\/\",\"url\":\"https:\/\/www.estilguru.com\/wp-content\/uploads\/2022\/09\/LOGO-GURU-horizontal-centrado-01.png\",\"contentUrl\":\"https:\/\/www.estilguru.com\/wp-content\/uploads\/2022\/09\/LOGO-GURU-horizontal-centrado-01.png\",\"width\":2000,\"height\":663,\"caption\":\"Estil Guru\"},\"image\":{\"@id\":\"https:\/\/www.estilguru.com\/fr\/#\/schema\/logo\/image\/\"}}]}<\/script>\n<!-- \/ Yoast SEO plugin. -->","yoast_head_json":{"title":"Politique de cookies - Estil Guru","robots":{"index":"noindex","follow":"follow"},"og_locale":"fr_FR","og_type":"article","og_title":"Politique de cookies - Estil Guru","og_description":"Politique de cookies : Conform\u00e9ment aux dispositions de l&rsquo;article 22.2 de la loi 34\/2002 du 11 juillet sur les services de la soci\u00e9t\u00e9 de l&rsquo;information et du commerce \u00e9lectronique (LSSI-CE) en vigueur, ESTIL GURU, SLU vient remplir ses obligations d&rsquo;information sur les cookies que vous utilisez et leurs finalit\u00e9s. Les cookies permettent, entre autres, \u00e0 &hellip; Politique de cookies Lire la suite\u00a0\u00bb","og_url":"https:\/\/www.estilguru.com\/fr\/politique-de-cookies\/","og_site_name":"Estil Guru","article_modified_time":"2021-12-10T09:50:49+00:00","twitter_card":"summary_large_image","twitter_misc":{"Dur\u00e9e de lecture estim\u00e9e":"3 minutes"},"schema":{"@context":"https:\/\/schema.org","@graph":[{"@type":"WebPage","@id":"https:\/\/www.estilguru.com\/fr\/politique-de-cookies\/","url":"https:\/\/www.estilguru.com\/fr\/politique-de-cookies\/","name":"Politique de cookies - Estil Guru","isPartOf":{"@id":"https:\/\/www.estilguru.com\/fr\/#website"},"datePublished":"2021-11-26T09:57:36+00:00","dateModified":"2021-12-10T09:50:49+00:00","breadcrumb":{"@id":"https:\/\/www.estilguru.com\/fr\/politique-de-cookies\/#breadcrumb"},"inLanguage":"fr-FR","potentialAction":[{"@type":"ReadAction","target":["https:\/\/www.estilguru.com\/fr\/politique-de-cookies\/"]}]},{"@type":"BreadcrumbList","@id":"https:\/\/www.estilguru.com\/fr\/politique-de-cookies\/#breadcrumb","itemListElement":[{"@type":"ListItem","position":1,"name":"Home","item":"https:\/\/www.estilguru.com\/fr\/"},{"@type":"ListItem","position":2,"name":"Politique de cookies"}]},{"@type":"WebSite","@id":"https:\/\/www.estilguru.com\/fr\/#website","url":"https:\/\/www.estilguru.com\/fr\/","name":"Estil Guru","description":"Sistemas de ducha e impermeabilizaci\u00f3n","publisher":{"@id":"https:\/\/www.estilguru.com\/fr\/#organization"},"potentialAction":[{"@type":"SearchAction","target":{"@type":"EntryPoint","urlTemplate":"https:\/\/www.estilguru.com\/fr\/?s={search_term_string}"},"query-input":{"@type":"PropertyValueSpecification","valueRequired":true,"valueName":"search_term_string"}}],"inLanguage":"fr-FR"},{"@type":"Organization","@id":"https:\/\/www.estilguru.com\/fr\/#organization","name":"Estil Guru","url":"https:\/\/www.estilguru.com\/fr\/","logo":{"@type":"ImageObject","inLanguage":"fr-FR","@id":"https:\/\/www.estilguru.com\/fr\/#\/schema\/logo\/image\/","url":"https:\/\/www.estilguru.com\/wp-content\/uploads\/2022\/09\/LOGO-GURU-horizontal-centrado-01.png","contentUrl":"https:\/\/www.estilguru.com\/wp-content\/uploads\/2022\/09\/LOGO-GURU-horizontal-centrado-01.png","width":2000,"height":663,"caption":"Estil Guru"},"image":{"@id":"https:\/\/www.estilguru.com\/fr\/#\/schema\/logo\/image\/"}}]}},"_links":{"self":[{"href":"https:\/\/www.estilguru.com\/fr\/wp-json\/wp\/v2\/pages\/3632","targetHints":{"allow":["GET"]}}],"collection":[{"href":"https:\/\/www.estilguru.com\/fr\/wp-json\/wp\/v2\/pages"}],"about":[{"href":"https:\/\/www.estilguru.com\/fr\/wp-json\/wp\/v2\/types\/page"}],"author":[{"embeddable":true,"href":"https:\/\/www.estilguru.com\/fr\/wp-json\/wp\/v2\/users\/1"}],"replies":[{"embeddable":true,"href":"https:\/\/www.estilguru.com\/fr\/wp-json\/wp\/v2\/comments?post=3632"}],"version-history":[{"count":0,"href":"https:\/\/www.estilguru.com\/fr\/wp-json\/wp\/v2\/pages\/3632\/revisions"}],"wp:attachment":[{"href":"https:\/\/www.estilguru.com\/fr\/wp-json\/wp\/v2\/media?parent=3632"}],"curies":[{"name":"wp","href":"https:\/\/api.w.org\/{rel}","templated":true}]}}