{"id":3342,"date":"2021-11-26T08:58:29","date_gmt":"2021-11-26T08:58:29","guid":{"rendered":"https:\/\/www.estilguru.com\/ws-air\/"},"modified":"2022-02-23T11:55:55","modified_gmt":"2022-02-23T11:55:55","slug":"ws-air","status":"publish","type":"page","link":"https:\/\/www.estilguru.com\/fr\/feuilles-impermeables\/ws-air\/","title":{"rendered":"WS AIR"},"content":{"rendered":"\t\t<div data-elementor-type=\"wp-page\" data-elementor-id=\"3342\" class=\"elementor elementor-3342 elementor-267\" data-elementor-settings=\"{&quot;ha_cmc_init_switcher&quot;:&quot;no&quot;}\" data-elementor-post-type=\"page\">\n\t\t\t\t\t\t<section class=\"elementor-section elementor-top-section elementor-element elementor-element-9d31a9d elementor-section-full_width elementor-section-height-default elementor-section-height-default\" data-id=\"9d31a9d\" data-element_type=\"section\" data-e-type=\"section\" data-settings=\"{&quot;background_background&quot;:&quot;classic&quot;,&quot;_ha_eqh_enable&quot;:false}\">\n\t\t\t\t\t\t<div class=\"elementor-container elementor-column-gap-default\">\n\t\t\t\t\t<div class=\"elementor-column elementor-col-100 elementor-top-column elementor-element elementor-element-e48478e\" data-id=\"e48478e\" data-element_type=\"column\" data-e-type=\"column\">\n\t\t\t<div class=\"elementor-widget-wrap\">\n\t\t\t\t\t\t\t<\/div>\n\t\t<\/div>\n\t\t\t\t\t<\/div>\n\t\t<\/section>\n\t\t\t\t<section class=\"elementor-section elementor-top-section elementor-element elementor-element-ba01668 elementor-section-boxed elementor-section-height-default elementor-section-height-default\" data-id=\"ba01668\" data-element_type=\"section\" data-e-type=\"section\" data-settings=\"{&quot;_ha_eqh_enable&quot;:false}\">\n\t\t\t\t\t\t<div class=\"elementor-container elementor-column-gap-default\">\n\t\t\t\t\t<div class=\"elementor-column elementor-col-100 elementor-top-column elementor-element elementor-element-da94de2\" data-id=\"da94de2\" data-element_type=\"column\" data-e-type=\"column\">\n\t\t\t<div class=\"elementor-widget-wrap elementor-element-populated\">\n\t\t\t\t\t\t<div class=\"elementor-element elementor-element-bdd01ed premium-header-inline premium-lq__none premium-box-lq__none elementor-widget elementor-widget-premium-addon-dual-header\" data-id=\"bdd01ed\" data-element_type=\"widget\" data-e-type=\"widget\" data-widget_type=\"premium-addon-dual-header.default\">\n\t\t\t\t\t\n\t\t<div class=\"elementor-widget-container\">\n\t\t\t\t\t<h1 class=\"premium-dual-header-first-header \"><span class=\"premium-dual-header-first-span\">\u00c9cran souple de sous-toiture  <\/span><span class=\"premium-dual-header-second-header \">WS AIR<\/span><\/h1> \t\t\t\t<\/div>\n\n\t\t\t\t\t\t<\/div>\n\t\t\t\t<div class=\"elementor-element elementor-element-fd6deda elementor-widget elementor-widget-text-editor\" data-id=\"fd6deda\" data-element_type=\"widget\" data-e-type=\"widget\" data-widget_type=\"text-editor.default\">\n\t\t\t\t<div class=\"elementor-widget-container\">\n\t\t\t\t\t\t\t\t\t<p>Notre \u00e9cran souple de sous-toiture W-S AIR est sp\u00e9cialement con\u00e7u pour le contr\u00f4le de la vapeur des toits en pente et des fa\u00e7ades ventil\u00e9es et doit \u00eatre installer sous la protection et sur la structure portante, en permettant <u>aux poutres<\/u> de s\u2019appuyer sur le tablier (dalle en b\u00e9ton, bois, panneaux\u2026) ou directement sur l\u2019isolation thermique.<\/p><p>L\u2019\u00e9cran souple de sous-toiture HPV se distingue, car il est solide, l\u00e9ger et facile \u00e0 installer. Il est donc recommand\u00e9 de l\u2019utiliser pour les couvertures dont la pente est sup\u00e9rieure \u00e0 6 % (conform\u00e9ment \u00e0 la norme EN 13859-1) en tant que barri\u00e8re imperm\u00e9able respirante et pare-vents, afin d\u2019am\u00e9liorer l\u2019efficacit\u00e9 de l\u2019isolation thermique et d\u2019emp\u00eacher le passage de poussi\u00e8re et d&rsquo;insectes.<\/p>\t\t\t\t\t\t\t\t<\/div>\n\t\t\t\t<\/div>\n\t\t\t\t\t<\/div>\n\t\t<\/div>\n\t\t\t\t\t<\/div>\n\t\t<\/section>\n\t\t\t\t<section class=\"elementor-section elementor-top-section elementor-element elementor-element-bbee450 elementor-section-full_width elementor-section-height-default elementor-section-height-default\" data-id=\"bbee450\" data-element_type=\"section\" data-e-type=\"section\" data-settings=\"{&quot;background_background&quot;:&quot;classic&quot;,&quot;_ha_eqh_enable&quot;:false}\">\n\t\t\t\t\t\t<div class=\"elementor-container elementor-column-gap-default\">\n\t\t\t\t\t<div class=\"elementor-column elementor-col-50 elementor-top-column elementor-element elementor-element-65f105d elementor-invisible\" data-id=\"65f105d\" data-element_type=\"column\" data-e-type=\"column\" data-settings=\"{&quot;animation&quot;:&quot;fadeInLeft&quot;}\">\n\t\t\t<div class=\"elementor-widget-wrap elementor-element-populated\">\n\t\t\t\t\t\t<div class=\"elementor-element elementor-element-6fbdbf6 elementor-widget elementor-widget-heading\" data-id=\"6fbdbf6\" data-element_type=\"widget\" data-e-type=\"widget\" data-widget_type=\"heading.default\">\n\t\t\t\t<div class=\"elementor-widget-container\">\n\t\t\t\t\t<h2 class=\"elementor-heading-title elementor-size-default\">\u00c9cran souple de sous-toiture HPV<\/h2>\t\t\t\t<\/div>\n\t\t\t\t<\/div>\n\t\t\t\t<div class=\"elementor-element elementor-element-532c529 elementor-widget elementor-widget-text-editor\" data-id=\"532c529\" data-element_type=\"widget\" data-e-type=\"widget\" data-widget_type=\"text-editor.default\">\n\t\t\t\t<div class=\"elementor-widget-container\">\n\t\t\t\t\t\t\t\t\t<p>W-S AIR est un \u00e9cran souple de sous-toiture imperm\u00e9able HPV, car il est imperm\u00e9able \u00e0 l\u2019eau, mais perm\u00e9able \u00e0 la vapeur d\u2019eau. C\u2019est un excellent syst\u00e8me de protection \u00e0 l\u2019eau qui s\u2019infiltre en raison :<\/p><p>\u2013 des intemp\u00e9ries telles que la pluie avec des vents forts ou la p\u00e9n\u00e9tration de neige poudreuse.<\/p><p>\u2013 de l\u2019accumulation de mousses, v\u00e9g\u00e9taux, feuilles dans les tuiles, noues et goutti\u00e8res\u2026<\/p><p>\u2013 de la mauvaise mise en \u0153uvre de la toiture telle qu\u2019une ventilation \u00e9lev\u00e9e, un usage excessif de mortier, une pente insuffisante ou une mauvaise installation de points critiques ou des remont\u00e9es.<\/p><p>\u2013 de la brisure ou le glissement de pi\u00e8ces de la couverture, par exemple, ici l\u2019\u00e9cran de sous-toiture imperm\u00e9able HPV W-S AIR offre une protection contre les pas d\u2019animaux ou le pi\u00e9tinement d\u00fb \u00e0 l\u2019entretien, contre le vent, la neige\u2026<\/p>\t\t\t\t\t\t\t\t<\/div>\n\t\t\t\t<\/div>\n\t\t\t\t<div class=\"elementor-element elementor-element-c793b5f elementor-align-center elementor-widget elementor-widget-button\" data-id=\"c793b5f\" data-element_type=\"widget\" data-e-type=\"widget\" data-widget_type=\"button.default\">\n\t\t\t\t<div class=\"elementor-widget-container\">\n\t\t\t\t\t\t\t\t\t<div class=\"elementor-button-wrapper\">\n\t\t\t\t\t<a class=\"elementor-button elementor-button-link elementor-size-sm\" href=\"#\">\n\t\t\t\t\t\t<span class=\"elementor-button-content-wrapper\">\n\t\t\t\t\t\t\t\t\t<span class=\"elementor-button-text\">Cliquez ici<\/span>\n\t\t\t\t\t<\/span>\n\t\t\t\t\t<\/a>\n\t\t\t\t<\/div>\n\t\t\t\t\t\t\t\t<\/div>\n\t\t\t\t<\/div>\n\t\t\t\t\t<\/div>\n\t\t<\/div>\n\t\t\t\t<div class=\"elementor-column elementor-col-50 elementor-top-column elementor-element elementor-element-285a237 elementor-invisible\" data-id=\"285a237\" data-element_type=\"column\" data-e-type=\"column\" data-settings=\"{&quot;background_background&quot;:&quot;classic&quot;,&quot;animation&quot;:&quot;fadeInRight&quot;}\">\n\t\t\t<div class=\"elementor-widget-wrap\">\n\t\t\t\t\t\t\t<\/div>\n\t\t<\/div>\n\t\t\t\t\t<\/div>\n\t\t<\/section>\n\t\t\t\t<section class=\"elementor-section elementor-top-section elementor-element elementor-element-896f93e elementor-section-boxed elementor-section-height-default elementor-section-height-default\" data-id=\"896f93e\" data-element_type=\"section\" data-e-type=\"section\" data-settings=\"{&quot;background_background&quot;:&quot;classic&quot;,&quot;_ha_eqh_enable&quot;:false}\">\n\t\t\t\t\t\t<div class=\"elementor-container elementor-column-gap-narrow\">\n\t\t\t\t\t<div class=\"elementor-column elementor-col-100 elementor-top-column elementor-element elementor-element-0799137 elementor-invisible\" data-id=\"0799137\" data-element_type=\"column\" data-e-type=\"column\" data-settings=\"{&quot;animation&quot;:&quot;fadeInLeft&quot;}\">\n\t\t\t<div class=\"elementor-widget-wrap elementor-element-populated\">\n\t\t\t\t\t\t<div class=\"elementor-element elementor-element-8c85a2a elementor-widget elementor-widget-heading\" data-id=\"8c85a2a\" data-element_type=\"widget\" data-e-type=\"widget\" data-widget_type=\"heading.default\">\n\t\t\t\t<div class=\"elementor-widget-container\">\n\t\t\t\t\t<h2 class=\"elementor-heading-title elementor-size-default\">TRI-COUCHE EN POLYPROPYL\u00c8NE<\/h2>\t\t\t\t<\/div>\n\t\t\t\t<\/div>\n\t\t\t\t<div class=\"elementor-element elementor-element-19f1537 elementor-widget elementor-widget-text-editor\" data-id=\"19f1537\" data-element_type=\"widget\" data-e-type=\"widget\" data-widget_type=\"text-editor.default\">\n\t\t\t\t<div class=\"elementor-widget-container\">\n\t\t\t\t\t\t\t\t\t<p>L\u2019\u00e9cran souple en polypropyl\u00e8ne W-S AIR est un l\u00e9 imperm\u00e9able hautement perm\u00e9able \u00e0 la vapeur qui permet l\u2019imperm\u00e9abilisation des toits en pente ou \u00e0 la verticale, des murs et des fa\u00e7ades ventil\u00e9es. G\u00e9ocomposite form\u00e9 par trois couches\u00a0: au centre l\u2019\u00e2me est une membrane microporeuse de film plastique en polypropyl\u00e8ne (PP) associ\u00e9e \u00e0 chacune des deux faces ext\u00e9rieures de non-tiss\u00e9 \u00e9galement en polypropyl\u00e8ne.<\/p><p>En combinaison avec l\u2019isolation thermique et le pare-vapeur, l\u2019\u00e9cran WATER-STOP AIR forme un syst\u00e8me hautement efficace qui permet de r\u00e9pondre aux exigences de la r\u00e9glementation espagnole \u00e9quivalente au code de la construction et de l\u2019habitation (le code technique de la construction connu comme le CTE, de ses sigles en espagnol) en mati\u00e8re de sant\u00e9 et de r\u00e9duction de la consommation \u00e9nerg\u00e9tique. Il prot\u00e8ge la structure et l\u2019isolation thermique contre l&rsquo;humidit\u00e9. Il aide \u00e0 maintenir une atmosph\u00e8re plus propre et saine \u00e0 l\u2019int\u00e9rieur. Il compl\u00e8te l\u2019isolation thermique en \u00e9vitant les pertes de chaleur dues \u00e0 la convection et \u00e0 la condensation interstitielle.<\/p><p>WATER-STOP AIR permet de maintenir un environnement confortable et de r\u00e9duire la consommation d\u2019\u00e9nergie.<\/p><ul><li>WATER STOP AIR 130 : il est conditionn\u00e9 sous forme de rouleau de 1,50\u00d750 m.<\/li><li>WATER STOP AIR 130 ADH : cet \u00e9cran souple int\u00e8gre en lisi\u00e8re un ruban adh\u00e9sif double face qui permet une liaison entre eux. Il est conditionn\u00e9 sous forme de rouleau de 1,50\u00d750 m.<\/li><\/ul>\t\t\t\t\t\t\t\t<\/div>\n\t\t\t\t<\/div>\n\t\t\t\t\t<\/div>\n\t\t<\/div>\n\t\t\t\t\t<\/div>\n\t\t<\/section>\n\t\t\t\t<section class=\"elementor-section elementor-top-section elementor-element elementor-element-93ab1ac elementor-section-full_width elementor-section-height-default elementor-section-height-default\" data-id=\"93ab1ac\" data-element_type=\"section\" data-e-type=\"section\" data-settings=\"{&quot;background_background&quot;:&quot;classic&quot;,&quot;_ha_eqh_enable&quot;:false}\">\n\t\t\t\t\t\t<div class=\"elementor-container elementor-column-gap-default\">\n\t\t\t\t\t<div class=\"elementor-column elementor-col-100 elementor-top-column elementor-element elementor-element-c121d65\" data-id=\"c121d65\" data-element_type=\"column\" data-e-type=\"column\">\n\t\t\t<div class=\"elementor-widget-wrap\">\n\t\t\t\t\t\t\t<\/div>\n\t\t<\/div>\n\t\t\t\t\t<\/div>\n\t\t<\/section>\n\t\t\t\t<section class=\"elementor-section elementor-top-section elementor-element elementor-element-ef10ad3 elementor-section-boxed elementor-section-height-default elementor-section-height-default\" data-id=\"ef10ad3\" data-element_type=\"section\" data-e-type=\"section\" data-settings=\"{&quot;_ha_eqh_enable&quot;:false}\">\n\t\t\t\t\t\t<div class=\"elementor-container elementor-column-gap-default\">\n\t\t\t\t\t<div class=\"elementor-column elementor-col-100 elementor-top-column elementor-element elementor-element-48b6064\" data-id=\"48b6064\" data-element_type=\"column\" data-e-type=\"column\">\n\t\t\t<div class=\"elementor-widget-wrap elementor-element-populated\">\n\t\t\t\t\t\t<div class=\"elementor-element elementor-element-baf211c premium-header-inline premium-lq__none premium-box-lq__none elementor-widget elementor-widget-premium-addon-dual-header\" data-id=\"baf211c\" data-element_type=\"widget\" data-e-type=\"widget\" data-widget_type=\"premium-addon-dual-header.default\">\n\t\t\t\t\t\n\t\t<div class=\"elementor-widget-container\">\n\t\t\t\t\t<h2 class=\"premium-dual-header-first-header \"><span class=\"premium-dual-header-first-span\">POUR ACHETER UN \u00c9CRAN SOUPLE DE SOUS-TOITURE IMPERM\u00c9ABLE ET RESPIRANT  <\/span><span class=\"premium-dual-header-second-header \">WS AIR<\/span><\/h2> \t\t\t\t<\/div>\n\n\t\t\t\t\t\t<\/div>\n\t\t\t\t<div class=\"elementor-element elementor-element-96cccd0 elementor-widget elementor-widget-text-editor\" data-id=\"96cccd0\" data-element_type=\"widget\" data-e-type=\"widget\" data-widget_type=\"text-editor.default\">\n\t\t\t\t<div class=\"elementor-widget-container\">\n\t\t\t\t\t\t\t\t\t<p>Estil Guru est fournisseur d\u2019\u00e9crans souples de sous-toiture HPV imperm\u00e9ables depuis plus de 10 ans et est conforme \u00e0 toutes les normes garantissant ainsi l\u2019efficacit\u00e9 et les fonctionnalit\u00e9s couvertes par notre \u00e9cran W-S AIR. Si vous souhaitez acheter un \u00e9cran souple de sous-toiture HPV, nous vous invitons \u00e0 nous contacter.<\/p>\t\t\t\t\t\t\t\t<\/div>\n\t\t\t\t<\/div>\n\t\t\t\t<div class=\"elementor-element elementor-element-3bf8646 elementor-align-center elementor-widget elementor-widget-button\" data-id=\"3bf8646\" data-element_type=\"widget\" data-e-type=\"widget\" data-widget_type=\"button.default\">\n\t\t\t\t<div class=\"elementor-widget-container\">\n\t\t\t\t\t\t\t\t\t<div class=\"elementor-button-wrapper\">\n\t\t\t\t\t<a class=\"elementor-button elementor-button-link elementor-size-sm elementor-animation-shrink\" href=\"https:\/\/www.estilguru.com\/fr\/contact\/\">\n\t\t\t\t\t\t<span class=\"elementor-button-content-wrapper\">\n\t\t\t\t\t\t\t\t\t<span class=\"elementor-button-text\">Contact<\/span>\n\t\t\t\t\t<\/span>\n\t\t\t\t\t<\/a>\n\t\t\t\t<\/div>\n\t\t\t\t\t\t\t\t<\/div>\n\t\t\t\t<\/div>\n\t\t\t\t\t<\/div>\n\t\t<\/div>\n\t\t\t\t\t<\/div>\n\t\t<\/section>\n\t\t\t\t<\/div>\n\t\t","protected":false},"excerpt":{"rendered":"<p>\u00c9cran souple de sous-toiture WS AIR Notre \u00e9cran souple de sous-toiture W-S AIR est sp\u00e9cialement con\u00e7u pour le contr\u00f4le de la vapeur des toits en pente et des fa\u00e7ades ventil\u00e9es et doit \u00eatre installer sous la protection et sur la structure portante, en permettant aux poutres de s\u2019appuyer sur le tablier (dalle en b\u00e9ton, bois, &hellip;<\/p>\n<p class=\"read-more\"> <a class=\"\" href=\"https:\/\/www.estilguru.com\/fr\/feuilles-impermeables\/ws-air\/\"> <span class=\"screen-reader-text\">WS AIR<\/span> Lire la suite\u00a0\u00bb<\/a><\/p>\n","protected":false},"author":1,"featured_media":0,"parent":3411,"menu_order":0,"comment_status":"closed","ping_status":"closed","template":"","meta":{"site-sidebar-layout":"no-sidebar","site-content-layout":"page-builder","ast-main-header-display":"disabled","ast-hfb-above-header-display":"","ast-hfb-below-header-display":"","ast-hfb-mobile-header-display":"","site-post-title":"disabled","ast-breadcrumbs-content":"","ast-featured-img":"disabled","footer-sml-layout":"","theme-transparent-header-meta":"default","adv-header-id-meta":"","stick-header-meta":"","header-above-stick-meta":"","header-main-stick-meta":"","header-below-stick-meta":"","footnotes":""},"class_list":["post-3342","page","type-page","status-publish","hentry"],"yoast_head":"<!-- This site is optimized with the Yoast SEO plugin v27.1.1 - https:\/\/yoast.com\/product\/yoast-seo-wordpress\/ -->\n<title>WS AIR - Estil Guru<\/title>\n<meta name=\"description\" content=\"La feuille \u00e9tanche pour toitures WS AIR est l&#039;une des meilleures solutions pour l&#039;\u00e9tanch\u00e9it\u00e9 des toitures avec et sans pente.\" \/>\n<meta name=\"robots\" content=\"index, follow, max-snippet:-1, max-image-preview:large, max-video-preview:-1\" \/>\n<link rel=\"canonical\" href=\"https:\/\/www.estilguru.com\/fr\/feuilles-impermeables\/ws-air\/\" \/>\n<meta property=\"og:locale\" content=\"fr_FR\" \/>\n<meta property=\"og:type\" content=\"article\" \/>\n<meta property=\"og:title\" content=\"WS AIR - Estil Guru\" \/>\n<meta property=\"og:description\" content=\"La feuille \u00e9tanche pour toitures WS AIR est l&#039;une des meilleures solutions pour l&#039;\u00e9tanch\u00e9it\u00e9 des toitures avec et sans pente.\" \/>\n<meta property=\"og:url\" content=\"https:\/\/www.estilguru.com\/fr\/feuilles-impermeables\/ws-air\/\" \/>\n<meta property=\"og:site_name\" content=\"Estil Guru\" \/>\n<meta property=\"article:modified_time\" content=\"2022-02-23T11:55:55+00:00\" \/>\n<meta name=\"twitter:card\" content=\"summary_large_image\" \/>\n<meta name=\"twitter:label1\" content=\"Dur\u00e9e de lecture estim\u00e9e\" \/>\n\t<meta name=\"twitter:data1\" content=\"3 minutes\" \/>\n<script type=\"application\/ld+json\" class=\"yoast-schema-graph\">{\"@context\":\"https:\/\/schema.org\",\"@graph\":[{\"@type\":\"WebPage\",\"@id\":\"https:\/\/www.estilguru.com\/fr\/feuilles-impermeables\/ws-air\/\",\"url\":\"https:\/\/www.estilguru.com\/fr\/feuilles-impermeables\/ws-air\/\",\"name\":\"WS AIR - Estil Guru\",\"isPartOf\":{\"@id\":\"https:\/\/www.estilguru.com\/fr\/#website\"},\"datePublished\":\"2021-11-26T08:58:29+00:00\",\"dateModified\":\"2022-02-23T11:55:55+00:00\",\"description\":\"La feuille \u00e9tanche pour toitures WS AIR est l'une des meilleures solutions pour l'\u00e9tanch\u00e9it\u00e9 des toitures avec et sans pente.\",\"breadcrumb\":{\"@id\":\"https:\/\/www.estilguru.com\/fr\/feuilles-impermeables\/ws-air\/#breadcrumb\"},\"inLanguage\":\"fr-FR\",\"potentialAction\":[{\"@type\":\"ReadAction\",\"target\":[\"https:\/\/www.estilguru.com\/fr\/feuilles-impermeables\/ws-air\/\"]}]},{\"@type\":\"BreadcrumbList\",\"@id\":\"https:\/\/www.estilguru.com\/fr\/feuilles-impermeables\/ws-air\/#breadcrumb\",\"itemListElement\":[{\"@type\":\"ListItem\",\"position\":1,\"name\":\"Home\",\"item\":\"https:\/\/www.estilguru.com\/fr\/\"},{\"@type\":\"ListItem\",\"position\":2,\"name\":\"Feuilles imperm\u00e9ables\",\"item\":\"https:\/\/www.estilguru.com\/fr\/feuilles-impermeables\/\"},{\"@type\":\"ListItem\",\"position\":3,\"name\":\"WS AIR\"}]},{\"@type\":\"WebSite\",\"@id\":\"https:\/\/www.estilguru.com\/fr\/#website\",\"url\":\"https:\/\/www.estilguru.com\/fr\/\",\"name\":\"Estil Guru\",\"description\":\"Sistemas de ducha e impermeabilizaci\u00f3n\",\"publisher\":{\"@id\":\"https:\/\/www.estilguru.com\/fr\/#organization\"},\"potentialAction\":[{\"@type\":\"SearchAction\",\"target\":{\"@type\":\"EntryPoint\",\"urlTemplate\":\"https:\/\/www.estilguru.com\/fr\/?s={search_term_string}\"},\"query-input\":{\"@type\":\"PropertyValueSpecification\",\"valueRequired\":true,\"valueName\":\"search_term_string\"}}],\"inLanguage\":\"fr-FR\"},{\"@type\":\"Organization\",\"@id\":\"https:\/\/www.estilguru.com\/fr\/#organization\",\"name\":\"Estil Guru\",\"url\":\"https:\/\/www.estilguru.com\/fr\/\",\"logo\":{\"@type\":\"ImageObject\",\"inLanguage\":\"fr-FR\",\"@id\":\"https:\/\/www.estilguru.com\/fr\/#\/schema\/logo\/image\/\",\"url\":\"https:\/\/www.estilguru.com\/wp-content\/uploads\/2022\/09\/LOGO-GURU-horizontal-centrado-01.png\",\"contentUrl\":\"https:\/\/www.estilguru.com\/wp-content\/uploads\/2022\/09\/LOGO-GURU-horizontal-centrado-01.png\",\"width\":2000,\"height\":663,\"caption\":\"Estil Guru\"},\"image\":{\"@id\":\"https:\/\/www.estilguru.com\/fr\/#\/schema\/logo\/image\/\"}}]}<\/script>\n<!-- \/ Yoast SEO plugin. -->","yoast_head_json":{"title":"WS AIR - Estil Guru","description":"La feuille \u00e9tanche pour toitures WS AIR est l'une des meilleures solutions pour l'\u00e9tanch\u00e9it\u00e9 des toitures avec et sans pente.","robots":{"index":"index","follow":"follow","max-snippet":"max-snippet:-1","max-image-preview":"max-image-preview:large","max-video-preview":"max-video-preview:-1"},"canonical":"https:\/\/www.estilguru.com\/fr\/feuilles-impermeables\/ws-air\/","og_locale":"fr_FR","og_type":"article","og_title":"WS AIR - Estil Guru","og_description":"La feuille \u00e9tanche pour toitures WS AIR est l'une des meilleures solutions pour l'\u00e9tanch\u00e9it\u00e9 des toitures avec et sans pente.","og_url":"https:\/\/www.estilguru.com\/fr\/feuilles-impermeables\/ws-air\/","og_site_name":"Estil Guru","article_modified_time":"2022-02-23T11:55:55+00:00","twitter_card":"summary_large_image","twitter_misc":{"Dur\u00e9e de lecture estim\u00e9e":"3 minutes"},"schema":{"@context":"https:\/\/schema.org","@graph":[{"@type":"WebPage","@id":"https:\/\/www.estilguru.com\/fr\/feuilles-impermeables\/ws-air\/","url":"https:\/\/www.estilguru.com\/fr\/feuilles-impermeables\/ws-air\/","name":"WS AIR - Estil Guru","isPartOf":{"@id":"https:\/\/www.estilguru.com\/fr\/#website"},"datePublished":"2021-11-26T08:58:29+00:00","dateModified":"2022-02-23T11:55:55+00:00","description":"La feuille \u00e9tanche pour toitures WS AIR est l'une des meilleures solutions pour l'\u00e9tanch\u00e9it\u00e9 des toitures avec et sans pente.","breadcrumb":{"@id":"https:\/\/www.estilguru.com\/fr\/feuilles-impermeables\/ws-air\/#breadcrumb"},"inLanguage":"fr-FR","potentialAction":[{"@type":"ReadAction","target":["https:\/\/www.estilguru.com\/fr\/feuilles-impermeables\/ws-air\/"]}]},{"@type":"BreadcrumbList","@id":"https:\/\/www.estilguru.com\/fr\/feuilles-impermeables\/ws-air\/#breadcrumb","itemListElement":[{"@type":"ListItem","position":1,"name":"Home","item":"https:\/\/www.estilguru.com\/fr\/"},{"@type":"ListItem","position":2,"name":"Feuilles imperm\u00e9ables","item":"https:\/\/www.estilguru.com\/fr\/feuilles-impermeables\/"},{"@type":"ListItem","position":3,"name":"WS AIR"}]},{"@type":"WebSite","@id":"https:\/\/www.estilguru.com\/fr\/#website","url":"https:\/\/www.estilguru.com\/fr\/","name":"Estil Guru","description":"Sistemas de ducha e impermeabilizaci\u00f3n","publisher":{"@id":"https:\/\/www.estilguru.com\/fr\/#organization"},"potentialAction":[{"@type":"SearchAction","target":{"@type":"EntryPoint","urlTemplate":"https:\/\/www.estilguru.com\/fr\/?s={search_term_string}"},"query-input":{"@type":"PropertyValueSpecification","valueRequired":true,"valueName":"search_term_string"}}],"inLanguage":"fr-FR"},{"@type":"Organization","@id":"https:\/\/www.estilguru.com\/fr\/#organization","name":"Estil Guru","url":"https:\/\/www.estilguru.com\/fr\/","logo":{"@type":"ImageObject","inLanguage":"fr-FR","@id":"https:\/\/www.estilguru.com\/fr\/#\/schema\/logo\/image\/","url":"https:\/\/www.estilguru.com\/wp-content\/uploads\/2022\/09\/LOGO-GURU-horizontal-centrado-01.png","contentUrl":"https:\/\/www.estilguru.com\/wp-content\/uploads\/2022\/09\/LOGO-GURU-horizontal-centrado-01.png","width":2000,"height":663,"caption":"Estil Guru"},"image":{"@id":"https:\/\/www.estilguru.com\/fr\/#\/schema\/logo\/image\/"}}]}},"_links":{"self":[{"href":"https:\/\/www.estilguru.com\/fr\/wp-json\/wp\/v2\/pages\/3342","targetHints":{"allow":["GET"]}}],"collection":[{"href":"https:\/\/www.estilguru.com\/fr\/wp-json\/wp\/v2\/pages"}],"about":[{"href":"https:\/\/www.estilguru.com\/fr\/wp-json\/wp\/v2\/types\/page"}],"author":[{"embeddable":true,"href":"https:\/\/www.estilguru.com\/fr\/wp-json\/wp\/v2\/users\/1"}],"replies":[{"embeddable":true,"href":"https:\/\/www.estilguru.com\/fr\/wp-json\/wp\/v2\/comments?post=3342"}],"version-history":[{"count":0,"href":"https:\/\/www.estilguru.com\/fr\/wp-json\/wp\/v2\/pages\/3342\/revisions"}],"up":[{"embeddable":true,"href":"https:\/\/www.estilguru.com\/fr\/wp-json\/wp\/v2\/pages\/3411"}],"wp:attachment":[{"href":"https:\/\/www.estilguru.com\/fr\/wp-json\/wp\/v2\/media?parent=3342"}],"curies":[{"name":"wp","href":"https:\/\/api.w.org\/{rel}","templated":true}]}}