{"id":30958,"date":"2025-03-21T16:07:01","date_gmt":"2025-10-21T10:36:14","guid":{"rendered":"https:\/\/www.estilguru.com\/producto\/w-s-sink-pila-prefabricada\/"},"modified":"2025-10-21T10:36:14","modified_gmt":"2025-10-21T10:36:14","slug":"w-s-sink-pila-prefabricada","status":"publish","type":"product","link":"https:\/\/www.estilguru.com\/cs\/producto\/w-s-sink-pila-prefabricada\/","title":{"rendered":"W-S Umyvadlo &#8211; prefabrikovan\u00e9 umyvadlo"},"content":{"rendered":"<div class=\"flex max-w-full flex-col flex-grow\">\n<div class=\"min-h-8 text-message relative flex w-full flex-col items-end gap-2 whitespace-normal break-words text-start [.text-message+&amp;]:mt-5\" dir=\"auto\" data-message-author-role=\"assistant\" data-message-id=\"044fe2be-2986-4701-b471-f2965c1d298b\" data-message-model-slug=\"gpt-4-5\">\n<div class=\"flex w-full flex-col gap-1 empty:hidden first:pt-[3px]\">\n<div class=\"markdown prose w-full break-words dark:prose-invert light\">\n<p data-start=\"0\" data-end=\"419\">Prefabrikovan\u00fd d\u0159ez W-S je dokonal\u00fdm \u0159e\u0161en\u00edm pro modern\u00ed a funk\u010dn\u00ed kuchyn\u011b. Je vyroben z na\u0161ich exkluzivn\u00edch vodot\u011bsn\u00fdch desek W-S Board a nab\u00edz\u00ed maxim\u00e1ln\u00ed vodot\u011bsnost, pevnost a odolnost.  Jej\u00ed p\u0159edsklopen\u00e9 dno usnad\u0148uje \u00fa\u010dinn\u00e9 odv\u00e1d\u011bn\u00ed vody, zat\u00edmco vnit\u0159n\u00ed povrch umo\u017e\u0148uje p\u0159\u00edm\u00e9 obkl\u00e1d\u00e1n\u00ed keramick\u00fdm nebo mikrocementov\u00fdm obkladem pro \u00faplnou integraci se stylem va\u0161\u00ed kuchyn\u011b.<\/p>\n<p data-start=\"421\" data-end=\"680\">D\u0159ez W-S d\u00edky sv\u00e9mu prostorn\u00e9mu vnit\u0159n\u00edmu prostoru zvy\u0161uje komfort myt\u00ed a zjednodu\u0161uje instalaci baterie p\u0159\u00edmo na pracovn\u00ed desku. Je tak\u00e9 vybaven stylov\u00fdm nerezov\u00fdm p\u0159epadem, kter\u00fd dod\u00e1v\u00e1 designu sofistikovan\u00fd n\u00e1dech. <\/p>\n<p data-start=\"682\" data-end=\"777\" data-is-last-node=\"\" data-is-only-node=\"\">D\u0159ez W-S je ide\u00e1ln\u00edm d\u0159ezem, kter\u00fd odli\u0161\u00ed a vylep\u0161\u00ed ka\u017ed\u00fd kuchy\u0148sk\u00fd nebo pr\u00e1deln\u00ed prostor.<\/p>\n<\/div>\n<\/div>\n<\/div>\n<\/div>\n<div class=\"mb-2 flex gap-3 -ml-2\">\n<div class=\"flex items-center justify-start rounded-xl p-1\">\n<div>\n<div class=\"flex items-center\"><\/div>\n<\/div>\n<\/div>\n<\/div>\n<p><strong>OBECN\u00c1 CHARAKTERISTIKA<\/strong><\/p>\n<ul>\n<li>Prefabrikovan\u00e9 a vodot\u011bsn\u00e9<\/li>\n<li>P\u0159ipraveno k pota\u017een\u00ed<\/li>\n<li>P\u0159izp\u016fsobivost a univerz\u00e1lnost instalace<\/li>\n<\/ul>\n<p><strong>TECHNICK\u00c9 \u00daDAJE<\/strong><\/p>\n<ul>\n<li>Vn\u011bj\u0161\u00ed rozm\u011bry: 850 x 450 x 240 mm<\/li>\n<li>Vnit\u0159n\u00ed sklon 1,5 %.<\/li>\n<li>Dv\u011b vrstvy W-S BOARD (vnit\u0159n\u00ed a vn\u011bj\u0161\u00ed).<\/li>\n<\/ul>\n","protected":false},"excerpt":{"rendered":"<p>Prefabrikovan\u00fd d\u0159ez W-S je dokonal\u00fdm \u0159e\u0161en\u00edm pro modern\u00ed a funk\u010dn\u00ed kuchyn\u011b. Je vyroben z na\u0161ich exkluzivn\u00edch vodot\u011bsn\u00fdch desek W-S Board a nab\u00edz\u00ed maxim\u00e1ln\u00ed vodot\u011bsnost, pevnost a odolnost. <\/p>\n","protected":false},"featured_media":24635,"template":"","meta":{"site-sidebar-layout":"default","site-content-layout":"default","ast-main-header-display":"","ast-hfb-above-header-display":"","ast-hfb-below-header-display":"","ast-hfb-mobile-header-display":"","site-post-title":"","ast-breadcrumbs-content":"","ast-featured-img":"","footer-sml-layout":"","theme-transparent-header-meta":"default","adv-header-id-meta":"","stick-header-meta":"","header-above-stick-meta":"","header-main-stick-meta":"","header-below-stick-meta":""},"product_brand":[],"product_cat":[313,311],"product_tag":[],"class_list":{"0":"post-30958","1":"product","2":"type-product","3":"status-publish","4":"has-post-thumbnail","6":"product_cat-prace-nasucho","7":"product_cat-produkty","9":"first","10":"instock","11":"shipping-taxable","12":"product-type-simple"},"yoast_head":"<!-- This site is optimized with the Yoast SEO plugin v27.1.1 - https:\/\/yoast.com\/product\/yoast-seo-wordpress\/ -->\n<title>W-S Umyvadlo - prefabrikovan\u00e9 umyvadlo - Estil Guru<\/title>\n<meta name=\"robots\" content=\"index, follow, max-snippet:-1, max-image-preview:large, max-video-preview:-1\" \/>\n<link rel=\"canonical\" href=\"https:\/\/www.estilguru.com\/cs\/producto\/w-s-sink-pila-prefabricada\/\" \/>\n<meta property=\"og:locale\" content=\"cs_CZ\" \/>\n<meta property=\"og:type\" content=\"article\" \/>\n<meta property=\"og:title\" content=\"W-S Umyvadlo - prefabrikovan\u00e9 umyvadlo - Estil Guru\" \/>\n<meta property=\"og:description\" content=\"Prefabrikovan\u00fd d\u0159ez W-S je dokonal\u00fdm \u0159e\u0161en\u00edm pro modern\u00ed a funk\u010dn\u00ed kuchyn\u011b. Je vyroben z na\u0161ich exkluzivn\u00edch vodot\u011bsn\u00fdch desek W-S Board a nab\u00edz\u00ed maxim\u00e1ln\u00ed vodot\u011bsnost, pevnost a odolnost.\" \/>\n<meta property=\"og:url\" content=\"https:\/\/www.estilguru.com\/cs\/producto\/w-s-sink-pila-prefabricada\/\" \/>\n<meta property=\"og:site_name\" content=\"Estil Guru\" \/>\n<meta property=\"og:image\" content=\"https:\/\/www.estilguru.com\/wp-content\/uploads\/2025\/03\/W-S-WASIN-SOPORTE.40-1.jpg\" \/>\n\t<meta property=\"og:image:width\" content=\"1800\" \/>\n\t<meta property=\"og:image:height\" content=\"1263\" \/>\n\t<meta property=\"og:image:type\" content=\"image\/jpeg\" \/>\n<meta name=\"twitter:card\" content=\"summary_large_image\" \/>\n<meta name=\"twitter:label1\" content=\"Odhadovan\u00e1 doba \u010dten\u00ed\" \/>\n\t<meta name=\"twitter:data1\" content=\"1 minuta\" \/>\n<script type=\"application\/ld+json\" class=\"yoast-schema-graph\">{\"@context\":\"https:\/\/schema.org\",\"@graph\":[{\"@type\":\"WebPage\",\"@id\":\"https:\/\/www.estilguru.com\/cs\/producto\/w-s-sink-pila-prefabricada\/\",\"url\":\"https:\/\/www.estilguru.com\/cs\/producto\/w-s-sink-pila-prefabricada\/\",\"name\":\"W-S Umyvadlo - prefabrikovan\u00e9 umyvadlo - Estil Guru\",\"isPartOf\":{\"@id\":\"https:\/\/www.estilguru.com\/cs\/#website\"},\"primaryImageOfPage\":{\"@id\":\"https:\/\/www.estilguru.com\/cs\/producto\/w-s-sink-pila-prefabricada\/#primaryimage\"},\"image\":{\"@id\":\"https:\/\/www.estilguru.com\/cs\/producto\/w-s-sink-pila-prefabricada\/#primaryimage\"},\"thumbnailUrl\":\"https:\/\/www.estilguru.com\/wp-content\/uploads\/2025\/03\/W-S-WASIN-SOPORTE.40-1.jpg\",\"datePublished\":\"2025-10-21T10:36:14+00:00\",\"breadcrumb\":{\"@id\":\"https:\/\/www.estilguru.com\/cs\/producto\/w-s-sink-pila-prefabricada\/#breadcrumb\"},\"inLanguage\":\"cs\",\"potentialAction\":[{\"@type\":\"ReadAction\",\"target\":[\"https:\/\/www.estilguru.com\/cs\/producto\/w-s-sink-pila-prefabricada\/\"]}]},{\"@type\":\"ImageObject\",\"inLanguage\":\"cs\",\"@id\":\"https:\/\/www.estilguru.com\/cs\/producto\/w-s-sink-pila-prefabricada\/#primaryimage\",\"url\":\"https:\/\/www.estilguru.com\/wp-content\/uploads\/2025\/03\/W-S-WASIN-SOPORTE.40-1.jpg\",\"contentUrl\":\"https:\/\/www.estilguru.com\/wp-content\/uploads\/2025\/03\/W-S-WASIN-SOPORTE.40-1.jpg\",\"width\":1800,\"height\":1263,\"caption\":\"vodot\u011bsn\u00e1 baterie\"},{\"@type\":\"BreadcrumbList\",\"@id\":\"https:\/\/www.estilguru.com\/cs\/producto\/w-s-sink-pila-prefabricada\/#breadcrumb\",\"itemListElement\":[{\"@type\":\"ListItem\",\"position\":1,\"name\":\"Home\",\"item\":\"https:\/\/www.estilguru.com\/cs\/\"},{\"@type\":\"ListItem\",\"position\":2,\"name\":\"Produkty\",\"item\":\"https:\/\/www.estilguru.com\/cs\/shop\/\"},{\"@type\":\"ListItem\",\"position\":3,\"name\":\"W-S Umyvadlo &#8211; prefabrikovan\u00e9 umyvadlo\"}]},{\"@type\":\"WebSite\",\"@id\":\"https:\/\/www.estilguru.com\/cs\/#website\",\"url\":\"https:\/\/www.estilguru.com\/cs\/\",\"name\":\"Estil Guru\",\"description\":\"Sistemas de ducha e impermeabilizaci\u00f3n\",\"publisher\":{\"@id\":\"https:\/\/www.estilguru.com\/cs\/#organization\"},\"potentialAction\":[{\"@type\":\"SearchAction\",\"target\":{\"@type\":\"EntryPoint\",\"urlTemplate\":\"https:\/\/www.estilguru.com\/cs\/?s={search_term_string}\"},\"query-input\":{\"@type\":\"PropertyValueSpecification\",\"valueRequired\":true,\"valueName\":\"search_term_string\"}}],\"inLanguage\":\"cs\"},{\"@type\":\"Organization\",\"@id\":\"https:\/\/www.estilguru.com\/cs\/#organization\",\"name\":\"Estil Guru\",\"url\":\"https:\/\/www.estilguru.com\/cs\/\",\"logo\":{\"@type\":\"ImageObject\",\"inLanguage\":\"cs\",\"@id\":\"https:\/\/www.estilguru.com\/cs\/#\/schema\/logo\/image\/\",\"url\":\"https:\/\/www.estilguru.com\/wp-content\/uploads\/2022\/09\/LOGO-GURU-horizontal-centrado-01.png\",\"contentUrl\":\"https:\/\/www.estilguru.com\/wp-content\/uploads\/2022\/09\/LOGO-GURU-horizontal-centrado-01.png\",\"width\":2000,\"height\":663,\"caption\":\"Estil Guru\"},\"image\":{\"@id\":\"https:\/\/www.estilguru.com\/cs\/#\/schema\/logo\/image\/\"}}]}<\/script>\n<!-- \/ Yoast SEO plugin. -->","yoast_head_json":{"title":"W-S Umyvadlo - prefabrikovan\u00e9 umyvadlo - Estil Guru","robots":{"index":"index","follow":"follow","max-snippet":"max-snippet:-1","max-image-preview":"max-image-preview:large","max-video-preview":"max-video-preview:-1"},"canonical":"https:\/\/www.estilguru.com\/cs\/producto\/w-s-sink-pila-prefabricada\/","og_locale":"cs_CZ","og_type":"article","og_title":"W-S Umyvadlo - prefabrikovan\u00e9 umyvadlo - Estil Guru","og_description":"Prefabrikovan\u00fd d\u0159ez W-S je dokonal\u00fdm \u0159e\u0161en\u00edm pro modern\u00ed a funk\u010dn\u00ed kuchyn\u011b. Je vyroben z na\u0161ich exkluzivn\u00edch vodot\u011bsn\u00fdch desek W-S Board a nab\u00edz\u00ed maxim\u00e1ln\u00ed vodot\u011bsnost, pevnost a odolnost.","og_url":"https:\/\/www.estilguru.com\/cs\/producto\/w-s-sink-pila-prefabricada\/","og_site_name":"Estil Guru","og_image":[{"width":1800,"height":1263,"url":"https:\/\/www.estilguru.com\/wp-content\/uploads\/2025\/03\/W-S-WASIN-SOPORTE.40-1.jpg","type":"image\/jpeg"}],"twitter_card":"summary_large_image","twitter_misc":{"Odhadovan\u00e1 doba \u010dten\u00ed":"1 minuta"},"schema":{"@context":"https:\/\/schema.org","@graph":[{"@type":"WebPage","@id":"https:\/\/www.estilguru.com\/cs\/producto\/w-s-sink-pila-prefabricada\/","url":"https:\/\/www.estilguru.com\/cs\/producto\/w-s-sink-pila-prefabricada\/","name":"W-S Umyvadlo - prefabrikovan\u00e9 umyvadlo - Estil Guru","isPartOf":{"@id":"https:\/\/www.estilguru.com\/cs\/#website"},"primaryImageOfPage":{"@id":"https:\/\/www.estilguru.com\/cs\/producto\/w-s-sink-pila-prefabricada\/#primaryimage"},"image":{"@id":"https:\/\/www.estilguru.com\/cs\/producto\/w-s-sink-pila-prefabricada\/#primaryimage"},"thumbnailUrl":"https:\/\/www.estilguru.com\/wp-content\/uploads\/2025\/03\/W-S-WASIN-SOPORTE.40-1.jpg","datePublished":"2025-10-21T10:36:14+00:00","breadcrumb":{"@id":"https:\/\/www.estilguru.com\/cs\/producto\/w-s-sink-pila-prefabricada\/#breadcrumb"},"inLanguage":"cs","potentialAction":[{"@type":"ReadAction","target":["https:\/\/www.estilguru.com\/cs\/producto\/w-s-sink-pila-prefabricada\/"]}]},{"@type":"ImageObject","inLanguage":"cs","@id":"https:\/\/www.estilguru.com\/cs\/producto\/w-s-sink-pila-prefabricada\/#primaryimage","url":"https:\/\/www.estilguru.com\/wp-content\/uploads\/2025\/03\/W-S-WASIN-SOPORTE.40-1.jpg","contentUrl":"https:\/\/www.estilguru.com\/wp-content\/uploads\/2025\/03\/W-S-WASIN-SOPORTE.40-1.jpg","width":1800,"height":1263,"caption":"vodot\u011bsn\u00e1 baterie"},{"@type":"BreadcrumbList","@id":"https:\/\/www.estilguru.com\/cs\/producto\/w-s-sink-pila-prefabricada\/#breadcrumb","itemListElement":[{"@type":"ListItem","position":1,"name":"Home","item":"https:\/\/www.estilguru.com\/cs\/"},{"@type":"ListItem","position":2,"name":"Produkty","item":"https:\/\/www.estilguru.com\/cs\/shop\/"},{"@type":"ListItem","position":3,"name":"W-S Umyvadlo &#8211; prefabrikovan\u00e9 umyvadlo"}]},{"@type":"WebSite","@id":"https:\/\/www.estilguru.com\/cs\/#website","url":"https:\/\/www.estilguru.com\/cs\/","name":"Estil Guru","description":"Sistemas de ducha e impermeabilizaci\u00f3n","publisher":{"@id":"https:\/\/www.estilguru.com\/cs\/#organization"},"potentialAction":[{"@type":"SearchAction","target":{"@type":"EntryPoint","urlTemplate":"https:\/\/www.estilguru.com\/cs\/?s={search_term_string}"},"query-input":{"@type":"PropertyValueSpecification","valueRequired":true,"valueName":"search_term_string"}}],"inLanguage":"cs"},{"@type":"Organization","@id":"https:\/\/www.estilguru.com\/cs\/#organization","name":"Estil Guru","url":"https:\/\/www.estilguru.com\/cs\/","logo":{"@type":"ImageObject","inLanguage":"cs","@id":"https:\/\/www.estilguru.com\/cs\/#\/schema\/logo\/image\/","url":"https:\/\/www.estilguru.com\/wp-content\/uploads\/2022\/09\/LOGO-GURU-horizontal-centrado-01.png","contentUrl":"https:\/\/www.estilguru.com\/wp-content\/uploads\/2022\/09\/LOGO-GURU-horizontal-centrado-01.png","width":2000,"height":663,"caption":"Estil Guru"},"image":{"@id":"https:\/\/www.estilguru.com\/cs\/#\/schema\/logo\/image\/"}}]}},"_links":{"self":[{"href":"https:\/\/www.estilguru.com\/cs\/wp-json\/wp\/v2\/product\/30958","targetHints":{"allow":["GET"]}}],"collection":[{"href":"https:\/\/www.estilguru.com\/cs\/wp-json\/wp\/v2\/product"}],"about":[{"href":"https:\/\/www.estilguru.com\/cs\/wp-json\/wp\/v2\/types\/product"}],"version-history":[{"count":0,"href":"https:\/\/www.estilguru.com\/cs\/wp-json\/wp\/v2\/product\/30958\/revisions"}],"wp:featuredmedia":[{"embeddable":true,"href":"https:\/\/www.estilguru.com\/cs\/wp-json\/wp\/v2\/media\/24635"}],"wp:attachment":[{"href":"https:\/\/www.estilguru.com\/cs\/wp-json\/wp\/v2\/media?parent=30958"}],"wp:term":[{"taxonomy":"product_brand","embeddable":true,"href":"https:\/\/www.estilguru.com\/cs\/wp-json\/wp\/v2\/product_brand?post=30958"},{"taxonomy":"product_cat","embeddable":true,"href":"https:\/\/www.estilguru.com\/cs\/wp-json\/wp\/v2\/product_cat?post=30958"},{"taxonomy":"product_tag","embeddable":true,"href":"https:\/\/www.estilguru.com\/cs\/wp-json\/wp\/v2\/product_tag?post=30958"}],"curies":[{"name":"wp","href":"https:\/\/api.w.org\/{rel}","templated":true}]}}