{"id":30954,"date":"2025-03-04T08:12:47","date_gmt":"2025-10-21T10:36:04","guid":{"rendered":"https:\/\/www.estilguru.com\/producto\/w-s-board\/"},"modified":"2025-10-21T10:36:04","modified_gmt":"2025-10-21T10:36:04","slug":"w-s-board","status":"publish","type":"product","link":"https:\/\/www.estilguru.com\/cs\/producto\/w-s-board\/","title":{"rendered":"W-S Board &#8211; Deska pro suchou v\u00fdstavbu"},"content":{"rendered":"<article class=\"w-full text-token-text-primary focus-visible:outline-2 focus-visible:outline-offset-[-4px]\" dir=\"auto\" data-testid=\"conversation-turn-143\" data-scroll-anchor=\"true\">\n<div class=\"m-auto text-base py-[18px] px-6\">\n<div class=\"mx-auto flex flex-1 text-base gap-4 md:gap-5 lg:gap-6 md:max-w-3xl lg:max-w-[40rem] xl:max-w-[48rem]\">\n<div class=\"group\/conversation-turn relative flex w-full min-w-0 flex-col agent-turn @xs\/thread:px-0 @sm\/thread:px-1.5 @md\/thread:px-4\">\n<div class=\"flex-col gap-1 md:gap-3\">\n<div class=\"flex max-w-full flex-col flex-grow\">\n<div class=\"min-h-8 text-message relative flex w-full flex-col items-end gap-2 whitespace-normal break-words text-start [.text-message+&amp;]:mt-5\" dir=\"auto\" data-message-author-role=\"assistant\" data-message-id=\"2f17b03a-b055-4a6b-872f-21c36f15e931\" data-message-model-slug=\"gpt-4o\">\n<div class=\"flex w-full flex-col gap-1 empty:hidden first:pt-[3px]\">\n<div class=\"markdown prose w-full break-words dark:prose-invert light\">\n<p data-start=\"0\" data-end=\"318\"><strong data-start=\"3\" data-end=\"16\">W-S BOARD<\/strong> je vodot\u011bsn\u00e1 deska pro suchou v\u00fdstavbu, navr\u017een\u00e1 pro v\u0161estrann\u00e9 a snadn\u00e9 pou\u017eit\u00ed v nejr\u016fzn\u011bj\u0161\u00edch projektech. Jej\u00ed lehk\u00e1 a snadno \u0159ezateln\u00e1 konstrukce umo\u017e\u0148uje p\u0159esn\u00e9 p\u0159izp\u016fsoben\u00ed r\u016fzn\u00fdm sc\u00e9n\u00e1\u0159\u016fm, od bytov\u00e9 v\u00fdstavby a\u017e po pr\u016fmyslov\u00e9 aplikace. <\/p>\n<p data-start=\"320\" data-end=\"594\">D\u00edky sv\u00e9mu vodot\u011bsn\u00e9mu slo\u017een\u00ed je vysoce odoln\u00fd v\u016f\u010di vlhkosti a poskytuje dlouhodobou ochranu proti \u00faniku vody a kondenzaci. Jeho hladk\u00fd, rovn\u00fd povrch nav\u00edc zaji\u0161\u0165uje bezchybn\u00fd povrch a vynikaj\u00edc\u00ed p\u0159ilnavost p\u0159i pokl\u00e1dce keramick\u00fdch obklad\u016f a dla\u017eeb. <\/p>\n<p data-start=\"596\" data-end=\"773\" data-is-last-node=\"\" data-is-only-node=\"\">D\u00edky such\u00e9 mont\u00e1\u017ei urychluje dobu v\u00fdstavby a optimalizuje n\u00e1klady, tak\u017ee je efektivn\u00edm a praktick\u00fdm \u0159e\u0161en\u00edm pro jak\u00fdkoli stavebn\u00ed projekt.<\/p>\n<\/div>\n<\/div>\n<\/div>\n<\/div>\n<\/div>\n<div class=\"absolute\">\n<div class=\"flex items-center justify-center\"><\/div>\n<\/div>\n<\/div>\n<\/div>\n<\/div>\n<\/article>\n<p><strong>TECHNICK\u00c9 VLASTNOSTI<\/strong><\/p>\n<ul>\n<li>Dostupn\u00e9 velikosti: 2600 x 625 mm<\/li>\n<li>Dostupn\u00e9 tlou\u0161\u0165ky: 10 &#8211; 12,5 &#8211; 20 &#8211; 30 &#8211; 40 &#8211; 50 mm<\/li>\n<li>Snadn\u00e9 \u0159ez\u00e1n\u00ed<\/li>\n<li>Vodot\u011bsn\u00e9<\/li>\n<li>Rovnom\u011brn\u00e1 rovinnost<\/li>\n<li>M\u00edrn\u011b<\/li>\n<li>Zkracuje dobu instalace<\/li>\n<li>Ide\u00e1ln\u00ed pro parn\u00ed sprchy<\/li>\n<\/ul>\n<p><strong>TECHNICK\u00c9 \u00daDAJE<\/strong><\/p>\n<ul>\n<li>Pevnost v tlaku: 400 KPA &#8211; 50 PSI<\/li>\n<li>&lt;  0,3 promile &#8211; ide\u00e1ln\u00ed pro parn\u00ed sprchy<\/li>\n<\/ul>\n","protected":false},"excerpt":{"rendered":"<p><strong data-start=\"3\" data-end=\"16\">W-S BOARD<\/strong> je vodot\u011bsn\u00e1 deska pro suchou v\u00fdstavbu, navr\u017een\u00e1 pro v\u0161estrann\u00e9 a snadn\u00e9 pou\u017eit\u00ed v nejr\u016fzn\u011bj\u0161\u00edch projektech. Jej\u00ed lehk\u00e1 a snadno \u0159ezateln\u00e1 konstrukce umo\u017e\u0148uje p\u0159esn\u00e9 p\u0159izp\u016fsoben\u00ed r\u016fzn\u00fdm sc\u00e9n\u00e1\u0159\u016fm, od bytov\u00e9 v\u00fdstavby a\u017e po pr\u016fmyslov\u00e9 aplikace. <\/p>\n","protected":false},"featured_media":17026,"template":"","meta":{"site-sidebar-layout":"default","site-content-layout":"default","ast-main-header-display":"","ast-hfb-above-header-display":"","ast-hfb-below-header-display":"","ast-hfb-mobile-header-display":"","site-post-title":"","ast-breadcrumbs-content":"","ast-featured-img":"","footer-sml-layout":"","theme-transparent-header-meta":"default","adv-header-id-meta":"","stick-header-meta":"","header-above-stick-meta":"","header-main-stick-meta":"","header-below-stick-meta":""},"product_brand":[],"product_cat":[313,311],"product_tag":[],"class_list":{"0":"post-30954","1":"product","2":"type-product","3":"status-publish","4":"has-post-thumbnail","6":"product_cat-prace-nasucho","7":"product_cat-produkty","9":"first","10":"instock","11":"shipping-taxable","12":"product-type-simple"},"yoast_head":"<!-- This site is optimized with the Yoast SEO plugin v27.1.1 - https:\/\/yoast.com\/product\/yoast-seo-wordpress\/ -->\n<title>W-S Board - Deska pro suchou v\u00fdstavbu - Estil Guru<\/title>\n<meta name=\"robots\" content=\"index, nofollow, max-snippet:-1, max-image-preview:large, max-video-preview:-1\" \/>\n<link rel=\"canonical\" href=\"https:\/\/www.estilguru.com\/cs\/producto\/w-s-board\/\" \/>\n<meta property=\"og:locale\" content=\"cs_CZ\" \/>\n<meta property=\"og:type\" content=\"article\" \/>\n<meta property=\"og:title\" content=\"W-S Board - Deska pro suchou v\u00fdstavbu - Estil Guru\" \/>\n<meta property=\"og:description\" content=\"W-S BOARD je vodot\u011bsn\u00e1 deska pro suchou v\u00fdstavbu, navr\u017een\u00e1 pro v\u0161estrann\u00e9 a snadn\u00e9 pou\u017eit\u00ed v nejr\u016fzn\u011bj\u0161\u00edch projektech. Jej\u00ed lehk\u00e1 a snadno \u0159ezateln\u00e1 konstrukce umo\u017e\u0148uje p\u0159esn\u00e9 p\u0159izp\u016fsoben\u00ed r\u016fzn\u00fdm sc\u00e9n\u00e1\u0159\u016fm, od bytov\u00e9 v\u00fdstavby a\u017e po pr\u016fmyslov\u00e9 aplikace.\" \/>\n<meta property=\"og:url\" content=\"https:\/\/www.estilguru.com\/cs\/producto\/w-s-board\/\" \/>\n<meta property=\"og:site_name\" content=\"Estil Guru\" \/>\n<meta property=\"og:image\" content=\"https:\/\/www.estilguru.com\/wp-content\/uploads\/2022\/12\/w-s-backer-board-1-1.jpg\" \/>\n\t<meta property=\"og:image:width\" content=\"2000\" \/>\n\t<meta property=\"og:image:height\" content=\"2000\" \/>\n\t<meta property=\"og:image:type\" content=\"image\/jpeg\" \/>\n<meta name=\"twitter:card\" content=\"summary_large_image\" \/>\n<meta name=\"twitter:label1\" content=\"Odhadovan\u00e1 doba \u010dten\u00ed\" \/>\n\t<meta name=\"twitter:data1\" content=\"1 minuta\" \/>\n<script type=\"application\/ld+json\" class=\"yoast-schema-graph\">{\"@context\":\"https:\/\/schema.org\",\"@graph\":[{\"@type\":\"WebPage\",\"@id\":\"https:\/\/www.estilguru.com\/cs\/producto\/w-s-board\/\",\"url\":\"https:\/\/www.estilguru.com\/cs\/producto\/w-s-board\/\",\"name\":\"W-S Board - Deska pro suchou v\u00fdstavbu - Estil Guru\",\"isPartOf\":{\"@id\":\"https:\/\/www.estilguru.com\/cs\/#website\"},\"primaryImageOfPage\":{\"@id\":\"https:\/\/www.estilguru.com\/cs\/producto\/w-s-board\/#primaryimage\"},\"image\":{\"@id\":\"https:\/\/www.estilguru.com\/cs\/producto\/w-s-board\/#primaryimage\"},\"thumbnailUrl\":\"https:\/\/www.estilguru.com\/wp-content\/uploads\/2022\/12\/w-s-backer-board-1-1.jpg\",\"datePublished\":\"2025-10-21T10:36:04+00:00\",\"breadcrumb\":{\"@id\":\"https:\/\/www.estilguru.com\/cs\/producto\/w-s-board\/#breadcrumb\"},\"inLanguage\":\"cs\",\"potentialAction\":[{\"@type\":\"ReadAction\",\"target\":[\"https:\/\/www.estilguru.com\/cs\/producto\/w-s-board\/\"]}]},{\"@type\":\"ImageObject\",\"inLanguage\":\"cs\",\"@id\":\"https:\/\/www.estilguru.com\/cs\/producto\/w-s-board\/#primaryimage\",\"url\":\"https:\/\/www.estilguru.com\/wp-content\/uploads\/2022\/12\/w-s-backer-board-1-1.jpg\",\"contentUrl\":\"https:\/\/www.estilguru.com\/wp-content\/uploads\/2022\/12\/w-s-backer-board-1-1.jpg\",\"width\":2000,\"height\":2000,\"caption\":\"Prefabrikovan\u00e9 stavebn\u00ed panely\"},{\"@type\":\"BreadcrumbList\",\"@id\":\"https:\/\/www.estilguru.com\/cs\/producto\/w-s-board\/#breadcrumb\",\"itemListElement\":[{\"@type\":\"ListItem\",\"position\":1,\"name\":\"Home\",\"item\":\"https:\/\/www.estilguru.com\/cs\/\"},{\"@type\":\"ListItem\",\"position\":2,\"name\":\"Produkty\",\"item\":\"https:\/\/www.estilguru.com\/cs\/shop\/\"},{\"@type\":\"ListItem\",\"position\":3,\"name\":\"W-S Board &#8211; Deska pro suchou v\u00fdstavbu\"}]},{\"@type\":\"WebSite\",\"@id\":\"https:\/\/www.estilguru.com\/cs\/#website\",\"url\":\"https:\/\/www.estilguru.com\/cs\/\",\"name\":\"Estil Guru\",\"description\":\"Sistemas de ducha e impermeabilizaci\u00f3n\",\"publisher\":{\"@id\":\"https:\/\/www.estilguru.com\/cs\/#organization\"},\"potentialAction\":[{\"@type\":\"SearchAction\",\"target\":{\"@type\":\"EntryPoint\",\"urlTemplate\":\"https:\/\/www.estilguru.com\/cs\/?s={search_term_string}\"},\"query-input\":{\"@type\":\"PropertyValueSpecification\",\"valueRequired\":true,\"valueName\":\"search_term_string\"}}],\"inLanguage\":\"cs\"},{\"@type\":\"Organization\",\"@id\":\"https:\/\/www.estilguru.com\/cs\/#organization\",\"name\":\"Estil Guru\",\"url\":\"https:\/\/www.estilguru.com\/cs\/\",\"logo\":{\"@type\":\"ImageObject\",\"inLanguage\":\"cs\",\"@id\":\"https:\/\/www.estilguru.com\/cs\/#\/schema\/logo\/image\/\",\"url\":\"https:\/\/www.estilguru.com\/wp-content\/uploads\/2022\/09\/LOGO-GURU-horizontal-centrado-01.png\",\"contentUrl\":\"https:\/\/www.estilguru.com\/wp-content\/uploads\/2022\/09\/LOGO-GURU-horizontal-centrado-01.png\",\"width\":2000,\"height\":663,\"caption\":\"Estil Guru\"},\"image\":{\"@id\":\"https:\/\/www.estilguru.com\/cs\/#\/schema\/logo\/image\/\"}}]}<\/script>\n<!-- \/ Yoast SEO plugin. -->","yoast_head_json":{"title":"W-S Board - Deska pro suchou v\u00fdstavbu - Estil Guru","robots":{"index":"index","follow":"nofollow","max-snippet":"max-snippet:-1","max-image-preview":"max-image-preview:large","max-video-preview":"max-video-preview:-1"},"canonical":"https:\/\/www.estilguru.com\/cs\/producto\/w-s-board\/","og_locale":"cs_CZ","og_type":"article","og_title":"W-S Board - Deska pro suchou v\u00fdstavbu - Estil Guru","og_description":"W-S BOARD je vodot\u011bsn\u00e1 deska pro suchou v\u00fdstavbu, navr\u017een\u00e1 pro v\u0161estrann\u00e9 a snadn\u00e9 pou\u017eit\u00ed v nejr\u016fzn\u011bj\u0161\u00edch projektech. Jej\u00ed lehk\u00e1 a snadno \u0159ezateln\u00e1 konstrukce umo\u017e\u0148uje p\u0159esn\u00e9 p\u0159izp\u016fsoben\u00ed r\u016fzn\u00fdm sc\u00e9n\u00e1\u0159\u016fm, od bytov\u00e9 v\u00fdstavby a\u017e po pr\u016fmyslov\u00e9 aplikace.","og_url":"https:\/\/www.estilguru.com\/cs\/producto\/w-s-board\/","og_site_name":"Estil Guru","og_image":[{"width":2000,"height":2000,"url":"https:\/\/www.estilguru.com\/wp-content\/uploads\/2022\/12\/w-s-backer-board-1-1.jpg","type":"image\/jpeg"}],"twitter_card":"summary_large_image","twitter_misc":{"Odhadovan\u00e1 doba \u010dten\u00ed":"1 minuta"},"schema":{"@context":"https:\/\/schema.org","@graph":[{"@type":"WebPage","@id":"https:\/\/www.estilguru.com\/cs\/producto\/w-s-board\/","url":"https:\/\/www.estilguru.com\/cs\/producto\/w-s-board\/","name":"W-S Board - Deska pro suchou v\u00fdstavbu - Estil Guru","isPartOf":{"@id":"https:\/\/www.estilguru.com\/cs\/#website"},"primaryImageOfPage":{"@id":"https:\/\/www.estilguru.com\/cs\/producto\/w-s-board\/#primaryimage"},"image":{"@id":"https:\/\/www.estilguru.com\/cs\/producto\/w-s-board\/#primaryimage"},"thumbnailUrl":"https:\/\/www.estilguru.com\/wp-content\/uploads\/2022\/12\/w-s-backer-board-1-1.jpg","datePublished":"2025-10-21T10:36:04+00:00","breadcrumb":{"@id":"https:\/\/www.estilguru.com\/cs\/producto\/w-s-board\/#breadcrumb"},"inLanguage":"cs","potentialAction":[{"@type":"ReadAction","target":["https:\/\/www.estilguru.com\/cs\/producto\/w-s-board\/"]}]},{"@type":"ImageObject","inLanguage":"cs","@id":"https:\/\/www.estilguru.com\/cs\/producto\/w-s-board\/#primaryimage","url":"https:\/\/www.estilguru.com\/wp-content\/uploads\/2022\/12\/w-s-backer-board-1-1.jpg","contentUrl":"https:\/\/www.estilguru.com\/wp-content\/uploads\/2022\/12\/w-s-backer-board-1-1.jpg","width":2000,"height":2000,"caption":"Prefabrikovan\u00e9 stavebn\u00ed panely"},{"@type":"BreadcrumbList","@id":"https:\/\/www.estilguru.com\/cs\/producto\/w-s-board\/#breadcrumb","itemListElement":[{"@type":"ListItem","position":1,"name":"Home","item":"https:\/\/www.estilguru.com\/cs\/"},{"@type":"ListItem","position":2,"name":"Produkty","item":"https:\/\/www.estilguru.com\/cs\/shop\/"},{"@type":"ListItem","position":3,"name":"W-S Board &#8211; Deska pro suchou v\u00fdstavbu"}]},{"@type":"WebSite","@id":"https:\/\/www.estilguru.com\/cs\/#website","url":"https:\/\/www.estilguru.com\/cs\/","name":"Estil Guru","description":"Sistemas de ducha e impermeabilizaci\u00f3n","publisher":{"@id":"https:\/\/www.estilguru.com\/cs\/#organization"},"potentialAction":[{"@type":"SearchAction","target":{"@type":"EntryPoint","urlTemplate":"https:\/\/www.estilguru.com\/cs\/?s={search_term_string}"},"query-input":{"@type":"PropertyValueSpecification","valueRequired":true,"valueName":"search_term_string"}}],"inLanguage":"cs"},{"@type":"Organization","@id":"https:\/\/www.estilguru.com\/cs\/#organization","name":"Estil Guru","url":"https:\/\/www.estilguru.com\/cs\/","logo":{"@type":"ImageObject","inLanguage":"cs","@id":"https:\/\/www.estilguru.com\/cs\/#\/schema\/logo\/image\/","url":"https:\/\/www.estilguru.com\/wp-content\/uploads\/2022\/09\/LOGO-GURU-horizontal-centrado-01.png","contentUrl":"https:\/\/www.estilguru.com\/wp-content\/uploads\/2022\/09\/LOGO-GURU-horizontal-centrado-01.png","width":2000,"height":663,"caption":"Estil Guru"},"image":{"@id":"https:\/\/www.estilguru.com\/cs\/#\/schema\/logo\/image\/"}}]}},"_links":{"self":[{"href":"https:\/\/www.estilguru.com\/cs\/wp-json\/wp\/v2\/product\/30954","targetHints":{"allow":["GET"]}}],"collection":[{"href":"https:\/\/www.estilguru.com\/cs\/wp-json\/wp\/v2\/product"}],"about":[{"href":"https:\/\/www.estilguru.com\/cs\/wp-json\/wp\/v2\/types\/product"}],"version-history":[{"count":0,"href":"https:\/\/www.estilguru.com\/cs\/wp-json\/wp\/v2\/product\/30954\/revisions"}],"wp:featuredmedia":[{"embeddable":true,"href":"https:\/\/www.estilguru.com\/cs\/wp-json\/wp\/v2\/media\/17026"}],"wp:attachment":[{"href":"https:\/\/www.estilguru.com\/cs\/wp-json\/wp\/v2\/media?parent=30954"}],"wp:term":[{"taxonomy":"product_brand","embeddable":true,"href":"https:\/\/www.estilguru.com\/cs\/wp-json\/wp\/v2\/product_brand?post=30954"},{"taxonomy":"product_cat","embeddable":true,"href":"https:\/\/www.estilguru.com\/cs\/wp-json\/wp\/v2\/product_cat?post=30954"},{"taxonomy":"product_tag","embeddable":true,"href":"https:\/\/www.estilguru.com\/cs\/wp-json\/wp\/v2\/product_tag?post=30954"}],"curies":[{"name":"wp","href":"https:\/\/api.w.org\/{rel}","templated":true}]}}