{"id":30953,"date":"2025-03-06T14:08:27","date_gmt":"2025-10-21T10:36:03","guid":{"rendered":"https:\/\/www.estilguru.com\/producto\/evolux-vinyl-sistema-de-ducha-para-suelos-vinilicos\/"},"modified":"2025-10-21T10:36:03","modified_gmt":"2025-10-21T10:36:03","slug":"evolux-vinyl-sistema-de-ducha-para-suelos-vinilicos","status":"publish","type":"product","link":"https:\/\/www.estilguru.com\/cs\/producto\/evolux-vinyl-sistema-de-ducha-para-suelos-vinilicos\/","title":{"rendered":"Evolux Vinyl : sprchov\u00fd syst\u00e9m pro vinylov\u00e9 podlahy"},"content":{"rendered":"<p data-start=\"464\" data-end=\"797\"><strong data-start=\"467\" data-end=\"500\">Vinylov\u00fd sprchov\u00fd syst\u00e9m Evolux<\/strong> byl navr\u017een tak, aby zajistil \u00fa\u010dinn\u00e9 a bezpe\u010dn\u00e9 odvodn\u011bn\u00ed <strong data-start=\"564\" data-end=\"613\">vinylov\u00fdch sprchov\u00fdch podlah a mokr\u00fdch prostor<\/strong>. Jeho inovativn\u00ed <strong data-start=\"628\" data-end=\"677\">vodot\u011bsn\u00fd up\u00ednac\u00ed syst\u00e9m s tmelem MS<\/strong> zaji\u0161\u0165uje vzduchot\u011bsn\u00fd spoj, zabra\u0148uje \u00fanik\u016fm a zaru\u010duje vodot\u011bsnost v prost\u0159ed\u00ed s vysok\u00fdm provozem. <\/p>\n<p data-start=\"799\" data-end=\"1073\">Tento syst\u00e9m obsahuje <strong data-start=\"820\" data-end=\"864\">\u017elab a r\u00e1m s oblo\u017een\u00edm<\/strong>, co\u017e usnad\u0148uje jeho instalaci v <strong data-start=\"896\" data-end=\"1002\">nemocnic\u00edch, laborato\u0159\u00edch, sportovn\u00edch hal\u00e1ch, \u0161atn\u00e1ch, \u010dist\u00fdch prostor\u00e1ch a v\u0161ech technick\u00fdch prostor\u00e1ch<\/strong>, kde je d\u016fle\u017eit\u00e1 hygiena a ochrana p\u0159ed vlhkost\u00ed.<\/p>\n<p data-start=\"1075\" data-end=\"1377\" data-is-last-node=\"\" data-is-only-node=\"\">Jeho optimalizovan\u00e1 konstrukce umo\u017e\u0148uje <strong data-start=\"1108\" data-end=\"1139\">rychlou a bezpe\u010dnou instalaci<\/strong> a p\u0159izp\u016fsobuje se projekt\u016fm, kter\u00e9 vy\u017eaduj\u00ed spolehliv\u00e9 \u0159e\u0161en\u00ed odvodn\u011bn\u00ed, ani\u017e by byla ohro\u017eena pevnost vinylov\u00e9 podlahy. <strong data-start=\"1261\" data-end=\"1277\">Vinyl Evolux<\/strong> je ide\u00e1ln\u00ed volbou pro udr\u017een\u00ed such\u00fdch, hygienick\u00fdch a funk\u010dn\u00edch prostor v n\u00e1ro\u010dn\u00fdch prost\u0159ed\u00edch.<\/p>\n<p data-start=\"1075\" data-end=\"1377\" data-is-last-node=\"\" data-is-only-node=\"\">\n<strong>Funkce a technick\u00e9 \u00fadaje<\/strong><\/p>\n<ul>\n<li data-start=\"1075\" data-end=\"1377\">Konstrukce z nerezov\u00e9 oceli<\/li>\n<li data-start=\"1075\" data-end=\"1377\">Zaji\u0161t\u011bn\u00ed vodot\u011bsnosti<\/li>\n<li data-start=\"1075\" data-end=\"1377\">Vysok\u00e1 odvod\u0148ovac\u00ed kapacita<\/li>\n<li data-start=\"1075\" data-end=\"1377\">Nastaviteln\u00e1 svorka od 1 mm do 5 mm<\/li>\n<li data-start=\"1075\" data-end=\"1377\">Antivandal<\/li>\n<li data-start=\"1075\" data-end=\"1377\">Nerezov\u00e1 ocel<\/li>\n<li data-start=\"1075\" data-end=\"1377\">Odn\u00edmateln\u00fd zast\u0159ihova\u010d vlas\u016f je sou\u010d\u00e1st\u00ed dod\u00e1vky<\/li>\n<li data-start=\"1075\" data-end=\"1377\">Samo\u010di\u0161t\u011bn\u00ed<\/li>\n<li data-start=\"1075\" data-end=\"1377\">Snadn\u00e1 instalace<\/li>\n<\/ul>\n<p data-start=\"1075\" data-end=\"1377\" data-is-last-node=\"\" data-is-only-node=\"\">\n","protected":false},"excerpt":{"rendered":"<p><strong data-start=\"41\" data-end=\"74\">Vinylov\u00fd sprchov\u00fd syst\u00e9m Evolux<\/strong> je ide\u00e1ln\u00edm \u0159e\u0161en\u00edm pro <strong data-start=\"101\" data-end=\"150\">vinylov\u00e9 podlahy ve sprch\u00e1ch a mokr\u00fdch prostor\u00e1ch<\/strong>, kter\u00e9 zaru\u010duj\u00ed <strong data-start=\"165\" data-end=\"208\" data-is-only-node=\"\">maxim\u00e1ln\u00ed vodot\u011bsnost a snadnou instalaci<\/strong>. Jeho inovativn\u00ed konstrukce s <strong data-start=\"234\" data-end=\"281\">vodot\u011bsn\u00fdm up\u00ednac\u00edm syst\u00e9mem a tmelem MS<\/strong> je ide\u00e1ln\u00ed pro nemocnice, laborato\u0159e, \u0161atny a n\u00e1ro\u010dn\u00e1 prost\u0159ed\u00ed. <\/p>\n","protected":false},"featured_media":23854,"template":"","meta":{"site-sidebar-layout":"default","site-content-layout":"default","ast-main-header-display":"","ast-hfb-above-header-display":"","ast-hfb-below-header-display":"","ast-hfb-mobile-header-display":"","site-post-title":"","ast-breadcrumbs-content":"","ast-featured-img":"","footer-sml-layout":"","theme-transparent-header-meta":"default","adv-header-id-meta":"","stick-header-meta":"","header-above-stick-meta":"","header-main-stick-meta":"","header-below-stick-meta":""},"product_brand":[],"product_cat":[319],"product_tag":[],"class_list":{"0":"post-30953","1":"product","2":"type-product","3":"status-publish","4":"has-post-thumbnail","6":"product_cat-sprchove-odtoky","8":"first","9":"instock","10":"shipping-taxable","11":"product-type-simple"},"yoast_head":"<!-- This site is optimized with the Yoast SEO plugin v27.1.1 - https:\/\/yoast.com\/product\/yoast-seo-wordpress\/ -->\n<title>Evolux Vinyl : sprchov\u00fd syst\u00e9m pro vinylov\u00e9 podlahy - Estil Guru<\/title>\n<meta name=\"robots\" content=\"index, follow, max-snippet:-1, max-image-preview:large, max-video-preview:-1\" \/>\n<link rel=\"canonical\" href=\"https:\/\/www.estilguru.com\/cs\/producto\/evolux-vinyl-sistema-de-ducha-para-suelos-vinilicos\/\" \/>\n<meta property=\"og:locale\" content=\"cs_CZ\" \/>\n<meta property=\"og:type\" content=\"article\" \/>\n<meta property=\"og:title\" content=\"Evolux Vinyl : sprchov\u00fd syst\u00e9m pro vinylov\u00e9 podlahy - Estil Guru\" \/>\n<meta property=\"og:description\" content=\"Vinylov\u00fd sprchov\u00fd syst\u00e9m Evolux je ide\u00e1ln\u00edm \u0159e\u0161en\u00edm pro vinylov\u00e9 podlahy ve sprch\u00e1ch a mokr\u00fdch prostor\u00e1ch, kter\u00e9 zaru\u010duj\u00ed maxim\u00e1ln\u00ed vodot\u011bsnost a snadnou instalaci. Jeho inovativn\u00ed konstrukce s vodot\u011bsn\u00fdm up\u00ednac\u00edm syst\u00e9mem a tmelem MS je ide\u00e1ln\u00ed pro nemocnice, laborato\u0159e, \u0161atny a n\u00e1ro\u010dn\u00e1 prost\u0159ed\u00ed.\" \/>\n<meta property=\"og:url\" content=\"https:\/\/www.estilguru.com\/cs\/producto\/evolux-vinyl-sistema-de-ducha-para-suelos-vinilicos\/\" \/>\n<meta property=\"og:site_name\" content=\"Estil Guru\" \/>\n<meta property=\"og:image\" content=\"https:\/\/www.estilguru.com\/wp-content\/uploads\/2025\/03\/EVOLUX-VINYL-BUENO-1.jpg\" \/>\n\t<meta property=\"og:image:width\" content=\"2105\" \/>\n\t<meta property=\"og:image:height\" content=\"1489\" \/>\n\t<meta property=\"og:image:type\" content=\"image\/jpeg\" \/>\n<meta name=\"twitter:card\" content=\"summary_large_image\" \/>\n<meta name=\"twitter:label1\" content=\"Odhadovan\u00e1 doba \u010dten\u00ed\" \/>\n\t<meta name=\"twitter:data1\" content=\"1 minuta\" \/>\n<script type=\"application\/ld+json\" class=\"yoast-schema-graph\">{\"@context\":\"https:\/\/schema.org\",\"@graph\":[{\"@type\":\"WebPage\",\"@id\":\"https:\/\/www.estilguru.com\/cs\/producto\/evolux-vinyl-sistema-de-ducha-para-suelos-vinilicos\/\",\"url\":\"https:\/\/www.estilguru.com\/cs\/producto\/evolux-vinyl-sistema-de-ducha-para-suelos-vinilicos\/\",\"name\":\"Evolux Vinyl : sprchov\u00fd syst\u00e9m pro vinylov\u00e9 podlahy - Estil Guru\",\"isPartOf\":{\"@id\":\"https:\/\/www.estilguru.com\/cs\/#website\"},\"primaryImageOfPage\":{\"@id\":\"https:\/\/www.estilguru.com\/cs\/producto\/evolux-vinyl-sistema-de-ducha-para-suelos-vinilicos\/#primaryimage\"},\"image\":{\"@id\":\"https:\/\/www.estilguru.com\/cs\/producto\/evolux-vinyl-sistema-de-ducha-para-suelos-vinilicos\/#primaryimage\"},\"thumbnailUrl\":\"https:\/\/www.estilguru.com\/wp-content\/uploads\/2025\/03\/EVOLUX-VINYL-BUENO-1.jpg\",\"datePublished\":\"2025-10-21T10:36:03+00:00\",\"breadcrumb\":{\"@id\":\"https:\/\/www.estilguru.com\/cs\/producto\/evolux-vinyl-sistema-de-ducha-para-suelos-vinilicos\/#breadcrumb\"},\"inLanguage\":\"cs\",\"potentialAction\":[{\"@type\":\"ReadAction\",\"target\":[\"https:\/\/www.estilguru.com\/cs\/producto\/evolux-vinyl-sistema-de-ducha-para-suelos-vinilicos\/\"]}]},{\"@type\":\"ImageObject\",\"inLanguage\":\"cs\",\"@id\":\"https:\/\/www.estilguru.com\/cs\/producto\/evolux-vinyl-sistema-de-ducha-para-suelos-vinilicos\/#primaryimage\",\"url\":\"https:\/\/www.estilguru.com\/wp-content\/uploads\/2025\/03\/EVOLUX-VINYL-BUENO-1.jpg\",\"contentUrl\":\"https:\/\/www.estilguru.com\/wp-content\/uploads\/2025\/03\/EVOLUX-VINYL-BUENO-1.jpg\",\"width\":2105,\"height\":1489,\"caption\":\"sprchy pro vinylov\u00e9 podlahy\"},{\"@type\":\"BreadcrumbList\",\"@id\":\"https:\/\/www.estilguru.com\/cs\/producto\/evolux-vinyl-sistema-de-ducha-para-suelos-vinilicos\/#breadcrumb\",\"itemListElement\":[{\"@type\":\"ListItem\",\"position\":1,\"name\":\"Home\",\"item\":\"https:\/\/www.estilguru.com\/cs\/\"},{\"@type\":\"ListItem\",\"position\":2,\"name\":\"Produkty\",\"item\":\"https:\/\/www.estilguru.com\/cs\/shop\/\"},{\"@type\":\"ListItem\",\"position\":3,\"name\":\"Evolux Vinyl : sprchov\u00fd syst\u00e9m pro vinylov\u00e9 podlahy\"}]},{\"@type\":\"WebSite\",\"@id\":\"https:\/\/www.estilguru.com\/cs\/#website\",\"url\":\"https:\/\/www.estilguru.com\/cs\/\",\"name\":\"Estil Guru\",\"description\":\"Sistemas de ducha e impermeabilizaci\u00f3n\",\"publisher\":{\"@id\":\"https:\/\/www.estilguru.com\/cs\/#organization\"},\"potentialAction\":[{\"@type\":\"SearchAction\",\"target\":{\"@type\":\"EntryPoint\",\"urlTemplate\":\"https:\/\/www.estilguru.com\/cs\/?s={search_term_string}\"},\"query-input\":{\"@type\":\"PropertyValueSpecification\",\"valueRequired\":true,\"valueName\":\"search_term_string\"}}],\"inLanguage\":\"cs\"},{\"@type\":\"Organization\",\"@id\":\"https:\/\/www.estilguru.com\/cs\/#organization\",\"name\":\"Estil Guru\",\"url\":\"https:\/\/www.estilguru.com\/cs\/\",\"logo\":{\"@type\":\"ImageObject\",\"inLanguage\":\"cs\",\"@id\":\"https:\/\/www.estilguru.com\/cs\/#\/schema\/logo\/image\/\",\"url\":\"https:\/\/www.estilguru.com\/wp-content\/uploads\/2022\/09\/LOGO-GURU-horizontal-centrado-01.png\",\"contentUrl\":\"https:\/\/www.estilguru.com\/wp-content\/uploads\/2022\/09\/LOGO-GURU-horizontal-centrado-01.png\",\"width\":2000,\"height\":663,\"caption\":\"Estil Guru\"},\"image\":{\"@id\":\"https:\/\/www.estilguru.com\/cs\/#\/schema\/logo\/image\/\"}}]}<\/script>\n<!-- \/ Yoast SEO plugin. -->","yoast_head_json":{"title":"Evolux Vinyl : sprchov\u00fd syst\u00e9m pro vinylov\u00e9 podlahy - Estil Guru","robots":{"index":"index","follow":"follow","max-snippet":"max-snippet:-1","max-image-preview":"max-image-preview:large","max-video-preview":"max-video-preview:-1"},"canonical":"https:\/\/www.estilguru.com\/cs\/producto\/evolux-vinyl-sistema-de-ducha-para-suelos-vinilicos\/","og_locale":"cs_CZ","og_type":"article","og_title":"Evolux Vinyl : sprchov\u00fd syst\u00e9m pro vinylov\u00e9 podlahy - Estil Guru","og_description":"Vinylov\u00fd sprchov\u00fd syst\u00e9m Evolux je ide\u00e1ln\u00edm \u0159e\u0161en\u00edm pro vinylov\u00e9 podlahy ve sprch\u00e1ch a mokr\u00fdch prostor\u00e1ch, kter\u00e9 zaru\u010duj\u00ed maxim\u00e1ln\u00ed vodot\u011bsnost a snadnou instalaci. Jeho inovativn\u00ed konstrukce s vodot\u011bsn\u00fdm up\u00ednac\u00edm syst\u00e9mem a tmelem MS je ide\u00e1ln\u00ed pro nemocnice, laborato\u0159e, \u0161atny a n\u00e1ro\u010dn\u00e1 prost\u0159ed\u00ed.","og_url":"https:\/\/www.estilguru.com\/cs\/producto\/evolux-vinyl-sistema-de-ducha-para-suelos-vinilicos\/","og_site_name":"Estil Guru","og_image":[{"width":2105,"height":1489,"url":"https:\/\/www.estilguru.com\/wp-content\/uploads\/2025\/03\/EVOLUX-VINYL-BUENO-1.jpg","type":"image\/jpeg"}],"twitter_card":"summary_large_image","twitter_misc":{"Odhadovan\u00e1 doba \u010dten\u00ed":"1 minuta"},"schema":{"@context":"https:\/\/schema.org","@graph":[{"@type":"WebPage","@id":"https:\/\/www.estilguru.com\/cs\/producto\/evolux-vinyl-sistema-de-ducha-para-suelos-vinilicos\/","url":"https:\/\/www.estilguru.com\/cs\/producto\/evolux-vinyl-sistema-de-ducha-para-suelos-vinilicos\/","name":"Evolux Vinyl : sprchov\u00fd syst\u00e9m pro vinylov\u00e9 podlahy - Estil Guru","isPartOf":{"@id":"https:\/\/www.estilguru.com\/cs\/#website"},"primaryImageOfPage":{"@id":"https:\/\/www.estilguru.com\/cs\/producto\/evolux-vinyl-sistema-de-ducha-para-suelos-vinilicos\/#primaryimage"},"image":{"@id":"https:\/\/www.estilguru.com\/cs\/producto\/evolux-vinyl-sistema-de-ducha-para-suelos-vinilicos\/#primaryimage"},"thumbnailUrl":"https:\/\/www.estilguru.com\/wp-content\/uploads\/2025\/03\/EVOLUX-VINYL-BUENO-1.jpg","datePublished":"2025-10-21T10:36:03+00:00","breadcrumb":{"@id":"https:\/\/www.estilguru.com\/cs\/producto\/evolux-vinyl-sistema-de-ducha-para-suelos-vinilicos\/#breadcrumb"},"inLanguage":"cs","potentialAction":[{"@type":"ReadAction","target":["https:\/\/www.estilguru.com\/cs\/producto\/evolux-vinyl-sistema-de-ducha-para-suelos-vinilicos\/"]}]},{"@type":"ImageObject","inLanguage":"cs","@id":"https:\/\/www.estilguru.com\/cs\/producto\/evolux-vinyl-sistema-de-ducha-para-suelos-vinilicos\/#primaryimage","url":"https:\/\/www.estilguru.com\/wp-content\/uploads\/2025\/03\/EVOLUX-VINYL-BUENO-1.jpg","contentUrl":"https:\/\/www.estilguru.com\/wp-content\/uploads\/2025\/03\/EVOLUX-VINYL-BUENO-1.jpg","width":2105,"height":1489,"caption":"sprchy pro vinylov\u00e9 podlahy"},{"@type":"BreadcrumbList","@id":"https:\/\/www.estilguru.com\/cs\/producto\/evolux-vinyl-sistema-de-ducha-para-suelos-vinilicos\/#breadcrumb","itemListElement":[{"@type":"ListItem","position":1,"name":"Home","item":"https:\/\/www.estilguru.com\/cs\/"},{"@type":"ListItem","position":2,"name":"Produkty","item":"https:\/\/www.estilguru.com\/cs\/shop\/"},{"@type":"ListItem","position":3,"name":"Evolux Vinyl : sprchov\u00fd syst\u00e9m pro vinylov\u00e9 podlahy"}]},{"@type":"WebSite","@id":"https:\/\/www.estilguru.com\/cs\/#website","url":"https:\/\/www.estilguru.com\/cs\/","name":"Estil Guru","description":"Sistemas de ducha e impermeabilizaci\u00f3n","publisher":{"@id":"https:\/\/www.estilguru.com\/cs\/#organization"},"potentialAction":[{"@type":"SearchAction","target":{"@type":"EntryPoint","urlTemplate":"https:\/\/www.estilguru.com\/cs\/?s={search_term_string}"},"query-input":{"@type":"PropertyValueSpecification","valueRequired":true,"valueName":"search_term_string"}}],"inLanguage":"cs"},{"@type":"Organization","@id":"https:\/\/www.estilguru.com\/cs\/#organization","name":"Estil Guru","url":"https:\/\/www.estilguru.com\/cs\/","logo":{"@type":"ImageObject","inLanguage":"cs","@id":"https:\/\/www.estilguru.com\/cs\/#\/schema\/logo\/image\/","url":"https:\/\/www.estilguru.com\/wp-content\/uploads\/2022\/09\/LOGO-GURU-horizontal-centrado-01.png","contentUrl":"https:\/\/www.estilguru.com\/wp-content\/uploads\/2022\/09\/LOGO-GURU-horizontal-centrado-01.png","width":2000,"height":663,"caption":"Estil Guru"},"image":{"@id":"https:\/\/www.estilguru.com\/cs\/#\/schema\/logo\/image\/"}}]}},"_links":{"self":[{"href":"https:\/\/www.estilguru.com\/cs\/wp-json\/wp\/v2\/product\/30953","targetHints":{"allow":["GET"]}}],"collection":[{"href":"https:\/\/www.estilguru.com\/cs\/wp-json\/wp\/v2\/product"}],"about":[{"href":"https:\/\/www.estilguru.com\/cs\/wp-json\/wp\/v2\/types\/product"}],"version-history":[{"count":0,"href":"https:\/\/www.estilguru.com\/cs\/wp-json\/wp\/v2\/product\/30953\/revisions"}],"wp:featuredmedia":[{"embeddable":true,"href":"https:\/\/www.estilguru.com\/cs\/wp-json\/wp\/v2\/media\/23854"}],"wp:attachment":[{"href":"https:\/\/www.estilguru.com\/cs\/wp-json\/wp\/v2\/media?parent=30953"}],"wp:term":[{"taxonomy":"product_brand","embeddable":true,"href":"https:\/\/www.estilguru.com\/cs\/wp-json\/wp\/v2\/product_brand?post=30953"},{"taxonomy":"product_cat","embeddable":true,"href":"https:\/\/www.estilguru.com\/cs\/wp-json\/wp\/v2\/product_cat?post=30953"},{"taxonomy":"product_tag","embeddable":true,"href":"https:\/\/www.estilguru.com\/cs\/wp-json\/wp\/v2\/product_tag?post=30953"}],"curies":[{"name":"wp","href":"https:\/\/api.w.org\/{rel}","templated":true}]}}