{"id":30947,"date":"2025-01-21T08:35:09","date_gmt":"2025-10-21T10:35:54","guid":{"rendered":"https:\/\/www.estilguru.com\/producto\/evolux-shelf-plus-triangle-niquel\/"},"modified":"2025-10-21T10:35:54","modified_gmt":"2025-10-21T10:35:54","slug":"evolux-shelf-plus-triangle-niquel","status":"publish","type":"product","link":"https:\/\/www.estilguru.com\/cs\/producto\/evolux-shelf-plus-triangle-niquel\/","title":{"rendered":"Evolux Shelf Plus Triangle Nickel"},"content":{"rendered":"<p>Troj\u00faheln\u00edkov\u00e1 sprchov\u00e1 poli\u010dka <strong>EVOLUX SHELF PLUS TRIANGLE NIQUEL<\/strong> je elegantn\u00ed a praktick\u00e1 volba pro snadn\u00e9 ulo\u017een\u00ed sprchov\u00e9ho gelu, \u0161amponu, &#8230; Tato poli\u010dka je vyrobena z vysoce kvalitn\u00ed nerezov\u00e9 oceli a je odoln\u00e1 proti vlhkosti a korozi, tak\u017ee je ide\u00e1ln\u00ed pro pou\u017eit\u00ed v jak\u00e9mkoli typu sprchy nebo vany.<\/p>\n<p>Jej\u00ed instalace nevy\u017eaduje lepidla, kter\u00e1 by se mohla \u010dasem po\u0161kodit, ani hmo\u017edinky, kter\u00e9 by mohly proj\u00edt hydroizolac\u00ed; instaluje se mezi sp\u00e1ry dla\u017edic, \u010d\u00edm\u017e se dos\u00e1hne nejvy\u0161\u0161\u00ed mo\u017en\u00e9 \u00fa\u010dinnosti. Tento model je schopen un\u00e9st zat\u00ed\u017een\u00ed 30 kg. <\/p>\n<p>D\u00edky sv\u00e9mu troj\u00faheln\u00edkov\u00e9mu designu a lehce sat\u00e9nov\u00e9mu proveden\u00ed z nerezov\u00e9 oceli tato poli\u010dka dokonale zapadne do ka\u017ed\u00e9ho modern\u00edho designu koupelny. Jej\u00ed troj\u00faheln\u00edkov\u00fd tvar nav\u00edc umo\u017e\u0148uje v\u011bt\u0161\u00ed \u00falo\u017enou kapacitu, tak\u017ee je vynikaj\u00edc\u00ed volbou pro ty, kte\u0159\u00ed cht\u011bj\u00ed efektivn\u011b a z\u00e1rove\u0148 kr\u00e1sn\u011b uspo\u0159\u00e1dat sv\u00e9 koupelnov\u00e9 produkty. <\/p>\n<p>Instalace t\u00e9to police je rychl\u00e1 a snadn\u00e1. Nav\u00edc je d\u00edky sv\u00e9mu minimalistick\u00e9mu a elegantn\u00edmu designu ide\u00e1ln\u00ed jak pro nov\u00e9 koupelny, tak pro rekonstrukce. <\/p>\n<p>Troj\u00faheln\u00edkov\u00e1 sprchov\u00e1 poli\u010dka z lehce matn\u00e9 nerezov\u00e9 oceli je odolnou a stylovou variantou \u00falo\u017en\u00e9ho prostoru v koupeln\u011b, kter\u00e1 nab\u00edz\u00ed velkou \u00falo\u017enou kapacitu a snadno se za\u010dlen\u00ed do ka\u017ed\u00e9ho modern\u00edho designu koupelny.<\/p>\n<ul>\n<li><strong>Ref:<\/strong> IZ10314<\/li>\n<\/ul>\n","protected":false},"excerpt":{"rendered":"<p>Troj\u00faheln\u00edkov\u00e1 sprchov\u00e1 poli\u010dka <strong>EVOLUX SHELF PLUS TRIANGLE NIQUEL<\/strong> z nerezov\u00e9 oceli je inovativn\u00ed a praktickou mo\u017enost\u00ed \u00falo\u017en\u00e9ho prostoru v koupeln\u011b. Tato police je vyrobena z vysoce kvalitn\u00ed nerezov\u00e9 oceli a je odoln\u00e1 v\u016f\u010di vlhkosti a korozi, d\u00edky \u010demu\u017e je ide\u00e1ln\u00ed pro pou\u017eit\u00ed v jak\u00e9mkoli typu sprchy nebo vany. <\/p>\n<ul>\n<li><strong>Ref:<\/strong> IZ10314<\/li>\n<\/ul>\n","protected":false},"featured_media":22138,"template":"","meta":{"site-sidebar-layout":"default","site-content-layout":"default","ast-main-header-display":"","ast-hfb-above-header-display":"","ast-hfb-below-header-display":"","ast-hfb-mobile-header-display":"","site-post-title":"","ast-breadcrumbs-content":"","ast-featured-img":"","footer-sml-layout":"","theme-transparent-header-meta":"default","adv-header-id-meta":"","stick-header-meta":"","header-above-stick-meta":"","header-main-stick-meta":"","header-below-stick-meta":""},"product_brand":[],"product_cat":[311,317,314,316],"product_tag":[],"class_list":{"0":"post-30947","1":"product","2":"type-product","3":"status-publish","4":"has-post-thumbnail","6":"product_cat-produkty","7":"product_cat-satenove-sprchove-policky","8":"product_cat-sprchove-police","9":"product_cat-trojuhelnikove-sprchove-police","11":"first","12":"instock","13":"shipping-taxable","14":"product-type-simple"},"yoast_head":"<!-- This site is optimized with the Yoast SEO plugin v27.1.1 - https:\/\/yoast.com\/product\/yoast-seo-wordpress\/ -->\n<title>Evolux Shelf Plus Triangle Nickel - Estil Guru<\/title>\n<meta name=\"robots\" content=\"index, follow, max-snippet:-1, max-image-preview:large, max-video-preview:-1\" \/>\n<link rel=\"canonical\" href=\"https:\/\/www.estilguru.com\/cs\/producto\/evolux-shelf-plus-triangle-niquel\/\" \/>\n<meta property=\"og:locale\" content=\"cs_CZ\" \/>\n<meta property=\"og:type\" content=\"article\" \/>\n<meta property=\"og:title\" content=\"Evolux Shelf Plus Triangle Nickel - Estil Guru\" \/>\n<meta property=\"og:description\" content=\"Troj\u00faheln\u00edkov\u00e1 sprchov\u00e1 poli\u010dka EVOLUX SHELF PLUS TRIANGLE NIQUEL z nerezov\u00e9 oceli je inovativn\u00ed a praktickou mo\u017enost\u00ed \u00falo\u017en\u00e9ho prostoru v koupeln\u011b. Tato police je vyrobena z vysoce kvalitn\u00ed nerezov\u00e9 oceli a je odoln\u00e1 v\u016f\u010di vlhkosti a korozi, d\u00edky \u010demu\u017e je ide\u00e1ln\u00ed pro pou\u017eit\u00ed v jak\u00e9mkoli typu sprchy nebo vany.   Ref: IZ10314\" \/>\n<meta property=\"og:url\" content=\"https:\/\/www.estilguru.com\/cs\/producto\/evolux-shelf-plus-triangle-niquel\/\" \/>\n<meta property=\"og:site_name\" content=\"Estil Guru\" \/>\n<meta property=\"og:image\" content=\"https:\/\/www.estilguru.com\/wp-content\/uploads\/2025\/01\/EVOLUX-SHELF-TRIANGULO-PLUS.png\" \/>\n\t<meta property=\"og:image:width\" content=\"2000\" \/>\n\t<meta property=\"og:image:height\" content=\"2000\" \/>\n\t<meta property=\"og:image:type\" content=\"image\/png\" \/>\n<meta name=\"twitter:card\" content=\"summary_large_image\" \/>\n<meta name=\"twitter:label1\" content=\"Odhadovan\u00e1 doba \u010dten\u00ed\" \/>\n\t<meta name=\"twitter:data1\" content=\"1 minuta\" \/>\n<script type=\"application\/ld+json\" class=\"yoast-schema-graph\">{\"@context\":\"https:\/\/schema.org\",\"@graph\":[{\"@type\":\"WebPage\",\"@id\":\"https:\/\/www.estilguru.com\/cs\/producto\/evolux-shelf-plus-triangle-niquel\/\",\"url\":\"https:\/\/www.estilguru.com\/cs\/producto\/evolux-shelf-plus-triangle-niquel\/\",\"name\":\"Evolux Shelf Plus Triangle Nickel - Estil Guru\",\"isPartOf\":{\"@id\":\"https:\/\/www.estilguru.com\/cs\/#website\"},\"primaryImageOfPage\":{\"@id\":\"https:\/\/www.estilguru.com\/cs\/producto\/evolux-shelf-plus-triangle-niquel\/#primaryimage\"},\"image\":{\"@id\":\"https:\/\/www.estilguru.com\/cs\/producto\/evolux-shelf-plus-triangle-niquel\/#primaryimage\"},\"thumbnailUrl\":\"https:\/\/www.estilguru.com\/wp-content\/uploads\/2025\/01\/EVOLUX-SHELF-TRIANGULO-PLUS.png\",\"datePublished\":\"2025-10-21T10:35:54+00:00\",\"breadcrumb\":{\"@id\":\"https:\/\/www.estilguru.com\/cs\/producto\/evolux-shelf-plus-triangle-niquel\/#breadcrumb\"},\"inLanguage\":\"cs\",\"potentialAction\":[{\"@type\":\"ReadAction\",\"target\":[\"https:\/\/www.estilguru.com\/cs\/producto\/evolux-shelf-plus-triangle-niquel\/\"]}]},{\"@type\":\"ImageObject\",\"inLanguage\":\"cs\",\"@id\":\"https:\/\/www.estilguru.com\/cs\/producto\/evolux-shelf-plus-triangle-niquel\/#primaryimage\",\"url\":\"https:\/\/www.estilguru.com\/wp-content\/uploads\/2025\/01\/EVOLUX-SHELF-TRIANGULO-PLUS.png\",\"contentUrl\":\"https:\/\/www.estilguru.com\/wp-content\/uploads\/2025\/01\/EVOLUX-SHELF-TRIANGULO-PLUS.png\",\"width\":2000,\"height\":2000},{\"@type\":\"BreadcrumbList\",\"@id\":\"https:\/\/www.estilguru.com\/cs\/producto\/evolux-shelf-plus-triangle-niquel\/#breadcrumb\",\"itemListElement\":[{\"@type\":\"ListItem\",\"position\":1,\"name\":\"Home\",\"item\":\"https:\/\/www.estilguru.com\/cs\/\"},{\"@type\":\"ListItem\",\"position\":2,\"name\":\"Produkty\",\"item\":\"https:\/\/www.estilguru.com\/cs\/shop\/\"},{\"@type\":\"ListItem\",\"position\":3,\"name\":\"Evolux Shelf Plus Triangle Nickel\"}]},{\"@type\":\"WebSite\",\"@id\":\"https:\/\/www.estilguru.com\/cs\/#website\",\"url\":\"https:\/\/www.estilguru.com\/cs\/\",\"name\":\"Estil Guru\",\"description\":\"Sistemas de ducha e impermeabilizaci\u00f3n\",\"publisher\":{\"@id\":\"https:\/\/www.estilguru.com\/cs\/#organization\"},\"potentialAction\":[{\"@type\":\"SearchAction\",\"target\":{\"@type\":\"EntryPoint\",\"urlTemplate\":\"https:\/\/www.estilguru.com\/cs\/?s={search_term_string}\"},\"query-input\":{\"@type\":\"PropertyValueSpecification\",\"valueRequired\":true,\"valueName\":\"search_term_string\"}}],\"inLanguage\":\"cs\"},{\"@type\":\"Organization\",\"@id\":\"https:\/\/www.estilguru.com\/cs\/#organization\",\"name\":\"Estil Guru\",\"url\":\"https:\/\/www.estilguru.com\/cs\/\",\"logo\":{\"@type\":\"ImageObject\",\"inLanguage\":\"cs\",\"@id\":\"https:\/\/www.estilguru.com\/cs\/#\/schema\/logo\/image\/\",\"url\":\"https:\/\/www.estilguru.com\/wp-content\/uploads\/2022\/09\/LOGO-GURU-horizontal-centrado-01.png\",\"contentUrl\":\"https:\/\/www.estilguru.com\/wp-content\/uploads\/2022\/09\/LOGO-GURU-horizontal-centrado-01.png\",\"width\":2000,\"height\":663,\"caption\":\"Estil Guru\"},\"image\":{\"@id\":\"https:\/\/www.estilguru.com\/cs\/#\/schema\/logo\/image\/\"}}]}<\/script>\n<!-- \/ Yoast SEO plugin. -->","yoast_head_json":{"title":"Evolux Shelf Plus Triangle Nickel - Estil Guru","robots":{"index":"index","follow":"follow","max-snippet":"max-snippet:-1","max-image-preview":"max-image-preview:large","max-video-preview":"max-video-preview:-1"},"canonical":"https:\/\/www.estilguru.com\/cs\/producto\/evolux-shelf-plus-triangle-niquel\/","og_locale":"cs_CZ","og_type":"article","og_title":"Evolux Shelf Plus Triangle Nickel - Estil Guru","og_description":"Troj\u00faheln\u00edkov\u00e1 sprchov\u00e1 poli\u010dka EVOLUX SHELF PLUS TRIANGLE NIQUEL z nerezov\u00e9 oceli je inovativn\u00ed a praktickou mo\u017enost\u00ed \u00falo\u017en\u00e9ho prostoru v koupeln\u011b. Tato police je vyrobena z vysoce kvalitn\u00ed nerezov\u00e9 oceli a je odoln\u00e1 v\u016f\u010di vlhkosti a korozi, d\u00edky \u010demu\u017e je ide\u00e1ln\u00ed pro pou\u017eit\u00ed v jak\u00e9mkoli typu sprchy nebo vany.   Ref: IZ10314","og_url":"https:\/\/www.estilguru.com\/cs\/producto\/evolux-shelf-plus-triangle-niquel\/","og_site_name":"Estil Guru","og_image":[{"width":2000,"height":2000,"url":"https:\/\/www.estilguru.com\/wp-content\/uploads\/2025\/01\/EVOLUX-SHELF-TRIANGULO-PLUS.png","type":"image\/png"}],"twitter_card":"summary_large_image","twitter_misc":{"Odhadovan\u00e1 doba \u010dten\u00ed":"1 minuta"},"schema":{"@context":"https:\/\/schema.org","@graph":[{"@type":"WebPage","@id":"https:\/\/www.estilguru.com\/cs\/producto\/evolux-shelf-plus-triangle-niquel\/","url":"https:\/\/www.estilguru.com\/cs\/producto\/evolux-shelf-plus-triangle-niquel\/","name":"Evolux Shelf Plus Triangle Nickel - Estil Guru","isPartOf":{"@id":"https:\/\/www.estilguru.com\/cs\/#website"},"primaryImageOfPage":{"@id":"https:\/\/www.estilguru.com\/cs\/producto\/evolux-shelf-plus-triangle-niquel\/#primaryimage"},"image":{"@id":"https:\/\/www.estilguru.com\/cs\/producto\/evolux-shelf-plus-triangle-niquel\/#primaryimage"},"thumbnailUrl":"https:\/\/www.estilguru.com\/wp-content\/uploads\/2025\/01\/EVOLUX-SHELF-TRIANGULO-PLUS.png","datePublished":"2025-10-21T10:35:54+00:00","breadcrumb":{"@id":"https:\/\/www.estilguru.com\/cs\/producto\/evolux-shelf-plus-triangle-niquel\/#breadcrumb"},"inLanguage":"cs","potentialAction":[{"@type":"ReadAction","target":["https:\/\/www.estilguru.com\/cs\/producto\/evolux-shelf-plus-triangle-niquel\/"]}]},{"@type":"ImageObject","inLanguage":"cs","@id":"https:\/\/www.estilguru.com\/cs\/producto\/evolux-shelf-plus-triangle-niquel\/#primaryimage","url":"https:\/\/www.estilguru.com\/wp-content\/uploads\/2025\/01\/EVOLUX-SHELF-TRIANGULO-PLUS.png","contentUrl":"https:\/\/www.estilguru.com\/wp-content\/uploads\/2025\/01\/EVOLUX-SHELF-TRIANGULO-PLUS.png","width":2000,"height":2000},{"@type":"BreadcrumbList","@id":"https:\/\/www.estilguru.com\/cs\/producto\/evolux-shelf-plus-triangle-niquel\/#breadcrumb","itemListElement":[{"@type":"ListItem","position":1,"name":"Home","item":"https:\/\/www.estilguru.com\/cs\/"},{"@type":"ListItem","position":2,"name":"Produkty","item":"https:\/\/www.estilguru.com\/cs\/shop\/"},{"@type":"ListItem","position":3,"name":"Evolux Shelf Plus Triangle Nickel"}]},{"@type":"WebSite","@id":"https:\/\/www.estilguru.com\/cs\/#website","url":"https:\/\/www.estilguru.com\/cs\/","name":"Estil Guru","description":"Sistemas de ducha e impermeabilizaci\u00f3n","publisher":{"@id":"https:\/\/www.estilguru.com\/cs\/#organization"},"potentialAction":[{"@type":"SearchAction","target":{"@type":"EntryPoint","urlTemplate":"https:\/\/www.estilguru.com\/cs\/?s={search_term_string}"},"query-input":{"@type":"PropertyValueSpecification","valueRequired":true,"valueName":"search_term_string"}}],"inLanguage":"cs"},{"@type":"Organization","@id":"https:\/\/www.estilguru.com\/cs\/#organization","name":"Estil Guru","url":"https:\/\/www.estilguru.com\/cs\/","logo":{"@type":"ImageObject","inLanguage":"cs","@id":"https:\/\/www.estilguru.com\/cs\/#\/schema\/logo\/image\/","url":"https:\/\/www.estilguru.com\/wp-content\/uploads\/2022\/09\/LOGO-GURU-horizontal-centrado-01.png","contentUrl":"https:\/\/www.estilguru.com\/wp-content\/uploads\/2022\/09\/LOGO-GURU-horizontal-centrado-01.png","width":2000,"height":663,"caption":"Estil Guru"},"image":{"@id":"https:\/\/www.estilguru.com\/cs\/#\/schema\/logo\/image\/"}}]}},"_links":{"self":[{"href":"https:\/\/www.estilguru.com\/cs\/wp-json\/wp\/v2\/product\/30947","targetHints":{"allow":["GET"]}}],"collection":[{"href":"https:\/\/www.estilguru.com\/cs\/wp-json\/wp\/v2\/product"}],"about":[{"href":"https:\/\/www.estilguru.com\/cs\/wp-json\/wp\/v2\/types\/product"}],"version-history":[{"count":0,"href":"https:\/\/www.estilguru.com\/cs\/wp-json\/wp\/v2\/product\/30947\/revisions"}],"wp:featuredmedia":[{"embeddable":true,"href":"https:\/\/www.estilguru.com\/cs\/wp-json\/wp\/v2\/media\/22138"}],"wp:attachment":[{"href":"https:\/\/www.estilguru.com\/cs\/wp-json\/wp\/v2\/media?parent=30947"}],"wp:term":[{"taxonomy":"product_brand","embeddable":true,"href":"https:\/\/www.estilguru.com\/cs\/wp-json\/wp\/v2\/product_brand?post=30947"},{"taxonomy":"product_cat","embeddable":true,"href":"https:\/\/www.estilguru.com\/cs\/wp-json\/wp\/v2\/product_cat?post=30947"},{"taxonomy":"product_tag","embeddable":true,"href":"https:\/\/www.estilguru.com\/cs\/wp-json\/wp\/v2\/product_tag?post=30947"}],"curies":[{"name":"wp","href":"https:\/\/api.w.org\/{rel}","templated":true}]}}