{"id":30946,"date":"2025-03-04T08:31:01","date_gmt":"2025-10-21T10:35:54","guid":{"rendered":"https:\/\/www.estilguru.com\/producto\/w-s-niche\/"},"modified":"2025-10-21T10:35:54","modified_gmt":"2025-10-21T10:35:54","slug":"w-s-niche","status":"publish","type":"product","link":"https:\/\/www.estilguru.com\/cs\/producto\/w-s-niche\/","title":{"rendered":"W-S Niche &#8211; Prefabrikovan\u00fd sprchov\u00fd kout"},"content":{"rendered":"<p>W-S NICHE je sprchov\u00e1 nika navr\u017een\u00e1 jako praktick\u00e9 a trvanliv\u00e9 \u0159e\u0161en\u00ed do ka\u017ed\u00e9ho sprchov\u00e9ho koutu. Je vyrobena z pevn\u00e9ho p\u011bnov\u00e9ho j\u00e1dra XPS a z obou stran pota\u017eena technologi\u00ed WATER-STOP, kter\u00e1 zaru\u010duje \u00faplnou vodot\u011bsnost. <\/p>\n<p>Jej\u00ed 1,5% p\u0159edsklon\u011bn\u00e1 z\u00e1kladna zaji\u0161\u0165uje \u00fa\u010dinn\u00e9 odv\u00e1d\u011bn\u00ed vody a jej\u00ed vnit\u0159n\u00ed rozm\u011bry odpov\u00eddaj\u00ed standardn\u00edm rozm\u011br\u016fm keramick\u00fdch obklad\u016f, tak\u017ee nen\u00ed nutn\u00e9 pou\u017e\u00edvat nevzhledn\u00e9 v\u00fd\u0159ezy. Krom\u011b toho obsahuje vnit\u0159n\u00ed polici s nastavitelnou mont\u00e1\u017en\u00ed v\u00fd\u0161kou 25 mm, kter\u00e1 maximalizuje vyu\u017eiteln\u00fd prostor. <\/p>\n<p>&nbsp;<\/p>\n<h2><strong>TECHNICK\u00c9 VLASTNOSTI SPRCHOV\u00c9HO KOUTU<\/strong><\/h2>\n<ul>\n<li>Pevn\u00e9 p\u011bnov\u00e9 j\u00e1dro XPS<\/li>\n<li>Prefabrikovan\u00e9 a vodot\u011bsn\u00e9<\/li>\n<li>Pln\u011b potahovateln\u00e9<\/li>\n<li>Horizont\u00e1ln\u00ed nebo vertik\u00e1ln\u00ed poloha<\/li>\n<li>Polohovateln\u00e1 police<\/li>\n<\/ul>\n<h2><strong>TECHNICK\u00c9 \u00daDAJE PREFABRIKOVAN\u00c9HO SPRCHOV\u00c9HO KOUTU<\/strong><\/h2>\n<ul>\n<li>Vnit\u0159n\u00ed rozm\u011bry: 30 x 71 x 9 cm<\/li>\n<li>Vnit\u0159n\u00ed police 25 mm<\/li>\n<li>P\u0159edklon\u011bn\u00e1 z\u00e1kladna: 1,5 %.<\/li>\n<li>Vodot\u011bsn\u00e1 konstrukce lepen\u00e1 polyuretanem<\/li>\n<\/ul>\n","protected":false},"excerpt":{"rendered":"<p>W-S NICHE je sprchov\u00e1 nika navr\u017een\u00e1 jako praktick\u00e9 a trvanliv\u00e9 \u0159e\u0161en\u00ed do ka\u017ed\u00e9ho sprchov\u00e9ho koutu. Je vyrobena z pevn\u00e9ho p\u011bnov\u00e9ho j\u00e1dra XPS a z obou stran pota\u017eena technologi\u00ed WATER-STOP, kter\u00e1 zaru\u010duje \u00faplnou vodot\u011bsnost. <\/p>\n","protected":false},"featured_media":22844,"template":"","meta":{"site-sidebar-layout":"default","site-content-layout":"default","ast-main-header-display":"","ast-hfb-above-header-display":"","ast-hfb-below-header-display":"","ast-hfb-mobile-header-display":"","site-post-title":"","ast-breadcrumbs-content":"","ast-featured-img":"","footer-sml-layout":"","theme-transparent-header-meta":"default","adv-header-id-meta":"","stick-header-meta":"","header-above-stick-meta":"","header-main-stick-meta":"","header-below-stick-meta":""},"product_brand":[],"product_cat":[313,311],"product_tag":[],"class_list":{"0":"post-30946","1":"product","2":"type-product","3":"status-publish","4":"has-post-thumbnail","6":"product_cat-prace-nasucho","7":"product_cat-produkty","9":"first","10":"instock","11":"shipping-taxable","12":"product-type-simple"},"yoast_head":"<!-- This site is optimized with the Yoast SEO plugin v27.1.1 - https:\/\/yoast.com\/product\/yoast-seo-wordpress\/ -->\n<title>W-S Niche - Prefabrikovan\u00fd sprchov\u00fd kout - Estil Guru<\/title>\n<meta name=\"robots\" content=\"index, follow, max-snippet:-1, max-image-preview:large, max-video-preview:-1\" \/>\n<link rel=\"canonical\" href=\"https:\/\/www.estilguru.com\/cs\/producto\/w-s-niche\/\" \/>\n<meta property=\"og:locale\" content=\"cs_CZ\" \/>\n<meta property=\"og:type\" content=\"article\" \/>\n<meta property=\"og:title\" content=\"W-S Niche - Prefabrikovan\u00fd sprchov\u00fd kout - Estil Guru\" \/>\n<meta property=\"og:description\" content=\"W-S NICHE je sprchov\u00e1 nika navr\u017een\u00e1 jako praktick\u00e9 a trvanliv\u00e9 \u0159e\u0161en\u00ed do ka\u017ed\u00e9ho sprchov\u00e9ho koutu. Je vyrobena z pevn\u00e9ho p\u011bnov\u00e9ho j\u00e1dra XPS a z obou stran pota\u017eena technologi\u00ed WATER-STOP, kter\u00e1 zaru\u010duje \u00faplnou vodot\u011bsnost.\" \/>\n<meta property=\"og:url\" content=\"https:\/\/www.estilguru.com\/cs\/producto\/w-s-niche\/\" \/>\n<meta property=\"og:site_name\" content=\"Estil Guru\" \/>\n<meta property=\"og:image\" content=\"https:\/\/www.estilguru.com\/wp-content\/uploads\/2025\/03\/w-s-niche-render-01.105.jpg\" \/>\n\t<meta property=\"og:image:width\" content=\"2400\" \/>\n\t<meta property=\"og:image:height\" content=\"1699\" \/>\n\t<meta property=\"og:image:type\" content=\"image\/jpeg\" \/>\n<meta name=\"twitter:card\" content=\"summary_large_image\" \/>\n<meta name=\"twitter:label1\" content=\"Odhadovan\u00e1 doba \u010dten\u00ed\" \/>\n\t<meta name=\"twitter:data1\" content=\"1 minuta\" \/>\n<script type=\"application\/ld+json\" class=\"yoast-schema-graph\">{\"@context\":\"https:\/\/schema.org\",\"@graph\":[{\"@type\":\"WebPage\",\"@id\":\"https:\/\/www.estilguru.com\/cs\/producto\/w-s-niche\/\",\"url\":\"https:\/\/www.estilguru.com\/cs\/producto\/w-s-niche\/\",\"name\":\"W-S Niche - Prefabrikovan\u00fd sprchov\u00fd kout - Estil Guru\",\"isPartOf\":{\"@id\":\"https:\/\/www.estilguru.com\/cs\/#website\"},\"primaryImageOfPage\":{\"@id\":\"https:\/\/www.estilguru.com\/cs\/producto\/w-s-niche\/#primaryimage\"},\"image\":{\"@id\":\"https:\/\/www.estilguru.com\/cs\/producto\/w-s-niche\/#primaryimage\"},\"thumbnailUrl\":\"https:\/\/www.estilguru.com\/wp-content\/uploads\/2025\/03\/w-s-niche-render-01.105.jpg\",\"datePublished\":\"2025-10-21T10:35:54+00:00\",\"breadcrumb\":{\"@id\":\"https:\/\/www.estilguru.com\/cs\/producto\/w-s-niche\/#breadcrumb\"},\"inLanguage\":\"cs\",\"potentialAction\":[{\"@type\":\"ReadAction\",\"target\":[\"https:\/\/www.estilguru.com\/cs\/producto\/w-s-niche\/\"]}]},{\"@type\":\"ImageObject\",\"inLanguage\":\"cs\",\"@id\":\"https:\/\/www.estilguru.com\/cs\/producto\/w-s-niche\/#primaryimage\",\"url\":\"https:\/\/www.estilguru.com\/wp-content\/uploads\/2025\/03\/w-s-niche-render-01.105.jpg\",\"contentUrl\":\"https:\/\/www.estilguru.com\/wp-content\/uploads\/2025\/03\/w-s-niche-render-01.105.jpg\",\"width\":2400,\"height\":1699},{\"@type\":\"BreadcrumbList\",\"@id\":\"https:\/\/www.estilguru.com\/cs\/producto\/w-s-niche\/#breadcrumb\",\"itemListElement\":[{\"@type\":\"ListItem\",\"position\":1,\"name\":\"Home\",\"item\":\"https:\/\/www.estilguru.com\/cs\/\"},{\"@type\":\"ListItem\",\"position\":2,\"name\":\"Produkty\",\"item\":\"https:\/\/www.estilguru.com\/cs\/shop\/\"},{\"@type\":\"ListItem\",\"position\":3,\"name\":\"W-S Niche &#8211; Prefabrikovan\u00fd sprchov\u00fd kout\"}]},{\"@type\":\"WebSite\",\"@id\":\"https:\/\/www.estilguru.com\/cs\/#website\",\"url\":\"https:\/\/www.estilguru.com\/cs\/\",\"name\":\"Estil Guru\",\"description\":\"Sistemas de ducha e impermeabilizaci\u00f3n\",\"publisher\":{\"@id\":\"https:\/\/www.estilguru.com\/cs\/#organization\"},\"potentialAction\":[{\"@type\":\"SearchAction\",\"target\":{\"@type\":\"EntryPoint\",\"urlTemplate\":\"https:\/\/www.estilguru.com\/cs\/?s={search_term_string}\"},\"query-input\":{\"@type\":\"PropertyValueSpecification\",\"valueRequired\":true,\"valueName\":\"search_term_string\"}}],\"inLanguage\":\"cs\"},{\"@type\":\"Organization\",\"@id\":\"https:\/\/www.estilguru.com\/cs\/#organization\",\"name\":\"Estil Guru\",\"url\":\"https:\/\/www.estilguru.com\/cs\/\",\"logo\":{\"@type\":\"ImageObject\",\"inLanguage\":\"cs\",\"@id\":\"https:\/\/www.estilguru.com\/cs\/#\/schema\/logo\/image\/\",\"url\":\"https:\/\/www.estilguru.com\/wp-content\/uploads\/2022\/09\/LOGO-GURU-horizontal-centrado-01.png\",\"contentUrl\":\"https:\/\/www.estilguru.com\/wp-content\/uploads\/2022\/09\/LOGO-GURU-horizontal-centrado-01.png\",\"width\":2000,\"height\":663,\"caption\":\"Estil Guru\"},\"image\":{\"@id\":\"https:\/\/www.estilguru.com\/cs\/#\/schema\/logo\/image\/\"}}]}<\/script>\n<!-- \/ Yoast SEO plugin. -->","yoast_head_json":{"title":"W-S Niche - Prefabrikovan\u00fd sprchov\u00fd kout - Estil Guru","robots":{"index":"index","follow":"follow","max-snippet":"max-snippet:-1","max-image-preview":"max-image-preview:large","max-video-preview":"max-video-preview:-1"},"canonical":"https:\/\/www.estilguru.com\/cs\/producto\/w-s-niche\/","og_locale":"cs_CZ","og_type":"article","og_title":"W-S Niche - Prefabrikovan\u00fd sprchov\u00fd kout - Estil Guru","og_description":"W-S NICHE je sprchov\u00e1 nika navr\u017een\u00e1 jako praktick\u00e9 a trvanliv\u00e9 \u0159e\u0161en\u00ed do ka\u017ed\u00e9ho sprchov\u00e9ho koutu. Je vyrobena z pevn\u00e9ho p\u011bnov\u00e9ho j\u00e1dra XPS a z obou stran pota\u017eena technologi\u00ed WATER-STOP, kter\u00e1 zaru\u010duje \u00faplnou vodot\u011bsnost.","og_url":"https:\/\/www.estilguru.com\/cs\/producto\/w-s-niche\/","og_site_name":"Estil Guru","og_image":[{"width":2400,"height":1699,"url":"https:\/\/www.estilguru.com\/wp-content\/uploads\/2025\/03\/w-s-niche-render-01.105.jpg","type":"image\/jpeg"}],"twitter_card":"summary_large_image","twitter_misc":{"Odhadovan\u00e1 doba \u010dten\u00ed":"1 minuta"},"schema":{"@context":"https:\/\/schema.org","@graph":[{"@type":"WebPage","@id":"https:\/\/www.estilguru.com\/cs\/producto\/w-s-niche\/","url":"https:\/\/www.estilguru.com\/cs\/producto\/w-s-niche\/","name":"W-S Niche - Prefabrikovan\u00fd sprchov\u00fd kout - Estil Guru","isPartOf":{"@id":"https:\/\/www.estilguru.com\/cs\/#website"},"primaryImageOfPage":{"@id":"https:\/\/www.estilguru.com\/cs\/producto\/w-s-niche\/#primaryimage"},"image":{"@id":"https:\/\/www.estilguru.com\/cs\/producto\/w-s-niche\/#primaryimage"},"thumbnailUrl":"https:\/\/www.estilguru.com\/wp-content\/uploads\/2025\/03\/w-s-niche-render-01.105.jpg","datePublished":"2025-10-21T10:35:54+00:00","breadcrumb":{"@id":"https:\/\/www.estilguru.com\/cs\/producto\/w-s-niche\/#breadcrumb"},"inLanguage":"cs","potentialAction":[{"@type":"ReadAction","target":["https:\/\/www.estilguru.com\/cs\/producto\/w-s-niche\/"]}]},{"@type":"ImageObject","inLanguage":"cs","@id":"https:\/\/www.estilguru.com\/cs\/producto\/w-s-niche\/#primaryimage","url":"https:\/\/www.estilguru.com\/wp-content\/uploads\/2025\/03\/w-s-niche-render-01.105.jpg","contentUrl":"https:\/\/www.estilguru.com\/wp-content\/uploads\/2025\/03\/w-s-niche-render-01.105.jpg","width":2400,"height":1699},{"@type":"BreadcrumbList","@id":"https:\/\/www.estilguru.com\/cs\/producto\/w-s-niche\/#breadcrumb","itemListElement":[{"@type":"ListItem","position":1,"name":"Home","item":"https:\/\/www.estilguru.com\/cs\/"},{"@type":"ListItem","position":2,"name":"Produkty","item":"https:\/\/www.estilguru.com\/cs\/shop\/"},{"@type":"ListItem","position":3,"name":"W-S Niche &#8211; Prefabrikovan\u00fd sprchov\u00fd kout"}]},{"@type":"WebSite","@id":"https:\/\/www.estilguru.com\/cs\/#website","url":"https:\/\/www.estilguru.com\/cs\/","name":"Estil Guru","description":"Sistemas de ducha e impermeabilizaci\u00f3n","publisher":{"@id":"https:\/\/www.estilguru.com\/cs\/#organization"},"potentialAction":[{"@type":"SearchAction","target":{"@type":"EntryPoint","urlTemplate":"https:\/\/www.estilguru.com\/cs\/?s={search_term_string}"},"query-input":{"@type":"PropertyValueSpecification","valueRequired":true,"valueName":"search_term_string"}}],"inLanguage":"cs"},{"@type":"Organization","@id":"https:\/\/www.estilguru.com\/cs\/#organization","name":"Estil Guru","url":"https:\/\/www.estilguru.com\/cs\/","logo":{"@type":"ImageObject","inLanguage":"cs","@id":"https:\/\/www.estilguru.com\/cs\/#\/schema\/logo\/image\/","url":"https:\/\/www.estilguru.com\/wp-content\/uploads\/2022\/09\/LOGO-GURU-horizontal-centrado-01.png","contentUrl":"https:\/\/www.estilguru.com\/wp-content\/uploads\/2022\/09\/LOGO-GURU-horizontal-centrado-01.png","width":2000,"height":663,"caption":"Estil Guru"},"image":{"@id":"https:\/\/www.estilguru.com\/cs\/#\/schema\/logo\/image\/"}}]}},"_links":{"self":[{"href":"https:\/\/www.estilguru.com\/cs\/wp-json\/wp\/v2\/product\/30946","targetHints":{"allow":["GET"]}}],"collection":[{"href":"https:\/\/www.estilguru.com\/cs\/wp-json\/wp\/v2\/product"}],"about":[{"href":"https:\/\/www.estilguru.com\/cs\/wp-json\/wp\/v2\/types\/product"}],"version-history":[{"count":0,"href":"https:\/\/www.estilguru.com\/cs\/wp-json\/wp\/v2\/product\/30946\/revisions"}],"wp:featuredmedia":[{"embeddable":true,"href":"https:\/\/www.estilguru.com\/cs\/wp-json\/wp\/v2\/media\/22844"}],"wp:attachment":[{"href":"https:\/\/www.estilguru.com\/cs\/wp-json\/wp\/v2\/media?parent=30946"}],"wp:term":[{"taxonomy":"product_brand","embeddable":true,"href":"https:\/\/www.estilguru.com\/cs\/wp-json\/wp\/v2\/product_brand?post=30946"},{"taxonomy":"product_cat","embeddable":true,"href":"https:\/\/www.estilguru.com\/cs\/wp-json\/wp\/v2\/product_cat?post=30946"},{"taxonomy":"product_tag","embeddable":true,"href":"https:\/\/www.estilguru.com\/cs\/wp-json\/wp\/v2\/product_tag?post=30946"}],"curies":[{"name":"wp","href":"https:\/\/api.w.org\/{rel}","templated":true}]}}